{"id":4123,"date":"2022-06-14T08:31:45","date_gmt":"2022-06-14T07:31:46","guid":{"rendered":"https:\/\/decoplanta.com\/?post_type=product&#038;p=4123"},"modified":"2023-06-26T10:02:14","modified_gmt":"2023-06-26T09:02:14","slug":"pot-decoalta-90cm","status":"publish","type":"product","link":"https:\/\/decoplanta.com\/fr\/pots\/pot-decoalta-90cm\/","title":{"rendered":"Pot DECOALTA 90cm"},"content":{"rendered":"<p>Pot haute ronde DECOALTA, en forme de c\u00f4ne. Fabriqu\u00e9 en r\u00e9sine haute r\u00e9sistance, l\u00e9ger et lavable, id\u00e9al pour les plantes et arbres artificiels. Son design neutre et \u00e9l\u00e9gant ne fait pas oublier la beaut\u00e9 des troncs et des tiges des plantes que sa hauteur permettra de mettre en valeur. Il est toujours disponible en deux couleurs : Noir et Blanc. Pot de fleurs rond. Valable pour int\u00e9rieur ou ext\u00e9rieur. Pot haute ronde DECOALTA. Il est disponible en deux tailles assorties, ce qui en fait un ensemble tr\u00e8s \u00e9l\u00e9gant.<\/p>\n<h3>Pot haute ronde Mod\u00e8le DECOALTA 90 CM<\/h3>\n<p>Cette pot en <span class=\"s1\"><a href=\"https:\/\/preguntas.habitissimo.es\/pregunta\/revestimiento-de-resina-epoxy\">resine <\/a><\/span>est con\u00e7ue pr\u00e9cis\u00e9ment pour r\u00e9sister aux intemp\u00e9ries. Il r\u00e9siste aux changements extr\u00eames de temp\u00e9rature. De plus, il r\u00e9siste tr\u00e8s bien aux rayons solaires. Par cons\u00e9quent, ils ne perdent jamais leur couleur d&rsquo;origine, restant toujours neufs, comme au premier jour.<br \/>\nD\u00e9couvrez toutes les <a href=\"https:\/\/decoplanta.com\/fr\/pots\/\">pots<\/a> disponibles en r\u00e9sine tr\u00e8s r\u00e9sistante. Autres jardini\u00e8res <a href=\"https:\/\/decoplanta.com\/fr\/pots\/pot-maxideco\/\">rectangulaires<\/a> ou <a href=\"https:\/\/decoplanta.com\/fr\/pots\/pot-deco\/\">carr\u00e9es<\/a> \u00e9galement disponibles. Parmi les jardini\u00e8res rectangulaires, le Wall Planter se distingue, qui est grand, largement utilis\u00e9 comme s\u00e9paration des environnements dans l&rsquo;industrie h\u00f4teli\u00e8re.<br \/>\nBien que nous ayons \u00e9galement de grandes pots rondes disponibles telles que le <a href=\"https:\/\/decoplanta.com\/fr\/pots\/pot-decoalta-90cm\/\">Pot Decoalta de 90 cm<\/a> de haut et le <a href=\"https:\/\/decoplanta.com\/fr\/pots\/pot-grand-rond-decoalta\/\">Pot Decoalta de 70 cm<\/a>.<br \/>\nEnfin, il existe \u00e9galement des pots basses et rondes en r\u00e9sine disponibles en trois tailles, comme la <a href=\"https:\/\/decoplanta.com\/fr\/pots\/grande-pot-ronde-basse-decoluxe-xl\/\">Decoluxe XL<\/a>, la <a href=\"https:\/\/decoplanta.com\/fr\/pots\/pot-ronde-basse-decoluxe-l\/\">Decoluxe L<\/a> et la <a href=\"https:\/\/decoplanta.com\/fr\/pots\/pot-decoluxe-m\/\">Decoluxe M<\/a>.<\/p>\n","protected":false},"excerpt":{"rendered":"<p>Pot haute ronde DECOALTA, en forme de c\u00f4ne. Fabriqu\u00e9 en r\u00e9sine haute r\u00e9sistance, l\u00e9ger et lavable. Son design neutre et \u00e9l\u00e9gant ne fait pas oublier la beaut\u00e9 des troncs et des tiges des plantes que sa hauteur permettra de mettre en valeur. Il est disponible en deux tailles assorties, ce qui en fait un ensemble tr\u00e8s \u00e9l\u00e9gant. Valable pour int\u00e9rieur ou ext\u00e9rieur. Couleurs disponibles : Noir et Blanc.<\/p>\n<p><img fetchpriority=\"high\" decoding=\"async\" class=\"alignnone wp-image-5753 size-thumbnail\" role=\"img\" src=\"https:\/\/decoplanta.com\/wp-content\/uploads\/2023\/06\/ESQUEMA_DECOALTA-90.svg\" alt=\"Pot haute ronde DECOALTA\" width=\"277\" height=\"277\" srcset=\"https:\/\/decoplanta.com\/wp-content\/uploads\/2023\/06\/ESQUEMA_DECOALTA-90.svg 500w, https:\/\/decoplanta.com\/wp-content\/uploads\/2023\/06\/ESQUEMA_DECOALTA-90.svg 768w, https:\/\/decoplanta.com\/wp-content\/uploads\/2023\/06\/ESQUEMA_DECOALTA-90.svg 1920w, https:\/\/decoplanta.com\/wp-content\/uploads\/2023\/06\/ESQUEMA_DECOALTA-90.svg 1536w, https:\/\/decoplanta.com\/wp-content\/uploads\/2023\/06\/ESQUEMA_DECOALTA-90.svg 2048w, https:\/\/decoplanta.com\/wp-content\/uploads\/2023\/06\/ESQUEMA_DECOALTA-90.svg 100w\" sizes=\"(max-width: 277px) 100vw, 277px\" \/><\/p>\n<table>\n<tbody>\n<tr>\n<td><strong>R\u00c9F<\/strong><\/td>\n<td><strong>HAUTEUR<\/strong><\/td>\n<td><strong>\u00d8<\/strong><\/td>\n<\/tr>\n<tr>\n<td>JDNBM090BXNW<\/td>\n<td>90 cm<\/td>\n<td>40 cm<\/td>\n<\/tr>\n<\/tbody>\n<\/table>\n","protected":false},"featured_media":3773,"template":"","meta":{"_monsterinsights_skip_tracking":false,"_monsterinsights_sitenote_active":false,"_monsterinsights_sitenote_note":"","_monsterinsights_sitenote_category":0},"product_brand":[],"product_cat":[253],"product_tag":[274,275],"class_list":{"0":"post-4123","1":"product","2":"type-product","3":"status-publish","4":"has-post-thumbnail","6":"product_cat-pots","7":"product_tag-grand-pot","8":"product_tag-pot-dexterieur","9":"","10":"woocommerce-text-align-center","11":"woocommerce-image-align-center","12":"do-quantity-buttons","13":"wc-has-gallery","15":"first","16":"instock","17":"taxable","18":"shipping-taxable","19":"purchasable","20":"product-type-simple"},"yoast_head":"<!-- This site is optimized with the Yoast SEO plugin v27.3 - https:\/\/yoast.com\/product\/yoast-seo-wordpress\/ -->\n<title>Pot haute ronde DECOALTA en r\u00e9sine haute r\u00e9sistance - 90 cm<\/title>\n<meta name=\"description\" content=\"Pot haute ronde DECOALTA pour ext\u00e9rieur ou int\u00e9rieur. Il est disponible en deux tailles qui peuvent \u00eatre \u00e9l\u00e9gamment combin\u00e9es. Noir et blanc\" \/>\n<meta name=\"robots\" content=\"index, follow, max-snippet:-1, max-image-preview:large, max-video-preview:-1\" \/>\n<link rel=\"canonical\" href=\"https:\/\/decoplanta.com\/fr\/pots\/pot-decoalta-90cm\/\" \/>\n<meta property=\"og:locale\" content=\"fr_FR\" \/>\n<meta property=\"og:type\" content=\"article\" \/>\n<meta property=\"og:title\" content=\"Pot haute ronde DECOALTA en r\u00e9sine haute r\u00e9sistance - 90 cm\" \/>\n<meta property=\"og:description\" content=\"Pot haute ronde DECOALTA pour ext\u00e9rieur ou int\u00e9rieur. Il est disponible en deux tailles qui peuvent \u00eatre \u00e9l\u00e9gamment combin\u00e9es. Noir et blanc\" \/>\n<meta property=\"og:url\" content=\"https:\/\/decoplanta.com\/fr\/pots\/pot-decoalta-90cm\/\" \/>\n<meta property=\"og:site_name\" content=\"PLANTES ET ARBRES ARTIFICIELS TR\u00c8S R\u00c9ALISTES\" \/>\n<meta property=\"article:modified_time\" content=\"2023-06-26T09:02:14+00:00\" \/>\n<meta property=\"og:image\" content=\"https:\/\/decoplanta.com\/wp-content\/uploads\/2022\/02\/JDNBM090BXNW-jardineras-DECOALTA-90cm.jpg\" \/>\n\t<meta property=\"og:image:width\" content=\"1000\" \/>\n\t<meta property=\"og:image:height\" content=\"1000\" \/>\n\t<meta property=\"og:image:type\" content=\"image\/jpeg\" \/>\n<meta name=\"twitter:card\" content=\"summary_large_image\" \/>\n<meta name=\"twitter:label1\" content=\"Dur\u00e9e de lecture estim\u00e9e\" \/>\n\t<meta name=\"twitter:data1\" content=\"2 minutes\" \/>\n<script type=\"application\/ld+json\" class=\"yoast-schema-graph\">{\"@context\":\"https:\\\/\\\/schema.org\",\"@graph\":[{\"@type\":\"WebPage\",\"@id\":\"https:\\\/\\\/decoplanta.com\\\/fr\\\/pots\\\/pot-decoalta-90cm\\\/\",\"url\":\"https:\\\/\\\/decoplanta.com\\\/fr\\\/pots\\\/pot-decoalta-90cm\\\/\",\"name\":\"Pot haute ronde DECOALTA en r\u00e9sine haute r\u00e9sistance - 90 cm\",\"isPartOf\":{\"@id\":\"https:\\\/\\\/decoplanta.com\\\/fr\\\/#website\"},\"primaryImageOfPage\":{\"@id\":\"https:\\\/\\\/decoplanta.com\\\/fr\\\/pots\\\/pot-decoalta-90cm\\\/#primaryimage\"},\"image\":{\"@id\":\"https:\\\/\\\/decoplanta.com\\\/fr\\\/pots\\\/pot-decoalta-90cm\\\/#primaryimage\"},\"thumbnailUrl\":\"https:\\\/\\\/decoplanta.com\\\/wp-content\\\/uploads\\\/2022\\\/02\\\/JDNBM090BXNW-jardineras-DECOALTA-90cm.jpg\",\"datePublished\":\"2022-06-14T07:31:46+00:00\",\"dateModified\":\"2023-06-26T09:02:14+00:00\",\"description\":\"Pot haute ronde DECOALTA pour ext\u00e9rieur ou int\u00e9rieur. Il est disponible en deux tailles qui peuvent \u00eatre \u00e9l\u00e9gamment combin\u00e9es. Noir et blanc\",\"breadcrumb\":{\"@id\":\"https:\\\/\\\/decoplanta.com\\\/fr\\\/pots\\\/pot-decoalta-90cm\\\/#breadcrumb\"},\"inLanguage\":\"fr-FR\",\"potentialAction\":[{\"@type\":\"ReadAction\",\"target\":[\"https:\\\/\\\/decoplanta.com\\\/fr\\\/pots\\\/pot-decoalta-90cm\\\/\"]}]},{\"@type\":\"ImageObject\",\"inLanguage\":\"fr-FR\",\"@id\":\"https:\\\/\\\/decoplanta.com\\\/fr\\\/pots\\\/pot-decoalta-90cm\\\/#primaryimage\",\"url\":\"https:\\\/\\\/decoplanta.com\\\/wp-content\\\/uploads\\\/2022\\\/02\\\/JDNBM090BXNW-jardineras-DECOALTA-90cm.jpg\",\"contentUrl\":\"https:\\\/\\\/decoplanta.com\\\/wp-content\\\/uploads\\\/2022\\\/02\\\/JDNBM090BXNW-jardineras-DECOALTA-90cm.jpg\",\"width\":1000,\"height\":1000,\"caption\":\"Pot DECOALTA hauteur 90cm\"},{\"@type\":\"BreadcrumbList\",\"@id\":\"https:\\\/\\\/decoplanta.com\\\/fr\\\/pots\\\/pot-decoalta-90cm\\\/#breadcrumb\",\"itemListElement\":[{\"@type\":\"ListItem\",\"position\":1,\"name\":\"Portada\",\"item\":\"https:\\\/\\\/decoplanta.com\\\/fr\\\/\"},{\"@type\":\"ListItem\",\"position\":2,\"name\":\"Priv\u00e9\u00a0: Tienda\",\"item\":\"https:\\\/\\\/decoplanta.com\\\/?page_id=377\"},{\"@type\":\"ListItem\",\"position\":3,\"name\":\"Pot DECOALTA 90cm\"}]},{\"@type\":\"WebSite\",\"@id\":\"https:\\\/\\\/decoplanta.com\\\/fr\\\/#website\",\"url\":\"https:\\\/\\\/decoplanta.com\\\/fr\\\/\",\"name\":\"PLANTES ET ARBRES ARTIFICIELS TR\u00c8S R\u00c9ALISTES\",\"description\":\"Proveedor de Plantas artificiales para estudios de Arquitectura, Interiorismo, Paisajismo, Escenograf\u00eda, Tiendas de Decoraci\u00f3n Florister\u00edas y Mobiliario\",\"publisher\":{\"@id\":\"https:\\\/\\\/decoplanta.com\\\/fr\\\/#organization\"},\"potentialAction\":[{\"@type\":\"SearchAction\",\"target\":{\"@type\":\"EntryPoint\",\"urlTemplate\":\"https:\\\/\\\/decoplanta.com\\\/fr\\\/?s={search_term_string}\"},\"query-input\":{\"@type\":\"PropertyValueSpecification\",\"valueRequired\":true,\"valueName\":\"search_term_string\"}}],\"inLanguage\":\"fr-FR\"},{\"@type\":\"Organization\",\"@id\":\"https:\\\/\\\/decoplanta.com\\\/fr\\\/#organization\",\"name\":\"PLANTES ET ARBRES ARTIFICIELS TR\u00c8S R\u00c9ALISTES\",\"url\":\"https:\\\/\\\/decoplanta.com\\\/fr\\\/\",\"logo\":{\"@type\":\"ImageObject\",\"inLanguage\":\"fr-FR\",\"@id\":\"https:\\\/\\\/decoplanta.com\\\/fr\\\/#\\\/schema\\\/logo\\\/image\\\/\",\"url\":\"https:\\\/\\\/decoplanta.com\\\/wp-content\\\/uploads\\\/2021\\\/02\\\/decoplanta-logo2020.svg\",\"contentUrl\":\"https:\\\/\\\/decoplanta.com\\\/wp-content\\\/uploads\\\/2021\\\/02\\\/decoplanta-logo2020.svg\",\"width\":500,\"height\":500,\"caption\":\"PLANTES ET ARBRES ARTIFICIELS TR\u00c8S R\u00c9ALISTES\"},\"image\":{\"@id\":\"https:\\\/\\\/decoplanta.com\\\/fr\\\/#\\\/schema\\\/logo\\\/image\\\/\"}}]}<\/script>\n<!-- \/ Yoast SEO plugin. -->","yoast_head_json":{"title":"Pot haute ronde DECOALTA en r\u00e9sine haute r\u00e9sistance - 90 cm","description":"Pot haute ronde DECOALTA pour ext\u00e9rieur ou int\u00e9rieur. Il est disponible en deux tailles qui peuvent \u00eatre \u00e9l\u00e9gamment combin\u00e9es. Noir et blanc","robots":{"index":"index","follow":"follow","max-snippet":"max-snippet:-1","max-image-preview":"max-image-preview:large","max-video-preview":"max-video-preview:-1"},"canonical":"https:\/\/decoplanta.com\/fr\/pots\/pot-decoalta-90cm\/","og_locale":"fr_FR","og_type":"article","og_title":"Pot haute ronde DECOALTA en r\u00e9sine haute r\u00e9sistance - 90 cm","og_description":"Pot haute ronde DECOALTA pour ext\u00e9rieur ou int\u00e9rieur. Il est disponible en deux tailles qui peuvent \u00eatre \u00e9l\u00e9gamment combin\u00e9es. Noir et blanc","og_url":"https:\/\/decoplanta.com\/fr\/pots\/pot-decoalta-90cm\/","og_site_name":"PLANTES ET ARBRES ARTIFICIELS TR\u00c8S R\u00c9ALISTES","article_modified_time":"2023-06-26T09:02:14+00:00","og_image":[{"width":1000,"height":1000,"url":"https:\/\/decoplanta.com\/wp-content\/uploads\/2022\/02\/JDNBM090BXNW-jardineras-DECOALTA-90cm.jpg","type":"image\/jpeg"}],"twitter_card":"summary_large_image","twitter_misc":{"Dur\u00e9e de lecture estim\u00e9e":"2 minutes"},"schema":{"@context":"https:\/\/schema.org","@graph":[{"@type":"WebPage","@id":"https:\/\/decoplanta.com\/fr\/pots\/pot-decoalta-90cm\/","url":"https:\/\/decoplanta.com\/fr\/pots\/pot-decoalta-90cm\/","name":"Pot haute ronde DECOALTA en r\u00e9sine haute r\u00e9sistance - 90 cm","isPartOf":{"@id":"https:\/\/decoplanta.com\/fr\/#website"},"primaryImageOfPage":{"@id":"https:\/\/decoplanta.com\/fr\/pots\/pot-decoalta-90cm\/#primaryimage"},"image":{"@id":"https:\/\/decoplanta.com\/fr\/pots\/pot-decoalta-90cm\/#primaryimage"},"thumbnailUrl":"https:\/\/decoplanta.com\/wp-content\/uploads\/2022\/02\/JDNBM090BXNW-jardineras-DECOALTA-90cm.jpg","datePublished":"2022-06-14T07:31:46+00:00","dateModified":"2023-06-26T09:02:14+00:00","description":"Pot haute ronde DECOALTA pour ext\u00e9rieur ou int\u00e9rieur. Il est disponible en deux tailles qui peuvent \u00eatre \u00e9l\u00e9gamment combin\u00e9es. Noir et blanc","breadcrumb":{"@id":"https:\/\/decoplanta.com\/fr\/pots\/pot-decoalta-90cm\/#breadcrumb"},"inLanguage":"fr-FR","potentialAction":[{"@type":"ReadAction","target":["https:\/\/decoplanta.com\/fr\/pots\/pot-decoalta-90cm\/"]}]},{"@type":"ImageObject","inLanguage":"fr-FR","@id":"https:\/\/decoplanta.com\/fr\/pots\/pot-decoalta-90cm\/#primaryimage","url":"https:\/\/decoplanta.com\/wp-content\/uploads\/2022\/02\/JDNBM090BXNW-jardineras-DECOALTA-90cm.jpg","contentUrl":"https:\/\/decoplanta.com\/wp-content\/uploads\/2022\/02\/JDNBM090BXNW-jardineras-DECOALTA-90cm.jpg","width":1000,"height":1000,"caption":"Pot DECOALTA hauteur 90cm"},{"@type":"BreadcrumbList","@id":"https:\/\/decoplanta.com\/fr\/pots\/pot-decoalta-90cm\/#breadcrumb","itemListElement":[{"@type":"ListItem","position":1,"name":"Portada","item":"https:\/\/decoplanta.com\/fr\/"},{"@type":"ListItem","position":2,"name":"Priv\u00e9\u00a0: Tienda","item":"https:\/\/decoplanta.com\/?page_id=377"},{"@type":"ListItem","position":3,"name":"Pot DECOALTA 90cm"}]},{"@type":"WebSite","@id":"https:\/\/decoplanta.com\/fr\/#website","url":"https:\/\/decoplanta.com\/fr\/","name":"PLANTES ET ARBRES ARTIFICIELS TR\u00c8S R\u00c9ALISTES","description":"Proveedor de Plantas artificiales para estudios de Arquitectura, Interiorismo, Paisajismo, Escenograf\u00eda, Tiendas de Decoraci\u00f3n Florister\u00edas y Mobiliario","publisher":{"@id":"https:\/\/decoplanta.com\/fr\/#organization"},"potentialAction":[{"@type":"SearchAction","target":{"@type":"EntryPoint","urlTemplate":"https:\/\/decoplanta.com\/fr\/?s={search_term_string}"},"query-input":{"@type":"PropertyValueSpecification","valueRequired":true,"valueName":"search_term_string"}}],"inLanguage":"fr-FR"},{"@type":"Organization","@id":"https:\/\/decoplanta.com\/fr\/#organization","name":"PLANTES ET ARBRES ARTIFICIELS TR\u00c8S R\u00c9ALISTES","url":"https:\/\/decoplanta.com\/fr\/","logo":{"@type":"ImageObject","inLanguage":"fr-FR","@id":"https:\/\/decoplanta.com\/fr\/#\/schema\/logo\/image\/","url":"https:\/\/decoplanta.com\/wp-content\/uploads\/2021\/02\/decoplanta-logo2020.svg","contentUrl":"https:\/\/decoplanta.com\/wp-content\/uploads\/2021\/02\/decoplanta-logo2020.svg","width":500,"height":500,"caption":"PLANTES ET ARBRES ARTIFICIELS TR\u00c8S R\u00c9ALISTES"},"image":{"@id":"https:\/\/decoplanta.com\/fr\/#\/schema\/logo\/image\/"}}]}},"_links":{"self":[{"href":"https:\/\/decoplanta.com\/fr\/wp-json\/wp\/v2\/product\/4123","targetHints":{"allow":["GET"]}}],"collection":[{"href":"https:\/\/decoplanta.com\/fr\/wp-json\/wp\/v2\/product"}],"about":[{"href":"https:\/\/decoplanta.com\/fr\/wp-json\/wp\/v2\/types\/product"}],"version-history":[{"count":0,"href":"https:\/\/decoplanta.com\/fr\/wp-json\/wp\/v2\/product\/4123\/revisions"}],"wp:featuredmedia":[{"embeddable":true,"href":"https:\/\/decoplanta.com\/fr\/wp-json\/wp\/v2\/media\/3773"}],"wp:attachment":[{"href":"https:\/\/decoplanta.com\/fr\/wp-json\/wp\/v2\/media?parent=4123"}],"wp:term":[{"taxonomy":"product_brand","embeddable":true,"href":"https:\/\/decoplanta.com\/fr\/wp-json\/wp\/v2\/product_brand?post=4123"},{"taxonomy":"product_cat","embeddable":true,"href":"https:\/\/decoplanta.com\/fr\/wp-json\/wp\/v2\/product_cat?post=4123"},{"taxonomy":"product_tag","embeddable":true,"href":"https:\/\/decoplanta.com\/fr\/wp-json\/wp\/v2\/product_tag?post=4123"}],"curies":[{"name":"wp","href":"https:\/\/api.w.org\/{rel}","templated":true}]}}