{"id":4321,"date":"2022-08-09T15:36:02","date_gmt":"2022-08-09T14:55:00","guid":{"rendered":"https:\/\/decoplanta.com\/non%20class\u00e9\/jardin-vertical-de-fleurs\/"},"modified":"2022-12-05T16:54:13","modified_gmt":"2022-12-05T15:54:13","slug":"mur-vegetal-fleurs","status":"publish","type":"product","link":"https:\/\/decoplanta.com\/fr\/mur-vegetal-artificiel\/mur-vegetal-fleurs\/","title":{"rendered":"Mur V\u00e9g\u00e9tal FLEURS"},"content":{"rendered":"<p>Mur V\u00e9g\u00e9tal FLEURS de feuillage maximum, dans un plateau de 50 X 50 cm. Non valable pour l&rsquo;ext\u00e9rieur.<\/p>\n<p>Belles roses de diff\u00e9rentes tailles aux couleurs pastel. Placement facile.<br \/>\nBeau <a href=\"https:\/\/decoplanta.com\/fr\/mur-vegetal-artificiel\/\">Mur V\u00e9g\u00e9tal<\/a> <a href=\"https:\/\/www.linguee.es\/frances-espanol\/traduccion\/fleurs.html\">fleurs<\/a> avec des roses de diff\u00e9rentes nuances. Il est id\u00e9al pour les espaces int\u00e9rieurs avec une touche de glamour. Il fait partie de notre collection automne-hiver, disponible \u00e0 partir de d\u00e9cembre. Con\u00e7u dans un mat\u00e9riau tr\u00e8s r\u00e9sistant avec un aspect r\u00e9el et naturel. Son design multicolore pr\u00e9sente des roses dans des tons de rose clair, de blanc et de touches de jaune.<\/p>\n<p>Tout d&rsquo;abord, nous devons garder \u00e0 l&rsquo;esprit que les plantes et les fleurs que nous utiliserons pour notre jardin vertical ne sont pas difficiles \u00e0 trouver, mais elles doivent \u00eatre soigneusement s\u00e9lectionn\u00e9es, en pensant \u00e0 leur destination et en gardant \u00e0 l&rsquo;esprit si elles vont \u00eatre plac\u00e9 dans un jardin int\u00e9rieur ou dans un jardin ext\u00e9rieur. Nous vous donnons quelques id\u00e9es de plantes et de fleurs pour cr\u00e9er un jardin vertical id\u00e9al pour votre maison.<\/p>\n<p>Un spectacle de couleur sur vos murs !<\/p>\n<p>Sa mati\u00e8re synth\u00e9tique est facile \u00e0 laver.Ce magnifique jardin vertical est parfait pour recouvrir les murs et une d\u00e9coration personnalis\u00e9e de votre maison ou de votre entreprise.<\/p>\n<p>Pour mettre en place un jardin vertical, toutes les plantes fonctionnent : elles poussent de la m\u00eame mani\u00e8re qu&rsquo;en culture en bac. Gardez \u00e0 l&rsquo;esprit, oui, que dans ce cas le syst\u00e8me d&rsquo;irrigation goutte \u00e0 goutte sera le plus efficace.<\/p>\n","protected":false},"excerpt":{"rendered":"<p>Mur V\u00e9g\u00e9tal FLEURS avec un maximum de feuillage, en plaque de 50 X 50 cm. Non valable pour une utilisation en ext\u00e9rieur. De belles roses de diff\u00e9rentes tailles dans des couleurs pastel. Placement facile.<\/p>\n<table>\n<tbody>\n<tr>\n<td><strong>R\u00c9F<\/strong><\/td>\n<td><strong>TAILLE DE LA PLAQUE<\/strong><\/td>\n<\/tr>\n<tr>\n<td><strong>430303<\/strong><\/td>\n<td>50 x 50 cm<\/td>\n<\/tr>\n<\/tbody>\n<\/table>\n","protected":false},"featured_media":4310,"template":"","meta":{"_monsterinsights_skip_tracking":false,"_monsterinsights_sitenote_active":false,"_monsterinsights_sitenote_note":"","_monsterinsights_sitenote_category":0},"product_brand":[],"product_cat":[248],"product_tag":[],"class_list":{"0":"post-4321","1":"product","2":"type-product","3":"status-publish","4":"has-post-thumbnail","6":"product_cat-mur-vegetal-artificiel","7":"","8":"woocommerce-text-align-center","9":"woocommerce-image-align-center","10":"do-quantity-buttons","11":"wc-has-gallery","13":"first","14":"instock","15":"taxable","16":"shipping-taxable","17":"purchasable","18":"product-type-simple"},"yoast_head":"<!-- This site is optimized with the Yoast SEO plugin v27.5 - https:\/\/yoast.com\/product\/yoast-seo-wordpress\/ -->\n<title>Mur V\u00e9g\u00e9tal FLEURS de belles roses aux couleurs pastel<\/title>\n<meta name=\"description\" content=\"Mur V\u00e9g\u00e9tal FLEURS avec un maximum de feuillage, en plaque de 50 X 50 cm. De belles roses de diff\u00e9rentes tailles dans des couleurs pastel. Placement facile.\" \/>\n<meta name=\"robots\" content=\"index, follow, max-snippet:-1, max-image-preview:large, max-video-preview:-1\" \/>\n<link rel=\"canonical\" href=\"https:\/\/decoplanta.com\/fr\/mur-vegetal-artificiel\/mur-vegetal-fleurs\/\" \/>\n<meta property=\"og:locale\" content=\"fr_FR\" \/>\n<meta property=\"og:type\" content=\"article\" \/>\n<meta property=\"og:title\" content=\"Mur V\u00e9g\u00e9tal FLEURS de belles roses aux couleurs pastel\" \/>\n<meta property=\"og:description\" content=\"Mur V\u00e9g\u00e9tal FLEURS avec un maximum de feuillage, en plaque de 50 X 50 cm. De belles roses de diff\u00e9rentes tailles dans des couleurs pastel. Placement facile.\" \/>\n<meta property=\"og:url\" content=\"https:\/\/decoplanta.com\/fr\/mur-vegetal-artificiel\/mur-vegetal-fleurs\/\" \/>\n<meta property=\"og:site_name\" content=\"PLANTES ET ARBRES ARTIFICIELS TR\u00c8S R\u00c9ALISTES\" \/>\n<meta property=\"article:modified_time\" content=\"2022-12-05T15:54:13+00:00\" \/>\n<meta property=\"og:image\" content=\"https:\/\/decoplanta.com\/wp-content\/uploads\/2022\/08\/430303-JARDIN_VERTICAL_FLORAL-INTERIOR-scaled.jpg\" \/>\n\t<meta property=\"og:image:width\" content=\"2560\" \/>\n\t<meta property=\"og:image:height\" content=\"2560\" \/>\n\t<meta property=\"og:image:type\" content=\"image\/jpeg\" \/>\n<meta name=\"twitter:card\" content=\"summary_large_image\" \/>\n<meta name=\"twitter:label1\" content=\"Dur\u00e9e de lecture estim\u00e9e\" \/>\n\t<meta name=\"twitter:data1\" content=\"2 minutes\" \/>\n<script type=\"application\/ld+json\" class=\"yoast-schema-graph\">{\"@context\":\"https:\\\/\\\/schema.org\",\"@graph\":[{\"@type\":\"WebPage\",\"@id\":\"https:\\\/\\\/decoplanta.com\\\/fr\\\/mur-vegetal-artificiel\\\/mur-vegetal-fleurs\\\/\",\"url\":\"https:\\\/\\\/decoplanta.com\\\/fr\\\/mur-vegetal-artificiel\\\/mur-vegetal-fleurs\\\/\",\"name\":\"Mur V\u00e9g\u00e9tal FLEURS de belles roses aux couleurs pastel\",\"isPartOf\":{\"@id\":\"https:\\\/\\\/decoplanta.com\\\/fr\\\/#website\"},\"primaryImageOfPage\":{\"@id\":\"https:\\\/\\\/decoplanta.com\\\/fr\\\/mur-vegetal-artificiel\\\/mur-vegetal-fleurs\\\/#primaryimage\"},\"image\":{\"@id\":\"https:\\\/\\\/decoplanta.com\\\/fr\\\/mur-vegetal-artificiel\\\/mur-vegetal-fleurs\\\/#primaryimage\"},\"thumbnailUrl\":\"https:\\\/\\\/decoplanta.com\\\/wp-content\\\/uploads\\\/2022\\\/08\\\/430303-JARDIN_VERTICAL_FLORAL-INTERIOR-scaled.jpg\",\"datePublished\":\"2022-08-09T14:55:00+00:00\",\"dateModified\":\"2022-12-05T15:54:13+00:00\",\"description\":\"Mur V\u00e9g\u00e9tal FLEURS avec un maximum de feuillage, en plaque de 50 X 50 cm. De belles roses de diff\u00e9rentes tailles dans des couleurs pastel. Placement facile.\",\"breadcrumb\":{\"@id\":\"https:\\\/\\\/decoplanta.com\\\/fr\\\/mur-vegetal-artificiel\\\/mur-vegetal-fleurs\\\/#breadcrumb\"},\"inLanguage\":\"fr-FR\",\"potentialAction\":[{\"@type\":\"ReadAction\",\"target\":[\"https:\\\/\\\/decoplanta.com\\\/fr\\\/mur-vegetal-artificiel\\\/mur-vegetal-fleurs\\\/\"]}]},{\"@type\":\"ImageObject\",\"inLanguage\":\"fr-FR\",\"@id\":\"https:\\\/\\\/decoplanta.com\\\/fr\\\/mur-vegetal-artificiel\\\/mur-vegetal-fleurs\\\/#primaryimage\",\"url\":\"https:\\\/\\\/decoplanta.com\\\/wp-content\\\/uploads\\\/2022\\\/08\\\/430303-JARDIN_VERTICAL_FLORAL-INTERIOR-scaled.jpg\",\"contentUrl\":\"https:\\\/\\\/decoplanta.com\\\/wp-content\\\/uploads\\\/2022\\\/08\\\/430303-JARDIN_VERTICAL_FLORAL-INTERIOR-scaled.jpg\",\"width\":2560,\"height\":2560,\"caption\":\"Jard\u00edn vertical FLORAL de rosas en tonos pastel\"},{\"@type\":\"BreadcrumbList\",\"@id\":\"https:\\\/\\\/decoplanta.com\\\/fr\\\/mur-vegetal-artificiel\\\/mur-vegetal-fleurs\\\/#breadcrumb\",\"itemListElement\":[{\"@type\":\"ListItem\",\"position\":1,\"name\":\"Portada\",\"item\":\"https:\\\/\\\/decoplanta.com\\\/fr\\\/\"},{\"@type\":\"ListItem\",\"position\":2,\"name\":\"Priv\u00e9\u00a0: Tienda\",\"item\":\"https:\\\/\\\/decoplanta.com\\\/?page_id=377\"},{\"@type\":\"ListItem\",\"position\":3,\"name\":\"Mur V\u00e9g\u00e9tal FLEURS\"}]},{\"@type\":\"WebSite\",\"@id\":\"https:\\\/\\\/decoplanta.com\\\/fr\\\/#website\",\"url\":\"https:\\\/\\\/decoplanta.com\\\/fr\\\/\",\"name\":\"PLANTES ET ARBRES ARTIFICIELS TR\u00c8S R\u00c9ALISTES\",\"description\":\"Proveedor de Plantas artificiales para estudios de Arquitectura, Interiorismo, Paisajismo, Escenograf\u00eda, Tiendas de Decoraci\u00f3n Florister\u00edas y Mobiliario\",\"publisher\":{\"@id\":\"https:\\\/\\\/decoplanta.com\\\/fr\\\/#organization\"},\"potentialAction\":[{\"@type\":\"SearchAction\",\"target\":{\"@type\":\"EntryPoint\",\"urlTemplate\":\"https:\\\/\\\/decoplanta.com\\\/fr\\\/?s={search_term_string}\"},\"query-input\":{\"@type\":\"PropertyValueSpecification\",\"valueRequired\":true,\"valueName\":\"search_term_string\"}}],\"inLanguage\":\"fr-FR\"},{\"@type\":\"Organization\",\"@id\":\"https:\\\/\\\/decoplanta.com\\\/fr\\\/#organization\",\"name\":\"PLANTES ET ARBRES ARTIFICIELS TR\u00c8S R\u00c9ALISTES\",\"url\":\"https:\\\/\\\/decoplanta.com\\\/fr\\\/\",\"logo\":{\"@type\":\"ImageObject\",\"inLanguage\":\"fr-FR\",\"@id\":\"https:\\\/\\\/decoplanta.com\\\/fr\\\/#\\\/schema\\\/logo\\\/image\\\/\",\"url\":\"https:\\\/\\\/decoplanta.com\\\/wp-content\\\/uploads\\\/2021\\\/02\\\/decoplanta-logo2020.svg\",\"contentUrl\":\"https:\\\/\\\/decoplanta.com\\\/wp-content\\\/uploads\\\/2021\\\/02\\\/decoplanta-logo2020.svg\",\"width\":500,\"height\":500,\"caption\":\"PLANTES ET ARBRES ARTIFICIELS TR\u00c8S R\u00c9ALISTES\"},\"image\":{\"@id\":\"https:\\\/\\\/decoplanta.com\\\/fr\\\/#\\\/schema\\\/logo\\\/image\\\/\"}}]}<\/script>\n<!-- \/ Yoast SEO plugin. -->","yoast_head_json":{"title":"Mur V\u00e9g\u00e9tal FLEURS de belles roses aux couleurs pastel","description":"Mur V\u00e9g\u00e9tal FLEURS avec un maximum de feuillage, en plaque de 50 X 50 cm. De belles roses de diff\u00e9rentes tailles dans des couleurs pastel. Placement facile.","robots":{"index":"index","follow":"follow","max-snippet":"max-snippet:-1","max-image-preview":"max-image-preview:large","max-video-preview":"max-video-preview:-1"},"canonical":"https:\/\/decoplanta.com\/fr\/mur-vegetal-artificiel\/mur-vegetal-fleurs\/","og_locale":"fr_FR","og_type":"article","og_title":"Mur V\u00e9g\u00e9tal FLEURS de belles roses aux couleurs pastel","og_description":"Mur V\u00e9g\u00e9tal FLEURS avec un maximum de feuillage, en plaque de 50 X 50 cm. De belles roses de diff\u00e9rentes tailles dans des couleurs pastel. Placement facile.","og_url":"https:\/\/decoplanta.com\/fr\/mur-vegetal-artificiel\/mur-vegetal-fleurs\/","og_site_name":"PLANTES ET ARBRES ARTIFICIELS TR\u00c8S R\u00c9ALISTES","article_modified_time":"2022-12-05T15:54:13+00:00","og_image":[{"width":2560,"height":2560,"url":"https:\/\/decoplanta.com\/wp-content\/uploads\/2022\/08\/430303-JARDIN_VERTICAL_FLORAL-INTERIOR-scaled.jpg","type":"image\/jpeg"}],"twitter_card":"summary_large_image","twitter_misc":{"Dur\u00e9e de lecture estim\u00e9e":"2 minutes"},"schema":{"@context":"https:\/\/schema.org","@graph":[{"@type":"WebPage","@id":"https:\/\/decoplanta.com\/fr\/mur-vegetal-artificiel\/mur-vegetal-fleurs\/","url":"https:\/\/decoplanta.com\/fr\/mur-vegetal-artificiel\/mur-vegetal-fleurs\/","name":"Mur V\u00e9g\u00e9tal FLEURS de belles roses aux couleurs pastel","isPartOf":{"@id":"https:\/\/decoplanta.com\/fr\/#website"},"primaryImageOfPage":{"@id":"https:\/\/decoplanta.com\/fr\/mur-vegetal-artificiel\/mur-vegetal-fleurs\/#primaryimage"},"image":{"@id":"https:\/\/decoplanta.com\/fr\/mur-vegetal-artificiel\/mur-vegetal-fleurs\/#primaryimage"},"thumbnailUrl":"https:\/\/decoplanta.com\/wp-content\/uploads\/2022\/08\/430303-JARDIN_VERTICAL_FLORAL-INTERIOR-scaled.jpg","datePublished":"2022-08-09T14:55:00+00:00","dateModified":"2022-12-05T15:54:13+00:00","description":"Mur V\u00e9g\u00e9tal FLEURS avec un maximum de feuillage, en plaque de 50 X 50 cm. De belles roses de diff\u00e9rentes tailles dans des couleurs pastel. Placement facile.","breadcrumb":{"@id":"https:\/\/decoplanta.com\/fr\/mur-vegetal-artificiel\/mur-vegetal-fleurs\/#breadcrumb"},"inLanguage":"fr-FR","potentialAction":[{"@type":"ReadAction","target":["https:\/\/decoplanta.com\/fr\/mur-vegetal-artificiel\/mur-vegetal-fleurs\/"]}]},{"@type":"ImageObject","inLanguage":"fr-FR","@id":"https:\/\/decoplanta.com\/fr\/mur-vegetal-artificiel\/mur-vegetal-fleurs\/#primaryimage","url":"https:\/\/decoplanta.com\/wp-content\/uploads\/2022\/08\/430303-JARDIN_VERTICAL_FLORAL-INTERIOR-scaled.jpg","contentUrl":"https:\/\/decoplanta.com\/wp-content\/uploads\/2022\/08\/430303-JARDIN_VERTICAL_FLORAL-INTERIOR-scaled.jpg","width":2560,"height":2560,"caption":"Jard\u00edn vertical FLORAL de rosas en tonos pastel"},{"@type":"BreadcrumbList","@id":"https:\/\/decoplanta.com\/fr\/mur-vegetal-artificiel\/mur-vegetal-fleurs\/#breadcrumb","itemListElement":[{"@type":"ListItem","position":1,"name":"Portada","item":"https:\/\/decoplanta.com\/fr\/"},{"@type":"ListItem","position":2,"name":"Priv\u00e9\u00a0: Tienda","item":"https:\/\/decoplanta.com\/?page_id=377"},{"@type":"ListItem","position":3,"name":"Mur V\u00e9g\u00e9tal FLEURS"}]},{"@type":"WebSite","@id":"https:\/\/decoplanta.com\/fr\/#website","url":"https:\/\/decoplanta.com\/fr\/","name":"PLANTES ET ARBRES ARTIFICIELS TR\u00c8S R\u00c9ALISTES","description":"Proveedor de Plantas artificiales para estudios de Arquitectura, Interiorismo, Paisajismo, Escenograf\u00eda, Tiendas de Decoraci\u00f3n Florister\u00edas y Mobiliario","publisher":{"@id":"https:\/\/decoplanta.com\/fr\/#organization"},"potentialAction":[{"@type":"SearchAction","target":{"@type":"EntryPoint","urlTemplate":"https:\/\/decoplanta.com\/fr\/?s={search_term_string}"},"query-input":{"@type":"PropertyValueSpecification","valueRequired":true,"valueName":"search_term_string"}}],"inLanguage":"fr-FR"},{"@type":"Organization","@id":"https:\/\/decoplanta.com\/fr\/#organization","name":"PLANTES ET ARBRES ARTIFICIELS TR\u00c8S R\u00c9ALISTES","url":"https:\/\/decoplanta.com\/fr\/","logo":{"@type":"ImageObject","inLanguage":"fr-FR","@id":"https:\/\/decoplanta.com\/fr\/#\/schema\/logo\/image\/","url":"https:\/\/decoplanta.com\/wp-content\/uploads\/2021\/02\/decoplanta-logo2020.svg","contentUrl":"https:\/\/decoplanta.com\/wp-content\/uploads\/2021\/02\/decoplanta-logo2020.svg","width":500,"height":500,"caption":"PLANTES ET ARBRES ARTIFICIELS TR\u00c8S R\u00c9ALISTES"},"image":{"@id":"https:\/\/decoplanta.com\/fr\/#\/schema\/logo\/image\/"}}]}},"_links":{"self":[{"href":"https:\/\/decoplanta.com\/fr\/wp-json\/wp\/v2\/product\/4321","targetHints":{"allow":["GET"]}}],"collection":[{"href":"https:\/\/decoplanta.com\/fr\/wp-json\/wp\/v2\/product"}],"about":[{"href":"https:\/\/decoplanta.com\/fr\/wp-json\/wp\/v2\/types\/product"}],"version-history":[{"count":0,"href":"https:\/\/decoplanta.com\/fr\/wp-json\/wp\/v2\/product\/4321\/revisions"}],"wp:featuredmedia":[{"embeddable":true,"href":"https:\/\/decoplanta.com\/fr\/wp-json\/wp\/v2\/media\/4310"}],"wp:attachment":[{"href":"https:\/\/decoplanta.com\/fr\/wp-json\/wp\/v2\/media?parent=4321"}],"wp:term":[{"taxonomy":"product_brand","embeddable":true,"href":"https:\/\/decoplanta.com\/fr\/wp-json\/wp\/v2\/product_brand?post=4321"},{"taxonomy":"product_cat","embeddable":true,"href":"https:\/\/decoplanta.com\/fr\/wp-json\/wp\/v2\/product_cat?post=4321"},{"taxonomy":"product_tag","embeddable":true,"href":"https:\/\/decoplanta.com\/fr\/wp-json\/wp\/v2\/product_tag?post=4321"}],"curies":[{"name":"wp","href":"https:\/\/api.w.org\/{rel}","templated":true}]}}