{"id":5282,"date":"2022-10-24T13:00:48","date_gmt":"2022-10-23T08:16:49","guid":{"rendered":"https:\/\/decoplanta.com\/?post_type=product&#038;p=5282"},"modified":"2022-10-24T11:16:14","modified_gmt":"2022-10-24T10:16:14","slug":"arbuste-suspendu-epiphyllum-arificiel","status":"publish","type":"product","link":"https:\/\/decoplanta.com\/fr\/plantes-suspendues-artificielles\/arbuste-suspendu-epiphyllum-arificiel\/","title":{"rendered":"Arbuste suspendu EPIPHYLLUM"},"content":{"rendered":"<p>Arbuste suspendu EPIPHYLLUM ou plante tropicale suspendue EPIPHYLLUM artificielle. Hauteur 120 cm.<\/p>\n<p>De nombreux cactus peuvent \u00eatre utilis\u00e9s comme plantes suspendues, mais l&rsquo;Epiphyllum anguliger est tr\u00e8s sp\u00e9cial. Leurs tiges sont tr\u00e8s voyantes, et comme elles restent vertes pendant longtemps, la plante est toujours belle.<br \/>\nC&rsquo;est pourquoi il est souvent utilis\u00e9 pour d\u00e9corer l&rsquo;int\u00e9rieur des maisons, car il n&rsquo;a pas besoin d&rsquo;autant de lumi\u00e8re que les autres cactus. Examinons donc leurs caract\u00e9ristiques et leur entretien.<\/p>\n<h3>Origine et caract\u00e9ristiques de Epiphyllum anguliger<\/h3>\n<p>Epiphyllum anguliger est un cactus \u00e9piphyte end\u00e9mique du Mexique. C&rsquo;est une plante qui atteint une hauteur d&rsquo;environ 20 centim\u00e8tres, avec des tiges lob\u00e9es et tr\u00e8s ramifi\u00e9es pouvant atteindre 30 centim\u00e8tres de long et jusqu&rsquo;\u00e0 5 centim\u00e8tres de large. Ils sont verts, avec une surface lisse, et ont des ar\u00e9oles d&rsquo;o\u00f9 peuvent sortir &#8211; mais pas toujours &#8211; 1 ou 2 soies blanches.<br \/>\nSes fleurs sont blanches et de bonne taille : elles mesurent 20 centim\u00e8tres de long sur 7 centim\u00e8tres de large. Ils sont nocturnes et aromatiques. Le fruit est ovo\u00efde, d&rsquo;environ 4 centim\u00e8tres de diam\u00e8tre, de couleur verte, brune ou jaune. Et les graines sont petites et de couleur fonc\u00e9e.<\/p>\n<h3>Soins de l&rsquo;arbuste suspendu Epiphyllum anguliger<\/h3>\n<p>Voulez-vous savoir comment prendre soin de ce cactus ?<\/p>\n<p>Si vous envisagez d&rsquo;en acheter un, ou si vous l&rsquo;avez d\u00e9j\u00e0 fait, voici ce dont il a besoin pour \u00eatre en bonne sant\u00e9 :<br \/>\nClimat<br \/>\nC&rsquo;est une plante tropicale, typique des for\u00eats de montagne o\u00f9 elle vit dans des zones quelque peu prot\u00e9g\u00e9es. En tant qu&rsquo;\u00e9piphyte, il pousse sur les branches d&rsquo;autres plantes plus grandes, comme les arbres.<br \/>\nLes temp\u00e9ratures doivent \u00eatre maintenues entre 10\u00baC minimum et 25\u00baC maximum, bien qu&rsquo;elle puisse supporter des valeurs plus \u00e9lev\u00e9es si elle se trouve dans un endroit abrit\u00e9 du soleil.<br \/>\nLocalisation<br \/>\n&#8211; \u00c0 l&rsquo;int\u00e9rieur : l&rsquo;<a href=\"https:\/\/es.wikipedia.org\/wiki\/Epiphyllum\">Epiphyllum<\/a> anguliger est un <a href=\"https:\/\/decoplanta.com\/etiqueta-producto\/cactus-de-interior\/\">cactus<\/a> qui a besoin de beaucoup de lumi\u00e8re, mais qui ne doit pas y \u00eatre directement expos\u00e9. Pour cette raison, c&rsquo;est l&rsquo;une des esp\u00e8ces de cactus les mieux adapt\u00e9es \u00e0 l&rsquo;int\u00e9rieur de la maison. Il est donc tr\u00e8s important de le placer dans une pi\u00e8ce bien \u00e9clair\u00e9e. Cependant, il ne doit pas \u00eatre \u00e0 c\u00f4t\u00e9 de la fen\u00eatre ou pr\u00e8s des portes, sinon il aura des probl\u00e8mes, soit \u00e0 cause du soleil qui traverse la vitre, soit \u00e0 cause des courants d&rsquo;air lors de l&rsquo;ouverture\/fermeture des portes et du passage du cactus.<br \/>\n&#8211; \u00c0 l&rsquo;ext\u00e9rieur : s&rsquo;il n&rsquo;y a pas de gel, ou si vous souhaitez le garder \u00e0 l&rsquo;ext\u00e9rieur pendant quelques mois, il doit \u00eatre plac\u00e9 dans un endroit lumineux, mais prot\u00e9g\u00e9 des rayons directs du soleil. De cette fa\u00e7on, ses tiges resteront vertes et il pourra fleurir sans probl\u00e8me.<br \/>\nComme il s&rsquo;agit d&rsquo;un cactus \u00e9piphyte, le sol doit \u00eatre meuble et l\u00e9ger afin que l&rsquo;eau puisse \u00eatre absorb\u00e9e le plus rapidement possible. En fait, si les plantes sont cultiv\u00e9es en pots, la tourbe et la perlite doivent id\u00e9alement \u00eatre utilis\u00e9es \u00e0 parts \u00e9gales. En outre, le pot doit avoir des trous dans sa base, sinon l&rsquo;eau stagnerait et les racines pourriraient.<\/p>\n<p>S&rsquo;il doit \u00eatre conserv\u00e9 dans le jardin, il est \u00e9galement important qu&rsquo;il pousse dans un sol bien drain\u00e9 et fertile, sinon il finira par avoir des probl\u00e8mes \u00e0 cause d&rsquo;un exc\u00e8s d&rsquo;humidit\u00e9.<\/p>\n<p>Ils sont vendus en bo\u00eetes indivisibles de 6 unit\u00e9s. Prix unitaire dans le catalogue.<\/p>\n","protected":false},"excerpt":{"rendered":"<p>Arbuste suspendu EPIPHYLLUM artificiel. Hauteur 120 cm. De nombreux cactus peuvent \u00eatre utilis\u00e9s comme plantes suspendues, mais l&rsquo;Epiphyllum anguliger est tr\u00e8s particulier, avec des tiges lob\u00e9es, tr\u00e8s ramifi\u00e9es et d&rsquo;un vert profond.<\/p>\n<p>Ils sont vendus en bo\u00eetes indivisibles de 6 unit\u00e9s. Prix unitaire dans <a href=\"https:\/\/decoplanta.com\/catalogo\/TarifasDecoplanta-CatalogoDistribuidor-HR.pdf\" target=\"_blank\" rel=\"noopener\">le catalogue<\/a> .<\/p>\n<table>\n<tbody>\n<tr>\n<td><strong>R\u00c9F<\/strong><\/td>\n<td><strong>HAUTEUR<\/strong><\/td>\n<\/tr>\n<tr>\n<td><strong>423981<\/strong><\/td>\n<td>120 cm<\/td>\n<\/tr>\n<\/tbody>\n<\/table>\n","protected":false},"featured_media":5380,"template":"","meta":{"_monsterinsights_skip_tracking":false,"_monsterinsights_sitenote_active":false,"_monsterinsights_sitenote_note":"","_monsterinsights_sitenote_category":0},"product_brand":[],"product_cat":[249],"product_tag":[261,277,278],"class_list":{"0":"post-5282","1":"product","2":"type-product","3":"status-publish","4":"has-post-thumbnail","6":"product_cat-plantes-suspendues-artificielles","7":"product_tag-cactus-dinterieur","8":"product_tag-plante-succulente-artificielle","9":"product_tag-plante-tropicale","10":"","11":"woocommerce-text-align-center","12":"woocommerce-image-align-center","13":"do-quantity-buttons","15":"first","16":"instock","17":"taxable","18":"shipping-taxable","19":"purchasable","20":"product-type-simple"},"yoast_head":"<!-- This site is optimized with the Yoast SEO plugin v27.3 - https:\/\/yoast.com\/product\/yoast-seo-wordpress\/ -->\n<title>Arbuste suspendu EPIPHYLLUM artificiel Grand r\u00e9alisme int\u00e9rieur<\/title>\n<meta name=\"description\" content=\"Arbuste artificiel suspendu EPIPHYLLUM 120 cm pour l&#039;int\u00e9rieur. Plante suspendue artificielle sans entretien de grand r\u00e9alisme\" \/>\n<meta name=\"robots\" content=\"index, follow, max-snippet:-1, max-image-preview:large, max-video-preview:-1\" \/>\n<link rel=\"canonical\" href=\"https:\/\/decoplanta.com\/fr\/plantes-suspendues-artificielles\/arbuste-suspendu-epiphyllum-arificiel\/\" \/>\n<meta property=\"og:locale\" content=\"fr_FR\" \/>\n<meta property=\"og:type\" content=\"article\" \/>\n<meta property=\"og:title\" content=\"Arbuste suspendu EPIPHYLLUM artificiel Grand r\u00e9alisme int\u00e9rieur\" \/>\n<meta property=\"og:description\" content=\"Arbuste artificiel suspendu EPIPHYLLUM 120 cm pour l&#039;int\u00e9rieur. Plante suspendue artificielle sans entretien de grand r\u00e9alisme\" \/>\n<meta property=\"og:url\" content=\"https:\/\/decoplanta.com\/fr\/plantes-suspendues-artificielles\/arbuste-suspendu-epiphyllum-arificiel\/\" \/>\n<meta property=\"og:site_name\" content=\"PLANTES ET ARBRES ARTIFICIELS TR\u00c8S R\u00c9ALISTES\" \/>\n<meta property=\"article:modified_time\" content=\"2022-10-24T10:16:14+00:00\" \/>\n<meta property=\"og:image\" content=\"https:\/\/decoplanta.com\/wp-content\/uploads\/2022\/10\/423981-Arbusto_Colgante-EPIPHYLLUM-120cm.jpg\" \/>\n\t<meta property=\"og:image:width\" content=\"2230\" \/>\n\t<meta property=\"og:image:height\" content=\"2230\" \/>\n\t<meta property=\"og:image:type\" content=\"image\/jpeg\" \/>\n<meta name=\"twitter:card\" content=\"summary_large_image\" \/>\n<meta name=\"twitter:label1\" content=\"Dur\u00e9e de lecture estim\u00e9e\" \/>\n\t<meta name=\"twitter:data1\" content=\"3 minutes\" \/>\n<script type=\"application\/ld+json\" class=\"yoast-schema-graph\">{\"@context\":\"https:\\\/\\\/schema.org\",\"@graph\":[{\"@type\":\"WebPage\",\"@id\":\"https:\\\/\\\/decoplanta.com\\\/fr\\\/plantes-suspendues-artificielles\\\/arbuste-suspendu-epiphyllum-arificiel\\\/\",\"url\":\"https:\\\/\\\/decoplanta.com\\\/fr\\\/plantes-suspendues-artificielles\\\/arbuste-suspendu-epiphyllum-arificiel\\\/\",\"name\":\"Arbuste suspendu EPIPHYLLUM artificiel Grand r\u00e9alisme int\u00e9rieur\",\"isPartOf\":{\"@id\":\"https:\\\/\\\/decoplanta.com\\\/fr\\\/#website\"},\"primaryImageOfPage\":{\"@id\":\"https:\\\/\\\/decoplanta.com\\\/fr\\\/plantes-suspendues-artificielles\\\/arbuste-suspendu-epiphyllum-arificiel\\\/#primaryimage\"},\"image\":{\"@id\":\"https:\\\/\\\/decoplanta.com\\\/fr\\\/plantes-suspendues-artificielles\\\/arbuste-suspendu-epiphyllum-arificiel\\\/#primaryimage\"},\"thumbnailUrl\":\"https:\\\/\\\/decoplanta.com\\\/wp-content\\\/uploads\\\/2022\\\/10\\\/423981-Arbusto_Colgante-EPIPHYLLUM-120cm.jpg\",\"datePublished\":\"2022-10-23T08:16:49+00:00\",\"dateModified\":\"2022-10-24T10:16:14+00:00\",\"description\":\"Arbuste artificiel suspendu EPIPHYLLUM 120 cm pour l'int\u00e9rieur. Plante suspendue artificielle sans entretien de grand r\u00e9alisme\",\"breadcrumb\":{\"@id\":\"https:\\\/\\\/decoplanta.com\\\/fr\\\/plantes-suspendues-artificielles\\\/arbuste-suspendu-epiphyllum-arificiel\\\/#breadcrumb\"},\"inLanguage\":\"fr-FR\",\"potentialAction\":[{\"@type\":\"ReadAction\",\"target\":[\"https:\\\/\\\/decoplanta.com\\\/fr\\\/plantes-suspendues-artificielles\\\/arbuste-suspendu-epiphyllum-arificiel\\\/\"]}]},{\"@type\":\"ImageObject\",\"inLanguage\":\"fr-FR\",\"@id\":\"https:\\\/\\\/decoplanta.com\\\/fr\\\/plantes-suspendues-artificielles\\\/arbuste-suspendu-epiphyllum-arificiel\\\/#primaryimage\",\"url\":\"https:\\\/\\\/decoplanta.com\\\/wp-content\\\/uploads\\\/2022\\\/10\\\/423981-Arbusto_Colgante-EPIPHYLLUM-120cm.jpg\",\"contentUrl\":\"https:\\\/\\\/decoplanta.com\\\/wp-content\\\/uploads\\\/2022\\\/10\\\/423981-Arbusto_Colgante-EPIPHYLLUM-120cm.jpg\",\"width\":2230,\"height\":2230,\"caption\":\"Arbusto Colgante EPIPHYLLUM de 120cm\"},{\"@type\":\"BreadcrumbList\",\"@id\":\"https:\\\/\\\/decoplanta.com\\\/fr\\\/plantes-suspendues-artificielles\\\/arbuste-suspendu-epiphyllum-arificiel\\\/#breadcrumb\",\"itemListElement\":[{\"@type\":\"ListItem\",\"position\":1,\"name\":\"Portada\",\"item\":\"https:\\\/\\\/decoplanta.com\\\/fr\\\/\"},{\"@type\":\"ListItem\",\"position\":2,\"name\":\"Priv\u00e9\u00a0: Tienda\",\"item\":\"https:\\\/\\\/decoplanta.com\\\/?page_id=377\"},{\"@type\":\"ListItem\",\"position\":3,\"name\":\"Arbuste suspendu EPIPHYLLUM\"}]},{\"@type\":\"WebSite\",\"@id\":\"https:\\\/\\\/decoplanta.com\\\/fr\\\/#website\",\"url\":\"https:\\\/\\\/decoplanta.com\\\/fr\\\/\",\"name\":\"PLANTES ET ARBRES ARTIFICIELS TR\u00c8S R\u00c9ALISTES\",\"description\":\"Proveedor de Plantas artificiales para estudios de Arquitectura, Interiorismo, Paisajismo, Escenograf\u00eda, Tiendas de Decoraci\u00f3n Florister\u00edas y Mobiliario\",\"publisher\":{\"@id\":\"https:\\\/\\\/decoplanta.com\\\/fr\\\/#organization\"},\"potentialAction\":[{\"@type\":\"SearchAction\",\"target\":{\"@type\":\"EntryPoint\",\"urlTemplate\":\"https:\\\/\\\/decoplanta.com\\\/fr\\\/?s={search_term_string}\"},\"query-input\":{\"@type\":\"PropertyValueSpecification\",\"valueRequired\":true,\"valueName\":\"search_term_string\"}}],\"inLanguage\":\"fr-FR\"},{\"@type\":\"Organization\",\"@id\":\"https:\\\/\\\/decoplanta.com\\\/fr\\\/#organization\",\"name\":\"PLANTES ET ARBRES ARTIFICIELS TR\u00c8S R\u00c9ALISTES\",\"url\":\"https:\\\/\\\/decoplanta.com\\\/fr\\\/\",\"logo\":{\"@type\":\"ImageObject\",\"inLanguage\":\"fr-FR\",\"@id\":\"https:\\\/\\\/decoplanta.com\\\/fr\\\/#\\\/schema\\\/logo\\\/image\\\/\",\"url\":\"https:\\\/\\\/decoplanta.com\\\/wp-content\\\/uploads\\\/2021\\\/02\\\/decoplanta-logo2020.svg\",\"contentUrl\":\"https:\\\/\\\/decoplanta.com\\\/wp-content\\\/uploads\\\/2021\\\/02\\\/decoplanta-logo2020.svg\",\"width\":500,\"height\":500,\"caption\":\"PLANTES ET ARBRES ARTIFICIELS TR\u00c8S R\u00c9ALISTES\"},\"image\":{\"@id\":\"https:\\\/\\\/decoplanta.com\\\/fr\\\/#\\\/schema\\\/logo\\\/image\\\/\"}}]}<\/script>\n<!-- \/ Yoast SEO plugin. -->","yoast_head_json":{"title":"Arbuste suspendu EPIPHYLLUM artificiel Grand r\u00e9alisme int\u00e9rieur","description":"Arbuste artificiel suspendu EPIPHYLLUM 120 cm pour l'int\u00e9rieur. Plante suspendue artificielle sans entretien de grand r\u00e9alisme","robots":{"index":"index","follow":"follow","max-snippet":"max-snippet:-1","max-image-preview":"max-image-preview:large","max-video-preview":"max-video-preview:-1"},"canonical":"https:\/\/decoplanta.com\/fr\/plantes-suspendues-artificielles\/arbuste-suspendu-epiphyllum-arificiel\/","og_locale":"fr_FR","og_type":"article","og_title":"Arbuste suspendu EPIPHYLLUM artificiel Grand r\u00e9alisme int\u00e9rieur","og_description":"Arbuste artificiel suspendu EPIPHYLLUM 120 cm pour l'int\u00e9rieur. Plante suspendue artificielle sans entretien de grand r\u00e9alisme","og_url":"https:\/\/decoplanta.com\/fr\/plantes-suspendues-artificielles\/arbuste-suspendu-epiphyllum-arificiel\/","og_site_name":"PLANTES ET ARBRES ARTIFICIELS TR\u00c8S R\u00c9ALISTES","article_modified_time":"2022-10-24T10:16:14+00:00","og_image":[{"width":2230,"height":2230,"url":"https:\/\/decoplanta.com\/wp-content\/uploads\/2022\/10\/423981-Arbusto_Colgante-EPIPHYLLUM-120cm.jpg","type":"image\/jpeg"}],"twitter_card":"summary_large_image","twitter_misc":{"Dur\u00e9e de lecture estim\u00e9e":"3 minutes"},"schema":{"@context":"https:\/\/schema.org","@graph":[{"@type":"WebPage","@id":"https:\/\/decoplanta.com\/fr\/plantes-suspendues-artificielles\/arbuste-suspendu-epiphyllum-arificiel\/","url":"https:\/\/decoplanta.com\/fr\/plantes-suspendues-artificielles\/arbuste-suspendu-epiphyllum-arificiel\/","name":"Arbuste suspendu EPIPHYLLUM artificiel Grand r\u00e9alisme int\u00e9rieur","isPartOf":{"@id":"https:\/\/decoplanta.com\/fr\/#website"},"primaryImageOfPage":{"@id":"https:\/\/decoplanta.com\/fr\/plantes-suspendues-artificielles\/arbuste-suspendu-epiphyllum-arificiel\/#primaryimage"},"image":{"@id":"https:\/\/decoplanta.com\/fr\/plantes-suspendues-artificielles\/arbuste-suspendu-epiphyllum-arificiel\/#primaryimage"},"thumbnailUrl":"https:\/\/decoplanta.com\/wp-content\/uploads\/2022\/10\/423981-Arbusto_Colgante-EPIPHYLLUM-120cm.jpg","datePublished":"2022-10-23T08:16:49+00:00","dateModified":"2022-10-24T10:16:14+00:00","description":"Arbuste artificiel suspendu EPIPHYLLUM 120 cm pour l'int\u00e9rieur. Plante suspendue artificielle sans entretien de grand r\u00e9alisme","breadcrumb":{"@id":"https:\/\/decoplanta.com\/fr\/plantes-suspendues-artificielles\/arbuste-suspendu-epiphyllum-arificiel\/#breadcrumb"},"inLanguage":"fr-FR","potentialAction":[{"@type":"ReadAction","target":["https:\/\/decoplanta.com\/fr\/plantes-suspendues-artificielles\/arbuste-suspendu-epiphyllum-arificiel\/"]}]},{"@type":"ImageObject","inLanguage":"fr-FR","@id":"https:\/\/decoplanta.com\/fr\/plantes-suspendues-artificielles\/arbuste-suspendu-epiphyllum-arificiel\/#primaryimage","url":"https:\/\/decoplanta.com\/wp-content\/uploads\/2022\/10\/423981-Arbusto_Colgante-EPIPHYLLUM-120cm.jpg","contentUrl":"https:\/\/decoplanta.com\/wp-content\/uploads\/2022\/10\/423981-Arbusto_Colgante-EPIPHYLLUM-120cm.jpg","width":2230,"height":2230,"caption":"Arbusto Colgante EPIPHYLLUM de 120cm"},{"@type":"BreadcrumbList","@id":"https:\/\/decoplanta.com\/fr\/plantes-suspendues-artificielles\/arbuste-suspendu-epiphyllum-arificiel\/#breadcrumb","itemListElement":[{"@type":"ListItem","position":1,"name":"Portada","item":"https:\/\/decoplanta.com\/fr\/"},{"@type":"ListItem","position":2,"name":"Priv\u00e9\u00a0: Tienda","item":"https:\/\/decoplanta.com\/?page_id=377"},{"@type":"ListItem","position":3,"name":"Arbuste suspendu EPIPHYLLUM"}]},{"@type":"WebSite","@id":"https:\/\/decoplanta.com\/fr\/#website","url":"https:\/\/decoplanta.com\/fr\/","name":"PLANTES ET ARBRES ARTIFICIELS TR\u00c8S R\u00c9ALISTES","description":"Proveedor de Plantas artificiales para estudios de Arquitectura, Interiorismo, Paisajismo, Escenograf\u00eda, Tiendas de Decoraci\u00f3n Florister\u00edas y Mobiliario","publisher":{"@id":"https:\/\/decoplanta.com\/fr\/#organization"},"potentialAction":[{"@type":"SearchAction","target":{"@type":"EntryPoint","urlTemplate":"https:\/\/decoplanta.com\/fr\/?s={search_term_string}"},"query-input":{"@type":"PropertyValueSpecification","valueRequired":true,"valueName":"search_term_string"}}],"inLanguage":"fr-FR"},{"@type":"Organization","@id":"https:\/\/decoplanta.com\/fr\/#organization","name":"PLANTES ET ARBRES ARTIFICIELS TR\u00c8S R\u00c9ALISTES","url":"https:\/\/decoplanta.com\/fr\/","logo":{"@type":"ImageObject","inLanguage":"fr-FR","@id":"https:\/\/decoplanta.com\/fr\/#\/schema\/logo\/image\/","url":"https:\/\/decoplanta.com\/wp-content\/uploads\/2021\/02\/decoplanta-logo2020.svg","contentUrl":"https:\/\/decoplanta.com\/wp-content\/uploads\/2021\/02\/decoplanta-logo2020.svg","width":500,"height":500,"caption":"PLANTES ET ARBRES ARTIFICIELS TR\u00c8S R\u00c9ALISTES"},"image":{"@id":"https:\/\/decoplanta.com\/fr\/#\/schema\/logo\/image\/"}}]}},"_links":{"self":[{"href":"https:\/\/decoplanta.com\/fr\/wp-json\/wp\/v2\/product\/5282","targetHints":{"allow":["GET"]}}],"collection":[{"href":"https:\/\/decoplanta.com\/fr\/wp-json\/wp\/v2\/product"}],"about":[{"href":"https:\/\/decoplanta.com\/fr\/wp-json\/wp\/v2\/types\/product"}],"version-history":[{"count":0,"href":"https:\/\/decoplanta.com\/fr\/wp-json\/wp\/v2\/product\/5282\/revisions"}],"wp:featuredmedia":[{"embeddable":true,"href":"https:\/\/decoplanta.com\/fr\/wp-json\/wp\/v2\/media\/5380"}],"wp:attachment":[{"href":"https:\/\/decoplanta.com\/fr\/wp-json\/wp\/v2\/media?parent=5282"}],"wp:term":[{"taxonomy":"product_brand","embeddable":true,"href":"https:\/\/decoplanta.com\/fr\/wp-json\/wp\/v2\/product_brand?post=5282"},{"taxonomy":"product_cat","embeddable":true,"href":"https:\/\/decoplanta.com\/fr\/wp-json\/wp\/v2\/product_cat?post=5282"},{"taxonomy":"product_tag","embeddable":true,"href":"https:\/\/decoplanta.com\/fr\/wp-json\/wp\/v2\/product_tag?post=5282"}],"curies":[{"name":"wp","href":"https:\/\/api.w.org\/{rel}","templated":true}]}}