{"id":5456,"date":"2025-03-10T10:07:23","date_gmt":"2022-12-05T18:02:58","guid":{"rendered":"https:\/\/decoplanta.com\/?post_type=product&#038;p=5456"},"modified":"2022-12-05T19:06:53","modified_gmt":"2022-12-05T18:06:53","slug":"fougere-artificielle-uv-90cm-pour-l-exterior","status":"publish","type":"product","link":"https:\/\/decoplanta.com\/fr\/plantes-pour-lexterieur-artificielles\/fougere-artificielle-uv-90cm-pour-l-exterior\/","title":{"rendered":"FOUG\u00c8RE UV"},"content":{"rendered":"<p>FOUG\u00c8RE artificielle pour l&rsquo;ext\u00e9rieur, hauteur 90 cm. Avec une protection UV, il peut vivre \u00e0 l&rsquo;ext\u00e9rieur et ne se d\u00e9colore pas, ce qui en fait le compl\u00e9ment parfait \u00e0 votre jardin. Incroyablement beau, il ajoute de la couleur et une sensation naturelle \u00e0 n&rsquo;importe quel espace. Avec des feuilles vertes d\u00e9licates pour ajouter de la texture. Comprend une jardini\u00e8re de base.<\/p>\n<p>Plante d&rsquo;origine tropicale, provenant de pays comme l&rsquo;Uruguay, le Br\u00e9sil et le Paraguay. C&rsquo;est une foug\u00e8re tr\u00e8s utilis\u00e9e pour d\u00e9corer l&rsquo;ext\u00e9rieur de la maison en pot ou en bac \u00e0 suspendre. C&rsquo;est une plante d&rsquo;int\u00e9rieur dans un endroit humide et \u00e9clair\u00e9. Il peut \u00e9galement \u00eatre plac\u00e9 \u00e0 l&rsquo;ext\u00e9rieur \u00e0 l&rsquo;ombre ou \u00e0 mi-ombre, o\u00f9 il ne re\u00e7oit pas de soleil direct.<\/p>\n<h3>En quoi la foug\u00e8re UV artificielle est-elle diff\u00e9rente des autres foug\u00e8res ?<\/h3>\n<p>Maidenhair (Adiantum cuneatum) est une foug\u00e8re appartenant \u00e0 la famille des Pteridaceae. C&rsquo;est une plante herbac\u00e9e vivace atteignant 50 cm de haut, avec un rhizome long et rampant. Il pousse g\u00e9n\u00e9ralement sur les parois rocheuses des sources et des endroits ombrag\u00e9s. De plus, ce sont des plantes qui manquent de fleurs, de fruits et de graines, donc leur sp\u00e9cialit\u00e9 est dans leurs feuilles.<\/p>\n<p>Les <a href=\"https:\/\/es.wikipedia.org\/wiki\/Filicopsida#:~:text=Los%20helechos%20son%20plantas%20sin,Los%20helechos%20son%20notables%20por%3A&amp;text=Sus%20hojas%20(frondes).\">foug\u00e8res<\/a> sont des plantes sans fleurs ni graines, appartenant au groupe des pt\u00e9ridophytes. Ils se reproduisent au moyen de spores, qui ont besoin de la pr\u00e9sence d&rsquo;eau pour compl\u00e9ter leur cycle biologique.<\/p>\n<h3>Plante artificielle pour d\u00e9corer votre jardin ou votre terrasse<\/h3>\n<p>Nos plantes artificielles de la rubrique \u00ab\u00a0Mini D\u00e9coration\u00a0\u00bb changeront l&rsquo;apparence de votre espace de travail. Vous trouverez ici diff\u00e9rents types de plantes artificielles qui s&rsquo;int\u00e9greront parfaitement dans votre bureau. Nous avons une grande vari\u00e9t\u00e9 de petites plantes artificielles avec lesquelles compl\u00e9ter les espaces avec un d\u00e9tail v\u00e9g\u00e9tal. Nos plantes artificielles sont \u00e9galement id\u00e9ales pour tout style de d\u00e9coration. Des styles classiques, rustiques, modernes ou encore minimalistes pour les amateurs de d\u00e9co. Nos petites plantes artificielles sont parfaites pour faire de votre entreprise un lieu attractif pour les clients. Un petit d\u00e9tail comme celui-ci est tr\u00e8s important pour cr\u00e9er une bonne impression. Comment pourrait-il en \u00eatre autrement, nos centres de table sont l&rsquo;\u00e9l\u00e9ment qu&rsquo;il vous faut pour changer l&rsquo;image de votre entreprise.<\/p>\n<p>Plante d&rsquo;origine tropicale, originaire de pays comme l&rsquo;Uruguay, le Br\u00e9sil et le Paraguay. Es un helecho muy utilizado para decorar el <a href=\"https:\/\/decoplanta.com\/etiqueta-producto\/helecho-de-exterior\/\">exterior<\/a> de la vivienda en maceta o en tarrina para colgar. C&rsquo;est une plante d&rsquo;int\u00e9rieur dans un endroit humide et \u00e9clair\u00e9. Il peut \u00e9galement \u00eatre plac\u00e9 \u00e0 l&rsquo;ext\u00e9rieur \u00e0 l&rsquo;ombre ou \u00e0 mi-ombre, o\u00f9 il ne re\u00e7oit pas de soleil direct.<\/p>\n","protected":false},"excerpt":{"rendered":"<p>FOUG\u00c8RE artificielle pour l&rsquo;ext\u00e9rieur, hauteur 90 cm. Avec une protection UV, il peut vivre \u00e0 l&rsquo;ext\u00e9rieur et ne se d\u00e9colore pas, ce qui en fait le compl\u00e9ment parfait \u00e0 votre jardin. Incroyablement beau, il ajoute de la couleur et une sensation naturelle \u00e0 n&rsquo;importe quel espace. Avec des feuilles vertes d\u00e9licates pour ajouter de la texture. Comprend une jardini\u00e8re de base.<\/p>\n<table>\n<tbody>\n<tr>\n<td><strong>R\u00c9F<\/strong><\/td>\n<td>Hauteur<\/td>\n<\/tr>\n<tr>\n<td><strong>430308<\/strong><\/td>\n<td>90 cm<\/td>\n<\/tr>\n<\/tbody>\n<\/table>\n","protected":false},"featured_media":5428,"template":"","meta":{"_monsterinsights_skip_tracking":false,"_monsterinsights_sitenote_active":false,"_monsterinsights_sitenote_note":"","_monsterinsights_sitenote_category":0},"product_brand":[],"product_cat":[250],"product_tag":[263,268,278],"class_list":{"0":"post-5456","1":"product","2":"type-product","3":"status-publish","4":"has-post-thumbnail","6":"product_cat-plantes-pour-lexterieur-artificielles","7":"product_tag-plantes-artificielles-avec-protection-uv","8":"product_tag-fougere-pour-lexterieur","9":"product_tag-plante-tropicale","10":"","11":"woocommerce-text-align-center","12":"woocommerce-image-align-center","13":"do-quantity-buttons","15":"first","16":"instock","17":"taxable","18":"shipping-taxable","19":"purchasable","20":"product-type-simple"},"yoast_head":"<!-- This site is optimized with the Yoast SEO plugin v27.4 - https:\/\/yoast.com\/product\/yoast-seo-wordpress\/ -->\n<title>FOUG\u00c8RE artificielle pour l&#039;ext\u00e9rieur avec protection UV<\/title>\n<meta name=\"description\" content=\"FOUG\u00c8RE artificielle pour l&#039;ext\u00e9rieur de 90 cm de haut. Avec protection UV. Ne se d\u00e9colore pas, devenant le compl\u00e9ment parfait dans votre jardin\" \/>\n<meta name=\"robots\" content=\"index, follow, max-snippet:-1, max-image-preview:large, max-video-preview:-1\" \/>\n<link rel=\"canonical\" href=\"https:\/\/decoplanta.com\/fr\/plantes-pour-lexterieur-artificielles\/fougere-artificielle-uv-90cm-pour-l-exterior\/\" \/>\n<meta property=\"og:locale\" content=\"fr_FR\" \/>\n<meta property=\"og:type\" content=\"article\" \/>\n<meta property=\"og:title\" content=\"FOUG\u00c8RE artificielle pour l&#039;ext\u00e9rieur avec protection UV\" \/>\n<meta property=\"og:description\" content=\"FOUG\u00c8RE artificielle pour l&#039;ext\u00e9rieur de 90 cm de haut. Avec protection UV. Ne se d\u00e9colore pas, devenant le compl\u00e9ment parfait dans votre jardin\" \/>\n<meta property=\"og:url\" content=\"https:\/\/decoplanta.com\/fr\/plantes-pour-lexterieur-artificielles\/fougere-artificielle-uv-90cm-pour-l-exterior\/\" \/>\n<meta property=\"og:site_name\" content=\"PLANTES ET ARBRES ARTIFICIELS TR\u00c8S R\u00c9ALISTES\" \/>\n<meta property=\"article:modified_time\" content=\"2022-12-05T18:06:53+00:00\" \/>\n<meta property=\"og:image\" content=\"https:\/\/decoplanta.com\/wp-content\/uploads\/2022\/12\/430308-HELECHO_UV-90cm.jpg\" \/>\n\t<meta property=\"og:image:width\" content=\"2300\" \/>\n\t<meta property=\"og:image:height\" content=\"2300\" \/>\n\t<meta property=\"og:image:type\" content=\"image\/jpeg\" \/>\n<meta name=\"twitter:card\" content=\"summary_large_image\" \/>\n<meta name=\"twitter:label1\" content=\"Dur\u00e9e de lecture estim\u00e9e\" \/>\n\t<meta name=\"twitter:data1\" content=\"2 minutes\" \/>\n<script type=\"application\/ld+json\" class=\"yoast-schema-graph\">{\"@context\":\"https:\\\/\\\/schema.org\",\"@graph\":[{\"@type\":\"WebPage\",\"@id\":\"https:\\\/\\\/decoplanta.com\\\/fr\\\/plantes-pour-lexterieur-artificielles\\\/fougere-artificielle-uv-90cm-pour-l-exterior\\\/\",\"url\":\"https:\\\/\\\/decoplanta.com\\\/fr\\\/plantes-pour-lexterieur-artificielles\\\/fougere-artificielle-uv-90cm-pour-l-exterior\\\/\",\"name\":\"FOUG\u00c8RE artificielle pour l'ext\u00e9rieur avec protection UV\",\"isPartOf\":{\"@id\":\"https:\\\/\\\/decoplanta.com\\\/fr\\\/#website\"},\"primaryImageOfPage\":{\"@id\":\"https:\\\/\\\/decoplanta.com\\\/fr\\\/plantes-pour-lexterieur-artificielles\\\/fougere-artificielle-uv-90cm-pour-l-exterior\\\/#primaryimage\"},\"image\":{\"@id\":\"https:\\\/\\\/decoplanta.com\\\/fr\\\/plantes-pour-lexterieur-artificielles\\\/fougere-artificielle-uv-90cm-pour-l-exterior\\\/#primaryimage\"},\"thumbnailUrl\":\"https:\\\/\\\/decoplanta.com\\\/wp-content\\\/uploads\\\/2022\\\/12\\\/430308-HELECHO_UV-90cm.jpg\",\"datePublished\":\"2022-12-05T18:02:58+00:00\",\"dateModified\":\"2022-12-05T18:06:53+00:00\",\"description\":\"FOUG\u00c8RE artificielle pour l'ext\u00e9rieur de 90 cm de haut. Avec protection UV. Ne se d\u00e9colore pas, devenant le compl\u00e9ment parfait dans votre jardin\",\"breadcrumb\":{\"@id\":\"https:\\\/\\\/decoplanta.com\\\/fr\\\/plantes-pour-lexterieur-artificielles\\\/fougere-artificielle-uv-90cm-pour-l-exterior\\\/#breadcrumb\"},\"inLanguage\":\"fr-FR\",\"potentialAction\":[{\"@type\":\"ReadAction\",\"target\":[\"https:\\\/\\\/decoplanta.com\\\/fr\\\/plantes-pour-lexterieur-artificielles\\\/fougere-artificielle-uv-90cm-pour-l-exterior\\\/\"]}]},{\"@type\":\"ImageObject\",\"inLanguage\":\"fr-FR\",\"@id\":\"https:\\\/\\\/decoplanta.com\\\/fr\\\/plantes-pour-lexterieur-artificielles\\\/fougere-artificielle-uv-90cm-pour-l-exterior\\\/#primaryimage\",\"url\":\"https:\\\/\\\/decoplanta.com\\\/wp-content\\\/uploads\\\/2022\\\/12\\\/430308-HELECHO_UV-90cm.jpg\",\"contentUrl\":\"https:\\\/\\\/decoplanta.com\\\/wp-content\\\/uploads\\\/2022\\\/12\\\/430308-HELECHO_UV-90cm.jpg\",\"width\":2300,\"height\":2300,\"caption\":\"Helecho artificial para exterior de 90 cm\"},{\"@type\":\"BreadcrumbList\",\"@id\":\"https:\\\/\\\/decoplanta.com\\\/fr\\\/plantes-pour-lexterieur-artificielles\\\/fougere-artificielle-uv-90cm-pour-l-exterior\\\/#breadcrumb\",\"itemListElement\":[{\"@type\":\"ListItem\",\"position\":1,\"name\":\"Portada\",\"item\":\"https:\\\/\\\/decoplanta.com\\\/fr\\\/\"},{\"@type\":\"ListItem\",\"position\":2,\"name\":\"Priv\u00e9\u00a0: Tienda\",\"item\":\"https:\\\/\\\/decoplanta.com\\\/?page_id=377\"},{\"@type\":\"ListItem\",\"position\":3,\"name\":\"FOUG\u00c8RE UV\"}]},{\"@type\":\"WebSite\",\"@id\":\"https:\\\/\\\/decoplanta.com\\\/fr\\\/#website\",\"url\":\"https:\\\/\\\/decoplanta.com\\\/fr\\\/\",\"name\":\"PLANTES ET ARBRES ARTIFICIELS TR\u00c8S R\u00c9ALISTES\",\"description\":\"Proveedor de Plantas artificiales para estudios de Arquitectura, Interiorismo, Paisajismo, Escenograf\u00eda, Tiendas de Decoraci\u00f3n Florister\u00edas y Mobiliario\",\"publisher\":{\"@id\":\"https:\\\/\\\/decoplanta.com\\\/fr\\\/#organization\"},\"potentialAction\":[{\"@type\":\"SearchAction\",\"target\":{\"@type\":\"EntryPoint\",\"urlTemplate\":\"https:\\\/\\\/decoplanta.com\\\/fr\\\/?s={search_term_string}\"},\"query-input\":{\"@type\":\"PropertyValueSpecification\",\"valueRequired\":true,\"valueName\":\"search_term_string\"}}],\"inLanguage\":\"fr-FR\"},{\"@type\":\"Organization\",\"@id\":\"https:\\\/\\\/decoplanta.com\\\/fr\\\/#organization\",\"name\":\"PLANTES ET ARBRES ARTIFICIELS TR\u00c8S R\u00c9ALISTES\",\"url\":\"https:\\\/\\\/decoplanta.com\\\/fr\\\/\",\"logo\":{\"@type\":\"ImageObject\",\"inLanguage\":\"fr-FR\",\"@id\":\"https:\\\/\\\/decoplanta.com\\\/fr\\\/#\\\/schema\\\/logo\\\/image\\\/\",\"url\":\"https:\\\/\\\/decoplanta.com\\\/wp-content\\\/uploads\\\/2021\\\/02\\\/decoplanta-logo2020.svg\",\"contentUrl\":\"https:\\\/\\\/decoplanta.com\\\/wp-content\\\/uploads\\\/2021\\\/02\\\/decoplanta-logo2020.svg\",\"width\":500,\"height\":500,\"caption\":\"PLANTES ET ARBRES ARTIFICIELS TR\u00c8S R\u00c9ALISTES\"},\"image\":{\"@id\":\"https:\\\/\\\/decoplanta.com\\\/fr\\\/#\\\/schema\\\/logo\\\/image\\\/\"}}]}<\/script>\n<!-- \/ Yoast SEO plugin. -->","yoast_head_json":{"title":"FOUG\u00c8RE artificielle pour l'ext\u00e9rieur avec protection UV","description":"FOUG\u00c8RE artificielle pour l'ext\u00e9rieur de 90 cm de haut. Avec protection UV. Ne se d\u00e9colore pas, devenant le compl\u00e9ment parfait dans votre jardin","robots":{"index":"index","follow":"follow","max-snippet":"max-snippet:-1","max-image-preview":"max-image-preview:large","max-video-preview":"max-video-preview:-1"},"canonical":"https:\/\/decoplanta.com\/fr\/plantes-pour-lexterieur-artificielles\/fougere-artificielle-uv-90cm-pour-l-exterior\/","og_locale":"fr_FR","og_type":"article","og_title":"FOUG\u00c8RE artificielle pour l'ext\u00e9rieur avec protection UV","og_description":"FOUG\u00c8RE artificielle pour l'ext\u00e9rieur de 90 cm de haut. Avec protection UV. Ne se d\u00e9colore pas, devenant le compl\u00e9ment parfait dans votre jardin","og_url":"https:\/\/decoplanta.com\/fr\/plantes-pour-lexterieur-artificielles\/fougere-artificielle-uv-90cm-pour-l-exterior\/","og_site_name":"PLANTES ET ARBRES ARTIFICIELS TR\u00c8S R\u00c9ALISTES","article_modified_time":"2022-12-05T18:06:53+00:00","og_image":[{"width":2300,"height":2300,"url":"https:\/\/decoplanta.com\/wp-content\/uploads\/2022\/12\/430308-HELECHO_UV-90cm.jpg","type":"image\/jpeg"}],"twitter_card":"summary_large_image","twitter_misc":{"Dur\u00e9e de lecture estim\u00e9e":"2 minutes"},"schema":{"@context":"https:\/\/schema.org","@graph":[{"@type":"WebPage","@id":"https:\/\/decoplanta.com\/fr\/plantes-pour-lexterieur-artificielles\/fougere-artificielle-uv-90cm-pour-l-exterior\/","url":"https:\/\/decoplanta.com\/fr\/plantes-pour-lexterieur-artificielles\/fougere-artificielle-uv-90cm-pour-l-exterior\/","name":"FOUG\u00c8RE artificielle pour l'ext\u00e9rieur avec protection UV","isPartOf":{"@id":"https:\/\/decoplanta.com\/fr\/#website"},"primaryImageOfPage":{"@id":"https:\/\/decoplanta.com\/fr\/plantes-pour-lexterieur-artificielles\/fougere-artificielle-uv-90cm-pour-l-exterior\/#primaryimage"},"image":{"@id":"https:\/\/decoplanta.com\/fr\/plantes-pour-lexterieur-artificielles\/fougere-artificielle-uv-90cm-pour-l-exterior\/#primaryimage"},"thumbnailUrl":"https:\/\/decoplanta.com\/wp-content\/uploads\/2022\/12\/430308-HELECHO_UV-90cm.jpg","datePublished":"2022-12-05T18:02:58+00:00","dateModified":"2022-12-05T18:06:53+00:00","description":"FOUG\u00c8RE artificielle pour l'ext\u00e9rieur de 90 cm de haut. Avec protection UV. Ne se d\u00e9colore pas, devenant le compl\u00e9ment parfait dans votre jardin","breadcrumb":{"@id":"https:\/\/decoplanta.com\/fr\/plantes-pour-lexterieur-artificielles\/fougere-artificielle-uv-90cm-pour-l-exterior\/#breadcrumb"},"inLanguage":"fr-FR","potentialAction":[{"@type":"ReadAction","target":["https:\/\/decoplanta.com\/fr\/plantes-pour-lexterieur-artificielles\/fougere-artificielle-uv-90cm-pour-l-exterior\/"]}]},{"@type":"ImageObject","inLanguage":"fr-FR","@id":"https:\/\/decoplanta.com\/fr\/plantes-pour-lexterieur-artificielles\/fougere-artificielle-uv-90cm-pour-l-exterior\/#primaryimage","url":"https:\/\/decoplanta.com\/wp-content\/uploads\/2022\/12\/430308-HELECHO_UV-90cm.jpg","contentUrl":"https:\/\/decoplanta.com\/wp-content\/uploads\/2022\/12\/430308-HELECHO_UV-90cm.jpg","width":2300,"height":2300,"caption":"Helecho artificial para exterior de 90 cm"},{"@type":"BreadcrumbList","@id":"https:\/\/decoplanta.com\/fr\/plantes-pour-lexterieur-artificielles\/fougere-artificielle-uv-90cm-pour-l-exterior\/#breadcrumb","itemListElement":[{"@type":"ListItem","position":1,"name":"Portada","item":"https:\/\/decoplanta.com\/fr\/"},{"@type":"ListItem","position":2,"name":"Priv\u00e9\u00a0: Tienda","item":"https:\/\/decoplanta.com\/?page_id=377"},{"@type":"ListItem","position":3,"name":"FOUG\u00c8RE UV"}]},{"@type":"WebSite","@id":"https:\/\/decoplanta.com\/fr\/#website","url":"https:\/\/decoplanta.com\/fr\/","name":"PLANTES ET ARBRES ARTIFICIELS TR\u00c8S R\u00c9ALISTES","description":"Proveedor de Plantas artificiales para estudios de Arquitectura, Interiorismo, Paisajismo, Escenograf\u00eda, Tiendas de Decoraci\u00f3n Florister\u00edas y Mobiliario","publisher":{"@id":"https:\/\/decoplanta.com\/fr\/#organization"},"potentialAction":[{"@type":"SearchAction","target":{"@type":"EntryPoint","urlTemplate":"https:\/\/decoplanta.com\/fr\/?s={search_term_string}"},"query-input":{"@type":"PropertyValueSpecification","valueRequired":true,"valueName":"search_term_string"}}],"inLanguage":"fr-FR"},{"@type":"Organization","@id":"https:\/\/decoplanta.com\/fr\/#organization","name":"PLANTES ET ARBRES ARTIFICIELS TR\u00c8S R\u00c9ALISTES","url":"https:\/\/decoplanta.com\/fr\/","logo":{"@type":"ImageObject","inLanguage":"fr-FR","@id":"https:\/\/decoplanta.com\/fr\/#\/schema\/logo\/image\/","url":"https:\/\/decoplanta.com\/wp-content\/uploads\/2021\/02\/decoplanta-logo2020.svg","contentUrl":"https:\/\/decoplanta.com\/wp-content\/uploads\/2021\/02\/decoplanta-logo2020.svg","width":500,"height":500,"caption":"PLANTES ET ARBRES ARTIFICIELS TR\u00c8S R\u00c9ALISTES"},"image":{"@id":"https:\/\/decoplanta.com\/fr\/#\/schema\/logo\/image\/"}}]}},"_links":{"self":[{"href":"https:\/\/decoplanta.com\/fr\/wp-json\/wp\/v2\/product\/5456","targetHints":{"allow":["GET"]}}],"collection":[{"href":"https:\/\/decoplanta.com\/fr\/wp-json\/wp\/v2\/product"}],"about":[{"href":"https:\/\/decoplanta.com\/fr\/wp-json\/wp\/v2\/types\/product"}],"version-history":[{"count":0,"href":"https:\/\/decoplanta.com\/fr\/wp-json\/wp\/v2\/product\/5456\/revisions"}],"wp:featuredmedia":[{"embeddable":true,"href":"https:\/\/decoplanta.com\/fr\/wp-json\/wp\/v2\/media\/5428"}],"wp:attachment":[{"href":"https:\/\/decoplanta.com\/fr\/wp-json\/wp\/v2\/media?parent=5456"}],"wp:term":[{"taxonomy":"product_brand","embeddable":true,"href":"https:\/\/decoplanta.com\/fr\/wp-json\/wp\/v2\/product_brand?post=5456"},{"taxonomy":"product_cat","embeddable":true,"href":"https:\/\/decoplanta.com\/fr\/wp-json\/wp\/v2\/product_cat?post=5456"},{"taxonomy":"product_tag","embeddable":true,"href":"https:\/\/decoplanta.com\/fr\/wp-json\/wp\/v2\/product_tag?post=5456"}],"curies":[{"name":"wp","href":"https:\/\/api.w.org\/{rel}","templated":true}]}}