{"id":5501,"date":"2023-01-25T15:13:39","date_gmt":"2023-01-25T09:40:40","guid":{"rendered":"https:\/\/decoplanta.com\/?post_type=product&#038;p=5501"},"modified":"2023-01-29T11:06:49","modified_gmt":"2023-01-29T10:06:49","slug":"grand-palmier-phoenix-260cm","status":"publish","type":"product","link":"https:\/\/decoplanta.com\/fr\/plantes-dinterieur-artificielles\/grand-palmier-phoenix-260cm\/","title":{"rendered":"GRAND PALMIER"},"content":{"rendered":"<p><strong>GRAND PALMIER PHOENIX artificiel<\/strong>, tr\u00e8s haut et incroyablement r\u00e9aliste et fini avec une attention aux d\u00e9tails, sp\u00e9cimen multi-tronc avec rev\u00eatement naturel et branches r\u00e9glables. Toute l&rsquo;\u00e9l\u00e9gance que peut avoir un palmier artificiel. Disponible en hauteur 260 cm. Il est livr\u00e9 avec un pot de base inclus et ne n\u00e9cessite aucun entretien.<\/p>\n<p>Arbre GRAN PALMERA de haut r\u00e9alisme, ses feuilles sont vert citron et il a un tronc haute d\u00e9finition avec fourrure. Hauteur : 2,60 m. Comprend une pot de base.<\/p>\n<p>Tout d&rsquo;abord, les palmiers PHOENIX sont un genre de palmiers qui poussent dans de nombreuses r\u00e9gions du monde. La grande majorit\u00e9 des esp\u00e8ces sont tr\u00e8s hautes et solitaires, mais il en existe d&rsquo;autres plus courtes, id\u00e9ales pour avoir dans de petits jardins ou en pots.Nos protagonistes sont des palmiers originaires des \u00eeles Canaries, d&rsquo;Afrique du Nord et d&rsquo;Asie du Sud et de l&rsquo;Est.<\/p>\n<h2>D\u00e9corez votre terrasse avec ce palmier Phoenix artificiel<\/h2>\n<p>Son nom d&rsquo;origine est Phoenix, <strong>Phoenix canariensis<\/strong>, le palmier Phoenix ou palmier des Canaries, est une esp\u00e8ce de palmier <a href=\"https:\/\/es.wikipedia.org\/wiki\/Endemismo\">end\u00e9mique<\/a> des <a href=\"https:\/\/es.wikipedia.org\/wiki\/Islas_Canarias\">\u00eeles Canaries.<\/a><\/p>\n<p>De par sa beaut\u00e9, sa facilit\u00e9 d&rsquo;adaptation et sa r\u00e9sistance au froid, c&rsquo;est l&rsquo;un des palmiers les plus utilis\u00e9s en jardinage. C&rsquo;est une esp\u00e8ce prot\u00e9g\u00e9e sur les \u00eeles d&rsquo;origine.<\/p>\n<p>De plus, ce sont des plantes pouvant atteindre une hauteur de 2 \u00e0 35 m\u00e8tres, avec un tronc solitaire ou multicaule (form\u00e9 de plusieurs tiges). Aussi, sa couronne est compos\u00e9e de feuilles dispos\u00e9es en spirale, et elles sont penn\u00e9es, p\u00e9tiol\u00e9es, et dont les folioles basales se transforment en \u00e9pines. Les fleurs sont regroup\u00e9es en inflorescences pendantes, et il y en a des m\u00e2les et des femelles. Les graines ont une forme ellipso\u00efdale, subcylindrique ou plate-convexe, rugueuse et avec une rainure lat\u00e9rale.<\/p>\n<h3>Un palmier \u00e0 usage ornemental pour votre jardin int\u00e9rieur<\/h3>\n<p>Ce <strong>grand palmier PHOENIX artificiel<\/strong> aura fi\u00e8re allure dans n&rsquo;importe quel coin, soit comme sp\u00e9cimen solitaire des plus grandes esp\u00e8ces, soit en groupe. Certains d&rsquo;entre eux, comme le palmier des Canaries, donnent une tr\u00e8s bonne ombre, ils sont donc une tr\u00e8s bonne option lorsque vous souhaitez avoir une plante qui vous permette de vous prot\u00e9ger du soleil.<\/p>\n<p>Son entretien est tr\u00e8s simple, \u00e0 tel point qu&rsquo;il est fort possible qu&rsquo;il vous surprenne. Jetez un coup d&rsquo;\u0153il \u00e0 ce palmier et vous serez surpris par son grand r\u00e9alisme.<\/p>\n<p>D\u00e9couvrez nos nouveaux <a href=\"https:\/\/decoplanta.com\/fr\/plantes-dinterieur-artificielles\/\">grands arbres d&rsquo;int\u00e9rieur<\/a>, comme le <a href=\"https:\/\/decoplanta.com\/fr\/plantes-dinterieur-artificielles\/grand-olivier-artificiel-280cm\/\">GRAND OLIVIER<\/a>, le <a href=\"https:\/\/decoplanta.com\/fr\/plantes-dinterieur-artificielles\/grand-cerisier-en-fleur-artificiel-320cm\/\">GRAND CERISIER<\/a> ou notre merveilleux <a href=\"https:\/\/decoplanta.com\/fr\/plantes-dinterieur-artificielles\/grand-magnolia-artificielle-240cm\/\">GRAND MAGNOLIA<\/a>, ainsi que le <a href=\"https:\/\/decoplanta.com\/fr\/plantes-dinterieur-artificielles\/kentia-maxi-artificiel\/\">KENTIA MAXI<\/a> ou le <a href=\"https:\/\/decoplanta.com\/fr\/plantes-dinterieur-artificielles\/grand-arbre-ficus-lyrata\/\">GRAND FICUS LYRATA<\/a> de 3 m\u00e8tres de haut.<\/p>\n<p>&nbsp;<\/p>\n<p>&nbsp;<\/p>\n","protected":false},"excerpt":{"rendered":"<p>Arbre GRAND PALMIER tr\u00e8s r\u00e9aliste, avec des feuilles vert citron et un tronc haute d\u00e9finition avec fourrure. Hauteur : 2.60m. Il est livr\u00e9 avec une pot de base incluse et ne n\u00e9cessite aucun entretien.<\/p>\n<table>\n<tbody>\n<tr>\n<td><strong>R\u00c9F<\/strong><\/td>\n<td><strong>HAUTEUR<\/strong><\/td>\n<\/tr>\n<tr>\n<td>430329<\/td>\n<td>260 cm<\/td>\n<\/tr>\n<\/tbody>\n<\/table>\n","protected":false},"featured_media":5513,"template":"","meta":{"_monsterinsights_skip_tracking":false,"_monsterinsights_sitenote_active":false,"_monsterinsights_sitenote_note":"","_monsterinsights_sitenote_category":0},"product_brand":[],"product_cat":[251],"product_tag":[276],"class_list":{"0":"post-5501","1":"product","2":"type-product","3":"status-publish","4":"has-post-thumbnail","6":"product_cat-plantes-dinterieur-artificielles","7":"product_tag-palmier-artificiel","8":"","9":"woocommerce-text-align-center","10":"woocommerce-image-align-center","11":"do-quantity-buttons","13":"first","14":"instock","15":"taxable","16":"shipping-taxable","17":"purchasable","18":"product-type-simple"},"yoast_head":"<!-- This site is optimized with the Yoast SEO plugin v27.3 - https:\/\/yoast.com\/product\/yoast-seo-wordpress\/ -->\n<title>GRAND PALMIER PHOENIX artificiel tr\u00e8s r\u00e9aliste - Haut: 2,60 m<\/title>\n<meta name=\"description\" content=\"GRAND PALMIER PHOENIX artificiel tr\u00e8s r\u00e9aliste, avec des feuilles vert citron et un tronc haute d\u00e9finition avec fourrure. Pour la d\u00e9coration int\u00e9rieure\" \/>\n<meta name=\"robots\" content=\"index, follow, max-snippet:-1, max-image-preview:large, max-video-preview:-1\" \/>\n<link rel=\"canonical\" href=\"https:\/\/decoplanta.com\/fr\/plantes-dinterieur-artificielles\/grand-palmier-phoenix-260cm\/\" \/>\n<meta property=\"og:locale\" content=\"fr_FR\" \/>\n<meta property=\"og:type\" content=\"article\" \/>\n<meta property=\"og:title\" content=\"GRAND PALMIER PHOENIX artificiel tr\u00e8s r\u00e9aliste - Haut: 2,60 m\" \/>\n<meta property=\"og:description\" content=\"GRAND PALMIER PHOENIX artificiel tr\u00e8s r\u00e9aliste, avec des feuilles vert citron et un tronc haute d\u00e9finition avec fourrure. Pour la d\u00e9coration int\u00e9rieure\" \/>\n<meta property=\"og:url\" content=\"https:\/\/decoplanta.com\/fr\/plantes-dinterieur-artificielles\/grand-palmier-phoenix-260cm\/\" \/>\n<meta property=\"og:site_name\" content=\"PLANTES ET ARBRES ARTIFICIELS TR\u00c8S R\u00c9ALISTES\" \/>\n<meta property=\"article:modified_time\" content=\"2023-01-29T10:06:49+00:00\" \/>\n<meta property=\"og:image\" content=\"https:\/\/decoplanta.com\/wp-content\/uploads\/2023\/01\/430329-GRAN_PALMERA-260cm-scaled.jpg\" \/>\n\t<meta property=\"og:image:width\" content=\"2560\" \/>\n\t<meta property=\"og:image:height\" content=\"2560\" \/>\n\t<meta property=\"og:image:type\" content=\"image\/jpeg\" \/>\n<meta name=\"twitter:card\" content=\"summary_large_image\" \/>\n<meta name=\"twitter:label1\" content=\"Dur\u00e9e de lecture estim\u00e9e\" \/>\n\t<meta name=\"twitter:data1\" content=\"2 minutes\" \/>\n<script type=\"application\/ld+json\" class=\"yoast-schema-graph\">{\"@context\":\"https:\\\/\\\/schema.org\",\"@graph\":[{\"@type\":\"WebPage\",\"@id\":\"https:\\\/\\\/decoplanta.com\\\/fr\\\/plantes-dinterieur-artificielles\\\/grand-palmier-phoenix-260cm\\\/\",\"url\":\"https:\\\/\\\/decoplanta.com\\\/fr\\\/plantes-dinterieur-artificielles\\\/grand-palmier-phoenix-260cm\\\/\",\"name\":\"GRAND PALMIER PHOENIX artificiel tr\u00e8s r\u00e9aliste - Haut: 2,60 m\",\"isPartOf\":{\"@id\":\"https:\\\/\\\/decoplanta.com\\\/fr\\\/#website\"},\"primaryImageOfPage\":{\"@id\":\"https:\\\/\\\/decoplanta.com\\\/fr\\\/plantes-dinterieur-artificielles\\\/grand-palmier-phoenix-260cm\\\/#primaryimage\"},\"image\":{\"@id\":\"https:\\\/\\\/decoplanta.com\\\/fr\\\/plantes-dinterieur-artificielles\\\/grand-palmier-phoenix-260cm\\\/#primaryimage\"},\"thumbnailUrl\":\"https:\\\/\\\/decoplanta.com\\\/wp-content\\\/uploads\\\/2023\\\/01\\\/430329-GRAN_PALMERA-260cm-scaled.jpg\",\"datePublished\":\"2023-01-25T09:40:40+00:00\",\"dateModified\":\"2023-01-29T10:06:49+00:00\",\"description\":\"GRAND PALMIER PHOENIX artificiel tr\u00e8s r\u00e9aliste, avec des feuilles vert citron et un tronc haute d\u00e9finition avec fourrure. Pour la d\u00e9coration int\u00e9rieure\",\"breadcrumb\":{\"@id\":\"https:\\\/\\\/decoplanta.com\\\/fr\\\/plantes-dinterieur-artificielles\\\/grand-palmier-phoenix-260cm\\\/#breadcrumb\"},\"inLanguage\":\"fr-FR\",\"potentialAction\":[{\"@type\":\"ReadAction\",\"target\":[\"https:\\\/\\\/decoplanta.com\\\/fr\\\/plantes-dinterieur-artificielles\\\/grand-palmier-phoenix-260cm\\\/\"]}]},{\"@type\":\"ImageObject\",\"inLanguage\":\"fr-FR\",\"@id\":\"https:\\\/\\\/decoplanta.com\\\/fr\\\/plantes-dinterieur-artificielles\\\/grand-palmier-phoenix-260cm\\\/#primaryimage\",\"url\":\"https:\\\/\\\/decoplanta.com\\\/wp-content\\\/uploads\\\/2023\\\/01\\\/430329-GRAN_PALMERA-260cm-scaled.jpg\",\"contentUrl\":\"https:\\\/\\\/decoplanta.com\\\/wp-content\\\/uploads\\\/2023\\\/01\\\/430329-GRAN_PALMERA-260cm-scaled.jpg\",\"width\":2560,\"height\":2560,\"caption\":\"GRAN PALMERA artificial de 260cm. GRAND PALMIER PHOENIX artificiel tr\u00e8s r\u00e9aliste - Haut: 2,60 m\"},{\"@type\":\"BreadcrumbList\",\"@id\":\"https:\\\/\\\/decoplanta.com\\\/fr\\\/plantes-dinterieur-artificielles\\\/grand-palmier-phoenix-260cm\\\/#breadcrumb\",\"itemListElement\":[{\"@type\":\"ListItem\",\"position\":1,\"name\":\"Portada\",\"item\":\"https:\\\/\\\/decoplanta.com\\\/fr\\\/\"},{\"@type\":\"ListItem\",\"position\":2,\"name\":\"Priv\u00e9\u00a0: Tienda\",\"item\":\"https:\\\/\\\/decoplanta.com\\\/?page_id=377\"},{\"@type\":\"ListItem\",\"position\":3,\"name\":\"GRAND PALMIER\"}]},{\"@type\":\"WebSite\",\"@id\":\"https:\\\/\\\/decoplanta.com\\\/fr\\\/#website\",\"url\":\"https:\\\/\\\/decoplanta.com\\\/fr\\\/\",\"name\":\"PLANTES ET ARBRES ARTIFICIELS TR\u00c8S R\u00c9ALISTES\",\"description\":\"Proveedor de Plantas artificiales para estudios de Arquitectura, Interiorismo, Paisajismo, Escenograf\u00eda, Tiendas de Decoraci\u00f3n Florister\u00edas y Mobiliario\",\"publisher\":{\"@id\":\"https:\\\/\\\/decoplanta.com\\\/fr\\\/#organization\"},\"potentialAction\":[{\"@type\":\"SearchAction\",\"target\":{\"@type\":\"EntryPoint\",\"urlTemplate\":\"https:\\\/\\\/decoplanta.com\\\/fr\\\/?s={search_term_string}\"},\"query-input\":{\"@type\":\"PropertyValueSpecification\",\"valueRequired\":true,\"valueName\":\"search_term_string\"}}],\"inLanguage\":\"fr-FR\"},{\"@type\":\"Organization\",\"@id\":\"https:\\\/\\\/decoplanta.com\\\/fr\\\/#organization\",\"name\":\"PLANTES ET ARBRES ARTIFICIELS TR\u00c8S R\u00c9ALISTES\",\"url\":\"https:\\\/\\\/decoplanta.com\\\/fr\\\/\",\"logo\":{\"@type\":\"ImageObject\",\"inLanguage\":\"fr-FR\",\"@id\":\"https:\\\/\\\/decoplanta.com\\\/fr\\\/#\\\/schema\\\/logo\\\/image\\\/\",\"url\":\"https:\\\/\\\/decoplanta.com\\\/wp-content\\\/uploads\\\/2021\\\/02\\\/decoplanta-logo2020.svg\",\"contentUrl\":\"https:\\\/\\\/decoplanta.com\\\/wp-content\\\/uploads\\\/2021\\\/02\\\/decoplanta-logo2020.svg\",\"width\":500,\"height\":500,\"caption\":\"PLANTES ET ARBRES ARTIFICIELS TR\u00c8S R\u00c9ALISTES\"},\"image\":{\"@id\":\"https:\\\/\\\/decoplanta.com\\\/fr\\\/#\\\/schema\\\/logo\\\/image\\\/\"}}]}<\/script>\n<!-- \/ Yoast SEO plugin. -->","yoast_head_json":{"title":"GRAND PALMIER PHOENIX artificiel tr\u00e8s r\u00e9aliste - Haut: 2,60 m","description":"GRAND PALMIER PHOENIX artificiel tr\u00e8s r\u00e9aliste, avec des feuilles vert citron et un tronc haute d\u00e9finition avec fourrure. Pour la d\u00e9coration int\u00e9rieure","robots":{"index":"index","follow":"follow","max-snippet":"max-snippet:-1","max-image-preview":"max-image-preview:large","max-video-preview":"max-video-preview:-1"},"canonical":"https:\/\/decoplanta.com\/fr\/plantes-dinterieur-artificielles\/grand-palmier-phoenix-260cm\/","og_locale":"fr_FR","og_type":"article","og_title":"GRAND PALMIER PHOENIX artificiel tr\u00e8s r\u00e9aliste - Haut: 2,60 m","og_description":"GRAND PALMIER PHOENIX artificiel tr\u00e8s r\u00e9aliste, avec des feuilles vert citron et un tronc haute d\u00e9finition avec fourrure. Pour la d\u00e9coration int\u00e9rieure","og_url":"https:\/\/decoplanta.com\/fr\/plantes-dinterieur-artificielles\/grand-palmier-phoenix-260cm\/","og_site_name":"PLANTES ET ARBRES ARTIFICIELS TR\u00c8S R\u00c9ALISTES","article_modified_time":"2023-01-29T10:06:49+00:00","og_image":[{"width":2560,"height":2560,"url":"https:\/\/decoplanta.com\/wp-content\/uploads\/2023\/01\/430329-GRAN_PALMERA-260cm-scaled.jpg","type":"image\/jpeg"}],"twitter_card":"summary_large_image","twitter_misc":{"Dur\u00e9e de lecture estim\u00e9e":"2 minutes"},"schema":{"@context":"https:\/\/schema.org","@graph":[{"@type":"WebPage","@id":"https:\/\/decoplanta.com\/fr\/plantes-dinterieur-artificielles\/grand-palmier-phoenix-260cm\/","url":"https:\/\/decoplanta.com\/fr\/plantes-dinterieur-artificielles\/grand-palmier-phoenix-260cm\/","name":"GRAND PALMIER PHOENIX artificiel tr\u00e8s r\u00e9aliste - Haut: 2,60 m","isPartOf":{"@id":"https:\/\/decoplanta.com\/fr\/#website"},"primaryImageOfPage":{"@id":"https:\/\/decoplanta.com\/fr\/plantes-dinterieur-artificielles\/grand-palmier-phoenix-260cm\/#primaryimage"},"image":{"@id":"https:\/\/decoplanta.com\/fr\/plantes-dinterieur-artificielles\/grand-palmier-phoenix-260cm\/#primaryimage"},"thumbnailUrl":"https:\/\/decoplanta.com\/wp-content\/uploads\/2023\/01\/430329-GRAN_PALMERA-260cm-scaled.jpg","datePublished":"2023-01-25T09:40:40+00:00","dateModified":"2023-01-29T10:06:49+00:00","description":"GRAND PALMIER PHOENIX artificiel tr\u00e8s r\u00e9aliste, avec des feuilles vert citron et un tronc haute d\u00e9finition avec fourrure. Pour la d\u00e9coration int\u00e9rieure","breadcrumb":{"@id":"https:\/\/decoplanta.com\/fr\/plantes-dinterieur-artificielles\/grand-palmier-phoenix-260cm\/#breadcrumb"},"inLanguage":"fr-FR","potentialAction":[{"@type":"ReadAction","target":["https:\/\/decoplanta.com\/fr\/plantes-dinterieur-artificielles\/grand-palmier-phoenix-260cm\/"]}]},{"@type":"ImageObject","inLanguage":"fr-FR","@id":"https:\/\/decoplanta.com\/fr\/plantes-dinterieur-artificielles\/grand-palmier-phoenix-260cm\/#primaryimage","url":"https:\/\/decoplanta.com\/wp-content\/uploads\/2023\/01\/430329-GRAN_PALMERA-260cm-scaled.jpg","contentUrl":"https:\/\/decoplanta.com\/wp-content\/uploads\/2023\/01\/430329-GRAN_PALMERA-260cm-scaled.jpg","width":2560,"height":2560,"caption":"GRAN PALMERA artificial de 260cm. GRAND PALMIER PHOENIX artificiel tr\u00e8s r\u00e9aliste - Haut: 2,60 m"},{"@type":"BreadcrumbList","@id":"https:\/\/decoplanta.com\/fr\/plantes-dinterieur-artificielles\/grand-palmier-phoenix-260cm\/#breadcrumb","itemListElement":[{"@type":"ListItem","position":1,"name":"Portada","item":"https:\/\/decoplanta.com\/fr\/"},{"@type":"ListItem","position":2,"name":"Priv\u00e9\u00a0: Tienda","item":"https:\/\/decoplanta.com\/?page_id=377"},{"@type":"ListItem","position":3,"name":"GRAND PALMIER"}]},{"@type":"WebSite","@id":"https:\/\/decoplanta.com\/fr\/#website","url":"https:\/\/decoplanta.com\/fr\/","name":"PLANTES ET ARBRES ARTIFICIELS TR\u00c8S R\u00c9ALISTES","description":"Proveedor de Plantas artificiales para estudios de Arquitectura, Interiorismo, Paisajismo, Escenograf\u00eda, Tiendas de Decoraci\u00f3n Florister\u00edas y Mobiliario","publisher":{"@id":"https:\/\/decoplanta.com\/fr\/#organization"},"potentialAction":[{"@type":"SearchAction","target":{"@type":"EntryPoint","urlTemplate":"https:\/\/decoplanta.com\/fr\/?s={search_term_string}"},"query-input":{"@type":"PropertyValueSpecification","valueRequired":true,"valueName":"search_term_string"}}],"inLanguage":"fr-FR"},{"@type":"Organization","@id":"https:\/\/decoplanta.com\/fr\/#organization","name":"PLANTES ET ARBRES ARTIFICIELS TR\u00c8S R\u00c9ALISTES","url":"https:\/\/decoplanta.com\/fr\/","logo":{"@type":"ImageObject","inLanguage":"fr-FR","@id":"https:\/\/decoplanta.com\/fr\/#\/schema\/logo\/image\/","url":"https:\/\/decoplanta.com\/wp-content\/uploads\/2021\/02\/decoplanta-logo2020.svg","contentUrl":"https:\/\/decoplanta.com\/wp-content\/uploads\/2021\/02\/decoplanta-logo2020.svg","width":500,"height":500,"caption":"PLANTES ET ARBRES ARTIFICIELS TR\u00c8S R\u00c9ALISTES"},"image":{"@id":"https:\/\/decoplanta.com\/fr\/#\/schema\/logo\/image\/"}}]}},"_links":{"self":[{"href":"https:\/\/decoplanta.com\/fr\/wp-json\/wp\/v2\/product\/5501","targetHints":{"allow":["GET"]}}],"collection":[{"href":"https:\/\/decoplanta.com\/fr\/wp-json\/wp\/v2\/product"}],"about":[{"href":"https:\/\/decoplanta.com\/fr\/wp-json\/wp\/v2\/types\/product"}],"version-history":[{"count":0,"href":"https:\/\/decoplanta.com\/fr\/wp-json\/wp\/v2\/product\/5501\/revisions"}],"wp:featuredmedia":[{"embeddable":true,"href":"https:\/\/decoplanta.com\/fr\/wp-json\/wp\/v2\/media\/5513"}],"wp:attachment":[{"href":"https:\/\/decoplanta.com\/fr\/wp-json\/wp\/v2\/media?parent=5501"}],"wp:term":[{"taxonomy":"product_brand","embeddable":true,"href":"https:\/\/decoplanta.com\/fr\/wp-json\/wp\/v2\/product_brand?post=5501"},{"taxonomy":"product_cat","embeddable":true,"href":"https:\/\/decoplanta.com\/fr\/wp-json\/wp\/v2\/product_cat?post=5501"},{"taxonomy":"product_tag","embeddable":true,"href":"https:\/\/decoplanta.com\/fr\/wp-json\/wp\/v2\/product_tag?post=5501"}],"curies":[{"name":"wp","href":"https:\/\/api.w.org\/{rel}","templated":true}]}}