{"id":5520,"date":"2023-01-25T15:12:18","date_gmt":"2023-01-25T11:56:18","guid":{"rendered":"https:\/\/decoplanta.com\/?post_type=product&#038;p=5520"},"modified":"2023-01-29T11:44:54","modified_gmt":"2023-01-29T10:44:54","slug":"grand-magnolia-artificiel-240cm","status":"publish","type":"product","link":"https:\/\/decoplanta.com\/fr\/plantes-dinterieur-artificielles\/grand-magnolia-artificiel-240cm\/","title":{"rendered":"GRAND MAGNOLIA"},"content":{"rendered":"<p><strong>GRAND MAGNOLIA artificiel<\/strong>\u00a0tr\u00e8s r\u00e9aliste, avec une grande feuille de couleur verte intense et un tronc haute d\u00e9finition. Hauteur : 2,40 m. Il est livr\u00e9 avec un pot de base inclus et ne n\u00e9cessite aucun entretien.<\/p>\n<p>De par sa beaut\u00e9, sa facilit\u00e9 d&rsquo;adaptation et sa r\u00e9sistance au froid, c&rsquo;est l&rsquo;un des arbres les plus utilis\u00e9s en jardinage. C&rsquo;est une esp\u00e8ce prot\u00e9g\u00e9e sur les \u00eeles d&rsquo;origine.<\/p>\n<p>Le <a href=\"https:\/\/es.wikipedia.org\/wiki\/Magnolia\">magnolia<\/a> est une esp\u00e8ce qui a \u00e9volu\u00e9 avant l&rsquo;apparition des abeilles, de sorte que les fleurs se sont d\u00e9velopp\u00e9es de mani\u00e8re \u00e0 pouvoir \u00eatre pollinis\u00e9es par les col\u00e9opt\u00e8res. En cons\u00e9quence, ils ont des carpelles durs pour emp\u00eacher la d\u00e9t\u00e9rioration. Des sp\u00e9cimens fossilis\u00e9s de M. acuminata ont \u00e9t\u00e9 trouv\u00e9s \u00e2g\u00e9s de 20 millions d&rsquo;ann\u00e9es et des plantes similaires \u00e0 la famille des Magnoliaceae datant de 125 millions d&rsquo;ann\u00e9es ont \u00e9t\u00e9 identifi\u00e9es (2016). Une autre caract\u00e9ristique distinctive des magnolias est l&rsquo;absence de s\u00e9pales ou de p\u00e9tales ; \u00e0 la place, ils ont des t\u00e9pales, un terme qui a \u00e9t\u00e9 invent\u00e9 pour d\u00e9signer cet \u00e9l\u00e9ment interm\u00e9diaire.<\/p>\n<p>De plus, ce sont des plantes pouvant atteindre une hauteur de 2 \u00e0 35 m\u00e8tres, avec un tronc solitaire ou multicaule (form\u00e9 de plusieurs tiges). Aussi, sa couronne est compos\u00e9e de feuilles dispos\u00e9es en spirale, et elles sont penn\u00e9es, p\u00e9tiol\u00e9es, et dont les folioles basales se transforment en \u00e9pines. Les fleurs sont regroup\u00e9es en inflorescences pendantes, et il y en a des m\u00e2les et des femelles. Les graines ont une forme ellipso\u00efdale, subcylindrique ou plate-convexe, rugueuse et avec une rainure lat\u00e9rale.<\/p>\n<h3>Un Magnolia artificiel comme usage ornemental pour votre jardin int\u00e9rieur<\/h3>\n<p>Ce GRAND MAGNOLIA artificiel aura fi\u00e8re allure dans n&rsquo;importe quel coin, soit comme sp\u00e9cimen solitaire de la plus grande esp\u00e8ce, soit en groupe. Le genre porte le nom de Pierre Magnol, un botaniste montpelli\u00e9rain.<br \/>\nSon entretien est tr\u00e8s simple, \u00e0 tel point qu&rsquo;il est fort possible qu&rsquo;il vous surprenne. Jetez un oeil \u00e0 ce Magnolia, et vous serez surpris par son grand r\u00e9alisme.<br \/>\nD\u00e9couvrez nos nouveaux <a href=\"https:\/\/decoplanta.com\/fr\/plantes-dinterieur-artificielles\">grands sapins d&rsquo;int\u00e9rieur<\/a>, comme le <a href=\"https:\/\/decoplanta.com\/fr\/plantes-dinterieur-artificielles\/grand-olivier-artificiel-280cm\/\">GRAND OLIVIER<\/a>, le <a href=\"https:\/\/decoplanta.com\/fr\/plantes-dinterieur-artificielles\/grand-cerisier-en-fleur-artificiel-320cm\/\">GRAND CERISIER<\/a> ou notre merveilleux <a href=\"https:\/\/decoplanta.com\/fr\/plantes-dinterieur-artificielles\/grand-palmier-phoenix-260cm\/\">GRAND PALMIER PHOENIX<\/a>, ainsi que le <a href=\"https:\/\/decoplanta.com\/fr\/plantes-dinterieur-artificielles\/kentia-maxi-artificiel\/\">KENTIA MAXI<\/a> ou le <a href=\"https:\/\/decoplanta.com\/fr\/plantes-dinterieur-artificielles\/grand-arbre-ficus-lyrata\/\">GRAND FICUS LYRATA<\/a> de 3 m\u00e8tres de haut.<\/p>\n<p>&nbsp;<\/p>\n","protected":false},"excerpt":{"rendered":"<p>Arbre GRAND MAGNOLIA tr\u00e8s r\u00e9aliste, avec une grande feuille de couleur verte intense et un tronc haute d\u00e9finition. Hauteur : 2.40m. Il est livr\u00e9 avec une pot de base incluse et ne n\u00e9cessite aucun entretien.<\/p>\n<table>\n<tbody>\n<tr>\n<td><strong>R\u00c9F<\/strong><\/td>\n<td><strong>HAUTEUR<\/strong><\/td>\n<\/tr>\n<tr>\n<td>429932<\/td>\n<td>240cm<\/td>\n<\/tr>\n<\/tbody>\n<\/table>\n","protected":false},"featured_media":5546,"template":"","meta":{"_monsterinsights_skip_tracking":false,"_monsterinsights_sitenote_active":false,"_monsterinsights_sitenote_note":"","_monsterinsights_sitenote_category":0},"product_brand":[],"product_cat":[251],"product_tag":[384],"class_list":{"0":"post-5520","1":"product","2":"type-product","3":"status-publish","4":"has-post-thumbnail","6":"product_cat-plantes-dinterieur-artificielles","7":"product_tag-arbre-dinterieur","8":"","9":"woocommerce-text-align-center","10":"woocommerce-image-align-center","11":"do-quantity-buttons","12":"wc-has-gallery","14":"first","15":"instock","16":"taxable","17":"shipping-taxable","18":"purchasable","19":"product-type-simple"},"yoast_head":"<!-- This site is optimized with the Yoast SEO plugin v27.4 - https:\/\/yoast.com\/product\/yoast-seo-wordpress\/ -->\n<title>GRAND MAGNOLIA artificiel tr\u00e8s r\u00e9aliste Hauteur: 2,40 m<\/title>\n<meta name=\"description\" content=\"GRAND MAGNOLIA artificiel tr\u00e8s r\u00e9aliste, avec une grande feuille de couleur verte intense et un tronc haute d\u00e9finition. Pour la d\u00e9coration int\u00e9rieure\" \/>\n<meta name=\"robots\" content=\"index, follow, max-snippet:-1, max-image-preview:large, max-video-preview:-1\" \/>\n<link rel=\"canonical\" href=\"https:\/\/decoplanta.com\/fr\/plantes-dinterieur-artificielles\/grand-magnolia-artificiel-240cm\/\" \/>\n<meta property=\"og:locale\" content=\"fr_FR\" \/>\n<meta property=\"og:type\" content=\"article\" \/>\n<meta property=\"og:title\" content=\"GRAND MAGNOLIA artificiel tr\u00e8s r\u00e9aliste Hauteur: 2,40 m\" \/>\n<meta property=\"og:description\" content=\"GRAND MAGNOLIA artificiel tr\u00e8s r\u00e9aliste, avec une grande feuille de couleur verte intense et un tronc haute d\u00e9finition. Pour la d\u00e9coration int\u00e9rieure\" \/>\n<meta property=\"og:url\" content=\"https:\/\/decoplanta.com\/fr\/plantes-dinterieur-artificielles\/grand-magnolia-artificiel-240cm\/\" \/>\n<meta property=\"og:site_name\" content=\"PLANTES ET ARBRES ARTIFICIELS TR\u00c8S R\u00c9ALISTES\" \/>\n<meta property=\"article:modified_time\" content=\"2023-01-29T10:44:54+00:00\" \/>\n<meta property=\"og:image\" content=\"https:\/\/decoplanta.com\/wp-content\/uploads\/2023\/01\/429932-GRAN_MAGNOLIA-240cm-scaled.jpg\" \/>\n\t<meta property=\"og:image:width\" content=\"2560\" \/>\n\t<meta property=\"og:image:height\" content=\"2560\" \/>\n\t<meta property=\"og:image:type\" content=\"image\/jpeg\" \/>\n<meta name=\"twitter:card\" content=\"summary_large_image\" \/>\n<meta name=\"twitter:label1\" content=\"Dur\u00e9e de lecture estim\u00e9e\" \/>\n\t<meta name=\"twitter:data1\" content=\"2 minutes\" \/>\n<script type=\"application\/ld+json\" class=\"yoast-schema-graph\">{\"@context\":\"https:\\\/\\\/schema.org\",\"@graph\":[{\"@type\":\"WebPage\",\"@id\":\"https:\\\/\\\/decoplanta.com\\\/fr\\\/plantes-dinterieur-artificielles\\\/grand-magnolia-artificiel-240cm\\\/\",\"url\":\"https:\\\/\\\/decoplanta.com\\\/fr\\\/plantes-dinterieur-artificielles\\\/grand-magnolia-artificiel-240cm\\\/\",\"name\":\"GRAND MAGNOLIA artificiel tr\u00e8s r\u00e9aliste Hauteur: 2,40 m\",\"isPartOf\":{\"@id\":\"https:\\\/\\\/decoplanta.com\\\/fr\\\/#website\"},\"primaryImageOfPage\":{\"@id\":\"https:\\\/\\\/decoplanta.com\\\/fr\\\/plantes-dinterieur-artificielles\\\/grand-magnolia-artificiel-240cm\\\/#primaryimage\"},\"image\":{\"@id\":\"https:\\\/\\\/decoplanta.com\\\/fr\\\/plantes-dinterieur-artificielles\\\/grand-magnolia-artificiel-240cm\\\/#primaryimage\"},\"thumbnailUrl\":\"https:\\\/\\\/decoplanta.com\\\/wp-content\\\/uploads\\\/2023\\\/01\\\/429932-GRAN_MAGNOLIA-240cm-scaled.jpg\",\"datePublished\":\"2023-01-25T11:56:18+00:00\",\"dateModified\":\"2023-01-29T10:44:54+00:00\",\"description\":\"GRAND MAGNOLIA artificiel tr\u00e8s r\u00e9aliste, avec une grande feuille de couleur verte intense et un tronc haute d\u00e9finition. Pour la d\u00e9coration int\u00e9rieure\",\"breadcrumb\":{\"@id\":\"https:\\\/\\\/decoplanta.com\\\/fr\\\/plantes-dinterieur-artificielles\\\/grand-magnolia-artificiel-240cm\\\/#breadcrumb\"},\"inLanguage\":\"fr-FR\",\"potentialAction\":[{\"@type\":\"ReadAction\",\"target\":[\"https:\\\/\\\/decoplanta.com\\\/fr\\\/plantes-dinterieur-artificielles\\\/grand-magnolia-artificiel-240cm\\\/\"]}]},{\"@type\":\"ImageObject\",\"inLanguage\":\"fr-FR\",\"@id\":\"https:\\\/\\\/decoplanta.com\\\/fr\\\/plantes-dinterieur-artificielles\\\/grand-magnolia-artificiel-240cm\\\/#primaryimage\",\"url\":\"https:\\\/\\\/decoplanta.com\\\/wp-content\\\/uploads\\\/2023\\\/01\\\/429932-GRAN_MAGNOLIA-240cm-scaled.jpg\",\"contentUrl\":\"https:\\\/\\\/decoplanta.com\\\/wp-content\\\/uploads\\\/2023\\\/01\\\/429932-GRAN_MAGNOLIA-240cm-scaled.jpg\",\"width\":2560,\"height\":2560,\"caption\":\"GRAN MAGNOLIA artificial de alto realismo y 2,40m de altura. GRAND MAGNOLIA artificiel tr\u00e8s r\u00e9aliste Hauteur: 2,40 m\"},{\"@type\":\"BreadcrumbList\",\"@id\":\"https:\\\/\\\/decoplanta.com\\\/fr\\\/plantes-dinterieur-artificielles\\\/grand-magnolia-artificiel-240cm\\\/#breadcrumb\",\"itemListElement\":[{\"@type\":\"ListItem\",\"position\":1,\"name\":\"Portada\",\"item\":\"https:\\\/\\\/decoplanta.com\\\/fr\\\/\"},{\"@type\":\"ListItem\",\"position\":2,\"name\":\"Priv\u00e9\u00a0: Tienda\",\"item\":\"https:\\\/\\\/decoplanta.com\\\/?page_id=377\"},{\"@type\":\"ListItem\",\"position\":3,\"name\":\"GRAND MAGNOLIA\"}]},{\"@type\":\"WebSite\",\"@id\":\"https:\\\/\\\/decoplanta.com\\\/fr\\\/#website\",\"url\":\"https:\\\/\\\/decoplanta.com\\\/fr\\\/\",\"name\":\"PLANTES ET ARBRES ARTIFICIELS TR\u00c8S R\u00c9ALISTES\",\"description\":\"Proveedor de Plantas artificiales para estudios de Arquitectura, Interiorismo, Paisajismo, Escenograf\u00eda, Tiendas de Decoraci\u00f3n Florister\u00edas y Mobiliario\",\"publisher\":{\"@id\":\"https:\\\/\\\/decoplanta.com\\\/fr\\\/#organization\"},\"potentialAction\":[{\"@type\":\"SearchAction\",\"target\":{\"@type\":\"EntryPoint\",\"urlTemplate\":\"https:\\\/\\\/decoplanta.com\\\/fr\\\/?s={search_term_string}\"},\"query-input\":{\"@type\":\"PropertyValueSpecification\",\"valueRequired\":true,\"valueName\":\"search_term_string\"}}],\"inLanguage\":\"fr-FR\"},{\"@type\":\"Organization\",\"@id\":\"https:\\\/\\\/decoplanta.com\\\/fr\\\/#organization\",\"name\":\"PLANTES ET ARBRES ARTIFICIELS TR\u00c8S R\u00c9ALISTES\",\"url\":\"https:\\\/\\\/decoplanta.com\\\/fr\\\/\",\"logo\":{\"@type\":\"ImageObject\",\"inLanguage\":\"fr-FR\",\"@id\":\"https:\\\/\\\/decoplanta.com\\\/fr\\\/#\\\/schema\\\/logo\\\/image\\\/\",\"url\":\"https:\\\/\\\/decoplanta.com\\\/wp-content\\\/uploads\\\/2021\\\/02\\\/decoplanta-logo2020.svg\",\"contentUrl\":\"https:\\\/\\\/decoplanta.com\\\/wp-content\\\/uploads\\\/2021\\\/02\\\/decoplanta-logo2020.svg\",\"width\":500,\"height\":500,\"caption\":\"PLANTES ET ARBRES ARTIFICIELS TR\u00c8S R\u00c9ALISTES\"},\"image\":{\"@id\":\"https:\\\/\\\/decoplanta.com\\\/fr\\\/#\\\/schema\\\/logo\\\/image\\\/\"}}]}<\/script>\n<!-- \/ Yoast SEO plugin. -->","yoast_head_json":{"title":"GRAND MAGNOLIA artificiel tr\u00e8s r\u00e9aliste Hauteur: 2,40 m","description":"GRAND MAGNOLIA artificiel tr\u00e8s r\u00e9aliste, avec une grande feuille de couleur verte intense et un tronc haute d\u00e9finition. Pour la d\u00e9coration int\u00e9rieure","robots":{"index":"index","follow":"follow","max-snippet":"max-snippet:-1","max-image-preview":"max-image-preview:large","max-video-preview":"max-video-preview:-1"},"canonical":"https:\/\/decoplanta.com\/fr\/plantes-dinterieur-artificielles\/grand-magnolia-artificiel-240cm\/","og_locale":"fr_FR","og_type":"article","og_title":"GRAND MAGNOLIA artificiel tr\u00e8s r\u00e9aliste Hauteur: 2,40 m","og_description":"GRAND MAGNOLIA artificiel tr\u00e8s r\u00e9aliste, avec une grande feuille de couleur verte intense et un tronc haute d\u00e9finition. Pour la d\u00e9coration int\u00e9rieure","og_url":"https:\/\/decoplanta.com\/fr\/plantes-dinterieur-artificielles\/grand-magnolia-artificiel-240cm\/","og_site_name":"PLANTES ET ARBRES ARTIFICIELS TR\u00c8S R\u00c9ALISTES","article_modified_time":"2023-01-29T10:44:54+00:00","og_image":[{"width":2560,"height":2560,"url":"https:\/\/decoplanta.com\/wp-content\/uploads\/2023\/01\/429932-GRAN_MAGNOLIA-240cm-scaled.jpg","type":"image\/jpeg"}],"twitter_card":"summary_large_image","twitter_misc":{"Dur\u00e9e de lecture estim\u00e9e":"2 minutes"},"schema":{"@context":"https:\/\/schema.org","@graph":[{"@type":"WebPage","@id":"https:\/\/decoplanta.com\/fr\/plantes-dinterieur-artificielles\/grand-magnolia-artificiel-240cm\/","url":"https:\/\/decoplanta.com\/fr\/plantes-dinterieur-artificielles\/grand-magnolia-artificiel-240cm\/","name":"GRAND MAGNOLIA artificiel tr\u00e8s r\u00e9aliste Hauteur: 2,40 m","isPartOf":{"@id":"https:\/\/decoplanta.com\/fr\/#website"},"primaryImageOfPage":{"@id":"https:\/\/decoplanta.com\/fr\/plantes-dinterieur-artificielles\/grand-magnolia-artificiel-240cm\/#primaryimage"},"image":{"@id":"https:\/\/decoplanta.com\/fr\/plantes-dinterieur-artificielles\/grand-magnolia-artificiel-240cm\/#primaryimage"},"thumbnailUrl":"https:\/\/decoplanta.com\/wp-content\/uploads\/2023\/01\/429932-GRAN_MAGNOLIA-240cm-scaled.jpg","datePublished":"2023-01-25T11:56:18+00:00","dateModified":"2023-01-29T10:44:54+00:00","description":"GRAND MAGNOLIA artificiel tr\u00e8s r\u00e9aliste, avec une grande feuille de couleur verte intense et un tronc haute d\u00e9finition. Pour la d\u00e9coration int\u00e9rieure","breadcrumb":{"@id":"https:\/\/decoplanta.com\/fr\/plantes-dinterieur-artificielles\/grand-magnolia-artificiel-240cm\/#breadcrumb"},"inLanguage":"fr-FR","potentialAction":[{"@type":"ReadAction","target":["https:\/\/decoplanta.com\/fr\/plantes-dinterieur-artificielles\/grand-magnolia-artificiel-240cm\/"]}]},{"@type":"ImageObject","inLanguage":"fr-FR","@id":"https:\/\/decoplanta.com\/fr\/plantes-dinterieur-artificielles\/grand-magnolia-artificiel-240cm\/#primaryimage","url":"https:\/\/decoplanta.com\/wp-content\/uploads\/2023\/01\/429932-GRAN_MAGNOLIA-240cm-scaled.jpg","contentUrl":"https:\/\/decoplanta.com\/wp-content\/uploads\/2023\/01\/429932-GRAN_MAGNOLIA-240cm-scaled.jpg","width":2560,"height":2560,"caption":"GRAN MAGNOLIA artificial de alto realismo y 2,40m de altura. GRAND MAGNOLIA artificiel tr\u00e8s r\u00e9aliste Hauteur: 2,40 m"},{"@type":"BreadcrumbList","@id":"https:\/\/decoplanta.com\/fr\/plantes-dinterieur-artificielles\/grand-magnolia-artificiel-240cm\/#breadcrumb","itemListElement":[{"@type":"ListItem","position":1,"name":"Portada","item":"https:\/\/decoplanta.com\/fr\/"},{"@type":"ListItem","position":2,"name":"Priv\u00e9\u00a0: Tienda","item":"https:\/\/decoplanta.com\/?page_id=377"},{"@type":"ListItem","position":3,"name":"GRAND MAGNOLIA"}]},{"@type":"WebSite","@id":"https:\/\/decoplanta.com\/fr\/#website","url":"https:\/\/decoplanta.com\/fr\/","name":"PLANTES ET ARBRES ARTIFICIELS TR\u00c8S R\u00c9ALISTES","description":"Proveedor de Plantas artificiales para estudios de Arquitectura, Interiorismo, Paisajismo, Escenograf\u00eda, Tiendas de Decoraci\u00f3n Florister\u00edas y Mobiliario","publisher":{"@id":"https:\/\/decoplanta.com\/fr\/#organization"},"potentialAction":[{"@type":"SearchAction","target":{"@type":"EntryPoint","urlTemplate":"https:\/\/decoplanta.com\/fr\/?s={search_term_string}"},"query-input":{"@type":"PropertyValueSpecification","valueRequired":true,"valueName":"search_term_string"}}],"inLanguage":"fr-FR"},{"@type":"Organization","@id":"https:\/\/decoplanta.com\/fr\/#organization","name":"PLANTES ET ARBRES ARTIFICIELS TR\u00c8S R\u00c9ALISTES","url":"https:\/\/decoplanta.com\/fr\/","logo":{"@type":"ImageObject","inLanguage":"fr-FR","@id":"https:\/\/decoplanta.com\/fr\/#\/schema\/logo\/image\/","url":"https:\/\/decoplanta.com\/wp-content\/uploads\/2021\/02\/decoplanta-logo2020.svg","contentUrl":"https:\/\/decoplanta.com\/wp-content\/uploads\/2021\/02\/decoplanta-logo2020.svg","width":500,"height":500,"caption":"PLANTES ET ARBRES ARTIFICIELS TR\u00c8S R\u00c9ALISTES"},"image":{"@id":"https:\/\/decoplanta.com\/fr\/#\/schema\/logo\/image\/"}}]}},"_links":{"self":[{"href":"https:\/\/decoplanta.com\/fr\/wp-json\/wp\/v2\/product\/5520","targetHints":{"allow":["GET"]}}],"collection":[{"href":"https:\/\/decoplanta.com\/fr\/wp-json\/wp\/v2\/product"}],"about":[{"href":"https:\/\/decoplanta.com\/fr\/wp-json\/wp\/v2\/types\/product"}],"version-history":[{"count":0,"href":"https:\/\/decoplanta.com\/fr\/wp-json\/wp\/v2\/product\/5520\/revisions"}],"wp:featuredmedia":[{"embeddable":true,"href":"https:\/\/decoplanta.com\/fr\/wp-json\/wp\/v2\/media\/5546"}],"wp:attachment":[{"href":"https:\/\/decoplanta.com\/fr\/wp-json\/wp\/v2\/media?parent=5520"}],"wp:term":[{"taxonomy":"product_brand","embeddable":true,"href":"https:\/\/decoplanta.com\/fr\/wp-json\/wp\/v2\/product_brand?post=5520"},{"taxonomy":"product_cat","embeddable":true,"href":"https:\/\/decoplanta.com\/fr\/wp-json\/wp\/v2\/product_cat?post=5520"},{"taxonomy":"product_tag","embeddable":true,"href":"https:\/\/decoplanta.com\/fr\/wp-json\/wp\/v2\/product_tag?post=5520"}],"curies":[{"name":"wp","href":"https:\/\/api.w.org\/{rel}","templated":true}]}}