{"id":5524,"date":"2023-01-25T15:14:04","date_gmt":"2023-01-25T12:03:04","guid":{"rendered":"https:\/\/decoplanta.com\/?post_type=product&#038;p=5524"},"modified":"2023-04-11T11:06:07","modified_gmt":"2023-04-11T10:06:07","slug":"grand-olivier-artificiel-240cm","status":"publish","type":"product","link":"https:\/\/decoplanta.com\/fr\/plantes-dinterieur-artificielles\/grand-olivier-artificiel-240cm\/","title":{"rendered":"GRAND OLIVIER"},"content":{"rendered":"<p><strong>GRAND OLIVIER artificiel<\/strong>, tr\u00e8s r\u00e9aliste et avec un maximum de feuillage, comprend des olives de diff\u00e9rentes nuances et un tronc haute d\u00e9finition. Hauteur : 2,80 m. Il est livr\u00e9 avec un pot de base inclus et ne n\u00e9cessite aucun entretien. Toute l&rsquo;\u00e9l\u00e9gance que peut avoir un arbre fruitier artificiel. Disponible en hauteur 280 cm. Il est livr\u00e9 avec un pot de base inclus et ne n\u00e9cessite aucun entretien.<\/p>\n<p>En premier lieu, l&rsquo;olivier est l&rsquo;arbre fruitier de la famille des ol\u00e9ac\u00e9es dont provient l&rsquo;huile, le jus d&rsquo;olive que nous utilisons pour pr\u00e9parer nos repas, assaisonner les salades et pr\u00e9parer une multitude de produits. Gr\u00e2ce \u00e0 toutes ces utilisations, la demande d&rsquo;olivier continue de cro\u00eetre \u00e0 un rythme exponentiel, l&rsquo;<a href=\"https:\/\/arbolesfrutales.org\/arboles-frutales-autoctonos-de-espana-conoces-los-mas-caracteristicos\/\">Espagne<\/a> et l&rsquo;Italie \u00e9tant les principaux producteurs.<\/p>\n<p>Un autre grand arbre fruitier artificiel disponible chez Decoplanta est la <a href=\"https:\/\/decoplanta.com\/fr\/plantes-dinterieur-artificielles\/grand-cerisier-en-fleur-artificiel-320cm\/\">GRAND CERISIER en fleur<\/a>, avec des olives hyper r\u00e9alistes. En savoir plus dans la rubrique <a href=\"https:\/\/decoplanta.com\/fr\/plantes-dinterieur-artificielles\/\">Plantes d&rsquo;int\u00e9rieur<\/a>.<br \/>\nMais l&rsquo;olivier est originaire d&rsquo;Asie Mineure et est cultiv\u00e9 depuis l&rsquo;Antiquit\u00e9 dans tout le bassin m\u00e9diterran\u00e9en. La vari\u00e9t\u00e9 sauvage est appel\u00e9e olive bord ou olive sauvage.<\/p>\n<h3>Structure du olivier<\/h3>\n<p>De plus, il convient de noter qu&rsquo;il s&rsquo;agit d&rsquo;un arbre \u00e0 feuilles persistantes ayant la capacit\u00e9 de vivre et de produire pendant des centaines d&rsquo;ann\u00e9es. Il a une taille moyenne : entre 2 et 10 m\u00e8tres de haut.<br \/>\nL&rsquo;olivier est une esp\u00e8ce typiquement m\u00e9diterran\u00e9enne adapt\u00e9e au climat de la r\u00e9gion. C&rsquo;est une esp\u00e8ce pr\u00e9sente dans les paysages de la p\u00e9ninsule ib\u00e9rique comme un \u00e9l\u00e9ment de plus des \u00e9cosyst\u00e8mes et de la culture m\u00e9diterran\u00e9enne. Bien qu&rsquo;il s&rsquo;agisse d&rsquo;une esp\u00e8ce rustique, elle pr\u00e9sente \u00e9galement une s\u00e9rie d&rsquo;exigences qui limitent son aire de r\u00e9partition de pr\u00e9f\u00e9rence aux zones \u00e0 climat m\u00e9diterran\u00e9en.<br \/>\nBien qu&rsquo;il s&rsquo;agisse d&rsquo;un arbre <a href=\"https:\/\/arbolesfrutales.org\/arboles-frutales-de-secano-la-solucion-a-la-escasez-de-agua\/\">tr\u00e8s r\u00e9sistant<\/a>, la r\u00e9duction de l&rsquo;eau ou des nutriments min\u00e9raux quelques semaines avant la saison de floraison peut entra\u00eener moins de floraison et, par cons\u00e9quent, moins d&rsquo;olives.<\/p>\n<h3>Comment est le GRAND OLIVIER artificiel ?<\/h3>\n<p>L&rsquo;olivier est un arbre facile \u00e0 cultiver qui ne tol\u00e8re pas les temp\u00e9ratures inf\u00e9rieures \u00e0 -10\u00b0C mais qui est tout \u00e0 fait apte \u00e0 lutter contre les gel\u00e9es hivernales typiques du climat m\u00e9diterran\u00e9en et les s\u00e9cheresses estivales qui s&rsquo;allongent avec le temps. La composante climatique qui endommage le plus cet arbre fruitier est le vent.<\/p>\n<p>&nbsp;<\/p>\n<p>&nbsp;<\/p>\n","protected":false},"excerpt":{"rendered":"<p>Arbre GRAND OLIVIER d&rsquo;un r\u00e9alisme \u00e9lev\u00e9 et d&rsquo;une feuillaison maximale des feuilles, comprend des olives de diff\u00e9rentes nuances et un tronc haute d\u00e9finition. Hauteur : 2.40m. Il est livr\u00e9 avec une pot de base incluse et ne n\u00e9cessite aucun entretien.<\/p>\n<table>\n<tbody>\n<tr>\n<td><strong>R\u00c9F<\/strong><\/td>\n<td><strong>HAUTEUR<\/strong><\/td>\n<\/tr>\n<tr>\n<td>429585<\/td>\n<td>240 cm<\/td>\n<\/tr>\n<\/tbody>\n<\/table>\n","protected":false},"featured_media":5708,"template":"","meta":{"_monsterinsights_skip_tracking":false,"_monsterinsights_sitenote_active":false,"_monsterinsights_sitenote_note":"","_monsterinsights_sitenote_category":0},"product_brand":[],"product_cat":[251],"product_tag":[384,257],"class_list":{"0":"post-5524","1":"product","2":"type-product","3":"status-publish","4":"has-post-thumbnail","6":"product_cat-plantes-dinterieur-artificielles","7":"product_tag-arbre-dinterieur","8":"product_tag-arbre-fruitier-artificiel","9":"","10":"woocommerce-text-align-center","11":"woocommerce-image-align-center","12":"do-quantity-buttons","14":"first","15":"instock","16":"taxable","17":"shipping-taxable","18":"purchasable","19":"product-type-simple"},"yoast_head":"<!-- This site is optimized with the Yoast SEO plugin v27.5 - https:\/\/yoast.com\/product\/yoast-seo-wordpress\/ -->\n<title>GRAND OLIVIER artificiel d&#039;un r\u00e9alisme \u00e9lev\u00e9 Hauteur: 2,40 m<\/title>\n<meta name=\"description\" content=\"GRAND OLIVIER artificiel - Haut r\u00e9alisme et d&#039;une feuillaison maximale des feuilles, comprend des olives de diff\u00e9rentes nuances et un tronc haute d\u00e9finition\" \/>\n<meta name=\"robots\" content=\"index, follow, max-snippet:-1, max-image-preview:large, max-video-preview:-1\" \/>\n<link rel=\"canonical\" href=\"https:\/\/decoplanta.com\/fr\/plantes-dinterieur-artificielles\/grand-olivier-artificiel-240cm\/\" \/>\n<meta property=\"og:locale\" content=\"fr_FR\" \/>\n<meta property=\"og:type\" content=\"article\" \/>\n<meta property=\"og:title\" content=\"GRAND OLIVIER artificiel d&#039;un r\u00e9alisme \u00e9lev\u00e9 Hauteur: 2,40 m\" \/>\n<meta property=\"og:description\" content=\"GRAND OLIVIER artificiel - Haut r\u00e9alisme et d&#039;une feuillaison maximale des feuilles, comprend des olives de diff\u00e9rentes nuances et un tronc haute d\u00e9finition\" \/>\n<meta property=\"og:url\" content=\"https:\/\/decoplanta.com\/fr\/plantes-dinterieur-artificielles\/grand-olivier-artificiel-240cm\/\" \/>\n<meta property=\"og:site_name\" content=\"PLANTES ET ARBRES ARTIFICIELS TR\u00c8S R\u00c9ALISTES\" \/>\n<meta property=\"article:modified_time\" content=\"2023-04-11T10:06:07+00:00\" \/>\n<meta property=\"og:image\" content=\"https:\/\/decoplanta.com\/wp-content\/uploads\/2023\/01\/429585-GRAN_OLIVO-240cm-scaled.jpg\" \/>\n\t<meta property=\"og:image:width\" content=\"2560\" \/>\n\t<meta property=\"og:image:height\" content=\"2560\" \/>\n\t<meta property=\"og:image:type\" content=\"image\/jpeg\" \/>\n<meta name=\"twitter:card\" content=\"summary_large_image\" \/>\n<meta name=\"twitter:label1\" content=\"Dur\u00e9e de lecture estim\u00e9e\" \/>\n\t<meta name=\"twitter:data1\" content=\"2 minutes\" \/>\n<script type=\"application\/ld+json\" class=\"yoast-schema-graph\">{\"@context\":\"https:\\\/\\\/schema.org\",\"@graph\":[{\"@type\":\"WebPage\",\"@id\":\"https:\\\/\\\/decoplanta.com\\\/fr\\\/plantes-dinterieur-artificielles\\\/grand-olivier-artificiel-240cm\\\/\",\"url\":\"https:\\\/\\\/decoplanta.com\\\/fr\\\/plantes-dinterieur-artificielles\\\/grand-olivier-artificiel-240cm\\\/\",\"name\":\"GRAND OLIVIER artificiel d'un r\u00e9alisme \u00e9lev\u00e9 Hauteur: 2,40 m\",\"isPartOf\":{\"@id\":\"https:\\\/\\\/decoplanta.com\\\/fr\\\/#website\"},\"primaryImageOfPage\":{\"@id\":\"https:\\\/\\\/decoplanta.com\\\/fr\\\/plantes-dinterieur-artificielles\\\/grand-olivier-artificiel-240cm\\\/#primaryimage\"},\"image\":{\"@id\":\"https:\\\/\\\/decoplanta.com\\\/fr\\\/plantes-dinterieur-artificielles\\\/grand-olivier-artificiel-240cm\\\/#primaryimage\"},\"thumbnailUrl\":\"https:\\\/\\\/decoplanta.com\\\/wp-content\\\/uploads\\\/2023\\\/01\\\/429585-GRAN_OLIVO-240cm-scaled.jpg\",\"datePublished\":\"2023-01-25T12:03:04+00:00\",\"dateModified\":\"2023-04-11T10:06:07+00:00\",\"description\":\"GRAND OLIVIER artificiel - Haut r\u00e9alisme et d'une feuillaison maximale des feuilles, comprend des olives de diff\u00e9rentes nuances et un tronc haute d\u00e9finition\",\"breadcrumb\":{\"@id\":\"https:\\\/\\\/decoplanta.com\\\/fr\\\/plantes-dinterieur-artificielles\\\/grand-olivier-artificiel-240cm\\\/#breadcrumb\"},\"inLanguage\":\"fr-FR\",\"potentialAction\":[{\"@type\":\"ReadAction\",\"target\":[\"https:\\\/\\\/decoplanta.com\\\/fr\\\/plantes-dinterieur-artificielles\\\/grand-olivier-artificiel-240cm\\\/\"]}]},{\"@type\":\"ImageObject\",\"inLanguage\":\"fr-FR\",\"@id\":\"https:\\\/\\\/decoplanta.com\\\/fr\\\/plantes-dinterieur-artificielles\\\/grand-olivier-artificiel-240cm\\\/#primaryimage\",\"url\":\"https:\\\/\\\/decoplanta.com\\\/wp-content\\\/uploads\\\/2023\\\/01\\\/429585-GRAN_OLIVO-240cm-scaled.jpg\",\"contentUrl\":\"https:\\\/\\\/decoplanta.com\\\/wp-content\\\/uploads\\\/2023\\\/01\\\/429585-GRAN_OLIVO-240cm-scaled.jpg\",\"width\":2560,\"height\":2560,\"caption\":\"Gran Olivo de 240 cm de alto\"},{\"@type\":\"BreadcrumbList\",\"@id\":\"https:\\\/\\\/decoplanta.com\\\/fr\\\/plantes-dinterieur-artificielles\\\/grand-olivier-artificiel-240cm\\\/#breadcrumb\",\"itemListElement\":[{\"@type\":\"ListItem\",\"position\":1,\"name\":\"Portada\",\"item\":\"https:\\\/\\\/decoplanta.com\\\/fr\\\/\"},{\"@type\":\"ListItem\",\"position\":2,\"name\":\"Priv\u00e9\u00a0: Tienda\",\"item\":\"https:\\\/\\\/decoplanta.com\\\/?page_id=377\"},{\"@type\":\"ListItem\",\"position\":3,\"name\":\"GRAND OLIVIER\"}]},{\"@type\":\"WebSite\",\"@id\":\"https:\\\/\\\/decoplanta.com\\\/fr\\\/#website\",\"url\":\"https:\\\/\\\/decoplanta.com\\\/fr\\\/\",\"name\":\"PLANTES ET ARBRES ARTIFICIELS TR\u00c8S R\u00c9ALISTES\",\"description\":\"Proveedor de Plantas artificiales para estudios de Arquitectura, Interiorismo, Paisajismo, Escenograf\u00eda, Tiendas de Decoraci\u00f3n Florister\u00edas y Mobiliario\",\"publisher\":{\"@id\":\"https:\\\/\\\/decoplanta.com\\\/fr\\\/#organization\"},\"potentialAction\":[{\"@type\":\"SearchAction\",\"target\":{\"@type\":\"EntryPoint\",\"urlTemplate\":\"https:\\\/\\\/decoplanta.com\\\/fr\\\/?s={search_term_string}\"},\"query-input\":{\"@type\":\"PropertyValueSpecification\",\"valueRequired\":true,\"valueName\":\"search_term_string\"}}],\"inLanguage\":\"fr-FR\"},{\"@type\":\"Organization\",\"@id\":\"https:\\\/\\\/decoplanta.com\\\/fr\\\/#organization\",\"name\":\"PLANTES ET ARBRES ARTIFICIELS TR\u00c8S R\u00c9ALISTES\",\"url\":\"https:\\\/\\\/decoplanta.com\\\/fr\\\/\",\"logo\":{\"@type\":\"ImageObject\",\"inLanguage\":\"fr-FR\",\"@id\":\"https:\\\/\\\/decoplanta.com\\\/fr\\\/#\\\/schema\\\/logo\\\/image\\\/\",\"url\":\"https:\\\/\\\/decoplanta.com\\\/wp-content\\\/uploads\\\/2021\\\/02\\\/decoplanta-logo2020.svg\",\"contentUrl\":\"https:\\\/\\\/decoplanta.com\\\/wp-content\\\/uploads\\\/2021\\\/02\\\/decoplanta-logo2020.svg\",\"width\":500,\"height\":500,\"caption\":\"PLANTES ET ARBRES ARTIFICIELS TR\u00c8S R\u00c9ALISTES\"},\"image\":{\"@id\":\"https:\\\/\\\/decoplanta.com\\\/fr\\\/#\\\/schema\\\/logo\\\/image\\\/\"}}]}<\/script>\n<!-- \/ Yoast SEO plugin. -->","yoast_head_json":{"title":"GRAND OLIVIER artificiel d'un r\u00e9alisme \u00e9lev\u00e9 Hauteur: 2,40 m","description":"GRAND OLIVIER artificiel - Haut r\u00e9alisme et d'une feuillaison maximale des feuilles, comprend des olives de diff\u00e9rentes nuances et un tronc haute d\u00e9finition","robots":{"index":"index","follow":"follow","max-snippet":"max-snippet:-1","max-image-preview":"max-image-preview:large","max-video-preview":"max-video-preview:-1"},"canonical":"https:\/\/decoplanta.com\/fr\/plantes-dinterieur-artificielles\/grand-olivier-artificiel-240cm\/","og_locale":"fr_FR","og_type":"article","og_title":"GRAND OLIVIER artificiel d'un r\u00e9alisme \u00e9lev\u00e9 Hauteur: 2,40 m","og_description":"GRAND OLIVIER artificiel - Haut r\u00e9alisme et d'une feuillaison maximale des feuilles, comprend des olives de diff\u00e9rentes nuances et un tronc haute d\u00e9finition","og_url":"https:\/\/decoplanta.com\/fr\/plantes-dinterieur-artificielles\/grand-olivier-artificiel-240cm\/","og_site_name":"PLANTES ET ARBRES ARTIFICIELS TR\u00c8S R\u00c9ALISTES","article_modified_time":"2023-04-11T10:06:07+00:00","og_image":[{"width":2560,"height":2560,"url":"https:\/\/decoplanta.com\/wp-content\/uploads\/2023\/01\/429585-GRAN_OLIVO-240cm-scaled.jpg","type":"image\/jpeg"}],"twitter_card":"summary_large_image","twitter_misc":{"Dur\u00e9e de lecture estim\u00e9e":"2 minutes"},"schema":{"@context":"https:\/\/schema.org","@graph":[{"@type":"WebPage","@id":"https:\/\/decoplanta.com\/fr\/plantes-dinterieur-artificielles\/grand-olivier-artificiel-240cm\/","url":"https:\/\/decoplanta.com\/fr\/plantes-dinterieur-artificielles\/grand-olivier-artificiel-240cm\/","name":"GRAND OLIVIER artificiel d'un r\u00e9alisme \u00e9lev\u00e9 Hauteur: 2,40 m","isPartOf":{"@id":"https:\/\/decoplanta.com\/fr\/#website"},"primaryImageOfPage":{"@id":"https:\/\/decoplanta.com\/fr\/plantes-dinterieur-artificielles\/grand-olivier-artificiel-240cm\/#primaryimage"},"image":{"@id":"https:\/\/decoplanta.com\/fr\/plantes-dinterieur-artificielles\/grand-olivier-artificiel-240cm\/#primaryimage"},"thumbnailUrl":"https:\/\/decoplanta.com\/wp-content\/uploads\/2023\/01\/429585-GRAN_OLIVO-240cm-scaled.jpg","datePublished":"2023-01-25T12:03:04+00:00","dateModified":"2023-04-11T10:06:07+00:00","description":"GRAND OLIVIER artificiel - Haut r\u00e9alisme et d'une feuillaison maximale des feuilles, comprend des olives de diff\u00e9rentes nuances et un tronc haute d\u00e9finition","breadcrumb":{"@id":"https:\/\/decoplanta.com\/fr\/plantes-dinterieur-artificielles\/grand-olivier-artificiel-240cm\/#breadcrumb"},"inLanguage":"fr-FR","potentialAction":[{"@type":"ReadAction","target":["https:\/\/decoplanta.com\/fr\/plantes-dinterieur-artificielles\/grand-olivier-artificiel-240cm\/"]}]},{"@type":"ImageObject","inLanguage":"fr-FR","@id":"https:\/\/decoplanta.com\/fr\/plantes-dinterieur-artificielles\/grand-olivier-artificiel-240cm\/#primaryimage","url":"https:\/\/decoplanta.com\/wp-content\/uploads\/2023\/01\/429585-GRAN_OLIVO-240cm-scaled.jpg","contentUrl":"https:\/\/decoplanta.com\/wp-content\/uploads\/2023\/01\/429585-GRAN_OLIVO-240cm-scaled.jpg","width":2560,"height":2560,"caption":"Gran Olivo de 240 cm de alto"},{"@type":"BreadcrumbList","@id":"https:\/\/decoplanta.com\/fr\/plantes-dinterieur-artificielles\/grand-olivier-artificiel-240cm\/#breadcrumb","itemListElement":[{"@type":"ListItem","position":1,"name":"Portada","item":"https:\/\/decoplanta.com\/fr\/"},{"@type":"ListItem","position":2,"name":"Priv\u00e9\u00a0: Tienda","item":"https:\/\/decoplanta.com\/?page_id=377"},{"@type":"ListItem","position":3,"name":"GRAND OLIVIER"}]},{"@type":"WebSite","@id":"https:\/\/decoplanta.com\/fr\/#website","url":"https:\/\/decoplanta.com\/fr\/","name":"PLANTES ET ARBRES ARTIFICIELS TR\u00c8S R\u00c9ALISTES","description":"Proveedor de Plantas artificiales para estudios de Arquitectura, Interiorismo, Paisajismo, Escenograf\u00eda, Tiendas de Decoraci\u00f3n Florister\u00edas y Mobiliario","publisher":{"@id":"https:\/\/decoplanta.com\/fr\/#organization"},"potentialAction":[{"@type":"SearchAction","target":{"@type":"EntryPoint","urlTemplate":"https:\/\/decoplanta.com\/fr\/?s={search_term_string}"},"query-input":{"@type":"PropertyValueSpecification","valueRequired":true,"valueName":"search_term_string"}}],"inLanguage":"fr-FR"},{"@type":"Organization","@id":"https:\/\/decoplanta.com\/fr\/#organization","name":"PLANTES ET ARBRES ARTIFICIELS TR\u00c8S R\u00c9ALISTES","url":"https:\/\/decoplanta.com\/fr\/","logo":{"@type":"ImageObject","inLanguage":"fr-FR","@id":"https:\/\/decoplanta.com\/fr\/#\/schema\/logo\/image\/","url":"https:\/\/decoplanta.com\/wp-content\/uploads\/2021\/02\/decoplanta-logo2020.svg","contentUrl":"https:\/\/decoplanta.com\/wp-content\/uploads\/2021\/02\/decoplanta-logo2020.svg","width":500,"height":500,"caption":"PLANTES ET ARBRES ARTIFICIELS TR\u00c8S R\u00c9ALISTES"},"image":{"@id":"https:\/\/decoplanta.com\/fr\/#\/schema\/logo\/image\/"}}]}},"_links":{"self":[{"href":"https:\/\/decoplanta.com\/fr\/wp-json\/wp\/v2\/product\/5524","targetHints":{"allow":["GET"]}}],"collection":[{"href":"https:\/\/decoplanta.com\/fr\/wp-json\/wp\/v2\/product"}],"about":[{"href":"https:\/\/decoplanta.com\/fr\/wp-json\/wp\/v2\/types\/product"}],"version-history":[{"count":0,"href":"https:\/\/decoplanta.com\/fr\/wp-json\/wp\/v2\/product\/5524\/revisions"}],"wp:featuredmedia":[{"embeddable":true,"href":"https:\/\/decoplanta.com\/fr\/wp-json\/wp\/v2\/media\/5708"}],"wp:attachment":[{"href":"https:\/\/decoplanta.com\/fr\/wp-json\/wp\/v2\/media?parent=5524"}],"wp:term":[{"taxonomy":"product_brand","embeddable":true,"href":"https:\/\/decoplanta.com\/fr\/wp-json\/wp\/v2\/product_brand?post=5524"},{"taxonomy":"product_cat","embeddable":true,"href":"https:\/\/decoplanta.com\/fr\/wp-json\/wp\/v2\/product_cat?post=5524"},{"taxonomy":"product_tag","embeddable":true,"href":"https:\/\/decoplanta.com\/fr\/wp-json\/wp\/v2\/product_tag?post=5524"}],"curies":[{"name":"wp","href":"https:\/\/api.w.org\/{rel}","templated":true}]}}