{"id":5533,"date":"2023-01-25T13:00:13","date_gmt":"2023-01-25T13:04:13","guid":{"rendered":"https:\/\/decoplanta.com\/?post_type=product&#038;p=5533"},"modified":"2023-01-29T12:13:43","modified_gmt":"2023-01-29T11:13:43","slug":"plante-figuier-artificiel-100cm","status":"publish","type":"product","link":"https:\/\/decoplanta.com\/fr\/plantes-dinterieur-artificielles\/plante-figuier-artificiel-100cm\/","title":{"rendered":"Plante FIGUIER"},"content":{"rendered":"<p><strong>Plante Figuier artificiel<\/strong> de 100 cm de haut, avec une feuille verte intense, des figues et un tronc haute d\u00e9finition. Il est livr\u00e9 avec un pot de base inclus et ne n\u00e9cessite aucun entretien.<\/p>\n<p>Le nom commun du figuier est Ficus carica, et c&rsquo;est l&rsquo;une des nombreuses esp\u00e8ces du genre Ficus, de la famille des Morac\u00e9es, dont le fruit est la figue. Originaire d&rsquo;Asie du Sud-Ouest, il pousse aujourd&rsquo;hui \u00e0 l&rsquo;\u00e9tat sauvage autour de la M\u00e9diterran\u00e9e et dans d&rsquo;autres r\u00e9gions du monde.<\/p>\n<p>Le plante figuier artificiel est un arbre ou un arbuste \u00e0 feuilles caduques courts, sa hauteur maximale est de 7 \u00e0 8 m. Avec une couronne tr\u00e8s ouverte en raison de sa ramification abondante, qui se pose souvent presque au niveau du sol.<br \/>\nL&rsquo;\u00e9corce est lisse et de couleur gris\u00e2tre. Les feuilles, longues de 12 \u00e0 25 cm et larges de 10 \u00e0 18 cm, sont profond\u00e9ment lob\u00e9es, form\u00e9es de 3 \u00e0 7 folioles, de couleur vert vif et de texture rugueuse.<\/p>\n<p>Fait int\u00e9ressant, la floraison de cette esp\u00e8ce est assez complexe. Les fleurs des deux sexes sont enferm\u00e9es dans un r\u00e9ceptacle en forme de poire avec une petite ouverture apicale (ostiole). Les seules fleurs m\u00e2les se trouvent \u00e0 proximit\u00e9 de l&rsquo;ouverture, les autres sont femelles, certaines st\u00e9riles. Ces fleurs donneront naissance \u00e0 de petits ak\u00e8nes appel\u00e9s commun\u00e9ment p\u00e9pins, entour\u00e9s d&rsquo;un m\u00e9socarpe charnu et qui sont les vrais fruits (c&rsquo;est-\u00e0-dire les drup\u00e9oles) du figuier. L&rsquo;ensemble porte le nom de sicono (du latin syconus).<\/p>\n<h3>Un <a href=\"https:\/\/es.wikipedia.org\/wiki\/Ficus_carica\">figuier<\/a> artificiel comme usage ornemental pour votre jardin int\u00e9rieur<\/h3>\n<p>La pollinisation est r\u00e9alis\u00e9e par une esp\u00e8ce d&rsquo;insectes hym\u00e9nopt\u00e8res (petites gu\u00eapes) dans un cas typique de symbiose\/mutualisme. Il existe une esp\u00e8ce de gu\u00eapes adapt\u00e9e \u00e0 chaque esp\u00e8ce de figuier. Blastopphaga psenes pollinise le figuier commun. La femelle p\u00e9n\u00e8tre dans le syconum par l&rsquo;ostiole, y d\u00e9pose ses \u0153ufs et y meurt apr\u00e8s l&rsquo;avoir pollinis\u00e9e. Lorsque les jeunes naissent, les m\u00e2les f\u00e9condent les femelles qui sont encore dans l&rsquo;ovaire et meurent \u00e0 l&rsquo;int\u00e9rieur, ne partant jamais. Les gu\u00eapes femelles f\u00e9cond\u00e9es sortent par l&rsquo;ostiole, emportant avec elles le pollen des fleurs m\u00e2les.<\/p>\n<p>Certains figuiers, dits bif\u00e8res ou remontants, produisent deux r\u00e9coltes par an ; en juin les figues, plus grosses que les figues, et les figues entre fin ao\u00fbt et d\u00e9but septembre.<\/p>\n<p class=\"p1\"><span class=\"s1\">D\u00e9couvrez nos nouveaux <a href=\"https:\/\/decoplanta.com\/fr\/plantes-dinterieur-artificielles\"><span class=\"s2\">grands plantes d&rsquo;int\u00e9rieur<\/span><\/a>, comme le <a href=\"https:\/\/decoplanta.com\/fr\/plantes-dinterieur-artificielles\/grand-olivier-artificiel-280cm\/\"><span class=\"s2\">GRAND OLIVIER<\/span><\/a>, le <a href=\"https:\/\/decoplanta.com\/fr\/plantes-dinterieur-artificielles\/grand-cerisier-en-fleur-artificiel-320cm\/\"><span class=\"s2\">GRAND CERISIER<\/span><\/a> ou notre merveilleux <a href=\"https:\/\/decoplanta.com\/fr\/plantes-dinterieur-artificielles\/grand-palmier-phoenix-260cm\/\"><span class=\"s2\">GRAND PALMIER PHOENIX<\/span><\/a>, ainsi que le <a href=\"https:\/\/decoplanta.com\/fr\/plantes-dinterieur-artificielles\/kentia-maxi-artificiel\/\"><span class=\"s2\">KENTIA MAXI<\/span><\/a> ou le <a href=\"https:\/\/decoplanta.com\/fr\/plantes-dinterieur-artificielles\/grand-arbre-ficus-lyrata\/\"><span class=\"s2\">GRAND FICUS LYRATA<\/span><\/a> de 3 m\u00e8tres de haut.<\/span><\/p>\n<p>&nbsp;<\/p>\n<p>&nbsp;<\/p>\n","protected":false},"excerpt":{"rendered":"<p>Plante Figuier de 100 cm de haut, avec une feuille verte intense, des figues et un tronc haute d\u00e9finition. Il est livr\u00e9 avec une pot de base incluse et ne n\u00e9cessite aucun entretien.<\/p>\n<table>\n<tbody>\n<tr>\n<td><strong>R\u00c9F<\/strong><\/td>\n<td><strong>HAUTEUR<\/strong><\/td>\n<\/tr>\n<tr>\n<td>428453<\/td>\n<td>100 cm<\/td>\n<\/tr>\n<\/tbody>\n<\/table>\n","protected":false},"featured_media":5516,"template":"","meta":{"_monsterinsights_skip_tracking":false,"_monsterinsights_sitenote_active":false,"_monsterinsights_sitenote_note":"","_monsterinsights_sitenote_category":0},"product_brand":[],"product_cat":[251],"product_tag":[384,257],"class_list":{"0":"post-5533","1":"product","2":"type-product","3":"status-publish","4":"has-post-thumbnail","6":"product_cat-plantes-dinterieur-artificielles","7":"product_tag-arbre-dinterieur","8":"product_tag-arbre-fruitier-artificiel","9":"","10":"woocommerce-text-align-center","11":"woocommerce-image-align-center","12":"do-quantity-buttons","14":"first","15":"instock","16":"taxable","17":"shipping-taxable","18":"purchasable","19":"product-type-simple"},"yoast_head":"<!-- This site is optimized with the Yoast SEO plugin v27.3 - https:\/\/yoast.com\/product\/yoast-seo-wordpress\/ -->\n<title>Plante Figuier artificiel - 100cm de haut et un maximum de r\u00e9alisme<\/title>\n<meta name=\"description\" content=\"Plante Figuier artificiel de 100cm de haut et un maximum de r\u00e9alisme Feuille vert intense, figues et tronc haute d\u00e9finition. Pour la d\u00e9coration int\u00e9rieure\" \/>\n<meta name=\"robots\" content=\"index, follow, max-snippet:-1, max-image-preview:large, max-video-preview:-1\" \/>\n<link rel=\"canonical\" href=\"https:\/\/decoplanta.com\/fr\/plantes-dinterieur-artificielles\/plante-figuier-artificiel-100cm\/\" \/>\n<meta property=\"og:locale\" content=\"fr_FR\" \/>\n<meta property=\"og:type\" content=\"article\" \/>\n<meta property=\"og:title\" content=\"Plante Figuier artificiel - 100cm de haut et un maximum de r\u00e9alisme\" \/>\n<meta property=\"og:description\" content=\"Plante Figuier artificiel de 100cm de haut et un maximum de r\u00e9alisme Feuille vert intense, figues et tronc haute d\u00e9finition. Pour la d\u00e9coration int\u00e9rieure\" \/>\n<meta property=\"og:url\" content=\"https:\/\/decoplanta.com\/fr\/plantes-dinterieur-artificielles\/plante-figuier-artificiel-100cm\/\" \/>\n<meta property=\"og:site_name\" content=\"PLANTES ET ARBRES ARTIFICIELS TR\u00c8S R\u00c9ALISTES\" \/>\n<meta property=\"article:modified_time\" content=\"2023-01-29T11:13:43+00:00\" \/>\n<meta property=\"og:image\" content=\"https:\/\/decoplanta.com\/wp-content\/uploads\/2023\/01\/428453-HIGUERA-100cm.jpg\" \/>\n\t<meta property=\"og:image:width\" content=\"1088\" \/>\n\t<meta property=\"og:image:height\" content=\"1088\" \/>\n\t<meta property=\"og:image:type\" content=\"image\/jpeg\" \/>\n<meta name=\"twitter:card\" content=\"summary_large_image\" \/>\n<meta name=\"twitter:label1\" content=\"Dur\u00e9e de lecture estim\u00e9e\" \/>\n\t<meta name=\"twitter:data1\" content=\"2 minutes\" \/>\n<script type=\"application\/ld+json\" class=\"yoast-schema-graph\">{\"@context\":\"https:\\\/\\\/schema.org\",\"@graph\":[{\"@type\":\"WebPage\",\"@id\":\"https:\\\/\\\/decoplanta.com\\\/fr\\\/plantes-dinterieur-artificielles\\\/plante-figuier-artificiel-100cm\\\/\",\"url\":\"https:\\\/\\\/decoplanta.com\\\/fr\\\/plantes-dinterieur-artificielles\\\/plante-figuier-artificiel-100cm\\\/\",\"name\":\"Plante Figuier artificiel - 100cm de haut et un maximum de r\u00e9alisme\",\"isPartOf\":{\"@id\":\"https:\\\/\\\/decoplanta.com\\\/fr\\\/#website\"},\"primaryImageOfPage\":{\"@id\":\"https:\\\/\\\/decoplanta.com\\\/fr\\\/plantes-dinterieur-artificielles\\\/plante-figuier-artificiel-100cm\\\/#primaryimage\"},\"image\":{\"@id\":\"https:\\\/\\\/decoplanta.com\\\/fr\\\/plantes-dinterieur-artificielles\\\/plante-figuier-artificiel-100cm\\\/#primaryimage\"},\"thumbnailUrl\":\"https:\\\/\\\/decoplanta.com\\\/wp-content\\\/uploads\\\/2023\\\/01\\\/428453-HIGUERA-100cm.jpg\",\"datePublished\":\"2023-01-25T13:04:13+00:00\",\"dateModified\":\"2023-01-29T11:13:43+00:00\",\"description\":\"Plante Figuier artificiel de 100cm de haut et un maximum de r\u00e9alisme Feuille vert intense, figues et tronc haute d\u00e9finition. Pour la d\u00e9coration int\u00e9rieure\",\"breadcrumb\":{\"@id\":\"https:\\\/\\\/decoplanta.com\\\/fr\\\/plantes-dinterieur-artificielles\\\/plante-figuier-artificiel-100cm\\\/#breadcrumb\"},\"inLanguage\":\"fr-FR\",\"potentialAction\":[{\"@type\":\"ReadAction\",\"target\":[\"https:\\\/\\\/decoplanta.com\\\/fr\\\/plantes-dinterieur-artificielles\\\/plante-figuier-artificiel-100cm\\\/\"]}]},{\"@type\":\"ImageObject\",\"inLanguage\":\"fr-FR\",\"@id\":\"https:\\\/\\\/decoplanta.com\\\/fr\\\/plantes-dinterieur-artificielles\\\/plante-figuier-artificiel-100cm\\\/#primaryimage\",\"url\":\"https:\\\/\\\/decoplanta.com\\\/wp-content\\\/uploads\\\/2023\\\/01\\\/428453-HIGUERA-100cm.jpg\",\"contentUrl\":\"https:\\\/\\\/decoplanta.com\\\/wp-content\\\/uploads\\\/2023\\\/01\\\/428453-HIGUERA-100cm.jpg\",\"width\":1088,\"height\":1088,\"caption\":\"\u00c1rbol HIGUERA artificial de 100cm de altura. Plante Figuier artificiel - 100cm de haut et un maximum de r\u00e9alisme\"},{\"@type\":\"BreadcrumbList\",\"@id\":\"https:\\\/\\\/decoplanta.com\\\/fr\\\/plantes-dinterieur-artificielles\\\/plante-figuier-artificiel-100cm\\\/#breadcrumb\",\"itemListElement\":[{\"@type\":\"ListItem\",\"position\":1,\"name\":\"Portada\",\"item\":\"https:\\\/\\\/decoplanta.com\\\/fr\\\/\"},{\"@type\":\"ListItem\",\"position\":2,\"name\":\"Priv\u00e9\u00a0: Tienda\",\"item\":\"https:\\\/\\\/decoplanta.com\\\/?page_id=377\"},{\"@type\":\"ListItem\",\"position\":3,\"name\":\"Plante FIGUIER\"}]},{\"@type\":\"WebSite\",\"@id\":\"https:\\\/\\\/decoplanta.com\\\/fr\\\/#website\",\"url\":\"https:\\\/\\\/decoplanta.com\\\/fr\\\/\",\"name\":\"PLANTES ET ARBRES ARTIFICIELS TR\u00c8S R\u00c9ALISTES\",\"description\":\"Proveedor de Plantas artificiales para estudios de Arquitectura, Interiorismo, Paisajismo, Escenograf\u00eda, Tiendas de Decoraci\u00f3n Florister\u00edas y Mobiliario\",\"publisher\":{\"@id\":\"https:\\\/\\\/decoplanta.com\\\/fr\\\/#organization\"},\"potentialAction\":[{\"@type\":\"SearchAction\",\"target\":{\"@type\":\"EntryPoint\",\"urlTemplate\":\"https:\\\/\\\/decoplanta.com\\\/fr\\\/?s={search_term_string}\"},\"query-input\":{\"@type\":\"PropertyValueSpecification\",\"valueRequired\":true,\"valueName\":\"search_term_string\"}}],\"inLanguage\":\"fr-FR\"},{\"@type\":\"Organization\",\"@id\":\"https:\\\/\\\/decoplanta.com\\\/fr\\\/#organization\",\"name\":\"PLANTES ET ARBRES ARTIFICIELS TR\u00c8S R\u00c9ALISTES\",\"url\":\"https:\\\/\\\/decoplanta.com\\\/fr\\\/\",\"logo\":{\"@type\":\"ImageObject\",\"inLanguage\":\"fr-FR\",\"@id\":\"https:\\\/\\\/decoplanta.com\\\/fr\\\/#\\\/schema\\\/logo\\\/image\\\/\",\"url\":\"https:\\\/\\\/decoplanta.com\\\/wp-content\\\/uploads\\\/2021\\\/02\\\/decoplanta-logo2020.svg\",\"contentUrl\":\"https:\\\/\\\/decoplanta.com\\\/wp-content\\\/uploads\\\/2021\\\/02\\\/decoplanta-logo2020.svg\",\"width\":500,\"height\":500,\"caption\":\"PLANTES ET ARBRES ARTIFICIELS TR\u00c8S R\u00c9ALISTES\"},\"image\":{\"@id\":\"https:\\\/\\\/decoplanta.com\\\/fr\\\/#\\\/schema\\\/logo\\\/image\\\/\"}}]}<\/script>\n<!-- \/ Yoast SEO plugin. -->","yoast_head_json":{"title":"Plante Figuier artificiel - 100cm de haut et un maximum de r\u00e9alisme","description":"Plante Figuier artificiel de 100cm de haut et un maximum de r\u00e9alisme Feuille vert intense, figues et tronc haute d\u00e9finition. Pour la d\u00e9coration int\u00e9rieure","robots":{"index":"index","follow":"follow","max-snippet":"max-snippet:-1","max-image-preview":"max-image-preview:large","max-video-preview":"max-video-preview:-1"},"canonical":"https:\/\/decoplanta.com\/fr\/plantes-dinterieur-artificielles\/plante-figuier-artificiel-100cm\/","og_locale":"fr_FR","og_type":"article","og_title":"Plante Figuier artificiel - 100cm de haut et un maximum de r\u00e9alisme","og_description":"Plante Figuier artificiel de 100cm de haut et un maximum de r\u00e9alisme Feuille vert intense, figues et tronc haute d\u00e9finition. Pour la d\u00e9coration int\u00e9rieure","og_url":"https:\/\/decoplanta.com\/fr\/plantes-dinterieur-artificielles\/plante-figuier-artificiel-100cm\/","og_site_name":"PLANTES ET ARBRES ARTIFICIELS TR\u00c8S R\u00c9ALISTES","article_modified_time":"2023-01-29T11:13:43+00:00","og_image":[{"width":1088,"height":1088,"url":"https:\/\/decoplanta.com\/wp-content\/uploads\/2023\/01\/428453-HIGUERA-100cm.jpg","type":"image\/jpeg"}],"twitter_card":"summary_large_image","twitter_misc":{"Dur\u00e9e de lecture estim\u00e9e":"2 minutes"},"schema":{"@context":"https:\/\/schema.org","@graph":[{"@type":"WebPage","@id":"https:\/\/decoplanta.com\/fr\/plantes-dinterieur-artificielles\/plante-figuier-artificiel-100cm\/","url":"https:\/\/decoplanta.com\/fr\/plantes-dinterieur-artificielles\/plante-figuier-artificiel-100cm\/","name":"Plante Figuier artificiel - 100cm de haut et un maximum de r\u00e9alisme","isPartOf":{"@id":"https:\/\/decoplanta.com\/fr\/#website"},"primaryImageOfPage":{"@id":"https:\/\/decoplanta.com\/fr\/plantes-dinterieur-artificielles\/plante-figuier-artificiel-100cm\/#primaryimage"},"image":{"@id":"https:\/\/decoplanta.com\/fr\/plantes-dinterieur-artificielles\/plante-figuier-artificiel-100cm\/#primaryimage"},"thumbnailUrl":"https:\/\/decoplanta.com\/wp-content\/uploads\/2023\/01\/428453-HIGUERA-100cm.jpg","datePublished":"2023-01-25T13:04:13+00:00","dateModified":"2023-01-29T11:13:43+00:00","description":"Plante Figuier artificiel de 100cm de haut et un maximum de r\u00e9alisme Feuille vert intense, figues et tronc haute d\u00e9finition. Pour la d\u00e9coration int\u00e9rieure","breadcrumb":{"@id":"https:\/\/decoplanta.com\/fr\/plantes-dinterieur-artificielles\/plante-figuier-artificiel-100cm\/#breadcrumb"},"inLanguage":"fr-FR","potentialAction":[{"@type":"ReadAction","target":["https:\/\/decoplanta.com\/fr\/plantes-dinterieur-artificielles\/plante-figuier-artificiel-100cm\/"]}]},{"@type":"ImageObject","inLanguage":"fr-FR","@id":"https:\/\/decoplanta.com\/fr\/plantes-dinterieur-artificielles\/plante-figuier-artificiel-100cm\/#primaryimage","url":"https:\/\/decoplanta.com\/wp-content\/uploads\/2023\/01\/428453-HIGUERA-100cm.jpg","contentUrl":"https:\/\/decoplanta.com\/wp-content\/uploads\/2023\/01\/428453-HIGUERA-100cm.jpg","width":1088,"height":1088,"caption":"\u00c1rbol HIGUERA artificial de 100cm de altura. Plante Figuier artificiel - 100cm de haut et un maximum de r\u00e9alisme"},{"@type":"BreadcrumbList","@id":"https:\/\/decoplanta.com\/fr\/plantes-dinterieur-artificielles\/plante-figuier-artificiel-100cm\/#breadcrumb","itemListElement":[{"@type":"ListItem","position":1,"name":"Portada","item":"https:\/\/decoplanta.com\/fr\/"},{"@type":"ListItem","position":2,"name":"Priv\u00e9\u00a0: Tienda","item":"https:\/\/decoplanta.com\/?page_id=377"},{"@type":"ListItem","position":3,"name":"Plante FIGUIER"}]},{"@type":"WebSite","@id":"https:\/\/decoplanta.com\/fr\/#website","url":"https:\/\/decoplanta.com\/fr\/","name":"PLANTES ET ARBRES ARTIFICIELS TR\u00c8S R\u00c9ALISTES","description":"Proveedor de Plantas artificiales para estudios de Arquitectura, Interiorismo, Paisajismo, Escenograf\u00eda, Tiendas de Decoraci\u00f3n Florister\u00edas y Mobiliario","publisher":{"@id":"https:\/\/decoplanta.com\/fr\/#organization"},"potentialAction":[{"@type":"SearchAction","target":{"@type":"EntryPoint","urlTemplate":"https:\/\/decoplanta.com\/fr\/?s={search_term_string}"},"query-input":{"@type":"PropertyValueSpecification","valueRequired":true,"valueName":"search_term_string"}}],"inLanguage":"fr-FR"},{"@type":"Organization","@id":"https:\/\/decoplanta.com\/fr\/#organization","name":"PLANTES ET ARBRES ARTIFICIELS TR\u00c8S R\u00c9ALISTES","url":"https:\/\/decoplanta.com\/fr\/","logo":{"@type":"ImageObject","inLanguage":"fr-FR","@id":"https:\/\/decoplanta.com\/fr\/#\/schema\/logo\/image\/","url":"https:\/\/decoplanta.com\/wp-content\/uploads\/2021\/02\/decoplanta-logo2020.svg","contentUrl":"https:\/\/decoplanta.com\/wp-content\/uploads\/2021\/02\/decoplanta-logo2020.svg","width":500,"height":500,"caption":"PLANTES ET ARBRES ARTIFICIELS TR\u00c8S R\u00c9ALISTES"},"image":{"@id":"https:\/\/decoplanta.com\/fr\/#\/schema\/logo\/image\/"}}]}},"_links":{"self":[{"href":"https:\/\/decoplanta.com\/fr\/wp-json\/wp\/v2\/product\/5533","targetHints":{"allow":["GET"]}}],"collection":[{"href":"https:\/\/decoplanta.com\/fr\/wp-json\/wp\/v2\/product"}],"about":[{"href":"https:\/\/decoplanta.com\/fr\/wp-json\/wp\/v2\/types\/product"}],"version-history":[{"count":0,"href":"https:\/\/decoplanta.com\/fr\/wp-json\/wp\/v2\/product\/5533\/revisions"}],"wp:featuredmedia":[{"embeddable":true,"href":"https:\/\/decoplanta.com\/fr\/wp-json\/wp\/v2\/media\/5516"}],"wp:attachment":[{"href":"https:\/\/decoplanta.com\/fr\/wp-json\/wp\/v2\/media?parent=5533"}],"wp:term":[{"taxonomy":"product_brand","embeddable":true,"href":"https:\/\/decoplanta.com\/fr\/wp-json\/wp\/v2\/product_brand?post=5533"},{"taxonomy":"product_cat","embeddable":true,"href":"https:\/\/decoplanta.com\/fr\/wp-json\/wp\/v2\/product_cat?post=5533"},{"taxonomy":"product_tag","embeddable":true,"href":"https:\/\/decoplanta.com\/fr\/wp-json\/wp\/v2\/product_tag?post=5533"}],"curies":[{"name":"wp","href":"https:\/\/api.w.org\/{rel}","templated":true}]}}