{"id":6112,"date":"2023-11-30T08:00:11","date_gmt":"2023-10-25T06:43:12","guid":{"rendered":"https:\/\/decoplanta.com\/?post_type=product&#038;p=6112"},"modified":"2023-12-30T12:32:37","modified_gmt":"2023-12-30T11:32:37","slug":"arbre-pachira-180cm","status":"publish","type":"product","link":"https:\/\/decoplanta.com\/fr\/plantes-dinterieur-artificielles\/arbre-pachira-180cm\/","title":{"rendered":"Arbre PACHIRA"},"content":{"rendered":"<p>Arbre artificiel PACHIRA pour la d\u00e9coration <a class=\"waffle-rich-text-link\" href=\"https:\/\/decoplanta.com\/plantas-de-interior-artificiales\/\">int\u00e9rieure<\/a> vous n&rsquo;aurez aucun souci quant \u00e0 son entretien. Ce bel arbre d&rsquo;origine australienne est tr\u00e8s \u00e9l\u00e9gant avec ses feuilles rondes denses et son tronc naturel.<\/p>\n<p>Cet arbre artificiel compl\u00e9tera parfaitement une d\u00e9coration dans les tons blancs et donnera une grande luminosit\u00e9. Il n&rsquo;a pas besoin d&rsquo;entretien, vous n&rsquo;aurez donc pas \u00e0 vous soucier de l&rsquo;arroser. Il est disponible en deux hauteurs, 120 cm et 180 cm. Comprend une pot de base. Cet arbre d&rsquo;eucalyptus artificiel est \u00e9l\u00e9gant et tr\u00e8s r\u00e9aliste, ainsi qu&rsquo;un accent moderne pour votre maison. Vous pouvez la mettre n&rsquo;importe o\u00f9 \u00e0 l&rsquo;int\u00e9rieur ou dans un pot selon votre style et vous pourrez profiter longtemps de cette plante. Il est \u00e9galement assez facile \u00e0 entretenir car cette plante n&rsquo;a pas besoin d&rsquo;eau ni d&rsquo;entretien. La plante d&rsquo;eucalyptus est g\u00e9n\u00e9ralement un grand arbre, atteignant des hauteurs de plus de 30 m\u00e8tres dans la nature.<\/p>\n<p>L&rsquo;PACHIRA (Eucalyptus), ne pousse g\u00e9n\u00e9ralement pas plus de 1 m dans les pi\u00e8ces, et de plus, il peut \u00eatre cultiv\u00e9 \u00e0 la fois comme buisson et comme arbre. Il est \u00e9l\u00e9gant avec des pousses droites et des feuilles vertes et argent\u00e9es arrondies.<\/p>\n<h3>La beaut\u00e9 de l&rsquo;Arbre artificiel PACHIRA<\/h3>\n<p>D&rsquo;autre part, on ne trouve pas de plantes plus rares et plus pr\u00e9cieuses que l&rsquo;eucalyptus parmi les repr\u00e9sentants des conif\u00e8res et des bonsa\u00efs d&rsquo;int\u00e9rieur. C&rsquo;est un vrai bijou avec une couronne et des feuilles uniques. De plus, l&rsquo;eucalyptus est une plante luxueuse, \u00e9l\u00e9gante et noble. Il a un tronc \u00e9pais, une \u00e9corce lisse vert et gris\u00e2tre et des feuilles argent\u00e9es lorsqu&rsquo;elles sont jeunes mais qui prennent des teintes bleues lorsque le sp\u00e9cimen est adulte. L&rsquo; <a class=\"waffle-rich-text-link\" href=\"https:\/\/es.wikipedia.org\/wiki\/Eucalyptus\">PACHIRA<\/a> a un feuillage jeune, \u00e0 la fois en raison de sa tonalit\u00e9 de couleur et de sa forme. Les feuilles arrondies sont tr\u00e8s d\u00e9coratives et sont utilis\u00e9es dans les bouquets et autres compositions ornementales. Il n&rsquo;a pas besoin d&rsquo;entretien, vous n&rsquo;aurez donc pas \u00e0 vous soucier de l&rsquo;arroser.<\/p>\n","protected":false},"excerpt":{"rendered":"<p>Arbre PACHIRA. R\u00e9plique parfaite de la Pachira aquatique ou goyave ch\u00e2taigne. C\u2019est l\u2019une des plantes ornementales les plus int\u00e9ressantes pour la d\u00e9coration de la maison. Hauteur : 180cm. Comprend un pot de base.<\/p>\n<table>\n<tbody>\n<tr>\n<td><strong>REF<\/strong><\/td>\n<td>Altura<\/td>\n<\/tr>\n<tr>\n<td><strong>427678<\/strong><\/td>\n<td>180 cm<\/td>\n<\/tr>\n<\/tbody>\n<\/table>\n","protected":false},"featured_media":6115,"template":"","meta":{"_monsterinsights_skip_tracking":false,"_monsterinsights_sitenote_active":false,"_monsterinsights_sitenote_note":"","_monsterinsights_sitenote_category":0},"product_brand":[],"product_cat":[251],"product_tag":[384],"class_list":{"0":"post-6112","1":"product","2":"type-product","3":"status-publish","4":"has-post-thumbnail","6":"product_cat-plantes-dinterieur-artificielles","7":"product_tag-arbre-dinterieur","8":"","9":"woocommerce-text-align-center","10":"woocommerce-image-align-center","11":"do-quantity-buttons","13":"first","14":"instock","15":"taxable","16":"shipping-taxable","17":"purchasable","18":"product-type-simple"},"yoast_head":"<!-- This site is optimized with the Yoast SEO plugin v27.4 - https:\/\/yoast.com\/product\/yoast-seo-wordpress\/ -->\n<title>Arbre PACHIRA artificiel de 180cm - Grand r\u00e9alisme int\u00e9rieur<\/title>\n<meta name=\"description\" content=\"Arbre PACHIRA artificiel tr\u00e8s r\u00e9aliste 180cm haute. Belle pour d\u00e9corer les int\u00e9rieurs avec \u00e9l\u00e9gance. Ne n\u00e9cessite pas d&#039;entretien\" \/>\n<meta name=\"robots\" content=\"index, follow, max-snippet:-1, max-image-preview:large, max-video-preview:-1\" \/>\n<link rel=\"canonical\" href=\"https:\/\/decoplanta.com\/fr\/plantes-dinterieur-artificielles\/arbre-pachira-180cm\/\" \/>\n<meta property=\"og:locale\" content=\"fr_FR\" \/>\n<meta property=\"og:type\" content=\"article\" \/>\n<meta property=\"og:title\" content=\"Arbre PACHIRA artificiel de 180cm - Grand r\u00e9alisme int\u00e9rieur\" \/>\n<meta property=\"og:description\" content=\"Arbre PACHIRA artificiel tr\u00e8s r\u00e9aliste 180cm haute. Belle pour d\u00e9corer les int\u00e9rieurs avec \u00e9l\u00e9gance. Ne n\u00e9cessite pas d&#039;entretien\" \/>\n<meta property=\"og:url\" content=\"https:\/\/decoplanta.com\/fr\/plantes-dinterieur-artificielles\/arbre-pachira-180cm\/\" \/>\n<meta property=\"og:site_name\" content=\"PLANTES ET ARBRES ARTIFICIELS TR\u00c8S R\u00c9ALISTES\" \/>\n<meta property=\"article:modified_time\" content=\"2023-12-30T11:32:37+00:00\" \/>\n<meta property=\"og:image\" content=\"https:\/\/decoplanta.com\/wp-content\/uploads\/2023\/10\/427678-Arbol_PACHIRA-180cm-scaled.jpg\" \/>\n\t<meta property=\"og:image:width\" content=\"2560\" \/>\n\t<meta property=\"og:image:height\" content=\"2560\" \/>\n\t<meta property=\"og:image:type\" content=\"image\/jpeg\" \/>\n<meta name=\"twitter:card\" content=\"summary_large_image\" \/>\n<meta name=\"twitter:label1\" content=\"Dur\u00e9e de lecture estim\u00e9e\" \/>\n\t<meta name=\"twitter:data1\" content=\"2 minutes\" \/>\n<script type=\"application\/ld+json\" class=\"yoast-schema-graph\">{\"@context\":\"https:\\\/\\\/schema.org\",\"@graph\":[{\"@type\":\"WebPage\",\"@id\":\"https:\\\/\\\/decoplanta.com\\\/fr\\\/plantes-dinterieur-artificielles\\\/arbre-pachira-180cm\\\/\",\"url\":\"https:\\\/\\\/decoplanta.com\\\/fr\\\/plantes-dinterieur-artificielles\\\/arbre-pachira-180cm\\\/\",\"name\":\"Arbre PACHIRA artificiel de 180cm - Grand r\u00e9alisme int\u00e9rieur\",\"isPartOf\":{\"@id\":\"https:\\\/\\\/decoplanta.com\\\/fr\\\/#website\"},\"primaryImageOfPage\":{\"@id\":\"https:\\\/\\\/decoplanta.com\\\/fr\\\/plantes-dinterieur-artificielles\\\/arbre-pachira-180cm\\\/#primaryimage\"},\"image\":{\"@id\":\"https:\\\/\\\/decoplanta.com\\\/fr\\\/plantes-dinterieur-artificielles\\\/arbre-pachira-180cm\\\/#primaryimage\"},\"thumbnailUrl\":\"https:\\\/\\\/decoplanta.com\\\/wp-content\\\/uploads\\\/2023\\\/10\\\/427678-Arbol_PACHIRA-180cm-scaled.jpg\",\"datePublished\":\"2023-10-25T06:43:12+00:00\",\"dateModified\":\"2023-12-30T11:32:37+00:00\",\"description\":\"Arbre PACHIRA artificiel tr\u00e8s r\u00e9aliste 180cm haute. Belle pour d\u00e9corer les int\u00e9rieurs avec \u00e9l\u00e9gance. Ne n\u00e9cessite pas d'entretien\",\"breadcrumb\":{\"@id\":\"https:\\\/\\\/decoplanta.com\\\/fr\\\/plantes-dinterieur-artificielles\\\/arbre-pachira-180cm\\\/#breadcrumb\"},\"inLanguage\":\"fr-FR\",\"potentialAction\":[{\"@type\":\"ReadAction\",\"target\":[\"https:\\\/\\\/decoplanta.com\\\/fr\\\/plantes-dinterieur-artificielles\\\/arbre-pachira-180cm\\\/\"]}]},{\"@type\":\"ImageObject\",\"inLanguage\":\"fr-FR\",\"@id\":\"https:\\\/\\\/decoplanta.com\\\/fr\\\/plantes-dinterieur-artificielles\\\/arbre-pachira-180cm\\\/#primaryimage\",\"url\":\"https:\\\/\\\/decoplanta.com\\\/wp-content\\\/uploads\\\/2023\\\/10\\\/427678-Arbol_PACHIRA-180cm-scaled.jpg\",\"contentUrl\":\"https:\\\/\\\/decoplanta.com\\\/wp-content\\\/uploads\\\/2023\\\/10\\\/427678-Arbol_PACHIRA-180cm-scaled.jpg\",\"width\":2560,\"height\":2560,\"caption\":\"\u00c1rbol Pachira de 180 cm de altura\"},{\"@type\":\"BreadcrumbList\",\"@id\":\"https:\\\/\\\/decoplanta.com\\\/fr\\\/plantes-dinterieur-artificielles\\\/arbre-pachira-180cm\\\/#breadcrumb\",\"itemListElement\":[{\"@type\":\"ListItem\",\"position\":1,\"name\":\"Portada\",\"item\":\"https:\\\/\\\/decoplanta.com\\\/fr\\\/\"},{\"@type\":\"ListItem\",\"position\":2,\"name\":\"Priv\u00e9\u00a0: Tienda\",\"item\":\"https:\\\/\\\/decoplanta.com\\\/?page_id=377\"},{\"@type\":\"ListItem\",\"position\":3,\"name\":\"Arbre PACHIRA\"}]},{\"@type\":\"WebSite\",\"@id\":\"https:\\\/\\\/decoplanta.com\\\/fr\\\/#website\",\"url\":\"https:\\\/\\\/decoplanta.com\\\/fr\\\/\",\"name\":\"PLANTES ET ARBRES ARTIFICIELS TR\u00c8S R\u00c9ALISTES\",\"description\":\"Proveedor de Plantas artificiales para estudios de Arquitectura, Interiorismo, Paisajismo, Escenograf\u00eda, Tiendas de Decoraci\u00f3n Florister\u00edas y Mobiliario\",\"publisher\":{\"@id\":\"https:\\\/\\\/decoplanta.com\\\/fr\\\/#organization\"},\"potentialAction\":[{\"@type\":\"SearchAction\",\"target\":{\"@type\":\"EntryPoint\",\"urlTemplate\":\"https:\\\/\\\/decoplanta.com\\\/fr\\\/?s={search_term_string}\"},\"query-input\":{\"@type\":\"PropertyValueSpecification\",\"valueRequired\":true,\"valueName\":\"search_term_string\"}}],\"inLanguage\":\"fr-FR\"},{\"@type\":\"Organization\",\"@id\":\"https:\\\/\\\/decoplanta.com\\\/fr\\\/#organization\",\"name\":\"PLANTES ET ARBRES ARTIFICIELS TR\u00c8S R\u00c9ALISTES\",\"url\":\"https:\\\/\\\/decoplanta.com\\\/fr\\\/\",\"logo\":{\"@type\":\"ImageObject\",\"inLanguage\":\"fr-FR\",\"@id\":\"https:\\\/\\\/decoplanta.com\\\/fr\\\/#\\\/schema\\\/logo\\\/image\\\/\",\"url\":\"https:\\\/\\\/decoplanta.com\\\/wp-content\\\/uploads\\\/2021\\\/02\\\/decoplanta-logo2020.svg\",\"contentUrl\":\"https:\\\/\\\/decoplanta.com\\\/wp-content\\\/uploads\\\/2021\\\/02\\\/decoplanta-logo2020.svg\",\"width\":500,\"height\":500,\"caption\":\"PLANTES ET ARBRES ARTIFICIELS TR\u00c8S R\u00c9ALISTES\"},\"image\":{\"@id\":\"https:\\\/\\\/decoplanta.com\\\/fr\\\/#\\\/schema\\\/logo\\\/image\\\/\"}}]}<\/script>\n<!-- \/ Yoast SEO plugin. -->","yoast_head_json":{"title":"Arbre PACHIRA artificiel de 180cm - Grand r\u00e9alisme int\u00e9rieur","description":"Arbre PACHIRA artificiel tr\u00e8s r\u00e9aliste 180cm haute. Belle pour d\u00e9corer les int\u00e9rieurs avec \u00e9l\u00e9gance. Ne n\u00e9cessite pas d'entretien","robots":{"index":"index","follow":"follow","max-snippet":"max-snippet:-1","max-image-preview":"max-image-preview:large","max-video-preview":"max-video-preview:-1"},"canonical":"https:\/\/decoplanta.com\/fr\/plantes-dinterieur-artificielles\/arbre-pachira-180cm\/","og_locale":"fr_FR","og_type":"article","og_title":"Arbre PACHIRA artificiel de 180cm - Grand r\u00e9alisme int\u00e9rieur","og_description":"Arbre PACHIRA artificiel tr\u00e8s r\u00e9aliste 180cm haute. Belle pour d\u00e9corer les int\u00e9rieurs avec \u00e9l\u00e9gance. Ne n\u00e9cessite pas d'entretien","og_url":"https:\/\/decoplanta.com\/fr\/plantes-dinterieur-artificielles\/arbre-pachira-180cm\/","og_site_name":"PLANTES ET ARBRES ARTIFICIELS TR\u00c8S R\u00c9ALISTES","article_modified_time":"2023-12-30T11:32:37+00:00","og_image":[{"width":2560,"height":2560,"url":"https:\/\/decoplanta.com\/wp-content\/uploads\/2023\/10\/427678-Arbol_PACHIRA-180cm-scaled.jpg","type":"image\/jpeg"}],"twitter_card":"summary_large_image","twitter_misc":{"Dur\u00e9e de lecture estim\u00e9e":"2 minutes"},"schema":{"@context":"https:\/\/schema.org","@graph":[{"@type":"WebPage","@id":"https:\/\/decoplanta.com\/fr\/plantes-dinterieur-artificielles\/arbre-pachira-180cm\/","url":"https:\/\/decoplanta.com\/fr\/plantes-dinterieur-artificielles\/arbre-pachira-180cm\/","name":"Arbre PACHIRA artificiel de 180cm - Grand r\u00e9alisme int\u00e9rieur","isPartOf":{"@id":"https:\/\/decoplanta.com\/fr\/#website"},"primaryImageOfPage":{"@id":"https:\/\/decoplanta.com\/fr\/plantes-dinterieur-artificielles\/arbre-pachira-180cm\/#primaryimage"},"image":{"@id":"https:\/\/decoplanta.com\/fr\/plantes-dinterieur-artificielles\/arbre-pachira-180cm\/#primaryimage"},"thumbnailUrl":"https:\/\/decoplanta.com\/wp-content\/uploads\/2023\/10\/427678-Arbol_PACHIRA-180cm-scaled.jpg","datePublished":"2023-10-25T06:43:12+00:00","dateModified":"2023-12-30T11:32:37+00:00","description":"Arbre PACHIRA artificiel tr\u00e8s r\u00e9aliste 180cm haute. Belle pour d\u00e9corer les int\u00e9rieurs avec \u00e9l\u00e9gance. Ne n\u00e9cessite pas d'entretien","breadcrumb":{"@id":"https:\/\/decoplanta.com\/fr\/plantes-dinterieur-artificielles\/arbre-pachira-180cm\/#breadcrumb"},"inLanguage":"fr-FR","potentialAction":[{"@type":"ReadAction","target":["https:\/\/decoplanta.com\/fr\/plantes-dinterieur-artificielles\/arbre-pachira-180cm\/"]}]},{"@type":"ImageObject","inLanguage":"fr-FR","@id":"https:\/\/decoplanta.com\/fr\/plantes-dinterieur-artificielles\/arbre-pachira-180cm\/#primaryimage","url":"https:\/\/decoplanta.com\/wp-content\/uploads\/2023\/10\/427678-Arbol_PACHIRA-180cm-scaled.jpg","contentUrl":"https:\/\/decoplanta.com\/wp-content\/uploads\/2023\/10\/427678-Arbol_PACHIRA-180cm-scaled.jpg","width":2560,"height":2560,"caption":"\u00c1rbol Pachira de 180 cm de altura"},{"@type":"BreadcrumbList","@id":"https:\/\/decoplanta.com\/fr\/plantes-dinterieur-artificielles\/arbre-pachira-180cm\/#breadcrumb","itemListElement":[{"@type":"ListItem","position":1,"name":"Portada","item":"https:\/\/decoplanta.com\/fr\/"},{"@type":"ListItem","position":2,"name":"Priv\u00e9\u00a0: Tienda","item":"https:\/\/decoplanta.com\/?page_id=377"},{"@type":"ListItem","position":3,"name":"Arbre PACHIRA"}]},{"@type":"WebSite","@id":"https:\/\/decoplanta.com\/fr\/#website","url":"https:\/\/decoplanta.com\/fr\/","name":"PLANTES ET ARBRES ARTIFICIELS TR\u00c8S R\u00c9ALISTES","description":"Proveedor de Plantas artificiales para estudios de Arquitectura, Interiorismo, Paisajismo, Escenograf\u00eda, Tiendas de Decoraci\u00f3n Florister\u00edas y Mobiliario","publisher":{"@id":"https:\/\/decoplanta.com\/fr\/#organization"},"potentialAction":[{"@type":"SearchAction","target":{"@type":"EntryPoint","urlTemplate":"https:\/\/decoplanta.com\/fr\/?s={search_term_string}"},"query-input":{"@type":"PropertyValueSpecification","valueRequired":true,"valueName":"search_term_string"}}],"inLanguage":"fr-FR"},{"@type":"Organization","@id":"https:\/\/decoplanta.com\/fr\/#organization","name":"PLANTES ET ARBRES ARTIFICIELS TR\u00c8S R\u00c9ALISTES","url":"https:\/\/decoplanta.com\/fr\/","logo":{"@type":"ImageObject","inLanguage":"fr-FR","@id":"https:\/\/decoplanta.com\/fr\/#\/schema\/logo\/image\/","url":"https:\/\/decoplanta.com\/wp-content\/uploads\/2021\/02\/decoplanta-logo2020.svg","contentUrl":"https:\/\/decoplanta.com\/wp-content\/uploads\/2021\/02\/decoplanta-logo2020.svg","width":500,"height":500,"caption":"PLANTES ET ARBRES ARTIFICIELS TR\u00c8S R\u00c9ALISTES"},"image":{"@id":"https:\/\/decoplanta.com\/fr\/#\/schema\/logo\/image\/"}}]}},"_links":{"self":[{"href":"https:\/\/decoplanta.com\/fr\/wp-json\/wp\/v2\/product\/6112","targetHints":{"allow":["GET"]}}],"collection":[{"href":"https:\/\/decoplanta.com\/fr\/wp-json\/wp\/v2\/product"}],"about":[{"href":"https:\/\/decoplanta.com\/fr\/wp-json\/wp\/v2\/types\/product"}],"version-history":[{"count":0,"href":"https:\/\/decoplanta.com\/fr\/wp-json\/wp\/v2\/product\/6112\/revisions"}],"wp:featuredmedia":[{"embeddable":true,"href":"https:\/\/decoplanta.com\/fr\/wp-json\/wp\/v2\/media\/6115"}],"wp:attachment":[{"href":"https:\/\/decoplanta.com\/fr\/wp-json\/wp\/v2\/media?parent=6112"}],"wp:term":[{"taxonomy":"product_brand","embeddable":true,"href":"https:\/\/decoplanta.com\/fr\/wp-json\/wp\/v2\/product_brand?post=6112"},{"taxonomy":"product_cat","embeddable":true,"href":"https:\/\/decoplanta.com\/fr\/wp-json\/wp\/v2\/product_cat?post=6112"},{"taxonomy":"product_tag","embeddable":true,"href":"https:\/\/decoplanta.com\/fr\/wp-json\/wp\/v2\/product_tag?post=6112"}],"curies":[{"name":"wp","href":"https:\/\/api.w.org\/{rel}","templated":true}]}}