{"id":6157,"date":"2025-03-10T11:00:32","date_gmt":"2025-03-10T10:01:32","guid":{"rendered":"https:\/\/decoplanta.com\/?post_type=product&#038;p=6157"},"modified":"2025-03-10T12:02:44","modified_gmt":"2025-03-10T11:02:44","slug":"buisson-de-herbe-maxi-50cm","status":"publish","type":"product","link":"https:\/\/decoplanta.com\/fr\/fleurs-et-vegetation\/buisson-de-herbe-maxi-50cm\/","title":{"rendered":"Buisson de HERBE Maxi"},"content":{"rendered":"<p><span data-sheets-root=\"1\">Buisson de HERBE Maxi de 50 cm de haut, \u00e0 planter dans de la mousse florale ou dans de la terre. Il ne n\u00e9cessite pas d&rsquo;entretien.<\/span>BUISSON VERT artificiel ou <a href=\"https:\/\/www.jardineriaon.com\/que-es-una-hierba-un-arbusto-y-un-arbol.html\" target=\"_blank\" rel=\"noopener\">arbuste<\/a> d&rsquo;HERBE, 33 cm de haut \u00e0 planter dans le terre ou la mousse florale. Il ne n\u00e9cessite pas d&rsquo;entretien. Ils sont vendus en bo\u00eetes indivisibles de 12 unit\u00e9s. Prix unitaire dans notre catalogue.<\/p>\n<h2>Comment est le BUISSON VERT artificielle ou d&rsquo;arbuste d&rsquo;herbes?<\/h2>\n<p>Les plantes peuvent \u00eatre class\u00e9es de plusieurs mani\u00e8res. L&rsquo;une des classifications les plus utilis\u00e9es est la taille qu&rsquo;ils atteignent.<\/p>\n<p>Cependant, il est normal que des doutes surgissent sur ce qu&rsquo;est une herbe, un buisson et un arbre, puisque parfois vous pouvez trouver des d\u00e9finitions qui diff\u00e8rent un peu entre eux.<\/p>\n<p>Les herbes sont les esp\u00e8ces v\u00e9g\u00e9tales qui ont eu le plus de succ\u00e8s \u00e9volutif. On peut les trouver pratiquement partout sur la plan\u00e8te, et ils pourraient \u00e0 terme devenir les grands survivants en cas de catastrophe mondiale.<\/p>\n<h3>Mais \u00e0 quoi ressemblent les herbes ?<\/h3>\n<p>Les gramin\u00e9es sont des plantes qui n&rsquo;ont pas de tiges r\u00e9solument ligneuses. Le vert est leur couleur pr\u00e9dominante, et aussi quand ils portent des fruits, ils produisent de nombreuses graines. Celles-ci sont appel\u00e9es bulbeuses ou drageons qui poussent \u00e0 partir d&rsquo;un rhizome, selon le cas. De m\u00eame, il faut savoir qu&rsquo;il en existe deux types selon le type de feuille : Les Gramino\u00efdes : Ce sont ceux \u00e0 feuilles \u00e9troites, et les forbias, \u00e0 feuilles larges. Au sein de ce dernier groupe, il y en a aussi un autre : les Megaforbias.<\/p>\n<p>Que sont les m\u00e9gaforbies ? Herbes g\u00e9antes, comme les Muses ( <a href=\"https:\/\/www.jardineriaon.com\/bananero.html\">bananes<\/a> , bananiers) ou <a href=\"https:\/\/www.jardineriaon.com\/palmeras.html\">les palmiers<\/a> . Ils peuvent facilement d\u00e9passer les 10 m\u00e8tres, c&rsquo;est pourquoi ils sont souvent pris pour des arbres m\u00eame s&rsquo;ils n&rsquo;ont rien \u00e0 voir les uns avec les autres ; De plus, alors que les arbres sont des plantes dicotyl\u00e9dones, les herbes sont des monocotyl\u00e9dones, ce qui signifie, entre autres, que vous pouvez <a href=\"https:\/\/www.jardineriaon.com\/cuales-son-las-diferencias-entre-las-plantas-monocotiledoneas-y-las-dicotiledoneas.html\">lire ici<\/a> , que lors de la germination d&rsquo;un seul cotyl\u00e9don germe.<\/p>\n","protected":false},"excerpt":{"rendered":"<p>Buisson de HERBE Maxi artificiel de 50 cm de haut \u00e0 piquer dans le sol ou la mousse florale. Aucun entretien requis.<\/p>\n<table>\n<tbody>\n<tr>\n<td><strong>R\u00c9F<\/strong><\/td>\n<td><strong>Hauteur<\/strong><\/td>\n<\/tr>\n<tr>\n<td><strong>424650<\/strong><\/td>\n<td>50 cm<\/td>\n<\/tr>\n<\/tbody>\n<\/table>\n","protected":false},"featured_media":8442,"template":"","meta":{"_monsterinsights_skip_tracking":false,"_monsterinsights_sitenote_active":false,"_monsterinsights_sitenote_note":"","_monsterinsights_sitenote_category":0},"product_brand":[],"product_cat":[254],"product_tag":[271,262],"class_list":{"0":"post-6157","1":"product","2":"type-product","3":"status-publish","4":"has-post-thumbnail","6":"product_cat-fleurs-et-vegetation","7":"product_tag-gazon-artificiel","8":"product_tag-petites-plantes","9":"","10":"woocommerce-text-align-center","11":"woocommerce-image-align-center","12":"do-quantity-buttons","14":"first","15":"instock","16":"taxable","17":"shipping-taxable","18":"purchasable","19":"product-type-simple"},"yoast_head":"<!-- This site is optimized with the Yoast SEO plugin v27.4 - https:\/\/yoast.com\/product\/yoast-seo-wordpress\/ -->\n<title>Buisson de HERBE Maxi artificiel - 50 cm de haut \u00e0 planter<\/title>\n<meta name=\"description\" content=\"Buisson de HERBE Maxi artificiel de 50 cm de haut. Mod\u00e8le de r\u00e9alisme incroyable. Planter et d\u00e9corez vos pots. Compl\u00e9ter avec des plantes artificielles\" \/>\n<meta name=\"robots\" content=\"index, follow, max-snippet:-1, max-image-preview:large, max-video-preview:-1\" \/>\n<link rel=\"canonical\" href=\"https:\/\/decoplanta.com\/fr\/fleurs-et-vegetation\/buisson-de-herbe-maxi-50cm\/\" \/>\n<meta property=\"og:locale\" content=\"fr_FR\" \/>\n<meta property=\"og:type\" content=\"article\" \/>\n<meta property=\"og:title\" content=\"Buisson de HERBE Maxi artificiel - 50 cm de haut \u00e0 planter\" \/>\n<meta property=\"og:description\" content=\"Buisson de HERBE Maxi artificiel de 50 cm de haut. Mod\u00e8le de r\u00e9alisme incroyable. Planter et d\u00e9corez vos pots. Compl\u00e9ter avec des plantes artificielles\" \/>\n<meta property=\"og:url\" content=\"https:\/\/decoplanta.com\/fr\/fleurs-et-vegetation\/buisson-de-herbe-maxi-50cm\/\" \/>\n<meta property=\"og:site_name\" content=\"PLANTES ET ARBRES ARTIFICIELS TR\u00c8S R\u00c9ALISTES\" \/>\n<meta property=\"article:modified_time\" content=\"2025-03-10T11:02:44+00:00\" \/>\n<meta property=\"og:image\" content=\"https:\/\/decoplanta.com\/wp-content\/uploads\/2025\/03\/424650-Hierba_Maxi-50cm.jpg\" \/>\n\t<meta property=\"og:image:width\" content=\"2200\" \/>\n\t<meta property=\"og:image:height\" content=\"2200\" \/>\n\t<meta property=\"og:image:type\" content=\"image\/jpeg\" \/>\n<meta name=\"twitter:card\" content=\"summary_large_image\" \/>\n<meta name=\"twitter:label1\" content=\"Dur\u00e9e de lecture estim\u00e9e\" \/>\n\t<meta name=\"twitter:data1\" content=\"2 minutes\" \/>\n<script type=\"application\/ld+json\" class=\"yoast-schema-graph\">{\"@context\":\"https:\\\/\\\/schema.org\",\"@graph\":[{\"@type\":\"WebPage\",\"@id\":\"https:\\\/\\\/decoplanta.com\\\/fr\\\/fleurs-et-vegetation\\\/buisson-de-herbe-maxi-50cm\\\/\",\"url\":\"https:\\\/\\\/decoplanta.com\\\/fr\\\/fleurs-et-vegetation\\\/buisson-de-herbe-maxi-50cm\\\/\",\"name\":\"Buisson de HERBE Maxi artificiel - 50 cm de haut \u00e0 planter\",\"isPartOf\":{\"@id\":\"https:\\\/\\\/decoplanta.com\\\/fr\\\/#website\"},\"primaryImageOfPage\":{\"@id\":\"https:\\\/\\\/decoplanta.com\\\/fr\\\/fleurs-et-vegetation\\\/buisson-de-herbe-maxi-50cm\\\/#primaryimage\"},\"image\":{\"@id\":\"https:\\\/\\\/decoplanta.com\\\/fr\\\/fleurs-et-vegetation\\\/buisson-de-herbe-maxi-50cm\\\/#primaryimage\"},\"thumbnailUrl\":\"https:\\\/\\\/decoplanta.com\\\/wp-content\\\/uploads\\\/2025\\\/03\\\/424650-Hierba_Maxi-50cm.jpg\",\"datePublished\":\"2025-03-10T10:01:32+00:00\",\"dateModified\":\"2025-03-10T11:02:44+00:00\",\"description\":\"Buisson de HERBE Maxi artificiel de 50 cm de haut. Mod\u00e8le de r\u00e9alisme incroyable. Planter et d\u00e9corez vos pots. Compl\u00e9ter avec des plantes artificielles\",\"breadcrumb\":{\"@id\":\"https:\\\/\\\/decoplanta.com\\\/fr\\\/fleurs-et-vegetation\\\/buisson-de-herbe-maxi-50cm\\\/#breadcrumb\"},\"inLanguage\":\"fr-FR\",\"potentialAction\":[{\"@type\":\"ReadAction\",\"target\":[\"https:\\\/\\\/decoplanta.com\\\/fr\\\/fleurs-et-vegetation\\\/buisson-de-herbe-maxi-50cm\\\/\"]}]},{\"@type\":\"ImageObject\",\"inLanguage\":\"fr-FR\",\"@id\":\"https:\\\/\\\/decoplanta.com\\\/fr\\\/fleurs-et-vegetation\\\/buisson-de-herbe-maxi-50cm\\\/#primaryimage\",\"url\":\"https:\\\/\\\/decoplanta.com\\\/wp-content\\\/uploads\\\/2025\\\/03\\\/424650-Hierba_Maxi-50cm.jpg\",\"contentUrl\":\"https:\\\/\\\/decoplanta.com\\\/wp-content\\\/uploads\\\/2025\\\/03\\\/424650-Hierba_Maxi-50cm.jpg\",\"width\":2200,\"height\":2200,\"caption\":\"Arbusto de hierba Maxi artificial de 50 cm de altura. Modelo de Incre\u00edble realismo. Pincha y Decora tus macetas. Complemento con flores artificiales\"},{\"@type\":\"BreadcrumbList\",\"@id\":\"https:\\\/\\\/decoplanta.com\\\/fr\\\/fleurs-et-vegetation\\\/buisson-de-herbe-maxi-50cm\\\/#breadcrumb\",\"itemListElement\":[{\"@type\":\"ListItem\",\"position\":1,\"name\":\"Portada\",\"item\":\"https:\\\/\\\/decoplanta.com\\\/fr\\\/\"},{\"@type\":\"ListItem\",\"position\":2,\"name\":\"Priv\u00e9\u00a0: Tienda\",\"item\":\"https:\\\/\\\/decoplanta.com\\\/?page_id=377\"},{\"@type\":\"ListItem\",\"position\":3,\"name\":\"Buisson de HERBE Maxi\"}]},{\"@type\":\"WebSite\",\"@id\":\"https:\\\/\\\/decoplanta.com\\\/fr\\\/#website\",\"url\":\"https:\\\/\\\/decoplanta.com\\\/fr\\\/\",\"name\":\"PLANTES ET ARBRES ARTIFICIELS TR\u00c8S R\u00c9ALISTES\",\"description\":\"Proveedor de Plantas artificiales para estudios de Arquitectura, Interiorismo, Paisajismo, Escenograf\u00eda, Tiendas de Decoraci\u00f3n Florister\u00edas y Mobiliario\",\"publisher\":{\"@id\":\"https:\\\/\\\/decoplanta.com\\\/fr\\\/#organization\"},\"potentialAction\":[{\"@type\":\"SearchAction\",\"target\":{\"@type\":\"EntryPoint\",\"urlTemplate\":\"https:\\\/\\\/decoplanta.com\\\/fr\\\/?s={search_term_string}\"},\"query-input\":{\"@type\":\"PropertyValueSpecification\",\"valueRequired\":true,\"valueName\":\"search_term_string\"}}],\"inLanguage\":\"fr-FR\"},{\"@type\":\"Organization\",\"@id\":\"https:\\\/\\\/decoplanta.com\\\/fr\\\/#organization\",\"name\":\"PLANTES ET ARBRES ARTIFICIELS TR\u00c8S R\u00c9ALISTES\",\"url\":\"https:\\\/\\\/decoplanta.com\\\/fr\\\/\",\"logo\":{\"@type\":\"ImageObject\",\"inLanguage\":\"fr-FR\",\"@id\":\"https:\\\/\\\/decoplanta.com\\\/fr\\\/#\\\/schema\\\/logo\\\/image\\\/\",\"url\":\"https:\\\/\\\/decoplanta.com\\\/wp-content\\\/uploads\\\/2021\\\/02\\\/decoplanta-logo2020.svg\",\"contentUrl\":\"https:\\\/\\\/decoplanta.com\\\/wp-content\\\/uploads\\\/2021\\\/02\\\/decoplanta-logo2020.svg\",\"width\":500,\"height\":500,\"caption\":\"PLANTES ET ARBRES ARTIFICIELS TR\u00c8S R\u00c9ALISTES\"},\"image\":{\"@id\":\"https:\\\/\\\/decoplanta.com\\\/fr\\\/#\\\/schema\\\/logo\\\/image\\\/\"}}]}<\/script>\n<!-- \/ Yoast SEO plugin. -->","yoast_head_json":{"title":"Buisson de HERBE Maxi artificiel - 50 cm de haut \u00e0 planter","description":"Buisson de HERBE Maxi artificiel de 50 cm de haut. Mod\u00e8le de r\u00e9alisme incroyable. Planter et d\u00e9corez vos pots. Compl\u00e9ter avec des plantes artificielles","robots":{"index":"index","follow":"follow","max-snippet":"max-snippet:-1","max-image-preview":"max-image-preview:large","max-video-preview":"max-video-preview:-1"},"canonical":"https:\/\/decoplanta.com\/fr\/fleurs-et-vegetation\/buisson-de-herbe-maxi-50cm\/","og_locale":"fr_FR","og_type":"article","og_title":"Buisson de HERBE Maxi artificiel - 50 cm de haut \u00e0 planter","og_description":"Buisson de HERBE Maxi artificiel de 50 cm de haut. Mod\u00e8le de r\u00e9alisme incroyable. Planter et d\u00e9corez vos pots. Compl\u00e9ter avec des plantes artificielles","og_url":"https:\/\/decoplanta.com\/fr\/fleurs-et-vegetation\/buisson-de-herbe-maxi-50cm\/","og_site_name":"PLANTES ET ARBRES ARTIFICIELS TR\u00c8S R\u00c9ALISTES","article_modified_time":"2025-03-10T11:02:44+00:00","og_image":[{"width":2200,"height":2200,"url":"https:\/\/decoplanta.com\/wp-content\/uploads\/2025\/03\/424650-Hierba_Maxi-50cm.jpg","type":"image\/jpeg"}],"twitter_card":"summary_large_image","twitter_misc":{"Dur\u00e9e de lecture estim\u00e9e":"2 minutes"},"schema":{"@context":"https:\/\/schema.org","@graph":[{"@type":"WebPage","@id":"https:\/\/decoplanta.com\/fr\/fleurs-et-vegetation\/buisson-de-herbe-maxi-50cm\/","url":"https:\/\/decoplanta.com\/fr\/fleurs-et-vegetation\/buisson-de-herbe-maxi-50cm\/","name":"Buisson de HERBE Maxi artificiel - 50 cm de haut \u00e0 planter","isPartOf":{"@id":"https:\/\/decoplanta.com\/fr\/#website"},"primaryImageOfPage":{"@id":"https:\/\/decoplanta.com\/fr\/fleurs-et-vegetation\/buisson-de-herbe-maxi-50cm\/#primaryimage"},"image":{"@id":"https:\/\/decoplanta.com\/fr\/fleurs-et-vegetation\/buisson-de-herbe-maxi-50cm\/#primaryimage"},"thumbnailUrl":"https:\/\/decoplanta.com\/wp-content\/uploads\/2025\/03\/424650-Hierba_Maxi-50cm.jpg","datePublished":"2025-03-10T10:01:32+00:00","dateModified":"2025-03-10T11:02:44+00:00","description":"Buisson de HERBE Maxi artificiel de 50 cm de haut. Mod\u00e8le de r\u00e9alisme incroyable. Planter et d\u00e9corez vos pots. Compl\u00e9ter avec des plantes artificielles","breadcrumb":{"@id":"https:\/\/decoplanta.com\/fr\/fleurs-et-vegetation\/buisson-de-herbe-maxi-50cm\/#breadcrumb"},"inLanguage":"fr-FR","potentialAction":[{"@type":"ReadAction","target":["https:\/\/decoplanta.com\/fr\/fleurs-et-vegetation\/buisson-de-herbe-maxi-50cm\/"]}]},{"@type":"ImageObject","inLanguage":"fr-FR","@id":"https:\/\/decoplanta.com\/fr\/fleurs-et-vegetation\/buisson-de-herbe-maxi-50cm\/#primaryimage","url":"https:\/\/decoplanta.com\/wp-content\/uploads\/2025\/03\/424650-Hierba_Maxi-50cm.jpg","contentUrl":"https:\/\/decoplanta.com\/wp-content\/uploads\/2025\/03\/424650-Hierba_Maxi-50cm.jpg","width":2200,"height":2200,"caption":"Arbusto de hierba Maxi artificial de 50 cm de altura. Modelo de Incre\u00edble realismo. Pincha y Decora tus macetas. Complemento con flores artificiales"},{"@type":"BreadcrumbList","@id":"https:\/\/decoplanta.com\/fr\/fleurs-et-vegetation\/buisson-de-herbe-maxi-50cm\/#breadcrumb","itemListElement":[{"@type":"ListItem","position":1,"name":"Portada","item":"https:\/\/decoplanta.com\/fr\/"},{"@type":"ListItem","position":2,"name":"Priv\u00e9\u00a0: Tienda","item":"https:\/\/decoplanta.com\/?page_id=377"},{"@type":"ListItem","position":3,"name":"Buisson de HERBE Maxi"}]},{"@type":"WebSite","@id":"https:\/\/decoplanta.com\/fr\/#website","url":"https:\/\/decoplanta.com\/fr\/","name":"PLANTES ET ARBRES ARTIFICIELS TR\u00c8S R\u00c9ALISTES","description":"Proveedor de Plantas artificiales para estudios de Arquitectura, Interiorismo, Paisajismo, Escenograf\u00eda, Tiendas de Decoraci\u00f3n Florister\u00edas y Mobiliario","publisher":{"@id":"https:\/\/decoplanta.com\/fr\/#organization"},"potentialAction":[{"@type":"SearchAction","target":{"@type":"EntryPoint","urlTemplate":"https:\/\/decoplanta.com\/fr\/?s={search_term_string}"},"query-input":{"@type":"PropertyValueSpecification","valueRequired":true,"valueName":"search_term_string"}}],"inLanguage":"fr-FR"},{"@type":"Organization","@id":"https:\/\/decoplanta.com\/fr\/#organization","name":"PLANTES ET ARBRES ARTIFICIELS TR\u00c8S R\u00c9ALISTES","url":"https:\/\/decoplanta.com\/fr\/","logo":{"@type":"ImageObject","inLanguage":"fr-FR","@id":"https:\/\/decoplanta.com\/fr\/#\/schema\/logo\/image\/","url":"https:\/\/decoplanta.com\/wp-content\/uploads\/2021\/02\/decoplanta-logo2020.svg","contentUrl":"https:\/\/decoplanta.com\/wp-content\/uploads\/2021\/02\/decoplanta-logo2020.svg","width":500,"height":500,"caption":"PLANTES ET ARBRES ARTIFICIELS TR\u00c8S R\u00c9ALISTES"},"image":{"@id":"https:\/\/decoplanta.com\/fr\/#\/schema\/logo\/image\/"}}]}},"_links":{"self":[{"href":"https:\/\/decoplanta.com\/fr\/wp-json\/wp\/v2\/product\/6157","targetHints":{"allow":["GET"]}}],"collection":[{"href":"https:\/\/decoplanta.com\/fr\/wp-json\/wp\/v2\/product"}],"about":[{"href":"https:\/\/decoplanta.com\/fr\/wp-json\/wp\/v2\/types\/product"}],"version-history":[{"count":3,"href":"https:\/\/decoplanta.com\/fr\/wp-json\/wp\/v2\/product\/6157\/revisions"}],"predecessor-version":[{"id":8446,"href":"https:\/\/decoplanta.com\/fr\/wp-json\/wp\/v2\/product\/6157\/revisions\/8446"}],"wp:featuredmedia":[{"embeddable":true,"href":"https:\/\/decoplanta.com\/fr\/wp-json\/wp\/v2\/media\/8442"}],"wp:attachment":[{"href":"https:\/\/decoplanta.com\/fr\/wp-json\/wp\/v2\/media?parent=6157"}],"wp:term":[{"taxonomy":"product_brand","embeddable":true,"href":"https:\/\/decoplanta.com\/fr\/wp-json\/wp\/v2\/product_brand?post=6157"},{"taxonomy":"product_cat","embeddable":true,"href":"https:\/\/decoplanta.com\/fr\/wp-json\/wp\/v2\/product_cat?post=6157"},{"taxonomy":"product_tag","embeddable":true,"href":"https:\/\/decoplanta.com\/fr\/wp-json\/wp\/v2\/product_tag?post=6157"}],"curies":[{"name":"wp","href":"https:\/\/api.w.org\/{rel}","templated":true}]}}