{"id":6375,"date":"2023-11-30T08:00:06","date_gmt":"2023-10-31T07:05:06","guid":{"rendered":"https:\/\/decoplanta.com\/?post_type=product&#038;p=6375"},"modified":"2023-12-30T12:34:13","modified_gmt":"2023-12-30T11:34:13","slug":"tige-palmier-chamaedorea-85cm","status":"publish","type":"product","link":"https:\/\/decoplanta.com\/fr\/fleurs-et-vegetation\/tige-palmier-chamaedorea-85cm\/","title":{"rendered":"Palmier CHAMAEDOREA"},"content":{"rendered":"<p>Le palmier CHAMAEDOREA artificiel, Il a un petit buisson compos\u00e9 de plusieurs tiges palm\u00e9es et g\u00e9n\u00e8re des groupes denses tr\u00e8s \u00e9l\u00e9gants. Son nom scientifique est Chamaedorea Elegans. Aussi connu sous le nom de camaedorea, pacaya ou palmier lounge, c&rsquo;est une esp\u00e8ce de petit palmier appartenant \u00e0 la famille des Arecaceae. Elle est tr\u00e8s appr\u00e9ci\u00e9e comme plante d&rsquo;int\u00e9rieur. Il est originaire des jungles tropicales du Mexique et du Guatemala. Il mesure 85 cm de haut, <strong>dans un pot rond en terre cuite vieillie de 16 cm<\/strong> .<\/p>\n<p>Le <em><strong>Chamaedorea elegans<\/strong><\/em> ou <a href=\"https:\/\/decoplanta.com\/plantas-de-interior-artificiales\/arbol-palmera-chamaedorea\/\" target=\"_blank\" rel=\"noopener\">palmier hall<\/a> , comme son nom commun l&rsquo;indique, est une plante utilis\u00e9e principalement pour d\u00e9corer les int\u00e9rieurs et les jardins tropicaux. Le palmier \u00e0 feuilles persistantes est reconnaissable \u00e0 son aspect exotique et \u00e0 sa taille relativement petite, atteignant une hauteur maximale de 2 m.<br \/>\nLa plante ornementale se d\u00e9veloppe g\u00e9n\u00e9ralement correctement si des pr\u00e9cautions particuli\u00e8res sont prises. Un bon drainage, un climat chaud et une irrigation continue avec une eau abondante, sans oublier qu&rsquo;elle doit \u00eatre dans un espace partiellement ombrag\u00e9. De plus, il faut le tailler une fois ses feuilles fan\u00e9es pour acc\u00e9l\u00e9rer l&rsquo;\u00e9mergence de nouvelles.<\/p>\n<p>Le <em>Chrysalidocarpus lutescens<\/em> ou palmier Areca est l&rsquo;un des <strong>palmiers<\/strong> les plus connus pour un usage ornemental ; gr\u00e2ce au peu de soin et d&rsquo;\u00e9l\u00e9gance qu&rsquo;il apporte aux <strong>jardins<\/strong> . La tige multiple est l&rsquo;une des caract\u00e9ristiques les plus notables de la plante originaire de Madagascar. Son ton jaun\u00e2tre sur les tiges et les feuilles vertes le caract\u00e9risent \u00e9galement.<\/p>\n<h3>De quels soins le palmier artificiel CHAMAEDOREA a-t-il besoin ?<\/h3>\n<p>L&rsquo; <strong>entretien<\/strong> du Palmier artificiel CHAMAEDOREA est basique, mais n\u00e9cessaire, et commence par le placer dans un endroit lumineux sans l&rsquo;exposer directement au soleil. Il est \u00e9galement id\u00e9al de l&rsquo;arroser deux fois par semaine pendant la saison s\u00e8che et une fois tous les 10 jours pendant la saison humide.<\/p>\n<p>Originaire des Cara\u00efbes, le <a href=\"https:\/\/paisajismodigital.com\/blog\/arte-paisajista-roystonea-regia\/\" target=\"_blank\" rel=\"noopener noreferrer\"><em>Roystonea regia<\/em><\/a> ou palmier royal, est connu pour atteindre des hauteurs allant jusqu&rsquo;\u00e0 30 m et avoir des feuilles avec des filioles jusqu&rsquo;\u00e0 6 m de long, \u00e9galement en raison de son tronc annel\u00e9 de couleur gris\u00e2tre dans presque toute son extension. Ces palmiers sont tr\u00e8s ornementaux et peuvent \u00eatre trouv\u00e9s facilement dans <a href=\"https:\/\/decoplanta.com\/etiqueta-producto\/palmera-artificial\/\" target=\"_blank\" rel=\"noopener\">les parcs et <strong>jardins<\/strong> <strong>tropicaux<\/strong><\/a> .<\/p>\n<p>Le <em>Chamaedorea elegans<\/em> ou <a href=\"https:\/\/decoplanta.com\/plantas-de-interior-artificiales\/arbol-palmera-chamaedorea\/\" target=\"_blank\" rel=\"noopener\">palmier hall<\/a> , comme son nom commun l&rsquo;indique, est une plante utilis\u00e9e principalement pour d\u00e9corer les int\u00e9rieurs et les jardins tropicaux. Le palmier \u00e0 feuilles persistantes est reconnaissable \u00e0 son aspect exotique et \u00e0 sa taille relativement petite, atteignant une hauteur maximale de 2 m.<br \/>\nLa plante ornementale se d\u00e9veloppe g\u00e9n\u00e9ralement correctement si des pr\u00e9cautions particuli\u00e8res sont prises. Un bon drainage, un climat chaud et une irrigation continue avec une eau abondante, sans oublier qu&rsquo;elle doit \u00eatre dans un espace semi-ombrag\u00e9. De plus, il faut le tailler une fois ses feuilles fan\u00e9es pour acc\u00e9l\u00e9rer l&rsquo;\u00e9mergence de nouvelles.<\/p>\n","protected":false},"excerpt":{"rendered":"<p>Le Tige de Palmier artificielle CHAMAEDOREA est un petit buisson compos\u00e9 de plusieurs tiges palm\u00e9es et g\u00e9n\u00e8re des groupes denses tr\u00e8s \u00e9l\u00e9gants. \u00c9galement connu sous le nom de camaedorea, pacaya ou palmier de salon, c&rsquo;est une esp\u00e8ce de petit palmier. Elle est tr\u00e8s appr\u00e9ci\u00e9e comme plante d\u2019int\u00e9rieur. Il fait 85 cm de hauteur totale.<\/p>\n<table>\n<tbody>\n<tr>\n<td><strong>R\u00c9F<\/strong><\/td>\n<td><strong>Hauteur<\/strong><\/td>\n<\/tr>\n<tr>\n<td><strong>419125<\/strong><\/td>\n<td>85 cm<\/td>\n<\/tr>\n<\/tbody>\n<\/table>\n","protected":false},"featured_media":6378,"template":"","meta":{"_monsterinsights_skip_tracking":false,"_monsterinsights_sitenote_active":false,"_monsterinsights_sitenote_note":"","_monsterinsights_sitenote_category":0},"product_brand":[],"product_cat":[254],"product_tag":[276,278],"class_list":{"0":"post-6375","1":"product","2":"type-product","3":"status-publish","4":"has-post-thumbnail","6":"product_cat-fleurs-et-vegetation","7":"product_tag-palmier-artificiel","8":"product_tag-plante-tropicale","9":"","10":"woocommerce-text-align-center","11":"woocommerce-image-align-center","12":"do-quantity-buttons","14":"first","15":"instock","16":"taxable","17":"shipping-taxable","18":"purchasable","19":"product-type-simple"},"yoast_head":"<!-- This site is optimized with the Yoast SEO plugin v27.4 - https:\/\/yoast.com\/product\/yoast-seo-wordpress\/ -->\n<title>Tige Palmier CHAMAEDOREA artificielle de 85 cm de haut<\/title>\n<meta name=\"description\" content=\"Tige Palmier artificielle CHAMAEDOREA est tr\u00e8s r\u00e9aliste et 85 cm de hauteur pour d\u00e9corer les jardini\u00e8res en l&#039;associant \u00e0 d&#039;autres arbustes et fleurs.\" \/>\n<meta name=\"robots\" content=\"index, follow, max-snippet:-1, max-image-preview:large, max-video-preview:-1\" \/>\n<link rel=\"canonical\" href=\"https:\/\/decoplanta.com\/fr\/fleurs-et-vegetation\/tige-palmier-chamaedorea-85cm\/\" \/>\n<meta property=\"og:locale\" content=\"fr_FR\" \/>\n<meta property=\"og:type\" content=\"article\" \/>\n<meta property=\"og:title\" content=\"Tige Palmier CHAMAEDOREA artificielle de 85 cm de haut\" \/>\n<meta property=\"og:description\" content=\"Tige Palmier artificielle CHAMAEDOREA est tr\u00e8s r\u00e9aliste et 85 cm de hauteur pour d\u00e9corer les jardini\u00e8res en l&#039;associant \u00e0 d&#039;autres arbustes et fleurs.\" \/>\n<meta property=\"og:url\" content=\"https:\/\/decoplanta.com\/fr\/fleurs-et-vegetation\/tige-palmier-chamaedorea-85cm\/\" \/>\n<meta property=\"og:site_name\" content=\"PLANTES ET ARBRES ARTIFICIELS TR\u00c8S R\u00c9ALISTES\" \/>\n<meta property=\"article:modified_time\" content=\"2023-12-30T11:34:13+00:00\" \/>\n<meta property=\"og:image\" content=\"https:\/\/decoplanta.com\/wp-content\/uploads\/2023\/10\/419125-PALMERA_CHAMAEDOREA-65cm.jpg\" \/>\n\t<meta property=\"og:image:width\" content=\"1000\" \/>\n\t<meta property=\"og:image:height\" content=\"1000\" \/>\n\t<meta property=\"og:image:type\" content=\"image\/jpeg\" \/>\n<meta name=\"twitter:card\" content=\"summary_large_image\" \/>\n<meta name=\"twitter:label1\" content=\"Dur\u00e9e de lecture estim\u00e9e\" \/>\n\t<meta name=\"twitter:data1\" content=\"3 minutes\" \/>\n<script type=\"application\/ld+json\" class=\"yoast-schema-graph\">{\"@context\":\"https:\\\/\\\/schema.org\",\"@graph\":[{\"@type\":\"WebPage\",\"@id\":\"https:\\\/\\\/decoplanta.com\\\/fr\\\/fleurs-et-vegetation\\\/tige-palmier-chamaedorea-85cm\\\/\",\"url\":\"https:\\\/\\\/decoplanta.com\\\/fr\\\/fleurs-et-vegetation\\\/tige-palmier-chamaedorea-85cm\\\/\",\"name\":\"Tige Palmier CHAMAEDOREA artificielle de 85 cm de haut\",\"isPartOf\":{\"@id\":\"https:\\\/\\\/decoplanta.com\\\/fr\\\/#website\"},\"primaryImageOfPage\":{\"@id\":\"https:\\\/\\\/decoplanta.com\\\/fr\\\/fleurs-et-vegetation\\\/tige-palmier-chamaedorea-85cm\\\/#primaryimage\"},\"image\":{\"@id\":\"https:\\\/\\\/decoplanta.com\\\/fr\\\/fleurs-et-vegetation\\\/tige-palmier-chamaedorea-85cm\\\/#primaryimage\"},\"thumbnailUrl\":\"https:\\\/\\\/decoplanta.com\\\/wp-content\\\/uploads\\\/2023\\\/10\\\/419125-PALMERA_CHAMAEDOREA-65cm.jpg\",\"datePublished\":\"2023-10-31T07:05:06+00:00\",\"dateModified\":\"2023-12-30T11:34:13+00:00\",\"description\":\"Tige Palmier artificielle CHAMAEDOREA est tr\u00e8s r\u00e9aliste et 85 cm de hauteur pour d\u00e9corer les jardini\u00e8res en l'associant \u00e0 d'autres arbustes et fleurs.\",\"breadcrumb\":{\"@id\":\"https:\\\/\\\/decoplanta.com\\\/fr\\\/fleurs-et-vegetation\\\/tige-palmier-chamaedorea-85cm\\\/#breadcrumb\"},\"inLanguage\":\"fr-FR\",\"potentialAction\":[{\"@type\":\"ReadAction\",\"target\":[\"https:\\\/\\\/decoplanta.com\\\/fr\\\/fleurs-et-vegetation\\\/tige-palmier-chamaedorea-85cm\\\/\"]}]},{\"@type\":\"ImageObject\",\"inLanguage\":\"fr-FR\",\"@id\":\"https:\\\/\\\/decoplanta.com\\\/fr\\\/fleurs-et-vegetation\\\/tige-palmier-chamaedorea-85cm\\\/#primaryimage\",\"url\":\"https:\\\/\\\/decoplanta.com\\\/wp-content\\\/uploads\\\/2023\\\/10\\\/419125-PALMERA_CHAMAEDOREA-65cm.jpg\",\"contentUrl\":\"https:\\\/\\\/decoplanta.com\\\/wp-content\\\/uploads\\\/2023\\\/10\\\/419125-PALMERA_CHAMAEDOREA-65cm.jpg\",\"width\":1000,\"height\":1000,\"caption\":\"tallo de palmera CHAMAEDOREA artificial de 65 cm de altura\"},{\"@type\":\"BreadcrumbList\",\"@id\":\"https:\\\/\\\/decoplanta.com\\\/fr\\\/fleurs-et-vegetation\\\/tige-palmier-chamaedorea-85cm\\\/#breadcrumb\",\"itemListElement\":[{\"@type\":\"ListItem\",\"position\":1,\"name\":\"Portada\",\"item\":\"https:\\\/\\\/decoplanta.com\\\/fr\\\/\"},{\"@type\":\"ListItem\",\"position\":2,\"name\":\"Priv\u00e9\u00a0: Tienda\",\"item\":\"https:\\\/\\\/decoplanta.com\\\/?page_id=377\"},{\"@type\":\"ListItem\",\"position\":3,\"name\":\"Palmier CHAMAEDOREA\"}]},{\"@type\":\"WebSite\",\"@id\":\"https:\\\/\\\/decoplanta.com\\\/fr\\\/#website\",\"url\":\"https:\\\/\\\/decoplanta.com\\\/fr\\\/\",\"name\":\"PLANTES ET ARBRES ARTIFICIELS TR\u00c8S R\u00c9ALISTES\",\"description\":\"Proveedor de Plantas artificiales para estudios de Arquitectura, Interiorismo, Paisajismo, Escenograf\u00eda, Tiendas de Decoraci\u00f3n Florister\u00edas y Mobiliario\",\"publisher\":{\"@id\":\"https:\\\/\\\/decoplanta.com\\\/fr\\\/#organization\"},\"potentialAction\":[{\"@type\":\"SearchAction\",\"target\":{\"@type\":\"EntryPoint\",\"urlTemplate\":\"https:\\\/\\\/decoplanta.com\\\/fr\\\/?s={search_term_string}\"},\"query-input\":{\"@type\":\"PropertyValueSpecification\",\"valueRequired\":true,\"valueName\":\"search_term_string\"}}],\"inLanguage\":\"fr-FR\"},{\"@type\":\"Organization\",\"@id\":\"https:\\\/\\\/decoplanta.com\\\/fr\\\/#organization\",\"name\":\"PLANTES ET ARBRES ARTIFICIELS TR\u00c8S R\u00c9ALISTES\",\"url\":\"https:\\\/\\\/decoplanta.com\\\/fr\\\/\",\"logo\":{\"@type\":\"ImageObject\",\"inLanguage\":\"fr-FR\",\"@id\":\"https:\\\/\\\/decoplanta.com\\\/fr\\\/#\\\/schema\\\/logo\\\/image\\\/\",\"url\":\"https:\\\/\\\/decoplanta.com\\\/wp-content\\\/uploads\\\/2021\\\/02\\\/decoplanta-logo2020.svg\",\"contentUrl\":\"https:\\\/\\\/decoplanta.com\\\/wp-content\\\/uploads\\\/2021\\\/02\\\/decoplanta-logo2020.svg\",\"width\":500,\"height\":500,\"caption\":\"PLANTES ET ARBRES ARTIFICIELS TR\u00c8S R\u00c9ALISTES\"},\"image\":{\"@id\":\"https:\\\/\\\/decoplanta.com\\\/fr\\\/#\\\/schema\\\/logo\\\/image\\\/\"}}]}<\/script>\n<!-- \/ Yoast SEO plugin. -->","yoast_head_json":{"title":"Tige Palmier CHAMAEDOREA artificielle de 85 cm de haut","description":"Tige Palmier artificielle CHAMAEDOREA est tr\u00e8s r\u00e9aliste et 85 cm de hauteur pour d\u00e9corer les jardini\u00e8res en l'associant \u00e0 d'autres arbustes et fleurs.","robots":{"index":"index","follow":"follow","max-snippet":"max-snippet:-1","max-image-preview":"max-image-preview:large","max-video-preview":"max-video-preview:-1"},"canonical":"https:\/\/decoplanta.com\/fr\/fleurs-et-vegetation\/tige-palmier-chamaedorea-85cm\/","og_locale":"fr_FR","og_type":"article","og_title":"Tige Palmier CHAMAEDOREA artificielle de 85 cm de haut","og_description":"Tige Palmier artificielle CHAMAEDOREA est tr\u00e8s r\u00e9aliste et 85 cm de hauteur pour d\u00e9corer les jardini\u00e8res en l'associant \u00e0 d'autres arbustes et fleurs.","og_url":"https:\/\/decoplanta.com\/fr\/fleurs-et-vegetation\/tige-palmier-chamaedorea-85cm\/","og_site_name":"PLANTES ET ARBRES ARTIFICIELS TR\u00c8S R\u00c9ALISTES","article_modified_time":"2023-12-30T11:34:13+00:00","og_image":[{"width":1000,"height":1000,"url":"https:\/\/decoplanta.com\/wp-content\/uploads\/2023\/10\/419125-PALMERA_CHAMAEDOREA-65cm.jpg","type":"image\/jpeg"}],"twitter_card":"summary_large_image","twitter_misc":{"Dur\u00e9e de lecture estim\u00e9e":"3 minutes"},"schema":{"@context":"https:\/\/schema.org","@graph":[{"@type":"WebPage","@id":"https:\/\/decoplanta.com\/fr\/fleurs-et-vegetation\/tige-palmier-chamaedorea-85cm\/","url":"https:\/\/decoplanta.com\/fr\/fleurs-et-vegetation\/tige-palmier-chamaedorea-85cm\/","name":"Tige Palmier CHAMAEDOREA artificielle de 85 cm de haut","isPartOf":{"@id":"https:\/\/decoplanta.com\/fr\/#website"},"primaryImageOfPage":{"@id":"https:\/\/decoplanta.com\/fr\/fleurs-et-vegetation\/tige-palmier-chamaedorea-85cm\/#primaryimage"},"image":{"@id":"https:\/\/decoplanta.com\/fr\/fleurs-et-vegetation\/tige-palmier-chamaedorea-85cm\/#primaryimage"},"thumbnailUrl":"https:\/\/decoplanta.com\/wp-content\/uploads\/2023\/10\/419125-PALMERA_CHAMAEDOREA-65cm.jpg","datePublished":"2023-10-31T07:05:06+00:00","dateModified":"2023-12-30T11:34:13+00:00","description":"Tige Palmier artificielle CHAMAEDOREA est tr\u00e8s r\u00e9aliste et 85 cm de hauteur pour d\u00e9corer les jardini\u00e8res en l'associant \u00e0 d'autres arbustes et fleurs.","breadcrumb":{"@id":"https:\/\/decoplanta.com\/fr\/fleurs-et-vegetation\/tige-palmier-chamaedorea-85cm\/#breadcrumb"},"inLanguage":"fr-FR","potentialAction":[{"@type":"ReadAction","target":["https:\/\/decoplanta.com\/fr\/fleurs-et-vegetation\/tige-palmier-chamaedorea-85cm\/"]}]},{"@type":"ImageObject","inLanguage":"fr-FR","@id":"https:\/\/decoplanta.com\/fr\/fleurs-et-vegetation\/tige-palmier-chamaedorea-85cm\/#primaryimage","url":"https:\/\/decoplanta.com\/wp-content\/uploads\/2023\/10\/419125-PALMERA_CHAMAEDOREA-65cm.jpg","contentUrl":"https:\/\/decoplanta.com\/wp-content\/uploads\/2023\/10\/419125-PALMERA_CHAMAEDOREA-65cm.jpg","width":1000,"height":1000,"caption":"tallo de palmera CHAMAEDOREA artificial de 65 cm de altura"},{"@type":"BreadcrumbList","@id":"https:\/\/decoplanta.com\/fr\/fleurs-et-vegetation\/tige-palmier-chamaedorea-85cm\/#breadcrumb","itemListElement":[{"@type":"ListItem","position":1,"name":"Portada","item":"https:\/\/decoplanta.com\/fr\/"},{"@type":"ListItem","position":2,"name":"Priv\u00e9\u00a0: Tienda","item":"https:\/\/decoplanta.com\/?page_id=377"},{"@type":"ListItem","position":3,"name":"Palmier CHAMAEDOREA"}]},{"@type":"WebSite","@id":"https:\/\/decoplanta.com\/fr\/#website","url":"https:\/\/decoplanta.com\/fr\/","name":"PLANTES ET ARBRES ARTIFICIELS TR\u00c8S R\u00c9ALISTES","description":"Proveedor de Plantas artificiales para estudios de Arquitectura, Interiorismo, Paisajismo, Escenograf\u00eda, Tiendas de Decoraci\u00f3n Florister\u00edas y Mobiliario","publisher":{"@id":"https:\/\/decoplanta.com\/fr\/#organization"},"potentialAction":[{"@type":"SearchAction","target":{"@type":"EntryPoint","urlTemplate":"https:\/\/decoplanta.com\/fr\/?s={search_term_string}"},"query-input":{"@type":"PropertyValueSpecification","valueRequired":true,"valueName":"search_term_string"}}],"inLanguage":"fr-FR"},{"@type":"Organization","@id":"https:\/\/decoplanta.com\/fr\/#organization","name":"PLANTES ET ARBRES ARTIFICIELS TR\u00c8S R\u00c9ALISTES","url":"https:\/\/decoplanta.com\/fr\/","logo":{"@type":"ImageObject","inLanguage":"fr-FR","@id":"https:\/\/decoplanta.com\/fr\/#\/schema\/logo\/image\/","url":"https:\/\/decoplanta.com\/wp-content\/uploads\/2021\/02\/decoplanta-logo2020.svg","contentUrl":"https:\/\/decoplanta.com\/wp-content\/uploads\/2021\/02\/decoplanta-logo2020.svg","width":500,"height":500,"caption":"PLANTES ET ARBRES ARTIFICIELS TR\u00c8S R\u00c9ALISTES"},"image":{"@id":"https:\/\/decoplanta.com\/fr\/#\/schema\/logo\/image\/"}}]}},"_links":{"self":[{"href":"https:\/\/decoplanta.com\/fr\/wp-json\/wp\/v2\/product\/6375","targetHints":{"allow":["GET"]}}],"collection":[{"href":"https:\/\/decoplanta.com\/fr\/wp-json\/wp\/v2\/product"}],"about":[{"href":"https:\/\/decoplanta.com\/fr\/wp-json\/wp\/v2\/types\/product"}],"version-history":[{"count":0,"href":"https:\/\/decoplanta.com\/fr\/wp-json\/wp\/v2\/product\/6375\/revisions"}],"wp:featuredmedia":[{"embeddable":true,"href":"https:\/\/decoplanta.com\/fr\/wp-json\/wp\/v2\/media\/6378"}],"wp:attachment":[{"href":"https:\/\/decoplanta.com\/fr\/wp-json\/wp\/v2\/media?parent=6375"}],"wp:term":[{"taxonomy":"product_brand","embeddable":true,"href":"https:\/\/decoplanta.com\/fr\/wp-json\/wp\/v2\/product_brand?post=6375"},{"taxonomy":"product_cat","embeddable":true,"href":"https:\/\/decoplanta.com\/fr\/wp-json\/wp\/v2\/product_cat?post=6375"},{"taxonomy":"product_tag","embeddable":true,"href":"https:\/\/decoplanta.com\/fr\/wp-json\/wp\/v2\/product_tag?post=6375"}],"curies":[{"name":"wp","href":"https:\/\/api.w.org\/{rel}","templated":true}]}}