{"id":6859,"date":"2023-11-30T08:00:41","date_gmt":"2023-11-09T14:03:42","guid":{"rendered":"https:\/\/decoplanta.com\/?post_type=product&#038;p=6859"},"modified":"2023-12-30T12:22:48","modified_gmt":"2023-12-30T11:22:48","slug":"branche-ignifuge-de-chataigner-70cm","status":"publish","type":"product","link":"https:\/\/decoplanta.com\/fr\/plantes-artificielles-ignifuges-realistes\/branche-ignifuge-de-chataigner-70cm\/","title":{"rendered":"Branche de CH\u00c2TAIGNIER"},"content":{"rendered":"<p>Branche ignifuge de CH\u00c2TAIGNIER artificiel \u00e0 l&rsquo;esth\u00e9tique spectaculaire, couronne expressive en floraison maximale, \u00e9l\u00e9gante avec un maximum de r\u00e9alisme avec un tronc haute d\u00e9finition, comprend une base pour une fixation facile. Hauteur : 3,20 m. Son nom scientifique est <a href=\"https:\/\/es.wikipedia.org\/wiki\/Cerasus\">Cerasus<\/a>, le cerisier, est un sous-genre compos\u00e9 de plusieurs esp\u00e8ces d&rsquo;arbres largement cultiv\u00e9s pour leur fruit : le cerisier. Avec les amandiers, les p\u00eachers (ou p\u00eachers), les pruniers et les abricotiers, il fait partie du genre Prunus. Un autre grand arbre fruitier artificiel disponible chez Decoplanta est le <a href=\"https:\/\/decoplanta.com\/fr\/plantes-dinterieur-artificielles\/grand-olivier-artificiel-280cm\/\">GRAND OLIVIER<\/a>, avec des olives hyper r\u00e9alistes. En savoir plus dans la rubrique <a href=\"https:\/\/decoplanta.com\/fr\/plantes-dinterieur-artificielles\/\">Plantes d&rsquo;int\u00e9rieur<\/a>.<\/p>\n<h2>La beaut\u00e9 spectaculaire des Branche ignifuge de CH\u00c2TAIGNIER artificiel<\/h2>\n<p>Les cerisiers sont souvent plant\u00e9s pour leurs fleurs qui apparaissent au printemps. Certaines vari\u00e9t\u00e9s ornementales ont les \u00e9tamines remplac\u00e9es par des p\u00e9tales suppl\u00e9mentaires, de sorte qu&rsquo;elles ne portent pas de fruits mais sont cultiv\u00e9es uniquement pour leur valeur d\u00e9corative.<\/p>\n<p>Surtout au Japon, (sakura) est un symbole national c\u00e9l\u00e9br\u00e9 lors du festival annuel Hanami. Les arbres fruitiers de ce sous-genre se distinguent par leur floraison, qui se pr\u00e9sente en petits corymbes de plusieurs fleurs ensemble (ni group\u00e9es, ni solitaires) et par la douceur de leur fruit, qui se caract\u00e9rise par une seule fente peu profonde (ou aucune) sur le c\u00f4t\u00e9 a. Les cerises m\u00fbrissent de la fin du printemps au d\u00e9but de l&rsquo;\u00e9t\u00e9, avec une p\u00e9riode de r\u00e9colte tr\u00e8s courte par rapport aux autres arbres fruitiers.<\/p>\n<h3>Un Branche ignifuge de CH\u00c2TAIGNIER au plus haut r\u00e9alisme<\/h3>\n<p>De plus, ce Branche ignifuge de CH\u00c2TAIGNIER artificiel a une esth\u00e9tique spectaculaire. Dans sa coupe de floraison maximale, il a les belles fleurs qui lui donnent sa couleur caract\u00e9ristique. Les fleurs sont de couleur rose clair et il est tr\u00e8s difficile de les distinguer des vraies fleurs. C&rsquo;est un arbre tr\u00e8s \u00e9l\u00e9gant d&rsquo;un maximum de r\u00e9alisme avec un tronc haute d\u00e9finition. Il comprend une base pour une fixation facile sur tout type de surface, mais il doit \u00eatre tr\u00e8s bien fix\u00e9. Il a une hauteur spectaculaire de 3,20 m, ce qui le rend, si possible, beaucoup plus r\u00e9aliste.<\/p>\n<p>&nbsp;<\/p>\n<p>&nbsp;<\/p>\n","protected":false},"excerpt":{"rendered":"<p><span data-sheets-value=\"{&quot;1&quot;:2,&quot;2&quot;:&quot;Branche de FICUS BENJAMINA 56 cm de hauteur \u00e0 planter en pot. Il comprend un traitement ignifuge et est valable pour les int\u00e9rieurs.&quot;}\" data-sheets-userformat=\"{&quot;2&quot;:7081,&quot;3&quot;:{&quot;1&quot;:0},&quot;6&quot;:{&quot;1&quot;:[{&quot;1&quot;:2,&quot;2&quot;:0,&quot;5&quot;:{&quot;1&quot;:2,&quot;2&quot;:0}},{&quot;1&quot;:0,&quot;2&quot;:0,&quot;3&quot;:3},{&quot;1&quot;:1,&quot;2&quot;:0,&quot;4&quot;:1}]},&quot;8&quot;:{&quot;1&quot;:[{&quot;1&quot;:2,&quot;2&quot;:0,&quot;5&quot;:{&quot;1&quot;:2,&quot;2&quot;:0}},{&quot;1&quot;:0,&quot;2&quot;:0,&quot;3&quot;:3},{&quot;1&quot;:1,&quot;2&quot;:0,&quot;4&quot;:1}]},&quot;10&quot;:2,&quot;11&quot;:4,&quot;12&quot;:0,&quot;14&quot;:{&quot;1&quot;:2,&quot;2&quot;:2236962},&quot;15&quot;:&quot;Arial&quot;}\">Branche ignifuge de CH\u00c2TAIGNIER 70 cm de hauteur \u00e0 planter en pot. <strong>Il comprend un traitement ignifuge<\/strong> et est valable pour les int\u00e9rieurs.<\/span> Esth\u00e9tique spectaculaire, \u00e9l\u00e9gance et r\u00e9alisme maximal.<\/p>\n<p>Prix \u200b\u200bunitaire dans notre catalogue.<\/p>\n<table>\n<tbody>\n<tr>\n<td><strong>R\u00c9F<\/strong><\/td>\n<td><strong>Hauteur<\/strong><\/td>\n<\/tr>\n<tr>\n<td>432219<\/td>\n<td>70 cm<\/td>\n<\/tr>\n<\/tbody>\n<\/table>\n","protected":false},"featured_media":6862,"template":"","meta":{"_monsterinsights_skip_tracking":false,"_monsterinsights_sitenote_active":false,"_monsterinsights_sitenote_note":"","_monsterinsights_sitenote_category":0},"product_brand":[],"product_cat":[254,252],"product_tag":[257,262],"class_list":{"0":"post-6859","1":"product","2":"type-product","3":"status-publish","4":"has-post-thumbnail","6":"product_cat-fleurs-et-vegetation","7":"product_cat-plantes-artificielles-ignifuges-realistes","8":"product_tag-arbre-fruitier-artificiel","9":"product_tag-petites-plantes","10":"","11":"woocommerce-text-align-center","12":"woocommerce-image-align-center","13":"do-quantity-buttons","15":"first","16":"instock","17":"taxable","18":"shipping-taxable","19":"purchasable","20":"product-type-simple"},"yoast_head":"<!-- This site is optimized with the Yoast SEO plugin v27.4 - https:\/\/yoast.com\/product\/yoast-seo-wordpress\/ -->\n<title>Branche ignifuge de CH\u00c2TAIGNIER - Maximum r\u00e9alisme<\/title>\n<meta name=\"description\" content=\"Branche ignifuge de CH\u00c2TAIGNIER 70 cm de hauteur \u00e0 planter en pot. Il comprend un traitement ignifuge et est valable pour les int\u00e9rieurs\" \/>\n<meta name=\"robots\" content=\"index, follow, max-snippet:-1, max-image-preview:large, max-video-preview:-1\" \/>\n<link rel=\"canonical\" href=\"https:\/\/decoplanta.com\/fr\/plantes-artificielles-ignifuges-realistes\/branche-ignifuge-de-chataigner-70cm\/\" \/>\n<meta property=\"og:locale\" content=\"fr_FR\" \/>\n<meta property=\"og:type\" content=\"article\" \/>\n<meta property=\"og:title\" content=\"Branche ignifuge de CH\u00c2TAIGNIER - Maximum r\u00e9alisme\" \/>\n<meta property=\"og:description\" content=\"Branche ignifuge de CH\u00c2TAIGNIER 70 cm de hauteur \u00e0 planter en pot. Il comprend un traitement ignifuge et est valable pour les int\u00e9rieurs\" \/>\n<meta property=\"og:url\" content=\"https:\/\/decoplanta.com\/fr\/plantes-artificielles-ignifuges-realistes\/branche-ignifuge-de-chataigner-70cm\/\" \/>\n<meta property=\"og:site_name\" content=\"PLANTES ET ARBRES ARTIFICIELS TR\u00c8S R\u00c9ALISTES\" \/>\n<meta property=\"article:modified_time\" content=\"2023-12-30T11:22:48+00:00\" \/>\n<meta property=\"og:image\" content=\"https:\/\/decoplanta.com\/wp-content\/uploads\/2023\/11\/432219-Rama_HOJA_DE_CASTANO-Fireproof-70cm.jpg\" \/>\n\t<meta property=\"og:image:width\" content=\"2400\" \/>\n\t<meta property=\"og:image:height\" content=\"2400\" \/>\n\t<meta property=\"og:image:type\" content=\"image\/jpeg\" \/>\n<meta name=\"twitter:card\" content=\"summary_large_image\" \/>\n<meta name=\"twitter:label1\" content=\"Dur\u00e9e de lecture estim\u00e9e\" \/>\n\t<meta name=\"twitter:data1\" content=\"2 minutes\" \/>\n<script type=\"application\/ld+json\" class=\"yoast-schema-graph\">{\"@context\":\"https:\\\/\\\/schema.org\",\"@graph\":[{\"@type\":\"WebPage\",\"@id\":\"https:\\\/\\\/decoplanta.com\\\/fr\\\/plantes-artificielles-ignifuges-realistes\\\/branche-ignifuge-de-chataigner-70cm\\\/\",\"url\":\"https:\\\/\\\/decoplanta.com\\\/fr\\\/plantes-artificielles-ignifuges-realistes\\\/branche-ignifuge-de-chataigner-70cm\\\/\",\"name\":\"Branche ignifuge de CH\u00c2TAIGNIER - Maximum r\u00e9alisme\",\"isPartOf\":{\"@id\":\"https:\\\/\\\/decoplanta.com\\\/fr\\\/#website\"},\"primaryImageOfPage\":{\"@id\":\"https:\\\/\\\/decoplanta.com\\\/fr\\\/plantes-artificielles-ignifuges-realistes\\\/branche-ignifuge-de-chataigner-70cm\\\/#primaryimage\"},\"image\":{\"@id\":\"https:\\\/\\\/decoplanta.com\\\/fr\\\/plantes-artificielles-ignifuges-realistes\\\/branche-ignifuge-de-chataigner-70cm\\\/#primaryimage\"},\"thumbnailUrl\":\"https:\\\/\\\/decoplanta.com\\\/wp-content\\\/uploads\\\/2023\\\/11\\\/432219-Rama_HOJA_DE_CASTANO-Fireproof-70cm.jpg\",\"datePublished\":\"2023-11-09T14:03:42+00:00\",\"dateModified\":\"2023-12-30T11:22:48+00:00\",\"description\":\"Branche ignifuge de CH\u00c2TAIGNIER 70 cm de hauteur \u00e0 planter en pot. Il comprend un traitement ignifuge et est valable pour les int\u00e9rieurs\",\"breadcrumb\":{\"@id\":\"https:\\\/\\\/decoplanta.com\\\/fr\\\/plantes-artificielles-ignifuges-realistes\\\/branche-ignifuge-de-chataigner-70cm\\\/#breadcrumb\"},\"inLanguage\":\"fr-FR\",\"potentialAction\":[{\"@type\":\"ReadAction\",\"target\":[\"https:\\\/\\\/decoplanta.com\\\/fr\\\/plantes-artificielles-ignifuges-realistes\\\/branche-ignifuge-de-chataigner-70cm\\\/\"]}]},{\"@type\":\"ImageObject\",\"inLanguage\":\"fr-FR\",\"@id\":\"https:\\\/\\\/decoplanta.com\\\/fr\\\/plantes-artificielles-ignifuges-realistes\\\/branche-ignifuge-de-chataigner-70cm\\\/#primaryimage\",\"url\":\"https:\\\/\\\/decoplanta.com\\\/wp-content\\\/uploads\\\/2023\\\/11\\\/432219-Rama_HOJA_DE_CASTANO-Fireproof-70cm.jpg\",\"contentUrl\":\"https:\\\/\\\/decoplanta.com\\\/wp-content\\\/uploads\\\/2023\\\/11\\\/432219-Rama_HOJA_DE_CASTANO-Fireproof-70cm.jpg\",\"width\":2400,\"height\":2400,\"caption\":\"Rama ign\u00edfuga de CASTA\u00d1O de 70 cm de altura\"},{\"@type\":\"BreadcrumbList\",\"@id\":\"https:\\\/\\\/decoplanta.com\\\/fr\\\/plantes-artificielles-ignifuges-realistes\\\/branche-ignifuge-de-chataigner-70cm\\\/#breadcrumb\",\"itemListElement\":[{\"@type\":\"ListItem\",\"position\":1,\"name\":\"Portada\",\"item\":\"https:\\\/\\\/decoplanta.com\\\/fr\\\/\"},{\"@type\":\"ListItem\",\"position\":2,\"name\":\"Priv\u00e9\u00a0: Tienda\",\"item\":\"https:\\\/\\\/decoplanta.com\\\/?page_id=377\"},{\"@type\":\"ListItem\",\"position\":3,\"name\":\"Branche de CH\u00c2TAIGNIER\"}]},{\"@type\":\"WebSite\",\"@id\":\"https:\\\/\\\/decoplanta.com\\\/fr\\\/#website\",\"url\":\"https:\\\/\\\/decoplanta.com\\\/fr\\\/\",\"name\":\"PLANTES ET ARBRES ARTIFICIELS TR\u00c8S R\u00c9ALISTES\",\"description\":\"Proveedor de Plantas artificiales para estudios de Arquitectura, Interiorismo, Paisajismo, Escenograf\u00eda, Tiendas de Decoraci\u00f3n Florister\u00edas y Mobiliario\",\"publisher\":{\"@id\":\"https:\\\/\\\/decoplanta.com\\\/fr\\\/#organization\"},\"potentialAction\":[{\"@type\":\"SearchAction\",\"target\":{\"@type\":\"EntryPoint\",\"urlTemplate\":\"https:\\\/\\\/decoplanta.com\\\/fr\\\/?s={search_term_string}\"},\"query-input\":{\"@type\":\"PropertyValueSpecification\",\"valueRequired\":true,\"valueName\":\"search_term_string\"}}],\"inLanguage\":\"fr-FR\"},{\"@type\":\"Organization\",\"@id\":\"https:\\\/\\\/decoplanta.com\\\/fr\\\/#organization\",\"name\":\"PLANTES ET ARBRES ARTIFICIELS TR\u00c8S R\u00c9ALISTES\",\"url\":\"https:\\\/\\\/decoplanta.com\\\/fr\\\/\",\"logo\":{\"@type\":\"ImageObject\",\"inLanguage\":\"fr-FR\",\"@id\":\"https:\\\/\\\/decoplanta.com\\\/fr\\\/#\\\/schema\\\/logo\\\/image\\\/\",\"url\":\"https:\\\/\\\/decoplanta.com\\\/wp-content\\\/uploads\\\/2021\\\/02\\\/decoplanta-logo2020.svg\",\"contentUrl\":\"https:\\\/\\\/decoplanta.com\\\/wp-content\\\/uploads\\\/2021\\\/02\\\/decoplanta-logo2020.svg\",\"width\":500,\"height\":500,\"caption\":\"PLANTES ET ARBRES ARTIFICIELS TR\u00c8S R\u00c9ALISTES\"},\"image\":{\"@id\":\"https:\\\/\\\/decoplanta.com\\\/fr\\\/#\\\/schema\\\/logo\\\/image\\\/\"}}]}<\/script>\n<!-- \/ Yoast SEO plugin. -->","yoast_head_json":{"title":"Branche ignifuge de CH\u00c2TAIGNIER - Maximum r\u00e9alisme","description":"Branche ignifuge de CH\u00c2TAIGNIER 70 cm de hauteur \u00e0 planter en pot. Il comprend un traitement ignifuge et est valable pour les int\u00e9rieurs","robots":{"index":"index","follow":"follow","max-snippet":"max-snippet:-1","max-image-preview":"max-image-preview:large","max-video-preview":"max-video-preview:-1"},"canonical":"https:\/\/decoplanta.com\/fr\/plantes-artificielles-ignifuges-realistes\/branche-ignifuge-de-chataigner-70cm\/","og_locale":"fr_FR","og_type":"article","og_title":"Branche ignifuge de CH\u00c2TAIGNIER - Maximum r\u00e9alisme","og_description":"Branche ignifuge de CH\u00c2TAIGNIER 70 cm de hauteur \u00e0 planter en pot. Il comprend un traitement ignifuge et est valable pour les int\u00e9rieurs","og_url":"https:\/\/decoplanta.com\/fr\/plantes-artificielles-ignifuges-realistes\/branche-ignifuge-de-chataigner-70cm\/","og_site_name":"PLANTES ET ARBRES ARTIFICIELS TR\u00c8S R\u00c9ALISTES","article_modified_time":"2023-12-30T11:22:48+00:00","og_image":[{"width":2400,"height":2400,"url":"https:\/\/decoplanta.com\/wp-content\/uploads\/2023\/11\/432219-Rama_HOJA_DE_CASTANO-Fireproof-70cm.jpg","type":"image\/jpeg"}],"twitter_card":"summary_large_image","twitter_misc":{"Dur\u00e9e de lecture estim\u00e9e":"2 minutes"},"schema":{"@context":"https:\/\/schema.org","@graph":[{"@type":"WebPage","@id":"https:\/\/decoplanta.com\/fr\/plantes-artificielles-ignifuges-realistes\/branche-ignifuge-de-chataigner-70cm\/","url":"https:\/\/decoplanta.com\/fr\/plantes-artificielles-ignifuges-realistes\/branche-ignifuge-de-chataigner-70cm\/","name":"Branche ignifuge de CH\u00c2TAIGNIER - Maximum r\u00e9alisme","isPartOf":{"@id":"https:\/\/decoplanta.com\/fr\/#website"},"primaryImageOfPage":{"@id":"https:\/\/decoplanta.com\/fr\/plantes-artificielles-ignifuges-realistes\/branche-ignifuge-de-chataigner-70cm\/#primaryimage"},"image":{"@id":"https:\/\/decoplanta.com\/fr\/plantes-artificielles-ignifuges-realistes\/branche-ignifuge-de-chataigner-70cm\/#primaryimage"},"thumbnailUrl":"https:\/\/decoplanta.com\/wp-content\/uploads\/2023\/11\/432219-Rama_HOJA_DE_CASTANO-Fireproof-70cm.jpg","datePublished":"2023-11-09T14:03:42+00:00","dateModified":"2023-12-30T11:22:48+00:00","description":"Branche ignifuge de CH\u00c2TAIGNIER 70 cm de hauteur \u00e0 planter en pot. Il comprend un traitement ignifuge et est valable pour les int\u00e9rieurs","breadcrumb":{"@id":"https:\/\/decoplanta.com\/fr\/plantes-artificielles-ignifuges-realistes\/branche-ignifuge-de-chataigner-70cm\/#breadcrumb"},"inLanguage":"fr-FR","potentialAction":[{"@type":"ReadAction","target":["https:\/\/decoplanta.com\/fr\/plantes-artificielles-ignifuges-realistes\/branche-ignifuge-de-chataigner-70cm\/"]}]},{"@type":"ImageObject","inLanguage":"fr-FR","@id":"https:\/\/decoplanta.com\/fr\/plantes-artificielles-ignifuges-realistes\/branche-ignifuge-de-chataigner-70cm\/#primaryimage","url":"https:\/\/decoplanta.com\/wp-content\/uploads\/2023\/11\/432219-Rama_HOJA_DE_CASTANO-Fireproof-70cm.jpg","contentUrl":"https:\/\/decoplanta.com\/wp-content\/uploads\/2023\/11\/432219-Rama_HOJA_DE_CASTANO-Fireproof-70cm.jpg","width":2400,"height":2400,"caption":"Rama ign\u00edfuga de CASTA\u00d1O de 70 cm de altura"},{"@type":"BreadcrumbList","@id":"https:\/\/decoplanta.com\/fr\/plantes-artificielles-ignifuges-realistes\/branche-ignifuge-de-chataigner-70cm\/#breadcrumb","itemListElement":[{"@type":"ListItem","position":1,"name":"Portada","item":"https:\/\/decoplanta.com\/fr\/"},{"@type":"ListItem","position":2,"name":"Priv\u00e9\u00a0: Tienda","item":"https:\/\/decoplanta.com\/?page_id=377"},{"@type":"ListItem","position":3,"name":"Branche de CH\u00c2TAIGNIER"}]},{"@type":"WebSite","@id":"https:\/\/decoplanta.com\/fr\/#website","url":"https:\/\/decoplanta.com\/fr\/","name":"PLANTES ET ARBRES ARTIFICIELS TR\u00c8S R\u00c9ALISTES","description":"Proveedor de Plantas artificiales para estudios de Arquitectura, Interiorismo, Paisajismo, Escenograf\u00eda, Tiendas de Decoraci\u00f3n Florister\u00edas y Mobiliario","publisher":{"@id":"https:\/\/decoplanta.com\/fr\/#organization"},"potentialAction":[{"@type":"SearchAction","target":{"@type":"EntryPoint","urlTemplate":"https:\/\/decoplanta.com\/fr\/?s={search_term_string}"},"query-input":{"@type":"PropertyValueSpecification","valueRequired":true,"valueName":"search_term_string"}}],"inLanguage":"fr-FR"},{"@type":"Organization","@id":"https:\/\/decoplanta.com\/fr\/#organization","name":"PLANTES ET ARBRES ARTIFICIELS TR\u00c8S R\u00c9ALISTES","url":"https:\/\/decoplanta.com\/fr\/","logo":{"@type":"ImageObject","inLanguage":"fr-FR","@id":"https:\/\/decoplanta.com\/fr\/#\/schema\/logo\/image\/","url":"https:\/\/decoplanta.com\/wp-content\/uploads\/2021\/02\/decoplanta-logo2020.svg","contentUrl":"https:\/\/decoplanta.com\/wp-content\/uploads\/2021\/02\/decoplanta-logo2020.svg","width":500,"height":500,"caption":"PLANTES ET ARBRES ARTIFICIELS TR\u00c8S R\u00c9ALISTES"},"image":{"@id":"https:\/\/decoplanta.com\/fr\/#\/schema\/logo\/image\/"}}]}},"_links":{"self":[{"href":"https:\/\/decoplanta.com\/fr\/wp-json\/wp\/v2\/product\/6859","targetHints":{"allow":["GET"]}}],"collection":[{"href":"https:\/\/decoplanta.com\/fr\/wp-json\/wp\/v2\/product"}],"about":[{"href":"https:\/\/decoplanta.com\/fr\/wp-json\/wp\/v2\/types\/product"}],"version-history":[{"count":0,"href":"https:\/\/decoplanta.com\/fr\/wp-json\/wp\/v2\/product\/6859\/revisions"}],"wp:featuredmedia":[{"embeddable":true,"href":"https:\/\/decoplanta.com\/fr\/wp-json\/wp\/v2\/media\/6862"}],"wp:attachment":[{"href":"https:\/\/decoplanta.com\/fr\/wp-json\/wp\/v2\/media?parent=6859"}],"wp:term":[{"taxonomy":"product_brand","embeddable":true,"href":"https:\/\/decoplanta.com\/fr\/wp-json\/wp\/v2\/product_brand?post=6859"},{"taxonomy":"product_cat","embeddable":true,"href":"https:\/\/decoplanta.com\/fr\/wp-json\/wp\/v2\/product_cat?post=6859"},{"taxonomy":"product_tag","embeddable":true,"href":"https:\/\/decoplanta.com\/fr\/wp-json\/wp\/v2\/product_tag?post=6859"}],"curies":[{"name":"wp","href":"https:\/\/api.w.org\/{rel}","templated":true}]}}