{"id":7391,"date":"2024-04-08T13:15:01","date_gmt":"2024-04-08T12:15:01","guid":{"rendered":"https:\/\/decoplanta.com\/?post_type=product&#038;p=7391"},"modified":"2024-11-11T13:34:12","modified_gmt":"2024-11-11T12:34:12","slug":"strelitzia-nicolai-3d","status":"publish","type":"product","link":"https:\/\/decoplanta.com\/fr\/plantas-en-3d\/strelitzia-nicolai-3d\/","title":{"rendered":"STRELITZIA NICOLAI (3D)"},"content":{"rendered":"","protected":false},"excerpt":{"rendered":"<p>El \u00c1rbol STRELITZIA NICOLAI, planta muy parecida a la platanera y pertenece al mismo g\u00e9nero de la llamada Ave del para\u00edso. Incre\u00edble realismo para decoraci\u00f3n de interiores. Incluye macetero b\u00e1sico. Disponible en dos alturas.<\/p>\n<table>\n<tbody>\n<tr>\n<td><strong>REF<\/strong><\/td>\n<td>Altura<\/td>\n<td>N\u00ba HOJAS<\/td>\n<\/tr>\n<tr>\n<td><strong>426413<\/strong><\/td>\n<td>150 cm<\/td>\n<td>13<\/td>\n<\/tr>\n<tr>\n<td><strong>426414<\/strong><\/td>\n<td>180 cm<\/td>\n<td>13<\/td>\n<\/tr>\n<\/tbody>\n<\/table>\n<table class=\"descarga\">\n<tbody>\n<tr>\n<td><strong><a href=\"https:\/\/decoplanta.com\/wp-content\/uploads\/2024\/04\/426413-426414-STRELITZIA_NICOLAI-3D_MODEL.zip\">DESCARGA MODELO 3DS \/ MAX<\/a><\/strong><\/td>\n<\/tr>\n<\/tbody>\n<\/table>\n","protected":false},"featured_media":7392,"template":"","meta":{"_monsterinsights_skip_tracking":false,"_monsterinsights_sitenote_active":false,"_monsterinsights_sitenote_note":"","_monsterinsights_sitenote_category":0},"product_brand":[],"product_cat":[211],"product_tag":[],"class_list":{"0":"post-7391","1":"product","2":"type-product","3":"status-publish","4":"has-post-thumbnail","6":"product_cat-plantas-en-3d","7":"","8":"woocommerce-text-align-center","9":"woocommerce-image-align-center","10":"do-quantity-buttons","12":"first","13":"instock","14":"downloadable","15":"taxable","16":"shipping-taxable","17":"purchasable","18":"product-type-simple"},"yoast_head":"<!-- This site is optimized with the Yoast SEO plugin v27.4 - https:\/\/yoast.com\/product\/yoast-seo-wordpress\/ -->\n<title>STRELITZIA NICOLAI (3D) - PLANTES ET ARBRES ARTIFICIELS TR\u00c8S R\u00c9ALISTES<\/title>\n<meta name=\"robots\" content=\"noindex, nofollow\" \/>\n<meta property=\"og:locale\" content=\"fr_FR\" \/>\n<meta property=\"og:type\" content=\"article\" \/>\n<meta property=\"og:title\" content=\"STRELITZIA NICOLAI (3D) - PLANTES ET ARBRES ARTIFICIELS TR\u00c8S R\u00c9ALISTES\" \/>\n<meta property=\"og:description\" content=\"El \u00c1rbol STRELITZIA NICOLAI, planta muy parecida a la platanera y pertenece al mismo g\u00e9nero de la llamada Ave del para\u00edso. Incre\u00edble realismo para decoraci\u00f3n de interiores. Incluye macetero b\u00e1sico. Disponible en dos alturas.    REF Altura N\u00ba HOJAS   426413 150 cm 13   426414 180 cm 13       DESCARGA MODELO 3DS \/ MAX\" \/>\n<meta property=\"og:url\" content=\"https:\/\/decoplanta.com\/fr\/plantas-en-3d\/strelitzia-nicolai-3d\/\" \/>\n<meta property=\"og:site_name\" content=\"PLANTES ET ARBRES ARTIFICIELS TR\u00c8S R\u00c9ALISTES\" \/>\n<meta property=\"article:modified_time\" content=\"2024-11-11T12:34:12+00:00\" \/>\n<meta property=\"og:image\" content=\"https:\/\/decoplanta.com\/wp-content\/uploads\/2024\/04\/426413-426414-STRELITZIA_NICOLAI-3D_RENDER.jpg\" \/>\n\t<meta property=\"og:image:width\" content=\"1600\" \/>\n\t<meta property=\"og:image:height\" content=\"900\" \/>\n\t<meta property=\"og:image:type\" content=\"image\/jpeg\" \/>\n<meta name=\"twitter:card\" content=\"summary_large_image\" \/>\n<meta name=\"twitter:label1\" content=\"Dur\u00e9e de lecture estim\u00e9e\" \/>\n\t<meta name=\"twitter:data1\" content=\"1 minute\" \/>\n<script type=\"application\/ld+json\" class=\"yoast-schema-graph\">{\"@context\":\"https:\\\/\\\/schema.org\",\"@graph\":[{\"@type\":\"WebPage\",\"@id\":\"https:\\\/\\\/decoplanta.com\\\/fr\\\/plantas-en-3d\\\/strelitzia-nicolai-3d\\\/\",\"url\":\"https:\\\/\\\/decoplanta.com\\\/fr\\\/plantas-en-3d\\\/strelitzia-nicolai-3d\\\/\",\"name\":\"STRELITZIA NICOLAI (3D) - PLANTES ET ARBRES ARTIFICIELS TR\u00c8S R\u00c9ALISTES\",\"isPartOf\":{\"@id\":\"https:\\\/\\\/decoplanta.com\\\/fr\\\/#website\"},\"primaryImageOfPage\":{\"@id\":\"https:\\\/\\\/decoplanta.com\\\/fr\\\/plantas-en-3d\\\/strelitzia-nicolai-3d\\\/#primaryimage\"},\"image\":{\"@id\":\"https:\\\/\\\/decoplanta.com\\\/fr\\\/plantas-en-3d\\\/strelitzia-nicolai-3d\\\/#primaryimage\"},\"thumbnailUrl\":\"https:\\\/\\\/decoplanta.com\\\/wp-content\\\/uploads\\\/2024\\\/04\\\/426413-426414-STRELITZIA_NICOLAI-3D_RENDER.jpg\",\"datePublished\":\"2024-04-08T12:15:01+00:00\",\"dateModified\":\"2024-11-11T12:34:12+00:00\",\"breadcrumb\":{\"@id\":\"https:\\\/\\\/decoplanta.com\\\/fr\\\/plantas-en-3d\\\/strelitzia-nicolai-3d\\\/#breadcrumb\"},\"inLanguage\":\"fr-FR\",\"potentialAction\":[{\"@type\":\"ReadAction\",\"target\":[\"https:\\\/\\\/decoplanta.com\\\/fr\\\/plantas-en-3d\\\/strelitzia-nicolai-3d\\\/\"]}]},{\"@type\":\"ImageObject\",\"inLanguage\":\"fr-FR\",\"@id\":\"https:\\\/\\\/decoplanta.com\\\/fr\\\/plantas-en-3d\\\/strelitzia-nicolai-3d\\\/#primaryimage\",\"url\":\"https:\\\/\\\/decoplanta.com\\\/wp-content\\\/uploads\\\/2024\\\/04\\\/426413-426414-STRELITZIA_NICOLAI-3D_RENDER.jpg\",\"contentUrl\":\"https:\\\/\\\/decoplanta.com\\\/wp-content\\\/uploads\\\/2024\\\/04\\\/426413-426414-STRELITZIA_NICOLAI-3D_RENDER.jpg\",\"width\":1600,\"height\":900,\"caption\":\"Planta Strelitzia Nicolai en 3D\"},{\"@type\":\"BreadcrumbList\",\"@id\":\"https:\\\/\\\/decoplanta.com\\\/fr\\\/plantas-en-3d\\\/strelitzia-nicolai-3d\\\/#breadcrumb\",\"itemListElement\":[{\"@type\":\"ListItem\",\"position\":1,\"name\":\"Portada\",\"item\":\"https:\\\/\\\/decoplanta.com\\\/fr\\\/\"},{\"@type\":\"ListItem\",\"position\":2,\"name\":\"Priv\u00e9\u00a0: Tienda\",\"item\":\"https:\\\/\\\/decoplanta.com\\\/?page_id=377\"},{\"@type\":\"ListItem\",\"position\":3,\"name\":\"STRELITZIA NICOLAI (3D)\"}]},{\"@type\":\"WebSite\",\"@id\":\"https:\\\/\\\/decoplanta.com\\\/fr\\\/#website\",\"url\":\"https:\\\/\\\/decoplanta.com\\\/fr\\\/\",\"name\":\"PLANTES ET ARBRES ARTIFICIELS TR\u00c8S R\u00c9ALISTES\",\"description\":\"Proveedor de Plantas artificiales para estudios de Arquitectura, Interiorismo, Paisajismo, Escenograf\u00eda, Tiendas de Decoraci\u00f3n Florister\u00edas y Mobiliario\",\"publisher\":{\"@id\":\"https:\\\/\\\/decoplanta.com\\\/fr\\\/#organization\"},\"potentialAction\":[{\"@type\":\"SearchAction\",\"target\":{\"@type\":\"EntryPoint\",\"urlTemplate\":\"https:\\\/\\\/decoplanta.com\\\/fr\\\/?s={search_term_string}\"},\"query-input\":{\"@type\":\"PropertyValueSpecification\",\"valueRequired\":true,\"valueName\":\"search_term_string\"}}],\"inLanguage\":\"fr-FR\"},{\"@type\":\"Organization\",\"@id\":\"https:\\\/\\\/decoplanta.com\\\/fr\\\/#organization\",\"name\":\"PLANTES ET ARBRES ARTIFICIELS TR\u00c8S R\u00c9ALISTES\",\"url\":\"https:\\\/\\\/decoplanta.com\\\/fr\\\/\",\"logo\":{\"@type\":\"ImageObject\",\"inLanguage\":\"fr-FR\",\"@id\":\"https:\\\/\\\/decoplanta.com\\\/fr\\\/#\\\/schema\\\/logo\\\/image\\\/\",\"url\":\"https:\\\/\\\/decoplanta.com\\\/wp-content\\\/uploads\\\/2021\\\/02\\\/decoplanta-logo2020.svg\",\"contentUrl\":\"https:\\\/\\\/decoplanta.com\\\/wp-content\\\/uploads\\\/2021\\\/02\\\/decoplanta-logo2020.svg\",\"width\":500,\"height\":500,\"caption\":\"PLANTES ET ARBRES ARTIFICIELS TR\u00c8S R\u00c9ALISTES\"},\"image\":{\"@id\":\"https:\\\/\\\/decoplanta.com\\\/fr\\\/#\\\/schema\\\/logo\\\/image\\\/\"}}]}<\/script>\n<!-- \/ Yoast SEO plugin. -->","yoast_head_json":{"title":"STRELITZIA NICOLAI (3D) - PLANTES ET ARBRES ARTIFICIELS TR\u00c8S R\u00c9ALISTES","robots":{"index":"noindex","follow":"nofollow"},"og_locale":"fr_FR","og_type":"article","og_title":"STRELITZIA NICOLAI (3D) - PLANTES ET ARBRES ARTIFICIELS TR\u00c8S R\u00c9ALISTES","og_description":"El \u00c1rbol STRELITZIA NICOLAI, planta muy parecida a la platanera y pertenece al mismo g\u00e9nero de la llamada Ave del para\u00edso. Incre\u00edble realismo para decoraci\u00f3n de interiores. Incluye macetero b\u00e1sico. Disponible en dos alturas.    REF Altura N\u00ba HOJAS   426413 150 cm 13   426414 180 cm 13       DESCARGA MODELO 3DS \/ MAX","og_url":"https:\/\/decoplanta.com\/fr\/plantas-en-3d\/strelitzia-nicolai-3d\/","og_site_name":"PLANTES ET ARBRES ARTIFICIELS TR\u00c8S R\u00c9ALISTES","article_modified_time":"2024-11-11T12:34:12+00:00","og_image":[{"width":1600,"height":900,"url":"https:\/\/decoplanta.com\/wp-content\/uploads\/2024\/04\/426413-426414-STRELITZIA_NICOLAI-3D_RENDER.jpg","type":"image\/jpeg"}],"twitter_card":"summary_large_image","twitter_misc":{"Dur\u00e9e de lecture estim\u00e9e":"1 minute"},"schema":{"@context":"https:\/\/schema.org","@graph":[{"@type":"WebPage","@id":"https:\/\/decoplanta.com\/fr\/plantas-en-3d\/strelitzia-nicolai-3d\/","url":"https:\/\/decoplanta.com\/fr\/plantas-en-3d\/strelitzia-nicolai-3d\/","name":"STRELITZIA NICOLAI (3D) - PLANTES ET ARBRES ARTIFICIELS TR\u00c8S R\u00c9ALISTES","isPartOf":{"@id":"https:\/\/decoplanta.com\/fr\/#website"},"primaryImageOfPage":{"@id":"https:\/\/decoplanta.com\/fr\/plantas-en-3d\/strelitzia-nicolai-3d\/#primaryimage"},"image":{"@id":"https:\/\/decoplanta.com\/fr\/plantas-en-3d\/strelitzia-nicolai-3d\/#primaryimage"},"thumbnailUrl":"https:\/\/decoplanta.com\/wp-content\/uploads\/2024\/04\/426413-426414-STRELITZIA_NICOLAI-3D_RENDER.jpg","datePublished":"2024-04-08T12:15:01+00:00","dateModified":"2024-11-11T12:34:12+00:00","breadcrumb":{"@id":"https:\/\/decoplanta.com\/fr\/plantas-en-3d\/strelitzia-nicolai-3d\/#breadcrumb"},"inLanguage":"fr-FR","potentialAction":[{"@type":"ReadAction","target":["https:\/\/decoplanta.com\/fr\/plantas-en-3d\/strelitzia-nicolai-3d\/"]}]},{"@type":"ImageObject","inLanguage":"fr-FR","@id":"https:\/\/decoplanta.com\/fr\/plantas-en-3d\/strelitzia-nicolai-3d\/#primaryimage","url":"https:\/\/decoplanta.com\/wp-content\/uploads\/2024\/04\/426413-426414-STRELITZIA_NICOLAI-3D_RENDER.jpg","contentUrl":"https:\/\/decoplanta.com\/wp-content\/uploads\/2024\/04\/426413-426414-STRELITZIA_NICOLAI-3D_RENDER.jpg","width":1600,"height":900,"caption":"Planta Strelitzia Nicolai en 3D"},{"@type":"BreadcrumbList","@id":"https:\/\/decoplanta.com\/fr\/plantas-en-3d\/strelitzia-nicolai-3d\/#breadcrumb","itemListElement":[{"@type":"ListItem","position":1,"name":"Portada","item":"https:\/\/decoplanta.com\/fr\/"},{"@type":"ListItem","position":2,"name":"Priv\u00e9\u00a0: Tienda","item":"https:\/\/decoplanta.com\/?page_id=377"},{"@type":"ListItem","position":3,"name":"STRELITZIA NICOLAI (3D)"}]},{"@type":"WebSite","@id":"https:\/\/decoplanta.com\/fr\/#website","url":"https:\/\/decoplanta.com\/fr\/","name":"PLANTES ET ARBRES ARTIFICIELS TR\u00c8S R\u00c9ALISTES","description":"Proveedor de Plantas artificiales para estudios de Arquitectura, Interiorismo, Paisajismo, Escenograf\u00eda, Tiendas de Decoraci\u00f3n Florister\u00edas y Mobiliario","publisher":{"@id":"https:\/\/decoplanta.com\/fr\/#organization"},"potentialAction":[{"@type":"SearchAction","target":{"@type":"EntryPoint","urlTemplate":"https:\/\/decoplanta.com\/fr\/?s={search_term_string}"},"query-input":{"@type":"PropertyValueSpecification","valueRequired":true,"valueName":"search_term_string"}}],"inLanguage":"fr-FR"},{"@type":"Organization","@id":"https:\/\/decoplanta.com\/fr\/#organization","name":"PLANTES ET ARBRES ARTIFICIELS TR\u00c8S R\u00c9ALISTES","url":"https:\/\/decoplanta.com\/fr\/","logo":{"@type":"ImageObject","inLanguage":"fr-FR","@id":"https:\/\/decoplanta.com\/fr\/#\/schema\/logo\/image\/","url":"https:\/\/decoplanta.com\/wp-content\/uploads\/2021\/02\/decoplanta-logo2020.svg","contentUrl":"https:\/\/decoplanta.com\/wp-content\/uploads\/2021\/02\/decoplanta-logo2020.svg","width":500,"height":500,"caption":"PLANTES ET ARBRES ARTIFICIELS TR\u00c8S R\u00c9ALISTES"},"image":{"@id":"https:\/\/decoplanta.com\/fr\/#\/schema\/logo\/image\/"}}]}},"_links":{"self":[{"href":"https:\/\/decoplanta.com\/fr\/wp-json\/wp\/v2\/product\/7391","targetHints":{"allow":["GET"]}}],"collection":[{"href":"https:\/\/decoplanta.com\/fr\/wp-json\/wp\/v2\/product"}],"about":[{"href":"https:\/\/decoplanta.com\/fr\/wp-json\/wp\/v2\/types\/product"}],"version-history":[{"count":0,"href":"https:\/\/decoplanta.com\/fr\/wp-json\/wp\/v2\/product\/7391\/revisions"}],"wp:featuredmedia":[{"embeddable":true,"href":"https:\/\/decoplanta.com\/fr\/wp-json\/wp\/v2\/media\/7392"}],"wp:attachment":[{"href":"https:\/\/decoplanta.com\/fr\/wp-json\/wp\/v2\/media?parent=7391"}],"wp:term":[{"taxonomy":"product_brand","embeddable":true,"href":"https:\/\/decoplanta.com\/fr\/wp-json\/wp\/v2\/product_brand?post=7391"},{"taxonomy":"product_cat","embeddable":true,"href":"https:\/\/decoplanta.com\/fr\/wp-json\/wp\/v2\/product_cat?post=7391"},{"taxonomy":"product_tag","embeddable":true,"href":"https:\/\/decoplanta.com\/fr\/wp-json\/wp\/v2\/product_tag?post=7391"}],"curies":[{"name":"wp","href":"https:\/\/api.w.org\/{rel}","templated":true}]}}