{"id":7937,"date":"2025-02-13T07:31:05","date_gmt":"2025-02-13T06:31:05","guid":{"rendered":"https:\/\/decoplanta.com\/?post_type=product&#038;p=7937"},"modified":"2025-02-13T13:00:51","modified_gmt":"2025-02-13T12:00:51","slug":"buisson-fougere-36cm-ignifuger","status":"publish","type":"product","link":"https:\/\/decoplanta.com\/fr\/plantes-artificielles-ignifuges-realistes\/buisson-fougere-36cm-ignifuger\/","title":{"rendered":"Buisson de FOUG\u00c8RE 36cm IGNIFUGER"},"content":{"rendered":"<p>Buisson de FOUG\u00c8RE\u00a0 de 36 cm de haut. Il comprend un traitement ignifuge et est valable pour les int\u00e9rieurs. Ils sont servis dans des caisses indivisibles de 24 unit\u00e9s. Prix \u200b\u200bpar unit\u00e9. Le d\u00e9lai de livraison approximatif est de 10 jours.<\/p>\n<p>Cet Buisson de FOUG\u00c8RE IGNIFUGER ne diff\u00e8re pratiquement pas visuellement de son mod\u00e8le naturel. Excellente reproduction et de tr\u00e8s bonne qualit\u00e9. La branche d\u00e9corative conserve sa forme et sa couleur pendant de nombreuses ann\u00e9es. Ce superbe spray d&rsquo;\u00e9rable d&rsquo;automne convient comme d\u00e9coration pour votre entreprise ainsi que dans une maison.<\/p>\n<p>Les couleurs intenses des grandes feuilles d&rsquo;environ 6 cm sont inspir\u00e9es de l&rsquo;\u00e9rable du Japon. Fabriqu\u00e9s \u00e0 partir de tissu de haute qualit\u00e9, ils sont identiques en couleur, forme, taille de feuille et motif \u00e0 leurs prototypes r\u00e9els. L&rsquo;\u00e9rable est un genre de la <a class=\"waffle-rich-text-link\" href=\"https:\/\/es.wikipedia.org\/wiki\/Familia_(biolog%C3%ADa)\">famille<\/a> des <a class=\"waffle-rich-text-link\" href=\"https:\/\/es.wikipedia.org\/wiki\/Sapind%C3%A1ceas\">Sapindaceae<\/a> . Ils sont g\u00e9n\u00e9ralement connus sous le nom d&rsquo;\u00e9rables, avec quelque 160 <a class=\"waffle-rich-text-link\" href=\"https:\/\/es.wikipedia.org\/wiki\/Especies\">esp\u00e8ces<\/a> accept\u00e9es sur les pr\u00e8s de 700 d\u00e9crites.<\/p>\n<h2>En quoi les Buisson de FOUG\u00c8RE 36cm IGNIFUGER artificielles sont-elles diff\u00e9rentes ?<\/h2>\n<p>Les \u00e9rables se distinguent facilement par leurs feuilles, bien qu&rsquo;il existe \u00e9galement des \u00e9rables compos\u00e9s penn\u00e9s, \u00e0 nervures penn\u00e9es et sans lobes. Les fleurs sont r\u00e9guli\u00e8res, pentam\u00e8res et apparaissent en grappes, corymbes ou ombelles. Ses fruits distinctifs naissent par paires unies, appel\u00e9es samares. Lorsque les fruits se d\u00e9tachent, ils tournent pouss\u00e9s par le vent, r\u00e9pandant les graines. En cons\u00e9quence, ils sont souvent appel\u00e9s \u00ab\u00a0arbres \u00e0 h\u00e9licopt\u00e8res\u00a0\u00bb. Les feuilles de la plupart des esp\u00e8ces sont palm\u00e9es, vein\u00e9es et lob\u00e9es. Avec 3 \u00e0 9 nervures orient\u00e9es chacune vers un lobe dont l&rsquo;un est le central.<\/p>\n<h3>Plusieurs esp\u00e8ces sont trifoli\u00e9es<\/h3>\n<p>Acer griseum, Acer mandshuricum, Acer maximowiczianum et Acer triflorum. Acer negundo a des feuilles compos\u00e9es penn\u00e9es, qui peuvent \u00eatre simplement trifoli\u00e9es ou avec 5 \u00e0 7 folioles. Enfin, l&rsquo;Acer carpinifolium poss\u00e8de des feuilles simples penn\u00e9es et nervur\u00e9es rappelant les charmes. Les \u00e9rables sont largement cultiv\u00e9s comme plantes ornementales, pour faire des sirops et comme bois d&rsquo;\u0153uvre. Certaines esp\u00e8ces ont un feuillage d&rsquo;automne color\u00e9. <a class=\"waffle-rich-text-link\" href=\"https:\/\/decoplanta.com\/pincha-y-decora\/\">Cliquez et d\u00e9corez<\/a> vos jardini\u00e8res avec nos spectaculaires plantes artificielles d&rsquo;un r\u00e9alisme incroyable.<\/p>\n","protected":false},"excerpt":{"rendered":"<p>Buisson de FOUG\u00c8RE IGNIFUGER de 36 cm de haut. <strong>Il comprend un traitement ignifuge et est valable pour les int\u00e9rieurs<\/strong>. Ils sont servis dans des caisses indivisibles de 24 unit\u00e9s. Prix \u200b\u200bpar unit\u00e9. Le d\u00e9lai de livraison approximatif est de 10 jours.<\/p>\n<table>\n<tbody>\n<tr>\n<td><strong>REF<\/strong><\/td>\n<td>Altura<\/td>\n<\/tr>\n<tr>\n<td>433198<\/td>\n<td>36 cm<\/td>\n<\/tr>\n<\/tbody>\n<\/table>\n","protected":false},"featured_media":7940,"template":"","meta":{"_monsterinsights_skip_tracking":false,"_monsterinsights_sitenote_active":false,"_monsterinsights_sitenote_note":"","_monsterinsights_sitenote_category":0},"product_brand":[],"product_cat":[254,252],"product_tag":[384,518,262],"class_list":{"0":"post-7937","1":"product","2":"type-product","3":"status-publish","4":"has-post-thumbnail","6":"product_cat-fleurs-et-vegetation","7":"product_cat-plantes-artificielles-ignifuges-realistes","8":"product_tag-arbre-dinterieur","9":"product_tag-planta-con-tratamiento-ignifugo-fr","10":"product_tag-petites-plantes","11":"","12":"woocommerce-text-align-center","13":"woocommerce-image-align-center","14":"do-quantity-buttons","16":"first","17":"instock","18":"taxable","19":"shipping-taxable","20":"purchasable","21":"product-type-simple"},"yoast_head":"<!-- This site is optimized with the Yoast SEO plugin v27.3 - https:\/\/yoast.com\/product\/yoast-seo-wordpress\/ -->\n<title>FOUG\u00c8RE IGNIFUGER artificiel 36 cm de haut<\/title>\n<meta name=\"description\" content=\"Buisson de FOUG\u00c8RE IGNIFUGER artificiel de 36 cm de haut. Il comprend un traitement ignifuge. Reproduction exacte d&#039;un grand r\u00e9alisme.\" \/>\n<meta name=\"robots\" content=\"index, follow, max-snippet:-1, max-image-preview:large, max-video-preview:-1\" \/>\n<link rel=\"canonical\" href=\"https:\/\/decoplanta.com\/fr\/plantes-artificielles-ignifuges-realistes\/buisson-fougere-36cm-ignifuger\/\" \/>\n<meta property=\"og:locale\" content=\"fr_FR\" \/>\n<meta property=\"og:type\" content=\"article\" \/>\n<meta property=\"og:title\" content=\"FOUG\u00c8RE IGNIFUGER artificiel 36 cm de haut\" \/>\n<meta property=\"og:description\" content=\"Buisson de FOUG\u00c8RE IGNIFUGER artificiel de 36 cm de haut. Il comprend un traitement ignifuge. Reproduction exacte d&#039;un grand r\u00e9alisme.\" \/>\n<meta property=\"og:url\" content=\"https:\/\/decoplanta.com\/fr\/plantes-artificielles-ignifuges-realistes\/buisson-fougere-36cm-ignifuger\/\" \/>\n<meta property=\"og:site_name\" content=\"PLANTES ET ARBRES ARTIFICIELS TR\u00c8S R\u00c9ALISTES\" \/>\n<meta property=\"article:modified_time\" content=\"2025-02-13T12:00:51+00:00\" \/>\n<meta property=\"og:image\" content=\"https:\/\/decoplanta.com\/wp-content\/uploads\/2025\/02\/433198-Arbusto_de_Helechos_FP_36cm.jpg\" \/>\n\t<meta property=\"og:image:width\" content=\"2200\" \/>\n\t<meta property=\"og:image:height\" content=\"2200\" \/>\n\t<meta property=\"og:image:type\" content=\"image\/jpeg\" \/>\n<meta name=\"twitter:card\" content=\"summary_large_image\" \/>\n<meta name=\"twitter:label1\" content=\"Dur\u00e9e de lecture estim\u00e9e\" \/>\n\t<meta name=\"twitter:data1\" content=\"2 minutes\" \/>\n<script type=\"application\/ld+json\" class=\"yoast-schema-graph\">{\"@context\":\"https:\\\/\\\/schema.org\",\"@graph\":[{\"@type\":\"WebPage\",\"@id\":\"https:\\\/\\\/decoplanta.com\\\/fr\\\/plantes-artificielles-ignifuges-realistes\\\/buisson-fougere-36cm-ignifuger\\\/\",\"url\":\"https:\\\/\\\/decoplanta.com\\\/fr\\\/plantes-artificielles-ignifuges-realistes\\\/buisson-fougere-36cm-ignifuger\\\/\",\"name\":\"FOUG\u00c8RE IGNIFUGER artificiel 36 cm de haut\",\"isPartOf\":{\"@id\":\"https:\\\/\\\/decoplanta.com\\\/fr\\\/#website\"},\"primaryImageOfPage\":{\"@id\":\"https:\\\/\\\/decoplanta.com\\\/fr\\\/plantes-artificielles-ignifuges-realistes\\\/buisson-fougere-36cm-ignifuger\\\/#primaryimage\"},\"image\":{\"@id\":\"https:\\\/\\\/decoplanta.com\\\/fr\\\/plantes-artificielles-ignifuges-realistes\\\/buisson-fougere-36cm-ignifuger\\\/#primaryimage\"},\"thumbnailUrl\":\"https:\\\/\\\/decoplanta.com\\\/wp-content\\\/uploads\\\/2025\\\/02\\\/433198-Arbusto_de_Helechos_FP_36cm.jpg\",\"datePublished\":\"2025-02-13T06:31:05+00:00\",\"dateModified\":\"2025-02-13T12:00:51+00:00\",\"description\":\"Buisson de FOUG\u00c8RE IGNIFUGER artificiel de 36 cm de haut. Il comprend un traitement ignifuge. Reproduction exacte d'un grand r\u00e9alisme.\",\"breadcrumb\":{\"@id\":\"https:\\\/\\\/decoplanta.com\\\/fr\\\/plantes-artificielles-ignifuges-realistes\\\/buisson-fougere-36cm-ignifuger\\\/#breadcrumb\"},\"inLanguage\":\"fr-FR\",\"potentialAction\":[{\"@type\":\"ReadAction\",\"target\":[\"https:\\\/\\\/decoplanta.com\\\/fr\\\/plantes-artificielles-ignifuges-realistes\\\/buisson-fougere-36cm-ignifuger\\\/\"]}]},{\"@type\":\"ImageObject\",\"inLanguage\":\"fr-FR\",\"@id\":\"https:\\\/\\\/decoplanta.com\\\/fr\\\/plantes-artificielles-ignifuges-realistes\\\/buisson-fougere-36cm-ignifuger\\\/#primaryimage\",\"url\":\"https:\\\/\\\/decoplanta.com\\\/wp-content\\\/uploads\\\/2025\\\/02\\\/433198-Arbusto_de_Helechos_FP_36cm.jpg\",\"contentUrl\":\"https:\\\/\\\/decoplanta.com\\\/wp-content\\\/uploads\\\/2025\\\/02\\\/433198-Arbusto_de_Helechos_FP_36cm.jpg\",\"width\":2200,\"height\":2200,\"caption\":\"Arbusto de Helecho 36 cm FIREPROOF artificial de 36 cm de altura, para pinchar en espuma floral o en tierra\"},{\"@type\":\"BreadcrumbList\",\"@id\":\"https:\\\/\\\/decoplanta.com\\\/fr\\\/plantes-artificielles-ignifuges-realistes\\\/buisson-fougere-36cm-ignifuger\\\/#breadcrumb\",\"itemListElement\":[{\"@type\":\"ListItem\",\"position\":1,\"name\":\"Portada\",\"item\":\"https:\\\/\\\/decoplanta.com\\\/fr\\\/\"},{\"@type\":\"ListItem\",\"position\":2,\"name\":\"Priv\u00e9\u00a0: Tienda\",\"item\":\"https:\\\/\\\/decoplanta.com\\\/?page_id=377\"},{\"@type\":\"ListItem\",\"position\":3,\"name\":\"Buisson de FOUG\u00c8RE 36cm IGNIFUGER\"}]},{\"@type\":\"WebSite\",\"@id\":\"https:\\\/\\\/decoplanta.com\\\/fr\\\/#website\",\"url\":\"https:\\\/\\\/decoplanta.com\\\/fr\\\/\",\"name\":\"PLANTES ET ARBRES ARTIFICIELS TR\u00c8S R\u00c9ALISTES\",\"description\":\"Proveedor de Plantas artificiales para estudios de Arquitectura, Interiorismo, Paisajismo, Escenograf\u00eda, Tiendas de Decoraci\u00f3n Florister\u00edas y Mobiliario\",\"publisher\":{\"@id\":\"https:\\\/\\\/decoplanta.com\\\/fr\\\/#organization\"},\"potentialAction\":[{\"@type\":\"SearchAction\",\"target\":{\"@type\":\"EntryPoint\",\"urlTemplate\":\"https:\\\/\\\/decoplanta.com\\\/fr\\\/?s={search_term_string}\"},\"query-input\":{\"@type\":\"PropertyValueSpecification\",\"valueRequired\":true,\"valueName\":\"search_term_string\"}}],\"inLanguage\":\"fr-FR\"},{\"@type\":\"Organization\",\"@id\":\"https:\\\/\\\/decoplanta.com\\\/fr\\\/#organization\",\"name\":\"PLANTES ET ARBRES ARTIFICIELS TR\u00c8S R\u00c9ALISTES\",\"url\":\"https:\\\/\\\/decoplanta.com\\\/fr\\\/\",\"logo\":{\"@type\":\"ImageObject\",\"inLanguage\":\"fr-FR\",\"@id\":\"https:\\\/\\\/decoplanta.com\\\/fr\\\/#\\\/schema\\\/logo\\\/image\\\/\",\"url\":\"https:\\\/\\\/decoplanta.com\\\/wp-content\\\/uploads\\\/2021\\\/02\\\/decoplanta-logo2020.svg\",\"contentUrl\":\"https:\\\/\\\/decoplanta.com\\\/wp-content\\\/uploads\\\/2021\\\/02\\\/decoplanta-logo2020.svg\",\"width\":500,\"height\":500,\"caption\":\"PLANTES ET ARBRES ARTIFICIELS TR\u00c8S R\u00c9ALISTES\"},\"image\":{\"@id\":\"https:\\\/\\\/decoplanta.com\\\/fr\\\/#\\\/schema\\\/logo\\\/image\\\/\"}}]}<\/script>\n<!-- \/ Yoast SEO plugin. -->","yoast_head_json":{"title":"FOUG\u00c8RE IGNIFUGER artificiel 36 cm de haut","description":"Buisson de FOUG\u00c8RE IGNIFUGER artificiel de 36 cm de haut. Il comprend un traitement ignifuge. Reproduction exacte d'un grand r\u00e9alisme.","robots":{"index":"index","follow":"follow","max-snippet":"max-snippet:-1","max-image-preview":"max-image-preview:large","max-video-preview":"max-video-preview:-1"},"canonical":"https:\/\/decoplanta.com\/fr\/plantes-artificielles-ignifuges-realistes\/buisson-fougere-36cm-ignifuger\/","og_locale":"fr_FR","og_type":"article","og_title":"FOUG\u00c8RE IGNIFUGER artificiel 36 cm de haut","og_description":"Buisson de FOUG\u00c8RE IGNIFUGER artificiel de 36 cm de haut. Il comprend un traitement ignifuge. Reproduction exacte d'un grand r\u00e9alisme.","og_url":"https:\/\/decoplanta.com\/fr\/plantes-artificielles-ignifuges-realistes\/buisson-fougere-36cm-ignifuger\/","og_site_name":"PLANTES ET ARBRES ARTIFICIELS TR\u00c8S R\u00c9ALISTES","article_modified_time":"2025-02-13T12:00:51+00:00","og_image":[{"width":2200,"height":2200,"url":"https:\/\/decoplanta.com\/wp-content\/uploads\/2025\/02\/433198-Arbusto_de_Helechos_FP_36cm.jpg","type":"image\/jpeg"}],"twitter_card":"summary_large_image","twitter_misc":{"Dur\u00e9e de lecture estim\u00e9e":"2 minutes"},"schema":{"@context":"https:\/\/schema.org","@graph":[{"@type":"WebPage","@id":"https:\/\/decoplanta.com\/fr\/plantes-artificielles-ignifuges-realistes\/buisson-fougere-36cm-ignifuger\/","url":"https:\/\/decoplanta.com\/fr\/plantes-artificielles-ignifuges-realistes\/buisson-fougere-36cm-ignifuger\/","name":"FOUG\u00c8RE IGNIFUGER artificiel 36 cm de haut","isPartOf":{"@id":"https:\/\/decoplanta.com\/fr\/#website"},"primaryImageOfPage":{"@id":"https:\/\/decoplanta.com\/fr\/plantes-artificielles-ignifuges-realistes\/buisson-fougere-36cm-ignifuger\/#primaryimage"},"image":{"@id":"https:\/\/decoplanta.com\/fr\/plantes-artificielles-ignifuges-realistes\/buisson-fougere-36cm-ignifuger\/#primaryimage"},"thumbnailUrl":"https:\/\/decoplanta.com\/wp-content\/uploads\/2025\/02\/433198-Arbusto_de_Helechos_FP_36cm.jpg","datePublished":"2025-02-13T06:31:05+00:00","dateModified":"2025-02-13T12:00:51+00:00","description":"Buisson de FOUG\u00c8RE IGNIFUGER artificiel de 36 cm de haut. Il comprend un traitement ignifuge. Reproduction exacte d'un grand r\u00e9alisme.","breadcrumb":{"@id":"https:\/\/decoplanta.com\/fr\/plantes-artificielles-ignifuges-realistes\/buisson-fougere-36cm-ignifuger\/#breadcrumb"},"inLanguage":"fr-FR","potentialAction":[{"@type":"ReadAction","target":["https:\/\/decoplanta.com\/fr\/plantes-artificielles-ignifuges-realistes\/buisson-fougere-36cm-ignifuger\/"]}]},{"@type":"ImageObject","inLanguage":"fr-FR","@id":"https:\/\/decoplanta.com\/fr\/plantes-artificielles-ignifuges-realistes\/buisson-fougere-36cm-ignifuger\/#primaryimage","url":"https:\/\/decoplanta.com\/wp-content\/uploads\/2025\/02\/433198-Arbusto_de_Helechos_FP_36cm.jpg","contentUrl":"https:\/\/decoplanta.com\/wp-content\/uploads\/2025\/02\/433198-Arbusto_de_Helechos_FP_36cm.jpg","width":2200,"height":2200,"caption":"Arbusto de Helecho 36 cm FIREPROOF artificial de 36 cm de altura, para pinchar en espuma floral o en tierra"},{"@type":"BreadcrumbList","@id":"https:\/\/decoplanta.com\/fr\/plantes-artificielles-ignifuges-realistes\/buisson-fougere-36cm-ignifuger\/#breadcrumb","itemListElement":[{"@type":"ListItem","position":1,"name":"Portada","item":"https:\/\/decoplanta.com\/fr\/"},{"@type":"ListItem","position":2,"name":"Priv\u00e9\u00a0: Tienda","item":"https:\/\/decoplanta.com\/?page_id=377"},{"@type":"ListItem","position":3,"name":"Buisson de FOUG\u00c8RE 36cm IGNIFUGER"}]},{"@type":"WebSite","@id":"https:\/\/decoplanta.com\/fr\/#website","url":"https:\/\/decoplanta.com\/fr\/","name":"PLANTES ET ARBRES ARTIFICIELS TR\u00c8S R\u00c9ALISTES","description":"Proveedor de Plantas artificiales para estudios de Arquitectura, Interiorismo, Paisajismo, Escenograf\u00eda, Tiendas de Decoraci\u00f3n Florister\u00edas y Mobiliario","publisher":{"@id":"https:\/\/decoplanta.com\/fr\/#organization"},"potentialAction":[{"@type":"SearchAction","target":{"@type":"EntryPoint","urlTemplate":"https:\/\/decoplanta.com\/fr\/?s={search_term_string}"},"query-input":{"@type":"PropertyValueSpecification","valueRequired":true,"valueName":"search_term_string"}}],"inLanguage":"fr-FR"},{"@type":"Organization","@id":"https:\/\/decoplanta.com\/fr\/#organization","name":"PLANTES ET ARBRES ARTIFICIELS TR\u00c8S R\u00c9ALISTES","url":"https:\/\/decoplanta.com\/fr\/","logo":{"@type":"ImageObject","inLanguage":"fr-FR","@id":"https:\/\/decoplanta.com\/fr\/#\/schema\/logo\/image\/","url":"https:\/\/decoplanta.com\/wp-content\/uploads\/2021\/02\/decoplanta-logo2020.svg","contentUrl":"https:\/\/decoplanta.com\/wp-content\/uploads\/2021\/02\/decoplanta-logo2020.svg","width":500,"height":500,"caption":"PLANTES ET ARBRES ARTIFICIELS TR\u00c8S R\u00c9ALISTES"},"image":{"@id":"https:\/\/decoplanta.com\/fr\/#\/schema\/logo\/image\/"}}]}},"_links":{"self":[{"href":"https:\/\/decoplanta.com\/fr\/wp-json\/wp\/v2\/product\/7937","targetHints":{"allow":["GET"]}}],"collection":[{"href":"https:\/\/decoplanta.com\/fr\/wp-json\/wp\/v2\/product"}],"about":[{"href":"https:\/\/decoplanta.com\/fr\/wp-json\/wp\/v2\/types\/product"}],"version-history":[{"count":0,"href":"https:\/\/decoplanta.com\/fr\/wp-json\/wp\/v2\/product\/7937\/revisions"}],"wp:featuredmedia":[{"embeddable":true,"href":"https:\/\/decoplanta.com\/fr\/wp-json\/wp\/v2\/media\/7940"}],"wp:attachment":[{"href":"https:\/\/decoplanta.com\/fr\/wp-json\/wp\/v2\/media?parent=7937"}],"wp:term":[{"taxonomy":"product_brand","embeddable":true,"href":"https:\/\/decoplanta.com\/fr\/wp-json\/wp\/v2\/product_brand?post=7937"},{"taxonomy":"product_cat","embeddable":true,"href":"https:\/\/decoplanta.com\/fr\/wp-json\/wp\/v2\/product_cat?post=7937"},{"taxonomy":"product_tag","embeddable":true,"href":"https:\/\/decoplanta.com\/fr\/wp-json\/wp\/v2\/product_tag?post=7937"}],"curies":[{"name":"wp","href":"https:\/\/api.w.org\/{rel}","templated":true}]}}