{"id":8287,"date":"2025-03-10T10:00:07","date_gmt":"2025-03-10T09:01:07","guid":{"rendered":"https:\/\/decoplanta.com\/?post_type=product&#038;p=8287"},"modified":"2025-03-10T12:16:01","modified_gmt":"2025-03-10T11:16:01","slug":"arbre-bambou-uv-175cm","status":"publish","type":"product","link":"https:\/\/decoplanta.com\/fr\/plantes-pour-lexterieur-artificielles\/arbre-bambou-uv-175cm\/","title":{"rendered":"Arbre BAMBOU UV"},"content":{"rendered":"<p>Bambou UV, un beau sp\u00e9cimen de grand r\u00e9alisme, avec une excellente finition tant sur la feuille aux tons clairs. Comprend un traitement UV sp\u00e9cifique pour l&rsquo;ext\u00e9rieur. Le soleil et l&rsquo;eau ne seront pas un obstacle pour rester comme au premier jour. Aucun entretien requis. Livr\u00e9 avec une jardini\u00e8re de base.<\/p>\n<p>L&rsquo;arbre de bambou DELUXE est un arbre spectaculaire avec un haut niveau de r\u00e9alisme, avec <strong>des cannes multi-naturelles<\/strong> \u00e9l\u00e9gantes et une luxuriance maximale de feuilles de haute qualit\u00e9 avec un ton lumineux, ce sp\u00e9cimen est une r\u00e9plique du bambou japonais authentique. Il est servi avec une pot de base incluse.<\/p>\n<p>Le bambou DELUXE appartient \u00e0 la famille des gramin\u00e9es et une fois qu&rsquo;ils fleurissent, les morts meurent g\u00e9n\u00e9ralement, laissant place \u00e0 la production de graines qui garantissent la persistance.<\/p>\n<p>De toutes les <strong><a title=\"Liste des types et vari\u00e9t\u00e9s de bambou\" href=\"https:\/\/www.hogarmania.com\/jardineria\/bambu.html\" target=\"_blank\" rel=\"noopener\">vari\u00e9t\u00e9s et types de bambous,<\/a> celui qui est le mieux adapt\u00e9 \u00e0 la culture en conteneurs est le Fargersia<\/strong> .<\/p>\n<p><strong><a title=\"Le bambou Fargesia, une vari\u00e9t\u00e9 non invasive\" href=\"https:\/\/www.hogarmania.com\/jardineria\/mantenimiento\/plantas\/bambu-fargesia-variedad-invasiva-36781.html\" target=\"_blank\" rel=\"noopener\">Les Fargesias sont d&rsquo;un buisson contenu<\/a><\/strong> , leurs drageons se concentrent toujours autour du buisson central et ne s&rsquo;\u00e9tendent pas comme la plupart des bambous. Ils atteignent un m\u00e8tre et demi ou deux m\u00e8tres de hauteur et ont un port arqu\u00e9 avec des feuilles vert fonc\u00e9.<\/p>\n<p>Chez Decoplanta nous pr\u00e9sentons <a href=\"https:\/\/decoplanta.com\/etiqueta-producto\/bambu-de-interior\/\" target=\"_blank\" rel=\"noopener\">des bambous d&rsquo;int\u00e9rieur<\/a> , tr\u00e8s demand\u00e9s par nos clients paysagistes et d\u00e9corateurs.<\/p>\n<p><strong><a title=\"bambou\" href=\"https:\/\/www.hogarmania.com\/jardineria\/mantenimiento\/plantas\/especies-bambus-24597.html\" target=\"_blank\" rel=\"noopener\">Le bambou<\/a><\/strong> d\u00e9veloppe normalement des racines ou des rhizomes qui se propagent et colonisent les surfaces, devenant un ravageur difficile \u00e0 contr\u00f4ler.<\/p>\n<p>Parmi les <a title=\"types de bambou\" href=\"https:\/\/www.hogarmania.com\/jardineria\/mantenimiento\/plantas\/tipos-bambu-5583.html\" target=\"_blank\" rel=\"noopener\">types de bambou<\/a> , le Fargesia est le seul qui rend les nouvelles pousses coll\u00e9es au buisson existant, donc la croissance est progressive et non invasive. Petit \u00e0 petit, le buisson s&rsquo;\u00e9largit jusqu&rsquo;\u00e0 devenir un bambou tr\u00e8s \u00e9l\u00e9gant, \u00e0 la feuille fine et parfait pour la <a title=\"plante en pot de bambou\" href=\"https:\/\/www.hogarmania.com\/jardineria\/tecnicas\/plantacion-transplantes\/plantar-bambu-tiesto-19329.html\" target=\"_blank\" rel=\"noopener\">plantation en pot<\/a> .<\/p>\n","protected":false},"excerpt":{"rendered":"<p><span data-sheets-root=\"1\">Bambou UV, un beau sp\u00e9cimen de grand r\u00e9alisme, avec une excellente finition tant sur la feuille aux tons clairs. Comprend un traitement UV sp\u00e9cifique pour l&rsquo;ext\u00e9rieur. Le soleil et l&rsquo;eau ne seront pas un obstacle pour rester comme au premier jour. Aucun entretien requis. Livr\u00e9 avec une jardini\u00e8re de base.<\/span><\/p>\n<table>\n<tbody>\n<tr>\n<td><strong>R\u00c9F<\/strong><\/td>\n<td><strong>HAUTEUR<\/strong><\/td>\n<\/tr>\n<tr>\n<td><strong>434184<\/strong><\/td>\n<td>175 cm<\/td>\n<\/tr>\n<\/tbody>\n<\/table>\n","protected":false},"featured_media":8290,"template":"","meta":{"_monsterinsights_skip_tracking":false,"_monsterinsights_sitenote_active":false,"_monsterinsights_sitenote_note":"","_monsterinsights_sitenote_category":0},"product_brand":[],"product_cat":[250],"product_tag":[263,271,278],"class_list":{"0":"post-8287","1":"product","2":"type-product","3":"status-publish","4":"has-post-thumbnail","6":"product_cat-plantes-pour-lexterieur-artificielles","7":"product_tag-plantes-artificielles-avec-protection-uv","8":"product_tag-gazon-artificiel","9":"product_tag-plante-tropicale","10":"","11":"woocommerce-text-align-center","12":"woocommerce-image-align-center","13":"do-quantity-buttons","15":"first","16":"instock","17":"taxable","18":"shipping-taxable","19":"purchasable","20":"product-type-simple"},"yoast_head":"<!-- This site is optimized with the Yoast SEO plugin v27.4 - https:\/\/yoast.com\/product\/yoast-seo-wordpress\/ -->\n<title>Arbre BAMBOU UV de haut r\u00e9alisme pour d\u00e9corer les ext\u00e9rieurs<\/title>\n<meta name=\"description\" content=\"Arbre Bambou UV artificiel R\u00e9plique japonaise authentique en bambou. Comprend un traitement UV sp\u00e9cifique pour l&#039;ext\u00e9rieur.\" \/>\n<meta name=\"robots\" content=\"index, follow, max-snippet:-1, max-image-preview:large, max-video-preview:-1\" \/>\n<link rel=\"canonical\" href=\"https:\/\/decoplanta.com\/fr\/plantes-pour-lexterieur-artificielles\/arbre-bambou-uv-175cm\/\" \/>\n<meta property=\"og:locale\" content=\"fr_FR\" \/>\n<meta property=\"og:type\" content=\"article\" \/>\n<meta property=\"og:title\" content=\"Arbre BAMBOU UV de haut r\u00e9alisme pour d\u00e9corer les ext\u00e9rieurs\" \/>\n<meta property=\"og:description\" content=\"Arbre Bambou UV artificiel R\u00e9plique japonaise authentique en bambou. Comprend un traitement UV sp\u00e9cifique pour l&#039;ext\u00e9rieur.\" \/>\n<meta property=\"og:url\" content=\"https:\/\/decoplanta.com\/fr\/plantes-pour-lexterieur-artificielles\/arbre-bambou-uv-175cm\/\" \/>\n<meta property=\"og:site_name\" content=\"PLANTES ET ARBRES ARTIFICIELS TR\u00c8S R\u00c9ALISTES\" \/>\n<meta property=\"article:modified_time\" content=\"2025-03-10T11:16:01+00:00\" \/>\n<meta property=\"og:image\" content=\"https:\/\/decoplanta.com\/wp-content\/uploads\/2025\/03\/434184-BAMBU_UV-175cm.jpg\" \/>\n\t<meta property=\"og:image:width\" content=\"2200\" \/>\n\t<meta property=\"og:image:height\" content=\"2199\" \/>\n\t<meta property=\"og:image:type\" content=\"image\/jpeg\" \/>\n<meta name=\"twitter:card\" content=\"summary_large_image\" \/>\n<meta name=\"twitter:label1\" content=\"Dur\u00e9e de lecture estim\u00e9e\" \/>\n\t<meta name=\"twitter:data1\" content=\"2 minutes\" \/>\n<script type=\"application\/ld+json\" class=\"yoast-schema-graph\">{\"@context\":\"https:\\\/\\\/schema.org\",\"@graph\":[{\"@type\":\"WebPage\",\"@id\":\"https:\\\/\\\/decoplanta.com\\\/fr\\\/plantes-pour-lexterieur-artificielles\\\/arbre-bambou-uv-175cm\\\/\",\"url\":\"https:\\\/\\\/decoplanta.com\\\/fr\\\/plantes-pour-lexterieur-artificielles\\\/arbre-bambou-uv-175cm\\\/\",\"name\":\"Arbre BAMBOU UV de haut r\u00e9alisme pour d\u00e9corer les ext\u00e9rieurs\",\"isPartOf\":{\"@id\":\"https:\\\/\\\/decoplanta.com\\\/fr\\\/#website\"},\"primaryImageOfPage\":{\"@id\":\"https:\\\/\\\/decoplanta.com\\\/fr\\\/plantes-pour-lexterieur-artificielles\\\/arbre-bambou-uv-175cm\\\/#primaryimage\"},\"image\":{\"@id\":\"https:\\\/\\\/decoplanta.com\\\/fr\\\/plantes-pour-lexterieur-artificielles\\\/arbre-bambou-uv-175cm\\\/#primaryimage\"},\"thumbnailUrl\":\"https:\\\/\\\/decoplanta.com\\\/wp-content\\\/uploads\\\/2025\\\/03\\\/434184-BAMBU_UV-175cm.jpg\",\"datePublished\":\"2025-03-10T09:01:07+00:00\",\"dateModified\":\"2025-03-10T11:16:01+00:00\",\"description\":\"Arbre Bambou UV artificiel R\u00e9plique japonaise authentique en bambou. Comprend un traitement UV sp\u00e9cifique pour l'ext\u00e9rieur.\",\"breadcrumb\":{\"@id\":\"https:\\\/\\\/decoplanta.com\\\/fr\\\/plantes-pour-lexterieur-artificielles\\\/arbre-bambou-uv-175cm\\\/#breadcrumb\"},\"inLanguage\":\"fr-FR\",\"potentialAction\":[{\"@type\":\"ReadAction\",\"target\":[\"https:\\\/\\\/decoplanta.com\\\/fr\\\/plantes-pour-lexterieur-artificielles\\\/arbre-bambou-uv-175cm\\\/\"]}]},{\"@type\":\"ImageObject\",\"inLanguage\":\"fr-FR\",\"@id\":\"https:\\\/\\\/decoplanta.com\\\/fr\\\/plantes-pour-lexterieur-artificielles\\\/arbre-bambou-uv-175cm\\\/#primaryimage\",\"url\":\"https:\\\/\\\/decoplanta.com\\\/wp-content\\\/uploads\\\/2025\\\/03\\\/434184-BAMBU_UV-175cm.jpg\",\"contentUrl\":\"https:\\\/\\\/decoplanta.com\\\/wp-content\\\/uploads\\\/2025\\\/03\\\/434184-BAMBU_UV-175cm.jpg\",\"width\":2200,\"height\":2199,\"caption\":\"\u00c1rbol bamb\u00fa UV artificial - Alto nivel de realismo, con multi ca\u00f1as naturales y m\u00e1xima frondosidad de hojas. R\u00e9plica del bamb\u00fa aut\u00e9ntico japon\u00e9s\"},{\"@type\":\"BreadcrumbList\",\"@id\":\"https:\\\/\\\/decoplanta.com\\\/fr\\\/plantes-pour-lexterieur-artificielles\\\/arbre-bambou-uv-175cm\\\/#breadcrumb\",\"itemListElement\":[{\"@type\":\"ListItem\",\"position\":1,\"name\":\"Portada\",\"item\":\"https:\\\/\\\/decoplanta.com\\\/fr\\\/\"},{\"@type\":\"ListItem\",\"position\":2,\"name\":\"Priv\u00e9\u00a0: Tienda\",\"item\":\"https:\\\/\\\/decoplanta.com\\\/?page_id=377\"},{\"@type\":\"ListItem\",\"position\":3,\"name\":\"Arbre BAMBOU UV\"}]},{\"@type\":\"WebSite\",\"@id\":\"https:\\\/\\\/decoplanta.com\\\/fr\\\/#website\",\"url\":\"https:\\\/\\\/decoplanta.com\\\/fr\\\/\",\"name\":\"PLANTES ET ARBRES ARTIFICIELS TR\u00c8S R\u00c9ALISTES\",\"description\":\"Proveedor de Plantas artificiales para estudios de Arquitectura, Interiorismo, Paisajismo, Escenograf\u00eda, Tiendas de Decoraci\u00f3n Florister\u00edas y Mobiliario\",\"publisher\":{\"@id\":\"https:\\\/\\\/decoplanta.com\\\/fr\\\/#organization\"},\"potentialAction\":[{\"@type\":\"SearchAction\",\"target\":{\"@type\":\"EntryPoint\",\"urlTemplate\":\"https:\\\/\\\/decoplanta.com\\\/fr\\\/?s={search_term_string}\"},\"query-input\":{\"@type\":\"PropertyValueSpecification\",\"valueRequired\":true,\"valueName\":\"search_term_string\"}}],\"inLanguage\":\"fr-FR\"},{\"@type\":\"Organization\",\"@id\":\"https:\\\/\\\/decoplanta.com\\\/fr\\\/#organization\",\"name\":\"PLANTES ET ARBRES ARTIFICIELS TR\u00c8S R\u00c9ALISTES\",\"url\":\"https:\\\/\\\/decoplanta.com\\\/fr\\\/\",\"logo\":{\"@type\":\"ImageObject\",\"inLanguage\":\"fr-FR\",\"@id\":\"https:\\\/\\\/decoplanta.com\\\/fr\\\/#\\\/schema\\\/logo\\\/image\\\/\",\"url\":\"https:\\\/\\\/decoplanta.com\\\/wp-content\\\/uploads\\\/2021\\\/02\\\/decoplanta-logo2020.svg\",\"contentUrl\":\"https:\\\/\\\/decoplanta.com\\\/wp-content\\\/uploads\\\/2021\\\/02\\\/decoplanta-logo2020.svg\",\"width\":500,\"height\":500,\"caption\":\"PLANTES ET ARBRES ARTIFICIELS TR\u00c8S R\u00c9ALISTES\"},\"image\":{\"@id\":\"https:\\\/\\\/decoplanta.com\\\/fr\\\/#\\\/schema\\\/logo\\\/image\\\/\"}}]}<\/script>\n<!-- \/ Yoast SEO plugin. -->","yoast_head_json":{"title":"Arbre BAMBOU UV de haut r\u00e9alisme pour d\u00e9corer les ext\u00e9rieurs","description":"Arbre Bambou UV artificiel R\u00e9plique japonaise authentique en bambou. Comprend un traitement UV sp\u00e9cifique pour l'ext\u00e9rieur.","robots":{"index":"index","follow":"follow","max-snippet":"max-snippet:-1","max-image-preview":"max-image-preview:large","max-video-preview":"max-video-preview:-1"},"canonical":"https:\/\/decoplanta.com\/fr\/plantes-pour-lexterieur-artificielles\/arbre-bambou-uv-175cm\/","og_locale":"fr_FR","og_type":"article","og_title":"Arbre BAMBOU UV de haut r\u00e9alisme pour d\u00e9corer les ext\u00e9rieurs","og_description":"Arbre Bambou UV artificiel R\u00e9plique japonaise authentique en bambou. Comprend un traitement UV sp\u00e9cifique pour l'ext\u00e9rieur.","og_url":"https:\/\/decoplanta.com\/fr\/plantes-pour-lexterieur-artificielles\/arbre-bambou-uv-175cm\/","og_site_name":"PLANTES ET ARBRES ARTIFICIELS TR\u00c8S R\u00c9ALISTES","article_modified_time":"2025-03-10T11:16:01+00:00","og_image":[{"width":2200,"height":2199,"url":"https:\/\/decoplanta.com\/wp-content\/uploads\/2025\/03\/434184-BAMBU_UV-175cm.jpg","type":"image\/jpeg"}],"twitter_card":"summary_large_image","twitter_misc":{"Dur\u00e9e de lecture estim\u00e9e":"2 minutes"},"schema":{"@context":"https:\/\/schema.org","@graph":[{"@type":"WebPage","@id":"https:\/\/decoplanta.com\/fr\/plantes-pour-lexterieur-artificielles\/arbre-bambou-uv-175cm\/","url":"https:\/\/decoplanta.com\/fr\/plantes-pour-lexterieur-artificielles\/arbre-bambou-uv-175cm\/","name":"Arbre BAMBOU UV de haut r\u00e9alisme pour d\u00e9corer les ext\u00e9rieurs","isPartOf":{"@id":"https:\/\/decoplanta.com\/fr\/#website"},"primaryImageOfPage":{"@id":"https:\/\/decoplanta.com\/fr\/plantes-pour-lexterieur-artificielles\/arbre-bambou-uv-175cm\/#primaryimage"},"image":{"@id":"https:\/\/decoplanta.com\/fr\/plantes-pour-lexterieur-artificielles\/arbre-bambou-uv-175cm\/#primaryimage"},"thumbnailUrl":"https:\/\/decoplanta.com\/wp-content\/uploads\/2025\/03\/434184-BAMBU_UV-175cm.jpg","datePublished":"2025-03-10T09:01:07+00:00","dateModified":"2025-03-10T11:16:01+00:00","description":"Arbre Bambou UV artificiel R\u00e9plique japonaise authentique en bambou. Comprend un traitement UV sp\u00e9cifique pour l'ext\u00e9rieur.","breadcrumb":{"@id":"https:\/\/decoplanta.com\/fr\/plantes-pour-lexterieur-artificielles\/arbre-bambou-uv-175cm\/#breadcrumb"},"inLanguage":"fr-FR","potentialAction":[{"@type":"ReadAction","target":["https:\/\/decoplanta.com\/fr\/plantes-pour-lexterieur-artificielles\/arbre-bambou-uv-175cm\/"]}]},{"@type":"ImageObject","inLanguage":"fr-FR","@id":"https:\/\/decoplanta.com\/fr\/plantes-pour-lexterieur-artificielles\/arbre-bambou-uv-175cm\/#primaryimage","url":"https:\/\/decoplanta.com\/wp-content\/uploads\/2025\/03\/434184-BAMBU_UV-175cm.jpg","contentUrl":"https:\/\/decoplanta.com\/wp-content\/uploads\/2025\/03\/434184-BAMBU_UV-175cm.jpg","width":2200,"height":2199,"caption":"\u00c1rbol bamb\u00fa UV artificial - Alto nivel de realismo, con multi ca\u00f1as naturales y m\u00e1xima frondosidad de hojas. R\u00e9plica del bamb\u00fa aut\u00e9ntico japon\u00e9s"},{"@type":"BreadcrumbList","@id":"https:\/\/decoplanta.com\/fr\/plantes-pour-lexterieur-artificielles\/arbre-bambou-uv-175cm\/#breadcrumb","itemListElement":[{"@type":"ListItem","position":1,"name":"Portada","item":"https:\/\/decoplanta.com\/fr\/"},{"@type":"ListItem","position":2,"name":"Priv\u00e9\u00a0: Tienda","item":"https:\/\/decoplanta.com\/?page_id=377"},{"@type":"ListItem","position":3,"name":"Arbre BAMBOU UV"}]},{"@type":"WebSite","@id":"https:\/\/decoplanta.com\/fr\/#website","url":"https:\/\/decoplanta.com\/fr\/","name":"PLANTES ET ARBRES ARTIFICIELS TR\u00c8S R\u00c9ALISTES","description":"Proveedor de Plantas artificiales para estudios de Arquitectura, Interiorismo, Paisajismo, Escenograf\u00eda, Tiendas de Decoraci\u00f3n Florister\u00edas y Mobiliario","publisher":{"@id":"https:\/\/decoplanta.com\/fr\/#organization"},"potentialAction":[{"@type":"SearchAction","target":{"@type":"EntryPoint","urlTemplate":"https:\/\/decoplanta.com\/fr\/?s={search_term_string}"},"query-input":{"@type":"PropertyValueSpecification","valueRequired":true,"valueName":"search_term_string"}}],"inLanguage":"fr-FR"},{"@type":"Organization","@id":"https:\/\/decoplanta.com\/fr\/#organization","name":"PLANTES ET ARBRES ARTIFICIELS TR\u00c8S R\u00c9ALISTES","url":"https:\/\/decoplanta.com\/fr\/","logo":{"@type":"ImageObject","inLanguage":"fr-FR","@id":"https:\/\/decoplanta.com\/fr\/#\/schema\/logo\/image\/","url":"https:\/\/decoplanta.com\/wp-content\/uploads\/2021\/02\/decoplanta-logo2020.svg","contentUrl":"https:\/\/decoplanta.com\/wp-content\/uploads\/2021\/02\/decoplanta-logo2020.svg","width":500,"height":500,"caption":"PLANTES ET ARBRES ARTIFICIELS TR\u00c8S R\u00c9ALISTES"},"image":{"@id":"https:\/\/decoplanta.com\/fr\/#\/schema\/logo\/image\/"}}]}},"_links":{"self":[{"href":"https:\/\/decoplanta.com\/fr\/wp-json\/wp\/v2\/product\/8287","targetHints":{"allow":["GET"]}}],"collection":[{"href":"https:\/\/decoplanta.com\/fr\/wp-json\/wp\/v2\/product"}],"about":[{"href":"https:\/\/decoplanta.com\/fr\/wp-json\/wp\/v2\/types\/product"}],"version-history":[{"count":1,"href":"https:\/\/decoplanta.com\/fr\/wp-json\/wp\/v2\/product\/8287\/revisions"}],"predecessor-version":[{"id":8293,"href":"https:\/\/decoplanta.com\/fr\/wp-json\/wp\/v2\/product\/8287\/revisions\/8293"}],"wp:featuredmedia":[{"embeddable":true,"href":"https:\/\/decoplanta.com\/fr\/wp-json\/wp\/v2\/media\/8290"}],"wp:attachment":[{"href":"https:\/\/decoplanta.com\/fr\/wp-json\/wp\/v2\/media?parent=8287"}],"wp:term":[{"taxonomy":"product_brand","embeddable":true,"href":"https:\/\/decoplanta.com\/fr\/wp-json\/wp\/v2\/product_brand?post=8287"},{"taxonomy":"product_cat","embeddable":true,"href":"https:\/\/decoplanta.com\/fr\/wp-json\/wp\/v2\/product_cat?post=8287"},{"taxonomy":"product_tag","embeddable":true,"href":"https:\/\/decoplanta.com\/fr\/wp-json\/wp\/v2\/product_tag?post=8287"}],"curies":[{"name":"wp","href":"https:\/\/api.w.org\/{rel}","templated":true}]}}