{"id":8298,"date":"2025-03-10T10:10:10","date_gmt":"2025-03-10T09:10:10","guid":{"rendered":"https:\/\/decoplanta.com\/?post_type=product&#038;p=8298"},"modified":"2025-03-10T12:24:28","modified_gmt":"2025-03-10T11:24:28","slug":"palmier-exotique-uv-150cm","status":"publish","type":"product","link":"https:\/\/decoplanta.com\/fr\/plantes-pour-lexterieur-artificielles\/palmier-exotique-uv-150cm\/","title":{"rendered":"Palmier EXOTIQUE UV"},"content":{"rendered":"<p><span data-sheets-root=\"1\">Palmier UV EXOTIQUE artificiel d&rsquo;un r\u00e9alisme incroyable, d&rsquo;une hauteur de 150 cm. Comprend un traitement UV sp\u00e9cifique pour l&rsquo;ext\u00e9rieur. Le soleil et l&rsquo;eau ne seront pas un obstacle pour rester comme au premier jour. Aucun entretien requis. Il est servi avec un pot de base.<\/span><\/p>\n<p><a href=\"https:\/\/decoplanta.com\/etiqueta-producto\/palmera-artificial\/\">Palmier<\/a> <a href=\"https:\/\/www.ecologiaverde.com\/palmera-areca-cuidados-2400.html\">Areca<\/a> artificielle pour l\u00b4exterior de 90 cm de haut. Avec une protection UV, il peut vivre \u00e0 l&rsquo;<a href=\"https:\/\/decoplanta.com\/plantas-de-exterior-artificiales\/\">ext\u00e9rieur<\/a> et ne se d\u00e9colore pas, ce qui en fait le compl\u00e9ment parfait \u00e0 votre jardin. Incroyablement beau, ajoute de la couleur et une sensation naturelle \u00e0 n&rsquo;importe quel espace. Avec des feuilles vertes d\u00e9licates pour ajouter de la texture. Comprend une pot de base.<\/p>\n","protected":false},"excerpt":{"rendered":"<p><span data-sheets-root=\"1\">Palmier UV EXOTIQUE artificiel d&rsquo;un r\u00e9alisme incroyable, d&rsquo;une hauteur de 150 cm. Comprend un traitement UV sp\u00e9cifique pour l&rsquo;ext\u00e9rieur. Le soleil et l&rsquo;eau ne seront pas un obstacle pour rester comme au premier jour. Aucun entretien requis. Il est servi avec un pot de base.<\/span><\/p>\n<table>\n<tbody>\n<tr>\n<td><strong>R\u00c9F<\/strong><\/td>\n<td>Hauteur<\/td>\n<\/tr>\n<tr>\n<td><strong>435040<\/strong><\/td>\n<td>150 cm<\/td>\n<\/tr>\n<\/tbody>\n<\/table>\n","protected":false},"featured_media":8301,"template":"","meta":{"_monsterinsights_skip_tracking":false,"_monsterinsights_sitenote_active":false,"_monsterinsights_sitenote_note":"","_monsterinsights_sitenote_category":0},"product_brand":[],"product_cat":[250],"product_tag":[263,276,278],"class_list":{"0":"post-8298","1":"product","2":"type-product","3":"status-publish","4":"has-post-thumbnail","6":"product_cat-plantes-pour-lexterieur-artificielles","7":"product_tag-plantes-artificielles-avec-protection-uv","8":"product_tag-palmier-artificiel","9":"product_tag-plante-tropicale","10":"","11":"woocommerce-text-align-center","12":"woocommerce-image-align-center","13":"do-quantity-buttons","14":"wc-has-gallery","16":"first","17":"instock","18":"taxable","19":"shipping-taxable","20":"purchasable","21":"product-type-simple"},"yoast_head":"<!-- This site is optimized with the Yoast SEO plugin v27.3 - https:\/\/yoast.com\/product\/yoast-seo-wordpress\/ -->\n<title>Palmier UV EXOTIQUE artificiel pour l\u00b4exterior avec protection UV<\/title>\n<meta name=\"description\" content=\"Palmier UV EXOTIQUE artificiel d&#039;un r\u00e9alisme incroyable, d&#039;une hauteur de 150 cm. Comprend un traitement UV sp\u00e9cifique pour l&#039;ext\u00e9rieur.\" \/>\n<meta name=\"robots\" content=\"index, follow, max-snippet:-1, max-image-preview:large, max-video-preview:-1\" \/>\n<link rel=\"canonical\" href=\"https:\/\/decoplanta.com\/fr\/plantes-pour-lexterieur-artificielles\/palmier-exotique-uv-150cm\/\" \/>\n<meta property=\"og:locale\" content=\"fr_FR\" \/>\n<meta property=\"og:type\" content=\"article\" \/>\n<meta property=\"og:title\" content=\"Palmier UV EXOTIQUE artificiel pour l\u00b4exterior avec protection UV\" \/>\n<meta property=\"og:description\" content=\"Palmier UV EXOTIQUE artificiel d&#039;un r\u00e9alisme incroyable, d&#039;une hauteur de 150 cm. Comprend un traitement UV sp\u00e9cifique pour l&#039;ext\u00e9rieur.\" \/>\n<meta property=\"og:url\" content=\"https:\/\/decoplanta.com\/fr\/plantes-pour-lexterieur-artificielles\/palmier-exotique-uv-150cm\/\" \/>\n<meta property=\"og:site_name\" content=\"PLANTES ET ARBRES ARTIFICIELS TR\u00c8S R\u00c9ALISTES\" \/>\n<meta property=\"article:modified_time\" content=\"2025-03-10T11:24:28+00:00\" \/>\n<meta property=\"og:image\" content=\"https:\/\/decoplanta.com\/wp-content\/uploads\/2025\/03\/435040-Palmera_EXOTIC_UV-150cm.jpg\" \/>\n\t<meta property=\"og:image:width\" content=\"2200\" \/>\n\t<meta property=\"og:image:height\" content=\"2200\" \/>\n\t<meta property=\"og:image:type\" content=\"image\/jpeg\" \/>\n<meta name=\"twitter:card\" content=\"summary_large_image\" \/>\n<meta name=\"twitter:label1\" content=\"Dur\u00e9e de lecture estim\u00e9e\" \/>\n\t<meta name=\"twitter:data1\" content=\"1 minute\" \/>\n<script type=\"application\/ld+json\" class=\"yoast-schema-graph\">{\"@context\":\"https:\\\/\\\/schema.org\",\"@graph\":[{\"@type\":\"WebPage\",\"@id\":\"https:\\\/\\\/decoplanta.com\\\/fr\\\/plantes-pour-lexterieur-artificielles\\\/palmier-exotique-uv-150cm\\\/\",\"url\":\"https:\\\/\\\/decoplanta.com\\\/fr\\\/plantes-pour-lexterieur-artificielles\\\/palmier-exotique-uv-150cm\\\/\",\"name\":\"Palmier UV EXOTIQUE artificiel pour l\u00b4exterior avec protection UV\",\"isPartOf\":{\"@id\":\"https:\\\/\\\/decoplanta.com\\\/fr\\\/#website\"},\"primaryImageOfPage\":{\"@id\":\"https:\\\/\\\/decoplanta.com\\\/fr\\\/plantes-pour-lexterieur-artificielles\\\/palmier-exotique-uv-150cm\\\/#primaryimage\"},\"image\":{\"@id\":\"https:\\\/\\\/decoplanta.com\\\/fr\\\/plantes-pour-lexterieur-artificielles\\\/palmier-exotique-uv-150cm\\\/#primaryimage\"},\"thumbnailUrl\":\"https:\\\/\\\/decoplanta.com\\\/wp-content\\\/uploads\\\/2025\\\/03\\\/435040-Palmera_EXOTIC_UV-150cm.jpg\",\"datePublished\":\"2025-03-10T09:10:10+00:00\",\"dateModified\":\"2025-03-10T11:24:28+00:00\",\"description\":\"Palmier UV EXOTIQUE artificiel d'un r\u00e9alisme incroyable, d'une hauteur de 150 cm. Comprend un traitement UV sp\u00e9cifique pour l'ext\u00e9rieur.\",\"breadcrumb\":{\"@id\":\"https:\\\/\\\/decoplanta.com\\\/fr\\\/plantes-pour-lexterieur-artificielles\\\/palmier-exotique-uv-150cm\\\/#breadcrumb\"},\"inLanguage\":\"fr-FR\",\"potentialAction\":[{\"@type\":\"ReadAction\",\"target\":[\"https:\\\/\\\/decoplanta.com\\\/fr\\\/plantes-pour-lexterieur-artificielles\\\/palmier-exotique-uv-150cm\\\/\"]}]},{\"@type\":\"ImageObject\",\"inLanguage\":\"fr-FR\",\"@id\":\"https:\\\/\\\/decoplanta.com\\\/fr\\\/plantes-pour-lexterieur-artificielles\\\/palmier-exotique-uv-150cm\\\/#primaryimage\",\"url\":\"https:\\\/\\\/decoplanta.com\\\/wp-content\\\/uploads\\\/2025\\\/03\\\/435040-Palmera_EXOTIC_UV-150cm.jpg\",\"contentUrl\":\"https:\\\/\\\/decoplanta.com\\\/wp-content\\\/uploads\\\/2025\\\/03\\\/435040-Palmera_EXOTIC_UV-150cm.jpg\",\"width\":2200,\"height\":2200,\"caption\":\"Palmera EXOTIC UV artificial de incre\u00edble realismo, con una altura de 150 cm. Incluye tratamiento espec\u00edfico UV para exterior\"},{\"@type\":\"BreadcrumbList\",\"@id\":\"https:\\\/\\\/decoplanta.com\\\/fr\\\/plantes-pour-lexterieur-artificielles\\\/palmier-exotique-uv-150cm\\\/#breadcrumb\",\"itemListElement\":[{\"@type\":\"ListItem\",\"position\":1,\"name\":\"Portada\",\"item\":\"https:\\\/\\\/decoplanta.com\\\/fr\\\/\"},{\"@type\":\"ListItem\",\"position\":2,\"name\":\"Priv\u00e9\u00a0: Tienda\",\"item\":\"https:\\\/\\\/decoplanta.com\\\/?page_id=377\"},{\"@type\":\"ListItem\",\"position\":3,\"name\":\"Palmier EXOTIQUE UV\"}]},{\"@type\":\"WebSite\",\"@id\":\"https:\\\/\\\/decoplanta.com\\\/fr\\\/#website\",\"url\":\"https:\\\/\\\/decoplanta.com\\\/fr\\\/\",\"name\":\"PLANTES ET ARBRES ARTIFICIELS TR\u00c8S R\u00c9ALISTES\",\"description\":\"Proveedor de Plantas artificiales para estudios de Arquitectura, Interiorismo, Paisajismo, Escenograf\u00eda, Tiendas de Decoraci\u00f3n Florister\u00edas y Mobiliario\",\"publisher\":{\"@id\":\"https:\\\/\\\/decoplanta.com\\\/fr\\\/#organization\"},\"potentialAction\":[{\"@type\":\"SearchAction\",\"target\":{\"@type\":\"EntryPoint\",\"urlTemplate\":\"https:\\\/\\\/decoplanta.com\\\/fr\\\/?s={search_term_string}\"},\"query-input\":{\"@type\":\"PropertyValueSpecification\",\"valueRequired\":true,\"valueName\":\"search_term_string\"}}],\"inLanguage\":\"fr-FR\"},{\"@type\":\"Organization\",\"@id\":\"https:\\\/\\\/decoplanta.com\\\/fr\\\/#organization\",\"name\":\"PLANTES ET ARBRES ARTIFICIELS TR\u00c8S R\u00c9ALISTES\",\"url\":\"https:\\\/\\\/decoplanta.com\\\/fr\\\/\",\"logo\":{\"@type\":\"ImageObject\",\"inLanguage\":\"fr-FR\",\"@id\":\"https:\\\/\\\/decoplanta.com\\\/fr\\\/#\\\/schema\\\/logo\\\/image\\\/\",\"url\":\"https:\\\/\\\/decoplanta.com\\\/wp-content\\\/uploads\\\/2021\\\/02\\\/decoplanta-logo2020.svg\",\"contentUrl\":\"https:\\\/\\\/decoplanta.com\\\/wp-content\\\/uploads\\\/2021\\\/02\\\/decoplanta-logo2020.svg\",\"width\":500,\"height\":500,\"caption\":\"PLANTES ET ARBRES ARTIFICIELS TR\u00c8S R\u00c9ALISTES\"},\"image\":{\"@id\":\"https:\\\/\\\/decoplanta.com\\\/fr\\\/#\\\/schema\\\/logo\\\/image\\\/\"}}]}<\/script>\n<!-- \/ Yoast SEO plugin. -->","yoast_head_json":{"title":"Palmier UV EXOTIQUE artificiel pour l\u00b4exterior avec protection UV","description":"Palmier UV EXOTIQUE artificiel d'un r\u00e9alisme incroyable, d'une hauteur de 150 cm. Comprend un traitement UV sp\u00e9cifique pour l'ext\u00e9rieur.","robots":{"index":"index","follow":"follow","max-snippet":"max-snippet:-1","max-image-preview":"max-image-preview:large","max-video-preview":"max-video-preview:-1"},"canonical":"https:\/\/decoplanta.com\/fr\/plantes-pour-lexterieur-artificielles\/palmier-exotique-uv-150cm\/","og_locale":"fr_FR","og_type":"article","og_title":"Palmier UV EXOTIQUE artificiel pour l\u00b4exterior avec protection UV","og_description":"Palmier UV EXOTIQUE artificiel d'un r\u00e9alisme incroyable, d'une hauteur de 150 cm. Comprend un traitement UV sp\u00e9cifique pour l'ext\u00e9rieur.","og_url":"https:\/\/decoplanta.com\/fr\/plantes-pour-lexterieur-artificielles\/palmier-exotique-uv-150cm\/","og_site_name":"PLANTES ET ARBRES ARTIFICIELS TR\u00c8S R\u00c9ALISTES","article_modified_time":"2025-03-10T11:24:28+00:00","og_image":[{"width":2200,"height":2200,"url":"https:\/\/decoplanta.com\/wp-content\/uploads\/2025\/03\/435040-Palmera_EXOTIC_UV-150cm.jpg","type":"image\/jpeg"}],"twitter_card":"summary_large_image","twitter_misc":{"Dur\u00e9e de lecture estim\u00e9e":"1 minute"},"schema":{"@context":"https:\/\/schema.org","@graph":[{"@type":"WebPage","@id":"https:\/\/decoplanta.com\/fr\/plantes-pour-lexterieur-artificielles\/palmier-exotique-uv-150cm\/","url":"https:\/\/decoplanta.com\/fr\/plantes-pour-lexterieur-artificielles\/palmier-exotique-uv-150cm\/","name":"Palmier UV EXOTIQUE artificiel pour l\u00b4exterior avec protection UV","isPartOf":{"@id":"https:\/\/decoplanta.com\/fr\/#website"},"primaryImageOfPage":{"@id":"https:\/\/decoplanta.com\/fr\/plantes-pour-lexterieur-artificielles\/palmier-exotique-uv-150cm\/#primaryimage"},"image":{"@id":"https:\/\/decoplanta.com\/fr\/plantes-pour-lexterieur-artificielles\/palmier-exotique-uv-150cm\/#primaryimage"},"thumbnailUrl":"https:\/\/decoplanta.com\/wp-content\/uploads\/2025\/03\/435040-Palmera_EXOTIC_UV-150cm.jpg","datePublished":"2025-03-10T09:10:10+00:00","dateModified":"2025-03-10T11:24:28+00:00","description":"Palmier UV EXOTIQUE artificiel d'un r\u00e9alisme incroyable, d'une hauteur de 150 cm. Comprend un traitement UV sp\u00e9cifique pour l'ext\u00e9rieur.","breadcrumb":{"@id":"https:\/\/decoplanta.com\/fr\/plantes-pour-lexterieur-artificielles\/palmier-exotique-uv-150cm\/#breadcrumb"},"inLanguage":"fr-FR","potentialAction":[{"@type":"ReadAction","target":["https:\/\/decoplanta.com\/fr\/plantes-pour-lexterieur-artificielles\/palmier-exotique-uv-150cm\/"]}]},{"@type":"ImageObject","inLanguage":"fr-FR","@id":"https:\/\/decoplanta.com\/fr\/plantes-pour-lexterieur-artificielles\/palmier-exotique-uv-150cm\/#primaryimage","url":"https:\/\/decoplanta.com\/wp-content\/uploads\/2025\/03\/435040-Palmera_EXOTIC_UV-150cm.jpg","contentUrl":"https:\/\/decoplanta.com\/wp-content\/uploads\/2025\/03\/435040-Palmera_EXOTIC_UV-150cm.jpg","width":2200,"height":2200,"caption":"Palmera EXOTIC UV artificial de incre\u00edble realismo, con una altura de 150 cm. Incluye tratamiento espec\u00edfico UV para exterior"},{"@type":"BreadcrumbList","@id":"https:\/\/decoplanta.com\/fr\/plantes-pour-lexterieur-artificielles\/palmier-exotique-uv-150cm\/#breadcrumb","itemListElement":[{"@type":"ListItem","position":1,"name":"Portada","item":"https:\/\/decoplanta.com\/fr\/"},{"@type":"ListItem","position":2,"name":"Priv\u00e9\u00a0: Tienda","item":"https:\/\/decoplanta.com\/?page_id=377"},{"@type":"ListItem","position":3,"name":"Palmier EXOTIQUE UV"}]},{"@type":"WebSite","@id":"https:\/\/decoplanta.com\/fr\/#website","url":"https:\/\/decoplanta.com\/fr\/","name":"PLANTES ET ARBRES ARTIFICIELS TR\u00c8S R\u00c9ALISTES","description":"Proveedor de Plantas artificiales para estudios de Arquitectura, Interiorismo, Paisajismo, Escenograf\u00eda, Tiendas de Decoraci\u00f3n Florister\u00edas y Mobiliario","publisher":{"@id":"https:\/\/decoplanta.com\/fr\/#organization"},"potentialAction":[{"@type":"SearchAction","target":{"@type":"EntryPoint","urlTemplate":"https:\/\/decoplanta.com\/fr\/?s={search_term_string}"},"query-input":{"@type":"PropertyValueSpecification","valueRequired":true,"valueName":"search_term_string"}}],"inLanguage":"fr-FR"},{"@type":"Organization","@id":"https:\/\/decoplanta.com\/fr\/#organization","name":"PLANTES ET ARBRES ARTIFICIELS TR\u00c8S R\u00c9ALISTES","url":"https:\/\/decoplanta.com\/fr\/","logo":{"@type":"ImageObject","inLanguage":"fr-FR","@id":"https:\/\/decoplanta.com\/fr\/#\/schema\/logo\/image\/","url":"https:\/\/decoplanta.com\/wp-content\/uploads\/2021\/02\/decoplanta-logo2020.svg","contentUrl":"https:\/\/decoplanta.com\/wp-content\/uploads\/2021\/02\/decoplanta-logo2020.svg","width":500,"height":500,"caption":"PLANTES ET ARBRES ARTIFICIELS TR\u00c8S R\u00c9ALISTES"},"image":{"@id":"https:\/\/decoplanta.com\/fr\/#\/schema\/logo\/image\/"}}]}},"_links":{"self":[{"href":"https:\/\/decoplanta.com\/fr\/wp-json\/wp\/v2\/product\/8298","targetHints":{"allow":["GET"]}}],"collection":[{"href":"https:\/\/decoplanta.com\/fr\/wp-json\/wp\/v2\/product"}],"about":[{"href":"https:\/\/decoplanta.com\/fr\/wp-json\/wp\/v2\/types\/product"}],"version-history":[{"count":1,"href":"https:\/\/decoplanta.com\/fr\/wp-json\/wp\/v2\/product\/8298\/revisions"}],"predecessor-version":[{"id":8304,"href":"https:\/\/decoplanta.com\/fr\/wp-json\/wp\/v2\/product\/8298\/revisions\/8304"}],"wp:featuredmedia":[{"embeddable":true,"href":"https:\/\/decoplanta.com\/fr\/wp-json\/wp\/v2\/media\/8301"}],"wp:attachment":[{"href":"https:\/\/decoplanta.com\/fr\/wp-json\/wp\/v2\/media?parent=8298"}],"wp:term":[{"taxonomy":"product_brand","embeddable":true,"href":"https:\/\/decoplanta.com\/fr\/wp-json\/wp\/v2\/product_brand?post=8298"},{"taxonomy":"product_cat","embeddable":true,"href":"https:\/\/decoplanta.com\/fr\/wp-json\/wp\/v2\/product_cat?post=8298"},{"taxonomy":"product_tag","embeddable":true,"href":"https:\/\/decoplanta.com\/fr\/wp-json\/wp\/v2\/product_tag?post=8298"}],"curies":[{"name":"wp","href":"https:\/\/api.w.org\/{rel}","templated":true}]}}