{"id":8450,"date":"2025-03-10T10:00:59","date_gmt":"2025-03-10T09:01:59","guid":{"rendered":"https:\/\/decoplanta.com\/?post_type=product&#038;p=8450"},"modified":"2025-03-21T14:00:36","modified_gmt":"2025-03-21T13:00:36","slug":"arbuste-de-fougere-adiantum-75cm","status":"publish","type":"product","link":"https:\/\/decoplanta.com\/fr\/fleurs-et-vegetation\/arbuste-de-fougere-adiantum-75cm\/","title":{"rendered":"Buisson de FOUG\u00c8RE Adiantum"},"content":{"rendered":"<p><span data-sheets-root=\"1\">Buisson de FOUG\u00c8RE Adiantum de 75 cm de haut, \u00e0 planter dans de la mousse florale ou dans de la terre. Il ne n\u00e9cessite pas d&rsquo;entretien.<\/span><\/p>\n<p>Arbuste de FOUG\u00c8RE NATUR artificielle de 65 cm de haut. Un r\u00e9alisme incroyable pour la d\u00e9coration <a href=\"https:\/\/decoplanta.com\/etiqueta-producto\/helecho-de-interior\/\" target=\"_blank\" rel=\"noopener\">int\u00e9rieure<\/a> . Ce <strong><a href=\"https:\/\/www.jardineriaon.com\/helecho.html\" target=\"_blank\" rel=\"noopener\">buisson de<\/a> foug\u00e8res est le plus typique<\/strong> , et, en plus de son attrait, il a un feuillage \u00e9l\u00e9gant. Ils sont vendus en caisse de 6 unit\u00e9s.<\/p>\n<p>La FOUG\u00c8RE NATUR \u00a0est l&rsquo;une des plus primitives qui existent aujourd&rsquo;hui. \u00c0 tel point qu&rsquo;ils ont partag\u00e9 un territoire avec l&rsquo;un des animaux les plus puissants que la Terre ait jamais vu : les dinosaures. Heureusement pour nous et gr\u00e2ce \u00e0 l&rsquo;adaptabilit\u00e9 de cette esp\u00e8ce, nous pouvons aujourd&rsquo;hui profiter de sa beaut\u00e9. Il est tr\u00e8s courant de le placer pour d\u00e9corer le jardin, la terrasse et m\u00eame dans certains cas l&rsquo;int\u00e9rieur de la maison.<\/p>\n<p>Comme si cela ne suffisait pas, il existe une grande vari\u00e9t\u00e9 de plantes de foug\u00e8res : certaines sont petites, mais d&rsquo;autres prennent la forme d&rsquo;un arbre. De plus, leur beaut\u00e9 est telle qu&rsquo;il suffit de les mettre dans un coin, ou bien \u00e9parpill\u00e9s un peu partout pour qu&rsquo;il acqui\u00e8re une certaine touche tropicale.<\/p>\n<h2><span id=\"Que_es_un_helecho_y_cuales_son_sus_caracteristicas\">Quelles sont les caract\u00e9ristiques du buisson de FOUG\u00c8RE NATUR ?<\/span><\/h2>\n<p>La FOUG\u00c8RE NATUR a une racine, une tige et des feuilles que nous appelons frondes ou frondes et \u00e0 l&rsquo;int\u00e9rieur d&rsquo;une s\u00e9rie de vaisseaux ou de conduits \u00e0 travers lesquels la s\u00e8ve circule. Son syst\u00e8me racinaire remplit la fonction d&rsquo;absorber les nutriments et l&rsquo;humidit\u00e9 du sol, qui sont transport\u00e9s par la tige \u00e0 travers le <a href=\"https:\/\/www.jardineriaon.com\/que-es-el-xilema-de-una-planta.html\">xyl\u00e8me<\/a> qui se trouve \u00e0 l&rsquo;int\u00e9rieur jusqu&rsquo;aux feuilles. De plus, les nutriments obtenus dans les feuilles lors de <a href=\"https:\/\/www.jardineriaon.com\/como-hacen-la-fotosintesis-los-arboles.html\">la photosynth\u00e8se<\/a> sont transport\u00e9s \u00e0 travers le phlo\u00e8me jusqu&rsquo;aux racines.<\/p>\n<p>Il vit g\u00e9n\u00e9ralement dans les r\u00e9gions tropicales et subtropicales, \u00e0 l&rsquo;ombre des arbres et autres plantes plus grandes, et dans les zones o\u00f9 l&rsquo;humidit\u00e9 est \u00e9lev\u00e9e.<\/p>\n<p>Les feuilles de cette FOUG\u00c8RE NATUR artificielle sont nettement coup\u00e9es et ont une couleur bleu-vert tr\u00e8s particuli\u00e8re. Au dos des feuilles, elles sont pleines de stries pro\u00e9minentes o\u00f9 la plante cr\u00e9e les spores qu&rsquo;elle utilise pour sa reproduction.<\/p>\n<p>Les feuilles de l&rsquo;arbuste FOUG\u00c8RE NATUR artificiel \u00e9mergent d&rsquo;une base \u00e9paissie par des rhizomes. Les rhizomes sont des racines \u00e9paisses qui agissent comme un r\u00e9servoir d&rsquo;eau et de nutriments, ce qui donne \u00e0 cette foug\u00e8re beaucoup de rusticit\u00e9. Les rhizomes s&rsquo;\u00e9tendent sur la surface du pot, le recouvrant compl\u00e8tement. Ces rhizomes sont couverts de poils.<\/p>\n","protected":false},"excerpt":{"rendered":"<p><span data-sheets-root=\"1\">Buisson de FOUG\u00c8RE Adiantum de 75 cm de haut, \u00e0 planter dans de la mousse florale ou dans de la terre. Il ne n\u00e9cessite pas d&rsquo;entretien.<\/span><\/p>\n<p>Prix unitaire dans notre catalogue.<\/p>\n<table>\n<tbody>\n<tr>\n<td><strong>R\u00c9F<\/strong><\/td>\n<td><strong>Hauteur<\/strong><\/td>\n<\/tr>\n<tr>\n<td>433205<\/td>\n<td>75 cm<\/td>\n<\/tr>\n<\/tbody>\n<\/table>\n","protected":false},"featured_media":8453,"template":"","meta":{"_monsterinsights_skip_tracking":false,"_monsterinsights_sitenote_active":false,"_monsterinsights_sitenote_note":"","_monsterinsights_sitenote_category":0},"product_brand":[],"product_cat":[254],"product_tag":[269,278],"class_list":{"0":"post-8450","1":"product","2":"type-product","3":"status-publish","4":"has-post-thumbnail","6":"product_cat-fleurs-et-vegetation","7":"product_tag-fougere-dinterieur","8":"product_tag-plante-tropicale","9":"","10":"woocommerce-text-align-center","11":"woocommerce-image-align-center","12":"do-quantity-buttons","14":"first","15":"instock","16":"taxable","17":"shipping-taxable","18":"purchasable","19":"product-type-simple"},"yoast_head":"<!-- This site is optimized with the Yoast SEO plugin v27.4 - https:\/\/yoast.com\/product\/yoast-seo-wordpress\/ -->\n<title>Buisson de FOUG\u00c8RE Adiantum artificielle pour planter vos pots<\/title>\n<meta name=\"description\" content=\"Buisson de FOUG\u00c8RE Adiantum artificielle - 75cm de haut. R\u00e9alisme incroyable. Planter et d\u00e9corez vos pots. Compl\u00e9ter avec des plantes artificielles\" \/>\n<meta name=\"robots\" content=\"index, follow, max-snippet:-1, max-image-preview:large, max-video-preview:-1\" \/>\n<link rel=\"canonical\" href=\"https:\/\/decoplanta.com\/fr\/fleurs-et-vegetation\/arbuste-de-fougere-adiantum-75cm\/\" \/>\n<meta property=\"og:locale\" content=\"fr_FR\" \/>\n<meta property=\"og:type\" content=\"article\" \/>\n<meta property=\"og:title\" content=\"Buisson de FOUG\u00c8RE Adiantum artificielle pour planter vos pots\" \/>\n<meta property=\"og:description\" content=\"Buisson de FOUG\u00c8RE Adiantum artificielle - 75cm de haut. R\u00e9alisme incroyable. Planter et d\u00e9corez vos pots. Compl\u00e9ter avec des plantes artificielles\" \/>\n<meta property=\"og:url\" content=\"https:\/\/decoplanta.com\/fr\/fleurs-et-vegetation\/arbuste-de-fougere-adiantum-75cm\/\" \/>\n<meta property=\"og:site_name\" content=\"PLANTES ET ARBRES ARTIFICIELS TR\u00c8S R\u00c9ALISTES\" \/>\n<meta property=\"article:modified_time\" content=\"2025-03-21T13:00:36+00:00\" \/>\n<meta property=\"og:image\" content=\"https:\/\/decoplanta.com\/wp-content\/uploads\/2025\/03\/433205-Arbusto_Helecho_Adiantum-75cm.jpg\" \/>\n\t<meta property=\"og:image:width\" content=\"2200\" \/>\n\t<meta property=\"og:image:height\" content=\"2200\" \/>\n\t<meta property=\"og:image:type\" content=\"image\/jpeg\" \/>\n<meta name=\"twitter:card\" content=\"summary_large_image\" \/>\n<meta name=\"twitter:label1\" content=\"Dur\u00e9e de lecture estim\u00e9e\" \/>\n\t<meta name=\"twitter:data1\" content=\"3 minutes\" \/>\n<script type=\"application\/ld+json\" class=\"yoast-schema-graph\">{\"@context\":\"https:\\\/\\\/schema.org\",\"@graph\":[{\"@type\":\"WebPage\",\"@id\":\"https:\\\/\\\/decoplanta.com\\\/fr\\\/fleurs-et-vegetation\\\/arbuste-de-fougere-adiantum-75cm\\\/\",\"url\":\"https:\\\/\\\/decoplanta.com\\\/fr\\\/fleurs-et-vegetation\\\/arbuste-de-fougere-adiantum-75cm\\\/\",\"name\":\"Buisson de FOUG\u00c8RE Adiantum artificielle pour planter vos pots\",\"isPartOf\":{\"@id\":\"https:\\\/\\\/decoplanta.com\\\/fr\\\/#website\"},\"primaryImageOfPage\":{\"@id\":\"https:\\\/\\\/decoplanta.com\\\/fr\\\/fleurs-et-vegetation\\\/arbuste-de-fougere-adiantum-75cm\\\/#primaryimage\"},\"image\":{\"@id\":\"https:\\\/\\\/decoplanta.com\\\/fr\\\/fleurs-et-vegetation\\\/arbuste-de-fougere-adiantum-75cm\\\/#primaryimage\"},\"thumbnailUrl\":\"https:\\\/\\\/decoplanta.com\\\/wp-content\\\/uploads\\\/2025\\\/03\\\/433205-Arbusto_Helecho_Adiantum-75cm.jpg\",\"datePublished\":\"2025-03-10T09:01:59+00:00\",\"dateModified\":\"2025-03-21T13:00:36+00:00\",\"description\":\"Buisson de FOUG\u00c8RE Adiantum artificielle - 75cm de haut. R\u00e9alisme incroyable. Planter et d\u00e9corez vos pots. Compl\u00e9ter avec des plantes artificielles\",\"breadcrumb\":{\"@id\":\"https:\\\/\\\/decoplanta.com\\\/fr\\\/fleurs-et-vegetation\\\/arbuste-de-fougere-adiantum-75cm\\\/#breadcrumb\"},\"inLanguage\":\"fr-FR\",\"potentialAction\":[{\"@type\":\"ReadAction\",\"target\":[\"https:\\\/\\\/decoplanta.com\\\/fr\\\/fleurs-et-vegetation\\\/arbuste-de-fougere-adiantum-75cm\\\/\"]}]},{\"@type\":\"ImageObject\",\"inLanguage\":\"fr-FR\",\"@id\":\"https:\\\/\\\/decoplanta.com\\\/fr\\\/fleurs-et-vegetation\\\/arbuste-de-fougere-adiantum-75cm\\\/#primaryimage\",\"url\":\"https:\\\/\\\/decoplanta.com\\\/wp-content\\\/uploads\\\/2025\\\/03\\\/433205-Arbusto_Helecho_Adiantum-75cm.jpg\",\"contentUrl\":\"https:\\\/\\\/decoplanta.com\\\/wp-content\\\/uploads\\\/2025\\\/03\\\/433205-Arbusto_Helecho_Adiantum-75cm.jpg\",\"width\":2200,\"height\":2200,\"caption\":\"Arbusto de HELECHO ADIANTUM artificial de 75 cm de altura. R\u00e9plica del helecho con Incre\u00edble realismo. Pincha y Decora con plantas artificiales\"},{\"@type\":\"BreadcrumbList\",\"@id\":\"https:\\\/\\\/decoplanta.com\\\/fr\\\/fleurs-et-vegetation\\\/arbuste-de-fougere-adiantum-75cm\\\/#breadcrumb\",\"itemListElement\":[{\"@type\":\"ListItem\",\"position\":1,\"name\":\"Portada\",\"item\":\"https:\\\/\\\/decoplanta.com\\\/fr\\\/\"},{\"@type\":\"ListItem\",\"position\":2,\"name\":\"Priv\u00e9\u00a0: Tienda\",\"item\":\"https:\\\/\\\/decoplanta.com\\\/?page_id=377\"},{\"@type\":\"ListItem\",\"position\":3,\"name\":\"Buisson de FOUG\u00c8RE Adiantum\"}]},{\"@type\":\"WebSite\",\"@id\":\"https:\\\/\\\/decoplanta.com\\\/fr\\\/#website\",\"url\":\"https:\\\/\\\/decoplanta.com\\\/fr\\\/\",\"name\":\"PLANTES ET ARBRES ARTIFICIELS TR\u00c8S R\u00c9ALISTES\",\"description\":\"Proveedor de Plantas artificiales para estudios de Arquitectura, Interiorismo, Paisajismo, Escenograf\u00eda, Tiendas de Decoraci\u00f3n Florister\u00edas y Mobiliario\",\"publisher\":{\"@id\":\"https:\\\/\\\/decoplanta.com\\\/fr\\\/#organization\"},\"potentialAction\":[{\"@type\":\"SearchAction\",\"target\":{\"@type\":\"EntryPoint\",\"urlTemplate\":\"https:\\\/\\\/decoplanta.com\\\/fr\\\/?s={search_term_string}\"},\"query-input\":{\"@type\":\"PropertyValueSpecification\",\"valueRequired\":true,\"valueName\":\"search_term_string\"}}],\"inLanguage\":\"fr-FR\"},{\"@type\":\"Organization\",\"@id\":\"https:\\\/\\\/decoplanta.com\\\/fr\\\/#organization\",\"name\":\"PLANTES ET ARBRES ARTIFICIELS TR\u00c8S R\u00c9ALISTES\",\"url\":\"https:\\\/\\\/decoplanta.com\\\/fr\\\/\",\"logo\":{\"@type\":\"ImageObject\",\"inLanguage\":\"fr-FR\",\"@id\":\"https:\\\/\\\/decoplanta.com\\\/fr\\\/#\\\/schema\\\/logo\\\/image\\\/\",\"url\":\"https:\\\/\\\/decoplanta.com\\\/wp-content\\\/uploads\\\/2021\\\/02\\\/decoplanta-logo2020.svg\",\"contentUrl\":\"https:\\\/\\\/decoplanta.com\\\/wp-content\\\/uploads\\\/2021\\\/02\\\/decoplanta-logo2020.svg\",\"width\":500,\"height\":500,\"caption\":\"PLANTES ET ARBRES ARTIFICIELS TR\u00c8S R\u00c9ALISTES\"},\"image\":{\"@id\":\"https:\\\/\\\/decoplanta.com\\\/fr\\\/#\\\/schema\\\/logo\\\/image\\\/\"}}]}<\/script>\n<!-- \/ Yoast SEO plugin. -->","yoast_head_json":{"title":"Buisson de FOUG\u00c8RE Adiantum artificielle pour planter vos pots","description":"Buisson de FOUG\u00c8RE Adiantum artificielle - 75cm de haut. R\u00e9alisme incroyable. Planter et d\u00e9corez vos pots. Compl\u00e9ter avec des plantes artificielles","robots":{"index":"index","follow":"follow","max-snippet":"max-snippet:-1","max-image-preview":"max-image-preview:large","max-video-preview":"max-video-preview:-1"},"canonical":"https:\/\/decoplanta.com\/fr\/fleurs-et-vegetation\/arbuste-de-fougere-adiantum-75cm\/","og_locale":"fr_FR","og_type":"article","og_title":"Buisson de FOUG\u00c8RE Adiantum artificielle pour planter vos pots","og_description":"Buisson de FOUG\u00c8RE Adiantum artificielle - 75cm de haut. R\u00e9alisme incroyable. Planter et d\u00e9corez vos pots. Compl\u00e9ter avec des plantes artificielles","og_url":"https:\/\/decoplanta.com\/fr\/fleurs-et-vegetation\/arbuste-de-fougere-adiantum-75cm\/","og_site_name":"PLANTES ET ARBRES ARTIFICIELS TR\u00c8S R\u00c9ALISTES","article_modified_time":"2025-03-21T13:00:36+00:00","og_image":[{"width":2200,"height":2200,"url":"https:\/\/decoplanta.com\/wp-content\/uploads\/2025\/03\/433205-Arbusto_Helecho_Adiantum-75cm.jpg","type":"image\/jpeg"}],"twitter_card":"summary_large_image","twitter_misc":{"Dur\u00e9e de lecture estim\u00e9e":"3 minutes"},"schema":{"@context":"https:\/\/schema.org","@graph":[{"@type":"WebPage","@id":"https:\/\/decoplanta.com\/fr\/fleurs-et-vegetation\/arbuste-de-fougere-adiantum-75cm\/","url":"https:\/\/decoplanta.com\/fr\/fleurs-et-vegetation\/arbuste-de-fougere-adiantum-75cm\/","name":"Buisson de FOUG\u00c8RE Adiantum artificielle pour planter vos pots","isPartOf":{"@id":"https:\/\/decoplanta.com\/fr\/#website"},"primaryImageOfPage":{"@id":"https:\/\/decoplanta.com\/fr\/fleurs-et-vegetation\/arbuste-de-fougere-adiantum-75cm\/#primaryimage"},"image":{"@id":"https:\/\/decoplanta.com\/fr\/fleurs-et-vegetation\/arbuste-de-fougere-adiantum-75cm\/#primaryimage"},"thumbnailUrl":"https:\/\/decoplanta.com\/wp-content\/uploads\/2025\/03\/433205-Arbusto_Helecho_Adiantum-75cm.jpg","datePublished":"2025-03-10T09:01:59+00:00","dateModified":"2025-03-21T13:00:36+00:00","description":"Buisson de FOUG\u00c8RE Adiantum artificielle - 75cm de haut. R\u00e9alisme incroyable. Planter et d\u00e9corez vos pots. Compl\u00e9ter avec des plantes artificielles","breadcrumb":{"@id":"https:\/\/decoplanta.com\/fr\/fleurs-et-vegetation\/arbuste-de-fougere-adiantum-75cm\/#breadcrumb"},"inLanguage":"fr-FR","potentialAction":[{"@type":"ReadAction","target":["https:\/\/decoplanta.com\/fr\/fleurs-et-vegetation\/arbuste-de-fougere-adiantum-75cm\/"]}]},{"@type":"ImageObject","inLanguage":"fr-FR","@id":"https:\/\/decoplanta.com\/fr\/fleurs-et-vegetation\/arbuste-de-fougere-adiantum-75cm\/#primaryimage","url":"https:\/\/decoplanta.com\/wp-content\/uploads\/2025\/03\/433205-Arbusto_Helecho_Adiantum-75cm.jpg","contentUrl":"https:\/\/decoplanta.com\/wp-content\/uploads\/2025\/03\/433205-Arbusto_Helecho_Adiantum-75cm.jpg","width":2200,"height":2200,"caption":"Arbusto de HELECHO ADIANTUM artificial de 75 cm de altura. R\u00e9plica del helecho con Incre\u00edble realismo. Pincha y Decora con plantas artificiales"},{"@type":"BreadcrumbList","@id":"https:\/\/decoplanta.com\/fr\/fleurs-et-vegetation\/arbuste-de-fougere-adiantum-75cm\/#breadcrumb","itemListElement":[{"@type":"ListItem","position":1,"name":"Portada","item":"https:\/\/decoplanta.com\/fr\/"},{"@type":"ListItem","position":2,"name":"Priv\u00e9\u00a0: Tienda","item":"https:\/\/decoplanta.com\/?page_id=377"},{"@type":"ListItem","position":3,"name":"Buisson de FOUG\u00c8RE Adiantum"}]},{"@type":"WebSite","@id":"https:\/\/decoplanta.com\/fr\/#website","url":"https:\/\/decoplanta.com\/fr\/","name":"PLANTES ET ARBRES ARTIFICIELS TR\u00c8S R\u00c9ALISTES","description":"Proveedor de Plantas artificiales para estudios de Arquitectura, Interiorismo, Paisajismo, Escenograf\u00eda, Tiendas de Decoraci\u00f3n Florister\u00edas y Mobiliario","publisher":{"@id":"https:\/\/decoplanta.com\/fr\/#organization"},"potentialAction":[{"@type":"SearchAction","target":{"@type":"EntryPoint","urlTemplate":"https:\/\/decoplanta.com\/fr\/?s={search_term_string}"},"query-input":{"@type":"PropertyValueSpecification","valueRequired":true,"valueName":"search_term_string"}}],"inLanguage":"fr-FR"},{"@type":"Organization","@id":"https:\/\/decoplanta.com\/fr\/#organization","name":"PLANTES ET ARBRES ARTIFICIELS TR\u00c8S R\u00c9ALISTES","url":"https:\/\/decoplanta.com\/fr\/","logo":{"@type":"ImageObject","inLanguage":"fr-FR","@id":"https:\/\/decoplanta.com\/fr\/#\/schema\/logo\/image\/","url":"https:\/\/decoplanta.com\/wp-content\/uploads\/2021\/02\/decoplanta-logo2020.svg","contentUrl":"https:\/\/decoplanta.com\/wp-content\/uploads\/2021\/02\/decoplanta-logo2020.svg","width":500,"height":500,"caption":"PLANTES ET ARBRES ARTIFICIELS TR\u00c8S R\u00c9ALISTES"},"image":{"@id":"https:\/\/decoplanta.com\/fr\/#\/schema\/logo\/image\/"}}]}},"_links":{"self":[{"href":"https:\/\/decoplanta.com\/fr\/wp-json\/wp\/v2\/product\/8450","targetHints":{"allow":["GET"]}}],"collection":[{"href":"https:\/\/decoplanta.com\/fr\/wp-json\/wp\/v2\/product"}],"about":[{"href":"https:\/\/decoplanta.com\/fr\/wp-json\/wp\/v2\/types\/product"}],"version-history":[{"count":2,"href":"https:\/\/decoplanta.com\/fr\/wp-json\/wp\/v2\/product\/8450\/revisions"}],"predecessor-version":[{"id":8551,"href":"https:\/\/decoplanta.com\/fr\/wp-json\/wp\/v2\/product\/8450\/revisions\/8551"}],"wp:featuredmedia":[{"embeddable":true,"href":"https:\/\/decoplanta.com\/fr\/wp-json\/wp\/v2\/media\/8453"}],"wp:attachment":[{"href":"https:\/\/decoplanta.com\/fr\/wp-json\/wp\/v2\/media?parent=8450"}],"wp:term":[{"taxonomy":"product_brand","embeddable":true,"href":"https:\/\/decoplanta.com\/fr\/wp-json\/wp\/v2\/product_brand?post=8450"},{"taxonomy":"product_cat","embeddable":true,"href":"https:\/\/decoplanta.com\/fr\/wp-json\/wp\/v2\/product_cat?post=8450"},{"taxonomy":"product_tag","embeddable":true,"href":"https:\/\/decoplanta.com\/fr\/wp-json\/wp\/v2\/product_tag?post=8450"}],"curies":[{"name":"wp","href":"https:\/\/api.w.org\/{rel}","templated":true}]}}