{"id":8913,"date":"2025-11-22T13:37:45","date_gmt":"2025-11-22T12:37:45","guid":{"rendered":"https:\/\/decoplanta.com\/?post_type=product&#038;p=8913"},"modified":"2025-11-22T14:01:27","modified_gmt":"2025-11-22T13:01:27","slug":"mur-vegetal-garden-ignifuge","status":"publish","type":"product","link":"https:\/\/decoplanta.com\/fr\/plantes-artificielles-ignifuges-realistes\/mur-vegetal-garden-ignifuge\/","title":{"rendered":"Mur V\u00e9g\u00e9tal GARDEN UV IGNIFUGER"},"content":{"rendered":"<p>Mur V\u00e9g\u00e9tal GARDEN IGNIFUGE AVEC TRAITEMENT IGNIFUGE de feuillage maximal et de haut niveau de r\u00e9alisme. <a href=\"https:\/\/decoplanta.com\/etiqueta-producto\/plantas-artificiales-con-proteccion-uv\/\">Protection UV<\/a> et imperm\u00e9able. Valable pour l&rsquo;int\u00e9rieur et l&rsquo;ext\u00e9rieur. Pose facile, sur des plaques de 100 X 100 cm.<\/p>\n<h3>Votre imagination n&rsquo;a pas de limites !<\/h3>\n<p>Mur V\u00e9g\u00e9tal GARDEN UV artificielle est l&rsquo;\u00e9l\u00e9ment parfait qui vous aide \u00e0 concevoir des espaces sp\u00e9ciaux pleins de charme et de fra\u00eecheur dans votre jardin ou votre entreprise.<\/p>\n<p>Notre Mur V\u00e9g\u00e9tal GARDEN UV IGNIFUGE artificielle re\u00e7oit un traitement afin qu&rsquo;il conserve toujours la m\u00eame apparence et la m\u00eame texture, il ne n\u00e9cessite donc aucun type d&rsquo;arrosage ou d&rsquo;entretien. Cela le rend parfait pour donner une touche naturelle \u00e0 n&rsquo;importe quelle pi\u00e8ce, sans avoir \u00e0 se soucier de son entretien.<\/p>\n<p>Par cons\u00e9quent, si vous recherchez un jardin vertical sans entretien, n&rsquo;importe lequel de nos produits sera parfait pour donner l&rsquo;aspect naturel que vous souhaitez \u00e0 votre maison ou votre entreprise.<\/p>\n<p>Vous souhaitez que vos murs transmettent vitalit\u00e9 et s\u00e9r\u00e9nit\u00e9 ? Impressionnez vos visiteurs en recouvrant vos murs de la beaut\u00e9 et <a href=\"https:\/\/portaljardin.com\/jardines-verticales-de-musgo\/\">de l&rsquo;originalit\u00e9 des jardins de mousse verticaux<\/a> .<\/p>\n<p>Les Murs V\u00e9g\u00e9tal GARDEN UV sont une excellente proposition de jardinage urbain.<\/p>\n<p>Celles-ci combinent architecture, paysage, \u00e9cologie et sant\u00e9 et, surtout, elles sont respectueuses de l&rsquo;environnement.<\/p>\n<p>L&rsquo;une des caract\u00e9ristiques les plus attrayantes de la mousse est son toucher. Les Murs V\u00e9g\u00e9tal GARDEN UV IGNIFUGE artificielles, conservent un toucher naturel et frais, ce qui le rend tr\u00e8s agr\u00e9able, doux et moelleux. C&rsquo;est ce qui rend la texture d&rsquo;un jardin vertical si agr\u00e9able.<\/p>\n<h3><strong>Installez vous-m\u00eame le Mur V\u00e9g\u00e9tal GARDEN UV IGNIFUGE<\/strong><\/h3>\n<p>Nous pr\u00e9parons votre Mur V\u00e9g\u00e9tal GARDEN UV IGNIFUGE pour que vous puissiez l&rsquo;accrocher et l&rsquo;installer vous-m\u00eame sans probl\u00e8me. De plus, ils sont tr\u00e8s faciles \u00e0 placer, puisqu&rsquo;il suffit de le placer o\u00f9 vous voulez et de le fixer.<\/p>\n<p>De plus, la moss a la particularit\u00e9 de changer de texture en fonction de l&rsquo;humidit\u00e9 ambiante, \u00e9tant plus ou moins douce selon le pourcentage d&rsquo;humidit\u00e9.<\/p>\n","protected":false},"excerpt":{"rendered":"<p>Mur V\u00e9g\u00e9tal GARDEN UV IGNIFUGE, de feuillage maximal et de haut niveau de r\u00e9alisme. Protection UV et imperm\u00e9able. Valable pour l&rsquo;int\u00e9rieur et l&rsquo;ext\u00e9rieur. Pose facile, sur des plaques de 100 X 100 cm.<\/p>\n<p><strong>Comprend un traitement ignifuge.<\/strong><\/p>\n<table>\n<tbody>\n<tr>\n<td><strong>R\u00c9F<\/strong><\/td>\n<td><strong>TAILLE DE LA PLAQUE<\/strong><\/td>\n<\/tr>\n<tr>\n<td>\n<p class=\"p1\"><strong><span class=\"s1\">FRJV100X100<\/span><\/strong><\/p>\n<\/td>\n<td>100 x 100 cm<\/td>\n<\/tr>\n<\/tbody>\n<\/table>\n","protected":false},"featured_media":8916,"template":"","meta":{"_monsterinsights_skip_tracking":false,"_monsterinsights_sitenote_active":false,"_monsterinsights_sitenote_note":"","_monsterinsights_sitenote_category":0},"product_brand":[],"product_cat":[248,252],"product_tag":[263,518,264,271],"class_list":{"0":"post-8913","1":"product","2":"type-product","3":"status-publish","4":"has-post-thumbnail","6":"product_cat-mur-vegetal-artificiel","7":"product_cat-plantes-artificielles-ignifuges-realistes","8":"product_tag-plantes-artificielles-avec-protection-uv","9":"product_tag-planta-con-tratamiento-ignifugo-fr","10":"product_tag-creez-votre-mur-vegetal","11":"product_tag-gazon-artificiel","12":"","13":"woocommerce-text-align-center","14":"woocommerce-image-align-center","15":"do-quantity-buttons","17":"first","18":"instock","19":"taxable","20":"shipping-taxable","21":"purchasable","22":"product-type-simple"},"yoast_head":"<!-- This site is optimized with the Yoast SEO plugin v27.3 - https:\/\/yoast.com\/product\/yoast-seo-wordpress\/ -->\n<title>Mur V\u00e9g\u00e9tal GARDEN IGNIFUGE - Haut r\u00e9alisme, Protection UV<\/title>\n<meta name=\"description\" content=\"Mur V\u00e9g\u00e9tal GARDEN IGNIFUGE artificiel d&#039;un r\u00e9alisme incroyable. Plaque 100 X 100 cm pour d\u00e9coration ext\u00e9rieure. Protection UV, imperm\u00e9able et ignifuge\" \/>\n<meta name=\"robots\" content=\"index, follow, max-snippet:-1, max-image-preview:large, max-video-preview:-1\" \/>\n<link rel=\"canonical\" href=\"https:\/\/decoplanta.com\/fr\/plantes-artificielles-ignifuges-realistes\/mur-vegetal-garden-ignifuge\/\" \/>\n<meta property=\"og:locale\" content=\"fr_FR\" \/>\n<meta property=\"og:type\" content=\"article\" \/>\n<meta property=\"og:title\" content=\"Mur V\u00e9g\u00e9tal GARDEN IGNIFUGE - Haut r\u00e9alisme, Protection UV\" \/>\n<meta property=\"og:description\" content=\"Mur V\u00e9g\u00e9tal GARDEN IGNIFUGE artificiel d&#039;un r\u00e9alisme incroyable. Plaque 100 X 100 cm pour d\u00e9coration ext\u00e9rieure. Protection UV, imperm\u00e9able et ignifuge\" \/>\n<meta property=\"og:url\" content=\"https:\/\/decoplanta.com\/fr\/plantes-artificielles-ignifuges-realistes\/mur-vegetal-garden-ignifuge\/\" \/>\n<meta property=\"og:site_name\" content=\"PLANTES ET ARBRES ARTIFICIELS TR\u00c8S R\u00c9ALISTES\" \/>\n<meta property=\"article:modified_time\" content=\"2025-11-22T13:01:27+00:00\" \/>\n<meta property=\"og:image\" content=\"https:\/\/decoplanta.com\/wp-content\/uploads\/2025\/11\/FRJV100X100-JardinVertical_GARDEN-UV-FP.jpg\" \/>\n\t<meta property=\"og:image:width\" content=\"1572\" \/>\n\t<meta property=\"og:image:height\" content=\"1572\" \/>\n\t<meta property=\"og:image:type\" content=\"image\/jpeg\" \/>\n<meta name=\"twitter:card\" content=\"summary_large_image\" \/>\n<meta name=\"twitter:label1\" content=\"Dur\u00e9e de lecture estim\u00e9e\" \/>\n\t<meta name=\"twitter:data1\" content=\"2 minutes\" \/>\n<script type=\"application\/ld+json\" class=\"yoast-schema-graph\">{\"@context\":\"https:\\\/\\\/schema.org\",\"@graph\":[{\"@type\":\"WebPage\",\"@id\":\"https:\\\/\\\/decoplanta.com\\\/fr\\\/plantes-artificielles-ignifuges-realistes\\\/mur-vegetal-garden-ignifuge\\\/\",\"url\":\"https:\\\/\\\/decoplanta.com\\\/fr\\\/plantes-artificielles-ignifuges-realistes\\\/mur-vegetal-garden-ignifuge\\\/\",\"name\":\"Mur V\u00e9g\u00e9tal GARDEN IGNIFUGE - Haut r\u00e9alisme, Protection UV\",\"isPartOf\":{\"@id\":\"https:\\\/\\\/decoplanta.com\\\/fr\\\/#website\"},\"primaryImageOfPage\":{\"@id\":\"https:\\\/\\\/decoplanta.com\\\/fr\\\/plantes-artificielles-ignifuges-realistes\\\/mur-vegetal-garden-ignifuge\\\/#primaryimage\"},\"image\":{\"@id\":\"https:\\\/\\\/decoplanta.com\\\/fr\\\/plantes-artificielles-ignifuges-realistes\\\/mur-vegetal-garden-ignifuge\\\/#primaryimage\"},\"thumbnailUrl\":\"https:\\\/\\\/decoplanta.com\\\/wp-content\\\/uploads\\\/2025\\\/11\\\/FRJV100X100-JardinVertical_GARDEN-UV-FP.jpg\",\"datePublished\":\"2025-11-22T12:37:45+00:00\",\"dateModified\":\"2025-11-22T13:01:27+00:00\",\"description\":\"Mur V\u00e9g\u00e9tal GARDEN IGNIFUGE artificiel d'un r\u00e9alisme incroyable. Plaque 100 X 100 cm pour d\u00e9coration ext\u00e9rieure. Protection UV, imperm\u00e9able et ignifuge\",\"breadcrumb\":{\"@id\":\"https:\\\/\\\/decoplanta.com\\\/fr\\\/plantes-artificielles-ignifuges-realistes\\\/mur-vegetal-garden-ignifuge\\\/#breadcrumb\"},\"inLanguage\":\"fr-FR\",\"potentialAction\":[{\"@type\":\"ReadAction\",\"target\":[\"https:\\\/\\\/decoplanta.com\\\/fr\\\/plantes-artificielles-ignifuges-realistes\\\/mur-vegetal-garden-ignifuge\\\/\"]}]},{\"@type\":\"ImageObject\",\"inLanguage\":\"fr-FR\",\"@id\":\"https:\\\/\\\/decoplanta.com\\\/fr\\\/plantes-artificielles-ignifuges-realistes\\\/mur-vegetal-garden-ignifuge\\\/#primaryimage\",\"url\":\"https:\\\/\\\/decoplanta.com\\\/wp-content\\\/uploads\\\/2025\\\/11\\\/FRJV100X100-JardinVertical_GARDEN-UV-FP.jpg\",\"contentUrl\":\"https:\\\/\\\/decoplanta.com\\\/wp-content\\\/uploads\\\/2025\\\/11\\\/FRJV100X100-JardinVertical_GARDEN-UV-FP.jpg\",\"width\":1572,\"height\":1572,\"caption\":\"Jard\u00edn vertical GARDEN ign\u00edfugo artificial. Placa de 100X100cm para decoraci\u00f3n en exteriores. Protecci\u00f3n UV, resistente al agua y tratamiento ign\u00edfugo. GARDEN UV IGNIFUGE\"},{\"@type\":\"BreadcrumbList\",\"@id\":\"https:\\\/\\\/decoplanta.com\\\/fr\\\/plantes-artificielles-ignifuges-realistes\\\/mur-vegetal-garden-ignifuge\\\/#breadcrumb\",\"itemListElement\":[{\"@type\":\"ListItem\",\"position\":1,\"name\":\"Portada\",\"item\":\"https:\\\/\\\/decoplanta.com\\\/fr\\\/\"},{\"@type\":\"ListItem\",\"position\":2,\"name\":\"Priv\u00e9\u00a0: Tienda\",\"item\":\"https:\\\/\\\/decoplanta.com\\\/?page_id=377\"},{\"@type\":\"ListItem\",\"position\":3,\"name\":\"Mur V\u00e9g\u00e9tal GARDEN UV IGNIFUGER\"}]},{\"@type\":\"WebSite\",\"@id\":\"https:\\\/\\\/decoplanta.com\\\/fr\\\/#website\",\"url\":\"https:\\\/\\\/decoplanta.com\\\/fr\\\/\",\"name\":\"PLANTES ET ARBRES ARTIFICIELS TR\u00c8S R\u00c9ALISTES\",\"description\":\"Proveedor de Plantas artificiales para estudios de Arquitectura, Interiorismo, Paisajismo, Escenograf\u00eda, Tiendas de Decoraci\u00f3n Florister\u00edas y Mobiliario\",\"publisher\":{\"@id\":\"https:\\\/\\\/decoplanta.com\\\/fr\\\/#organization\"},\"potentialAction\":[{\"@type\":\"SearchAction\",\"target\":{\"@type\":\"EntryPoint\",\"urlTemplate\":\"https:\\\/\\\/decoplanta.com\\\/fr\\\/?s={search_term_string}\"},\"query-input\":{\"@type\":\"PropertyValueSpecification\",\"valueRequired\":true,\"valueName\":\"search_term_string\"}}],\"inLanguage\":\"fr-FR\"},{\"@type\":\"Organization\",\"@id\":\"https:\\\/\\\/decoplanta.com\\\/fr\\\/#organization\",\"name\":\"PLANTES ET ARBRES ARTIFICIELS TR\u00c8S R\u00c9ALISTES\",\"url\":\"https:\\\/\\\/decoplanta.com\\\/fr\\\/\",\"logo\":{\"@type\":\"ImageObject\",\"inLanguage\":\"fr-FR\",\"@id\":\"https:\\\/\\\/decoplanta.com\\\/fr\\\/#\\\/schema\\\/logo\\\/image\\\/\",\"url\":\"https:\\\/\\\/decoplanta.com\\\/wp-content\\\/uploads\\\/2021\\\/02\\\/decoplanta-logo2020.svg\",\"contentUrl\":\"https:\\\/\\\/decoplanta.com\\\/wp-content\\\/uploads\\\/2021\\\/02\\\/decoplanta-logo2020.svg\",\"width\":500,\"height\":500,\"caption\":\"PLANTES ET ARBRES ARTIFICIELS TR\u00c8S R\u00c9ALISTES\"},\"image\":{\"@id\":\"https:\\\/\\\/decoplanta.com\\\/fr\\\/#\\\/schema\\\/logo\\\/image\\\/\"}}]}<\/script>\n<!-- \/ Yoast SEO plugin. -->","yoast_head_json":{"title":"Mur V\u00e9g\u00e9tal GARDEN IGNIFUGE - Haut r\u00e9alisme, Protection UV","description":"Mur V\u00e9g\u00e9tal GARDEN IGNIFUGE artificiel d'un r\u00e9alisme incroyable. Plaque 100 X 100 cm pour d\u00e9coration ext\u00e9rieure. Protection UV, imperm\u00e9able et ignifuge","robots":{"index":"index","follow":"follow","max-snippet":"max-snippet:-1","max-image-preview":"max-image-preview:large","max-video-preview":"max-video-preview:-1"},"canonical":"https:\/\/decoplanta.com\/fr\/plantes-artificielles-ignifuges-realistes\/mur-vegetal-garden-ignifuge\/","og_locale":"fr_FR","og_type":"article","og_title":"Mur V\u00e9g\u00e9tal GARDEN IGNIFUGE - Haut r\u00e9alisme, Protection UV","og_description":"Mur V\u00e9g\u00e9tal GARDEN IGNIFUGE artificiel d'un r\u00e9alisme incroyable. Plaque 100 X 100 cm pour d\u00e9coration ext\u00e9rieure. Protection UV, imperm\u00e9able et ignifuge","og_url":"https:\/\/decoplanta.com\/fr\/plantes-artificielles-ignifuges-realistes\/mur-vegetal-garden-ignifuge\/","og_site_name":"PLANTES ET ARBRES ARTIFICIELS TR\u00c8S R\u00c9ALISTES","article_modified_time":"2025-11-22T13:01:27+00:00","og_image":[{"width":1572,"height":1572,"url":"https:\/\/decoplanta.com\/wp-content\/uploads\/2025\/11\/FRJV100X100-JardinVertical_GARDEN-UV-FP.jpg","type":"image\/jpeg"}],"twitter_card":"summary_large_image","twitter_misc":{"Dur\u00e9e de lecture estim\u00e9e":"2 minutes"},"schema":{"@context":"https:\/\/schema.org","@graph":[{"@type":"WebPage","@id":"https:\/\/decoplanta.com\/fr\/plantes-artificielles-ignifuges-realistes\/mur-vegetal-garden-ignifuge\/","url":"https:\/\/decoplanta.com\/fr\/plantes-artificielles-ignifuges-realistes\/mur-vegetal-garden-ignifuge\/","name":"Mur V\u00e9g\u00e9tal GARDEN IGNIFUGE - Haut r\u00e9alisme, Protection UV","isPartOf":{"@id":"https:\/\/decoplanta.com\/fr\/#website"},"primaryImageOfPage":{"@id":"https:\/\/decoplanta.com\/fr\/plantes-artificielles-ignifuges-realistes\/mur-vegetal-garden-ignifuge\/#primaryimage"},"image":{"@id":"https:\/\/decoplanta.com\/fr\/plantes-artificielles-ignifuges-realistes\/mur-vegetal-garden-ignifuge\/#primaryimage"},"thumbnailUrl":"https:\/\/decoplanta.com\/wp-content\/uploads\/2025\/11\/FRJV100X100-JardinVertical_GARDEN-UV-FP.jpg","datePublished":"2025-11-22T12:37:45+00:00","dateModified":"2025-11-22T13:01:27+00:00","description":"Mur V\u00e9g\u00e9tal GARDEN IGNIFUGE artificiel d'un r\u00e9alisme incroyable. Plaque 100 X 100 cm pour d\u00e9coration ext\u00e9rieure. Protection UV, imperm\u00e9able et ignifuge","breadcrumb":{"@id":"https:\/\/decoplanta.com\/fr\/plantes-artificielles-ignifuges-realistes\/mur-vegetal-garden-ignifuge\/#breadcrumb"},"inLanguage":"fr-FR","potentialAction":[{"@type":"ReadAction","target":["https:\/\/decoplanta.com\/fr\/plantes-artificielles-ignifuges-realistes\/mur-vegetal-garden-ignifuge\/"]}]},{"@type":"ImageObject","inLanguage":"fr-FR","@id":"https:\/\/decoplanta.com\/fr\/plantes-artificielles-ignifuges-realistes\/mur-vegetal-garden-ignifuge\/#primaryimage","url":"https:\/\/decoplanta.com\/wp-content\/uploads\/2025\/11\/FRJV100X100-JardinVertical_GARDEN-UV-FP.jpg","contentUrl":"https:\/\/decoplanta.com\/wp-content\/uploads\/2025\/11\/FRJV100X100-JardinVertical_GARDEN-UV-FP.jpg","width":1572,"height":1572,"caption":"Jard\u00edn vertical GARDEN ign\u00edfugo artificial. Placa de 100X100cm para decoraci\u00f3n en exteriores. Protecci\u00f3n UV, resistente al agua y tratamiento ign\u00edfugo. GARDEN UV IGNIFUGE"},{"@type":"BreadcrumbList","@id":"https:\/\/decoplanta.com\/fr\/plantes-artificielles-ignifuges-realistes\/mur-vegetal-garden-ignifuge\/#breadcrumb","itemListElement":[{"@type":"ListItem","position":1,"name":"Portada","item":"https:\/\/decoplanta.com\/fr\/"},{"@type":"ListItem","position":2,"name":"Priv\u00e9\u00a0: Tienda","item":"https:\/\/decoplanta.com\/?page_id=377"},{"@type":"ListItem","position":3,"name":"Mur V\u00e9g\u00e9tal GARDEN UV IGNIFUGER"}]},{"@type":"WebSite","@id":"https:\/\/decoplanta.com\/fr\/#website","url":"https:\/\/decoplanta.com\/fr\/","name":"PLANTES ET ARBRES ARTIFICIELS TR\u00c8S R\u00c9ALISTES","description":"Proveedor de Plantas artificiales para estudios de Arquitectura, Interiorismo, Paisajismo, Escenograf\u00eda, Tiendas de Decoraci\u00f3n Florister\u00edas y Mobiliario","publisher":{"@id":"https:\/\/decoplanta.com\/fr\/#organization"},"potentialAction":[{"@type":"SearchAction","target":{"@type":"EntryPoint","urlTemplate":"https:\/\/decoplanta.com\/fr\/?s={search_term_string}"},"query-input":{"@type":"PropertyValueSpecification","valueRequired":true,"valueName":"search_term_string"}}],"inLanguage":"fr-FR"},{"@type":"Organization","@id":"https:\/\/decoplanta.com\/fr\/#organization","name":"PLANTES ET ARBRES ARTIFICIELS TR\u00c8S R\u00c9ALISTES","url":"https:\/\/decoplanta.com\/fr\/","logo":{"@type":"ImageObject","inLanguage":"fr-FR","@id":"https:\/\/decoplanta.com\/fr\/#\/schema\/logo\/image\/","url":"https:\/\/decoplanta.com\/wp-content\/uploads\/2021\/02\/decoplanta-logo2020.svg","contentUrl":"https:\/\/decoplanta.com\/wp-content\/uploads\/2021\/02\/decoplanta-logo2020.svg","width":500,"height":500,"caption":"PLANTES ET ARBRES ARTIFICIELS TR\u00c8S R\u00c9ALISTES"},"image":{"@id":"https:\/\/decoplanta.com\/fr\/#\/schema\/logo\/image\/"}}]}},"_links":{"self":[{"href":"https:\/\/decoplanta.com\/fr\/wp-json\/wp\/v2\/product\/8913","targetHints":{"allow":["GET"]}}],"collection":[{"href":"https:\/\/decoplanta.com\/fr\/wp-json\/wp\/v2\/product"}],"about":[{"href":"https:\/\/decoplanta.com\/fr\/wp-json\/wp\/v2\/types\/product"}],"version-history":[{"count":1,"href":"https:\/\/decoplanta.com\/fr\/wp-json\/wp\/v2\/product\/8913\/revisions"}],"predecessor-version":[{"id":8919,"href":"https:\/\/decoplanta.com\/fr\/wp-json\/wp\/v2\/product\/8913\/revisions\/8919"}],"wp:featuredmedia":[{"embeddable":true,"href":"https:\/\/decoplanta.com\/fr\/wp-json\/wp\/v2\/media\/8916"}],"wp:attachment":[{"href":"https:\/\/decoplanta.com\/fr\/wp-json\/wp\/v2\/media?parent=8913"}],"wp:term":[{"taxonomy":"product_brand","embeddable":true,"href":"https:\/\/decoplanta.com\/fr\/wp-json\/wp\/v2\/product_brand?post=8913"},{"taxonomy":"product_cat","embeddable":true,"href":"https:\/\/decoplanta.com\/fr\/wp-json\/wp\/v2\/product_cat?post=8913"},{"taxonomy":"product_tag","embeddable":true,"href":"https:\/\/decoplanta.com\/fr\/wp-json\/wp\/v2\/product_tag?post=8913"}],"curies":[{"name":"wp","href":"https:\/\/api.w.org\/{rel}","templated":true}]}}