{"id":8926,"date":"2025-12-12T11:04:07","date_gmt":"2025-12-12T10:04:07","guid":{"rendered":"https:\/\/decoplanta.com\/?post_type=product&#038;p=8926"},"modified":"2025-12-12T12:08:01","modified_gmt":"2025-12-12T11:08:01","slug":"arbre-ficus-lyrata-210cm","status":"publish","type":"product","link":"https:\/\/decoplanta.com\/fr\/plantes-dinterieur-artificielles\/arbre-ficus-lyrata-210cm\/","title":{"rendered":"Arbre FICUS LYRATA"},"content":{"rendered":"<p>L&rsquo;ARBRE artificiel Ficus LYRATA avec de grandes feuilles, semblable au \u00ab\u00a0Lyrata\u00a0\u00bb bien qu&rsquo;avec plus de volume de la couronne et un grand r\u00e9alisme \u00e9galement dans son tronc. Il est livr\u00e9 avec une pot de base incluse.<\/p>\n<h3 class=\"content-hed listicle-hed\">PLANTES D&rsquo;INT\u00c9RIEUR : METTRE UN FICUS LYRATA DANS VOTRE MAISON<\/h3>\n<div class=\"content-dek listicle-dek\">\n<p>Le ficus artificiel LYRATA Tree est une plante tr\u00e8s d\u00e9corative et facile \u00e0 entretenir. Nous vous expliquons <a href=\"https:\/\/www.micasarevista.com\/ideas-decoracion\/g21385131\/ficus-cuidados-consejos\/\" target=\"_blank\" rel=\"noopener\">comment en prendre soin<\/a> , quelles sont les caract\u00e9ristiques de chaque vari\u00e9t\u00e9 et laquelle est la plus adapt\u00e9e en fonction de chaque espace. C&rsquo;est l&rsquo;un des ficus les plus connus, l&rsquo;Elastique, caract\u00e9ris\u00e9 par ses grandes feuilles vert fonc\u00e9 et une nervure centrale \u00e0 l&rsquo;arri\u00e8re. Avec des tiges ligneuses, de grandes feuilles et un aspect arboricole.<\/p>\n<div class=\"listicle-intro\">\n<p>Le ficus appartient \u00e0 la famille des Mor\u00e1ceas, ce qui permet de trouver des vivaces, d&rsquo;autres plantes \u00e0 feuilles caduques, ainsi que des arbustes, des vignes et m\u00eame de grands arbres. Ils s&rsquo;adaptent tr\u00e8s bien au climat m\u00e9diterran\u00e9en et s&rsquo;ils sont bien entretenus, ils vivent tr\u00e8s longtemps.<\/p>\n<h3><strong>Quel pot est le plus adapt\u00e9 pour l&rsquo;arbre artificiel Ficus LYRATA ?<\/strong><\/h3>\n<p>Il est pratique de le planter en pot ou en <a href=\"https:\/\/decoplanta.com\/etiqueta-producto\/jardinera-cuadrada\/\" target=\"_blank\" rel=\"noopener\">pot basse<\/a> , et ainsi il pourra mettre en valeur son pr\u00e9cieux tronc.<\/p>\n<p>Les ficus ont g\u00e9n\u00e9ralement besoin d&rsquo;un \u00e9clairage abondant, mais sans lumi\u00e8re directe du soleil. En hiver, il est important qu&rsquo;elles re\u00e7oivent suffisamment de lumi\u00e8re et en \u00e9t\u00e9, elles peuvent \u00eatre sorties \u00e0 l&rsquo;ext\u00e9rieur, mais dans un endroit semi-ombrag\u00e9 afin que le soleil ne les ab\u00eeme pas.<\/p>\n<p>La meilleure temp\u00e9rature pour un bon d\u00e9veloppement se situe entre 20 et 25\u00ba C et il faut tenir compte du fait qu&rsquo;ils ne tol\u00e8rent pas tr\u00e8s bien les changements brusques. Ils ont besoin d&rsquo;un environnement chaud et humide, vous devrez donc le vaporiser fr\u00e9quemment avec de l&rsquo;eau.<\/p>\n<p>Ce sont des plantes qui s&rsquo;adaptent parfaitement \u00e0 un environnement sec. En \u00e9t\u00e9, une fois par semaine, et en hiver, tous les 15 jours, en prenant soin de ne pas inonder les racines. Evitez l&rsquo;eau tr\u00e8s froide et il est pratique de pulv\u00e9riser les feuilles deux fois par semaine, pour maintenir l&rsquo;humidit\u00e9. Pour que la plante respire mieux, nettoyez les feuilles avec un chiffon humide.<\/p>\n<\/div>\n<div class=\"listicle-body-content \">\n<div class=\"listicle-slide listicle-slide-portrait listicle-slide-image \" data-id=\"0\">\n<div class=\"listicle-slide-dek\">\n<p>Il existe de nombreuses variantes de ce ficus, les plus courantes sont le <em>Goden King, Golden Princess, Nana&#8230; A<\/em> suspendre ou \u00e0 grimper. Comme le ficus Sagittata, avec de longues feuilles fines, et le Pumila, avec des feuilles plus petites, parfaits pour mettre dans des paniers suspendus.<\/p>\n<p><strong>Le ficus Benjamina<\/strong> est l&rsquo;un des plus connus. Il a de petites feuilles vert clair et cr\u00e8me et ses branches sont plus fines que celles de la vari\u00e9t\u00e9 pr\u00e9c\u00e9dente.<\/p>\n<\/div>\n<\/div>\n<div class=\"listicle-slide listicle-slide-portrait listicle-slide-image \" data-id=\"2\">\n<div class=\"listicle-slide-hed\"><span class=\"listicle-slide-hed-text\">FICUS LIRATA<\/span><\/div>\n<div class=\"listicle-slide-media-outer\">\n<div class=\"slide-media slide-media-freeform listicle-slide-media listicle-slide-media-image\">\n<div class=\"slide-media-inner\"><span class=\"slide-image-wrap\"><picture class=\"\"><source srcset=\"https:\/\/hips.hearstapps.com\/hmg-prod.s3.amazonaws.com\/images\/ficus-06-1528959662.jpg?crop=1xw:1xh;center,top&amp;resize=980:*\" media=\"(min-width: 40.625rem)\" \/><source srcset=\"https:\/\/hips.hearstapps.com\/hmg-prod.s3.amazonaws.com\/images\/ficus-06-1528959662.jpg?crop=1xw:1xh;center,top&amp;resize=768:*\" media=\"(min-width: 30rem)\" \/><img fetchpriority=\"high\" decoding=\"async\" class=\"\" title=\"Feuille, plante terrestre, tige de plante, plante \u00e0 fleurs, peinture, illustration, peinture, dessin, plante herbac\u00e9e, herbe, \" src=\"https:\/\/hips.hearstapps.com\/hmg-prod.s3.amazonaws.com\/images\/ficus-06-1528959662.jpg?crop=1xw:1xh;center,top&amp;resize=480:*\" alt=\"Feuille, plante terrestre, tige de plante, plante \u00e0 fleurs, peinture, illustration, peinture, dessin, plante herbac\u00e9e, herbe, \" width=\"313\" height=\"408\" \/><\/picture><\/span><\/div>\n<\/div>\n<\/div>\n<div class=\"listicle-slide-dek\">\n<p>Le ficus Lyrata, avec de grandes feuilles vertes larges avec des veines jaunes et des bords ondul\u00e9s, est \u00e9galement largement utilis\u00e9 \u00e0 l&rsquo;int\u00e9rieur. Il existe de nombreuses autres vari\u00e9t\u00e9s pr\u00e9sentant ces caract\u00e9ristiques, mais tr\u00e8s peu utilis\u00e9es en int\u00e9rieur. Les plantes de ce groupe ont une apparence plus touffue et les feuilles sont plus petites.<\/p>\n<\/div>\n<\/div>\n<\/div>\n<\/div>\n","protected":false},"excerpt":{"rendered":"<p>Le Ficus LYRATA artificiel avec de grandes feuilles et un grand r\u00e9alisme \u00e9galement dans son tronc. Il est livr\u00e9 avec une pot de base incluse.<\/p>\n<table>\n<tbody>\n<tr>\n<td><strong>R\u00c9F<\/strong><\/td>\n<td><strong>HAUTEUR<\/strong><\/td>\n<\/tr>\n<tr>\n<td>423121<\/td>\n<td>210 cm<\/td>\n<\/tr>\n<\/tbody>\n<\/table>\n","protected":false},"featured_media":8929,"template":"","meta":{"_monsterinsights_skip_tracking":false,"_monsterinsights_sitenote_active":false,"_monsterinsights_sitenote_note":"","_monsterinsights_sitenote_category":0},"product_brand":[],"product_cat":[251],"product_tag":[265],"class_list":{"0":"post-8926","1":"product","2":"type-product","3":"status-publish","4":"has-post-thumbnail","6":"product_cat-plantes-dinterieur-artificielles","7":"product_tag-ficus-pour-decorer-les-interieurs","8":"","9":"woocommerce-text-align-center","10":"woocommerce-image-align-center","11":"do-quantity-buttons","13":"first","14":"instock","15":"taxable","16":"shipping-taxable","17":"purchasable","18":"product-type-simple"},"yoast_head":"<!-- This site is optimized with the Yoast SEO plugin v27.3 - https:\/\/yoast.com\/product\/yoast-seo-wordpress\/ -->\n<title>Arbre artificiel FICUS LYRATA \u00e0 haut r\u00e9alisme, pour les int\u00e9rieurs<\/title>\n<meta name=\"description\" content=\"Arbre artificiel FICUS LYRATA avec plus de volume de couronne et un r\u00e9alisme \u00e9lev\u00e9 dans les grandes feuilles et son tronc, pour l&#039;int\u00e9rieur\" \/>\n<meta name=\"robots\" content=\"index, follow, max-snippet:-1, max-image-preview:large, max-video-preview:-1\" \/>\n<link rel=\"canonical\" href=\"https:\/\/decoplanta.com\/fr\/plantes-dinterieur-artificielles\/arbre-ficus-lyrata-210cm\/\" \/>\n<meta property=\"og:locale\" content=\"fr_FR\" \/>\n<meta property=\"og:type\" content=\"article\" \/>\n<meta property=\"og:title\" content=\"Arbre artificiel FICUS LYRATA \u00e0 haut r\u00e9alisme, pour les int\u00e9rieurs\" \/>\n<meta property=\"og:description\" content=\"Arbre artificiel FICUS LYRATA avec plus de volume de couronne et un r\u00e9alisme \u00e9lev\u00e9 dans les grandes feuilles et son tronc, pour l&#039;int\u00e9rieur\" \/>\n<meta property=\"og:url\" content=\"https:\/\/decoplanta.com\/fr\/plantes-dinterieur-artificielles\/arbre-ficus-lyrata-210cm\/\" \/>\n<meta property=\"og:site_name\" content=\"PLANTES ET ARBRES ARTIFICIELS TR\u00c8S R\u00c9ALISTES\" \/>\n<meta property=\"article:modified_time\" content=\"2025-12-12T11:08:01+00:00\" \/>\n<meta property=\"og:image\" content=\"https:\/\/decoplanta.com\/wp-content\/uploads\/2025\/12\/423121-FICUS_LYRATA-210cm.jpg\" \/>\n\t<meta property=\"og:image:width\" content=\"2000\" \/>\n\t<meta property=\"og:image:height\" content=\"2000\" \/>\n\t<meta property=\"og:image:type\" content=\"image\/jpeg\" \/>\n<meta name=\"twitter:card\" content=\"summary_large_image\" \/>\n<meta name=\"twitter:label1\" content=\"Dur\u00e9e de lecture estim\u00e9e\" \/>\n\t<meta name=\"twitter:data1\" content=\"3 minutes\" \/>\n<script type=\"application\/ld+json\" class=\"yoast-schema-graph\">{\"@context\":\"https:\\\/\\\/schema.org\",\"@graph\":[{\"@type\":\"WebPage\",\"@id\":\"https:\\\/\\\/decoplanta.com\\\/fr\\\/plantes-dinterieur-artificielles\\\/arbre-ficus-lyrata-210cm\\\/\",\"url\":\"https:\\\/\\\/decoplanta.com\\\/fr\\\/plantes-dinterieur-artificielles\\\/arbre-ficus-lyrata-210cm\\\/\",\"name\":\"Arbre artificiel FICUS LYRATA \u00e0 haut r\u00e9alisme, pour les int\u00e9rieurs\",\"isPartOf\":{\"@id\":\"https:\\\/\\\/decoplanta.com\\\/fr\\\/#website\"},\"primaryImageOfPage\":{\"@id\":\"https:\\\/\\\/decoplanta.com\\\/fr\\\/plantes-dinterieur-artificielles\\\/arbre-ficus-lyrata-210cm\\\/#primaryimage\"},\"image\":{\"@id\":\"https:\\\/\\\/decoplanta.com\\\/fr\\\/plantes-dinterieur-artificielles\\\/arbre-ficus-lyrata-210cm\\\/#primaryimage\"},\"thumbnailUrl\":\"https:\\\/\\\/decoplanta.com\\\/wp-content\\\/uploads\\\/2025\\\/12\\\/423121-FICUS_LYRATA-210cm.jpg\",\"datePublished\":\"2025-12-12T10:04:07+00:00\",\"dateModified\":\"2025-12-12T11:08:01+00:00\",\"description\":\"Arbre artificiel FICUS LYRATA avec plus de volume de couronne et un r\u00e9alisme \u00e9lev\u00e9 dans les grandes feuilles et son tronc, pour l'int\u00e9rieur\",\"breadcrumb\":{\"@id\":\"https:\\\/\\\/decoplanta.com\\\/fr\\\/plantes-dinterieur-artificielles\\\/arbre-ficus-lyrata-210cm\\\/#breadcrumb\"},\"inLanguage\":\"fr-FR\",\"potentialAction\":[{\"@type\":\"ReadAction\",\"target\":[\"https:\\\/\\\/decoplanta.com\\\/fr\\\/plantes-dinterieur-artificielles\\\/arbre-ficus-lyrata-210cm\\\/\"]}]},{\"@type\":\"ImageObject\",\"inLanguage\":\"fr-FR\",\"@id\":\"https:\\\/\\\/decoplanta.com\\\/fr\\\/plantes-dinterieur-artificielles\\\/arbre-ficus-lyrata-210cm\\\/#primaryimage\",\"url\":\"https:\\\/\\\/decoplanta.com\\\/wp-content\\\/uploads\\\/2025\\\/12\\\/423121-FICUS_LYRATA-210cm.jpg\",\"contentUrl\":\"https:\\\/\\\/decoplanta.com\\\/wp-content\\\/uploads\\\/2025\\\/12\\\/423121-FICUS_LYRATA-210cm.jpg\",\"width\":2000,\"height\":2000,\"caption\":\"\u00e1rbol Ficus LYRATA artificial de grandes hojas\"},{\"@type\":\"BreadcrumbList\",\"@id\":\"https:\\\/\\\/decoplanta.com\\\/fr\\\/plantes-dinterieur-artificielles\\\/arbre-ficus-lyrata-210cm\\\/#breadcrumb\",\"itemListElement\":[{\"@type\":\"ListItem\",\"position\":1,\"name\":\"Portada\",\"item\":\"https:\\\/\\\/decoplanta.com\\\/fr\\\/\"},{\"@type\":\"ListItem\",\"position\":2,\"name\":\"Priv\u00e9\u00a0: Tienda\",\"item\":\"https:\\\/\\\/decoplanta.com\\\/?page_id=377\"},{\"@type\":\"ListItem\",\"position\":3,\"name\":\"Arbre FICUS LYRATA\"}]},{\"@type\":\"WebSite\",\"@id\":\"https:\\\/\\\/decoplanta.com\\\/fr\\\/#website\",\"url\":\"https:\\\/\\\/decoplanta.com\\\/fr\\\/\",\"name\":\"PLANTES ET ARBRES ARTIFICIELS TR\u00c8S R\u00c9ALISTES\",\"description\":\"Proveedor de Plantas artificiales para estudios de Arquitectura, Interiorismo, Paisajismo, Escenograf\u00eda, Tiendas de Decoraci\u00f3n Florister\u00edas y Mobiliario\",\"publisher\":{\"@id\":\"https:\\\/\\\/decoplanta.com\\\/fr\\\/#organization\"},\"potentialAction\":[{\"@type\":\"SearchAction\",\"target\":{\"@type\":\"EntryPoint\",\"urlTemplate\":\"https:\\\/\\\/decoplanta.com\\\/fr\\\/?s={search_term_string}\"},\"query-input\":{\"@type\":\"PropertyValueSpecification\",\"valueRequired\":true,\"valueName\":\"search_term_string\"}}],\"inLanguage\":\"fr-FR\"},{\"@type\":\"Organization\",\"@id\":\"https:\\\/\\\/decoplanta.com\\\/fr\\\/#organization\",\"name\":\"PLANTES ET ARBRES ARTIFICIELS TR\u00c8S R\u00c9ALISTES\",\"url\":\"https:\\\/\\\/decoplanta.com\\\/fr\\\/\",\"logo\":{\"@type\":\"ImageObject\",\"inLanguage\":\"fr-FR\",\"@id\":\"https:\\\/\\\/decoplanta.com\\\/fr\\\/#\\\/schema\\\/logo\\\/image\\\/\",\"url\":\"https:\\\/\\\/decoplanta.com\\\/wp-content\\\/uploads\\\/2021\\\/02\\\/decoplanta-logo2020.svg\",\"contentUrl\":\"https:\\\/\\\/decoplanta.com\\\/wp-content\\\/uploads\\\/2021\\\/02\\\/decoplanta-logo2020.svg\",\"width\":500,\"height\":500,\"caption\":\"PLANTES ET ARBRES ARTIFICIELS TR\u00c8S R\u00c9ALISTES\"},\"image\":{\"@id\":\"https:\\\/\\\/decoplanta.com\\\/fr\\\/#\\\/schema\\\/logo\\\/image\\\/\"}}]}<\/script>\n<!-- \/ Yoast SEO plugin. -->","yoast_head_json":{"title":"Arbre artificiel FICUS LYRATA \u00e0 haut r\u00e9alisme, pour les int\u00e9rieurs","description":"Arbre artificiel FICUS LYRATA avec plus de volume de couronne et un r\u00e9alisme \u00e9lev\u00e9 dans les grandes feuilles et son tronc, pour l'int\u00e9rieur","robots":{"index":"index","follow":"follow","max-snippet":"max-snippet:-1","max-image-preview":"max-image-preview:large","max-video-preview":"max-video-preview:-1"},"canonical":"https:\/\/decoplanta.com\/fr\/plantes-dinterieur-artificielles\/arbre-ficus-lyrata-210cm\/","og_locale":"fr_FR","og_type":"article","og_title":"Arbre artificiel FICUS LYRATA \u00e0 haut r\u00e9alisme, pour les int\u00e9rieurs","og_description":"Arbre artificiel FICUS LYRATA avec plus de volume de couronne et un r\u00e9alisme \u00e9lev\u00e9 dans les grandes feuilles et son tronc, pour l'int\u00e9rieur","og_url":"https:\/\/decoplanta.com\/fr\/plantes-dinterieur-artificielles\/arbre-ficus-lyrata-210cm\/","og_site_name":"PLANTES ET ARBRES ARTIFICIELS TR\u00c8S R\u00c9ALISTES","article_modified_time":"2025-12-12T11:08:01+00:00","og_image":[{"width":2000,"height":2000,"url":"https:\/\/decoplanta.com\/wp-content\/uploads\/2025\/12\/423121-FICUS_LYRATA-210cm.jpg","type":"image\/jpeg"}],"twitter_card":"summary_large_image","twitter_misc":{"Dur\u00e9e de lecture estim\u00e9e":"3 minutes"},"schema":{"@context":"https:\/\/schema.org","@graph":[{"@type":"WebPage","@id":"https:\/\/decoplanta.com\/fr\/plantes-dinterieur-artificielles\/arbre-ficus-lyrata-210cm\/","url":"https:\/\/decoplanta.com\/fr\/plantes-dinterieur-artificielles\/arbre-ficus-lyrata-210cm\/","name":"Arbre artificiel FICUS LYRATA \u00e0 haut r\u00e9alisme, pour les int\u00e9rieurs","isPartOf":{"@id":"https:\/\/decoplanta.com\/fr\/#website"},"primaryImageOfPage":{"@id":"https:\/\/decoplanta.com\/fr\/plantes-dinterieur-artificielles\/arbre-ficus-lyrata-210cm\/#primaryimage"},"image":{"@id":"https:\/\/decoplanta.com\/fr\/plantes-dinterieur-artificielles\/arbre-ficus-lyrata-210cm\/#primaryimage"},"thumbnailUrl":"https:\/\/decoplanta.com\/wp-content\/uploads\/2025\/12\/423121-FICUS_LYRATA-210cm.jpg","datePublished":"2025-12-12T10:04:07+00:00","dateModified":"2025-12-12T11:08:01+00:00","description":"Arbre artificiel FICUS LYRATA avec plus de volume de couronne et un r\u00e9alisme \u00e9lev\u00e9 dans les grandes feuilles et son tronc, pour l'int\u00e9rieur","breadcrumb":{"@id":"https:\/\/decoplanta.com\/fr\/plantes-dinterieur-artificielles\/arbre-ficus-lyrata-210cm\/#breadcrumb"},"inLanguage":"fr-FR","potentialAction":[{"@type":"ReadAction","target":["https:\/\/decoplanta.com\/fr\/plantes-dinterieur-artificielles\/arbre-ficus-lyrata-210cm\/"]}]},{"@type":"ImageObject","inLanguage":"fr-FR","@id":"https:\/\/decoplanta.com\/fr\/plantes-dinterieur-artificielles\/arbre-ficus-lyrata-210cm\/#primaryimage","url":"https:\/\/decoplanta.com\/wp-content\/uploads\/2025\/12\/423121-FICUS_LYRATA-210cm.jpg","contentUrl":"https:\/\/decoplanta.com\/wp-content\/uploads\/2025\/12\/423121-FICUS_LYRATA-210cm.jpg","width":2000,"height":2000,"caption":"\u00e1rbol Ficus LYRATA artificial de grandes hojas"},{"@type":"BreadcrumbList","@id":"https:\/\/decoplanta.com\/fr\/plantes-dinterieur-artificielles\/arbre-ficus-lyrata-210cm\/#breadcrumb","itemListElement":[{"@type":"ListItem","position":1,"name":"Portada","item":"https:\/\/decoplanta.com\/fr\/"},{"@type":"ListItem","position":2,"name":"Priv\u00e9\u00a0: Tienda","item":"https:\/\/decoplanta.com\/?page_id=377"},{"@type":"ListItem","position":3,"name":"Arbre FICUS LYRATA"}]},{"@type":"WebSite","@id":"https:\/\/decoplanta.com\/fr\/#website","url":"https:\/\/decoplanta.com\/fr\/","name":"PLANTES ET ARBRES ARTIFICIELS TR\u00c8S R\u00c9ALISTES","description":"Proveedor de Plantas artificiales para estudios de Arquitectura, Interiorismo, Paisajismo, Escenograf\u00eda, Tiendas de Decoraci\u00f3n Florister\u00edas y Mobiliario","publisher":{"@id":"https:\/\/decoplanta.com\/fr\/#organization"},"potentialAction":[{"@type":"SearchAction","target":{"@type":"EntryPoint","urlTemplate":"https:\/\/decoplanta.com\/fr\/?s={search_term_string}"},"query-input":{"@type":"PropertyValueSpecification","valueRequired":true,"valueName":"search_term_string"}}],"inLanguage":"fr-FR"},{"@type":"Organization","@id":"https:\/\/decoplanta.com\/fr\/#organization","name":"PLANTES ET ARBRES ARTIFICIELS TR\u00c8S R\u00c9ALISTES","url":"https:\/\/decoplanta.com\/fr\/","logo":{"@type":"ImageObject","inLanguage":"fr-FR","@id":"https:\/\/decoplanta.com\/fr\/#\/schema\/logo\/image\/","url":"https:\/\/decoplanta.com\/wp-content\/uploads\/2021\/02\/decoplanta-logo2020.svg","contentUrl":"https:\/\/decoplanta.com\/wp-content\/uploads\/2021\/02\/decoplanta-logo2020.svg","width":500,"height":500,"caption":"PLANTES ET ARBRES ARTIFICIELS TR\u00c8S R\u00c9ALISTES"},"image":{"@id":"https:\/\/decoplanta.com\/fr\/#\/schema\/logo\/image\/"}}]}},"_links":{"self":[{"href":"https:\/\/decoplanta.com\/fr\/wp-json\/wp\/v2\/product\/8926","targetHints":{"allow":["GET"]}}],"collection":[{"href":"https:\/\/decoplanta.com\/fr\/wp-json\/wp\/v2\/product"}],"about":[{"href":"https:\/\/decoplanta.com\/fr\/wp-json\/wp\/v2\/types\/product"}],"version-history":[{"count":1,"href":"https:\/\/decoplanta.com\/fr\/wp-json\/wp\/v2\/product\/8926\/revisions"}],"predecessor-version":[{"id":8939,"href":"https:\/\/decoplanta.com\/fr\/wp-json\/wp\/v2\/product\/8926\/revisions\/8939"}],"wp:featuredmedia":[{"embeddable":true,"href":"https:\/\/decoplanta.com\/fr\/wp-json\/wp\/v2\/media\/8929"}],"wp:attachment":[{"href":"https:\/\/decoplanta.com\/fr\/wp-json\/wp\/v2\/media?parent=8926"}],"wp:term":[{"taxonomy":"product_brand","embeddable":true,"href":"https:\/\/decoplanta.com\/fr\/wp-json\/wp\/v2\/product_brand?post=8926"},{"taxonomy":"product_cat","embeddable":true,"href":"https:\/\/decoplanta.com\/fr\/wp-json\/wp\/v2\/product_cat?post=8926"},{"taxonomy":"product_tag","embeddable":true,"href":"https:\/\/decoplanta.com\/fr\/wp-json\/wp\/v2\/product_tag?post=8926"}],"curies":[{"name":"wp","href":"https:\/\/api.w.org\/{rel}","templated":true}]}}