{"id":9012,"date":"2026-04-25T10:10:06","date_gmt":"2026-04-25T09:10:06","guid":{"rendered":"https:\/\/decoplanta.com\/?post_type=product&#038;p=9012"},"modified":"2026-04-25T10:58:48","modified_gmt":"2026-04-25T09:58:48","slug":"plante-sansevieria-vert-et-jaune","status":"publish","type":"product","link":"https:\/\/decoplanta.com\/fr\/plantes-dinterieur-artificielles\/plante-sansevieria-vert-et-jaune\/","title":{"rendered":"Plante SANSEVIERIA vert\/jaune"},"content":{"rendered":"<p>Belle plante artificielle SANSEVIERIA vert et jaune, originaire d&rsquo;Afrique et d&rsquo;Asie, avec une feuille verte \u00e9paisse et intense avec sa propre personnalit\u00e9 et un grand r\u00e9alisme. Disponible en deux tailles. Il est servi avec une pot de base incluse.<\/p>\n<p><strong>La sansevieria est \u00e9galement connue sous le nom de langue de la belle-m\u00e8re.<\/strong> Par curiosit\u00e9, c&rsquo;est l&rsquo;une des plantes recommand\u00e9es par la NASA pour \u00e9liminer les toxiques tels que le benz\u00e8ne, le tolu\u00e8ne, le xyl\u00e8ne, le trichloro\u00e9thyl\u00e8ne et le formald\u00e9hyde de l&rsquo;air que nous respirons. Et ajoutez \u00e0 cela qu&rsquo;il est tr\u00e8s r\u00e9sistant aux nuisibles ; m\u00eame les acariens ont du mal avec \u00e7a. Pour tout cela, il y a le top dix de ceux qui ne peuvent pas manquer dans votre maison si vous \u00eates d\u00e9butant.<\/p>\n<h3>Comment est le plante SANSEVIERIA vert et jaune ?<\/h3>\n<p>Les plantes peuvent \u00eatre class\u00e9es de plusieurs mani\u00e8res. L&rsquo;une des classifications les plus utilis\u00e9es est la taille qu&rsquo;ils atteignent.<\/p>\n<p>Cependant, il est normal que des doutes surgissent sur ce qu&rsquo;est une herbe, un buisson et un arbre, puisque parfois vous pouvez trouver des d\u00e9finitions qui diff\u00e8rent un peu entre eux.<\/p>\n<p>Les herbes sont les esp\u00e8ces v\u00e9g\u00e9tales qui ont eu le plus de succ\u00e8s \u00e9volutif. On peut les trouver pratiquement partout sur la plan\u00e8te, et ils pourraient \u00e0 terme devenir les grands survivants en cas de catastrophe mondiale. Mais \u00e0 quoi ressemble <a href=\"https:\/\/decoplanta.com\/pincha-y-decora\/sansevieria-artificial-58cm\/\" target=\"_blank\" rel=\"noopener\"><strong>le plante sansevieria<\/strong><\/a> ?<\/p>\n<p>La <strong>sansevieria est une plante facile \u00e0 cultiver<\/strong> et une survivante naturelle dans n&rsquo;importe quel espace : elle r\u00e9siste aux temp\u00e9ratures \u00e9lev\u00e9es et basses (jusqu&rsquo;\u00e0 -5\u00baC).<\/p>\n<h3 id=\"cke_2_anchor_3\">LA SANSEVIERIA ARTIFICIELLE vert et jaune EN <a href=\"https:\/\/www.elmueble.com\/ideas\/decoterapia\/sansevieria-para-limpiar-aire-tu-casa_42393\">D\u00c9CORATION<\/a><\/h3>\n<p>Il est tr\u00e8s d\u00e9coratif avec ses feuilles robustes et dress\u00e9es, son vert \u00ab bring\u00e9 \u00bb et les bords des feuilles entre le vert anis et le jaune. \u00c9tant de croissance tr\u00e8s verticale, la sansevieria remplit un coin quelconque de la maison de couleur et d&rsquo;\u00e9l\u00e9gance. Il \u00e9quilibre \u00e9galement les espaces avec une d\u00e9coration trop horizontale (sur un meuble ou avec un ensemble de plantes plus petites). Avec un ensemble de vari\u00e9t\u00e9s de langues de tigre, vous obtenez une large gamme de verts et un effet d\u00e9coratif spectaculaire.<\/p>\n<p>Si vous tombez amoureux de cette plante Sansevieria, recherchez une \u00e9tag\u00e8re qui vous permettra de placer 6 \u00e0 8 petits pots et de placer diff\u00e9rentes vari\u00e9t\u00e9s de sansevieria artificielles. Certains, comme le trifasciata, ont des feuilles en forme d&rsquo;\u00e9p\u00e9e ; d&rsquo;autres en forme de rosace.<\/p>\n<h3 id=\"cke_2_anchor_2\">LES VARI\u00c9T\u00c9S ET TYPES DE SANSEVIERIA<\/h3>\n<ul>\n<li>Sansevieria trifasciata est la vari\u00e9t\u00e9 la plus courante. Ses feuilles sont \u00e9troites, plates et ovales et poussent \u00e0 partir de la zone racinaire. Elles sont g\u00e9n\u00e9ralement tachet\u00e9es de vert fonc\u00e9 et de blanc.La longueur de la feuille varie de 30 \u00e0 120 cm. Et une largeur comprise entre 2 et 10 cm. La <em>sansevieria trifasciata<\/em> est une plante largement utilis\u00e9e en int\u00e9rieur et se distingue par sa facilit\u00e9 d&rsquo;entretien. On l&rsquo;appelle aussi souvent queue de brochet, langue de belle-m\u00e8re, langue de chat, langue de tigre ou \u00e9p\u00e9e de Saint George. Il poss\u00e8de de nombreuses sous-esp\u00e8ces, comme la sansevieria laurentii.<\/li>\n<li>Sansevieria cylindrica, bien que moins commune, est \u00e9galement tr\u00e8s d\u00e9corative. C&rsquo;est une esp\u00e8ce de sansevieria au port dress\u00e9, aux feuilles longues, rigides et charnues, de couleur vert fonc\u00e9 et de forme cylindrique. Ils peuvent \u00e9galement atteindre jusqu&rsquo;\u00e0 1 m\u00e8tre de hauteur. Ses fleurs sont blanc laiteux avec des pointes roses qui forment une inflorescence en forme de grappe. Cette esp\u00e8ce comprend \u00e9galement plusieurs vari\u00e9t\u00e9s.<\/li>\n<\/ul>\n<figure class=\"thumb zoom loaded\"><img fetchpriority=\"high\" decoding=\"async\" class=\" lazyloaded\" src=\"https:\/\/www.elmueble.com\/medio\/2020\/09\/28\/crear-un-green-corner-y-mantenerlo-b068eb34-1333x2000_0070e372_1000x1500.jpg\" sizes=\"41vw\" alt=\"cr\u00e9ez-un-coin-vert-et-maintenez-le b068eb34 1333x2000\" width=\"209\" height=\"314\" data-src=\"\/medio\/2020\/09\/28\/crear-un-green-corner-y-mantenerlo-b068eb34-1333x2000_0070e372_1000x1500.jpg\" \/><\/figure>\n","protected":false},"excerpt":{"rendered":"<p>Belle plante artificielle SANSEVIERIA vert et jaune, avec une feuille \u00e9paisse et intense avec personnalit\u00e9 et un grand r\u00e9alisme. Il est servi avec une pot de base incluse. Il ne n\u00e9cessite pas d&rsquo;entretien.<\/p>\n<table>\n<tbody>\n<tr>\n<td><strong>R\u00c9F<\/strong><\/td>\n<td><strong>HAUTEUR<\/strong><\/td>\n<\/tr>\n<tr>\n<td><strong>425392<\/strong><\/td>\n<td>97 cm<\/td>\n<\/tr>\n<\/tbody>\n<\/table>\n","protected":false},"featured_media":9015,"template":"","meta":{"_monsterinsights_skip_tracking":false,"_monsterinsights_sitenote_active":false,"_monsterinsights_sitenote_note":"","_monsterinsights_sitenote_category":0},"product_brand":[],"product_cat":[251],"product_tag":[277,278],"class_list":{"0":"post-9012","1":"product","2":"type-product","3":"status-publish","4":"has-post-thumbnail","6":"product_cat-plantes-dinterieur-artificielles","7":"product_tag-plante-succulente-artificielle","8":"product_tag-plante-tropicale","9":"","10":"woocommerce-text-align-center","11":"woocommerce-image-align-center","12":"do-quantity-buttons","14":"first","15":"instock","16":"taxable","17":"shipping-taxable","18":"product-type-simple"},"yoast_head":"<!-- This site is optimized with the Yoast SEO plugin v27.4 - https:\/\/yoast.com\/product\/yoast-seo-wordpress\/ -->\n<title>SANSEVIERIA vert et jaune artificielle - Haut r\u00e9alisme<\/title>\n<meta name=\"description\" content=\"SANSEVIERIA vert et jaune artificielle, de 97 cm de haut. Spectaculaire pour tout ambiance avec un haut niveau de r\u00e9alisme sans entretien\" \/>\n<meta name=\"robots\" content=\"index, follow, max-snippet:-1, max-image-preview:large, max-video-preview:-1\" \/>\n<link rel=\"canonical\" href=\"https:\/\/decoplanta.com\/fr\/plantes-dinterieur-artificielles\/plante-sansevieria-vert-et-jaune\/\" \/>\n<meta property=\"og:locale\" content=\"fr_FR\" \/>\n<meta property=\"og:type\" content=\"article\" \/>\n<meta property=\"og:title\" content=\"SANSEVIERIA vert et jaune artificielle - Haut r\u00e9alisme\" \/>\n<meta property=\"og:description\" content=\"SANSEVIERIA vert et jaune artificielle, de 97 cm de haut. Spectaculaire pour tout ambiance avec un haut niveau de r\u00e9alisme sans entretien\" \/>\n<meta property=\"og:url\" content=\"https:\/\/decoplanta.com\/fr\/plantes-dinterieur-artificielles\/plante-sansevieria-vert-et-jaune\/\" \/>\n<meta property=\"og:site_name\" content=\"PLANTES ET ARBRES ARTIFICIELS TR\u00c8S R\u00c9ALISTES\" \/>\n<meta property=\"article:modified_time\" content=\"2026-04-25T09:58:48+00:00\" \/>\n<meta property=\"og:image\" content=\"https:\/\/decoplanta.com\/wp-content\/uploads\/2026\/04\/425392-SANSEVIERIA-97cm.jpg\" \/>\n\t<meta property=\"og:image:width\" content=\"1080\" \/>\n\t<meta property=\"og:image:height\" content=\"1080\" \/>\n\t<meta property=\"og:image:type\" content=\"image\/jpeg\" \/>\n<meta name=\"twitter:card\" content=\"summary_large_image\" \/>\n<meta name=\"twitter:label1\" content=\"Dur\u00e9e de lecture estim\u00e9e\" \/>\n\t<meta name=\"twitter:data1\" content=\"3 minutes\" \/>\n<script type=\"application\/ld+json\" class=\"yoast-schema-graph\">{\"@context\":\"https:\\\/\\\/schema.org\",\"@graph\":[{\"@type\":\"WebPage\",\"@id\":\"https:\\\/\\\/decoplanta.com\\\/fr\\\/plantes-dinterieur-artificielles\\\/plante-sansevieria-vert-et-jaune\\\/\",\"url\":\"https:\\\/\\\/decoplanta.com\\\/fr\\\/plantes-dinterieur-artificielles\\\/plante-sansevieria-vert-et-jaune\\\/\",\"name\":\"SANSEVIERIA vert et jaune artificielle - Haut r\u00e9alisme\",\"isPartOf\":{\"@id\":\"https:\\\/\\\/decoplanta.com\\\/fr\\\/#website\"},\"primaryImageOfPage\":{\"@id\":\"https:\\\/\\\/decoplanta.com\\\/fr\\\/plantes-dinterieur-artificielles\\\/plante-sansevieria-vert-et-jaune\\\/#primaryimage\"},\"image\":{\"@id\":\"https:\\\/\\\/decoplanta.com\\\/fr\\\/plantes-dinterieur-artificielles\\\/plante-sansevieria-vert-et-jaune\\\/#primaryimage\"},\"thumbnailUrl\":\"https:\\\/\\\/decoplanta.com\\\/wp-content\\\/uploads\\\/2026\\\/04\\\/425392-SANSEVIERIA-97cm.jpg\",\"datePublished\":\"2026-04-25T09:10:06+00:00\",\"dateModified\":\"2026-04-25T09:58:48+00:00\",\"description\":\"SANSEVIERIA vert et jaune artificielle, de 97 cm de haut. Spectaculaire pour tout ambiance avec un haut niveau de r\u00e9alisme sans entretien\",\"breadcrumb\":{\"@id\":\"https:\\\/\\\/decoplanta.com\\\/fr\\\/plantes-dinterieur-artificielles\\\/plante-sansevieria-vert-et-jaune\\\/#breadcrumb\"},\"inLanguage\":\"fr-FR\",\"potentialAction\":[{\"@type\":\"ReadAction\",\"target\":[\"https:\\\/\\\/decoplanta.com\\\/fr\\\/plantes-dinterieur-artificielles\\\/plante-sansevieria-vert-et-jaune\\\/\"]}]},{\"@type\":\"ImageObject\",\"inLanguage\":\"fr-FR\",\"@id\":\"https:\\\/\\\/decoplanta.com\\\/fr\\\/plantes-dinterieur-artificielles\\\/plante-sansevieria-vert-et-jaune\\\/#primaryimage\",\"url\":\"https:\\\/\\\/decoplanta.com\\\/wp-content\\\/uploads\\\/2026\\\/04\\\/425392-SANSEVIERIA-97cm.jpg\",\"contentUrl\":\"https:\\\/\\\/decoplanta.com\\\/wp-content\\\/uploads\\\/2026\\\/04\\\/425392-SANSEVIERIA-97cm.jpg\",\"width\":1080,\"height\":1080,\"caption\":\"SANSEVIERIA artificial verde y amarillo, de 97 cm de alto\"},{\"@type\":\"BreadcrumbList\",\"@id\":\"https:\\\/\\\/decoplanta.com\\\/fr\\\/plantes-dinterieur-artificielles\\\/plante-sansevieria-vert-et-jaune\\\/#breadcrumb\",\"itemListElement\":[{\"@type\":\"ListItem\",\"position\":1,\"name\":\"Portada\",\"item\":\"https:\\\/\\\/decoplanta.com\\\/fr\\\/\"},{\"@type\":\"ListItem\",\"position\":2,\"name\":\"Priv\u00e9\u00a0: Tienda\",\"item\":\"https:\\\/\\\/decoplanta.com\\\/?page_id=377\"},{\"@type\":\"ListItem\",\"position\":3,\"name\":\"Plante SANSEVIERIA vert\\\/jaune\"}]},{\"@type\":\"WebSite\",\"@id\":\"https:\\\/\\\/decoplanta.com\\\/fr\\\/#website\",\"url\":\"https:\\\/\\\/decoplanta.com\\\/fr\\\/\",\"name\":\"PLANTES ET ARBRES ARTIFICIELS TR\u00c8S R\u00c9ALISTES\",\"description\":\"Proveedor de Plantas artificiales para estudios de Arquitectura, Interiorismo, Paisajismo, Escenograf\u00eda, Tiendas de Decoraci\u00f3n Florister\u00edas y Mobiliario\",\"publisher\":{\"@id\":\"https:\\\/\\\/decoplanta.com\\\/fr\\\/#organization\"},\"potentialAction\":[{\"@type\":\"SearchAction\",\"target\":{\"@type\":\"EntryPoint\",\"urlTemplate\":\"https:\\\/\\\/decoplanta.com\\\/fr\\\/?s={search_term_string}\"},\"query-input\":{\"@type\":\"PropertyValueSpecification\",\"valueRequired\":true,\"valueName\":\"search_term_string\"}}],\"inLanguage\":\"fr-FR\"},{\"@type\":\"Organization\",\"@id\":\"https:\\\/\\\/decoplanta.com\\\/fr\\\/#organization\",\"name\":\"PLANTES ET ARBRES ARTIFICIELS TR\u00c8S R\u00c9ALISTES\",\"url\":\"https:\\\/\\\/decoplanta.com\\\/fr\\\/\",\"logo\":{\"@type\":\"ImageObject\",\"inLanguage\":\"fr-FR\",\"@id\":\"https:\\\/\\\/decoplanta.com\\\/fr\\\/#\\\/schema\\\/logo\\\/image\\\/\",\"url\":\"https:\\\/\\\/decoplanta.com\\\/wp-content\\\/uploads\\\/2021\\\/02\\\/decoplanta-logo2020.svg\",\"contentUrl\":\"https:\\\/\\\/decoplanta.com\\\/wp-content\\\/uploads\\\/2021\\\/02\\\/decoplanta-logo2020.svg\",\"width\":500,\"height\":500,\"caption\":\"PLANTES ET ARBRES ARTIFICIELS TR\u00c8S R\u00c9ALISTES\"},\"image\":{\"@id\":\"https:\\\/\\\/decoplanta.com\\\/fr\\\/#\\\/schema\\\/logo\\\/image\\\/\"}}]}<\/script>\n<!-- \/ Yoast SEO plugin. -->","yoast_head_json":{"title":"SANSEVIERIA vert et jaune artificielle - Haut r\u00e9alisme","description":"SANSEVIERIA vert et jaune artificielle, de 97 cm de haut. Spectaculaire pour tout ambiance avec un haut niveau de r\u00e9alisme sans entretien","robots":{"index":"index","follow":"follow","max-snippet":"max-snippet:-1","max-image-preview":"max-image-preview:large","max-video-preview":"max-video-preview:-1"},"canonical":"https:\/\/decoplanta.com\/fr\/plantes-dinterieur-artificielles\/plante-sansevieria-vert-et-jaune\/","og_locale":"fr_FR","og_type":"article","og_title":"SANSEVIERIA vert et jaune artificielle - Haut r\u00e9alisme","og_description":"SANSEVIERIA vert et jaune artificielle, de 97 cm de haut. Spectaculaire pour tout ambiance avec un haut niveau de r\u00e9alisme sans entretien","og_url":"https:\/\/decoplanta.com\/fr\/plantes-dinterieur-artificielles\/plante-sansevieria-vert-et-jaune\/","og_site_name":"PLANTES ET ARBRES ARTIFICIELS TR\u00c8S R\u00c9ALISTES","article_modified_time":"2026-04-25T09:58:48+00:00","og_image":[{"width":1080,"height":1080,"url":"https:\/\/decoplanta.com\/wp-content\/uploads\/2026\/04\/425392-SANSEVIERIA-97cm.jpg","type":"image\/jpeg"}],"twitter_card":"summary_large_image","twitter_misc":{"Dur\u00e9e de lecture estim\u00e9e":"3 minutes"},"schema":{"@context":"https:\/\/schema.org","@graph":[{"@type":"WebPage","@id":"https:\/\/decoplanta.com\/fr\/plantes-dinterieur-artificielles\/plante-sansevieria-vert-et-jaune\/","url":"https:\/\/decoplanta.com\/fr\/plantes-dinterieur-artificielles\/plante-sansevieria-vert-et-jaune\/","name":"SANSEVIERIA vert et jaune artificielle - Haut r\u00e9alisme","isPartOf":{"@id":"https:\/\/decoplanta.com\/fr\/#website"},"primaryImageOfPage":{"@id":"https:\/\/decoplanta.com\/fr\/plantes-dinterieur-artificielles\/plante-sansevieria-vert-et-jaune\/#primaryimage"},"image":{"@id":"https:\/\/decoplanta.com\/fr\/plantes-dinterieur-artificielles\/plante-sansevieria-vert-et-jaune\/#primaryimage"},"thumbnailUrl":"https:\/\/decoplanta.com\/wp-content\/uploads\/2026\/04\/425392-SANSEVIERIA-97cm.jpg","datePublished":"2026-04-25T09:10:06+00:00","dateModified":"2026-04-25T09:58:48+00:00","description":"SANSEVIERIA vert et jaune artificielle, de 97 cm de haut. Spectaculaire pour tout ambiance avec un haut niveau de r\u00e9alisme sans entretien","breadcrumb":{"@id":"https:\/\/decoplanta.com\/fr\/plantes-dinterieur-artificielles\/plante-sansevieria-vert-et-jaune\/#breadcrumb"},"inLanguage":"fr-FR","potentialAction":[{"@type":"ReadAction","target":["https:\/\/decoplanta.com\/fr\/plantes-dinterieur-artificielles\/plante-sansevieria-vert-et-jaune\/"]}]},{"@type":"ImageObject","inLanguage":"fr-FR","@id":"https:\/\/decoplanta.com\/fr\/plantes-dinterieur-artificielles\/plante-sansevieria-vert-et-jaune\/#primaryimage","url":"https:\/\/decoplanta.com\/wp-content\/uploads\/2026\/04\/425392-SANSEVIERIA-97cm.jpg","contentUrl":"https:\/\/decoplanta.com\/wp-content\/uploads\/2026\/04\/425392-SANSEVIERIA-97cm.jpg","width":1080,"height":1080,"caption":"SANSEVIERIA artificial verde y amarillo, de 97 cm de alto"},{"@type":"BreadcrumbList","@id":"https:\/\/decoplanta.com\/fr\/plantes-dinterieur-artificielles\/plante-sansevieria-vert-et-jaune\/#breadcrumb","itemListElement":[{"@type":"ListItem","position":1,"name":"Portada","item":"https:\/\/decoplanta.com\/fr\/"},{"@type":"ListItem","position":2,"name":"Priv\u00e9\u00a0: Tienda","item":"https:\/\/decoplanta.com\/?page_id=377"},{"@type":"ListItem","position":3,"name":"Plante SANSEVIERIA vert\/jaune"}]},{"@type":"WebSite","@id":"https:\/\/decoplanta.com\/fr\/#website","url":"https:\/\/decoplanta.com\/fr\/","name":"PLANTES ET ARBRES ARTIFICIELS TR\u00c8S R\u00c9ALISTES","description":"Proveedor de Plantas artificiales para estudios de Arquitectura, Interiorismo, Paisajismo, Escenograf\u00eda, Tiendas de Decoraci\u00f3n Florister\u00edas y Mobiliario","publisher":{"@id":"https:\/\/decoplanta.com\/fr\/#organization"},"potentialAction":[{"@type":"SearchAction","target":{"@type":"EntryPoint","urlTemplate":"https:\/\/decoplanta.com\/fr\/?s={search_term_string}"},"query-input":{"@type":"PropertyValueSpecification","valueRequired":true,"valueName":"search_term_string"}}],"inLanguage":"fr-FR"},{"@type":"Organization","@id":"https:\/\/decoplanta.com\/fr\/#organization","name":"PLANTES ET ARBRES ARTIFICIELS TR\u00c8S R\u00c9ALISTES","url":"https:\/\/decoplanta.com\/fr\/","logo":{"@type":"ImageObject","inLanguage":"fr-FR","@id":"https:\/\/decoplanta.com\/fr\/#\/schema\/logo\/image\/","url":"https:\/\/decoplanta.com\/wp-content\/uploads\/2021\/02\/decoplanta-logo2020.svg","contentUrl":"https:\/\/decoplanta.com\/wp-content\/uploads\/2021\/02\/decoplanta-logo2020.svg","width":500,"height":500,"caption":"PLANTES ET ARBRES ARTIFICIELS TR\u00c8S R\u00c9ALISTES"},"image":{"@id":"https:\/\/decoplanta.com\/fr\/#\/schema\/logo\/image\/"}}]}},"_links":{"self":[{"href":"https:\/\/decoplanta.com\/fr\/wp-json\/wp\/v2\/product\/9012","targetHints":{"allow":["GET"]}}],"collection":[{"href":"https:\/\/decoplanta.com\/fr\/wp-json\/wp\/v2\/product"}],"about":[{"href":"https:\/\/decoplanta.com\/fr\/wp-json\/wp\/v2\/types\/product"}],"version-history":[{"count":1,"href":"https:\/\/decoplanta.com\/fr\/wp-json\/wp\/v2\/product\/9012\/revisions"}],"predecessor-version":[{"id":9018,"href":"https:\/\/decoplanta.com\/fr\/wp-json\/wp\/v2\/product\/9012\/revisions\/9018"}],"wp:featuredmedia":[{"embeddable":true,"href":"https:\/\/decoplanta.com\/fr\/wp-json\/wp\/v2\/media\/9015"}],"wp:attachment":[{"href":"https:\/\/decoplanta.com\/fr\/wp-json\/wp\/v2\/media?parent=9012"}],"wp:term":[{"taxonomy":"product_brand","embeddable":true,"href":"https:\/\/decoplanta.com\/fr\/wp-json\/wp\/v2\/product_brand?post=9012"},{"taxonomy":"product_cat","embeddable":true,"href":"https:\/\/decoplanta.com\/fr\/wp-json\/wp\/v2\/product_cat?post=9012"},{"taxonomy":"product_tag","embeddable":true,"href":"https:\/\/decoplanta.com\/fr\/wp-json\/wp\/v2\/product_tag?post=9012"}],"curies":[{"name":"wp","href":"https:\/\/api.w.org\/{rel}","templated":true}]}}