{"id":4810,"date":"2022-09-20T09:45:37","date_gmt":"2022-09-20T08:45:37","guid":{"rendered":"https:\/\/decoplanta.com\/politica-de-cookies\/"},"modified":"2023-11-01T14:15:01","modified_gmt":"2023-11-01T13:15:01","slug":"politica-de-cookies","status":"publish","type":"page","link":"https:\/\/decoplanta.com\/pt-pt\/politica-de-cookies\/","title":{"rendered":"Pol\u00edtica de Cookies"},"content":{"rendered":"\t\t<div data-elementor-type=\"wp-page\" data-elementor-id=\"4810\" class=\"elementor elementor-4810 elementor-35\" data-elementor-post-type=\"page\">\n\t\t\t\t\t\t<section class=\"elementor-section elementor-top-section elementor-element elementor-element-66c3159 elementor-section-stretched elementor-section-boxed elementor-section-height-default elementor-section-height-default\" data-id=\"66c3159\" data-element_type=\"section\" data-e-type=\"section\" id=\"section_go-back\" data-settings=\"{&quot;stretch_section&quot;:&quot;section-stretched&quot;,&quot;background_background&quot;:&quot;classic&quot;}\">\n\t\t\t\t\t\t<div class=\"elementor-container elementor-column-gap-default\">\n\t\t\t\t\t<div class=\"elementor-column elementor-col-100 elementor-top-column elementor-element elementor-element-db63cff\" data-id=\"db63cff\" data-element_type=\"column\" data-e-type=\"column\">\n\t\t\t<div class=\"elementor-widget-wrap elementor-element-populated\">\n\t\t\t\t\t\t<div class=\"elementor-element elementor-element-163fcd5 elementor-widget elementor-widget-html\" data-id=\"163fcd5\" data-element_type=\"widget\" data-e-type=\"widget\" data-widget_type=\"html.default\">\n\t\t\t\t<div class=\"elementor-widget-container\">\n\t\t\t\t\t<a id=\"\u201cgo_back\u201d\" href=\"javascript:history.back()\">\n    << Voltar atr\u00e1s<\/a>\t\t\t\t<\/div>\n\t\t\t\t<\/div>\n\t\t\t\t\t<\/div>\n\t\t<\/div>\n\t\t\t\t\t<\/div>\n\t\t<\/section>\n\t\t\t\t<section class=\"elementor-section elementor-top-section elementor-element elementor-element-7b07b5e elementor-section-content-top elementor-section-stretched elementor-section-boxed elementor-section-height-default elementor-section-height-default\" data-id=\"7b07b5e\" data-element_type=\"section\" data-e-type=\"section\" id=\"legal\" data-settings=\"{&quot;stretch_section&quot;:&quot;section-stretched&quot;,&quot;background_background&quot;:&quot;classic&quot;}\">\n\t\t\t\t\t\t\t<div class=\"elementor-background-overlay\"><\/div>\n\t\t\t\t\t\t\t<div class=\"elementor-container elementor-column-gap-no\">\n\t\t\t\t\t<div class=\"elementor-column elementor-col-100 elementor-top-column elementor-element elementor-element-0ab7560\" data-id=\"0ab7560\" data-element_type=\"column\" data-e-type=\"column\">\n\t\t\t<div class=\"elementor-widget-wrap elementor-element-populated\">\n\t\t\t\t\t\t<div class=\"elementor-element elementor-element-e8c2093 elementor-widget elementor-widget-heading\" data-id=\"e8c2093\" data-element_type=\"widget\" data-e-type=\"widget\" data-widget_type=\"heading.default\">\n\t\t\t\t<div class=\"elementor-widget-container\">\n\t\t\t\t\t<h1 class=\"elementor-heading-title elementor-size-xxl\">POL\u00cdTICA DE COOKIES<\/h1>\t\t\t\t<\/div>\n\t\t\t\t<\/div>\n\t\t\t\t<div class=\"elementor-element elementor-element-b97c4eb elementor-widget elementor-widget-text-editor\" data-id=\"b97c4eb\" data-element_type=\"widget\" data-e-type=\"widget\" data-widget_type=\"text-editor.default\">\n\t\t\t\t<div class=\"elementor-widget-container\">\n\t\t\t\t\t\t\t\t\t<h2>Informa\u00e7\u00f5es gerais sobre cookies<\/h2>\n<p>A confian\u00e7a do usu\u00e1rio \u00e9 importante para n\u00f3s e, portanto, na DECOPLANTA GREEN SL nos preocupamos em proteger sua privacidade. Um aspecto importante disso \u00e9 fornecer a voc\u00ea o m\u00e1ximo de informa\u00e7\u00f5a poss\u00edvel sobre como usamos seus dados pessoais, incluindo como usamos armazenamento de dados local e tecnologia semelhante.<\/p>\n<p>O armazenamento de dados local envolve o armazenamento de diferentes tipos de dados localmente em seu dispositivo por meio do navegador da web. Os dados armazenados localmente podem, por exemplo, conter configura\u00e7\u00f5es do usu\u00e1rio, informa\u00e7\u00f5es sobre como voc\u00ea navega em nosso site, qual navegador da Web voc\u00ea usa, quais an\u00fancios foram exibidos e comportamento semelhante em sites com os quais colaboramos. Os dados armazenados localmente podem ser usados \u200b\u200bpara personalizar o conte\u00fado e os recursos de nossos servi\u00e7os para que suas visitas sejam mais convenientes e significativas.<\/p>\n<p>Um m\u00e9todo de armazenamento de dados local s\u00e3o os cookies. Cookies s\u00e3o pequenos arquivos de texto armazenados em seu dispositivo (PC, celular ou tablet) que nos permitem reconhecer seu navegador web. As cookies cont\u00eam informa\u00e7\u00f5es principalmente sobre seu navegador da Web e qualquer atividade que tenha ocorrido nele. Eles nos ajudam a garantir a seguran\u00e7a e o funcionamento ideal do nosso site, uma vez que voc\u00ea sai do nosso site, eles s\u00e3o eliminados (cookies de seguran\u00e7a e cookies de sess\u00e3o) e recolhem informa\u00e7\u00f5es sobre os produtos nos quais nossos visitantes da Internet est\u00e3o interessados \u200b\u200be como navegam em nosso site para tornar nossa ofertas online mais atrativas para os usu\u00e1rios (cookies de rastreamento).<\/p>\n<h2>Informa\u00e7\u00f5es suplementares sobre cookies<\/h2>\n<p>Usamos o armazenamento de dados local para v\u00e1rios prop\u00f3sitos, como: para permitir que executemos nossos servi\u00e7os; fornecer conte\u00fado relevante e personalizado quando voc\u00ea visita nossos sites; medir e analisar o tr\u00e1fego do nosso site; melhorar nossos servi\u00e7os; e direcionar publicidade espec\u00edfica. Aqui est\u00e3o mais detalhes sobre esses temas:<\/p>\n<p><strong>Para nossa publicidade<\/strong><\/p>\n<p>Usamos armazenamento de dados local em conex\u00e3o com atividades de publicidade. Isso nos permite saber se e com que frequ\u00eancia o usu\u00e1rio viu um an\u00fancio ou um determinado tipo de an\u00fancio e quanto tempo passou desde que o viu.<br \/>Tamb\u00e9m usamos armazenamento de dados local para criar segmentos e grupos-alvo para fins de marketing e para direcionar an\u00fancios espec\u00edficos.<\/p>\n<p><strong>Para analisar e melhorar nossos servi\u00e7os<\/strong><\/p>\n<p>Utilizamos diversas ferramentas de medi\u00e7\u00e3o que nos fornecem estat\u00edsticas e an\u00e1lises relacionadas aos nossos servi\u00e7os. Essas ferramentas nos permitem reconhecer o navegador da web ao longo do tempo e descobrir se o usu\u00e1rio j\u00e1 visitou o site antes e, em caso afirmativo, com que frequ\u00eancia. Essas ferramentas nos permitem obter uma vis\u00e3o geral de quantos usu\u00e1rios \u00fanicos temos e como eles usam nossos servi\u00e7os.<br \/>Tamb\u00e9m usamos as informa\u00e7\u00f5es que coletamos e analisamos para desenvolver e melhorar nossos servi\u00e7os; por exemplo, descobrir quais servi\u00e7os geram muito tr\u00e1fego ou ver se um servi\u00e7o est\u00e1 funcionando de maneira ideal.<\/p>\n<p><strong>Para entregar e adaptar os servi\u00e7os ao seu uso<\/strong><\/p>\n<p>O armazenamento local de dados \u00e9 necess\u00e1rio e requerido para permitir que voc\u00ea use nossos servi\u00e7os, como informa\u00e7\u00f5es sobre suas configura\u00e7\u00f5es, que nos informam como os servi\u00e7os devem ser apresentados em seu navegador da web.<br \/>Tamb\u00e9m usamos armazenamento de dados local para adaptar nossos servi\u00e7os ao seu uso da melhor forma poss\u00edvel.<\/p>\n<h2>Gerenciamento de cookies<\/h2>\n<p>Voc\u00ea pode desativar os cookies ou configurar seu navegador para notific\u00e1-lo quando um cookie for enviado a voc\u00ea.<\/p>\n<p>As configura\u00e7\u00f5es do seu navegador geralmente mostram uma lista de todos os cookies que foram armazenados para fornecer uma vis\u00e3o geral e, se desejar, excluir cookies indesejados. Normalmente, voc\u00ea pode indicar que aceita o armazenamento de cookies dos sites que visita ou de terceiros afiliados a esses sites. Voc\u00ea tamb\u00e9m pode optar por ser notificado sempre que um novo cookie for armazenado. Orienta\u00e7\u00f5es sobre como fazer isso em diferentes navegadores da Web s\u00e3o fornecidas abaixo. Seu navegador da web normalmente armazena cookies em uma pasta espec\u00edfica em seu disco r\u00edgido para que voc\u00ea tamb\u00e9m possa examinar o conte\u00fado com mais detalhes.<\/p>\n<p>No entanto, os cookies presentes no site mudam com frequ\u00eancia e nem todos os cookies s\u00e3o igualmente importantes. Portanto, se a DECOPLANTA GREEN SL alterar o uso de cookies de rastreamento, voc\u00ea ser\u00e1 notificado com uma mensagem.<\/p>\n<p>Tamb\u00e9m est\u00e3o dispon\u00edveis servi\u00e7os que foram especialmente desenvolvidos para fornecer aos usu\u00e1rios uma lista atualizada de cookies e outros mecanismos de rastreamento.<\/p>\n<p>Observe que, se voc\u00ea desativ\u00e1-los, talvez n\u00e3o consiga aproveitar todas as funcionalidades do nosso site.<\/p>\n<p>Abaixo est\u00e1 um resumo de como os dados armazenados localmente podem ser gerenciados em diferentes navegadores da web. Observe que esse processo pode mudar e as descri\u00e7\u00f5es fornecidas aqui podem n\u00e3o ser atuais.<\/p>\n<p><strong>Gerenciamento de cookies no Google Chrome<\/strong><\/p>\n<ul>\n<li style=\"font-weight: 400;\" aria-level=\"1\"><span style=\"font-weight: 400;\">Como excluir cookies:<\/span>\n<ol>\n<li style=\"font-weight: 400;\" aria-level=\"2\"><span style=\"font-weight: 400;\">V\u00e1 para Configura\u00e7\u00f5es no menu do seu navegador.<\/span><\/li>\n<li style=\"font-weight: 400;\" aria-level=\"2\"><span style=\"font-weight: 400;\">Clique em Mostrar configura\u00e7\u00f5es avan\u00e7adas.<\/span><\/li>\n<li style=\"font-weight: 400;\" aria-level=\"2\"><span style=\"font-weight: 400;\">Clique em Limpar dados de navega\u00e7\u00e3o.<\/span><\/li>\n<li style=\"font-weight: 400;\" aria-level=\"2\"><span style=\"font-weight: 400;\">Selecione o per\u00edodo de tempo para o qual voc\u00ea deseja excluir informa\u00e7\u00f5es no menu na parte superior. Se voc\u00ea deseja excluir todas as cookies do seu navegador, clique em Desde o in\u00edcio dos tempos.<\/span><\/li>\n<li style=\"font-weight: 400;\" aria-level=\"2\"><span style=\"font-weight: 400;\">Verifique cookies e outros dados de sites e plug-ins.<\/span><\/li>\n<li style=\"font-weight: 400;\" aria-level=\"2\"><span style=\"font-weight: 400;\">Clique em Limpar dados de navega\u00e7\u00e3o.<\/span><\/li>\n<li style=\"font-weight: 400;\" aria-level=\"2\"><span style=\"font-weight: 400;\">Fecha a janela.<\/span><\/li>\n<\/ol>\n<\/li>\n<li style=\"font-weight: 400;\" aria-level=\"1\"><span style=\"font-weight: 400;\">Como evitar que as cookies sejam armazenadas no navegador da web:<\/span>\n<ol>\n<li style=\"font-weight: 400;\" aria-level=\"2\"><span style=\"font-weight: 400;\">V\u00e1 para Configura\u00e7\u00f5es no menu do seu navegador.<\/span><\/li>\n<li style=\"font-weight: 400;\" aria-level=\"2\"><span style=\"font-weight: 400;\">Clique em Mostrar configura\u00e7\u00f5es avan\u00e7adas e clique em Configura\u00e7\u00f5es de conte\u00fado.<\/span><\/li>\n<li style=\"font-weight: 400;\" aria-level=\"2\"><span style=\"font-weight: 400;\">Em Cookies, selecione sua op\u00e7\u00e3o preferida. Se voc\u00ea quiser impedir que todas as cookies sejam armazenadas, clique em N\u00e3o permitir que sites armazenem dados.<\/span><\/li>\n<li style=\"font-weight: 400;\" aria-level=\"2\"><span style=\"font-weight: 400;\">Clique em Conclu\u00eddo.<\/span><\/li>\n<li style=\"font-weight: 400;\" aria-level=\"2\"><span style=\"font-weight: 400;\">Fecha a janela.<\/span><\/li>\n<\/ol>\n<\/li>\n<\/ul>\n<p><strong>Gerenciamento de cookies no Safari<\/strong><\/p>\n<ul>\n<li style=\"font-weight: 400;\" aria-level=\"1\"><span style=\"font-weight: 400;\">Como excluir cookies:<\/span>\n<ol>\n<li style=\"font-weight: 400;\" aria-level=\"2\"><span style=\"font-weight: 400;\">V\u00e1 para Prefer\u00eancias no menu do seu navegador.<\/span><\/li>\n<li style=\"font-weight: 400;\" aria-level=\"2\"><span style=\"font-weight: 400;\">Clique na guia Privacidade.<\/span><\/li>\n<li style=\"font-weight: 400;\" aria-level=\"2\"><span style=\"font-weight: 400;\">Clique em Excluir todos os dados do site e, em seguida, clique em Excluir para excluir todos os cookies.<\/span><\/li>\n<li style=\"font-weight: 400;\" aria-level=\"2\"><span style=\"font-weight: 400;\">Fecha a janela.<\/span><\/li>\n<\/ol>\n<\/li>\n<li style=\"font-weight: 400;\" aria-level=\"1\"><span style=\"font-weight: 400;\">Como evitar que as cookies sejam armazenadas no navegador da web:<\/span>\n<ol>\n<li style=\"font-weight: 400;\" aria-level=\"2\"><span style=\"font-weight: 400;\">V\u00e1 para Prefer\u00eancias no menu do seu navegador<\/span><\/li>\n<li style=\"font-weight: 400;\" aria-level=\"2\"><span style=\"font-weight: 400;\">Clique na guia Privacidade.<\/span><\/li>\n<li style=\"font-weight: 400;\" aria-level=\"2\"><span style=\"font-weight: 400;\">Em Cookies e dados do site, selecione sua op\u00e7\u00e3o preferida. Se voc\u00ea quiser impedir que todas as cookies sejam armazenadas, clique em Sempre Bloquear.<\/span><\/li>\n<li style=\"font-weight: 400;\" aria-level=\"2\"><span style=\"font-weight: 400;\">Fecha a janela.<\/span><\/li>\n<\/ol>\n<\/li>\n<\/ul>\n<p><strong>Gerenciamento de cookies no Mozilla Firefox<\/strong><\/p>\n<ul>\n<li style=\"font-weight: 400;\" aria-level=\"1\"><span style=\"font-weight: 400;\">Como excluir cookies:<\/span>\n<ol>\n<li style=\"font-weight: 400;\" aria-level=\"2\"><span style=\"font-weight: 400;\">V\u00e1 para Op\u00e7\u00f5es no menu do seu navegador.<\/span><\/li>\n<li style=\"font-weight: 400;\" aria-level=\"2\"><span style=\"font-weight: 400;\">Clique na guia Privacidade.<\/span><\/li>\n<li style=\"font-weight: 400;\" aria-level=\"2\"><span style=\"font-weight: 400;\">Clique em Mostrar cookies.<\/span><\/li>\n<li style=\"font-weight: 400;\" aria-level=\"2\"><span style=\"font-weight: 400;\">Selecione os cookies que deseja excluir e clique em Excluir selecionados. Clique em Excluir tudo se quiser excluir todas as cookies do seu navegador da web.<\/span><\/li>\n<li style=\"font-weight: 400;\" aria-level=\"2\"><span style=\"font-weight: 400;\">Fecha a janela. Todas as altera\u00e7\u00f5es feitas ser\u00e3o salvas automaticamente.<\/span><\/li>\n<\/ol>\n<\/li>\n<li style=\"font-weight: 400;\" aria-level=\"1\"><span style=\"font-weight: 400;\">Como evitar que as cookies sejam armazenadas no navegador da web:<\/span>\n<ol>\n<li style=\"font-weight: 400;\" aria-level=\"2\"><span style=\"font-weight: 400;\">V\u00e1 para Configura\u00e7\u00f5es no menu do seu navegador.<\/span><\/li>\n<li style=\"font-weight: 400;\" aria-level=\"2\"><span style=\"font-weight: 400;\">Selecione a guia Privacidade.<\/span><\/li>\n<li style=\"font-weight: 400;\" aria-level=\"2\"><span style=\"font-weight: 400;\">Em Hist\u00f3rico, clique em Usar configura\u00e7\u00f5es personalizadas para hist\u00f3rico.<\/span><\/li>\n<li style=\"font-weight: 400;\" aria-level=\"2\"><span style=\"font-weight: 400;\">Selecione suas op\u00e7\u00f5es preferidas em Permitir cookies de sites. Se voc\u00ea quiser impedir que todas as cookies sejam armazenadas, desmarque a caixa Aceitar cookies de sites.<\/span><\/li>\n<li style=\"font-weight: 400;\" aria-level=\"2\"><span style=\"font-weight: 400;\">Fecha a janela. Todas as altera\u00e7\u00f5es feitas ser\u00e3o salvas automaticamente.<\/span><\/li>\n<\/ol>\n<\/li>\n<\/ul>\n<p><strong>Gerenciamento de cookies no Internet Explorer<\/strong><\/p>\n<ul>\n<li style=\"font-weight: 400;\" aria-level=\"1\"><span style=\"font-weight: 400;\">Como excluir cookies:<\/span>\n<ol>\n<li style=\"font-weight: 400;\" aria-level=\"2\"><span style=\"font-weight: 400;\">V\u00e1 para Ferramentas (\u00edcone de engrenagem) no menu do seu navegador.<\/span><\/li>\n<li style=\"font-weight: 400;\" aria-level=\"2\"><span style=\"font-weight: 400;\">Clique em Propriedades da Internet.<\/span><\/li>\n<li style=\"font-weight: 400;\" aria-level=\"2\"><span style=\"font-weight: 400;\">Na guia Geral &#8211; Hist\u00f3rico de navega\u00e7\u00e3o, clique em Excluir.<\/span><\/li>\n<li style=\"font-weight: 400;\" aria-level=\"2\"><span style=\"font-weight: 400;\">Certifique-se de verificar a op\u00e7\u00e3o Cookies e dados do site.<\/span><\/li>\n<li style=\"font-weight: 400;\" aria-level=\"2\"><span style=\"font-weight: 400;\">Clique em Excluir.<\/span><\/li>\n<li style=\"font-weight: 400;\" aria-level=\"2\"><span style=\"font-weight: 400;\">Clique OK.<\/span><\/li>\n<\/ol>\n<\/li>\n<li style=\"font-weight: 400;\" aria-level=\"1\"><span style=\"font-weight: 400;\">Como evitar que as cookies sejam armazenadas no navegador da web:<\/span>\n<ol>\n<li style=\"font-weight: 400;\" aria-level=\"2\"><span style=\"font-weight: 400;\">V\u00e1 para Ferramentas (\u00edcone de engrenagem) no menu do seu navegador.<\/span><\/li>\n<li style=\"font-weight: 400;\" aria-level=\"2\"><span style=\"font-weight: 400;\">Clique em Op\u00e7\u00f5es da Internet e, em seguida, clique na guia Privacidade.<\/span><\/li>\n<li style=\"font-weight: 400;\" aria-level=\"2\"><span style=\"font-weight: 400;\">Mova o controle deslizante para o n\u00edvel desejado. Se voc\u00ea deseja impedir que todas as cookies sejam armazenadas, selecione o n\u00edvel Bloquear todas as cookies.<\/span><\/li>\n<li style=\"font-weight: 400;\" aria-level=\"2\"><span style=\"font-weight: 400;\">Clique OK.<\/span><\/li>\n<\/ol>\n<\/li>\n<\/ul>\n<p><strong>Gerenciamento de cookies no Opera<\/strong><\/p>\n<ul>\n<li style=\"font-weight: 400;\" aria-level=\"1\"><span style=\"font-weight: 400;\">Como excluir cookies:<\/span>\n<ol>\n<li style=\"font-weight: 400;\" aria-level=\"2\"><span style=\"font-weight: 400;\">V\u00e1 para Configura\u00e7\u00f5es no menu do seu navegador.<\/span><\/li>\n<li style=\"font-weight: 400;\" aria-level=\"2\"><span style=\"font-weight: 400;\">Selecione a guia Privacidade e Seguran\u00e7a.<\/span><\/li>\n<li style=\"font-weight: 400;\" aria-level=\"2\"><span style=\"font-weight: 400;\">Clique em Cookies e, em seguida, clique em Todas as cookies e dados do site.<\/span><\/li>\n<li style=\"font-weight: 400;\" aria-level=\"2\"><span style=\"font-weight: 400;\">Selecione as cookies que deseja excluir e clique em Excluir. Clique em Excluir tudo se quiser excluir todas as cookies do seu navegador da web.<\/span><\/li>\n<li style=\"font-weight: 400;\" aria-level=\"2\"><span style=\"font-weight: 400;\">Clique em Conclu\u00eddo.<\/span><\/li>\n<li style=\"font-weight: 400;\" aria-level=\"2\"><span style=\"font-weight: 400;\">Fecha a janela.<\/span><\/li>\n<\/ol>\n<\/li>\n<li style=\"font-weight: 400;\" aria-level=\"1\"><span style=\"font-weight: 400;\">Como evitar que as cookies sejam armazenadas no navegador da web:<\/span>\n<ol>\n<li style=\"font-weight: 400;\" aria-level=\"2\"><span style=\"font-weight: 400;\">V\u00e1 para Configura\u00e7\u00f5es no menu do seu navegador.<\/span><\/li>\n<li style=\"font-weight: 400;\" aria-level=\"2\"><span style=\"font-weight: 400;\">Selecione a guia Privacidade e Seguran\u00e7a. <\/span><span style=\"font-weight: 400;\">Em Cookies, selecione sua op\u00e7\u00e3o preferida. Se voc\u00ea quiser impedir que todas as cookies sejam armazenadas, clique em N\u00e3o permitir que sites armazenem dados.<\/span><\/li>\n<li style=\"font-weight: 400;\" aria-level=\"2\">Fecha a janela.<\/li>\n<\/ol>\n<\/li>\n<\/ul>\n<h2>Informa\u00e7\u00e3o de contato<\/h2>\n<p>Para maior transpar\u00eancia, se voc\u00ea tiver alguma d\u00favida sobre o uso de armazenamento local em nosso site, entre em contato conosco em ADMINISTRACION@DECOPLANTA.COM, indicando no assunto &#8220;Pol\u00edtica de Cookies&#8221;.<\/p>\n\t\t\t\t\t\t\t\t<\/div>\n\t\t\t\t<\/div>\n\t\t\t\t\t<\/div>\n\t\t<\/div>\n\t\t\t\t\t<\/div>\n\t\t<\/section>\n\t\t\t\t<\/div>\n\t\t","protected":false},"excerpt":{"rendered":"","protected":false},"author":2,"featured_media":0,"parent":0,"menu_order":0,"comment_status":"closed","ping_status":"closed","template":"","meta":{"_monsterinsights_skip_tracking":false,"_monsterinsights_sitenote_active":false,"_monsterinsights_sitenote_note":"","_monsterinsights_sitenote_category":0,"footnotes":""},"class_list":["post-4810","page","type-page","status-publish"],"yoast_head":"<!-- This site is optimized with the Yoast SEO plugin v27.4 - https:\/\/yoast.com\/product\/yoast-seo-wordpress\/ -->\n<title>Pol\u00edtica de Cookies - Plantas y \u00e1rboles artificiales de Alto Realismo<\/title>\n<meta name=\"robots\" content=\"noindex, nofollow\" \/>\n<meta property=\"og:locale\" content=\"pt_PT\" \/>\n<meta property=\"og:type\" content=\"article\" \/>\n<meta property=\"og:title\" content=\"Pol\u00edtica de Cookies - Plantas y \u00e1rboles artificiales de Alto Realismo\" \/>\n<meta property=\"og:url\" content=\"https:\/\/decoplanta.com\/pt-pt\/politica-de-cookies\/\" \/>\n<meta property=\"og:site_name\" content=\"Plantas y \u00e1rboles artificiales de Alto Realismo\" \/>\n<meta property=\"article:modified_time\" content=\"2023-11-01T13:15:01+00:00\" \/>\n<meta name=\"twitter:card\" content=\"summary_large_image\" \/>\n<meta name=\"twitter:label1\" content=\"Tempo estimado de leitura\" \/>\n\t<meta name=\"twitter:data1\" content=\"8 minutos\" \/>\n<script type=\"application\/ld+json\" class=\"yoast-schema-graph\">{\"@context\":\"https:\\\/\\\/schema.org\",\"@graph\":[{\"@type\":\"WebPage\",\"@id\":\"https:\\\/\\\/decoplanta.com\\\/pt-pt\\\/politica-de-cookies\\\/\",\"url\":\"https:\\\/\\\/decoplanta.com\\\/pt-pt\\\/politica-de-cookies\\\/\",\"name\":\"Pol\u00edtica de Cookies - Plantas y \u00e1rboles artificiales de Alto Realismo\",\"isPartOf\":{\"@id\":\"https:\\\/\\\/decoplanta.com\\\/pt-pt\\\/#website\"},\"datePublished\":\"2022-09-20T08:45:37+00:00\",\"dateModified\":\"2023-11-01T13:15:01+00:00\",\"breadcrumb\":{\"@id\":\"https:\\\/\\\/decoplanta.com\\\/pt-pt\\\/politica-de-cookies\\\/#breadcrumb\"},\"inLanguage\":\"pt-PT\",\"potentialAction\":[{\"@type\":\"ReadAction\",\"target\":[\"https:\\\/\\\/decoplanta.com\\\/pt-pt\\\/politica-de-cookies\\\/\"]}]},{\"@type\":\"BreadcrumbList\",\"@id\":\"https:\\\/\\\/decoplanta.com\\\/pt-pt\\\/politica-de-cookies\\\/#breadcrumb\",\"itemListElement\":[{\"@type\":\"ListItem\",\"position\":1,\"name\":\"Portada\",\"item\":\"https:\\\/\\\/decoplanta.com\\\/pt-pt\\\/\"},{\"@type\":\"ListItem\",\"position\":2,\"name\":\"Pol\u00edtica de Cookies\"}]},{\"@type\":\"WebSite\",\"@id\":\"https:\\\/\\\/decoplanta.com\\\/pt-pt\\\/#website\",\"url\":\"https:\\\/\\\/decoplanta.com\\\/pt-pt\\\/\",\"name\":\"Plantas y \u00e1rboles artificiales de Alto Realismo\",\"description\":\"Proveedor de Plantas artificiales para estudios de Arquitectura, Interiorismo, Paisajismo, Escenograf\u00eda, Tiendas de Decoraci\u00f3n Florister\u00edas y Mobiliario\",\"publisher\":{\"@id\":\"https:\\\/\\\/decoplanta.com\\\/pt-pt\\\/#organization\"},\"potentialAction\":[{\"@type\":\"SearchAction\",\"target\":{\"@type\":\"EntryPoint\",\"urlTemplate\":\"https:\\\/\\\/decoplanta.com\\\/pt-pt\\\/?s={search_term_string}\"},\"query-input\":{\"@type\":\"PropertyValueSpecification\",\"valueRequired\":true,\"valueName\":\"search_term_string\"}}],\"inLanguage\":\"pt-PT\"},{\"@type\":\"Organization\",\"@id\":\"https:\\\/\\\/decoplanta.com\\\/pt-pt\\\/#organization\",\"name\":\"Plantas y \u00e1rboles artificiales de Alto Realismo\",\"url\":\"https:\\\/\\\/decoplanta.com\\\/pt-pt\\\/\",\"logo\":{\"@type\":\"ImageObject\",\"inLanguage\":\"pt-PT\",\"@id\":\"https:\\\/\\\/decoplanta.com\\\/pt-pt\\\/#\\\/schema\\\/logo\\\/image\\\/\",\"url\":\"https:\\\/\\\/decoplanta.com\\\/wp-content\\\/uploads\\\/2021\\\/02\\\/decoplanta-logo2020.svg\",\"contentUrl\":\"https:\\\/\\\/decoplanta.com\\\/wp-content\\\/uploads\\\/2021\\\/02\\\/decoplanta-logo2020.svg\",\"width\":500,\"height\":500,\"caption\":\"Plantas y \u00e1rboles artificiales de Alto Realismo\"},\"image\":{\"@id\":\"https:\\\/\\\/decoplanta.com\\\/pt-pt\\\/#\\\/schema\\\/logo\\\/image\\\/\"}}]}<\/script>\n<!-- \/ Yoast SEO plugin. -->","yoast_head_json":{"title":"Pol\u00edtica de Cookies - Plantas y \u00e1rboles artificiales de Alto Realismo","robots":{"index":"noindex","follow":"nofollow"},"og_locale":"pt_PT","og_type":"article","og_title":"Pol\u00edtica de Cookies - Plantas y \u00e1rboles artificiales de Alto Realismo","og_url":"https:\/\/decoplanta.com\/pt-pt\/politica-de-cookies\/","og_site_name":"Plantas y \u00e1rboles artificiales de Alto Realismo","article_modified_time":"2023-11-01T13:15:01+00:00","twitter_card":"summary_large_image","twitter_misc":{"Tempo estimado de leitura":"8 minutos"},"schema":{"@context":"https:\/\/schema.org","@graph":[{"@type":"WebPage","@id":"https:\/\/decoplanta.com\/pt-pt\/politica-de-cookies\/","url":"https:\/\/decoplanta.com\/pt-pt\/politica-de-cookies\/","name":"Pol\u00edtica de Cookies - Plantas y \u00e1rboles artificiales de Alto Realismo","isPartOf":{"@id":"https:\/\/decoplanta.com\/pt-pt\/#website"},"datePublished":"2022-09-20T08:45:37+00:00","dateModified":"2023-11-01T13:15:01+00:00","breadcrumb":{"@id":"https:\/\/decoplanta.com\/pt-pt\/politica-de-cookies\/#breadcrumb"},"inLanguage":"pt-PT","potentialAction":[{"@type":"ReadAction","target":["https:\/\/decoplanta.com\/pt-pt\/politica-de-cookies\/"]}]},{"@type":"BreadcrumbList","@id":"https:\/\/decoplanta.com\/pt-pt\/politica-de-cookies\/#breadcrumb","itemListElement":[{"@type":"ListItem","position":1,"name":"Portada","item":"https:\/\/decoplanta.com\/pt-pt\/"},{"@type":"ListItem","position":2,"name":"Pol\u00edtica de Cookies"}]},{"@type":"WebSite","@id":"https:\/\/decoplanta.com\/pt-pt\/#website","url":"https:\/\/decoplanta.com\/pt-pt\/","name":"Plantas y \u00e1rboles artificiales de Alto Realismo","description":"Proveedor de Plantas artificiales para estudios de Arquitectura, Interiorismo, Paisajismo, Escenograf\u00eda, Tiendas de Decoraci\u00f3n Florister\u00edas y Mobiliario","publisher":{"@id":"https:\/\/decoplanta.com\/pt-pt\/#organization"},"potentialAction":[{"@type":"SearchAction","target":{"@type":"EntryPoint","urlTemplate":"https:\/\/decoplanta.com\/pt-pt\/?s={search_term_string}"},"query-input":{"@type":"PropertyValueSpecification","valueRequired":true,"valueName":"search_term_string"}}],"inLanguage":"pt-PT"},{"@type":"Organization","@id":"https:\/\/decoplanta.com\/pt-pt\/#organization","name":"Plantas y \u00e1rboles artificiales de Alto Realismo","url":"https:\/\/decoplanta.com\/pt-pt\/","logo":{"@type":"ImageObject","inLanguage":"pt-PT","@id":"https:\/\/decoplanta.com\/pt-pt\/#\/schema\/logo\/image\/","url":"https:\/\/decoplanta.com\/wp-content\/uploads\/2021\/02\/decoplanta-logo2020.svg","contentUrl":"https:\/\/decoplanta.com\/wp-content\/uploads\/2021\/02\/decoplanta-logo2020.svg","width":500,"height":500,"caption":"Plantas y \u00e1rboles artificiales de Alto Realismo"},"image":{"@id":"https:\/\/decoplanta.com\/pt-pt\/#\/schema\/logo\/image\/"}}]}},"_links":{"self":[{"href":"https:\/\/decoplanta.com\/pt-pt\/wp-json\/wp\/v2\/pages\/4810","targetHints":{"allow":["GET"]}}],"collection":[{"href":"https:\/\/decoplanta.com\/pt-pt\/wp-json\/wp\/v2\/pages"}],"about":[{"href":"https:\/\/decoplanta.com\/pt-pt\/wp-json\/wp\/v2\/types\/page"}],"author":[{"embeddable":true,"href":"https:\/\/decoplanta.com\/pt-pt\/wp-json\/wp\/v2\/users\/2"}],"replies":[{"embeddable":true,"href":"https:\/\/decoplanta.com\/pt-pt\/wp-json\/wp\/v2\/comments?post=4810"}],"version-history":[{"count":0,"href":"https:\/\/decoplanta.com\/pt-pt\/wp-json\/wp\/v2\/pages\/4810\/revisions"}],"wp:attachment":[{"href":"https:\/\/decoplanta.com\/pt-pt\/wp-json\/wp\/v2\/media?parent=4810"}],"curies":[{"name":"wp","href":"https:\/\/api.w.org\/{rel}","templated":true}]}}