{"id":4817,"date":"2022-09-20T10:13:52","date_gmt":"2022-09-20T09:13:52","guid":{"rendered":"https:\/\/decoplanta.com\/termos-e-condicoes-de-venda\/"},"modified":"2023-11-01T14:15:39","modified_gmt":"2023-11-01T13:15:39","slug":"termos-e-condicoes-de-venda","status":"publish","type":"page","link":"https:\/\/decoplanta.com\/pt-pt\/termos-e-condicoes-de-venda\/","title":{"rendered":"Termos e Condi\u00e7\u00f5es de Venda"},"content":{"rendered":"\t\t<div data-elementor-type=\"wp-page\" data-elementor-id=\"4817\" class=\"elementor elementor-4817 elementor-37\" data-elementor-post-type=\"page\">\n\t\t\t\t\t\t<section class=\"elementor-section elementor-top-section elementor-element elementor-element-df01514 elementor-section-stretched elementor-section-boxed elementor-section-height-default elementor-section-height-default\" data-id=\"df01514\" data-element_type=\"section\" data-e-type=\"section\" id=\"section_go-back\" data-settings=\"{&quot;stretch_section&quot;:&quot;section-stretched&quot;,&quot;background_background&quot;:&quot;classic&quot;}\">\n\t\t\t\t\t\t<div class=\"elementor-container elementor-column-gap-default\">\n\t\t\t\t\t<div class=\"elementor-column elementor-col-100 elementor-top-column elementor-element elementor-element-0b7e14b\" data-id=\"0b7e14b\" data-element_type=\"column\" data-e-type=\"column\">\n\t\t\t<div class=\"elementor-widget-wrap elementor-element-populated\">\n\t\t\t\t\t\t<div class=\"elementor-element elementor-element-bbf0f8d elementor-widget elementor-widget-html\" data-id=\"bbf0f8d\" data-element_type=\"widget\" data-e-type=\"widget\" data-widget_type=\"html.default\">\n\t\t\t\t<div class=\"elementor-widget-container\">\n\t\t\t\t\t<a id=\"\u201cgo_back\u201d\" href=\"javascript:history.back()\">\n    << Voltar atr\u00e1s<\/a>\t\t\t\t<\/div>\n\t\t\t\t<\/div>\n\t\t\t\t\t<\/div>\n\t\t<\/div>\n\t\t\t\t\t<\/div>\n\t\t<\/section>\n\t\t\t\t<section class=\"elementor-section elementor-top-section elementor-element elementor-element-cbae28c elementor-section-stretched elementor-section-content-top elementor-section-boxed elementor-section-height-default elementor-section-height-default\" data-id=\"cbae28c\" data-element_type=\"section\" data-e-type=\"section\" id=\"legal\" data-settings=\"{&quot;stretch_section&quot;:&quot;section-stretched&quot;,&quot;background_background&quot;:&quot;classic&quot;}\">\n\t\t\t\t\t\t\t<div class=\"elementor-background-overlay\"><\/div>\n\t\t\t\t\t\t\t<div class=\"elementor-container elementor-column-gap-no\">\n\t\t\t\t\t<div class=\"elementor-column elementor-col-100 elementor-top-column elementor-element elementor-element-990d430\" data-id=\"990d430\" data-element_type=\"column\" data-e-type=\"column\">\n\t\t\t<div class=\"elementor-widget-wrap elementor-element-populated\">\n\t\t\t\t\t\t<div class=\"elementor-element elementor-element-3fecd8d elementor-widget elementor-widget-heading\" data-id=\"3fecd8d\" data-element_type=\"widget\" data-e-type=\"widget\" data-widget_type=\"heading.default\">\n\t\t\t\t<div class=\"elementor-widget-container\">\n\t\t\t\t\t<h1 class=\"elementor-heading-title elementor-size-default\">CONDI\u00c7\u00d5ES DE VENDA DECOPLANTA GREEN, S.L.<\/h1>\t\t\t\t<\/div>\n\t\t\t\t<\/div>\n\t\t\t\t<div class=\"elementor-element elementor-element-62bf718 elementor-widget elementor-widget-text-editor\" data-id=\"62bf718\" data-element_type=\"widget\" data-e-type=\"widget\" data-widget_type=\"text-editor.default\">\n\t\t\t\t<div class=\"elementor-widget-container\">\n\t\t\t\t\t\t\t\t\t<ol><li><strong>IMPOSTOS:\u00a0<\/strong>Os pre\u00e7os publicados no pdf descarreg\u00e1vel hospedado no nosso website atrav\u00e9s do link &#8220;CAT\u00c1LOGO \/ PRE\u00c7OS&#8221;, n\u00e3o incluem 21% de IVA que ser\u00e1 cobrado na factura.<\/li><li><strong>ARTIGOS:\u00a0<\/strong>Decoplanta Green, S.L. <span style=\"font-weight: 400;\">\u00a0reserva-se o direito de modificar a apresenta\u00e7\u00e3o, medidas e formul\u00e1rios publicados sem aviso pr\u00e9vio por motivos de mat\u00e9ria-prima.<\/span><\/li><li><strong>CLIENTES: <span style=\"font-weight: 400;\">Decoplanta Green S.L. cancela a venda a seus clientes atrav\u00e9s da web www.decoplanta.com cadastro pr\u00e9vio de cliente. Para qualquer d\u00favida ou consulta, pode contactar o nosso staff por telefone ou email: 91 920 09 10 e\/ou administracion@decoplanta.com.<\/span><\/strong><\/li><li><strong>FORMA DE PAGAMENTO<\/strong>: <span style=\"font-weight: 400;\">As compras efetuadas ser\u00e3o pagas atrav\u00e9s de qualquer um dos meios de pagamento existentes (Consulte). Somente clientes autorizados pelo nosso departamento de administra\u00e7\u00e3o podem comprar a cr\u00e9dito, podem solicit\u00e1-lo via e-mail para administracion@decoplanta.com.<\/span><\/li><li><strong>PRAZOS DE ENVIO<\/strong>: Decoplanta Green S.L. enviar\u00e1 as encomendas efetuadas no prazo de 48\/72 horas para produtos em stock no territ\u00f3rio espanhol.<p><span style=\"font-weight: 400;\">Decoplanta Green S.L. entregar\u00e1 as encomendas em 48\/72 horas \u00e0 ag\u00eancia de transporte, sendo esta a que far\u00e1 a entrega num prazo aproximado de 3\/5 dias para o territ\u00f3rio portugu\u00e9s, excepto as Ilhas.<\/span><\/p><\/li><li><strong>ENTREGA: <span style=\"font-weight: 400;\">As \u00e1rvores e plantas ser\u00e3o entregues totalmente embaladas e protegidas, ap\u00f3s inspe\u00e7\u00e3o pelo nosso departamento de qualidade. O cliente \u00e9 obrigado a comunicar \u00e0 Decoplanta qualquer <\/span><span style=\"font-weight: 400;\">estrago<\/span><span style=\"font-weight: 400;\"> ou anomalia desde o momento da recep\u00e7\u00e3o at\u00e9 \u00e0s 24 horas seguintes.<\/span><\/strong><\/li><li><strong>INCIDENTES NO TRANSPORTE OU MUDAN\u00c7AS E DEVOLU\u00c7\u00d5ES:<\/strong><\/li><\/ol><ul><li><strong>ALTERA\u00c7\u00d5ES E DEVOLU\u00c7\u00d5ES DE MERCADORIA DEFEITUOSA:<\/strong><\/li><\/ul><p><span style=\"font-weight: 400;\">Quando o cliente receber mercadoria danificada ou defeituosa, dever\u00e1 comunicar ao nosso departamento administrativo no prazo m\u00e1ximo de 24 horas para proceder \u00e0 substitui\u00e7\u00e3o do artigo e \u00e0 gest\u00e3o junto da ag\u00eancia de transporte.<\/span><\/p><ul><li><strong>DEVOLU\u00c7\u00d5ES E TROCAS:<\/strong><\/li><\/ul><p><span style=\"font-weight: 400;\">O cliente tem 15 dias a partir da data da fatura para a devolu\u00e7\u00e3o. Altera\u00e7\u00f5es ou devolu\u00e7\u00f5es s\u00f3 s\u00e3o permitidas, com autoriza\u00e7\u00e3o pr\u00e9via da Decoplanta Green S.L. O cliente dever\u00e1 enviar a mercadoria com frete pr\u00e9-pago para nossos armaz\u00e9ns, sempre em boas condi\u00e7\u00f5es, com a embalagem original e sem danos externos e internos. Uma vez verificados esses requisitos, o valor pago ser\u00e1 reembolsado. A Decoplanta reserva-se o direito de reter 30% para despesas de manuseamento e gest\u00e3o.<\/span><\/p><h3><strong>CUSTOS DE TRANSPORTE:<\/strong><\/h3><p><span style=\"font-weight: 400;\">A DECOPLANTA disp\u00f5e de um servi\u00e7o de envio com os pre\u00e7os publicados no momento da compra. O cliente pode solicitar a recolha nos nossos armaz\u00e9ns junto da sua ag\u00eancia de transporte ou por meios pr\u00f3prios. O custo em cada caso depender\u00e1 do volume, peso e destino final.<\/span><\/p><h3><strong>ACEITA\u00c7\u00c3O DAS CONDI\u00c7\u00d5ES DE VENDA:<\/strong><\/h3><p><span style=\"font-weight: 400;\">Todas as encomendas feitas \u00e0 Decoplanta Green, S.L. implicam a aceita\u00e7\u00e3o sem reservas das nossas condi\u00e7\u00f5es gerais. Qualquer conflito ou lit\u00edgio relacionado com a referida rela\u00e7\u00e3o comercial ser\u00e1 resolvido nos tribunais de Madrid.<\/span><\/p>\t\t\t\t\t\t\t\t<\/div>\n\t\t\t\t<\/div>\n\t\t\t\t\t<\/div>\n\t\t<\/div>\n\t\t\t\t\t<\/div>\n\t\t<\/section>\n\t\t\t\t<section class=\"elementor-section elementor-top-section elementor-element elementor-element-61e6ce8d elementor-section-stretched elementor-hidden-desktop elementor-hidden-tablet elementor-hidden-phone elementor-section-boxed elementor-section-height-default elementor-section-height-default\" data-id=\"61e6ce8d\" data-element_type=\"section\" data-e-type=\"section\" data-settings=\"{&quot;stretch_section&quot;:&quot;section-stretched&quot;,&quot;background_background&quot;:&quot;gradient&quot;}\">\n\t\t\t\t\t\t<div class=\"elementor-container elementor-column-gap-default\">\n\t\t\t\t\t<div class=\"elementor-column elementor-col-100 elementor-top-column elementor-element elementor-element-5115facf\" data-id=\"5115facf\" data-element_type=\"column\" data-e-type=\"column\">\n\t\t\t<div class=\"elementor-widget-wrap elementor-element-populated\">\n\t\t\t\t\t\t<div class=\"elementor-element elementor-element-7902e6b3 elementor-widget elementor-widget-heading\" data-id=\"7902e6b3\" data-element_type=\"widget\" data-e-type=\"widget\" data-widget_type=\"heading.default\">\n\t\t\t\t<div class=\"elementor-widget-container\">\n\t\t\t\t\t<h2 class=\"elementor-heading-title elementor-size-default\">Quero um or\u00e7amento<\/h2>\t\t\t\t<\/div>\n\t\t\t\t<\/div>\n\t\t\t\t<div class=\"elementor-element elementor-element-6a26bd37 elementor-align-center parpadea elementor-widget elementor-widget-button\" data-id=\"6a26bd37\" data-element_type=\"widget\" data-e-type=\"widget\" data-widget_type=\"button.default\">\n\t\t\t\t<div class=\"elementor-widget-container\">\n\t\t\t\t\t\t\t\t\t<div class=\"elementor-button-wrapper\">\n\t\t\t\t\t<a class=\"elementor-button elementor-button-link elementor-size-sm\" href=\"#\" target=\"_blank\">\n\t\t\t\t\t\t<span class=\"elementor-button-content-wrapper\">\n\t\t\t\t\t\t\t\t\t<span class=\"elementor-button-text\">aplicar agora<\/span>\n\t\t\t\t\t<\/span>\n\t\t\t\t\t<\/a>\n\t\t\t\t<\/div>\n\t\t\t\t\t\t\t\t<\/div>\n\t\t\t\t<\/div>\n\t\t\t\t\t<\/div>\n\t\t<\/div>\n\t\t\t\t\t<\/div>\n\t\t<\/section>\n\t\t\t\t<\/div>\n\t\t","protected":false},"excerpt":{"rendered":"","protected":false},"author":2,"featured_media":0,"parent":0,"menu_order":0,"comment_status":"closed","ping_status":"closed","template":"","meta":{"_monsterinsights_skip_tracking":false,"_monsterinsights_sitenote_active":false,"_monsterinsights_sitenote_note":"","_monsterinsights_sitenote_category":0,"footnotes":""},"class_list":["post-4817","page","type-page","status-publish"],"yoast_head":"<!-- This site is optimized with the Yoast SEO plugin v27.3 - https:\/\/yoast.com\/product\/yoast-seo-wordpress\/ -->\n<title>Termos e Condi\u00e7\u00f5es de Venda - Plantas y \u00e1rboles artificiales de Alto Realismo<\/title>\n<meta name=\"robots\" content=\"noindex, nofollow\" \/>\n<meta property=\"og:locale\" content=\"pt_PT\" \/>\n<meta property=\"og:type\" content=\"article\" \/>\n<meta property=\"og:title\" content=\"Termos e Condi\u00e7\u00f5es de Venda - Plantas y \u00e1rboles artificiales de Alto Realismo\" \/>\n<meta property=\"og:url\" content=\"https:\/\/decoplanta.com\/pt-pt\/termos-e-condicoes-de-venda\/\" \/>\n<meta property=\"og:site_name\" content=\"Plantas y \u00e1rboles artificiales de Alto Realismo\" \/>\n<meta property=\"article:modified_time\" content=\"2023-11-01T13:15:39+00:00\" \/>\n<meta name=\"twitter:card\" content=\"summary_large_image\" \/>\n<meta name=\"twitter:label1\" content=\"Tempo estimado de leitura\" \/>\n\t<meta name=\"twitter:data1\" content=\"3 minutos\" \/>\n<script type=\"application\/ld+json\" class=\"yoast-schema-graph\">{\"@context\":\"https:\\\/\\\/schema.org\",\"@graph\":[{\"@type\":\"WebPage\",\"@id\":\"https:\\\/\\\/decoplanta.com\\\/pt-pt\\\/termos-e-condicoes-de-venda\\\/\",\"url\":\"https:\\\/\\\/decoplanta.com\\\/pt-pt\\\/termos-e-condicoes-de-venda\\\/\",\"name\":\"Termos e Condi\u00e7\u00f5es de Venda - Plantas y \u00e1rboles artificiales de Alto Realismo\",\"isPartOf\":{\"@id\":\"https:\\\/\\\/decoplanta.com\\\/pt-pt\\\/#website\"},\"datePublished\":\"2022-09-20T09:13:52+00:00\",\"dateModified\":\"2023-11-01T13:15:39+00:00\",\"breadcrumb\":{\"@id\":\"https:\\\/\\\/decoplanta.com\\\/pt-pt\\\/termos-e-condicoes-de-venda\\\/#breadcrumb\"},\"inLanguage\":\"pt-PT\",\"potentialAction\":[{\"@type\":\"ReadAction\",\"target\":[\"https:\\\/\\\/decoplanta.com\\\/pt-pt\\\/termos-e-condicoes-de-venda\\\/\"]}]},{\"@type\":\"BreadcrumbList\",\"@id\":\"https:\\\/\\\/decoplanta.com\\\/pt-pt\\\/termos-e-condicoes-de-venda\\\/#breadcrumb\",\"itemListElement\":[{\"@type\":\"ListItem\",\"position\":1,\"name\":\"Portada\",\"item\":\"https:\\\/\\\/decoplanta.com\\\/pt-pt\\\/\"},{\"@type\":\"ListItem\",\"position\":2,\"name\":\"Termos e Condi\u00e7\u00f5es de Venda\"}]},{\"@type\":\"WebSite\",\"@id\":\"https:\\\/\\\/decoplanta.com\\\/pt-pt\\\/#website\",\"url\":\"https:\\\/\\\/decoplanta.com\\\/pt-pt\\\/\",\"name\":\"Plantas y \u00e1rboles artificiales de Alto Realismo\",\"description\":\"Proveedor de Plantas artificiales para estudios de Arquitectura, Interiorismo, Paisajismo, Escenograf\u00eda, Tiendas de Decoraci\u00f3n Florister\u00edas y Mobiliario\",\"publisher\":{\"@id\":\"https:\\\/\\\/decoplanta.com\\\/pt-pt\\\/#organization\"},\"potentialAction\":[{\"@type\":\"SearchAction\",\"target\":{\"@type\":\"EntryPoint\",\"urlTemplate\":\"https:\\\/\\\/decoplanta.com\\\/pt-pt\\\/?s={search_term_string}\"},\"query-input\":{\"@type\":\"PropertyValueSpecification\",\"valueRequired\":true,\"valueName\":\"search_term_string\"}}],\"inLanguage\":\"pt-PT\"},{\"@type\":\"Organization\",\"@id\":\"https:\\\/\\\/decoplanta.com\\\/pt-pt\\\/#organization\",\"name\":\"Plantas y \u00e1rboles artificiales de Alto Realismo\",\"url\":\"https:\\\/\\\/decoplanta.com\\\/pt-pt\\\/\",\"logo\":{\"@type\":\"ImageObject\",\"inLanguage\":\"pt-PT\",\"@id\":\"https:\\\/\\\/decoplanta.com\\\/pt-pt\\\/#\\\/schema\\\/logo\\\/image\\\/\",\"url\":\"https:\\\/\\\/decoplanta.com\\\/wp-content\\\/uploads\\\/2021\\\/02\\\/decoplanta-logo2020.svg\",\"contentUrl\":\"https:\\\/\\\/decoplanta.com\\\/wp-content\\\/uploads\\\/2021\\\/02\\\/decoplanta-logo2020.svg\",\"width\":500,\"height\":500,\"caption\":\"Plantas y \u00e1rboles artificiales de Alto Realismo\"},\"image\":{\"@id\":\"https:\\\/\\\/decoplanta.com\\\/pt-pt\\\/#\\\/schema\\\/logo\\\/image\\\/\"}}]}<\/script>\n<!-- \/ Yoast SEO plugin. -->","yoast_head_json":{"title":"Termos e Condi\u00e7\u00f5es de Venda - Plantas y \u00e1rboles artificiales de Alto Realismo","robots":{"index":"noindex","follow":"nofollow"},"og_locale":"pt_PT","og_type":"article","og_title":"Termos e Condi\u00e7\u00f5es de Venda - Plantas y \u00e1rboles artificiales de Alto Realismo","og_url":"https:\/\/decoplanta.com\/pt-pt\/termos-e-condicoes-de-venda\/","og_site_name":"Plantas y \u00e1rboles artificiales de Alto Realismo","article_modified_time":"2023-11-01T13:15:39+00:00","twitter_card":"summary_large_image","twitter_misc":{"Tempo estimado de leitura":"3 minutos"},"schema":{"@context":"https:\/\/schema.org","@graph":[{"@type":"WebPage","@id":"https:\/\/decoplanta.com\/pt-pt\/termos-e-condicoes-de-venda\/","url":"https:\/\/decoplanta.com\/pt-pt\/termos-e-condicoes-de-venda\/","name":"Termos e Condi\u00e7\u00f5es de Venda - Plantas y \u00e1rboles artificiales de Alto Realismo","isPartOf":{"@id":"https:\/\/decoplanta.com\/pt-pt\/#website"},"datePublished":"2022-09-20T09:13:52+00:00","dateModified":"2023-11-01T13:15:39+00:00","breadcrumb":{"@id":"https:\/\/decoplanta.com\/pt-pt\/termos-e-condicoes-de-venda\/#breadcrumb"},"inLanguage":"pt-PT","potentialAction":[{"@type":"ReadAction","target":["https:\/\/decoplanta.com\/pt-pt\/termos-e-condicoes-de-venda\/"]}]},{"@type":"BreadcrumbList","@id":"https:\/\/decoplanta.com\/pt-pt\/termos-e-condicoes-de-venda\/#breadcrumb","itemListElement":[{"@type":"ListItem","position":1,"name":"Portada","item":"https:\/\/decoplanta.com\/pt-pt\/"},{"@type":"ListItem","position":2,"name":"Termos e Condi\u00e7\u00f5es de Venda"}]},{"@type":"WebSite","@id":"https:\/\/decoplanta.com\/pt-pt\/#website","url":"https:\/\/decoplanta.com\/pt-pt\/","name":"Plantas y \u00e1rboles artificiales de Alto Realismo","description":"Proveedor de Plantas artificiales para estudios de Arquitectura, Interiorismo, Paisajismo, Escenograf\u00eda, Tiendas de Decoraci\u00f3n Florister\u00edas y Mobiliario","publisher":{"@id":"https:\/\/decoplanta.com\/pt-pt\/#organization"},"potentialAction":[{"@type":"SearchAction","target":{"@type":"EntryPoint","urlTemplate":"https:\/\/decoplanta.com\/pt-pt\/?s={search_term_string}"},"query-input":{"@type":"PropertyValueSpecification","valueRequired":true,"valueName":"search_term_string"}}],"inLanguage":"pt-PT"},{"@type":"Organization","@id":"https:\/\/decoplanta.com\/pt-pt\/#organization","name":"Plantas y \u00e1rboles artificiales de Alto Realismo","url":"https:\/\/decoplanta.com\/pt-pt\/","logo":{"@type":"ImageObject","inLanguage":"pt-PT","@id":"https:\/\/decoplanta.com\/pt-pt\/#\/schema\/logo\/image\/","url":"https:\/\/decoplanta.com\/wp-content\/uploads\/2021\/02\/decoplanta-logo2020.svg","contentUrl":"https:\/\/decoplanta.com\/wp-content\/uploads\/2021\/02\/decoplanta-logo2020.svg","width":500,"height":500,"caption":"Plantas y \u00e1rboles artificiales de Alto Realismo"},"image":{"@id":"https:\/\/decoplanta.com\/pt-pt\/#\/schema\/logo\/image\/"}}]}},"_links":{"self":[{"href":"https:\/\/decoplanta.com\/pt-pt\/wp-json\/wp\/v2\/pages\/4817","targetHints":{"allow":["GET"]}}],"collection":[{"href":"https:\/\/decoplanta.com\/pt-pt\/wp-json\/wp\/v2\/pages"}],"about":[{"href":"https:\/\/decoplanta.com\/pt-pt\/wp-json\/wp\/v2\/types\/page"}],"author":[{"embeddable":true,"href":"https:\/\/decoplanta.com\/pt-pt\/wp-json\/wp\/v2\/users\/2"}],"replies":[{"embeddable":true,"href":"https:\/\/decoplanta.com\/pt-pt\/wp-json\/wp\/v2\/comments?post=4817"}],"version-history":[{"count":0,"href":"https:\/\/decoplanta.com\/pt-pt\/wp-json\/wp\/v2\/pages\/4817\/revisions"}],"wp:attachment":[{"href":"https:\/\/decoplanta.com\/pt-pt\/wp-json\/wp\/v2\/media?parent=4817"}],"curies":[{"name":"wp","href":"https:\/\/api.w.org\/{rel}","templated":true}]}}