{"id":4821,"date":"2022-09-20T10:19:19","date_gmt":"2022-09-20T09:19:19","guid":{"rendered":"https:\/\/decoplanta.com\/empresa\/"},"modified":"2023-11-01T14:10:26","modified_gmt":"2023-11-01T13:10:26","slug":"empresa","status":"publish","type":"page","link":"https:\/\/decoplanta.com\/pt-pt\/empresa\/","title":{"rendered":"Empresa"},"content":{"rendered":"\t\t<div data-elementor-type=\"wp-page\" data-elementor-id=\"4821\" class=\"elementor elementor-4821 elementor-19\" data-elementor-post-type=\"page\">\n\t\t\t\t\t\t<section class=\"elementor-section elementor-top-section elementor-element elementor-element-9e53f00 elementor-section-stretched elementor-section-boxed elementor-section-height-default elementor-section-height-default\" data-id=\"9e53f00\" data-element_type=\"section\" data-e-type=\"section\" id=\"section_go-back\" data-settings=\"{&quot;stretch_section&quot;:&quot;section-stretched&quot;,&quot;background_background&quot;:&quot;classic&quot;}\">\n\t\t\t\t\t\t<div class=\"elementor-container elementor-column-gap-default\">\n\t\t\t\t\t<div class=\"elementor-column elementor-col-100 elementor-top-column elementor-element elementor-element-4e46e7d\" data-id=\"4e46e7d\" data-element_type=\"column\" data-e-type=\"column\">\n\t\t\t<div class=\"elementor-widget-wrap elementor-element-populated\">\n\t\t\t\t\t\t<div class=\"elementor-element elementor-element-ef8cb67 elementor-widget elementor-widget-html\" data-id=\"ef8cb67\" data-element_type=\"widget\" data-e-type=\"widget\" data-widget_type=\"html.default\">\n\t\t\t\t<div class=\"elementor-widget-container\">\n\t\t\t\t\t<a id=\"\u201cgo_back\u201d\" href=\"javascript:history.back()\">\n    << Voltar atr\u00e1s<\/a>\t\t\t\t<\/div>\n\t\t\t\t<\/div>\n\t\t\t\t\t<\/div>\n\t\t<\/div>\n\t\t\t\t\t<\/div>\n\t\t<\/section>\n\t\t\t\t<section class=\"elementor-section elementor-top-section elementor-element elementor-element-2bef34a elementor-section-content-top elementor-section-stretched elementor-section-boxed elementor-section-height-default elementor-section-height-default\" data-id=\"2bef34a\" data-element_type=\"section\" data-e-type=\"section\" id=\"legal\" data-settings=\"{&quot;stretch_section&quot;:&quot;section-stretched&quot;,&quot;background_background&quot;:&quot;classic&quot;}\">\n\t\t\t\t\t\t\t<div class=\"elementor-background-overlay\"><\/div>\n\t\t\t\t\t\t\t<div class=\"elementor-container elementor-column-gap-no\">\n\t\t\t\t\t<div class=\"elementor-column elementor-col-100 elementor-top-column elementor-element elementor-element-fa955db\" data-id=\"fa955db\" data-element_type=\"column\" data-e-type=\"column\">\n\t\t\t<div class=\"elementor-widget-wrap elementor-element-populated\">\n\t\t\t\t\t\t<div class=\"elementor-element elementor-element-7b64ef5 elementor-widget elementor-widget-heading\" data-id=\"7b64ef5\" data-element_type=\"widget\" data-e-type=\"widget\" data-widget_type=\"heading.default\">\n\t\t\t\t<div class=\"elementor-widget-container\">\n\t\t\t\t\t<h2 class=\"elementor-heading-title elementor-size-default\">EMPRESA DECOPLANTA<\/h2>\t\t\t\t<\/div>\n\t\t\t\t<\/div>\n\t\t\t\t<div class=\"elementor-element elementor-element-89be341 elementor-hidden-desktop elementor-hidden-tablet elementor-hidden-phone elementor-widget elementor-widget-text-editor\" data-id=\"89be341\" data-element_type=\"widget\" data-e-type=\"widget\" data-widget_type=\"text-editor.default\">\n\t\t\t\t<div class=\"elementor-widget-container\">\n\t\t\t\t\t\t\t\t\t<h2>Decoplanta Green: Fornecedores de Plantas Artificiais<\/h2>\n<p>Somos fornecedores de plantas e \u00e1rvores artificiais altamente realistas em Madrid e Guadalajara. A DECOPLANTA foi criada para satisfazer as exig\u00eancias dos clientes mais exigentes. Estes clientes querem desfrutar da qualidade e design das nossas \u00e1rvores e plantas artificiais.<\/p>\n<h3>Porque somos um fornecedor de plantas artificiais?<\/h3>\n<p>DECOPLANTA nasceu com o compromisso permanente de inovar. Tamb\u00e9m, para fornecer aos nossos clientes a mais vasta gama de modelos, tamanhos e n\u00edveis de acabamento.<\/p>\n<p>Oferecemos uma grande e completa <a href=\"https:\/\/decoplanta.com\/pt-pt\/\" target=\"_blank\" rel=\"noopener\">variedade de esp\u00e9cimes<\/a> com alturas diferentes. Todos eles se adaptam a todas as necessidades de decora\u00e7\u00e3o de espa\u00e7os.<\/p>\n<h3>Fornecedores de plantas artificiais. Como \u00e9 feita a Comercializa\u00e7\u00e3o?<\/h3>\n<p>Como fornecedor de plantas e \u00e1rvores artificiais altamente realistas, oferecemos a mais alta qualidade. Al\u00e9m disso, as nossas \u00e1rvores e plantas s\u00e3o comercializadas atrav\u00e9s de uma rede de distribui\u00e7\u00e3o fi\u00e1vel. Esta rede, claro, baseia-se na confian\u00e7a da nossa rede de concession\u00e1rios. Os nossos distribuidores s\u00e3o, evidentemente, cuidadosamente seleccionados pelas suas qualidades profissionais.<\/p>\n<h3>Tem uma loja online e precisa de um fornecedor de plantas artificiais?<\/h3>\n<p>Se assim for, pode querer tornar-se um distribuidor das nossas fant\u00e1sticas plantas artificiais. Mas se n\u00e3o tiver uma loja online, n\u00e3o importa! Pode vend\u00ea-los tamb\u00e9m na sua loja f\u00edsica.<\/p>\n<p>Preencha o formul\u00e1rio, e entraremos em contacto consigo o mais rapidamente poss\u00edvel.<\/p>\n<p>DECOPLANTA tem um armaz\u00e9m central com um grande stock em Madrid e <a href=\"https:\/\/www.google.com\/maps\/uv?pb=!1s0xd43af3408b9eeeb%3A0x7cd2afc485a92392!3m1!7e115!4shttps%3A%2F%2Flh5.googleusercontent.com%2Fp%2FAF1QipNedfIeuEnRsoRBNybKpNd7HLRV2oDGU7F2LthH%3Dw284-h160-k-no!5sdecoplanta%20green%20guadalajara%20-%20Buscar%20con%20Google!15sCgIgAQ&amp;imagekey=!1e10!2sAF1QipNedfIeuEnRsoRBNybKpNd7HLRV2oDGU7F2LthH&amp;hl=es&amp;sa=X&amp;ved=2ahUKEwiW6of4vbLxAhUGAWMBHaGjBXYQoip6BAhIEAM\" target=\"_blank\" rel=\"noopener\">Guadalajara<\/a>. Garantimos a m\u00e1xima agilidade na entrega de encomendas a n\u00edvel nacional.<\/p>\n<p>Temos uma equipa de profissionais, cada um especializado na sua pr\u00f3pria \u00e1rea (administra\u00e7\u00e3o, vendas, encomendas, log\u00edstica e departamentos de marketing). Fornecemos aconselhamento profissional e todos os recursos necess\u00e1rios para fazer do sucesso um objectivo comum. <a href=\"https:\/\/es.wikipedia.org\/wiki\/Calidad\" target=\"_blank\" rel=\"noopener\">Qualidade<\/a>, servi\u00e7o e compromisso s\u00e3o os valores que nos permitem crescer de m\u00e3os dadas com os nossos clientes todos os dias. Evidentemente, satisfazendo os pedidos de distribui\u00e7\u00e3o em \u00e1reas livres eleg\u00edveis.<\/p>\n<h3><strong>Visite a nossa exposi\u00e7\u00e3o (apenas por marca\u00e7\u00e3o)<\/strong><\/h3>\n<p><img fetchpriority=\"high\" decoding=\"async\" class=\"alignnone size-medium wp-image-2100\" src=\"https:\/\/decoplanta.com\/wp-content\/uploads\/2021\/06\/Proveedores_de_Plantas_artificiales_en_Madrid-Exposicion-768x423.png\" alt=\"Fornecedores de Plantas Artificiais em Madrid-Exposi\u00e7\u00e3o em Guadalajara\" width=\"768\" height=\"423\" srcset=\"https:\/\/decoplanta.com\/wp-content\/uploads\/2021\/06\/Proveedores_de_Plantas_artificiales_en_Madrid-Exposicion-768x423.png 768w, https:\/\/decoplanta.com\/wp-content\/uploads\/2021\/06\/Proveedores_de_Plantas_artificiales_en_Madrid-Exposicion-500x275.png 500w, https:\/\/decoplanta.com\/wp-content\/uploads\/2021\/06\/Proveedores_de_Plantas_artificiales_en_Madrid-Exposicion-600x330.png 600w, https:\/\/decoplanta.com\/wp-content\/uploads\/2021\/06\/Proveedores_de_Plantas_artificiales_en_Madrid-Exposicion.png 1503w\" sizes=\"(max-width: 768px) 100vw, 768px\" \/><\/p>\n<p>Pol\u00edgono Industrial de Fontanar<br \/>Camino Del Beljafel S\/N, Nave 3.<br \/>19290 Fontanar<br \/>GUADALAJARA<\/p>\n\t\t\t\t\t\t\t\t<\/div>\n\t\t\t\t<\/div>\n\t\t\t\t<div class=\"elementor-element elementor-element-ced5715 elementor-widget elementor-widget-text-editor\" data-id=\"ced5715\" data-element_type=\"widget\" data-e-type=\"widget\" data-widget_type=\"text-editor.default\">\n\t\t\t\t<div class=\"elementor-widget-container\">\n\t\t\t\t\t\t\t\t\t<p>A DECOPLANTA \u00e9 uma empresa criada para responder \u00e0s demandas dos clientes mais exigentes que pretendem desfrutar da qualidade e desenho das nossas \u00e1rvores e plantas artificiais. Oferecemos uma ampla e completa variedade de esp\u00e9cimes com diferentes alturas, que se adaptam a todas as necessidades de decora\u00e7\u00e3o de espa\u00e7os. A comercializa\u00e7\u00e3o das nossas \u00e1rvores e plantas, bem como dos acess\u00f3rios, assenta na confian\u00e7a da nossa rede de distribuidores, criteriosamente escolhidos pelas suas qualidades profissionais.<\/p>\n<p>A DECOPLANTA nasceu com o compromisso permanente de inovar e oferecer aos nossos clientes a mais ampla gama de modelos, tamanhos e n\u00edveis de acabamento.<\/p>\n<p>A DECOPLANTA disp\u00f5e de um armaz\u00e9m central com grande stock em Madrid que garante a m\u00e1xima agilidade na distribui\u00e7\u00e3o das encomendas a n\u00edvel nacional e internacional.<\/p>\n<p>Contamos com uma equipa de profissionais especializados, cada um na sua \u00e1rea (departamentos administrativos, comerciais, encomendas, log\u00edstica e marketing), prestando aconselhamento profissional e todos os recursos necess\u00e1rios para que fa\u00e7amos do sucesso um objetivo comum. Qualidade, servi\u00e7o e compromisso s\u00e3o os valores que nos permitem crescer lado a lado com os nossos clientes todos os dias, atendendo pedidos de distribui\u00e7\u00e3o em zonas francas que cumprem os requisitos.<\/p>\n<h3><strong>Visite Nossa Exposi\u00e7\u00e3o (Solicite um hor\u00e1rio)<\/strong><\/h3>\n<p>Pol\u00edgono Industrial de Fontanar<br \/>Camino Del Beljafel S\/N, Nave 3.<br \/>19290 Fontanar<br \/>GUADALAJARA<\/p>\n\t\t\t\t\t\t\t\t<\/div>\n\t\t\t\t<\/div>\n\t\t\t\t\t<\/div>\n\t\t<\/div>\n\t\t\t\t\t<\/div>\n\t\t<\/section>\n\t\t\t\t<section class=\"elementor-section elementor-top-section elementor-element elementor-element-232f9abd elementor-section-stretched elementor-hidden-desktop elementor-hidden-tablet elementor-hidden-phone elementor-section-boxed elementor-section-height-default elementor-section-height-default\" data-id=\"232f9abd\" data-element_type=\"section\" data-e-type=\"section\" data-settings=\"{&quot;stretch_section&quot;:&quot;section-stretched&quot;,&quot;background_background&quot;:&quot;gradient&quot;}\">\n\t\t\t\t\t\t<div class=\"elementor-container elementor-column-gap-default\">\n\t\t\t\t\t<div class=\"elementor-column elementor-col-100 elementor-top-column elementor-element elementor-element-4113ff3f\" data-id=\"4113ff3f\" data-element_type=\"column\" data-e-type=\"column\">\n\t\t\t<div class=\"elementor-widget-wrap elementor-element-populated\">\n\t\t\t\t\t\t<div class=\"elementor-element elementor-element-37137eba elementor-widget elementor-widget-heading\" data-id=\"37137eba\" data-element_type=\"widget\" data-e-type=\"widget\" data-widget_type=\"heading.default\">\n\t\t\t\t<div class=\"elementor-widget-container\">\n\t\t\t\t\t<h2 class=\"elementor-heading-title elementor-size-default\">Quero um or\u00e7amento<\/h2>\t\t\t\t<\/div>\n\t\t\t\t<\/div>\n\t\t\t\t<div class=\"elementor-element elementor-element-59afa5d4 elementor-align-center parpadea elementor-widget elementor-widget-button\" data-id=\"59afa5d4\" data-element_type=\"widget\" data-e-type=\"widget\" data-widget_type=\"button.default\">\n\t\t\t\t<div class=\"elementor-widget-container\">\n\t\t\t\t\t\t\t\t\t<div class=\"elementor-button-wrapper\">\n\t\t\t\t\t<a class=\"elementor-button elementor-button-link elementor-size-sm\" href=\"#\" target=\"_blank\">\n\t\t\t\t\t\t<span class=\"elementor-button-content-wrapper\">\n\t\t\t\t\t\t\t\t\t<span class=\"elementor-button-text\">aplicar agora<\/span>\n\t\t\t\t\t<\/span>\n\t\t\t\t\t<\/a>\n\t\t\t\t<\/div>\n\t\t\t\t\t\t\t\t<\/div>\n\t\t\t\t<\/div>\n\t\t\t\t\t<\/div>\n\t\t<\/div>\n\t\t\t\t\t<\/div>\n\t\t<\/section>\n\t\t\t\t<\/div>\n\t\t","protected":false},"excerpt":{"rendered":"","protected":false},"author":2,"featured_media":0,"parent":0,"menu_order":0,"comment_status":"closed","ping_status":"closed","template":"","meta":{"_monsterinsights_skip_tracking":false,"_monsterinsights_sitenote_active":false,"_monsterinsights_sitenote_note":"","_monsterinsights_sitenote_category":0,"footnotes":""},"class_list":["post-4821","page","type-page","status-publish"],"yoast_head":"<!-- This site is optimized with the Yoast SEO plugin v27.3 - https:\/\/yoast.com\/product\/yoast-seo-wordpress\/ -->\n<title>Fornecedor de plantas artificiais em Madrid e Guadalajara<\/title>\n<meta name=\"description\" content=\"Fornecedor de plantas artificiais - satisfazemos as exig\u00eancias dos clientes mais exigentes quanto \u00e0 qualidade das nossas plantas artificiais.\" \/>\n<meta name=\"robots\" content=\"index, follow, max-snippet:-1, max-image-preview:large, max-video-preview:-1\" \/>\n<link rel=\"canonical\" href=\"https:\/\/decoplanta.com\/pt-pt\/empresa\/\" \/>\n<meta property=\"og:locale\" content=\"pt_PT\" \/>\n<meta property=\"og:type\" content=\"article\" \/>\n<meta property=\"og:title\" content=\"Fornecedor de plantas artificiais em Madrid e Guadalajara\" \/>\n<meta property=\"og:description\" content=\"Fornecedor de plantas artificiais - satisfazemos as exig\u00eancias dos clientes mais exigentes quanto \u00e0 qualidade das nossas plantas artificiais.\" \/>\n<meta property=\"og:url\" content=\"https:\/\/decoplanta.com\/pt-pt\/empresa\/\" \/>\n<meta property=\"og:site_name\" content=\"Plantas y \u00e1rboles artificiales de Alto Realismo\" \/>\n<meta property=\"article:modified_time\" content=\"2023-11-01T13:10:26+00:00\" \/>\n<meta property=\"og:image\" content=\"https:\/\/decoplanta.com\/wp-content\/uploads\/2021\/06\/Proveedores_de_Plantas_artificiales_en_Madrid-Exposicion-768x423.png\" \/>\n<meta name=\"twitter:card\" content=\"summary_large_image\" \/>\n<meta name=\"twitter:label1\" content=\"Tempo estimado de leitura\" \/>\n\t<meta name=\"twitter:data1\" content=\"4 minutos\" \/>\n<script type=\"application\/ld+json\" class=\"yoast-schema-graph\">{\"@context\":\"https:\\\/\\\/schema.org\",\"@graph\":[{\"@type\":\"WebPage\",\"@id\":\"https:\\\/\\\/decoplanta.com\\\/pt-pt\\\/empresa\\\/\",\"url\":\"https:\\\/\\\/decoplanta.com\\\/pt-pt\\\/empresa\\\/\",\"name\":\"Fornecedor de plantas artificiais em Madrid e Guadalajara\",\"isPartOf\":{\"@id\":\"https:\\\/\\\/decoplanta.com\\\/pt-pt\\\/#website\"},\"primaryImageOfPage\":{\"@id\":\"https:\\\/\\\/decoplanta.com\\\/pt-pt\\\/empresa\\\/#primaryimage\"},\"image\":{\"@id\":\"https:\\\/\\\/decoplanta.com\\\/pt-pt\\\/empresa\\\/#primaryimage\"},\"thumbnailUrl\":\"https:\\\/\\\/decoplanta.com\\\/wp-content\\\/uploads\\\/2021\\\/06\\\/Proveedores_de_Plantas_artificiales_en_Madrid-Exposicion-768x423.png\",\"datePublished\":\"2022-09-20T09:19:19+00:00\",\"dateModified\":\"2023-11-01T13:10:26+00:00\",\"description\":\"Fornecedor de plantas artificiais - satisfazemos as exig\u00eancias dos clientes mais exigentes quanto \u00e0 qualidade das nossas plantas artificiais.\",\"breadcrumb\":{\"@id\":\"https:\\\/\\\/decoplanta.com\\\/pt-pt\\\/empresa\\\/#breadcrumb\"},\"inLanguage\":\"pt-PT\",\"potentialAction\":[{\"@type\":\"ReadAction\",\"target\":[\"https:\\\/\\\/decoplanta.com\\\/pt-pt\\\/empresa\\\/\"]}]},{\"@type\":\"ImageObject\",\"inLanguage\":\"pt-PT\",\"@id\":\"https:\\\/\\\/decoplanta.com\\\/pt-pt\\\/empresa\\\/#primaryimage\",\"url\":\"https:\\\/\\\/decoplanta.com\\\/wp-content\\\/uploads\\\/2021\\\/06\\\/Proveedores_de_Plantas_artificiales_en_Madrid-Exposicion-768x423.png\",\"contentUrl\":\"https:\\\/\\\/decoplanta.com\\\/wp-content\\\/uploads\\\/2021\\\/06\\\/Proveedores_de_Plantas_artificiales_en_Madrid-Exposicion-768x423.png\"},{\"@type\":\"BreadcrumbList\",\"@id\":\"https:\\\/\\\/decoplanta.com\\\/pt-pt\\\/empresa\\\/#breadcrumb\",\"itemListElement\":[{\"@type\":\"ListItem\",\"position\":1,\"name\":\"Portada\",\"item\":\"https:\\\/\\\/decoplanta.com\\\/pt-pt\\\/\"},{\"@type\":\"ListItem\",\"position\":2,\"name\":\"Empresa\"}]},{\"@type\":\"WebSite\",\"@id\":\"https:\\\/\\\/decoplanta.com\\\/pt-pt\\\/#website\",\"url\":\"https:\\\/\\\/decoplanta.com\\\/pt-pt\\\/\",\"name\":\"Plantas y \u00e1rboles artificiales de Alto Realismo\",\"description\":\"Proveedor de Plantas artificiales para estudios de Arquitectura, Interiorismo, Paisajismo, Escenograf\u00eda, Tiendas de Decoraci\u00f3n Florister\u00edas y Mobiliario\",\"publisher\":{\"@id\":\"https:\\\/\\\/decoplanta.com\\\/pt-pt\\\/#organization\"},\"potentialAction\":[{\"@type\":\"SearchAction\",\"target\":{\"@type\":\"EntryPoint\",\"urlTemplate\":\"https:\\\/\\\/decoplanta.com\\\/pt-pt\\\/?s={search_term_string}\"},\"query-input\":{\"@type\":\"PropertyValueSpecification\",\"valueRequired\":true,\"valueName\":\"search_term_string\"}}],\"inLanguage\":\"pt-PT\"},{\"@type\":\"Organization\",\"@id\":\"https:\\\/\\\/decoplanta.com\\\/pt-pt\\\/#organization\",\"name\":\"Plantas y \u00e1rboles artificiales de Alto Realismo\",\"url\":\"https:\\\/\\\/decoplanta.com\\\/pt-pt\\\/\",\"logo\":{\"@type\":\"ImageObject\",\"inLanguage\":\"pt-PT\",\"@id\":\"https:\\\/\\\/decoplanta.com\\\/pt-pt\\\/#\\\/schema\\\/logo\\\/image\\\/\",\"url\":\"https:\\\/\\\/decoplanta.com\\\/wp-content\\\/uploads\\\/2021\\\/02\\\/decoplanta-logo2020.svg\",\"contentUrl\":\"https:\\\/\\\/decoplanta.com\\\/wp-content\\\/uploads\\\/2021\\\/02\\\/decoplanta-logo2020.svg\",\"width\":500,\"height\":500,\"caption\":\"Plantas y \u00e1rboles artificiales de Alto Realismo\"},\"image\":{\"@id\":\"https:\\\/\\\/decoplanta.com\\\/pt-pt\\\/#\\\/schema\\\/logo\\\/image\\\/\"}}]}<\/script>\n<!-- \/ Yoast SEO plugin. -->","yoast_head_json":{"title":"Fornecedor de plantas artificiais em Madrid e Guadalajara","description":"Fornecedor de plantas artificiais - satisfazemos as exig\u00eancias dos clientes mais exigentes quanto \u00e0 qualidade das nossas plantas artificiais.","robots":{"index":"index","follow":"follow","max-snippet":"max-snippet:-1","max-image-preview":"max-image-preview:large","max-video-preview":"max-video-preview:-1"},"canonical":"https:\/\/decoplanta.com\/pt-pt\/empresa\/","og_locale":"pt_PT","og_type":"article","og_title":"Fornecedor de plantas artificiais em Madrid e Guadalajara","og_description":"Fornecedor de plantas artificiais - satisfazemos as exig\u00eancias dos clientes mais exigentes quanto \u00e0 qualidade das nossas plantas artificiais.","og_url":"https:\/\/decoplanta.com\/pt-pt\/empresa\/","og_site_name":"Plantas y \u00e1rboles artificiales de Alto Realismo","article_modified_time":"2023-11-01T13:10:26+00:00","og_image":[{"url":"https:\/\/decoplanta.com\/wp-content\/uploads\/2021\/06\/Proveedores_de_Plantas_artificiales_en_Madrid-Exposicion-768x423.png","type":"","width":"","height":""}],"twitter_card":"summary_large_image","twitter_misc":{"Tempo estimado de leitura":"4 minutos"},"schema":{"@context":"https:\/\/schema.org","@graph":[{"@type":"WebPage","@id":"https:\/\/decoplanta.com\/pt-pt\/empresa\/","url":"https:\/\/decoplanta.com\/pt-pt\/empresa\/","name":"Fornecedor de plantas artificiais em Madrid e Guadalajara","isPartOf":{"@id":"https:\/\/decoplanta.com\/pt-pt\/#website"},"primaryImageOfPage":{"@id":"https:\/\/decoplanta.com\/pt-pt\/empresa\/#primaryimage"},"image":{"@id":"https:\/\/decoplanta.com\/pt-pt\/empresa\/#primaryimage"},"thumbnailUrl":"https:\/\/decoplanta.com\/wp-content\/uploads\/2021\/06\/Proveedores_de_Plantas_artificiales_en_Madrid-Exposicion-768x423.png","datePublished":"2022-09-20T09:19:19+00:00","dateModified":"2023-11-01T13:10:26+00:00","description":"Fornecedor de plantas artificiais - satisfazemos as exig\u00eancias dos clientes mais exigentes quanto \u00e0 qualidade das nossas plantas artificiais.","breadcrumb":{"@id":"https:\/\/decoplanta.com\/pt-pt\/empresa\/#breadcrumb"},"inLanguage":"pt-PT","potentialAction":[{"@type":"ReadAction","target":["https:\/\/decoplanta.com\/pt-pt\/empresa\/"]}]},{"@type":"ImageObject","inLanguage":"pt-PT","@id":"https:\/\/decoplanta.com\/pt-pt\/empresa\/#primaryimage","url":"https:\/\/decoplanta.com\/wp-content\/uploads\/2021\/06\/Proveedores_de_Plantas_artificiales_en_Madrid-Exposicion-768x423.png","contentUrl":"https:\/\/decoplanta.com\/wp-content\/uploads\/2021\/06\/Proveedores_de_Plantas_artificiales_en_Madrid-Exposicion-768x423.png"},{"@type":"BreadcrumbList","@id":"https:\/\/decoplanta.com\/pt-pt\/empresa\/#breadcrumb","itemListElement":[{"@type":"ListItem","position":1,"name":"Portada","item":"https:\/\/decoplanta.com\/pt-pt\/"},{"@type":"ListItem","position":2,"name":"Empresa"}]},{"@type":"WebSite","@id":"https:\/\/decoplanta.com\/pt-pt\/#website","url":"https:\/\/decoplanta.com\/pt-pt\/","name":"Plantas y \u00e1rboles artificiales de Alto Realismo","description":"Proveedor de Plantas artificiales para estudios de Arquitectura, Interiorismo, Paisajismo, Escenograf\u00eda, Tiendas de Decoraci\u00f3n Florister\u00edas y Mobiliario","publisher":{"@id":"https:\/\/decoplanta.com\/pt-pt\/#organization"},"potentialAction":[{"@type":"SearchAction","target":{"@type":"EntryPoint","urlTemplate":"https:\/\/decoplanta.com\/pt-pt\/?s={search_term_string}"},"query-input":{"@type":"PropertyValueSpecification","valueRequired":true,"valueName":"search_term_string"}}],"inLanguage":"pt-PT"},{"@type":"Organization","@id":"https:\/\/decoplanta.com\/pt-pt\/#organization","name":"Plantas y \u00e1rboles artificiales de Alto Realismo","url":"https:\/\/decoplanta.com\/pt-pt\/","logo":{"@type":"ImageObject","inLanguage":"pt-PT","@id":"https:\/\/decoplanta.com\/pt-pt\/#\/schema\/logo\/image\/","url":"https:\/\/decoplanta.com\/wp-content\/uploads\/2021\/02\/decoplanta-logo2020.svg","contentUrl":"https:\/\/decoplanta.com\/wp-content\/uploads\/2021\/02\/decoplanta-logo2020.svg","width":500,"height":500,"caption":"Plantas y \u00e1rboles artificiales de Alto Realismo"},"image":{"@id":"https:\/\/decoplanta.com\/pt-pt\/#\/schema\/logo\/image\/"}}]}},"_links":{"self":[{"href":"https:\/\/decoplanta.com\/pt-pt\/wp-json\/wp\/v2\/pages\/4821","targetHints":{"allow":["GET"]}}],"collection":[{"href":"https:\/\/decoplanta.com\/pt-pt\/wp-json\/wp\/v2\/pages"}],"about":[{"href":"https:\/\/decoplanta.com\/pt-pt\/wp-json\/wp\/v2\/types\/page"}],"author":[{"embeddable":true,"href":"https:\/\/decoplanta.com\/pt-pt\/wp-json\/wp\/v2\/users\/2"}],"replies":[{"embeddable":true,"href":"https:\/\/decoplanta.com\/pt-pt\/wp-json\/wp\/v2\/comments?post=4821"}],"version-history":[{"count":0,"href":"https:\/\/decoplanta.com\/pt-pt\/wp-json\/wp\/v2\/pages\/4821\/revisions"}],"wp:attachment":[{"href":"https:\/\/decoplanta.com\/pt-pt\/wp-json\/wp\/v2\/media?parent=4821"}],"curies":[{"name":"wp","href":"https:\/\/api.w.org\/{rel}","templated":true}]}}