{"id":4831,"date":"2022-09-20T11:11:14","date_gmt":"2022-09-20T10:11:14","guid":{"rendered":"https:\/\/decoplanta.com\/plantas-e-arvores-artificiais\/"},"modified":"2022-11-27T11:19:09","modified_gmt":"2022-11-27T10:19:09","slug":"plantas-e-arvores-artificiais","status":"publish","type":"page","link":"https:\/\/decoplanta.com\/pt-pt\/plantas-e-arvores-artificiais\/","title":{"rendered":"Plantas e \u00c1rvores Artificiais"},"content":{"rendered":"\n<h2 class=\"wp-block-heading\">Plantas e \u00c1rvores Artificiais Altamente Realistas <\/h2>\n\n\n\n<p>Agora pode comprar Plantas ou \u00c1rvores Artificiais realistas para as suas decora\u00e7\u00f5es. <\/p>\n\n\n\n<p>Pensa que n\u00e3o sabe como cuidar das plantas? Experimente as nossas plantas artificiais! <\/p>\n\n\n\n<p>Pode decorar qualquer espa\u00e7o na sua casa, empresa, escrit\u00f3rio ou centro comercial com personalidade. <img decoding=\"async\" width=\"150\" height=\"194\" class=\"wp-image-2202\" style=\"width: 150px;\" src=\"https:\/\/decoplanta.com\/wp-content\/uploads\/2021\/06\/Plantas_Artificiales.png\" alt=\"Comprar plantas e \u00e1rvores artificiais\" srcset=\"https:\/\/decoplanta.com\/wp-content\/uploads\/2021\/06\/Plantas_Artificiales.png 526w, https:\/\/decoplanta.com\/wp-content\/uploads\/2021\/06\/Plantas_Artificiales-500x645.png 500w\" sizes=\"(max-width: 150px) 100vw, 150px\" \/><\/p>\n\n\n\n<h3 class=\"wp-block-heading\">Qual \u00e9 o seu estilo de planta preferido? <\/h3>\n\n\n\n<p>Pode escolher entre um n\u00famero infinito de <a href=\"https:\/\/www.revistagq.com\/la-buena-vida\/articulo\/mejores-plantas-de-interior-para-hogar\" target=\"_blank\" rel=\"noreferrer noopener\">plantas de interior<\/a>, ou plantas artificiais com protec\u00e7\u00e3o UV, adequadas para utiliza\u00e7\u00e3o no exterior. Porque as plantas artificiais caracterizam-se pelo facto de n\u00e3o necessitarem de manuten\u00e7\u00e3o e permanecerem bonitas e vivas durante anos. <\/p>\n\n\n\n<h3 class=\"wp-block-heading\">O que lhe oferecemos como Fornecedores Artificiais de \u00c1rvores? <\/h3>\n\n\n\n<p>DECOPLANTA nasceu para oferecer aos nossos clientes os mais elevados padr\u00f5es de acabamento. <\/p>\n\n\n\n<p>Oferecemos-lhe uma grande e completa variedade de esp\u00e9cimes muito diferentes. Todos eles se adaptam a todas as necessidades de decora\u00e7\u00e3o de espa\u00e7os. <\/p>\n\n\n\n<h3 class=\"wp-block-heading\">Plantas e \u00e1rvores artificiais altamente realistas. Como decorar com eles? <\/h3>\n\n\n\n<p>Como vendemos plantas e \u00e1rvores artificiais altamente realistas, oferecemos a mais alta qualidade. Al\u00e9m disso, as nossas \u00e1rvores e plantas s\u00e3o vendidas atrav\u00e9s de uma rede de distribui\u00e7\u00e3o fi\u00e1vel. Esta rede, claro, baseia-se na confian\u00e7a da nossa rede de concession\u00e1rios. Os nossos distribuidores s\u00e3o, evidentemente, escolhidos com padr\u00f5es elevados. <\/p>\n\n\n\n<p>No nosso novo <a href=\"https:\/\/decoplanta.com\/catalogo\/TarifasDecoplanta-CatalogoDistribuidor-HR.pdf\">cat\u00e1logo 2022<\/a> tem \u00e0 sua disposi\u00e7\u00e3o todo o tipo de plantas artificiais. Temos ficus, samambaias, bambus, palmas e at\u00e9 bonsai e cactos&#8230; <\/p>\n\n\n\n<p>Pode preferir decorar com plantas tropicais. Tamb\u00e9m lhe oferecemos uma vasta gama de estilos e plantas de todo o mundo. <\/p>\n\n\n\n<p>Entre as nossas plantas artificiais de interior altamente realistas, tamb\u00e9m se podem encontrar mini \u00e1rvores com frutos. Pequenas plantas tais como lavanda ou fetos est\u00e3o \u00e0 sua disposi\u00e7\u00e3o. Temos tamb\u00e9m grandes plantas, com as quais se podem decorar grandes espa\u00e7os interiores e exteriores.<\/p>\n\n\n\n<p><br><a data-e-gallery-tags=\"0\" data-elementor-open-lightbox=\"yes\" data-elementor-lightbox-slideshow=\"all-e999e74\" data-elementor-lightbox-title=\"Plantas artificiales de Interior\" data-elementor-lightbox-description=\"Plantas artificiales de Interior\" href=\"https:\/\/decoplanta.com\/wp-content\/uploads\/2021\/02\/PLANTAS_INTERIOR.jpg\"><br>Plantas artificiais de interior<br><\/a><br><div class=\"woocommerce columns-3\"><ul class=\"products columns-3\">\n<li class=\"product-category product first\">\n\t<a aria-label=\"Visit product category RAMOS E VEGETA\u00c7\u00c3O\" href=\"https:\/\/decoplanta.com\/pt-pt\/flores-e-vegetacao\/\"><img decoding=\"async\" src=\"https:\/\/decoplanta.com\/wp-content\/uploads\/2024\/11\/PINCHA_Y_DECORA-2025-500x333.jpg\" alt=\"RAMOS E VEGETA\u00c7\u00c3O\" width=\"500\" height=\"\" srcset=\"https:\/\/decoplanta.com\/wp-content\/uploads\/2024\/11\/PINCHA_Y_DECORA-2025-500x333.jpg 500w, https:\/\/decoplanta.com\/wp-content\/uploads\/2024\/11\/PINCHA_Y_DECORA-2025-768x512.jpg 768w, https:\/\/decoplanta.com\/wp-content\/uploads\/2024\/11\/PINCHA_Y_DECORA-2025-1920x1279.jpg 1920w, https:\/\/decoplanta.com\/wp-content\/uploads\/2024\/11\/PINCHA_Y_DECORA-2025-1536x1024.jpg 1536w, https:\/\/decoplanta.com\/wp-content\/uploads\/2024\/11\/PINCHA_Y_DECORA-2025-2048x1365.jpg 2048w, https:\/\/decoplanta.com\/wp-content\/uploads\/2024\/11\/PINCHA_Y_DECORA-2025-600x400.jpg 600w\" sizes=\"(max-width: 500px) 100vw, 500px\" \/>\t\t<h2 class=\"woocommerce-loop-category__title\">\n\t\t\tRAMOS E VEGETA\u00c7\u00c3O <mark class=\"count\">(32)<\/mark>\t\t<\/h2>\n\t\t<\/a><\/li>\n<li class=\"product-category product\">\n\t<a aria-label=\"Visit product category PLANTAS SUSPENSAS\" href=\"https:\/\/decoplanta.com\/pt-pt\/plantas-suspensas\/\"><img decoding=\"async\" src=\"https:\/\/decoplanta.com\/wp-content\/uploads\/2023\/11\/PLANTAS_COLGANTES_2024-1-500x333.jpg\" alt=\"PLANTAS SUSPENSAS\" width=\"500\" height=\"\" srcset=\"https:\/\/decoplanta.com\/wp-content\/uploads\/2023\/11\/PLANTAS_COLGANTES_2024-1-500x333.jpg 500w, https:\/\/decoplanta.com\/wp-content\/uploads\/2023\/11\/PLANTAS_COLGANTES_2024-1-768x512.jpg 768w, https:\/\/decoplanta.com\/wp-content\/uploads\/2023\/11\/PLANTAS_COLGANTES_2024-1-1920x1280.jpg 1920w, https:\/\/decoplanta.com\/wp-content\/uploads\/2023\/11\/PLANTAS_COLGANTES_2024-1-1536x1024.jpg 1536w, https:\/\/decoplanta.com\/wp-content\/uploads\/2023\/11\/PLANTAS_COLGANTES_2024-1-2048x1366.jpg 2048w, https:\/\/decoplanta.com\/wp-content\/uploads\/2023\/11\/PLANTAS_COLGANTES_2024-1-600x400.jpg 600w\" sizes=\"(max-width: 500px) 100vw, 500px\" \/>\t\t<h2 class=\"woocommerce-loop-category__title\">\n\t\t\tPLANTAS SUSPENSAS <mark class=\"count\">(39)<\/mark>\t\t<\/h2>\n\t\t<\/a><\/li>\n<li class=\"product-category product last\">\n\t<a aria-label=\"Visit product category PLANTAS EM 3D\" href=\"https:\/\/decoplanta.com\/pt-pt\/plantas-em-3d\/\"><img decoding=\"async\" src=\"https:\/\/decoplanta.com\/wp-content\/uploads\/2023\/08\/02-3DModels-NEW_SECTION-500x281.jpg\" alt=\"PLANTAS EM 3D\" width=\"500\" height=\"\" srcset=\"https:\/\/decoplanta.com\/wp-content\/uploads\/2023\/08\/02-3DModels-NEW_SECTION-500x281.jpg 500w, https:\/\/decoplanta.com\/wp-content\/uploads\/2023\/08\/02-3DModels-NEW_SECTION-768x432.jpg 768w, https:\/\/decoplanta.com\/wp-content\/uploads\/2023\/08\/02-3DModels-NEW_SECTION-1920x1080.jpg 1920w, https:\/\/decoplanta.com\/wp-content\/uploads\/2023\/08\/02-3DModels-NEW_SECTION-1536x864.jpg 1536w, https:\/\/decoplanta.com\/wp-content\/uploads\/2023\/08\/02-3DModels-NEW_SECTION-2048x1152.jpg 2048w, https:\/\/decoplanta.com\/wp-content\/uploads\/2023\/08\/02-3DModels-NEW_SECTION-600x337.jpg 600w\" sizes=\"(max-width: 500px) 100vw, 500px\" \/>\t\t<h2 class=\"woocommerce-loop-category__title\">\n\t\t\tPLANTAS EM 3D <mark class=\"count\">(31)<\/mark>\t\t<\/h2>\n\t\t<\/a><\/li>\n<li class=\"product-category product first\">\n\t<a aria-label=\"Visit product category PLANTAS DE TETO SUSPENSAS\" href=\"https:\/\/decoplanta.com\/pt-pt\/jardim-suspenso-artificial\/\"><img decoding=\"async\" src=\"https:\/\/decoplanta.com\/wp-content\/uploads\/2023\/11\/COLGANTES_DE_TECHO_2024-1-500x333.jpg\" alt=\"PLANTAS DE TETO SUSPENSAS\" width=\"500\" height=\"\" srcset=\"https:\/\/decoplanta.com\/wp-content\/uploads\/2023\/11\/COLGANTES_DE_TECHO_2024-1-500x333.jpg 500w, https:\/\/decoplanta.com\/wp-content\/uploads\/2023\/11\/COLGANTES_DE_TECHO_2024-1-768x512.jpg 768w, https:\/\/decoplanta.com\/wp-content\/uploads\/2023\/11\/COLGANTES_DE_TECHO_2024-1-1920x1280.jpg 1920w, https:\/\/decoplanta.com\/wp-content\/uploads\/2023\/11\/COLGANTES_DE_TECHO_2024-1-1536x1024.jpg 1536w, https:\/\/decoplanta.com\/wp-content\/uploads\/2023\/11\/COLGANTES_DE_TECHO_2024-1-2048x1366.jpg 2048w, https:\/\/decoplanta.com\/wp-content\/uploads\/2023\/11\/COLGANTES_DE_TECHO_2024-1-600x400.jpg 600w\" sizes=\"(max-width: 500px) 100vw, 500px\" \/>\t\t<h2 class=\"woocommerce-loop-category__title\">\n\t\t\tPLANTAS DE TETO SUSPENSAS <mark class=\"count\">(10)<\/mark>\t\t<\/h2>\n\t\t<\/a><\/li>\n<li class=\"product-category product\">\n\t<a aria-label=\"Visit product category PLANTAS DE INTERIORES\" href=\"https:\/\/decoplanta.com\/pt-pt\/plantas-de-interior-artificiais\/\"><img decoding=\"async\" src=\"https:\/\/decoplanta.com\/wp-content\/uploads\/2023\/11\/INTERIOR_2024-1-500x333.jpg\" alt=\"PLANTAS DE INTERIORES\" width=\"500\" height=\"\" srcset=\"https:\/\/decoplanta.com\/wp-content\/uploads\/2023\/11\/INTERIOR_2024-1-500x333.jpg 500w, https:\/\/decoplanta.com\/wp-content\/uploads\/2023\/11\/INTERIOR_2024-1-768x512.jpg 768w, https:\/\/decoplanta.com\/wp-content\/uploads\/2023\/11\/INTERIOR_2024-1-1920x1280.jpg 1920w, https:\/\/decoplanta.com\/wp-content\/uploads\/2023\/11\/INTERIOR_2024-1-1536x1024.jpg 1536w, https:\/\/decoplanta.com\/wp-content\/uploads\/2023\/11\/INTERIOR_2024-1-2048x1366.jpg 2048w, https:\/\/decoplanta.com\/wp-content\/uploads\/2023\/11\/INTERIOR_2024-1-600x400.jpg 600w\" sizes=\"(max-width: 500px) 100vw, 500px\" \/>\t\t<h2 class=\"woocommerce-loop-category__title\">\n\t\t\tPLANTAS DE INTERIORES <mark class=\"count\">(47)<\/mark>\t\t<\/h2>\n\t\t<\/a><\/li>\n<li class=\"product-category product last\">\n\t<a aria-label=\"Visit product category PLANTAS ARTIFICIAIS\" href=\"https:\/\/decoplanta.com\/pt-pt\/plantas-artificiais\/\"><img decoding=\"async\" src=\"https:\/\/decoplanta.com\/wp-content\/uploads\/woocommerce-placeholder.png\" alt=\"PLANTAS ARTIFICIAIS\" width=\"500\" height=\"\" \/>\t\t<h2 class=\"woocommerce-loop-category__title\">\n\t\t\tPLANTAS ARTIFICIAIS <mark class=\"count\">(172)<\/mark>\t\t<\/h2>\n\t\t<\/a><\/li>\n<li class=\"product-category product first\">\n\t<a aria-label=\"Visit product category PLANTAS AO AR LIVRE ARTIFICIAIS\" href=\"https:\/\/decoplanta.com\/pt-pt\/plantas-ao-ar-livre-artificiais\/\"><img decoding=\"async\" src=\"https:\/\/decoplanta.com\/wp-content\/uploads\/2023\/11\/EXTERIOR_2024-1-500x333.jpg\" alt=\"PLANTAS AO AR LIVRE ARTIFICIAIS\" width=\"500\" height=\"\" srcset=\"https:\/\/decoplanta.com\/wp-content\/uploads\/2023\/11\/EXTERIOR_2024-1-500x333.jpg 500w, https:\/\/decoplanta.com\/wp-content\/uploads\/2023\/11\/EXTERIOR_2024-1-768x512.jpg 768w, https:\/\/decoplanta.com\/wp-content\/uploads\/2023\/11\/EXTERIOR_2024-1-1920x1280.jpg 1920w, https:\/\/decoplanta.com\/wp-content\/uploads\/2023\/11\/EXTERIOR_2024-1-1536x1024.jpg 1536w, https:\/\/decoplanta.com\/wp-content\/uploads\/2023\/11\/EXTERIOR_2024-1-2048x1366.jpg 2048w, https:\/\/decoplanta.com\/wp-content\/uploads\/2023\/11\/EXTERIOR_2024-1-600x400.jpg 600w\" sizes=\"(max-width: 500px) 100vw, 500px\" \/>\t\t<h2 class=\"woocommerce-loop-category__title\">\n\t\t\tPLANTAS AO AR LIVRE ARTIFICIAIS <mark class=\"count\">(31)<\/mark>\t\t<\/h2>\n\t\t<\/a><\/li>\n<li class=\"product-category product\">\n\t<a aria-label=\"Visit product category PLANTAS A PROVA DE FOGO\" href=\"https:\/\/decoplanta.com\/pt-pt\/plantas-retardadoras-de-fogo\/\"><img decoding=\"async\" src=\"https:\/\/decoplanta.com\/wp-content\/uploads\/2023\/11\/PLANTAS_IGNIFUGAS_2024-1-500x333.jpg\" alt=\"PLANTAS A PROVA DE FOGO\" width=\"500\" height=\"\" srcset=\"https:\/\/decoplanta.com\/wp-content\/uploads\/2023\/11\/PLANTAS_IGNIFUGAS_2024-1-500x333.jpg 500w, https:\/\/decoplanta.com\/wp-content\/uploads\/2023\/11\/PLANTAS_IGNIFUGAS_2024-1-768x512.jpg 768w, https:\/\/decoplanta.com\/wp-content\/uploads\/2023\/11\/PLANTAS_IGNIFUGAS_2024-1-1920x1280.jpg 1920w, https:\/\/decoplanta.com\/wp-content\/uploads\/2023\/11\/PLANTAS_IGNIFUGAS_2024-1-1536x1024.jpg 1536w, https:\/\/decoplanta.com\/wp-content\/uploads\/2023\/11\/PLANTAS_IGNIFUGAS_2024-1-2048x1366.jpg 2048w, https:\/\/decoplanta.com\/wp-content\/uploads\/2023\/11\/PLANTAS_IGNIFUGAS_2024-1-600x400.jpg 600w\" sizes=\"(max-width: 500px) 100vw, 500px\" \/>\t\t<h2 class=\"woocommerce-loop-category__title\">\n\t\t\tPLANTAS A PROVA DE FOGO <mark class=\"count\">(18)<\/mark>\t\t<\/h2>\n\t\t<\/a><\/li>\n<li class=\"product-category product last\">\n\t<a aria-label=\"Visit product category PLANTADEIRAS\" href=\"https:\/\/decoplanta.com\/pt-pt\/plantadeiras-de-resina\/\"><img decoding=\"async\" src=\"https:\/\/decoplanta.com\/wp-content\/uploads\/2021\/03\/JARDINERAS-1-500x333.jpg\" alt=\"PLANTADEIRAS\" width=\"500\" height=\"\" srcset=\"https:\/\/decoplanta.com\/wp-content\/uploads\/2021\/03\/JARDINERAS-1-500x333.jpg 500w, https:\/\/decoplanta.com\/wp-content\/uploads\/2021\/03\/JARDINERAS-1-600x400.jpg 600w, https:\/\/decoplanta.com\/wp-content\/uploads\/2021\/03\/JARDINERAS-1-768x512.jpg 768w, https:\/\/decoplanta.com\/wp-content\/uploads\/2021\/03\/JARDINERAS-1-1920x1280.jpg 1920w, https:\/\/decoplanta.com\/wp-content\/uploads\/2021\/03\/JARDINERAS-1-1536x1024.jpg 1536w, https:\/\/decoplanta.com\/wp-content\/uploads\/2021\/03\/JARDINERAS-1-2048x1366.jpg 2048w\" sizes=\"(max-width: 500px) 100vw, 500px\" \/>\t\t<h2 class=\"woocommerce-loop-category__title\">\n\t\t\tPLANTADEIRAS <mark class=\"count\">(9)<\/mark>\t\t<\/h2>\n\t\t<\/a><\/li>\n<li class=\"product-category product first\">\n\t<a aria-label=\"Visit product category MINI DECORA\u00c7\u00c3O\" href=\"https:\/\/decoplanta.com\/pt-pt\/mini-plantas-artificiais-de-interior\/\"><img decoding=\"async\" src=\"https:\/\/decoplanta.com\/wp-content\/uploads\/2023\/11\/DECORACION_MINI_2024-1-500x333.jpg\" alt=\"MINI DECORA\u00c7\u00c3O\" width=\"500\" height=\"\" srcset=\"https:\/\/decoplanta.com\/wp-content\/uploads\/2023\/11\/DECORACION_MINI_2024-1-500x333.jpg 500w, https:\/\/decoplanta.com\/wp-content\/uploads\/2023\/11\/DECORACION_MINI_2024-1-768x512.jpg 768w, https:\/\/decoplanta.com\/wp-content\/uploads\/2023\/11\/DECORACION_MINI_2024-1-1920x1280.jpg 1920w, https:\/\/decoplanta.com\/wp-content\/uploads\/2023\/11\/DECORACION_MINI_2024-1-1536x1024.jpg 1536w, https:\/\/decoplanta.com\/wp-content\/uploads\/2023\/11\/DECORACION_MINI_2024-1-2048x1366.jpg 2048w, https:\/\/decoplanta.com\/wp-content\/uploads\/2023\/11\/DECORACION_MINI_2024-1-600x400.jpg 600w\" sizes=\"(max-width: 500px) 100vw, 500px\" \/>\t\t<h2 class=\"woocommerce-loop-category__title\">\n\t\t\tMINI DECORA\u00c7\u00c3O <mark class=\"count\">(17)<\/mark>\t\t<\/h2>\n\t\t<\/a><\/li>\n<li class=\"product-category product\">\n\t<a aria-label=\"Visit product category JARDIM VERTICAL\" href=\"https:\/\/decoplanta.com\/pt-pt\/jardim-vertical\/\"><img decoding=\"async\" src=\"https:\/\/decoplanta.com\/wp-content\/uploads\/2023\/11\/JARDIN_VERTICAL_2024-1-500x333.jpg\" alt=\"JARDIM VERTICAL\" width=\"500\" height=\"\" srcset=\"https:\/\/decoplanta.com\/wp-content\/uploads\/2023\/11\/JARDIN_VERTICAL_2024-1-500x333.jpg 500w, https:\/\/decoplanta.com\/wp-content\/uploads\/2023\/11\/JARDIN_VERTICAL_2024-1-768x512.jpg 768w, https:\/\/decoplanta.com\/wp-content\/uploads\/2023\/11\/JARDIN_VERTICAL_2024-1-1920x1280.jpg 1920w, https:\/\/decoplanta.com\/wp-content\/uploads\/2023\/11\/JARDIN_VERTICAL_2024-1-1536x1024.jpg 1536w, https:\/\/decoplanta.com\/wp-content\/uploads\/2023\/11\/JARDIN_VERTICAL_2024-1-2048x1366.jpg 2048w, https:\/\/decoplanta.com\/wp-content\/uploads\/2023\/11\/JARDIN_VERTICAL_2024-1-600x400.jpg 600w\" sizes=\"(max-width: 500px) 100vw, 500px\" \/>\t\t<h2 class=\"woocommerce-loop-category__title\">\n\t\t\tJARDIM VERTICAL <mark class=\"count\">(11)<\/mark>\t\t<\/h2>\n\t\t<\/a><\/li>\n<\/ul>\n<\/div><\/p>\n","protected":false},"excerpt":{"rendered":"<p>Plantas e \u00c1rvores Artificiais Altamente Realistas Agora pode comprar Plantas ou \u00c1rvores Artificiais realistas para as suas decora\u00e7\u00f5es. Pensa que n\u00e3o sabe como cuidar das plantas? Experimente as nossas plantas artificiais! Pode decorar qualquer espa\u00e7o na sua casa, empresa, escrit\u00f3rio ou centro comercial com personalidade. Qual \u00e9 o seu estilo de planta preferido? Pode escolher &#8230; <a title=\"Plantas e \u00c1rvores Artificiais\" class=\"read-more\" href=\"https:\/\/decoplanta.com\/pt-pt\/plantas-e-arvores-artificiais\/\" aria-label=\"Leia mais sobre Plantas e \u00c1rvores Artificiais\">Ler mais<\/a><\/p>\n","protected":false},"author":2,"featured_media":0,"parent":0,"menu_order":0,"comment_status":"closed","ping_status":"open","template":"elementor_theme","meta":{"_monsterinsights_skip_tracking":false,"_monsterinsights_sitenote_active":false,"_monsterinsights_sitenote_note":"","_monsterinsights_sitenote_category":0,"footnotes":""},"class_list":["post-4831","page","type-page","status-publish"],"yoast_head":"<!-- This site is optimized with the Yoast SEO plugin v27.4 - https:\/\/yoast.com\/product\/yoast-seo-wordpress\/ -->\n<title>Plantas e \u00c1rvores Artificiais altamente realistas - Interior e Exterior<\/title>\n<meta name=\"description\" content=\"Plantas e \u00c1rvores Artificiais Altamente Realistas para Decora\u00e7\u00e3o Interior, Terra\u00e7os, S\u00f3t\u00e3os e Jardins Exteriores, com Protec\u00e7\u00e3o UV\" \/>\n<meta name=\"robots\" content=\"index, follow, max-snippet:-1, max-image-preview:large, max-video-preview:-1\" \/>\n<link rel=\"canonical\" href=\"https:\/\/decoplanta.com\/pt-pt\/plantas-e-arvores-artificiais\/\" \/>\n<meta property=\"og:locale\" content=\"pt_PT\" \/>\n<meta property=\"og:type\" content=\"article\" \/>\n<meta property=\"og:title\" content=\"Plantas e \u00c1rvores Artificiais altamente realistas - Interior e Exterior\" \/>\n<meta property=\"og:description\" content=\"Plantas e \u00c1rvores Artificiais Altamente Realistas para Decora\u00e7\u00e3o Interior, Terra\u00e7os, S\u00f3t\u00e3os e Jardins Exteriores, com Protec\u00e7\u00e3o UV\" \/>\n<meta property=\"og:url\" content=\"https:\/\/decoplanta.com\/pt-pt\/plantas-e-arvores-artificiais\/\" \/>\n<meta property=\"og:site_name\" content=\"Plantas y \u00e1rboles artificiales de Alto Realismo\" \/>\n<meta property=\"article:modified_time\" content=\"2022-11-27T10:19:09+00:00\" \/>\n<meta property=\"og:image\" content=\"https:\/\/decoplanta.com\/wp-content\/uploads\/2021\/06\/Plantas_Artificiales.png\" \/>\n<meta name=\"twitter:card\" content=\"summary_large_image\" \/>\n<meta name=\"twitter:label1\" content=\"Tempo estimado de leitura\" \/>\n\t<meta name=\"twitter:data1\" content=\"2 minutos\" \/>\n<script type=\"application\/ld+json\" class=\"yoast-schema-graph\">{\"@context\":\"https:\\\/\\\/schema.org\",\"@graph\":[{\"@type\":\"WebPage\",\"@id\":\"https:\\\/\\\/decoplanta.com\\\/pt-pt\\\/plantas-e-arvores-artificiais\\\/\",\"url\":\"https:\\\/\\\/decoplanta.com\\\/pt-pt\\\/plantas-e-arvores-artificiais\\\/\",\"name\":\"Plantas e \u00c1rvores Artificiais altamente realistas - Interior e Exterior\",\"isPartOf\":{\"@id\":\"https:\\\/\\\/decoplanta.com\\\/pt-pt\\\/#website\"},\"primaryImageOfPage\":{\"@id\":\"https:\\\/\\\/decoplanta.com\\\/pt-pt\\\/plantas-e-arvores-artificiais\\\/#primaryimage\"},\"image\":{\"@id\":\"https:\\\/\\\/decoplanta.com\\\/pt-pt\\\/plantas-e-arvores-artificiais\\\/#primaryimage\"},\"thumbnailUrl\":\"https:\\\/\\\/decoplanta.com\\\/wp-content\\\/uploads\\\/2021\\\/06\\\/Plantas_Artificiales.png\",\"datePublished\":\"2022-09-20T10:11:14+00:00\",\"dateModified\":\"2022-11-27T10:19:09+00:00\",\"description\":\"Plantas e \u00c1rvores Artificiais Altamente Realistas para Decora\u00e7\u00e3o Interior, Terra\u00e7os, S\u00f3t\u00e3os e Jardins Exteriores, com Protec\u00e7\u00e3o UV\",\"breadcrumb\":{\"@id\":\"https:\\\/\\\/decoplanta.com\\\/pt-pt\\\/plantas-e-arvores-artificiais\\\/#breadcrumb\"},\"inLanguage\":\"pt-PT\",\"potentialAction\":[{\"@type\":\"ReadAction\",\"target\":[\"https:\\\/\\\/decoplanta.com\\\/pt-pt\\\/plantas-e-arvores-artificiais\\\/\"]}]},{\"@type\":\"ImageObject\",\"inLanguage\":\"pt-PT\",\"@id\":\"https:\\\/\\\/decoplanta.com\\\/pt-pt\\\/plantas-e-arvores-artificiais\\\/#primaryimage\",\"url\":\"https:\\\/\\\/decoplanta.com\\\/wp-content\\\/uploads\\\/2021\\\/06\\\/Plantas_Artificiales.png\",\"contentUrl\":\"https:\\\/\\\/decoplanta.com\\\/wp-content\\\/uploads\\\/2021\\\/06\\\/Plantas_Artificiales.png\"},{\"@type\":\"BreadcrumbList\",\"@id\":\"https:\\\/\\\/decoplanta.com\\\/pt-pt\\\/plantas-e-arvores-artificiais\\\/#breadcrumb\",\"itemListElement\":[{\"@type\":\"ListItem\",\"position\":1,\"name\":\"Portada\",\"item\":\"https:\\\/\\\/decoplanta.com\\\/pt-pt\\\/\"},{\"@type\":\"ListItem\",\"position\":2,\"name\":\"Plantas e \u00c1rvores Artificiais\"}]},{\"@type\":\"WebSite\",\"@id\":\"https:\\\/\\\/decoplanta.com\\\/pt-pt\\\/#website\",\"url\":\"https:\\\/\\\/decoplanta.com\\\/pt-pt\\\/\",\"name\":\"Plantas y \u00e1rboles artificiales de Alto Realismo\",\"description\":\"Proveedor de Plantas artificiales para estudios de Arquitectura, Interiorismo, Paisajismo, Escenograf\u00eda, Tiendas de Decoraci\u00f3n Florister\u00edas y Mobiliario\",\"publisher\":{\"@id\":\"https:\\\/\\\/decoplanta.com\\\/pt-pt\\\/#organization\"},\"potentialAction\":[{\"@type\":\"SearchAction\",\"target\":{\"@type\":\"EntryPoint\",\"urlTemplate\":\"https:\\\/\\\/decoplanta.com\\\/pt-pt\\\/?s={search_term_string}\"},\"query-input\":{\"@type\":\"PropertyValueSpecification\",\"valueRequired\":true,\"valueName\":\"search_term_string\"}}],\"inLanguage\":\"pt-PT\"},{\"@type\":\"Organization\",\"@id\":\"https:\\\/\\\/decoplanta.com\\\/pt-pt\\\/#organization\",\"name\":\"Plantas y \u00e1rboles artificiales de Alto Realismo\",\"url\":\"https:\\\/\\\/decoplanta.com\\\/pt-pt\\\/\",\"logo\":{\"@type\":\"ImageObject\",\"inLanguage\":\"pt-PT\",\"@id\":\"https:\\\/\\\/decoplanta.com\\\/pt-pt\\\/#\\\/schema\\\/logo\\\/image\\\/\",\"url\":\"https:\\\/\\\/decoplanta.com\\\/wp-content\\\/uploads\\\/2021\\\/02\\\/decoplanta-logo2020.svg\",\"contentUrl\":\"https:\\\/\\\/decoplanta.com\\\/wp-content\\\/uploads\\\/2021\\\/02\\\/decoplanta-logo2020.svg\",\"width\":500,\"height\":500,\"caption\":\"Plantas y \u00e1rboles artificiales de Alto Realismo\"},\"image\":{\"@id\":\"https:\\\/\\\/decoplanta.com\\\/pt-pt\\\/#\\\/schema\\\/logo\\\/image\\\/\"}}]}<\/script>\n<!-- \/ Yoast SEO plugin. -->","yoast_head_json":{"title":"Plantas e \u00c1rvores Artificiais altamente realistas - Interior e Exterior","description":"Plantas e \u00c1rvores Artificiais Altamente Realistas para Decora\u00e7\u00e3o Interior, Terra\u00e7os, S\u00f3t\u00e3os e Jardins Exteriores, com Protec\u00e7\u00e3o UV","robots":{"index":"index","follow":"follow","max-snippet":"max-snippet:-1","max-image-preview":"max-image-preview:large","max-video-preview":"max-video-preview:-1"},"canonical":"https:\/\/decoplanta.com\/pt-pt\/plantas-e-arvores-artificiais\/","og_locale":"pt_PT","og_type":"article","og_title":"Plantas e \u00c1rvores Artificiais altamente realistas - Interior e Exterior","og_description":"Plantas e \u00c1rvores Artificiais Altamente Realistas para Decora\u00e7\u00e3o Interior, Terra\u00e7os, S\u00f3t\u00e3os e Jardins Exteriores, com Protec\u00e7\u00e3o UV","og_url":"https:\/\/decoplanta.com\/pt-pt\/plantas-e-arvores-artificiais\/","og_site_name":"Plantas y \u00e1rboles artificiales de Alto Realismo","article_modified_time":"2022-11-27T10:19:09+00:00","og_image":[{"url":"https:\/\/decoplanta.com\/wp-content\/uploads\/2021\/06\/Plantas_Artificiales.png","type":"","width":"","height":""}],"twitter_card":"summary_large_image","twitter_misc":{"Tempo estimado de leitura":"2 minutos"},"schema":{"@context":"https:\/\/schema.org","@graph":[{"@type":"WebPage","@id":"https:\/\/decoplanta.com\/pt-pt\/plantas-e-arvores-artificiais\/","url":"https:\/\/decoplanta.com\/pt-pt\/plantas-e-arvores-artificiais\/","name":"Plantas e \u00c1rvores Artificiais altamente realistas - Interior e Exterior","isPartOf":{"@id":"https:\/\/decoplanta.com\/pt-pt\/#website"},"primaryImageOfPage":{"@id":"https:\/\/decoplanta.com\/pt-pt\/plantas-e-arvores-artificiais\/#primaryimage"},"image":{"@id":"https:\/\/decoplanta.com\/pt-pt\/plantas-e-arvores-artificiais\/#primaryimage"},"thumbnailUrl":"https:\/\/decoplanta.com\/wp-content\/uploads\/2021\/06\/Plantas_Artificiales.png","datePublished":"2022-09-20T10:11:14+00:00","dateModified":"2022-11-27T10:19:09+00:00","description":"Plantas e \u00c1rvores Artificiais Altamente Realistas para Decora\u00e7\u00e3o Interior, Terra\u00e7os, S\u00f3t\u00e3os e Jardins Exteriores, com Protec\u00e7\u00e3o UV","breadcrumb":{"@id":"https:\/\/decoplanta.com\/pt-pt\/plantas-e-arvores-artificiais\/#breadcrumb"},"inLanguage":"pt-PT","potentialAction":[{"@type":"ReadAction","target":["https:\/\/decoplanta.com\/pt-pt\/plantas-e-arvores-artificiais\/"]}]},{"@type":"ImageObject","inLanguage":"pt-PT","@id":"https:\/\/decoplanta.com\/pt-pt\/plantas-e-arvores-artificiais\/#primaryimage","url":"https:\/\/decoplanta.com\/wp-content\/uploads\/2021\/06\/Plantas_Artificiales.png","contentUrl":"https:\/\/decoplanta.com\/wp-content\/uploads\/2021\/06\/Plantas_Artificiales.png"},{"@type":"BreadcrumbList","@id":"https:\/\/decoplanta.com\/pt-pt\/plantas-e-arvores-artificiais\/#breadcrumb","itemListElement":[{"@type":"ListItem","position":1,"name":"Portada","item":"https:\/\/decoplanta.com\/pt-pt\/"},{"@type":"ListItem","position":2,"name":"Plantas e \u00c1rvores Artificiais"}]},{"@type":"WebSite","@id":"https:\/\/decoplanta.com\/pt-pt\/#website","url":"https:\/\/decoplanta.com\/pt-pt\/","name":"Plantas y \u00e1rboles artificiales de Alto Realismo","description":"Proveedor de Plantas artificiales para estudios de Arquitectura, Interiorismo, Paisajismo, Escenograf\u00eda, Tiendas de Decoraci\u00f3n Florister\u00edas y Mobiliario","publisher":{"@id":"https:\/\/decoplanta.com\/pt-pt\/#organization"},"potentialAction":[{"@type":"SearchAction","target":{"@type":"EntryPoint","urlTemplate":"https:\/\/decoplanta.com\/pt-pt\/?s={search_term_string}"},"query-input":{"@type":"PropertyValueSpecification","valueRequired":true,"valueName":"search_term_string"}}],"inLanguage":"pt-PT"},{"@type":"Organization","@id":"https:\/\/decoplanta.com\/pt-pt\/#organization","name":"Plantas y \u00e1rboles artificiales de Alto Realismo","url":"https:\/\/decoplanta.com\/pt-pt\/","logo":{"@type":"ImageObject","inLanguage":"pt-PT","@id":"https:\/\/decoplanta.com\/pt-pt\/#\/schema\/logo\/image\/","url":"https:\/\/decoplanta.com\/wp-content\/uploads\/2021\/02\/decoplanta-logo2020.svg","contentUrl":"https:\/\/decoplanta.com\/wp-content\/uploads\/2021\/02\/decoplanta-logo2020.svg","width":500,"height":500,"caption":"Plantas y \u00e1rboles artificiales de Alto Realismo"},"image":{"@id":"https:\/\/decoplanta.com\/pt-pt\/#\/schema\/logo\/image\/"}}]}},"_links":{"self":[{"href":"https:\/\/decoplanta.com\/pt-pt\/wp-json\/wp\/v2\/pages\/4831","targetHints":{"allow":["GET"]}}],"collection":[{"href":"https:\/\/decoplanta.com\/pt-pt\/wp-json\/wp\/v2\/pages"}],"about":[{"href":"https:\/\/decoplanta.com\/pt-pt\/wp-json\/wp\/v2\/types\/page"}],"author":[{"embeddable":true,"href":"https:\/\/decoplanta.com\/pt-pt\/wp-json\/wp\/v2\/users\/2"}],"replies":[{"embeddable":true,"href":"https:\/\/decoplanta.com\/pt-pt\/wp-json\/wp\/v2\/comments?post=4831"}],"version-history":[{"count":0,"href":"https:\/\/decoplanta.com\/pt-pt\/wp-json\/wp\/v2\/pages\/4831\/revisions"}],"wp:attachment":[{"href":"https:\/\/decoplanta.com\/pt-pt\/wp-json\/wp\/v2\/media?parent=4831"}],"curies":[{"name":"wp","href":"https:\/\/api.w.org\/{rel}","templated":true}]}}