{"id":4869,"date":"2021-02-26T09:38:37","date_gmt":"2022-09-22T06:35:13","guid":{"rendered":"https:\/\/decoplanta.com\/sin%20categor\u00eda\/arvore-bambu-premium\/"},"modified":"2022-09-22T12:34:10","modified_gmt":"2022-09-22T11:34:10","slug":"arvore-bambu-premium","status":"publish","type":"product","link":"https:\/\/decoplanta.com\/pt-pt\/plantas-de-interior-artificiais\/arvore-bambu-premium\/","title":{"rendered":"\u00c1rvore BAMBU PREMIUM"},"content":{"rendered":"<p>O \u00c1rvore BAMBU PREMIUM \u00e9 uma \u00e1rvore espectacular com um alto n\u00edvel de realismo, com elegantes <strong>l\u00e2minas naturais espessas<\/strong> e com a m\u00e1xima exuber\u00e2ncia de folhas de alta qualidade com um tom luminoso, este esp\u00e9cime \u00e9 uma r\u00e9plica do aut\u00eantico bambu japon\u00eas. Inclui um vaso de flores b\u00e1sico.<\/p>\n<p>O \u00e1rvore bambu PREMIUM pertence \u00e0 fam\u00edlia das gram\u00edneas e uma vez florida, o tufo morre geralmente, dando lugar \u00e0 produ\u00e7\u00e3o de sementes, o que garante a persist\u00eancia.<\/p>\n<p>Na Decoplanta apresentamos-lhe os <a href=\"https:\/\/decoplanta.com\/etiqueta-producto\/bambu-de-interior\/\" target=\"_blank\" rel=\"noopener\">bambus de interior<\/a>, que s\u00e3o muito procurados pelos nossos paisagistas e decoradores.<\/p>\n<p>O <strong><a title=\"bambu\" href=\"https:\/\/www.hogarmania.com\/jardineria\/mantenimiento\/plantas\/especies-bambus-24597.html\" target=\"_blank\" rel=\"noopener\">bambu<\/a><\/strong> normalmente desenvolve ra\u00edzes ou rizomas que se espalham e colonizam superf\u00edcies, tornando-se uma praga dif\u00edcil de controlar.<\/p>\n<p>De todas as <strong><a title=\"Lista de tipos e variedades de bambu\" href=\"https:\/\/www.hogarmania.com\/jardineria\/bambu.html\" target=\"_blank\" rel=\"noopener\">variedades e tipos de bambus<\/a><\/strong>, Fargersia \u00e9 a mais adequada para o cultivo em contentores.<\/p>\n<p><strong><a title=\"Bambu Fargesia, uma variedade n\u00e3o invasiva\" href=\"https:\/\/www.hogarmania.com\/jardineria\/mantenimiento\/plantas\/bambu-fargesia-variedad-invasiva-36781.html\" target=\"_blank\" rel=\"noopener\">As cargas s\u00e3o de tufos.<\/a><\/strong>Os seus rebentos jovens est\u00e3o sempre concentrados \u00e0 volta do maci\u00e7o central e n\u00e3o se espalham como a maioria dos bambus. Atingem uma altura de um metro e meio a dois metros e t\u00eam uma forma arqueada com folhas verdes intensas.<\/p>\n<p>Entre os <a title=\"tipos de bambu\" href=\"https:\/\/www.hogarmania.com\/jardineria\/mantenimiento\/plantas\/tipos-bambu-5583.html\" target=\"_blank\" rel=\"noopener\">tipos de bambu<\/a>, Fargesia \u00e9 o \u00fanico que faz novos rebentos ligados ao tufo existente, pelo que o crescimento \u00e9 progressivo e n\u00e3o invasivo. Gradualmente, o tufo cresce cada vez mais at\u00e9 se tornar um bambu muito elegante, com folhas finas, perfeito para a <a title=\"planta\u00e7\u00e3o de bambu em vasos\" href=\"https:\/\/www.hogarmania.com\/jardineria\/tecnicas\/plantacion-transplantes\/plantar-bambu-tiesto-19329.html\" target=\"_blank\" rel=\"noopener\">planta\u00e7\u00e3o de vasos<\/a>.<\/p>\n","protected":false},"excerpt":{"rendered":"<p>\u00c1rvore de bambu PREMIUM, belo exemplar de alto realismo, com um excelente acabamento tanto em folha de tom escuro como em <strong>l\u00e2minas naturais espessas<\/strong>.<\/p>\n<p>Dispon\u00edvel em 4 alturas. Inclui plantador b\u00e1sico.<\/p>\n<table>\n<tbody>\n<tr>\n<td><strong>REF<\/strong><\/td>\n<td><strong>ALTURA<\/strong><\/td>\n<td><strong>N\u00ba FOLHAS<\/strong><\/td>\n<\/tr>\n<tr>\n<td><strong>1801004<\/strong><\/td>\n<td>150 cm<\/td>\n<td>1040<\/td>\n<\/tr>\n<tr>\n<td><strong>1801005<\/strong><\/td>\n<td>180 cm<\/td>\n<td>1520<\/td>\n<\/tr>\n<tr>\n<td><strong>1801006<\/strong><\/td>\n<td>210 cm<\/td>\n<td>1920<\/td>\n<\/tr>\n<tr>\n<td><strong>1801007<\/strong><\/td>\n<td>240 cm<\/td>\n<td>2320<\/td>\n<\/tr>\n<\/tbody>\n<\/table>\n","protected":false},"featured_media":4392,"template":"","meta":{"_monsterinsights_skip_tracking":false,"_monsterinsights_sitenote_active":false,"_monsterinsights_sitenote_note":"","_monsterinsights_sitenote_category":0},"product_brand":[],"product_cat":[395],"product_tag":[402,415,422],"class_list":{"0":"post-4869","1":"product","2":"type-product","3":"status-publish","4":"has-post-thumbnail","6":"product_cat-plantas-de-interior-artificiais","7":"product_tag-bambu-de-interior","8":"product_tag-erva-artificial","9":"product_tag-planta-tropical","10":"","11":"woocommerce-text-align-center","12":"woocommerce-image-align-center","13":"do-quantity-buttons","15":"first","16":"instock","17":"taxable","18":"shipping-taxable","19":"purchasable","20":"product-type-variable"},"yoast_head":"<!-- This site is optimized with the Yoast SEO plugin v27.4 - https:\/\/yoast.com\/product\/yoast-seo-wordpress\/ -->\n<title>\u00c1rvore BAMBU PREMIUM alto realismo para decora\u00e7\u00e3o de Interior<\/title>\n<meta name=\"description\" content=\"\u00c1rvore Bambu PREMIUM - Alto n\u00edvel de realismo, com l\u00e2minas naturais espessas e folhagem m\u00e1xima. R\u00e9plica do aut\u00eantico bambu japon\u00eas\" \/>\n<meta name=\"robots\" content=\"index, follow, max-snippet:-1, max-image-preview:large, max-video-preview:-1\" \/>\n<link rel=\"canonical\" href=\"https:\/\/decoplanta.com\/pt-pt\/plantas-de-interior-artificiais\/arvore-bambu-premium\/\" \/>\n<meta property=\"og:locale\" content=\"pt_PT\" \/>\n<meta property=\"og:type\" content=\"article\" \/>\n<meta property=\"og:title\" content=\"\u00c1rvore BAMBU PREMIUM alto realismo para decora\u00e7\u00e3o de Interior\" \/>\n<meta property=\"og:description\" content=\"\u00c1rvore Bambu PREMIUM - Alto n\u00edvel de realismo, com l\u00e2minas naturais espessas e folhagem m\u00e1xima. R\u00e9plica do aut\u00eantico bambu japon\u00eas\" \/>\n<meta property=\"og:url\" content=\"https:\/\/decoplanta.com\/pt-pt\/plantas-de-interior-artificiais\/arvore-bambu-premium\/\" \/>\n<meta property=\"og:site_name\" content=\"Plantas y \u00e1rboles artificiales de Alto Realismo\" \/>\n<meta property=\"article:modified_time\" content=\"2022-09-22T11:34:10+00:00\" \/>\n<meta property=\"og:image\" content=\"https:\/\/decoplanta.com\/wp-content\/uploads\/2021\/02\/1801004-arbol-bambu-premium.jpg\" \/>\n\t<meta property=\"og:image:width\" content=\"1278\" \/>\n\t<meta property=\"og:image:height\" content=\"1278\" \/>\n\t<meta property=\"og:image:type\" content=\"image\/jpeg\" \/>\n<meta name=\"twitter:card\" content=\"summary_large_image\" \/>\n<meta name=\"twitter:label1\" content=\"Tempo estimado de leitura\" \/>\n\t<meta name=\"twitter:data1\" content=\"2 minutos\" \/>\n<script type=\"application\/ld+json\" class=\"yoast-schema-graph\">{\"@context\":\"https:\\\/\\\/schema.org\",\"@graph\":[{\"@type\":\"WebPage\",\"@id\":\"https:\\\/\\\/decoplanta.com\\\/pt-pt\\\/plantas-de-interior-artificiais\\\/arvore-bambu-premium\\\/\",\"url\":\"https:\\\/\\\/decoplanta.com\\\/pt-pt\\\/plantas-de-interior-artificiais\\\/arvore-bambu-premium\\\/\",\"name\":\"\u00c1rvore BAMBU PREMIUM alto realismo para decora\u00e7\u00e3o de Interior\",\"isPartOf\":{\"@id\":\"https:\\\/\\\/decoplanta.com\\\/pt-pt\\\/#website\"},\"primaryImageOfPage\":{\"@id\":\"https:\\\/\\\/decoplanta.com\\\/pt-pt\\\/plantas-de-interior-artificiais\\\/arvore-bambu-premium\\\/#primaryimage\"},\"image\":{\"@id\":\"https:\\\/\\\/decoplanta.com\\\/pt-pt\\\/plantas-de-interior-artificiais\\\/arvore-bambu-premium\\\/#primaryimage\"},\"thumbnailUrl\":\"https:\\\/\\\/decoplanta.com\\\/wp-content\\\/uploads\\\/2021\\\/02\\\/1801004-arbol-bambu-premium.jpg\",\"datePublished\":\"2022-09-22T06:35:13+00:00\",\"dateModified\":\"2022-09-22T11:34:10+00:00\",\"description\":\"\u00c1rvore Bambu PREMIUM - Alto n\u00edvel de realismo, com l\u00e2minas naturais espessas e folhagem m\u00e1xima. R\u00e9plica do aut\u00eantico bambu japon\u00eas\",\"breadcrumb\":{\"@id\":\"https:\\\/\\\/decoplanta.com\\\/pt-pt\\\/plantas-de-interior-artificiais\\\/arvore-bambu-premium\\\/#breadcrumb\"},\"inLanguage\":\"pt-PT\",\"potentialAction\":[{\"@type\":\"ReadAction\",\"target\":[\"https:\\\/\\\/decoplanta.com\\\/pt-pt\\\/plantas-de-interior-artificiais\\\/arvore-bambu-premium\\\/\"]}]},{\"@type\":\"ImageObject\",\"inLanguage\":\"pt-PT\",\"@id\":\"https:\\\/\\\/decoplanta.com\\\/pt-pt\\\/plantas-de-interior-artificiais\\\/arvore-bambu-premium\\\/#primaryimage\",\"url\":\"https:\\\/\\\/decoplanta.com\\\/wp-content\\\/uploads\\\/2021\\\/02\\\/1801004-arbol-bambu-premium.jpg\",\"contentUrl\":\"https:\\\/\\\/decoplanta.com\\\/wp-content\\\/uploads\\\/2021\\\/02\\\/1801004-arbol-bambu-premium.jpg\",\"width\":1278,\"height\":1278,\"caption\":\"\u00e1rvore bambu premium artificial\"},{\"@type\":\"BreadcrumbList\",\"@id\":\"https:\\\/\\\/decoplanta.com\\\/pt-pt\\\/plantas-de-interior-artificiais\\\/arvore-bambu-premium\\\/#breadcrumb\",\"itemListElement\":[{\"@type\":\"ListItem\",\"position\":1,\"name\":\"Portada\",\"item\":\"https:\\\/\\\/decoplanta.com\\\/pt-pt\\\/\"},{\"@type\":\"ListItem\",\"position\":2,\"name\":\"Priv\u00e9\u00a0: Tienda\",\"item\":\"https:\\\/\\\/decoplanta.com\\\/?page_id=377\"},{\"@type\":\"ListItem\",\"position\":3,\"name\":\"\u00c1rvore BAMBU PREMIUM\"}]},{\"@type\":\"WebSite\",\"@id\":\"https:\\\/\\\/decoplanta.com\\\/pt-pt\\\/#website\",\"url\":\"https:\\\/\\\/decoplanta.com\\\/pt-pt\\\/\",\"name\":\"Plantas y \u00e1rboles artificiales de Alto Realismo\",\"description\":\"Proveedor de Plantas artificiales para estudios de Arquitectura, Interiorismo, Paisajismo, Escenograf\u00eda, Tiendas de Decoraci\u00f3n Florister\u00edas y Mobiliario\",\"publisher\":{\"@id\":\"https:\\\/\\\/decoplanta.com\\\/pt-pt\\\/#organization\"},\"potentialAction\":[{\"@type\":\"SearchAction\",\"target\":{\"@type\":\"EntryPoint\",\"urlTemplate\":\"https:\\\/\\\/decoplanta.com\\\/pt-pt\\\/?s={search_term_string}\"},\"query-input\":{\"@type\":\"PropertyValueSpecification\",\"valueRequired\":true,\"valueName\":\"search_term_string\"}}],\"inLanguage\":\"pt-PT\"},{\"@type\":\"Organization\",\"@id\":\"https:\\\/\\\/decoplanta.com\\\/pt-pt\\\/#organization\",\"name\":\"Plantas y \u00e1rboles artificiales de Alto Realismo\",\"url\":\"https:\\\/\\\/decoplanta.com\\\/pt-pt\\\/\",\"logo\":{\"@type\":\"ImageObject\",\"inLanguage\":\"pt-PT\",\"@id\":\"https:\\\/\\\/decoplanta.com\\\/pt-pt\\\/#\\\/schema\\\/logo\\\/image\\\/\",\"url\":\"https:\\\/\\\/decoplanta.com\\\/wp-content\\\/uploads\\\/2021\\\/02\\\/decoplanta-logo2020.svg\",\"contentUrl\":\"https:\\\/\\\/decoplanta.com\\\/wp-content\\\/uploads\\\/2021\\\/02\\\/decoplanta-logo2020.svg\",\"width\":500,\"height\":500,\"caption\":\"Plantas y \u00e1rboles artificiales de Alto Realismo\"},\"image\":{\"@id\":\"https:\\\/\\\/decoplanta.com\\\/pt-pt\\\/#\\\/schema\\\/logo\\\/image\\\/\"}}]}<\/script>\n<!-- \/ Yoast SEO plugin. -->","yoast_head_json":{"title":"\u00c1rvore BAMBU PREMIUM alto realismo para decora\u00e7\u00e3o de Interior","description":"\u00c1rvore Bambu PREMIUM - Alto n\u00edvel de realismo, com l\u00e2minas naturais espessas e folhagem m\u00e1xima. R\u00e9plica do aut\u00eantico bambu japon\u00eas","robots":{"index":"index","follow":"follow","max-snippet":"max-snippet:-1","max-image-preview":"max-image-preview:large","max-video-preview":"max-video-preview:-1"},"canonical":"https:\/\/decoplanta.com\/pt-pt\/plantas-de-interior-artificiais\/arvore-bambu-premium\/","og_locale":"pt_PT","og_type":"article","og_title":"\u00c1rvore BAMBU PREMIUM alto realismo para decora\u00e7\u00e3o de Interior","og_description":"\u00c1rvore Bambu PREMIUM - Alto n\u00edvel de realismo, com l\u00e2minas naturais espessas e folhagem m\u00e1xima. R\u00e9plica do aut\u00eantico bambu japon\u00eas","og_url":"https:\/\/decoplanta.com\/pt-pt\/plantas-de-interior-artificiais\/arvore-bambu-premium\/","og_site_name":"Plantas y \u00e1rboles artificiales de Alto Realismo","article_modified_time":"2022-09-22T11:34:10+00:00","og_image":[{"width":1278,"height":1278,"url":"https:\/\/decoplanta.com\/wp-content\/uploads\/2021\/02\/1801004-arbol-bambu-premium.jpg","type":"image\/jpeg"}],"twitter_card":"summary_large_image","twitter_misc":{"Tempo estimado de leitura":"2 minutos"},"schema":{"@context":"https:\/\/schema.org","@graph":[{"@type":"WebPage","@id":"https:\/\/decoplanta.com\/pt-pt\/plantas-de-interior-artificiais\/arvore-bambu-premium\/","url":"https:\/\/decoplanta.com\/pt-pt\/plantas-de-interior-artificiais\/arvore-bambu-premium\/","name":"\u00c1rvore BAMBU PREMIUM alto realismo para decora\u00e7\u00e3o de Interior","isPartOf":{"@id":"https:\/\/decoplanta.com\/pt-pt\/#website"},"primaryImageOfPage":{"@id":"https:\/\/decoplanta.com\/pt-pt\/plantas-de-interior-artificiais\/arvore-bambu-premium\/#primaryimage"},"image":{"@id":"https:\/\/decoplanta.com\/pt-pt\/plantas-de-interior-artificiais\/arvore-bambu-premium\/#primaryimage"},"thumbnailUrl":"https:\/\/decoplanta.com\/wp-content\/uploads\/2021\/02\/1801004-arbol-bambu-premium.jpg","datePublished":"2022-09-22T06:35:13+00:00","dateModified":"2022-09-22T11:34:10+00:00","description":"\u00c1rvore Bambu PREMIUM - Alto n\u00edvel de realismo, com l\u00e2minas naturais espessas e folhagem m\u00e1xima. R\u00e9plica do aut\u00eantico bambu japon\u00eas","breadcrumb":{"@id":"https:\/\/decoplanta.com\/pt-pt\/plantas-de-interior-artificiais\/arvore-bambu-premium\/#breadcrumb"},"inLanguage":"pt-PT","potentialAction":[{"@type":"ReadAction","target":["https:\/\/decoplanta.com\/pt-pt\/plantas-de-interior-artificiais\/arvore-bambu-premium\/"]}]},{"@type":"ImageObject","inLanguage":"pt-PT","@id":"https:\/\/decoplanta.com\/pt-pt\/plantas-de-interior-artificiais\/arvore-bambu-premium\/#primaryimage","url":"https:\/\/decoplanta.com\/wp-content\/uploads\/2021\/02\/1801004-arbol-bambu-premium.jpg","contentUrl":"https:\/\/decoplanta.com\/wp-content\/uploads\/2021\/02\/1801004-arbol-bambu-premium.jpg","width":1278,"height":1278,"caption":"\u00e1rvore bambu premium artificial"},{"@type":"BreadcrumbList","@id":"https:\/\/decoplanta.com\/pt-pt\/plantas-de-interior-artificiais\/arvore-bambu-premium\/#breadcrumb","itemListElement":[{"@type":"ListItem","position":1,"name":"Portada","item":"https:\/\/decoplanta.com\/pt-pt\/"},{"@type":"ListItem","position":2,"name":"Priv\u00e9\u00a0: Tienda","item":"https:\/\/decoplanta.com\/?page_id=377"},{"@type":"ListItem","position":3,"name":"\u00c1rvore BAMBU PREMIUM"}]},{"@type":"WebSite","@id":"https:\/\/decoplanta.com\/pt-pt\/#website","url":"https:\/\/decoplanta.com\/pt-pt\/","name":"Plantas y \u00e1rboles artificiales de Alto Realismo","description":"Proveedor de Plantas artificiales para estudios de Arquitectura, Interiorismo, Paisajismo, Escenograf\u00eda, Tiendas de Decoraci\u00f3n Florister\u00edas y Mobiliario","publisher":{"@id":"https:\/\/decoplanta.com\/pt-pt\/#organization"},"potentialAction":[{"@type":"SearchAction","target":{"@type":"EntryPoint","urlTemplate":"https:\/\/decoplanta.com\/pt-pt\/?s={search_term_string}"},"query-input":{"@type":"PropertyValueSpecification","valueRequired":true,"valueName":"search_term_string"}}],"inLanguage":"pt-PT"},{"@type":"Organization","@id":"https:\/\/decoplanta.com\/pt-pt\/#organization","name":"Plantas y \u00e1rboles artificiales de Alto Realismo","url":"https:\/\/decoplanta.com\/pt-pt\/","logo":{"@type":"ImageObject","inLanguage":"pt-PT","@id":"https:\/\/decoplanta.com\/pt-pt\/#\/schema\/logo\/image\/","url":"https:\/\/decoplanta.com\/wp-content\/uploads\/2021\/02\/decoplanta-logo2020.svg","contentUrl":"https:\/\/decoplanta.com\/wp-content\/uploads\/2021\/02\/decoplanta-logo2020.svg","width":500,"height":500,"caption":"Plantas y \u00e1rboles artificiales de Alto Realismo"},"image":{"@id":"https:\/\/decoplanta.com\/pt-pt\/#\/schema\/logo\/image\/"}}]}},"_links":{"self":[{"href":"https:\/\/decoplanta.com\/pt-pt\/wp-json\/wp\/v2\/product\/4869","targetHints":{"allow":["GET"]}}],"collection":[{"href":"https:\/\/decoplanta.com\/pt-pt\/wp-json\/wp\/v2\/product"}],"about":[{"href":"https:\/\/decoplanta.com\/pt-pt\/wp-json\/wp\/v2\/types\/product"}],"version-history":[{"count":0,"href":"https:\/\/decoplanta.com\/pt-pt\/wp-json\/wp\/v2\/product\/4869\/revisions"}],"wp:featuredmedia":[{"embeddable":true,"href":"https:\/\/decoplanta.com\/pt-pt\/wp-json\/wp\/v2\/media\/4392"}],"wp:attachment":[{"href":"https:\/\/decoplanta.com\/pt-pt\/wp-json\/wp\/v2\/media?parent=4869"}],"wp:term":[{"taxonomy":"product_brand","embeddable":true,"href":"https:\/\/decoplanta.com\/pt-pt\/wp-json\/wp\/v2\/product_brand?post=4869"},{"taxonomy":"product_cat","embeddable":true,"href":"https:\/\/decoplanta.com\/pt-pt\/wp-json\/wp\/v2\/product_cat?post=4869"},{"taxonomy":"product_tag","embeddable":true,"href":"https:\/\/decoplanta.com\/pt-pt\/wp-json\/wp\/v2\/product_tag?post=4869"}],"curies":[{"name":"wp","href":"https:\/\/api.w.org\/{rel}","templated":true}]}}