{"id":4886,"date":"2021-03-01T09:17:44","date_gmt":"2022-09-22T07:47:05","guid":{"rendered":"https:\/\/decoplanta.com\/sem%20categoria\/palmeira-premium\/"},"modified":"2025-02-25T14:07:50","modified_gmt":"2025-02-25T13:07:50","slug":"palmeira-premium","status":"publish","type":"product","link":"https:\/\/decoplanta.com\/pt-pt\/plantas-de-interior-artificiais\/palmeira-premium\/","title":{"rendered":"Palmeira PREMIUM"},"content":{"rendered":"<p>A palmeira PREMIUM tem toda a eleg\u00e2ncia e realismo que uma palmeira artificial pode ter e cuida de todos os detalhes de acabamento conceb\u00edveis. Dispon\u00edvel em 2 tamanhos. \u00c9 entregue com um plantador de base inclu\u00eddo e n\u00e3o requer manuten\u00e7\u00e3o.<\/p>\n<h3>Como \u00e9 que \u00e9 a Palmeira PREMIUM artificial?<\/h3>\n<p>Hoje em dia \u00e9 f\u00e1cil encontrar textos que dizem que as palmeiras s\u00e3o \u00e1rvores, mas a realidade \u00e9 que<strong> n\u00e3o t\u00eam nada a ver com isso<\/strong>. Embora ambos os tipos de plantas possam atingir alturas espantosas e tenham um valor ornamental muito elevado, as suas semelhan\u00e7as terminam a\u00ed. Tanto as palmeiras como as \u00e1rvores t\u00eam seguido dois caminhos evolutivos muito diferentes: enquanto as primeiras s\u00e3o plantas que poderiam ser rotuladas como modernas, tendo surgido h\u00e1 cerca de 145 milh\u00f5es de anos, as segundas s\u00e3o mais primitivas.<\/p>\n<p>Embora possa ser uma surpresa, as <b>palmeiras<\/b> s\u00e3o na realidade gram\u00edneas gigantes, conhecidas no jarg\u00e3o bot\u00e2nico como <b>megaforbs<\/b>. \u00c9 verdade que parecem \u00e1rvores, mas h\u00e1 v\u00e1rias coisas que as diferenciam, sendo a mais importante o n\u00famero de cotil\u00e9dones (folhas primitivas) que brotam assim que germinam.<\/p>\n<p>Ao contr\u00e1rio das \u00e1rvores, as <strong>palmeiras s\u00e3o megaforbias<\/strong>. O que significa isto? Porque s\u00e3o ervas daninhas gigantes. De facto, quando as sementes germinam, veremos sempre que surge um \u00fanico cotil\u00e9done, ou seja, uma \u00fanica folha primitiva que pode ser composta por um \u00fanico folheto -Washingtonia, Phoenix, entre outros &#8211; ou dois -Wodyetia, por exemplo-. Esta caracter\u00edstica tamb\u00e9m as torna, como todas as gram\u00edneas, monocotiled\u00f3neas.<\/p>\n<p>Mas h\u00e1 mais. Quando nos perguntamos quais s\u00e3o as diferen\u00e7as entre as palmeiras e as \u00e1rvores, \u00e9 bem poss\u00edvel que tenhamos uma surpresa.<\/p>\n<p>O que s\u00e3o <a href=\"https:\/\/www.ecologiaverde.com\/plantas-herbaceas-caracteristicas-y-ejemplos-1950.html\" target=\"_blank\" rel=\"noopener\">megaforbias<\/a>? Estas s\u00e3o as gram\u00edneas gigantes, tais como as chamadas Musas (bananas, bananeiras e <a href=\"https:\/\/decoplanta.com\/plantas-de-interior-artificiales\/arbol-palmera-style-180-cm\/\" target=\"_blank\" rel=\"noopener\">palmeiras<\/a>). Podem facilmente crescer at\u00e9 mais de 10 metros, raz\u00e3o pela qual s\u00e3o muitas vezes confundidas com \u00e1rvores, embora n\u00e3o tenham nada a ver uma com a outra. Al\u00e9m disso, enquanto as \u00e1rvores s\u00e3o plantas dicotiled\u00f3neas, as gram\u00edneas s\u00e3o monocotiled\u00f3neas, o que significa que apenas um \u00fanico cotil\u00e9done brota quando germina.<\/p>\n<p>As megaforbias s\u00e3o tamb\u00e9m vulgarmente chamadas ervas gigantes. Estas s\u00e3o plantas cujas caracter\u00edsticas coincidem com as do resto das plantas herb\u00e1ceas, excepto no detalhe do seu tamanho. As megaforbs atingem tamanhos muito maiores do que outras plantas herb\u00e1ceas, em alguns casos atingindo alturas de v\u00e1rios metros. Os exemplos mais comuns s\u00e3o as bananas e as palmeiras. Pensava que as palmeiras eram \u00e1rvores? Pode parecer um pouco estranho de pensar, mas estas s\u00e3o <strong>plantas herb\u00e1ceas megaf\u00f3ricas<\/strong>, ou seja, gram\u00edneas. Estas s\u00e3o as megaforbias mais comuns:<\/p>\n<ul>\n<li>Bananeros<\/li>\n<li><a href=\"https:\/\/www.ecologiaverde.com\/como-plantar-una-palmera-y-sus-cuidados-390.html\">Palmeiras<\/a><\/li>\n<li>Bambus<\/li>\n<\/ul>\n","protected":false},"excerpt":{"rendered":"<p>A Palmeira PREMIUM artificial tem toda a eleg\u00e2ncia e realismo que uma palmeira artificial pode ter e cuida de todos os detalhes de acabamento conceb\u00edveis. \u00c9 entregue com um plantador de base inclu\u00eddo e n\u00e3o requer manuten\u00e7\u00e3o.<\/p>\n<table>\n<tbody>\n<tr>\n<td><strong>REF<\/strong><\/td>\n<td><strong>ALTURA<\/strong><\/td>\n<td><strong>N\u00ba FOLHAS<\/strong><\/td>\n<\/tr>\n<tr>\n<td><strong>1805005<\/strong><\/td>\n<td>175 cm<\/td>\n<td>33<\/td>\n<\/tr>\n<\/tbody>\n<\/table>\n","protected":false},"featured_media":4410,"template":"","meta":{"_monsterinsights_skip_tracking":false,"_monsterinsights_sitenote_active":false,"_monsterinsights_sitenote_note":"","_monsterinsights_sitenote_category":0},"product_brand":[],"product_cat":[395],"product_tag":[415,420,422],"class_list":{"0":"post-4886","1":"product","2":"type-product","3":"status-publish","4":"has-post-thumbnail","6":"product_cat-plantas-de-interior-artificiais","7":"product_tag-erva-artificial","8":"product_tag-palmeira-artificial","9":"product_tag-planta-tropical","10":"","11":"woocommerce-text-align-center","12":"woocommerce-image-align-center","13":"do-quantity-buttons","15":"first","16":"instock","17":"taxable","18":"shipping-taxable","19":"product-type-simple"},"yoast_head":"<!-- This site is optimized with the Yoast SEO plugin v27.6 - https:\/\/yoast.com\/product\/yoast-seo-wordpress\/ -->\n<title>Palmeira PREMIUM artificial, com alto realismo para interiores<\/title>\n<meta name=\"description\" content=\"Palmeira PREMIUM artificial, de incr\u00edvel realismo e eleg\u00e2ncia. Dispon\u00edvel em 135 cm de altura. Livre de manuten\u00e7\u00e3o. Decora\u00e7\u00e3o de interiores\" \/>\n<meta name=\"robots\" content=\"index, follow, max-snippet:-1, max-image-preview:large, max-video-preview:-1\" \/>\n<link rel=\"canonical\" href=\"https:\/\/decoplanta.com\/pt-pt\/plantas-de-interior-artificiais\/palmeira-premium\/\" \/>\n<meta property=\"og:locale\" content=\"pt_PT\" \/>\n<meta property=\"og:type\" content=\"article\" \/>\n<meta property=\"og:title\" content=\"Palmeira PREMIUM artificial, com alto realismo para interiores\" \/>\n<meta property=\"og:description\" content=\"Palmeira PREMIUM artificial, de incr\u00edvel realismo e eleg\u00e2ncia. Dispon\u00edvel em 135 cm de altura. Livre de manuten\u00e7\u00e3o. Decora\u00e7\u00e3o de interiores\" \/>\n<meta property=\"og:url\" content=\"https:\/\/decoplanta.com\/pt-pt\/plantas-de-interior-artificiais\/palmeira-premium\/\" \/>\n<meta property=\"og:site_name\" content=\"Plantas y \u00e1rboles artificiales de Alto Realismo\" \/>\n<meta property=\"article:modified_time\" content=\"2025-02-25T13:07:50+00:00\" \/>\n<meta property=\"og:image\" content=\"https:\/\/decoplanta.com\/wp-content\/uploads\/2021\/03\/1805004-arbol-PALMERA_PREMIUM.jpg\" \/>\n\t<meta property=\"og:image:width\" content=\"800\" \/>\n\t<meta property=\"og:image:height\" content=\"800\" \/>\n\t<meta property=\"og:image:type\" content=\"image\/jpeg\" \/>\n<meta name=\"twitter:card\" content=\"summary_large_image\" \/>\n<meta name=\"twitter:label1\" content=\"Tempo estimado de leitura\" \/>\n\t<meta name=\"twitter:data1\" content=\"3 minutos\" \/>\n<script type=\"application\/ld+json\" class=\"yoast-schema-graph\">{\"@context\":\"https:\\\/\\\/schema.org\",\"@graph\":[{\"@type\":\"WebPage\",\"@id\":\"https:\\\/\\\/decoplanta.com\\\/pt-pt\\\/plantas-de-interior-artificiais\\\/palmeira-premium\\\/\",\"url\":\"https:\\\/\\\/decoplanta.com\\\/pt-pt\\\/plantas-de-interior-artificiais\\\/palmeira-premium\\\/\",\"name\":\"Palmeira PREMIUM artificial, com alto realismo para interiores\",\"isPartOf\":{\"@id\":\"https:\\\/\\\/decoplanta.com\\\/pt-pt\\\/#website\"},\"primaryImageOfPage\":{\"@id\":\"https:\\\/\\\/decoplanta.com\\\/pt-pt\\\/plantas-de-interior-artificiais\\\/palmeira-premium\\\/#primaryimage\"},\"image\":{\"@id\":\"https:\\\/\\\/decoplanta.com\\\/pt-pt\\\/plantas-de-interior-artificiais\\\/palmeira-premium\\\/#primaryimage\"},\"thumbnailUrl\":\"https:\\\/\\\/decoplanta.com\\\/wp-content\\\/uploads\\\/2021\\\/03\\\/1805004-arbol-PALMERA_PREMIUM.jpg\",\"datePublished\":\"2022-09-22T07:47:05+00:00\",\"dateModified\":\"2025-02-25T13:07:50+00:00\",\"description\":\"Palmeira PREMIUM artificial, de incr\u00edvel realismo e eleg\u00e2ncia. Dispon\u00edvel em 135 cm de altura. Livre de manuten\u00e7\u00e3o. Decora\u00e7\u00e3o de interiores\",\"breadcrumb\":{\"@id\":\"https:\\\/\\\/decoplanta.com\\\/pt-pt\\\/plantas-de-interior-artificiais\\\/palmeira-premium\\\/#breadcrumb\"},\"inLanguage\":\"pt-PT\",\"potentialAction\":[{\"@type\":\"ReadAction\",\"target\":[\"https:\\\/\\\/decoplanta.com\\\/pt-pt\\\/plantas-de-interior-artificiais\\\/palmeira-premium\\\/\"]}]},{\"@type\":\"ImageObject\",\"inLanguage\":\"pt-PT\",\"@id\":\"https:\\\/\\\/decoplanta.com\\\/pt-pt\\\/plantas-de-interior-artificiais\\\/palmeira-premium\\\/#primaryimage\",\"url\":\"https:\\\/\\\/decoplanta.com\\\/wp-content\\\/uploads\\\/2021\\\/03\\\/1805004-arbol-PALMERA_PREMIUM.jpg\",\"contentUrl\":\"https:\\\/\\\/decoplanta.com\\\/wp-content\\\/uploads\\\/2021\\\/03\\\/1805004-arbol-PALMERA_PREMIUM.jpg\",\"width\":800,\"height\":800,\"caption\":\"Palmeira PREMIUM artificial\"},{\"@type\":\"BreadcrumbList\",\"@id\":\"https:\\\/\\\/decoplanta.com\\\/pt-pt\\\/plantas-de-interior-artificiais\\\/palmeira-premium\\\/#breadcrumb\",\"itemListElement\":[{\"@type\":\"ListItem\",\"position\":1,\"name\":\"Portada\",\"item\":\"https:\\\/\\\/decoplanta.com\\\/pt-pt\\\/\"},{\"@type\":\"ListItem\",\"position\":2,\"name\":\"Priv\u00e9\u00a0: Tienda\",\"item\":\"https:\\\/\\\/decoplanta.com\\\/?page_id=377\"},{\"@type\":\"ListItem\",\"position\":3,\"name\":\"Palmeira PREMIUM\"}]},{\"@type\":\"WebSite\",\"@id\":\"https:\\\/\\\/decoplanta.com\\\/pt-pt\\\/#website\",\"url\":\"https:\\\/\\\/decoplanta.com\\\/pt-pt\\\/\",\"name\":\"Plantas y \u00e1rboles artificiales de Alto Realismo\",\"description\":\"Proveedor de Plantas artificiales para estudios de Arquitectura, Interiorismo, Paisajismo, Escenograf\u00eda, Tiendas de Decoraci\u00f3n Florister\u00edas y Mobiliario\",\"publisher\":{\"@id\":\"https:\\\/\\\/decoplanta.com\\\/pt-pt\\\/#organization\"},\"potentialAction\":[{\"@type\":\"SearchAction\",\"target\":{\"@type\":\"EntryPoint\",\"urlTemplate\":\"https:\\\/\\\/decoplanta.com\\\/pt-pt\\\/?s={search_term_string}\"},\"query-input\":{\"@type\":\"PropertyValueSpecification\",\"valueRequired\":true,\"valueName\":\"search_term_string\"}}],\"inLanguage\":\"pt-PT\"},{\"@type\":\"Organization\",\"@id\":\"https:\\\/\\\/decoplanta.com\\\/pt-pt\\\/#organization\",\"name\":\"Plantas y \u00e1rboles artificiales de Alto Realismo\",\"url\":\"https:\\\/\\\/decoplanta.com\\\/pt-pt\\\/\",\"logo\":{\"@type\":\"ImageObject\",\"inLanguage\":\"pt-PT\",\"@id\":\"https:\\\/\\\/decoplanta.com\\\/pt-pt\\\/#\\\/schema\\\/logo\\\/image\\\/\",\"url\":\"https:\\\/\\\/decoplanta.com\\\/wp-content\\\/uploads\\\/2021\\\/02\\\/decoplanta-logo2020.svg\",\"contentUrl\":\"https:\\\/\\\/decoplanta.com\\\/wp-content\\\/uploads\\\/2021\\\/02\\\/decoplanta-logo2020.svg\",\"width\":500,\"height\":500,\"caption\":\"Plantas y \u00e1rboles artificiales de Alto Realismo\"},\"image\":{\"@id\":\"https:\\\/\\\/decoplanta.com\\\/pt-pt\\\/#\\\/schema\\\/logo\\\/image\\\/\"}}]}<\/script>\n<!-- \/ Yoast SEO plugin. -->","yoast_head_json":{"title":"Palmeira PREMIUM artificial, com alto realismo para interiores","description":"Palmeira PREMIUM artificial, de incr\u00edvel realismo e eleg\u00e2ncia. Dispon\u00edvel em 135 cm de altura. Livre de manuten\u00e7\u00e3o. Decora\u00e7\u00e3o de interiores","robots":{"index":"index","follow":"follow","max-snippet":"max-snippet:-1","max-image-preview":"max-image-preview:large","max-video-preview":"max-video-preview:-1"},"canonical":"https:\/\/decoplanta.com\/pt-pt\/plantas-de-interior-artificiais\/palmeira-premium\/","og_locale":"pt_PT","og_type":"article","og_title":"Palmeira PREMIUM artificial, com alto realismo para interiores","og_description":"Palmeira PREMIUM artificial, de incr\u00edvel realismo e eleg\u00e2ncia. Dispon\u00edvel em 135 cm de altura. Livre de manuten\u00e7\u00e3o. Decora\u00e7\u00e3o de interiores","og_url":"https:\/\/decoplanta.com\/pt-pt\/plantas-de-interior-artificiais\/palmeira-premium\/","og_site_name":"Plantas y \u00e1rboles artificiales de Alto Realismo","article_modified_time":"2025-02-25T13:07:50+00:00","og_image":[{"width":800,"height":800,"url":"https:\/\/decoplanta.com\/wp-content\/uploads\/2021\/03\/1805004-arbol-PALMERA_PREMIUM.jpg","type":"image\/jpeg"}],"twitter_card":"summary_large_image","twitter_misc":{"Tempo estimado de leitura":"3 minutos"},"schema":{"@context":"https:\/\/schema.org","@graph":[{"@type":"WebPage","@id":"https:\/\/decoplanta.com\/pt-pt\/plantas-de-interior-artificiais\/palmeira-premium\/","url":"https:\/\/decoplanta.com\/pt-pt\/plantas-de-interior-artificiais\/palmeira-premium\/","name":"Palmeira PREMIUM artificial, com alto realismo para interiores","isPartOf":{"@id":"https:\/\/decoplanta.com\/pt-pt\/#website"},"primaryImageOfPage":{"@id":"https:\/\/decoplanta.com\/pt-pt\/plantas-de-interior-artificiais\/palmeira-premium\/#primaryimage"},"image":{"@id":"https:\/\/decoplanta.com\/pt-pt\/plantas-de-interior-artificiais\/palmeira-premium\/#primaryimage"},"thumbnailUrl":"https:\/\/decoplanta.com\/wp-content\/uploads\/2021\/03\/1805004-arbol-PALMERA_PREMIUM.jpg","datePublished":"2022-09-22T07:47:05+00:00","dateModified":"2025-02-25T13:07:50+00:00","description":"Palmeira PREMIUM artificial, de incr\u00edvel realismo e eleg\u00e2ncia. Dispon\u00edvel em 135 cm de altura. Livre de manuten\u00e7\u00e3o. Decora\u00e7\u00e3o de interiores","breadcrumb":{"@id":"https:\/\/decoplanta.com\/pt-pt\/plantas-de-interior-artificiais\/palmeira-premium\/#breadcrumb"},"inLanguage":"pt-PT","potentialAction":[{"@type":"ReadAction","target":["https:\/\/decoplanta.com\/pt-pt\/plantas-de-interior-artificiais\/palmeira-premium\/"]}]},{"@type":"ImageObject","inLanguage":"pt-PT","@id":"https:\/\/decoplanta.com\/pt-pt\/plantas-de-interior-artificiais\/palmeira-premium\/#primaryimage","url":"https:\/\/decoplanta.com\/wp-content\/uploads\/2021\/03\/1805004-arbol-PALMERA_PREMIUM.jpg","contentUrl":"https:\/\/decoplanta.com\/wp-content\/uploads\/2021\/03\/1805004-arbol-PALMERA_PREMIUM.jpg","width":800,"height":800,"caption":"Palmeira PREMIUM artificial"},{"@type":"BreadcrumbList","@id":"https:\/\/decoplanta.com\/pt-pt\/plantas-de-interior-artificiais\/palmeira-premium\/#breadcrumb","itemListElement":[{"@type":"ListItem","position":1,"name":"Portada","item":"https:\/\/decoplanta.com\/pt-pt\/"},{"@type":"ListItem","position":2,"name":"Priv\u00e9\u00a0: Tienda","item":"https:\/\/decoplanta.com\/?page_id=377"},{"@type":"ListItem","position":3,"name":"Palmeira PREMIUM"}]},{"@type":"WebSite","@id":"https:\/\/decoplanta.com\/pt-pt\/#website","url":"https:\/\/decoplanta.com\/pt-pt\/","name":"Plantas y \u00e1rboles artificiales de Alto Realismo","description":"Proveedor de Plantas artificiales para estudios de Arquitectura, Interiorismo, Paisajismo, Escenograf\u00eda, Tiendas de Decoraci\u00f3n Florister\u00edas y Mobiliario","publisher":{"@id":"https:\/\/decoplanta.com\/pt-pt\/#organization"},"potentialAction":[{"@type":"SearchAction","target":{"@type":"EntryPoint","urlTemplate":"https:\/\/decoplanta.com\/pt-pt\/?s={search_term_string}"},"query-input":{"@type":"PropertyValueSpecification","valueRequired":true,"valueName":"search_term_string"}}],"inLanguage":"pt-PT"},{"@type":"Organization","@id":"https:\/\/decoplanta.com\/pt-pt\/#organization","name":"Plantas y \u00e1rboles artificiales de Alto Realismo","url":"https:\/\/decoplanta.com\/pt-pt\/","logo":{"@type":"ImageObject","inLanguage":"pt-PT","@id":"https:\/\/decoplanta.com\/pt-pt\/#\/schema\/logo\/image\/","url":"https:\/\/decoplanta.com\/wp-content\/uploads\/2021\/02\/decoplanta-logo2020.svg","contentUrl":"https:\/\/decoplanta.com\/wp-content\/uploads\/2021\/02\/decoplanta-logo2020.svg","width":500,"height":500,"caption":"Plantas y \u00e1rboles artificiales de Alto Realismo"},"image":{"@id":"https:\/\/decoplanta.com\/pt-pt\/#\/schema\/logo\/image\/"}}]}},"_links":{"self":[{"href":"https:\/\/decoplanta.com\/pt-pt\/wp-json\/wp\/v2\/product\/4886","targetHints":{"allow":["GET"]}}],"collection":[{"href":"https:\/\/decoplanta.com\/pt-pt\/wp-json\/wp\/v2\/product"}],"about":[{"href":"https:\/\/decoplanta.com\/pt-pt\/wp-json\/wp\/v2\/types\/product"}],"version-history":[{"count":0,"href":"https:\/\/decoplanta.com\/pt-pt\/wp-json\/wp\/v2\/product\/4886\/revisions"}],"wp:featuredmedia":[{"embeddable":true,"href":"https:\/\/decoplanta.com\/pt-pt\/wp-json\/wp\/v2\/media\/4410"}],"wp:attachment":[{"href":"https:\/\/decoplanta.com\/pt-pt\/wp-json\/wp\/v2\/media?parent=4886"}],"wp:term":[{"taxonomy":"product_brand","embeddable":true,"href":"https:\/\/decoplanta.com\/pt-pt\/wp-json\/wp\/v2\/product_brand?post=4886"},{"taxonomy":"product_cat","embeddable":true,"href":"https:\/\/decoplanta.com\/pt-pt\/wp-json\/wp\/v2\/product_cat?post=4886"},{"taxonomy":"product_tag","embeddable":true,"href":"https:\/\/decoplanta.com\/pt-pt\/wp-json\/wp\/v2\/product_tag?post=4886"}],"curies":[{"name":"wp","href":"https:\/\/api.w.org\/{rel}","templated":true}]}}