{"id":4890,"date":"2021-02-28T11:56:30","date_gmt":"2022-09-22T07:47:06","guid":{"rendered":"https:\/\/decoplanta.com\/sem%20categoria\/arvore-ficus-botanic\/"},"modified":"2023-02-04T11:02:58","modified_gmt":"2023-02-04T10:02:58","slug":"arvore-ficus-botanic-2","status":"publish","type":"product","link":"https:\/\/decoplanta.com\/pt-pt\/plantas-de-interior-artificiais\/arvore-ficus-botanic-2\/","title":{"rendered":"\u00c1rvore FICUS BOTANIC"},"content":{"rendered":"<p>\u00c1rvore FICUS BOTANIC artificial, \u00e9 um espectacular \u00e1rvore com <strong>v\u00e1rios troncos naturais<\/strong>, altamente valorizada pelos puristas. Elevado n\u00edvel de folhagem com folhas verdes espessas e profundas. \u00c9 uma \u00e1rvore especial com personalidade pr\u00f3pria.<\/p>\n<h3 class=\"content-hed listicle-hed\">PLANTAS INDOORIZADAS: Coloque um FICUS BOTANIC artificial EM SUA CASA<\/h3>\n<div class=\"content-dek listicle-dek\">\n<p>O \u00e1rvore FICUS BOTANIC artificial \u00e9 uma planta muito decorativa e f\u00e1cil de manter. \u00c9 uma das ficus mais conhecidas, a El\u00e1stica, que se caracteriza pelas suas grandes folhas verdes escuras com uma veia central na parte de tr\u00e1s. Com caules lenhosos, folhas grandes e aspecto arb\u00f3reo.<\/p>\n<div class=\"listicle-intro\">\n<p>A Ficus pertence \u00e0 fam\u00edlia <a href=\"https:\/\/es.wikipedia.org\/wiki\/Moraceae\" target=\"_blank\" rel=\"noopener\">Moraceae<\/a>, o que significa que pode encontrar plantas perenes, plantas caducif\u00f3lias, bem como arbustos, trepadeiras e at\u00e9 \u00e1rvores de grande porte. Adaptam-se muito bem ao clima mediterr\u00e2nico e, se forem bem cuidadas, t\u00eam uma vida muito longa.<\/p>\n<h3><strong>Qual o pote mais adequado para o FICUS BOTANIC?<\/strong><\/h3>\n<p>Deve ser plantado num vaso baixo ou <a href=\"https:\/\/decoplanta.com\/etiqueta-producto\/jardinera-rectangular\/\" target=\"_blank\" rel=\"noopener\">plantador<\/a>, de modo a poder mostrar o seu belo tronco.<\/p>\n<p>Os \u00e1rvores de ficus geralmente precisam de muita luz, mas n\u00e3o de luz solar directa. No Inverno \u00e9 importante que recebam muita luz e no Ver\u00e3o podem ser levados para o exterior, mas num local semi-sombreado, para que n\u00e3o sejam danificados pelo sol.<\/p>\n<p>A melhor temperatura para um bom desenvolvimento \u00e9 entre 20 e 25\u00ba C e deve ter-se em conta que n\u00e3o toleram muito bem mudan\u00e7as s\u00fabitas. Precisam de um ambiente quente e h\u00famido, pelo que ser\u00e1 necess\u00e1rio pulveriz\u00e1-los frequentemente com \u00e1gua.<\/p>\n<p>S\u00e3o plantas que se adaptam perfeitamente a qualquer ambiente. Para que a planta respire melhor, limpe as folhas com um pano h\u00famido.<\/p>\n<\/div>\n<div class=\"listicle-body-content \">\n<div class=\"listicle-slide listicle-slide-portrait listicle-slide-image \" data-id=\"0\">\n<div class=\"listicle-slide-dek\">\n<p>H\u00e1 muitas varia\u00e7\u00f5es desta ficus, sendo a mais comum o <em>Rei Goden, Princesa Dourada, Nana <\/em>&#8230; Enforcamento ou escalada. Tais como a ficus Sagittata, com folhas longas e finas, e a Pumila, com folhas mais pequenas, perfeita para pendurar cestos.<\/p>\n<\/div>\n<\/div>\n<\/div>\n<\/div>\n","protected":false},"excerpt":{"rendered":"<p>Ficus BOTANIC, \u00e9 um espectacular \u00e1rvore com <strong>v\u00e1rios troncos de madeira natural<\/strong>, altamente valorizado pelos puristas. Elevado n\u00edvel de folhagem com folhas verdes espessas e profundas. \u00c9 uma \u00e1rvore especial com personalidade pr\u00f3pria. Dispon\u00edvel em duas alturas.<\/p>\n<table>\n<tbody>\n<tr>\n<td><strong>REF<\/strong><\/td>\n<td><strong>ALTURA<\/strong><\/td>\n<td><strong>N\u00ba FOLHAS<\/strong><\/td>\n<\/tr>\n<tr>\n<td><strong>1802011<\/strong><\/td>\n<td>70 cm<\/td>\n<td>726<\/td>\n<\/tr>\n<tr>\n<td><strong>1802012<\/strong><\/td>\n<td>100 cm<\/td>\n<td>1500<\/td>\n<\/tr>\n<\/tbody>\n<\/table>\n","protected":false},"featured_media":4539,"template":"","meta":{"_monsterinsights_skip_tracking":false,"_monsterinsights_sitenote_active":false,"_monsterinsights_sitenote_note":"","_monsterinsights_sitenote_category":0},"product_brand":[],"product_cat":[395],"product_tag":[409],"class_list":{"0":"post-4890","1":"product","2":"type-product","3":"status-publish","4":"has-post-thumbnail","6":"product_cat-plantas-de-interior-artificiais","7":"product_tag-ficus-para-decoracao-de-interiores","8":"","9":"woocommerce-text-align-center","10":"woocommerce-image-align-center","11":"do-quantity-buttons","13":"first","14":"instock","15":"taxable","16":"shipping-taxable","17":"purchasable","18":"product-type-simple"},"yoast_head":"<!-- This site is optimized with the Yoast SEO plugin v27.4 - https:\/\/yoast.com\/product\/yoast-seo-wordpress\/ -->\n<title>\u00c1rvore FICUS BOTANIC artificial altamente realista para decora\u00e7\u00e3o<\/title>\n<meta name=\"description\" content=\"O \u00e1rvore FICUS BOTANIC artificial altamente realista, com v\u00e1rios troncos naturais e uma alta densidade foliar, ideal para decora\u00e7\u00e3o de interiores.\" \/>\n<meta name=\"robots\" content=\"index, follow, max-snippet:-1, max-image-preview:large, max-video-preview:-1\" \/>\n<link rel=\"canonical\" href=\"https:\/\/decoplanta.com\/pt-pt\/plantas-de-interior-artificiais\/arvore-ficus-botanic-2\/\" \/>\n<meta property=\"og:locale\" content=\"pt_PT\" \/>\n<meta property=\"og:type\" content=\"article\" \/>\n<meta property=\"og:title\" content=\"\u00c1rvore FICUS BOTANIC artificial altamente realista para decora\u00e7\u00e3o\" \/>\n<meta property=\"og:description\" content=\"O \u00e1rvore FICUS BOTANIC artificial altamente realista, com v\u00e1rios troncos naturais e uma alta densidade foliar, ideal para decora\u00e7\u00e3o de interiores.\" \/>\n<meta property=\"og:url\" content=\"https:\/\/decoplanta.com\/pt-pt\/plantas-de-interior-artificiais\/arvore-ficus-botanic-2\/\" \/>\n<meta property=\"og:site_name\" content=\"Plantas y \u00e1rboles artificiales de Alto Realismo\" \/>\n<meta property=\"article:modified_time\" content=\"2023-02-04T10:02:58+00:00\" \/>\n<meta property=\"og:image\" content=\"https:\/\/decoplanta.com\/wp-content\/uploads\/2021\/04\/1802012-arbol-FICUS_BOTANIC-100cm.jpg\" \/>\n\t<meta property=\"og:image:width\" content=\"2048\" \/>\n\t<meta property=\"og:image:height\" content=\"2048\" \/>\n\t<meta property=\"og:image:type\" content=\"image\/jpeg\" \/>\n<meta name=\"twitter:card\" content=\"summary_large_image\" \/>\n<meta name=\"twitter:label1\" content=\"Tempo estimado de leitura\" \/>\n\t<meta name=\"twitter:data1\" content=\"2 minutos\" \/>\n<script type=\"application\/ld+json\" class=\"yoast-schema-graph\">{\"@context\":\"https:\\\/\\\/schema.org\",\"@graph\":[{\"@type\":\"WebPage\",\"@id\":\"https:\\\/\\\/decoplanta.com\\\/pt-pt\\\/plantas-de-interior-artificiais\\\/arvore-ficus-botanic-2\\\/\",\"url\":\"https:\\\/\\\/decoplanta.com\\\/pt-pt\\\/plantas-de-interior-artificiais\\\/arvore-ficus-botanic-2\\\/\",\"name\":\"\u00c1rvore FICUS BOTANIC artificial altamente realista para decora\u00e7\u00e3o\",\"isPartOf\":{\"@id\":\"https:\\\/\\\/decoplanta.com\\\/pt-pt\\\/#website\"},\"primaryImageOfPage\":{\"@id\":\"https:\\\/\\\/decoplanta.com\\\/pt-pt\\\/plantas-de-interior-artificiais\\\/arvore-ficus-botanic-2\\\/#primaryimage\"},\"image\":{\"@id\":\"https:\\\/\\\/decoplanta.com\\\/pt-pt\\\/plantas-de-interior-artificiais\\\/arvore-ficus-botanic-2\\\/#primaryimage\"},\"thumbnailUrl\":\"https:\\\/\\\/decoplanta.com\\\/wp-content\\\/uploads\\\/2021\\\/04\\\/1802011-arbol-FICUS_BOTANIC-70cm.jpg\",\"datePublished\":\"2022-09-22T07:47:06+00:00\",\"dateModified\":\"2023-02-04T10:02:58+00:00\",\"description\":\"O \u00e1rvore FICUS BOTANIC artificial altamente realista, com v\u00e1rios troncos naturais e uma alta densidade foliar, ideal para decora\u00e7\u00e3o de interiores.\",\"breadcrumb\":{\"@id\":\"https:\\\/\\\/decoplanta.com\\\/pt-pt\\\/plantas-de-interior-artificiais\\\/arvore-ficus-botanic-2\\\/#breadcrumb\"},\"inLanguage\":\"pt-PT\",\"potentialAction\":[{\"@type\":\"ReadAction\",\"target\":[\"https:\\\/\\\/decoplanta.com\\\/pt-pt\\\/plantas-de-interior-artificiais\\\/arvore-ficus-botanic-2\\\/\"]}]},{\"@type\":\"ImageObject\",\"inLanguage\":\"pt-PT\",\"@id\":\"https:\\\/\\\/decoplanta.com\\\/pt-pt\\\/plantas-de-interior-artificiais\\\/arvore-ficus-botanic-2\\\/#primaryimage\",\"url\":\"https:\\\/\\\/decoplanta.com\\\/wp-content\\\/uploads\\\/2021\\\/04\\\/1802011-arbol-FICUS_BOTANIC-70cm.jpg\",\"contentUrl\":\"https:\\\/\\\/decoplanta.com\\\/wp-content\\\/uploads\\\/2021\\\/04\\\/1802011-arbol-FICUS_BOTANIC-70cm.jpg\",\"width\":2048,\"height\":2048},{\"@type\":\"BreadcrumbList\",\"@id\":\"https:\\\/\\\/decoplanta.com\\\/pt-pt\\\/plantas-de-interior-artificiais\\\/arvore-ficus-botanic-2\\\/#breadcrumb\",\"itemListElement\":[{\"@type\":\"ListItem\",\"position\":1,\"name\":\"Portada\",\"item\":\"https:\\\/\\\/decoplanta.com\\\/pt-pt\\\/\"},{\"@type\":\"ListItem\",\"position\":2,\"name\":\"Priv\u00e9\u00a0: Tienda\",\"item\":\"https:\\\/\\\/decoplanta.com\\\/?page_id=377\"},{\"@type\":\"ListItem\",\"position\":3,\"name\":\"\u00c1rvore FICUS BOTANIC\"}]},{\"@type\":\"WebSite\",\"@id\":\"https:\\\/\\\/decoplanta.com\\\/pt-pt\\\/#website\",\"url\":\"https:\\\/\\\/decoplanta.com\\\/pt-pt\\\/\",\"name\":\"Plantas y \u00e1rboles artificiales de Alto Realismo\",\"description\":\"Proveedor de Plantas artificiales para estudios de Arquitectura, Interiorismo, Paisajismo, Escenograf\u00eda, Tiendas de Decoraci\u00f3n Florister\u00edas y Mobiliario\",\"publisher\":{\"@id\":\"https:\\\/\\\/decoplanta.com\\\/pt-pt\\\/#organization\"},\"potentialAction\":[{\"@type\":\"SearchAction\",\"target\":{\"@type\":\"EntryPoint\",\"urlTemplate\":\"https:\\\/\\\/decoplanta.com\\\/pt-pt\\\/?s={search_term_string}\"},\"query-input\":{\"@type\":\"PropertyValueSpecification\",\"valueRequired\":true,\"valueName\":\"search_term_string\"}}],\"inLanguage\":\"pt-PT\"},{\"@type\":\"Organization\",\"@id\":\"https:\\\/\\\/decoplanta.com\\\/pt-pt\\\/#organization\",\"name\":\"Plantas y \u00e1rboles artificiales de Alto Realismo\",\"url\":\"https:\\\/\\\/decoplanta.com\\\/pt-pt\\\/\",\"logo\":{\"@type\":\"ImageObject\",\"inLanguage\":\"pt-PT\",\"@id\":\"https:\\\/\\\/decoplanta.com\\\/pt-pt\\\/#\\\/schema\\\/logo\\\/image\\\/\",\"url\":\"https:\\\/\\\/decoplanta.com\\\/wp-content\\\/uploads\\\/2021\\\/02\\\/decoplanta-logo2020.svg\",\"contentUrl\":\"https:\\\/\\\/decoplanta.com\\\/wp-content\\\/uploads\\\/2021\\\/02\\\/decoplanta-logo2020.svg\",\"width\":500,\"height\":500,\"caption\":\"Plantas y \u00e1rboles artificiales de Alto Realismo\"},\"image\":{\"@id\":\"https:\\\/\\\/decoplanta.com\\\/pt-pt\\\/#\\\/schema\\\/logo\\\/image\\\/\"}}]}<\/script>\n<!-- \/ Yoast SEO plugin. -->","yoast_head_json":{"title":"\u00c1rvore FICUS BOTANIC artificial altamente realista para decora\u00e7\u00e3o","description":"O \u00e1rvore FICUS BOTANIC artificial altamente realista, com v\u00e1rios troncos naturais e uma alta densidade foliar, ideal para decora\u00e7\u00e3o de interiores.","robots":{"index":"index","follow":"follow","max-snippet":"max-snippet:-1","max-image-preview":"max-image-preview:large","max-video-preview":"max-video-preview:-1"},"canonical":"https:\/\/decoplanta.com\/pt-pt\/plantas-de-interior-artificiais\/arvore-ficus-botanic-2\/","og_locale":"pt_PT","og_type":"article","og_title":"\u00c1rvore FICUS BOTANIC artificial altamente realista para decora\u00e7\u00e3o","og_description":"O \u00e1rvore FICUS BOTANIC artificial altamente realista, com v\u00e1rios troncos naturais e uma alta densidade foliar, ideal para decora\u00e7\u00e3o de interiores.","og_url":"https:\/\/decoplanta.com\/pt-pt\/plantas-de-interior-artificiais\/arvore-ficus-botanic-2\/","og_site_name":"Plantas y \u00e1rboles artificiales de Alto Realismo","article_modified_time":"2023-02-04T10:02:58+00:00","og_image":[{"width":2048,"height":2048,"url":"https:\/\/decoplanta.com\/wp-content\/uploads\/2021\/04\/1802012-arbol-FICUS_BOTANIC-100cm.jpg","type":"image\/jpeg"}],"twitter_card":"summary_large_image","twitter_misc":{"Tempo estimado de leitura":"2 minutos"},"schema":{"@context":"https:\/\/schema.org","@graph":[{"@type":"WebPage","@id":"https:\/\/decoplanta.com\/pt-pt\/plantas-de-interior-artificiais\/arvore-ficus-botanic-2\/","url":"https:\/\/decoplanta.com\/pt-pt\/plantas-de-interior-artificiais\/arvore-ficus-botanic-2\/","name":"\u00c1rvore FICUS BOTANIC artificial altamente realista para decora\u00e7\u00e3o","isPartOf":{"@id":"https:\/\/decoplanta.com\/pt-pt\/#website"},"primaryImageOfPage":{"@id":"https:\/\/decoplanta.com\/pt-pt\/plantas-de-interior-artificiais\/arvore-ficus-botanic-2\/#primaryimage"},"image":{"@id":"https:\/\/decoplanta.com\/pt-pt\/plantas-de-interior-artificiais\/arvore-ficus-botanic-2\/#primaryimage"},"thumbnailUrl":"https:\/\/decoplanta.com\/wp-content\/uploads\/2021\/04\/1802011-arbol-FICUS_BOTANIC-70cm.jpg","datePublished":"2022-09-22T07:47:06+00:00","dateModified":"2023-02-04T10:02:58+00:00","description":"O \u00e1rvore FICUS BOTANIC artificial altamente realista, com v\u00e1rios troncos naturais e uma alta densidade foliar, ideal para decora\u00e7\u00e3o de interiores.","breadcrumb":{"@id":"https:\/\/decoplanta.com\/pt-pt\/plantas-de-interior-artificiais\/arvore-ficus-botanic-2\/#breadcrumb"},"inLanguage":"pt-PT","potentialAction":[{"@type":"ReadAction","target":["https:\/\/decoplanta.com\/pt-pt\/plantas-de-interior-artificiais\/arvore-ficus-botanic-2\/"]}]},{"@type":"ImageObject","inLanguage":"pt-PT","@id":"https:\/\/decoplanta.com\/pt-pt\/plantas-de-interior-artificiais\/arvore-ficus-botanic-2\/#primaryimage","url":"https:\/\/decoplanta.com\/wp-content\/uploads\/2021\/04\/1802011-arbol-FICUS_BOTANIC-70cm.jpg","contentUrl":"https:\/\/decoplanta.com\/wp-content\/uploads\/2021\/04\/1802011-arbol-FICUS_BOTANIC-70cm.jpg","width":2048,"height":2048},{"@type":"BreadcrumbList","@id":"https:\/\/decoplanta.com\/pt-pt\/plantas-de-interior-artificiais\/arvore-ficus-botanic-2\/#breadcrumb","itemListElement":[{"@type":"ListItem","position":1,"name":"Portada","item":"https:\/\/decoplanta.com\/pt-pt\/"},{"@type":"ListItem","position":2,"name":"Priv\u00e9\u00a0: Tienda","item":"https:\/\/decoplanta.com\/?page_id=377"},{"@type":"ListItem","position":3,"name":"\u00c1rvore FICUS BOTANIC"}]},{"@type":"WebSite","@id":"https:\/\/decoplanta.com\/pt-pt\/#website","url":"https:\/\/decoplanta.com\/pt-pt\/","name":"Plantas y \u00e1rboles artificiales de Alto Realismo","description":"Proveedor de Plantas artificiales para estudios de Arquitectura, Interiorismo, Paisajismo, Escenograf\u00eda, Tiendas de Decoraci\u00f3n Florister\u00edas y Mobiliario","publisher":{"@id":"https:\/\/decoplanta.com\/pt-pt\/#organization"},"potentialAction":[{"@type":"SearchAction","target":{"@type":"EntryPoint","urlTemplate":"https:\/\/decoplanta.com\/pt-pt\/?s={search_term_string}"},"query-input":{"@type":"PropertyValueSpecification","valueRequired":true,"valueName":"search_term_string"}}],"inLanguage":"pt-PT"},{"@type":"Organization","@id":"https:\/\/decoplanta.com\/pt-pt\/#organization","name":"Plantas y \u00e1rboles artificiales de Alto Realismo","url":"https:\/\/decoplanta.com\/pt-pt\/","logo":{"@type":"ImageObject","inLanguage":"pt-PT","@id":"https:\/\/decoplanta.com\/pt-pt\/#\/schema\/logo\/image\/","url":"https:\/\/decoplanta.com\/wp-content\/uploads\/2021\/02\/decoplanta-logo2020.svg","contentUrl":"https:\/\/decoplanta.com\/wp-content\/uploads\/2021\/02\/decoplanta-logo2020.svg","width":500,"height":500,"caption":"Plantas y \u00e1rboles artificiales de Alto Realismo"},"image":{"@id":"https:\/\/decoplanta.com\/pt-pt\/#\/schema\/logo\/image\/"}}]}},"_links":{"self":[{"href":"https:\/\/decoplanta.com\/pt-pt\/wp-json\/wp\/v2\/product\/4890","targetHints":{"allow":["GET"]}}],"collection":[{"href":"https:\/\/decoplanta.com\/pt-pt\/wp-json\/wp\/v2\/product"}],"about":[{"href":"https:\/\/decoplanta.com\/pt-pt\/wp-json\/wp\/v2\/types\/product"}],"version-history":[{"count":0,"href":"https:\/\/decoplanta.com\/pt-pt\/wp-json\/wp\/v2\/product\/4890\/revisions"}],"wp:featuredmedia":[{"embeddable":true,"href":"https:\/\/decoplanta.com\/pt-pt\/wp-json\/wp\/v2\/media\/4539"}],"wp:attachment":[{"href":"https:\/\/decoplanta.com\/pt-pt\/wp-json\/wp\/v2\/media?parent=4890"}],"wp:term":[{"taxonomy":"product_brand","embeddable":true,"href":"https:\/\/decoplanta.com\/pt-pt\/wp-json\/wp\/v2\/product_brand?post=4890"},{"taxonomy":"product_cat","embeddable":true,"href":"https:\/\/decoplanta.com\/pt-pt\/wp-json\/wp\/v2\/product_cat?post=4890"},{"taxonomy":"product_tag","embeddable":true,"href":"https:\/\/decoplanta.com\/pt-pt\/wp-json\/wp\/v2\/product_tag?post=4890"}],"curies":[{"name":"wp","href":"https:\/\/api.w.org\/{rel}","templated":true}]}}