{"id":4895,"date":"2021-02-28T19:39:55","date_gmt":"2021-02-28T18:39:55","guid":{"rendered":"https:\/\/decoplanta.com\/sem%20categoria\/loureiro-bola\/"},"modified":"2025-11-18T09:30:01","modified_gmt":"2025-11-18T08:30:01","slug":"loureiro-bola","status":"publish","type":"product","link":"https:\/\/decoplanta.com\/pt-pt\/plantas-de-interior-artificiais\/loureiro-bola\/","title":{"rendered":"LOUREIRO BOLA"},"content":{"rendered":"<h2>LOUREIRO BOLA artificial<\/h2>\n<p>LOUREIRO BOLA artificial ao Laurissilva com uma coroa esf\u00e9rica muito folhosa. Excelente qualidade com <strong>tronco natural<\/strong> e tamanho de folha grande, o que lhe confere um realismo espectacular com uma est\u00e9tica que se integra em todos os ambientes. Dispon\u00edvel em 4 tamanhos.<\/p>\n<p>O\u00a0<strong>loureiro<\/strong> \u00e9 uma pequena \u00e1rvore ou grande arbusto de crescimento lento. Se desenvolve de forma piramidal, podendo atingir mais de 10 m de altura. As suas folhas s\u00e3o persistentes, verdes escuras, brilhantes e muito arom\u00e1ticas. As flores amarelas s\u00e3o muito pequenas e desenvolvem-se em cachos durante a primavera. Dando umas bagas muito escuras e brilhantes no outono com cerca de 1 cm de comprimento.<\/p>\n<p>O LOUREIRO BOLA artificial \u00e9 uma planta perfeita para sebes de qualquer dimens\u00e3o. Os loureiros s\u00e3o plantas excelentes para a forma\u00e7\u00e3o de sebes formais ou a cria\u00e7\u00e3o de figuras em topiaria. \u00c9 frequente encontrar loureiros em bola ou em cone nos centros de jardinagem. Tamb\u00e9m podem ser plantados como arbustos isolados num jardim ou em vaso para decorar terra\u00e7os ou varandas. As folhas de louro s\u00e3o frequentemente utilizadas em culin\u00e1ria, assim como os seus ramos para fazer as c\u00e9lebres espetadas em pau de louro da ilha da Madeira. Os \u00f3leos essenciais extra\u00eddos das suas folhas e frutos s\u00e3o tamb\u00e9m utilizados para fins medicinais, cria\u00e7\u00e3o de perfumes ou velas.<\/p>\n<h3>Planta altamente resistente a pragas e doen\u00e7as<\/h3>\n<p>No entanto pode surgir ataque de cochonilhas no ver\u00e3o associado \u00e0 fumagina (fungo negro e espesso que cobre parte das folhas afetadas pelos insetos), as lagartas tamb\u00e9m podem atacar as suas folhas deixando-as todas \u201cratadas\u201d.<\/p>\n<p>O <a href=\"https:\/\/revistajardins.pt\/utilizacao-do-loureiro-no-jardim\/\">loureiro<\/a> cresce melhor em sombra parcial, tolera bem as geadas moderadas (at\u00e9 -12 \u00baC) mas \u00e9 relativamente sens\u00edvel ao vento. \u00c9 indiferente ao pH do solo mas necessita de solos f\u00e9rteis, h\u00famidos e bem drenados. Precisam de ser regados no ver\u00e3o.\u00a0 \u00c9 relativamente f\u00e1cil encontrar nos centros de jardinagem loureiros de diversos tamanhos, desde pequenos, com 30 cm de altura a 4, at\u00e9 plantas com 1,5\/2 m de altura a 30. Dado que \u00e9 uma planta com crescimento lento, quando tiver urg\u00eancia na forma\u00e7\u00e3o de uma sebe, tem de adquirir plantas j\u00e1 com algum porte.\u00a0 O compasso de planta\u00e7\u00e3o deve ter um m\u00ednimo de 50 cm e um m\u00e1ximo de 1,5 m de dist\u00e2ncia entre plantas\u00a0e deve-se ter em conta um canteiro com pelo menos\u00a0 1 m de largura.<\/p>\n","protected":false},"excerpt":{"rendered":"<p>LOUREIRO BOLA com uma coroa esf\u00e9rica muito folhosa. Excelente qualidade com <strong>tronco de madeira natural<\/strong> e tamanho de folha grande, o que lhe confere um realismo espectacular com uma est\u00e9tica que se integra em todos os ambientes.<br \/>\nDispon\u00edvel em 3 tamanhos. Inclui plantador b\u00e1sico.<\/p>\n<p>&nbsp;<\/p>\n<table>\n<tbody>\n<tr>\n<td><strong>REF<\/strong><\/td>\n<td><strong>ALTURA<\/strong><\/td>\n<td><strong>N\u00ba FOLHAS<\/strong><\/td>\n<\/tr>\n<tr>\n<td><strong>1804001<\/strong><\/td>\n<td>65 cm<\/td>\n<td>259<\/td>\n<\/tr>\n<tr>\n<td><strong>1804002<\/strong><\/td>\n<td>95 cm<\/td>\n<td>851<\/td>\n<\/tr>\n<tr>\n<td><strong>1804003<\/strong><\/td>\n<td>125 cm<\/td>\n<td>1147<\/td>\n<\/tr>\n<\/tbody>\n<\/table>\n","protected":false},"featured_media":4407,"template":"","meta":{"_monsterinsights_skip_tracking":false,"_monsterinsights_sitenote_active":false,"_monsterinsights_sitenote_note":"","_monsterinsights_sitenote_category":0},"product_brand":[],"product_cat":[395],"product_tag":[],"class_list":{"0":"post-4895","1":"product","2":"type-product","3":"status-publish","4":"has-post-thumbnail","6":"product_cat-plantas-de-interior-artificiais","7":"","8":"woocommerce-text-align-center","9":"woocommerce-image-align-center","10":"do-quantity-buttons","12":"first","13":"instock","14":"taxable","15":"shipping-taxable","16":"purchasable","17":"product-type-variable","18":"has-default-attributes"},"yoast_head":"<!-- This site is optimized with the Yoast SEO plugin v27.3 - https:\/\/yoast.com\/product\/yoast-seo-wordpress\/ -->\n<title>LOUREIRO BOLA artificial realista para decora\u00e7\u00e3o de interiores<\/title>\n<meta name=\"description\" content=\"LOUREIRO BOLA artificial com tronco natural, grande tamanho de folha e realismo espectacular. 3 tamanhos para caber em qualquer ambiente\" \/>\n<meta name=\"robots\" content=\"index, follow, max-snippet:-1, max-image-preview:large, max-video-preview:-1\" \/>\n<link rel=\"canonical\" href=\"https:\/\/decoplanta.com\/pt-pt\/plantas-de-interior-artificiais\/loureiro-bola\/\" \/>\n<meta property=\"og:locale\" content=\"pt_PT\" \/>\n<meta property=\"og:type\" content=\"article\" \/>\n<meta property=\"og:title\" content=\"LOUREIRO BOLA artificial realista para decora\u00e7\u00e3o de interiores\" \/>\n<meta property=\"og:description\" content=\"LOUREIRO BOLA artificial com tronco natural, grande tamanho de folha e realismo espectacular. 3 tamanhos para caber em qualquer ambiente\" \/>\n<meta property=\"og:url\" content=\"https:\/\/decoplanta.com\/pt-pt\/plantas-de-interior-artificiais\/loureiro-bola\/\" \/>\n<meta property=\"og:site_name\" content=\"Plantas y \u00e1rboles artificiales de Alto Realismo\" \/>\n<meta property=\"article:modified_time\" content=\"2025-11-18T08:30:01+00:00\" \/>\n<meta property=\"og:image\" content=\"https:\/\/decoplanta.com\/wp-content\/uploads\/2021\/02\/1804001-arbol-laurel-esfera.jpg\" \/>\n\t<meta property=\"og:image:width\" content=\"800\" \/>\n\t<meta property=\"og:image:height\" content=\"800\" \/>\n\t<meta property=\"og:image:type\" content=\"image\/jpeg\" \/>\n<meta name=\"twitter:card\" content=\"summary_large_image\" \/>\n<meta name=\"twitter:label1\" content=\"Tempo estimado de leitura\" \/>\n\t<meta name=\"twitter:data1\" content=\"2 minutos\" \/>\n<script type=\"application\/ld+json\" class=\"yoast-schema-graph\">{\"@context\":\"https:\\\/\\\/schema.org\",\"@graph\":[{\"@type\":\"WebPage\",\"@id\":\"https:\\\/\\\/decoplanta.com\\\/pt-pt\\\/plantas-de-interior-artificiais\\\/loureiro-bola\\\/\",\"url\":\"https:\\\/\\\/decoplanta.com\\\/pt-pt\\\/plantas-de-interior-artificiais\\\/loureiro-bola\\\/\",\"name\":\"LOUREIRO BOLA artificial realista para decora\u00e7\u00e3o de interiores\",\"isPartOf\":{\"@id\":\"https:\\\/\\\/decoplanta.com\\\/pt-pt\\\/#website\"},\"primaryImageOfPage\":{\"@id\":\"https:\\\/\\\/decoplanta.com\\\/pt-pt\\\/plantas-de-interior-artificiais\\\/loureiro-bola\\\/#primaryimage\"},\"image\":{\"@id\":\"https:\\\/\\\/decoplanta.com\\\/pt-pt\\\/plantas-de-interior-artificiais\\\/loureiro-bola\\\/#primaryimage\"},\"thumbnailUrl\":\"https:\\\/\\\/decoplanta.com\\\/wp-content\\\/uploads\\\/2021\\\/02\\\/1804001-arbol-laurel-esfera.jpg\",\"datePublished\":\"2021-02-28T18:39:55+00:00\",\"dateModified\":\"2025-11-18T08:30:01+00:00\",\"description\":\"LOUREIRO BOLA artificial com tronco natural, grande tamanho de folha e realismo espectacular. 3 tamanhos para caber em qualquer ambiente\",\"breadcrumb\":{\"@id\":\"https:\\\/\\\/decoplanta.com\\\/pt-pt\\\/plantas-de-interior-artificiais\\\/loureiro-bola\\\/#breadcrumb\"},\"inLanguage\":\"pt-PT\",\"potentialAction\":[{\"@type\":\"ReadAction\",\"target\":[\"https:\\\/\\\/decoplanta.com\\\/pt-pt\\\/plantas-de-interior-artificiais\\\/loureiro-bola\\\/\"]}]},{\"@type\":\"ImageObject\",\"inLanguage\":\"pt-PT\",\"@id\":\"https:\\\/\\\/decoplanta.com\\\/pt-pt\\\/plantas-de-interior-artificiais\\\/loureiro-bola\\\/#primaryimage\",\"url\":\"https:\\\/\\\/decoplanta.com\\\/wp-content\\\/uploads\\\/2021\\\/02\\\/1804001-arbol-laurel-esfera.jpg\",\"contentUrl\":\"https:\\\/\\\/decoplanta.com\\\/wp-content\\\/uploads\\\/2021\\\/02\\\/1804001-arbol-laurel-esfera.jpg\",\"width\":800,\"height\":800,\"caption\":\"LOUREIRO BOLA de grande folhagem na sua copa esf\u00e9rica\"},{\"@type\":\"BreadcrumbList\",\"@id\":\"https:\\\/\\\/decoplanta.com\\\/pt-pt\\\/plantas-de-interior-artificiais\\\/loureiro-bola\\\/#breadcrumb\",\"itemListElement\":[{\"@type\":\"ListItem\",\"position\":1,\"name\":\"Portada\",\"item\":\"https:\\\/\\\/decoplanta.com\\\/pt-pt\\\/\"},{\"@type\":\"ListItem\",\"position\":2,\"name\":\"Priv\u00e9\u00a0: Tienda\",\"item\":\"https:\\\/\\\/decoplanta.com\\\/?page_id=377\"},{\"@type\":\"ListItem\",\"position\":3,\"name\":\"LOUREIRO BOLA\"}]},{\"@type\":\"WebSite\",\"@id\":\"https:\\\/\\\/decoplanta.com\\\/pt-pt\\\/#website\",\"url\":\"https:\\\/\\\/decoplanta.com\\\/pt-pt\\\/\",\"name\":\"Plantas y \u00e1rboles artificiales de Alto Realismo\",\"description\":\"Proveedor de Plantas artificiales para estudios de Arquitectura, Interiorismo, Paisajismo, Escenograf\u00eda, Tiendas de Decoraci\u00f3n Florister\u00edas y Mobiliario\",\"publisher\":{\"@id\":\"https:\\\/\\\/decoplanta.com\\\/pt-pt\\\/#organization\"},\"potentialAction\":[{\"@type\":\"SearchAction\",\"target\":{\"@type\":\"EntryPoint\",\"urlTemplate\":\"https:\\\/\\\/decoplanta.com\\\/pt-pt\\\/?s={search_term_string}\"},\"query-input\":{\"@type\":\"PropertyValueSpecification\",\"valueRequired\":true,\"valueName\":\"search_term_string\"}}],\"inLanguage\":\"pt-PT\"},{\"@type\":\"Organization\",\"@id\":\"https:\\\/\\\/decoplanta.com\\\/pt-pt\\\/#organization\",\"name\":\"Plantas y \u00e1rboles artificiales de Alto Realismo\",\"url\":\"https:\\\/\\\/decoplanta.com\\\/pt-pt\\\/\",\"logo\":{\"@type\":\"ImageObject\",\"inLanguage\":\"pt-PT\",\"@id\":\"https:\\\/\\\/decoplanta.com\\\/pt-pt\\\/#\\\/schema\\\/logo\\\/image\\\/\",\"url\":\"https:\\\/\\\/decoplanta.com\\\/wp-content\\\/uploads\\\/2021\\\/02\\\/decoplanta-logo2020.svg\",\"contentUrl\":\"https:\\\/\\\/decoplanta.com\\\/wp-content\\\/uploads\\\/2021\\\/02\\\/decoplanta-logo2020.svg\",\"width\":500,\"height\":500,\"caption\":\"Plantas y \u00e1rboles artificiales de Alto Realismo\"},\"image\":{\"@id\":\"https:\\\/\\\/decoplanta.com\\\/pt-pt\\\/#\\\/schema\\\/logo\\\/image\\\/\"}}]}<\/script>\n<!-- \/ Yoast SEO plugin. -->","yoast_head_json":{"title":"LOUREIRO BOLA artificial realista para decora\u00e7\u00e3o de interiores","description":"LOUREIRO BOLA artificial com tronco natural, grande tamanho de folha e realismo espectacular. 3 tamanhos para caber em qualquer ambiente","robots":{"index":"index","follow":"follow","max-snippet":"max-snippet:-1","max-image-preview":"max-image-preview:large","max-video-preview":"max-video-preview:-1"},"canonical":"https:\/\/decoplanta.com\/pt-pt\/plantas-de-interior-artificiais\/loureiro-bola\/","og_locale":"pt_PT","og_type":"article","og_title":"LOUREIRO BOLA artificial realista para decora\u00e7\u00e3o de interiores","og_description":"LOUREIRO BOLA artificial com tronco natural, grande tamanho de folha e realismo espectacular. 3 tamanhos para caber em qualquer ambiente","og_url":"https:\/\/decoplanta.com\/pt-pt\/plantas-de-interior-artificiais\/loureiro-bola\/","og_site_name":"Plantas y \u00e1rboles artificiales de Alto Realismo","article_modified_time":"2025-11-18T08:30:01+00:00","og_image":[{"width":800,"height":800,"url":"https:\/\/decoplanta.com\/wp-content\/uploads\/2021\/02\/1804001-arbol-laurel-esfera.jpg","type":"image\/jpeg"}],"twitter_card":"summary_large_image","twitter_misc":{"Tempo estimado de leitura":"2 minutos"},"schema":{"@context":"https:\/\/schema.org","@graph":[{"@type":"WebPage","@id":"https:\/\/decoplanta.com\/pt-pt\/plantas-de-interior-artificiais\/loureiro-bola\/","url":"https:\/\/decoplanta.com\/pt-pt\/plantas-de-interior-artificiais\/loureiro-bola\/","name":"LOUREIRO BOLA artificial realista para decora\u00e7\u00e3o de interiores","isPartOf":{"@id":"https:\/\/decoplanta.com\/pt-pt\/#website"},"primaryImageOfPage":{"@id":"https:\/\/decoplanta.com\/pt-pt\/plantas-de-interior-artificiais\/loureiro-bola\/#primaryimage"},"image":{"@id":"https:\/\/decoplanta.com\/pt-pt\/plantas-de-interior-artificiais\/loureiro-bola\/#primaryimage"},"thumbnailUrl":"https:\/\/decoplanta.com\/wp-content\/uploads\/2021\/02\/1804001-arbol-laurel-esfera.jpg","datePublished":"2021-02-28T18:39:55+00:00","dateModified":"2025-11-18T08:30:01+00:00","description":"LOUREIRO BOLA artificial com tronco natural, grande tamanho de folha e realismo espectacular. 3 tamanhos para caber em qualquer ambiente","breadcrumb":{"@id":"https:\/\/decoplanta.com\/pt-pt\/plantas-de-interior-artificiais\/loureiro-bola\/#breadcrumb"},"inLanguage":"pt-PT","potentialAction":[{"@type":"ReadAction","target":["https:\/\/decoplanta.com\/pt-pt\/plantas-de-interior-artificiais\/loureiro-bola\/"]}]},{"@type":"ImageObject","inLanguage":"pt-PT","@id":"https:\/\/decoplanta.com\/pt-pt\/plantas-de-interior-artificiais\/loureiro-bola\/#primaryimage","url":"https:\/\/decoplanta.com\/wp-content\/uploads\/2021\/02\/1804001-arbol-laurel-esfera.jpg","contentUrl":"https:\/\/decoplanta.com\/wp-content\/uploads\/2021\/02\/1804001-arbol-laurel-esfera.jpg","width":800,"height":800,"caption":"LOUREIRO BOLA de grande folhagem na sua copa esf\u00e9rica"},{"@type":"BreadcrumbList","@id":"https:\/\/decoplanta.com\/pt-pt\/plantas-de-interior-artificiais\/loureiro-bola\/#breadcrumb","itemListElement":[{"@type":"ListItem","position":1,"name":"Portada","item":"https:\/\/decoplanta.com\/pt-pt\/"},{"@type":"ListItem","position":2,"name":"Priv\u00e9\u00a0: Tienda","item":"https:\/\/decoplanta.com\/?page_id=377"},{"@type":"ListItem","position":3,"name":"LOUREIRO BOLA"}]},{"@type":"WebSite","@id":"https:\/\/decoplanta.com\/pt-pt\/#website","url":"https:\/\/decoplanta.com\/pt-pt\/","name":"Plantas y \u00e1rboles artificiales de Alto Realismo","description":"Proveedor de Plantas artificiales para estudios de Arquitectura, Interiorismo, Paisajismo, Escenograf\u00eda, Tiendas de Decoraci\u00f3n Florister\u00edas y Mobiliario","publisher":{"@id":"https:\/\/decoplanta.com\/pt-pt\/#organization"},"potentialAction":[{"@type":"SearchAction","target":{"@type":"EntryPoint","urlTemplate":"https:\/\/decoplanta.com\/pt-pt\/?s={search_term_string}"},"query-input":{"@type":"PropertyValueSpecification","valueRequired":true,"valueName":"search_term_string"}}],"inLanguage":"pt-PT"},{"@type":"Organization","@id":"https:\/\/decoplanta.com\/pt-pt\/#organization","name":"Plantas y \u00e1rboles artificiales de Alto Realismo","url":"https:\/\/decoplanta.com\/pt-pt\/","logo":{"@type":"ImageObject","inLanguage":"pt-PT","@id":"https:\/\/decoplanta.com\/pt-pt\/#\/schema\/logo\/image\/","url":"https:\/\/decoplanta.com\/wp-content\/uploads\/2021\/02\/decoplanta-logo2020.svg","contentUrl":"https:\/\/decoplanta.com\/wp-content\/uploads\/2021\/02\/decoplanta-logo2020.svg","width":500,"height":500,"caption":"Plantas y \u00e1rboles artificiales de Alto Realismo"},"image":{"@id":"https:\/\/decoplanta.com\/pt-pt\/#\/schema\/logo\/image\/"}}]}},"_links":{"self":[{"href":"https:\/\/decoplanta.com\/pt-pt\/wp-json\/wp\/v2\/product\/4895","targetHints":{"allow":["GET"]}}],"collection":[{"href":"https:\/\/decoplanta.com\/pt-pt\/wp-json\/wp\/v2\/product"}],"about":[{"href":"https:\/\/decoplanta.com\/pt-pt\/wp-json\/wp\/v2\/types\/product"}],"version-history":[{"count":1,"href":"https:\/\/decoplanta.com\/pt-pt\/wp-json\/wp\/v2\/product\/4895\/revisions"}],"predecessor-version":[{"id":8898,"href":"https:\/\/decoplanta.com\/pt-pt\/wp-json\/wp\/v2\/product\/4895\/revisions\/8898"}],"wp:featuredmedia":[{"embeddable":true,"href":"https:\/\/decoplanta.com\/pt-pt\/wp-json\/wp\/v2\/media\/4407"}],"wp:attachment":[{"href":"https:\/\/decoplanta.com\/pt-pt\/wp-json\/wp\/v2\/media?parent=4895"}],"wp:term":[{"taxonomy":"product_brand","embeddable":true,"href":"https:\/\/decoplanta.com\/pt-pt\/wp-json\/wp\/v2\/product_brand?post=4895"},{"taxonomy":"product_cat","embeddable":true,"href":"https:\/\/decoplanta.com\/pt-pt\/wp-json\/wp\/v2\/product_cat?post=4895"},{"taxonomy":"product_tag","embeddable":true,"href":"https:\/\/decoplanta.com\/pt-pt\/wp-json\/wp\/v2\/product_tag?post=4895"}],"curies":[{"name":"wp","href":"https:\/\/api.w.org\/{rel}","templated":true}]}}