{"id":4900,"date":"2021-03-01T12:21:56","date_gmt":"2022-09-22T07:48:52","guid":{"rendered":"https:\/\/decoplanta.com\/sem%20categoria\/planta-monstera\/"},"modified":"2022-09-22T14:33:00","modified_gmt":"2022-09-22T13:33:00","slug":"palmeira-monstera","status":"publish","type":"product","link":"https:\/\/decoplanta.com\/pt-pt\/plantas-de-interior-artificiais\/palmeira-monstera\/","title":{"rendered":"Planta MONSTERA"},"content":{"rendered":"<h2>Palmeira MONSTERA artificial<\/h2>\n<p>Palmeira MONSTERA artificial incrivelmente realista. \u00c9 uma planta tropical muito ex\u00f3tica, vulgarmente conhecida como &#8220;Costela de Ad\u00e3o&#8221;. Caracteriza-se pelas suas grandes folhas que inspiram o seu nome. Dispon\u00edvel em tr\u00eas alturas e inclui plantador b\u00e1sico.<\/p>\n<p id=\"viewer-4uvlp\" class=\"mm8Nw _1j-51 roLFQS _1FoOD _78FBa sk96G9 roLFQS public-DraftStyleDefault-block-depth0 fixed-tab-size public-DraftStyleDefault-text-ltr\"><span class=\"_2PHJq public-DraftStyleDefault-ltr\">Palmeira MONSTERA artificial ou costela-de-ad\u00e3o ou monstera (<em>Monstera deliciosa<\/em>) \u00e9 uma planta perene da fam\u00edlia Araceae, origin\u00e1ria do M\u00e9xico e amplamente cultivada como planta ornamental nos tr\u00f3picos e subtr\u00f3picos.\u00a0<\/span><\/p>\n<p id=\"viewer-4djbr\" class=\"mm8Nw _1j-51 roLFQS _1FoOD _78FBa sk96G9 roLFQS public-DraftStyleDefault-block-depth0 fixed-tab-size public-DraftStyleDefault-text-ltr\"><span class=\"_2PHJq public-DraftStyleDefault-ltr\">O fruto maduro da costela-de-ad\u00e3o \u00e9 comest\u00edvel e saboroso, por este motivo seu ep\u00edteto espec\u00edfico (a segunda palavra de seu nome cient\u00edfico) \u00e9 deliciosa.\u00a0As outras partes da planta cont\u00e9m cristais de oxalato de c\u00e1lcio, que causam muita irrita\u00e7\u00e3o na mucosa se mastigadas ou ingeridas. As folhas da costela-de-ad\u00e3o: brilhantes e perfuradas.<\/span><\/p>\n<p id=\"viewer-7st8c\" class=\"mm8Nw _1j-51 roLFQS _1FoOD _78FBa sk96G9 roLFQS public-DraftStyleDefault-block-depth0 fixed-tab-size public-DraftStyleDefault-text-ltr\"><span class=\"_2PHJq public-DraftStyleDefault-ltr\">A costela-de-ad\u00e3o \u00e9 uma planta que deve ser cultivada a meia sombra ou luz difusa, em solo rico em nutrientes e com regas frequentes.<\/span><\/p>\n<p id=\"viewer-3f9hk\" class=\"mm8Nw _1j-51 roLFQS _1FoOD _78FBa sk96G9 roLFQS public-DraftStyleDefault-block-depth0 fixed-tab-size public-DraftStyleDefault-text-ltr\"><span class=\"_2PHJq public-DraftStyleDefault-ltr\">O nome do g\u00eanero vem da palavra em latim para &#8220;monstruosa&#8221; e serve para nos lembrar que, embora muito popular em vasos, a costela-de-ad\u00e3o \u00e9 uma planta que atinge grandes propor\u00e7\u00f5es no ambiente natural e que requer muito espa\u00e7o para seu crescimento. Pode atingir at\u00e9 20 metros de altura.<\/span><\/p>\n<p id=\"viewer-i22v\" class=\"mm8Nw _1j-51 roLFQS _1FoOD _78FBa sk96G9 roLFQS public-DraftStyleDefault-block-depth0 fixed-tab-size public-DraftStyleDefault-text-ltr\"><span class=\"_2PHJq public-DraftStyleDefault-ltr\">Suas folhas s\u00e3o brilhantes, grandes, lobuladas e perfuradas, de formato cordiforme, sustentadas por longos pec\u00edolos. Cada folha pode medir entre\u00a025 e\u00a0 90 cent\u00edmetros de comprimento e entre 25 e 75 cent\u00edmetros de largura.<\/span><\/p>\n<p id=\"viewer-4ioom\" class=\"mm8Nw _1j-51 roLFQS _1FoOD _78FBa sk96G9 roLFQS public-DraftStyleDefault-block-depth0 fixed-tab-size public-DraftStyleDefault-text-ltr\"><span class=\"_2PHJq public-DraftStyleDefault-ltr\">A infloresc\u00eancia recebe o nome de esp\u00e1dice, composta por uma espiga cil\u00edndrica de eixo carnoso (repleta de flores muito pequenas) e rodeada por uma folha modificada denominada br\u00e1ctea (a espata).\u00a0<\/span><\/p>\n<h3 id=\"viewer-6ljqq\" class=\"mm8Nw _1j-51 roLFQS _1FoOD _78FBa sk96G9 roLFQS public-DraftStyleDefault-block-depth0 fixed-tab-size public-DraftStyleDefault-text-ltr\"><span class=\"_2PHJq public-DraftStyleDefault-ltr\">costela-de-ad\u00e3o<\/span><\/h3>\n<p class=\"mm8Nw _1j-51 roLFQS _1FoOD _78FBa sk96G9 roLFQS public-DraftStyleDefault-block-depth0 fixed-tab-size public-DraftStyleDefault-text-ltr\"><span class=\"_2PHJq public-DraftStyleDefault-ltr\">Na natureza, a <a href=\"https:\/\/www.escoladebotanica.com.br\/post\/monstera\">costela-de-ad\u00e3o<\/a> utiliza troncos de \u00e1rvores como apoio e sustenta\u00e7\u00e3o para crescer (ela n\u00e3o \u00e9 parasita e sim uma ep\u00edfita), emitindo ra\u00edzes a\u00e9reas de diversos pontos de sua haste, que auxiliam tamb\u00e9m a absor\u00e7\u00e3o de umidade e nutrientes. Detalhe dos frutos da costela-de-ad\u00e3o.<\/span><\/p>\n<p>&nbsp;<\/p>\n","protected":false},"excerpt":{"rendered":"<p>Palmeira MONSTERA artificial incrivelmente realista. \u00c9 uma planta tropical muito ex\u00f3tica, vulgarmente conhecida como &#8220;Costela de Ad\u00e3o&#8221;. Caracteriza-se pelas suas grandes folhas que inspiram o seu nome. \u00c9 entregue com um plantador de base inclu\u00eddo e n\u00e3o requer manuten\u00e7\u00e3o.<\/p>\n<p>Dispon\u00edvel em tr\u00eas alturas.<\/p>\n<table>\n<tbody>\n<tr>\n<td><strong>REF<\/strong><\/td>\n<td><strong>ALTURA<\/strong><\/td>\n<td><strong>N\u00ba FOLHAS<\/strong><\/td>\n<\/tr>\n<tr>\n<td><strong>422157<\/strong><\/td>\n<td>60 cm<\/td>\n<td>8<\/td>\n<\/tr>\n<tr>\n<td><strong>422158<\/strong><\/td>\n<td>80 cm<\/td>\n<td>12<\/td>\n<\/tr>\n<tr>\n<td><strong>422374<\/strong><\/td>\n<td>95 cm<\/td>\n<td>14<\/td>\n<\/tr>\n<\/tbody>\n<\/table>\n","protected":false},"featured_media":4413,"template":"","meta":{"_monsterinsights_skip_tracking":false,"_monsterinsights_sitenote_active":false,"_monsterinsights_sitenote_note":"","_monsterinsights_sitenote_category":0},"product_brand":[],"product_cat":[395],"product_tag":[420],"class_list":{"0":"post-4900","1":"product","2":"type-product","3":"status-publish","4":"has-post-thumbnail","6":"product_cat-plantas-de-interior-artificiais","7":"product_tag-palmeira-artificial","8":"","9":"woocommerce-text-align-center","10":"woocommerce-image-align-center","11":"do-quantity-buttons","13":"first","14":"instock","15":"taxable","16":"shipping-taxable","17":"purchasable","18":"product-type-variable","19":"has-default-attributes"},"yoast_head":"<!-- This site is optimized with the Yoast SEO plugin v27.4 - https:\/\/yoast.com\/product\/yoast-seo-wordpress\/ -->\n<title>Palmeira MONSTERA artificial altamente realista para decora\u00e7\u00e3o<\/title>\n<meta name=\"description\" content=\"Palmeira MONSTERA artificial incrivelmente realista. \u00c9 uma planta tropical muito ex\u00f3tica, vulgarmente conhecida como &quot;Costela de Ad\u00e3o&quot;. 3 Tamanhos\" \/>\n<meta name=\"robots\" content=\"index, follow, max-snippet:-1, max-image-preview:large, max-video-preview:-1\" \/>\n<link rel=\"canonical\" href=\"https:\/\/decoplanta.com\/pt-pt\/plantas-de-interior-artificiais\/palmeira-monstera\/\" \/>\n<meta property=\"og:locale\" content=\"pt_PT\" \/>\n<meta property=\"og:type\" content=\"article\" \/>\n<meta property=\"og:title\" content=\"Palmeira MONSTERA artificial altamente realista para decora\u00e7\u00e3o\" \/>\n<meta property=\"og:description\" content=\"Palmeira MONSTERA artificial incrivelmente realista. \u00c9 uma planta tropical muito ex\u00f3tica, vulgarmente conhecida como &quot;Costela de Ad\u00e3o&quot;. 3 Tamanhos\" \/>\n<meta property=\"og:url\" content=\"https:\/\/decoplanta.com\/pt-pt\/plantas-de-interior-artificiais\/palmeira-monstera\/\" \/>\n<meta property=\"og:site_name\" content=\"Plantas y \u00e1rboles artificiales de Alto Realismo\" \/>\n<meta property=\"article:modified_time\" content=\"2022-09-22T13:33:00+00:00\" \/>\n<meta property=\"og:image\" content=\"https:\/\/decoplanta.com\/wp-content\/uploads\/2021\/03\/422158-planta-PALMERA_MONSTERA-80cm.jpg\" \/>\n\t<meta property=\"og:image:width\" content=\"1800\" \/>\n\t<meta property=\"og:image:height\" content=\"1800\" \/>\n\t<meta property=\"og:image:type\" content=\"image\/jpeg\" \/>\n<meta name=\"twitter:card\" content=\"summary_large_image\" \/>\n<meta name=\"twitter:label1\" content=\"Tempo estimado de leitura\" \/>\n\t<meta name=\"twitter:data1\" content=\"2 minutos\" \/>\n<script type=\"application\/ld+json\" class=\"yoast-schema-graph\">{\"@context\":\"https:\\\/\\\/schema.org\",\"@graph\":[{\"@type\":\"WebPage\",\"@id\":\"https:\\\/\\\/decoplanta.com\\\/pt-pt\\\/plantas-de-interior-artificiais\\\/palmeira-monstera\\\/\",\"url\":\"https:\\\/\\\/decoplanta.com\\\/pt-pt\\\/plantas-de-interior-artificiais\\\/palmeira-monstera\\\/\",\"name\":\"Palmeira MONSTERA artificial altamente realista para decora\u00e7\u00e3o\",\"isPartOf\":{\"@id\":\"https:\\\/\\\/decoplanta.com\\\/pt-pt\\\/#website\"},\"primaryImageOfPage\":{\"@id\":\"https:\\\/\\\/decoplanta.com\\\/pt-pt\\\/plantas-de-interior-artificiais\\\/palmeira-monstera\\\/#primaryimage\"},\"image\":{\"@id\":\"https:\\\/\\\/decoplanta.com\\\/pt-pt\\\/plantas-de-interior-artificiais\\\/palmeira-monstera\\\/#primaryimage\"},\"thumbnailUrl\":\"https:\\\/\\\/decoplanta.com\\\/wp-content\\\/uploads\\\/2021\\\/03\\\/422158-planta-PALMERA_MONSTERA-80cm.jpg\",\"datePublished\":\"2022-09-22T07:48:52+00:00\",\"dateModified\":\"2022-09-22T13:33:00+00:00\",\"description\":\"Palmeira MONSTERA artificial incrivelmente realista. \u00c9 uma planta tropical muito ex\u00f3tica, vulgarmente conhecida como \\\"Costela de Ad\u00e3o\\\". 3 Tamanhos\",\"breadcrumb\":{\"@id\":\"https:\\\/\\\/decoplanta.com\\\/pt-pt\\\/plantas-de-interior-artificiais\\\/palmeira-monstera\\\/#breadcrumb\"},\"inLanguage\":\"pt-PT\",\"potentialAction\":[{\"@type\":\"ReadAction\",\"target\":[\"https:\\\/\\\/decoplanta.com\\\/pt-pt\\\/plantas-de-interior-artificiais\\\/palmeira-monstera\\\/\"]}]},{\"@type\":\"ImageObject\",\"inLanguage\":\"pt-PT\",\"@id\":\"https:\\\/\\\/decoplanta.com\\\/pt-pt\\\/plantas-de-interior-artificiais\\\/palmeira-monstera\\\/#primaryimage\",\"url\":\"https:\\\/\\\/decoplanta.com\\\/wp-content\\\/uploads\\\/2021\\\/03\\\/422158-planta-PALMERA_MONSTERA-80cm.jpg\",\"contentUrl\":\"https:\\\/\\\/decoplanta.com\\\/wp-content\\\/uploads\\\/2021\\\/03\\\/422158-planta-PALMERA_MONSTERA-80cm.jpg\",\"width\":1800,\"height\":1800,\"caption\":\"Palmeira MONSTERA artificial incrivelmente realista\"},{\"@type\":\"BreadcrumbList\",\"@id\":\"https:\\\/\\\/decoplanta.com\\\/pt-pt\\\/plantas-de-interior-artificiais\\\/palmeira-monstera\\\/#breadcrumb\",\"itemListElement\":[{\"@type\":\"ListItem\",\"position\":1,\"name\":\"Portada\",\"item\":\"https:\\\/\\\/decoplanta.com\\\/pt-pt\\\/\"},{\"@type\":\"ListItem\",\"position\":2,\"name\":\"Priv\u00e9\u00a0: Tienda\",\"item\":\"https:\\\/\\\/decoplanta.com\\\/?page_id=377\"},{\"@type\":\"ListItem\",\"position\":3,\"name\":\"Planta MONSTERA\"}]},{\"@type\":\"WebSite\",\"@id\":\"https:\\\/\\\/decoplanta.com\\\/pt-pt\\\/#website\",\"url\":\"https:\\\/\\\/decoplanta.com\\\/pt-pt\\\/\",\"name\":\"Plantas y \u00e1rboles artificiales de Alto Realismo\",\"description\":\"Proveedor de Plantas artificiales para estudios de Arquitectura, Interiorismo, Paisajismo, Escenograf\u00eda, Tiendas de Decoraci\u00f3n Florister\u00edas y Mobiliario\",\"publisher\":{\"@id\":\"https:\\\/\\\/decoplanta.com\\\/pt-pt\\\/#organization\"},\"potentialAction\":[{\"@type\":\"SearchAction\",\"target\":{\"@type\":\"EntryPoint\",\"urlTemplate\":\"https:\\\/\\\/decoplanta.com\\\/pt-pt\\\/?s={search_term_string}\"},\"query-input\":{\"@type\":\"PropertyValueSpecification\",\"valueRequired\":true,\"valueName\":\"search_term_string\"}}],\"inLanguage\":\"pt-PT\"},{\"@type\":\"Organization\",\"@id\":\"https:\\\/\\\/decoplanta.com\\\/pt-pt\\\/#organization\",\"name\":\"Plantas y \u00e1rboles artificiales de Alto Realismo\",\"url\":\"https:\\\/\\\/decoplanta.com\\\/pt-pt\\\/\",\"logo\":{\"@type\":\"ImageObject\",\"inLanguage\":\"pt-PT\",\"@id\":\"https:\\\/\\\/decoplanta.com\\\/pt-pt\\\/#\\\/schema\\\/logo\\\/image\\\/\",\"url\":\"https:\\\/\\\/decoplanta.com\\\/wp-content\\\/uploads\\\/2021\\\/02\\\/decoplanta-logo2020.svg\",\"contentUrl\":\"https:\\\/\\\/decoplanta.com\\\/wp-content\\\/uploads\\\/2021\\\/02\\\/decoplanta-logo2020.svg\",\"width\":500,\"height\":500,\"caption\":\"Plantas y \u00e1rboles artificiales de Alto Realismo\"},\"image\":{\"@id\":\"https:\\\/\\\/decoplanta.com\\\/pt-pt\\\/#\\\/schema\\\/logo\\\/image\\\/\"}}]}<\/script>\n<!-- \/ Yoast SEO plugin. -->","yoast_head_json":{"title":"Palmeira MONSTERA artificial altamente realista para decora\u00e7\u00e3o","description":"Palmeira MONSTERA artificial incrivelmente realista. \u00c9 uma planta tropical muito ex\u00f3tica, vulgarmente conhecida como \"Costela de Ad\u00e3o\". 3 Tamanhos","robots":{"index":"index","follow":"follow","max-snippet":"max-snippet:-1","max-image-preview":"max-image-preview:large","max-video-preview":"max-video-preview:-1"},"canonical":"https:\/\/decoplanta.com\/pt-pt\/plantas-de-interior-artificiais\/palmeira-monstera\/","og_locale":"pt_PT","og_type":"article","og_title":"Palmeira MONSTERA artificial altamente realista para decora\u00e7\u00e3o","og_description":"Palmeira MONSTERA artificial incrivelmente realista. \u00c9 uma planta tropical muito ex\u00f3tica, vulgarmente conhecida como \"Costela de Ad\u00e3o\". 3 Tamanhos","og_url":"https:\/\/decoplanta.com\/pt-pt\/plantas-de-interior-artificiais\/palmeira-monstera\/","og_site_name":"Plantas y \u00e1rboles artificiales de Alto Realismo","article_modified_time":"2022-09-22T13:33:00+00:00","og_image":[{"width":1800,"height":1800,"url":"https:\/\/decoplanta.com\/wp-content\/uploads\/2021\/03\/422158-planta-PALMERA_MONSTERA-80cm.jpg","type":"image\/jpeg"}],"twitter_card":"summary_large_image","twitter_misc":{"Tempo estimado de leitura":"2 minutos"},"schema":{"@context":"https:\/\/schema.org","@graph":[{"@type":"WebPage","@id":"https:\/\/decoplanta.com\/pt-pt\/plantas-de-interior-artificiais\/palmeira-monstera\/","url":"https:\/\/decoplanta.com\/pt-pt\/plantas-de-interior-artificiais\/palmeira-monstera\/","name":"Palmeira MONSTERA artificial altamente realista para decora\u00e7\u00e3o","isPartOf":{"@id":"https:\/\/decoplanta.com\/pt-pt\/#website"},"primaryImageOfPage":{"@id":"https:\/\/decoplanta.com\/pt-pt\/plantas-de-interior-artificiais\/palmeira-monstera\/#primaryimage"},"image":{"@id":"https:\/\/decoplanta.com\/pt-pt\/plantas-de-interior-artificiais\/palmeira-monstera\/#primaryimage"},"thumbnailUrl":"https:\/\/decoplanta.com\/wp-content\/uploads\/2021\/03\/422158-planta-PALMERA_MONSTERA-80cm.jpg","datePublished":"2022-09-22T07:48:52+00:00","dateModified":"2022-09-22T13:33:00+00:00","description":"Palmeira MONSTERA artificial incrivelmente realista. \u00c9 uma planta tropical muito ex\u00f3tica, vulgarmente conhecida como \"Costela de Ad\u00e3o\". 3 Tamanhos","breadcrumb":{"@id":"https:\/\/decoplanta.com\/pt-pt\/plantas-de-interior-artificiais\/palmeira-monstera\/#breadcrumb"},"inLanguage":"pt-PT","potentialAction":[{"@type":"ReadAction","target":["https:\/\/decoplanta.com\/pt-pt\/plantas-de-interior-artificiais\/palmeira-monstera\/"]}]},{"@type":"ImageObject","inLanguage":"pt-PT","@id":"https:\/\/decoplanta.com\/pt-pt\/plantas-de-interior-artificiais\/palmeira-monstera\/#primaryimage","url":"https:\/\/decoplanta.com\/wp-content\/uploads\/2021\/03\/422158-planta-PALMERA_MONSTERA-80cm.jpg","contentUrl":"https:\/\/decoplanta.com\/wp-content\/uploads\/2021\/03\/422158-planta-PALMERA_MONSTERA-80cm.jpg","width":1800,"height":1800,"caption":"Palmeira MONSTERA artificial incrivelmente realista"},{"@type":"BreadcrumbList","@id":"https:\/\/decoplanta.com\/pt-pt\/plantas-de-interior-artificiais\/palmeira-monstera\/#breadcrumb","itemListElement":[{"@type":"ListItem","position":1,"name":"Portada","item":"https:\/\/decoplanta.com\/pt-pt\/"},{"@type":"ListItem","position":2,"name":"Priv\u00e9\u00a0: Tienda","item":"https:\/\/decoplanta.com\/?page_id=377"},{"@type":"ListItem","position":3,"name":"Planta MONSTERA"}]},{"@type":"WebSite","@id":"https:\/\/decoplanta.com\/pt-pt\/#website","url":"https:\/\/decoplanta.com\/pt-pt\/","name":"Plantas y \u00e1rboles artificiales de Alto Realismo","description":"Proveedor de Plantas artificiales para estudios de Arquitectura, Interiorismo, Paisajismo, Escenograf\u00eda, Tiendas de Decoraci\u00f3n Florister\u00edas y Mobiliario","publisher":{"@id":"https:\/\/decoplanta.com\/pt-pt\/#organization"},"potentialAction":[{"@type":"SearchAction","target":{"@type":"EntryPoint","urlTemplate":"https:\/\/decoplanta.com\/pt-pt\/?s={search_term_string}"},"query-input":{"@type":"PropertyValueSpecification","valueRequired":true,"valueName":"search_term_string"}}],"inLanguage":"pt-PT"},{"@type":"Organization","@id":"https:\/\/decoplanta.com\/pt-pt\/#organization","name":"Plantas y \u00e1rboles artificiales de Alto Realismo","url":"https:\/\/decoplanta.com\/pt-pt\/","logo":{"@type":"ImageObject","inLanguage":"pt-PT","@id":"https:\/\/decoplanta.com\/pt-pt\/#\/schema\/logo\/image\/","url":"https:\/\/decoplanta.com\/wp-content\/uploads\/2021\/02\/decoplanta-logo2020.svg","contentUrl":"https:\/\/decoplanta.com\/wp-content\/uploads\/2021\/02\/decoplanta-logo2020.svg","width":500,"height":500,"caption":"Plantas y \u00e1rboles artificiales de Alto Realismo"},"image":{"@id":"https:\/\/decoplanta.com\/pt-pt\/#\/schema\/logo\/image\/"}}]}},"_links":{"self":[{"href":"https:\/\/decoplanta.com\/pt-pt\/wp-json\/wp\/v2\/product\/4900","targetHints":{"allow":["GET"]}}],"collection":[{"href":"https:\/\/decoplanta.com\/pt-pt\/wp-json\/wp\/v2\/product"}],"about":[{"href":"https:\/\/decoplanta.com\/pt-pt\/wp-json\/wp\/v2\/types\/product"}],"version-history":[{"count":0,"href":"https:\/\/decoplanta.com\/pt-pt\/wp-json\/wp\/v2\/product\/4900\/revisions"}],"wp:featuredmedia":[{"embeddable":true,"href":"https:\/\/decoplanta.com\/pt-pt\/wp-json\/wp\/v2\/media\/4413"}],"wp:attachment":[{"href":"https:\/\/decoplanta.com\/pt-pt\/wp-json\/wp\/v2\/media?parent=4900"}],"wp:term":[{"taxonomy":"product_brand","embeddable":true,"href":"https:\/\/decoplanta.com\/pt-pt\/wp-json\/wp\/v2\/product_brand?post=4900"},{"taxonomy":"product_cat","embeddable":true,"href":"https:\/\/decoplanta.com\/pt-pt\/wp-json\/wp\/v2\/product_cat?post=4900"},{"taxonomy":"product_tag","embeddable":true,"href":"https:\/\/decoplanta.com\/pt-pt\/wp-json\/wp\/v2\/product_tag?post=4900"}],"curies":[{"name":"wp","href":"https:\/\/api.w.org\/{rel}","templated":true}]}}