{"id":4908,"date":"2021-03-01T21:00:57","date_gmt":"2022-09-22T08:07:39","guid":{"rendered":"https:\/\/decoplanta.com\/sem%20categoria\/arvore-bananeira-multi-tronco\/"},"modified":"2022-09-22T14:45:21","modified_gmt":"2022-09-22T13:45:21","slug":"arvore-bananeira-multi-tronco","status":"publish","type":"product","link":"https:\/\/decoplanta.com\/pt-pt\/plantas-de-interior-artificiais\/arvore-bananeira-multi-tronco\/","title":{"rendered":"\u00c1rvore BANANEIRA multi-tronco"},"content":{"rendered":"<p>\u00c1rvore BANANEIRA multi-tronco artificial, com uma est\u00e9tica imponente e espectacular, os seus <strong>troncos s\u00e3o cobertos com folhas naturais<\/strong>. Decora por si s\u00f3, combinado com as suas folhas grandes e densas, ir\u00e1 colocar a atmosfera em qualquer ambiente onde esteja exposto. 215 cm de altura. Recomenda-se a utiliza\u00e7\u00e3o de um plantador baixo para mostrar os seus troncos a partir da base. \u00c9 entregue com um plantador de base inclu\u00eddo e n\u00e3o requer manuten\u00e7\u00e3o.<\/p>\n<h3>Como \u00e9 o \u00c1rvore BANANEIRA multi-tronco artificial?<\/h3>\n<p>As plantas podem ser classificadas de muitas maneiras. Uma das classifica\u00e7\u00f5es mais frequentemente utilizadas \u00e9 pelo tamanho que atingem.<\/p>\n<p>As plantas herb\u00e1ceas s\u00e3o plantas que n\u00e3o t\u00eam caules decididamente lenhosos. O verde \u00e9 a sua cor predominante, e quando d\u00e3o frutos produzem muitas sementes. Estes s\u00e3o chamados bulbos ou rebentos que brotam de um rizoma, conforme o caso. Existem dois tipos, dependendo do tipo de folha: graminoides, com folhas estreitas, e <a href=\"https:\/\/es.wikipedia.org\/wiki\/Forbia\" target=\"_blank\" rel=\"noopener\">forbias<\/a>, com folhas largas. Dentro deste \u00faltimo grupo, existe tamb\u00e9m outro grupo: as megaforbias. Acreditem ou n\u00e3o, o <a href=\"https:\/\/decoplanta.com\/plantas-de-interior-artificiales\/arbol-platanero-multitronco\/\" target=\"_blank\" rel=\"noopener\">Bananeiro<\/a> \u00e9 considerado como uma erva daninha gigante.<\/p>\n<p>O que s\u00e3o megaforbias? Estas s\u00e3o as gram\u00edneas gigantes, tais como as chamadas Musas (bananas, bananeiras e <a href=\"https:\/\/decoplanta.com\/plantas-de-interior-artificiales\/arbol-palmera-style-180-cm\/\" target=\"_blank\" rel=\"noopener\">palmeiras<\/a>). Podem facilmente crescer at\u00e9 mais de 10 metros, raz\u00e3o pela qual s\u00e3o muitas vezes confundidas com \u00e1rvores, embora n\u00e3o tenham nada a ver uma com a outra. Al\u00e9m disso, enquanto as \u00e1rvores s\u00e3o plantas dicotiled\u00f3neas, as gram\u00edneas s\u00e3o monocotiled\u00f3neas, o que significa que apenas um \u00fanico cotil\u00e9done brota quando germina.<\/p>\n<p>Contudo, n\u00e3o \u00e9 invulgar ter d\u00favidas sobre o que \u00e9 uma erva, um arbusto e uma \u00e1rvore, uma vez que por vezes podem surgir defini\u00e7\u00f5es um pouco diferentes umas das outras.<\/p>\n<p>As ervas s\u00e3o as esp\u00e9cies vegetais com maior sucesso evolutivo. Podem ser encontrados em quase todo o planeta, e podem ser os grandes sobreviventes no caso de uma cat\u00e1strofe global.<\/p>\n","protected":false},"excerpt":{"rendered":"<p>\u00c1rvore BANANEIRA multi-tronco artificial, com uma est\u00e9tica imponente e espectacular, os seus <strong>troncos s\u00e3o cobertos com folhas naturais<\/strong>. Decora por si s\u00f3, combinado com as suas folhas grandes e densas, ir\u00e1 colocar a atmosfera em qualquer ambiente onde esteja exposto. Recomenda-se a utiliza\u00e7\u00e3o de um plantador baixo para mostrar os seus troncos a partir da base. \u00c9 entregue com um plantador de base inclu\u00eddo e n\u00e3o requer manuten\u00e7\u00e3o.<\/p>\n<table>\n<tbody>\n<tr>\n<td><strong>REF<\/strong><\/td>\n<td><strong>ALTURA<\/strong><\/td>\n<td><strong>N\u00ba FOLHAS<\/strong><\/td>\n<\/tr>\n<tr>\n<td><strong>1810004<\/strong><\/td>\n<td>215 cm<\/td>\n<td>27<\/td>\n<\/tr>\n<\/tbody>\n<\/table>\n","protected":false},"featured_media":4419,"template":"","meta":{"_monsterinsights_skip_tracking":false,"_monsterinsights_sitenote_active":false,"_monsterinsights_sitenote_note":"","_monsterinsights_sitenote_category":0},"product_brand":[],"product_cat":[395],"product_tag":[401,422],"class_list":{"0":"post-4908","1":"product","2":"type-product","3":"status-publish","4":"has-post-thumbnail","6":"product_cat-plantas-de-interior-artificiais","7":"product_tag-arvore-de-fruto-artificial","8":"product_tag-planta-tropical","9":"","10":"woocommerce-text-align-center","11":"woocommerce-image-align-center","12":"do-quantity-buttons","14":"first","15":"instock","16":"taxable","17":"shipping-taxable","18":"purchasable","19":"product-type-simple"},"yoast_head":"<!-- This site is optimized with the Yoast SEO plugin v27.3 - https:\/\/yoast.com\/product\/yoast-seo-wordpress\/ -->\n<title>\u00c1rvore BANANEIRA multi-tronco artificial altamente realista<\/title>\n<meta name=\"description\" content=\"\u00c1rvore BANANEIRA multi-tronco artificial Troncos cobertos de folhas naturais e folhas grandes e verdes brilhantes. Decora\u00e7\u00e3o em estilo tropical\" \/>\n<meta name=\"robots\" content=\"index, follow, max-snippet:-1, max-image-preview:large, max-video-preview:-1\" \/>\n<link rel=\"canonical\" href=\"https:\/\/decoplanta.com\/pt-pt\/plantas-de-interior-artificiais\/arvore-bananeira-multi-tronco\/\" \/>\n<meta property=\"og:locale\" content=\"pt_PT\" \/>\n<meta property=\"og:type\" content=\"article\" \/>\n<meta property=\"og:title\" content=\"\u00c1rvore BANANEIRA multi-tronco artificial altamente realista\" \/>\n<meta property=\"og:description\" content=\"\u00c1rvore BANANEIRA multi-tronco artificial Troncos cobertos de folhas naturais e folhas grandes e verdes brilhantes. Decora\u00e7\u00e3o em estilo tropical\" \/>\n<meta property=\"og:url\" content=\"https:\/\/decoplanta.com\/pt-pt\/plantas-de-interior-artificiais\/arvore-bananeira-multi-tronco\/\" \/>\n<meta property=\"og:site_name\" content=\"Plantas y \u00e1rboles artificiales de Alto Realismo\" \/>\n<meta property=\"article:modified_time\" content=\"2022-09-22T13:45:21+00:00\" \/>\n<meta property=\"og:image\" content=\"https:\/\/decoplanta.com\/wp-content\/uploads\/2021\/03\/1810004-arbol-PLATANERO_MULTITRONCO.jpg\" \/>\n\t<meta property=\"og:image:width\" content=\"1200\" \/>\n\t<meta property=\"og:image:height\" content=\"1200\" \/>\n\t<meta property=\"og:image:type\" content=\"image\/jpeg\" \/>\n<meta name=\"twitter:card\" content=\"summary_large_image\" \/>\n<meta name=\"twitter:label1\" content=\"Tempo estimado de leitura\" \/>\n\t<meta name=\"twitter:data1\" content=\"2 minutos\" \/>\n<script type=\"application\/ld+json\" class=\"yoast-schema-graph\">{\"@context\":\"https:\\\/\\\/schema.org\",\"@graph\":[{\"@type\":\"WebPage\",\"@id\":\"https:\\\/\\\/decoplanta.com\\\/pt-pt\\\/plantas-de-interior-artificiais\\\/arvore-bananeira-multi-tronco\\\/\",\"url\":\"https:\\\/\\\/decoplanta.com\\\/pt-pt\\\/plantas-de-interior-artificiais\\\/arvore-bananeira-multi-tronco\\\/\",\"name\":\"\u00c1rvore BANANEIRA multi-tronco artificial altamente realista\",\"isPartOf\":{\"@id\":\"https:\\\/\\\/decoplanta.com\\\/pt-pt\\\/#website\"},\"primaryImageOfPage\":{\"@id\":\"https:\\\/\\\/decoplanta.com\\\/pt-pt\\\/plantas-de-interior-artificiais\\\/arvore-bananeira-multi-tronco\\\/#primaryimage\"},\"image\":{\"@id\":\"https:\\\/\\\/decoplanta.com\\\/pt-pt\\\/plantas-de-interior-artificiais\\\/arvore-bananeira-multi-tronco\\\/#primaryimage\"},\"thumbnailUrl\":\"https:\\\/\\\/decoplanta.com\\\/wp-content\\\/uploads\\\/2021\\\/03\\\/1810004-arbol-PLATANERO_MULTITRONCO.jpg\",\"datePublished\":\"2022-09-22T08:07:39+00:00\",\"dateModified\":\"2022-09-22T13:45:21+00:00\",\"description\":\"\u00c1rvore BANANEIRA multi-tronco artificial Troncos cobertos de folhas naturais e folhas grandes e verdes brilhantes. Decora\u00e7\u00e3o em estilo tropical\",\"breadcrumb\":{\"@id\":\"https:\\\/\\\/decoplanta.com\\\/pt-pt\\\/plantas-de-interior-artificiais\\\/arvore-bananeira-multi-tronco\\\/#breadcrumb\"},\"inLanguage\":\"pt-PT\",\"potentialAction\":[{\"@type\":\"ReadAction\",\"target\":[\"https:\\\/\\\/decoplanta.com\\\/pt-pt\\\/plantas-de-interior-artificiais\\\/arvore-bananeira-multi-tronco\\\/\"]}]},{\"@type\":\"ImageObject\",\"inLanguage\":\"pt-PT\",\"@id\":\"https:\\\/\\\/decoplanta.com\\\/pt-pt\\\/plantas-de-interior-artificiais\\\/arvore-bananeira-multi-tronco\\\/#primaryimage\",\"url\":\"https:\\\/\\\/decoplanta.com\\\/wp-content\\\/uploads\\\/2021\\\/03\\\/1810004-arbol-PLATANERO_MULTITRONCO.jpg\",\"contentUrl\":\"https:\\\/\\\/decoplanta.com\\\/wp-content\\\/uploads\\\/2021\\\/03\\\/1810004-arbol-PLATANERO_MULTITRONCO.jpg\",\"width\":1200,\"height\":1200,\"caption\":\"\u00c1rvore BANANEIRA multi-tronco artificial\"},{\"@type\":\"BreadcrumbList\",\"@id\":\"https:\\\/\\\/decoplanta.com\\\/pt-pt\\\/plantas-de-interior-artificiais\\\/arvore-bananeira-multi-tronco\\\/#breadcrumb\",\"itemListElement\":[{\"@type\":\"ListItem\",\"position\":1,\"name\":\"Portada\",\"item\":\"https:\\\/\\\/decoplanta.com\\\/pt-pt\\\/\"},{\"@type\":\"ListItem\",\"position\":2,\"name\":\"Priv\u00e9\u00a0: Tienda\",\"item\":\"https:\\\/\\\/decoplanta.com\\\/?page_id=377\"},{\"@type\":\"ListItem\",\"position\":3,\"name\":\"\u00c1rvore BANANEIRA multi-tronco\"}]},{\"@type\":\"WebSite\",\"@id\":\"https:\\\/\\\/decoplanta.com\\\/pt-pt\\\/#website\",\"url\":\"https:\\\/\\\/decoplanta.com\\\/pt-pt\\\/\",\"name\":\"Plantas y \u00e1rboles artificiales de Alto Realismo\",\"description\":\"Proveedor de Plantas artificiales para estudios de Arquitectura, Interiorismo, Paisajismo, Escenograf\u00eda, Tiendas de Decoraci\u00f3n Florister\u00edas y Mobiliario\",\"publisher\":{\"@id\":\"https:\\\/\\\/decoplanta.com\\\/pt-pt\\\/#organization\"},\"potentialAction\":[{\"@type\":\"SearchAction\",\"target\":{\"@type\":\"EntryPoint\",\"urlTemplate\":\"https:\\\/\\\/decoplanta.com\\\/pt-pt\\\/?s={search_term_string}\"},\"query-input\":{\"@type\":\"PropertyValueSpecification\",\"valueRequired\":true,\"valueName\":\"search_term_string\"}}],\"inLanguage\":\"pt-PT\"},{\"@type\":\"Organization\",\"@id\":\"https:\\\/\\\/decoplanta.com\\\/pt-pt\\\/#organization\",\"name\":\"Plantas y \u00e1rboles artificiales de Alto Realismo\",\"url\":\"https:\\\/\\\/decoplanta.com\\\/pt-pt\\\/\",\"logo\":{\"@type\":\"ImageObject\",\"inLanguage\":\"pt-PT\",\"@id\":\"https:\\\/\\\/decoplanta.com\\\/pt-pt\\\/#\\\/schema\\\/logo\\\/image\\\/\",\"url\":\"https:\\\/\\\/decoplanta.com\\\/wp-content\\\/uploads\\\/2021\\\/02\\\/decoplanta-logo2020.svg\",\"contentUrl\":\"https:\\\/\\\/decoplanta.com\\\/wp-content\\\/uploads\\\/2021\\\/02\\\/decoplanta-logo2020.svg\",\"width\":500,\"height\":500,\"caption\":\"Plantas y \u00e1rboles artificiales de Alto Realismo\"},\"image\":{\"@id\":\"https:\\\/\\\/decoplanta.com\\\/pt-pt\\\/#\\\/schema\\\/logo\\\/image\\\/\"}}]}<\/script>\n<!-- \/ Yoast SEO plugin. -->","yoast_head_json":{"title":"\u00c1rvore BANANEIRA multi-tronco artificial altamente realista","description":"\u00c1rvore BANANEIRA multi-tronco artificial Troncos cobertos de folhas naturais e folhas grandes e verdes brilhantes. Decora\u00e7\u00e3o em estilo tropical","robots":{"index":"index","follow":"follow","max-snippet":"max-snippet:-1","max-image-preview":"max-image-preview:large","max-video-preview":"max-video-preview:-1"},"canonical":"https:\/\/decoplanta.com\/pt-pt\/plantas-de-interior-artificiais\/arvore-bananeira-multi-tronco\/","og_locale":"pt_PT","og_type":"article","og_title":"\u00c1rvore BANANEIRA multi-tronco artificial altamente realista","og_description":"\u00c1rvore BANANEIRA multi-tronco artificial Troncos cobertos de folhas naturais e folhas grandes e verdes brilhantes. Decora\u00e7\u00e3o em estilo tropical","og_url":"https:\/\/decoplanta.com\/pt-pt\/plantas-de-interior-artificiais\/arvore-bananeira-multi-tronco\/","og_site_name":"Plantas y \u00e1rboles artificiales de Alto Realismo","article_modified_time":"2022-09-22T13:45:21+00:00","og_image":[{"width":1200,"height":1200,"url":"https:\/\/decoplanta.com\/wp-content\/uploads\/2021\/03\/1810004-arbol-PLATANERO_MULTITRONCO.jpg","type":"image\/jpeg"}],"twitter_card":"summary_large_image","twitter_misc":{"Tempo estimado de leitura":"2 minutos"},"schema":{"@context":"https:\/\/schema.org","@graph":[{"@type":"WebPage","@id":"https:\/\/decoplanta.com\/pt-pt\/plantas-de-interior-artificiais\/arvore-bananeira-multi-tronco\/","url":"https:\/\/decoplanta.com\/pt-pt\/plantas-de-interior-artificiais\/arvore-bananeira-multi-tronco\/","name":"\u00c1rvore BANANEIRA multi-tronco artificial altamente realista","isPartOf":{"@id":"https:\/\/decoplanta.com\/pt-pt\/#website"},"primaryImageOfPage":{"@id":"https:\/\/decoplanta.com\/pt-pt\/plantas-de-interior-artificiais\/arvore-bananeira-multi-tronco\/#primaryimage"},"image":{"@id":"https:\/\/decoplanta.com\/pt-pt\/plantas-de-interior-artificiais\/arvore-bananeira-multi-tronco\/#primaryimage"},"thumbnailUrl":"https:\/\/decoplanta.com\/wp-content\/uploads\/2021\/03\/1810004-arbol-PLATANERO_MULTITRONCO.jpg","datePublished":"2022-09-22T08:07:39+00:00","dateModified":"2022-09-22T13:45:21+00:00","description":"\u00c1rvore BANANEIRA multi-tronco artificial Troncos cobertos de folhas naturais e folhas grandes e verdes brilhantes. Decora\u00e7\u00e3o em estilo tropical","breadcrumb":{"@id":"https:\/\/decoplanta.com\/pt-pt\/plantas-de-interior-artificiais\/arvore-bananeira-multi-tronco\/#breadcrumb"},"inLanguage":"pt-PT","potentialAction":[{"@type":"ReadAction","target":["https:\/\/decoplanta.com\/pt-pt\/plantas-de-interior-artificiais\/arvore-bananeira-multi-tronco\/"]}]},{"@type":"ImageObject","inLanguage":"pt-PT","@id":"https:\/\/decoplanta.com\/pt-pt\/plantas-de-interior-artificiais\/arvore-bananeira-multi-tronco\/#primaryimage","url":"https:\/\/decoplanta.com\/wp-content\/uploads\/2021\/03\/1810004-arbol-PLATANERO_MULTITRONCO.jpg","contentUrl":"https:\/\/decoplanta.com\/wp-content\/uploads\/2021\/03\/1810004-arbol-PLATANERO_MULTITRONCO.jpg","width":1200,"height":1200,"caption":"\u00c1rvore BANANEIRA multi-tronco artificial"},{"@type":"BreadcrumbList","@id":"https:\/\/decoplanta.com\/pt-pt\/plantas-de-interior-artificiais\/arvore-bananeira-multi-tronco\/#breadcrumb","itemListElement":[{"@type":"ListItem","position":1,"name":"Portada","item":"https:\/\/decoplanta.com\/pt-pt\/"},{"@type":"ListItem","position":2,"name":"Priv\u00e9\u00a0: Tienda","item":"https:\/\/decoplanta.com\/?page_id=377"},{"@type":"ListItem","position":3,"name":"\u00c1rvore BANANEIRA multi-tronco"}]},{"@type":"WebSite","@id":"https:\/\/decoplanta.com\/pt-pt\/#website","url":"https:\/\/decoplanta.com\/pt-pt\/","name":"Plantas y \u00e1rboles artificiales de Alto Realismo","description":"Proveedor de Plantas artificiales para estudios de Arquitectura, Interiorismo, Paisajismo, Escenograf\u00eda, Tiendas de Decoraci\u00f3n Florister\u00edas y Mobiliario","publisher":{"@id":"https:\/\/decoplanta.com\/pt-pt\/#organization"},"potentialAction":[{"@type":"SearchAction","target":{"@type":"EntryPoint","urlTemplate":"https:\/\/decoplanta.com\/pt-pt\/?s={search_term_string}"},"query-input":{"@type":"PropertyValueSpecification","valueRequired":true,"valueName":"search_term_string"}}],"inLanguage":"pt-PT"},{"@type":"Organization","@id":"https:\/\/decoplanta.com\/pt-pt\/#organization","name":"Plantas y \u00e1rboles artificiales de Alto Realismo","url":"https:\/\/decoplanta.com\/pt-pt\/","logo":{"@type":"ImageObject","inLanguage":"pt-PT","@id":"https:\/\/decoplanta.com\/pt-pt\/#\/schema\/logo\/image\/","url":"https:\/\/decoplanta.com\/wp-content\/uploads\/2021\/02\/decoplanta-logo2020.svg","contentUrl":"https:\/\/decoplanta.com\/wp-content\/uploads\/2021\/02\/decoplanta-logo2020.svg","width":500,"height":500,"caption":"Plantas y \u00e1rboles artificiales de Alto Realismo"},"image":{"@id":"https:\/\/decoplanta.com\/pt-pt\/#\/schema\/logo\/image\/"}}]}},"_links":{"self":[{"href":"https:\/\/decoplanta.com\/pt-pt\/wp-json\/wp\/v2\/product\/4908","targetHints":{"allow":["GET"]}}],"collection":[{"href":"https:\/\/decoplanta.com\/pt-pt\/wp-json\/wp\/v2\/product"}],"about":[{"href":"https:\/\/decoplanta.com\/pt-pt\/wp-json\/wp\/v2\/types\/product"}],"version-history":[{"count":0,"href":"https:\/\/decoplanta.com\/pt-pt\/wp-json\/wp\/v2\/product\/4908\/revisions"}],"wp:featuredmedia":[{"embeddable":true,"href":"https:\/\/decoplanta.com\/pt-pt\/wp-json\/wp\/v2\/media\/4419"}],"wp:attachment":[{"href":"https:\/\/decoplanta.com\/pt-pt\/wp-json\/wp\/v2\/media?parent=4908"}],"wp:term":[{"taxonomy":"product_brand","embeddable":true,"href":"https:\/\/decoplanta.com\/pt-pt\/wp-json\/wp\/v2\/product_brand?post=4908"},{"taxonomy":"product_cat","embeddable":true,"href":"https:\/\/decoplanta.com\/pt-pt\/wp-json\/wp\/v2\/product_cat?post=4908"},{"taxonomy":"product_tag","embeddable":true,"href":"https:\/\/decoplanta.com\/pt-pt\/wp-json\/wp\/v2\/product_tag?post=4908"}],"curies":[{"name":"wp","href":"https:\/\/api.w.org\/{rel}","templated":true}]}}