{"id":4928,"date":"2021-03-02T20:06:44","date_gmt":"2021-03-02T19:06:44","guid":{"rendered":"https:\/\/decoplanta.com\/sem%20categoria\/cacto-san-pedro\/"},"modified":"2023-06-20T14:01:42","modified_gmt":"2023-06-20T13:01:42","slug":"cacto-san-pedro-artificial","status":"publish","type":"product","link":"https:\/\/decoplanta.com\/pt-pt\/mini-plantas-artificiais-de-interior\/cacto-san-pedro-artificial\/","title":{"rendered":"Cacto SAN PEDRO"},"content":{"rendered":"<p>O Cacto SAN PEDRO artificial \u00e9 uma planta suculenta muito realista com personalidade pr\u00f3pria, ideal para decorar qualquer tipo de ambiente. Plantadora b\u00e1sica em cor cinzenta inclu\u00edda.<\/p>\n<p>Agora dispon\u00edvel em duas alturas.<\/p>\n<p>O <a href=\"https:\/\/es.wikipedia.org\/wiki\/Echinopsis_pachanoi\" target=\"_blank\" rel=\"noopener\">cacto SAN PEDRO<\/a> artificial de interior difere de outras plantas pela sua simplicidade e eleg\u00e2ncia.<\/p>\n<p>Este cacto \u00e9 t\u00e3o escultural que, n\u00e3o importa onde o coloque, atrair\u00e1 facilmente a aten\u00e7\u00e3o. Um cacto artificial pode ser colocado em qualquer lugar, e acrescenta sempre um toque decorativo elegante. Adapta-se facilmente a todos os tipos de ambientes e locais, uma vez que n\u00e3o requer qualquer cuidado.<\/p>\n<p>O <a href=\"https:\/\/decoplanta.com\/etiqueta-producto\/cactus-de-interior\/\" target=\"_blank\" rel=\"noopener\">cacto artificial de interior<\/a> \u00e9 uma boa alternativa decorativa para aqueles que procuram dar um toque original a um espa\u00e7o.<\/p>\n<h3>Porque \u00e9 dif\u00edcil distinguir este cacto artificial SAN PEDRO do natural?<\/h3>\n<p>A raz\u00e3o \u00e9 muito simples: este cacto \u00e9 cuidadosamente fabricado da forma mais aut\u00eantica poss\u00edvel, o que torna muito dif\u00edcil distinguir-se do natural. Na nossa selec\u00e7\u00e3o de cactos artificiais e suculentos, pode encontrar algumas reprodu\u00e7\u00f5es muito interessantes e realistas. Pode plantar directamente no solo ou manter os belos vasos de cimento inclu\u00eddos. Tudo depende do espa\u00e7o que tem dispon\u00edvel e do efeito que pretende obter com esta decora\u00e7\u00e3o.<\/p>\n<p>O cacto \u00e9 a planta ideal para personalizar a decora\u00e7\u00e3o interior, mas \u00e9 importante ter em conta que o tamanho da planta deve ser proporcional ao lugar que ocupa.<\/p>\n<p>Este cacto est\u00e1 dispon\u00edvel em dois tamanhos, mas tamb\u00e9m pode escolher entre outros no nosso cat\u00e1logo. Convidamo-lo a descobrir qual \u00e9 o modelo perfeito para a sua decora\u00e7\u00e3o interior.<\/p>\n<p>Os cactos artificiais d\u00e3o um toque ex\u00f3tico especial \u00e0 casa e s\u00e3o recursos perfeitos para decorar uma sala de estar. Tamb\u00e9m para o espa\u00e7o de trabalho ou para um pequeno terra\u00e7o. Pode-se criar uma &#8220;paisagem&#8221; natural em torno de um cacto ou suculento, recriando um habitat o mais pr\u00f3ximo poss\u00edvel da sua origem.<\/p>\n","protected":false},"excerpt":{"rendered":"<p>Cacto SAN PEDRO, \u00e9 uma planta suculenta muito realista com personalidade pr\u00f3pria, ideal para decorar qualquer tipo de ambiente. Plantadora b\u00e1sica em cor cinzenta inclu\u00edda. N\u00e3o requer manuten\u00e7\u00e3o.<\/p>\n<table>\n<tbody>\n<tr>\n<td><strong>REF<\/strong><\/td>\n<td><strong>ALTURA<\/strong><\/td>\n<\/tr>\n<tr>\n<td><strong>424641<\/strong><\/td>\n<td>57 cm<\/td>\n<\/tr>\n<\/tbody>\n<\/table>\n","protected":false},"featured_media":4433,"template":"","meta":{"_monsterinsights_skip_tracking":false,"_monsterinsights_sitenote_active":false,"_monsterinsights_sitenote_note":"","_monsterinsights_sitenote_category":0},"product_brand":[],"product_cat":[390],"product_tag":[405,421,422],"class_list":{"0":"post-4928","1":"product","2":"type-product","3":"status-publish","4":"has-post-thumbnail","6":"product_cat-mini-plantas-artificiais-de-interior","7":"product_tag-cacto-de-interior","8":"product_tag-planta-suculenta-artificial","9":"product_tag-planta-tropical","10":"","11":"woocommerce-text-align-center","12":"woocommerce-image-align-center","13":"do-quantity-buttons","15":"first","16":"instock","17":"taxable","18":"shipping-taxable","19":"purchasable","20":"product-type-simple"},"yoast_head":"<!-- This site is optimized with the Yoast SEO plugin v27.4 - https:\/\/yoast.com\/product\/yoast-seo-wordpress\/ -->\n<title>Cacto SAN PEDRO artificial de alto realismo para decora\u00e7\u00e3o<\/title>\n<meta name=\"description\" content=\"Cacto SAN PEDRO artificial de alto realismo, muito decorativo em qualquer ambiente de interior. Plantadora na cor cinza inclu\u00edda.\" \/>\n<meta name=\"robots\" content=\"index, follow, max-snippet:-1, max-image-preview:large, max-video-preview:-1\" \/>\n<link rel=\"canonical\" href=\"https:\/\/decoplanta.com\/pt-pt\/mini-plantas-artificiais-de-interior\/cacto-san-pedro-artificial\/\" \/>\n<meta property=\"og:locale\" content=\"pt_PT\" \/>\n<meta property=\"og:type\" content=\"article\" \/>\n<meta property=\"og:title\" content=\"Cacto SAN PEDRO artificial de alto realismo para decora\u00e7\u00e3o\" \/>\n<meta property=\"og:description\" content=\"Cacto SAN PEDRO artificial de alto realismo, muito decorativo em qualquer ambiente de interior. Plantadora na cor cinza inclu\u00edda.\" \/>\n<meta property=\"og:url\" content=\"https:\/\/decoplanta.com\/pt-pt\/mini-plantas-artificiais-de-interior\/cacto-san-pedro-artificial\/\" \/>\n<meta property=\"og:site_name\" content=\"Plantas y \u00e1rboles artificiales de Alto Realismo\" \/>\n<meta property=\"article:modified_time\" content=\"2023-06-20T13:01:42+00:00\" \/>\n<meta property=\"og:image\" content=\"https:\/\/decoplanta.com\/wp-content\/uploads\/2021\/03\/424641-CACTUS_SANPEDRO.jpg\" \/>\n\t<meta property=\"og:image:width\" content=\"2400\" \/>\n\t<meta property=\"og:image:height\" content=\"2400\" \/>\n\t<meta property=\"og:image:type\" content=\"image\/jpeg\" \/>\n<meta name=\"twitter:card\" content=\"summary_large_image\" \/>\n<meta name=\"twitter:label1\" content=\"Tempo estimado de leitura\" \/>\n\t<meta name=\"twitter:data1\" content=\"2 minutos\" \/>\n<script type=\"application\/ld+json\" class=\"yoast-schema-graph\">{\"@context\":\"https:\\\/\\\/schema.org\",\"@graph\":[{\"@type\":\"WebPage\",\"@id\":\"https:\\\/\\\/decoplanta.com\\\/pt-pt\\\/mini-plantas-artificiais-de-interior\\\/cacto-san-pedro-artificial\\\/\",\"url\":\"https:\\\/\\\/decoplanta.com\\\/pt-pt\\\/mini-plantas-artificiais-de-interior\\\/cacto-san-pedro-artificial\\\/\",\"name\":\"Cacto SAN PEDRO artificial de alto realismo para decora\u00e7\u00e3o\",\"isPartOf\":{\"@id\":\"https:\\\/\\\/decoplanta.com\\\/pt-pt\\\/#website\"},\"primaryImageOfPage\":{\"@id\":\"https:\\\/\\\/decoplanta.com\\\/pt-pt\\\/mini-plantas-artificiais-de-interior\\\/cacto-san-pedro-artificial\\\/#primaryimage\"},\"image\":{\"@id\":\"https:\\\/\\\/decoplanta.com\\\/pt-pt\\\/mini-plantas-artificiais-de-interior\\\/cacto-san-pedro-artificial\\\/#primaryimage\"},\"thumbnailUrl\":\"https:\\\/\\\/decoplanta.com\\\/wp-content\\\/uploads\\\/2021\\\/03\\\/424641-CACTUS_SANPEDRO.jpg\",\"datePublished\":\"2021-03-02T19:06:44+00:00\",\"dateModified\":\"2023-06-20T13:01:42+00:00\",\"description\":\"Cacto SAN PEDRO artificial de alto realismo, muito decorativo em qualquer ambiente de interior. Plantadora na cor cinza inclu\u00edda.\",\"breadcrumb\":{\"@id\":\"https:\\\/\\\/decoplanta.com\\\/pt-pt\\\/mini-plantas-artificiais-de-interior\\\/cacto-san-pedro-artificial\\\/#breadcrumb\"},\"inLanguage\":\"pt-PT\",\"potentialAction\":[{\"@type\":\"ReadAction\",\"target\":[\"https:\\\/\\\/decoplanta.com\\\/pt-pt\\\/mini-plantas-artificiais-de-interior\\\/cacto-san-pedro-artificial\\\/\"]}]},{\"@type\":\"ImageObject\",\"inLanguage\":\"pt-PT\",\"@id\":\"https:\\\/\\\/decoplanta.com\\\/pt-pt\\\/mini-plantas-artificiais-de-interior\\\/cacto-san-pedro-artificial\\\/#primaryimage\",\"url\":\"https:\\\/\\\/decoplanta.com\\\/wp-content\\\/uploads\\\/2021\\\/03\\\/424641-CACTUS_SANPEDRO.jpg\",\"contentUrl\":\"https:\\\/\\\/decoplanta.com\\\/wp-content\\\/uploads\\\/2021\\\/03\\\/424641-CACTUS_SANPEDRO.jpg\",\"width\":2400,\"height\":2400,\"caption\":\"Cacto SAN PEDRO artificial\"},{\"@type\":\"BreadcrumbList\",\"@id\":\"https:\\\/\\\/decoplanta.com\\\/pt-pt\\\/mini-plantas-artificiais-de-interior\\\/cacto-san-pedro-artificial\\\/#breadcrumb\",\"itemListElement\":[{\"@type\":\"ListItem\",\"position\":1,\"name\":\"Portada\",\"item\":\"https:\\\/\\\/decoplanta.com\\\/pt-pt\\\/\"},{\"@type\":\"ListItem\",\"position\":2,\"name\":\"Priv\u00e9\u00a0: Tienda\",\"item\":\"https:\\\/\\\/decoplanta.com\\\/?page_id=377\"},{\"@type\":\"ListItem\",\"position\":3,\"name\":\"Cacto SAN PEDRO\"}]},{\"@type\":\"WebSite\",\"@id\":\"https:\\\/\\\/decoplanta.com\\\/pt-pt\\\/#website\",\"url\":\"https:\\\/\\\/decoplanta.com\\\/pt-pt\\\/\",\"name\":\"Plantas y \u00e1rboles artificiales de Alto Realismo\",\"description\":\"Proveedor de Plantas artificiales para estudios de Arquitectura, Interiorismo, Paisajismo, Escenograf\u00eda, Tiendas de Decoraci\u00f3n Florister\u00edas y Mobiliario\",\"publisher\":{\"@id\":\"https:\\\/\\\/decoplanta.com\\\/pt-pt\\\/#organization\"},\"potentialAction\":[{\"@type\":\"SearchAction\",\"target\":{\"@type\":\"EntryPoint\",\"urlTemplate\":\"https:\\\/\\\/decoplanta.com\\\/pt-pt\\\/?s={search_term_string}\"},\"query-input\":{\"@type\":\"PropertyValueSpecification\",\"valueRequired\":true,\"valueName\":\"search_term_string\"}}],\"inLanguage\":\"pt-PT\"},{\"@type\":\"Organization\",\"@id\":\"https:\\\/\\\/decoplanta.com\\\/pt-pt\\\/#organization\",\"name\":\"Plantas y \u00e1rboles artificiales de Alto Realismo\",\"url\":\"https:\\\/\\\/decoplanta.com\\\/pt-pt\\\/\",\"logo\":{\"@type\":\"ImageObject\",\"inLanguage\":\"pt-PT\",\"@id\":\"https:\\\/\\\/decoplanta.com\\\/pt-pt\\\/#\\\/schema\\\/logo\\\/image\\\/\",\"url\":\"https:\\\/\\\/decoplanta.com\\\/wp-content\\\/uploads\\\/2021\\\/02\\\/decoplanta-logo2020.svg\",\"contentUrl\":\"https:\\\/\\\/decoplanta.com\\\/wp-content\\\/uploads\\\/2021\\\/02\\\/decoplanta-logo2020.svg\",\"width\":500,\"height\":500,\"caption\":\"Plantas y \u00e1rboles artificiales de Alto Realismo\"},\"image\":{\"@id\":\"https:\\\/\\\/decoplanta.com\\\/pt-pt\\\/#\\\/schema\\\/logo\\\/image\\\/\"}}]}<\/script>\n<!-- \/ Yoast SEO plugin. -->","yoast_head_json":{"title":"Cacto SAN PEDRO artificial de alto realismo para decora\u00e7\u00e3o","description":"Cacto SAN PEDRO artificial de alto realismo, muito decorativo em qualquer ambiente de interior. Plantadora na cor cinza inclu\u00edda.","robots":{"index":"index","follow":"follow","max-snippet":"max-snippet:-1","max-image-preview":"max-image-preview:large","max-video-preview":"max-video-preview:-1"},"canonical":"https:\/\/decoplanta.com\/pt-pt\/mini-plantas-artificiais-de-interior\/cacto-san-pedro-artificial\/","og_locale":"pt_PT","og_type":"article","og_title":"Cacto SAN PEDRO artificial de alto realismo para decora\u00e7\u00e3o","og_description":"Cacto SAN PEDRO artificial de alto realismo, muito decorativo em qualquer ambiente de interior. Plantadora na cor cinza inclu\u00edda.","og_url":"https:\/\/decoplanta.com\/pt-pt\/mini-plantas-artificiais-de-interior\/cacto-san-pedro-artificial\/","og_site_name":"Plantas y \u00e1rboles artificiales de Alto Realismo","article_modified_time":"2023-06-20T13:01:42+00:00","og_image":[{"width":2400,"height":2400,"url":"https:\/\/decoplanta.com\/wp-content\/uploads\/2021\/03\/424641-CACTUS_SANPEDRO.jpg","type":"image\/jpeg"}],"twitter_card":"summary_large_image","twitter_misc":{"Tempo estimado de leitura":"2 minutos"},"schema":{"@context":"https:\/\/schema.org","@graph":[{"@type":"WebPage","@id":"https:\/\/decoplanta.com\/pt-pt\/mini-plantas-artificiais-de-interior\/cacto-san-pedro-artificial\/","url":"https:\/\/decoplanta.com\/pt-pt\/mini-plantas-artificiais-de-interior\/cacto-san-pedro-artificial\/","name":"Cacto SAN PEDRO artificial de alto realismo para decora\u00e7\u00e3o","isPartOf":{"@id":"https:\/\/decoplanta.com\/pt-pt\/#website"},"primaryImageOfPage":{"@id":"https:\/\/decoplanta.com\/pt-pt\/mini-plantas-artificiais-de-interior\/cacto-san-pedro-artificial\/#primaryimage"},"image":{"@id":"https:\/\/decoplanta.com\/pt-pt\/mini-plantas-artificiais-de-interior\/cacto-san-pedro-artificial\/#primaryimage"},"thumbnailUrl":"https:\/\/decoplanta.com\/wp-content\/uploads\/2021\/03\/424641-CACTUS_SANPEDRO.jpg","datePublished":"2021-03-02T19:06:44+00:00","dateModified":"2023-06-20T13:01:42+00:00","description":"Cacto SAN PEDRO artificial de alto realismo, muito decorativo em qualquer ambiente de interior. Plantadora na cor cinza inclu\u00edda.","breadcrumb":{"@id":"https:\/\/decoplanta.com\/pt-pt\/mini-plantas-artificiais-de-interior\/cacto-san-pedro-artificial\/#breadcrumb"},"inLanguage":"pt-PT","potentialAction":[{"@type":"ReadAction","target":["https:\/\/decoplanta.com\/pt-pt\/mini-plantas-artificiais-de-interior\/cacto-san-pedro-artificial\/"]}]},{"@type":"ImageObject","inLanguage":"pt-PT","@id":"https:\/\/decoplanta.com\/pt-pt\/mini-plantas-artificiais-de-interior\/cacto-san-pedro-artificial\/#primaryimage","url":"https:\/\/decoplanta.com\/wp-content\/uploads\/2021\/03\/424641-CACTUS_SANPEDRO.jpg","contentUrl":"https:\/\/decoplanta.com\/wp-content\/uploads\/2021\/03\/424641-CACTUS_SANPEDRO.jpg","width":2400,"height":2400,"caption":"Cacto SAN PEDRO artificial"},{"@type":"BreadcrumbList","@id":"https:\/\/decoplanta.com\/pt-pt\/mini-plantas-artificiais-de-interior\/cacto-san-pedro-artificial\/#breadcrumb","itemListElement":[{"@type":"ListItem","position":1,"name":"Portada","item":"https:\/\/decoplanta.com\/pt-pt\/"},{"@type":"ListItem","position":2,"name":"Priv\u00e9\u00a0: Tienda","item":"https:\/\/decoplanta.com\/?page_id=377"},{"@type":"ListItem","position":3,"name":"Cacto SAN PEDRO"}]},{"@type":"WebSite","@id":"https:\/\/decoplanta.com\/pt-pt\/#website","url":"https:\/\/decoplanta.com\/pt-pt\/","name":"Plantas y \u00e1rboles artificiales de Alto Realismo","description":"Proveedor de Plantas artificiales para estudios de Arquitectura, Interiorismo, Paisajismo, Escenograf\u00eda, Tiendas de Decoraci\u00f3n Florister\u00edas y Mobiliario","publisher":{"@id":"https:\/\/decoplanta.com\/pt-pt\/#organization"},"potentialAction":[{"@type":"SearchAction","target":{"@type":"EntryPoint","urlTemplate":"https:\/\/decoplanta.com\/pt-pt\/?s={search_term_string}"},"query-input":{"@type":"PropertyValueSpecification","valueRequired":true,"valueName":"search_term_string"}}],"inLanguage":"pt-PT"},{"@type":"Organization","@id":"https:\/\/decoplanta.com\/pt-pt\/#organization","name":"Plantas y \u00e1rboles artificiales de Alto Realismo","url":"https:\/\/decoplanta.com\/pt-pt\/","logo":{"@type":"ImageObject","inLanguage":"pt-PT","@id":"https:\/\/decoplanta.com\/pt-pt\/#\/schema\/logo\/image\/","url":"https:\/\/decoplanta.com\/wp-content\/uploads\/2021\/02\/decoplanta-logo2020.svg","contentUrl":"https:\/\/decoplanta.com\/wp-content\/uploads\/2021\/02\/decoplanta-logo2020.svg","width":500,"height":500,"caption":"Plantas y \u00e1rboles artificiales de Alto Realismo"},"image":{"@id":"https:\/\/decoplanta.com\/pt-pt\/#\/schema\/logo\/image\/"}}]}},"_links":{"self":[{"href":"https:\/\/decoplanta.com\/pt-pt\/wp-json\/wp\/v2\/product\/4928","targetHints":{"allow":["GET"]}}],"collection":[{"href":"https:\/\/decoplanta.com\/pt-pt\/wp-json\/wp\/v2\/product"}],"about":[{"href":"https:\/\/decoplanta.com\/pt-pt\/wp-json\/wp\/v2\/types\/product"}],"version-history":[{"count":0,"href":"https:\/\/decoplanta.com\/pt-pt\/wp-json\/wp\/v2\/product\/4928\/revisions"}],"wp:featuredmedia":[{"embeddable":true,"href":"https:\/\/decoplanta.com\/pt-pt\/wp-json\/wp\/v2\/media\/4433"}],"wp:attachment":[{"href":"https:\/\/decoplanta.com\/pt-pt\/wp-json\/wp\/v2\/media?parent=4928"}],"wp:term":[{"taxonomy":"product_brand","embeddable":true,"href":"https:\/\/decoplanta.com\/pt-pt\/wp-json\/wp\/v2\/product_brand?post=4928"},{"taxonomy":"product_cat","embeddable":true,"href":"https:\/\/decoplanta.com\/pt-pt\/wp-json\/wp\/v2\/product_cat?post=4928"},{"taxonomy":"product_tag","embeddable":true,"href":"https:\/\/decoplanta.com\/pt-pt\/wp-json\/wp\/v2\/product_tag?post=4928"}],"curies":[{"name":"wp","href":"https:\/\/api.w.org\/{rel}","templated":true}]}}