{"id":4934,"date":"2021-03-03T08:36:05","date_gmt":"2021-03-03T07:36:05","guid":{"rendered":"https:\/\/decoplanta.com\/sem%20categoria\/mini-bonsai-ficus\/"},"modified":"2023-10-31T09:43:08","modified_gmt":"2023-10-31T08:43:08","slug":"mini-bonsai-ficus-artificial","status":"publish","type":"product","link":"https:\/\/decoplanta.com\/pt-pt\/mini-plantas-artificiais-de-interior\/mini-bonsai-ficus-artificial\/","title":{"rendered":"Mini Bonsai FICUS 19cm"},"content":{"rendered":"<p>Mini Bonsai FICUS artificial, Bela r\u00e9plica de Bonsai de 19 cm de altura, brilhantemente colorida para decorar qualquer ambiente, inclui plantador em verde com pedra decorativa. N\u00e3o requer manuten\u00e7\u00e3o. Alto realismo para o paisagismo interior.<\/p>\n","protected":false},"excerpt":{"rendered":"<p>Mini Bonsai FICUS artificial, bela r\u00e9plica de alto realismo, com 19 cm de altura, de cores brilhantes para decorar qualquer ambiente, inclui plantadora de cor verde com pedra decorativa. Alto realismo para o paisagismo interior. N\u00e3o requer manuten\u00e7\u00e3o.<\/p>\n<table>\n<tbody>\n<tr>\n<td><strong>REF<\/strong><\/td>\n<td><strong>ALTURA<\/strong><\/td>\n<\/tr>\n<tr>\n<td>419996<\/td>\n<td>19 cm<\/td>\n<\/tr>\n<\/tbody>\n<\/table>\n","protected":false},"featured_media":4438,"template":"","meta":{"_monsterinsights_skip_tracking":false,"_monsterinsights_sitenote_active":false,"_monsterinsights_sitenote_note":"","_monsterinsights_sitenote_category":0},"product_brand":[],"product_cat":[390],"product_tag":[404,409],"class_list":{"0":"post-4934","1":"product","2":"type-product","3":"status-publish","4":"has-post-thumbnail","6":"product_cat-mini-plantas-artificiais-de-interior","7":"product_tag-bonsai-artificial","8":"product_tag-ficus-para-decoracao-de-interiores","9":"","10":"woocommerce-text-align-center","11":"woocommerce-image-align-center","12":"do-quantity-buttons","14":"first","15":"instock","16":"taxable","17":"shipping-taxable","18":"purchasable","19":"product-type-simple"},"yoast_head":"<!-- This site is optimized with the Yoast SEO plugin v27.3 - https:\/\/yoast.com\/product\/yoast-seo-wordpress\/ -->\n<title>Mini Bonsai artificial FICUS - Alto realismo para decora\u00e7\u00e3o interior<\/title>\n<meta name=\"description\" content=\"Mini Bonsai artificial FICUS de 19 cm. Alto realismo para o paisagismo interior. Bela r\u00e9plica, inclui plantadora com pedra decorativa\" \/>\n<meta name=\"robots\" content=\"index, follow, max-snippet:-1, max-image-preview:large, max-video-preview:-1\" \/>\n<link rel=\"canonical\" href=\"https:\/\/decoplanta.com\/pt-pt\/mini-plantas-artificiais-de-interior\/mini-bonsai-ficus-artificial\/\" \/>\n<meta property=\"og:locale\" content=\"pt_PT\" \/>\n<meta property=\"og:type\" content=\"article\" \/>\n<meta property=\"og:title\" content=\"Mini Bonsai artificial FICUS - Alto realismo para decora\u00e7\u00e3o interior\" \/>\n<meta property=\"og:description\" content=\"Mini Bonsai artificial FICUS de 19 cm. Alto realismo para o paisagismo interior. Bela r\u00e9plica, inclui plantadora com pedra decorativa\" \/>\n<meta property=\"og:url\" content=\"https:\/\/decoplanta.com\/pt-pt\/mini-plantas-artificiais-de-interior\/mini-bonsai-ficus-artificial\/\" \/>\n<meta property=\"og:site_name\" content=\"Plantas y \u00e1rboles artificiales de Alto Realismo\" \/>\n<meta property=\"article:modified_time\" content=\"2023-10-31T08:43:08+00:00\" \/>\n<meta property=\"og:image\" content=\"https:\/\/decoplanta.com\/wp-content\/uploads\/2021\/03\/419996-Mini_BONSAI_FICUS.jpg\" \/>\n\t<meta property=\"og:image:width\" content=\"2500\" \/>\n\t<meta property=\"og:image:height\" content=\"2500\" \/>\n\t<meta property=\"og:image:type\" content=\"image\/jpeg\" \/>\n<meta name=\"twitter:card\" content=\"summary_large_image\" \/>\n<meta name=\"twitter:label1\" content=\"Tempo estimado de leitura\" \/>\n\t<meta name=\"twitter:data1\" content=\"1 minuto\" \/>\n<script type=\"application\/ld+json\" class=\"yoast-schema-graph\">{\"@context\":\"https:\\\/\\\/schema.org\",\"@graph\":[{\"@type\":\"WebPage\",\"@id\":\"https:\\\/\\\/decoplanta.com\\\/pt-pt\\\/mini-plantas-artificiais-de-interior\\\/mini-bonsai-ficus-artificial\\\/\",\"url\":\"https:\\\/\\\/decoplanta.com\\\/pt-pt\\\/mini-plantas-artificiais-de-interior\\\/mini-bonsai-ficus-artificial\\\/\",\"name\":\"Mini Bonsai artificial FICUS - Alto realismo para decora\u00e7\u00e3o interior\",\"isPartOf\":{\"@id\":\"https:\\\/\\\/decoplanta.com\\\/pt-pt\\\/#website\"},\"primaryImageOfPage\":{\"@id\":\"https:\\\/\\\/decoplanta.com\\\/pt-pt\\\/mini-plantas-artificiais-de-interior\\\/mini-bonsai-ficus-artificial\\\/#primaryimage\"},\"image\":{\"@id\":\"https:\\\/\\\/decoplanta.com\\\/pt-pt\\\/mini-plantas-artificiais-de-interior\\\/mini-bonsai-ficus-artificial\\\/#primaryimage\"},\"thumbnailUrl\":\"https:\\\/\\\/decoplanta.com\\\/wp-content\\\/uploads\\\/2021\\\/03\\\/419996-Mini_BONSAI_FICUS.jpg\",\"datePublished\":\"2021-03-03T07:36:05+00:00\",\"dateModified\":\"2023-10-31T08:43:08+00:00\",\"description\":\"Mini Bonsai artificial FICUS de 19 cm. Alto realismo para o paisagismo interior. Bela r\u00e9plica, inclui plantadora com pedra decorativa\",\"breadcrumb\":{\"@id\":\"https:\\\/\\\/decoplanta.com\\\/pt-pt\\\/mini-plantas-artificiais-de-interior\\\/mini-bonsai-ficus-artificial\\\/#breadcrumb\"},\"inLanguage\":\"pt-PT\",\"potentialAction\":[{\"@type\":\"ReadAction\",\"target\":[\"https:\\\/\\\/decoplanta.com\\\/pt-pt\\\/mini-plantas-artificiais-de-interior\\\/mini-bonsai-ficus-artificial\\\/\"]}]},{\"@type\":\"ImageObject\",\"inLanguage\":\"pt-PT\",\"@id\":\"https:\\\/\\\/decoplanta.com\\\/pt-pt\\\/mini-plantas-artificiais-de-interior\\\/mini-bonsai-ficus-artificial\\\/#primaryimage\",\"url\":\"https:\\\/\\\/decoplanta.com\\\/wp-content\\\/uploads\\\/2021\\\/03\\\/419996-Mini_BONSAI_FICUS.jpg\",\"contentUrl\":\"https:\\\/\\\/decoplanta.com\\\/wp-content\\\/uploads\\\/2021\\\/03\\\/419996-Mini_BONSAI_FICUS.jpg\",\"width\":2500,\"height\":2500,\"caption\":\"Mini Bonsai FICUS artificial\"},{\"@type\":\"BreadcrumbList\",\"@id\":\"https:\\\/\\\/decoplanta.com\\\/pt-pt\\\/mini-plantas-artificiais-de-interior\\\/mini-bonsai-ficus-artificial\\\/#breadcrumb\",\"itemListElement\":[{\"@type\":\"ListItem\",\"position\":1,\"name\":\"Portada\",\"item\":\"https:\\\/\\\/decoplanta.com\\\/pt-pt\\\/\"},{\"@type\":\"ListItem\",\"position\":2,\"name\":\"Priv\u00e9\u00a0: Tienda\",\"item\":\"https:\\\/\\\/decoplanta.com\\\/?page_id=377\"},{\"@type\":\"ListItem\",\"position\":3,\"name\":\"Mini Bonsai FICUS 19cm\"}]},{\"@type\":\"WebSite\",\"@id\":\"https:\\\/\\\/decoplanta.com\\\/pt-pt\\\/#website\",\"url\":\"https:\\\/\\\/decoplanta.com\\\/pt-pt\\\/\",\"name\":\"Plantas y \u00e1rboles artificiales de Alto Realismo\",\"description\":\"Proveedor de Plantas artificiales para estudios de Arquitectura, Interiorismo, Paisajismo, Escenograf\u00eda, Tiendas de Decoraci\u00f3n Florister\u00edas y Mobiliario\",\"publisher\":{\"@id\":\"https:\\\/\\\/decoplanta.com\\\/pt-pt\\\/#organization\"},\"potentialAction\":[{\"@type\":\"SearchAction\",\"target\":{\"@type\":\"EntryPoint\",\"urlTemplate\":\"https:\\\/\\\/decoplanta.com\\\/pt-pt\\\/?s={search_term_string}\"},\"query-input\":{\"@type\":\"PropertyValueSpecification\",\"valueRequired\":true,\"valueName\":\"search_term_string\"}}],\"inLanguage\":\"pt-PT\"},{\"@type\":\"Organization\",\"@id\":\"https:\\\/\\\/decoplanta.com\\\/pt-pt\\\/#organization\",\"name\":\"Plantas y \u00e1rboles artificiales de Alto Realismo\",\"url\":\"https:\\\/\\\/decoplanta.com\\\/pt-pt\\\/\",\"logo\":{\"@type\":\"ImageObject\",\"inLanguage\":\"pt-PT\",\"@id\":\"https:\\\/\\\/decoplanta.com\\\/pt-pt\\\/#\\\/schema\\\/logo\\\/image\\\/\",\"url\":\"https:\\\/\\\/decoplanta.com\\\/wp-content\\\/uploads\\\/2021\\\/02\\\/decoplanta-logo2020.svg\",\"contentUrl\":\"https:\\\/\\\/decoplanta.com\\\/wp-content\\\/uploads\\\/2021\\\/02\\\/decoplanta-logo2020.svg\",\"width\":500,\"height\":500,\"caption\":\"Plantas y \u00e1rboles artificiales de Alto Realismo\"},\"image\":{\"@id\":\"https:\\\/\\\/decoplanta.com\\\/pt-pt\\\/#\\\/schema\\\/logo\\\/image\\\/\"}}]}<\/script>\n<!-- \/ Yoast SEO plugin. -->","yoast_head_json":{"title":"Mini Bonsai artificial FICUS - Alto realismo para decora\u00e7\u00e3o interior","description":"Mini Bonsai artificial FICUS de 19 cm. Alto realismo para o paisagismo interior. Bela r\u00e9plica, inclui plantadora com pedra decorativa","robots":{"index":"index","follow":"follow","max-snippet":"max-snippet:-1","max-image-preview":"max-image-preview:large","max-video-preview":"max-video-preview:-1"},"canonical":"https:\/\/decoplanta.com\/pt-pt\/mini-plantas-artificiais-de-interior\/mini-bonsai-ficus-artificial\/","og_locale":"pt_PT","og_type":"article","og_title":"Mini Bonsai artificial FICUS - Alto realismo para decora\u00e7\u00e3o interior","og_description":"Mini Bonsai artificial FICUS de 19 cm. Alto realismo para o paisagismo interior. Bela r\u00e9plica, inclui plantadora com pedra decorativa","og_url":"https:\/\/decoplanta.com\/pt-pt\/mini-plantas-artificiais-de-interior\/mini-bonsai-ficus-artificial\/","og_site_name":"Plantas y \u00e1rboles artificiales de Alto Realismo","article_modified_time":"2023-10-31T08:43:08+00:00","og_image":[{"width":2500,"height":2500,"url":"https:\/\/decoplanta.com\/wp-content\/uploads\/2021\/03\/419996-Mini_BONSAI_FICUS.jpg","type":"image\/jpeg"}],"twitter_card":"summary_large_image","twitter_misc":{"Tempo estimado de leitura":"1 minuto"},"schema":{"@context":"https:\/\/schema.org","@graph":[{"@type":"WebPage","@id":"https:\/\/decoplanta.com\/pt-pt\/mini-plantas-artificiais-de-interior\/mini-bonsai-ficus-artificial\/","url":"https:\/\/decoplanta.com\/pt-pt\/mini-plantas-artificiais-de-interior\/mini-bonsai-ficus-artificial\/","name":"Mini Bonsai artificial FICUS - Alto realismo para decora\u00e7\u00e3o interior","isPartOf":{"@id":"https:\/\/decoplanta.com\/pt-pt\/#website"},"primaryImageOfPage":{"@id":"https:\/\/decoplanta.com\/pt-pt\/mini-plantas-artificiais-de-interior\/mini-bonsai-ficus-artificial\/#primaryimage"},"image":{"@id":"https:\/\/decoplanta.com\/pt-pt\/mini-plantas-artificiais-de-interior\/mini-bonsai-ficus-artificial\/#primaryimage"},"thumbnailUrl":"https:\/\/decoplanta.com\/wp-content\/uploads\/2021\/03\/419996-Mini_BONSAI_FICUS.jpg","datePublished":"2021-03-03T07:36:05+00:00","dateModified":"2023-10-31T08:43:08+00:00","description":"Mini Bonsai artificial FICUS de 19 cm. Alto realismo para o paisagismo interior. Bela r\u00e9plica, inclui plantadora com pedra decorativa","breadcrumb":{"@id":"https:\/\/decoplanta.com\/pt-pt\/mini-plantas-artificiais-de-interior\/mini-bonsai-ficus-artificial\/#breadcrumb"},"inLanguage":"pt-PT","potentialAction":[{"@type":"ReadAction","target":["https:\/\/decoplanta.com\/pt-pt\/mini-plantas-artificiais-de-interior\/mini-bonsai-ficus-artificial\/"]}]},{"@type":"ImageObject","inLanguage":"pt-PT","@id":"https:\/\/decoplanta.com\/pt-pt\/mini-plantas-artificiais-de-interior\/mini-bonsai-ficus-artificial\/#primaryimage","url":"https:\/\/decoplanta.com\/wp-content\/uploads\/2021\/03\/419996-Mini_BONSAI_FICUS.jpg","contentUrl":"https:\/\/decoplanta.com\/wp-content\/uploads\/2021\/03\/419996-Mini_BONSAI_FICUS.jpg","width":2500,"height":2500,"caption":"Mini Bonsai FICUS artificial"},{"@type":"BreadcrumbList","@id":"https:\/\/decoplanta.com\/pt-pt\/mini-plantas-artificiais-de-interior\/mini-bonsai-ficus-artificial\/#breadcrumb","itemListElement":[{"@type":"ListItem","position":1,"name":"Portada","item":"https:\/\/decoplanta.com\/pt-pt\/"},{"@type":"ListItem","position":2,"name":"Priv\u00e9\u00a0: Tienda","item":"https:\/\/decoplanta.com\/?page_id=377"},{"@type":"ListItem","position":3,"name":"Mini Bonsai FICUS 19cm"}]},{"@type":"WebSite","@id":"https:\/\/decoplanta.com\/pt-pt\/#website","url":"https:\/\/decoplanta.com\/pt-pt\/","name":"Plantas y \u00e1rboles artificiales de Alto Realismo","description":"Proveedor de Plantas artificiales para estudios de Arquitectura, Interiorismo, Paisajismo, Escenograf\u00eda, Tiendas de Decoraci\u00f3n Florister\u00edas y Mobiliario","publisher":{"@id":"https:\/\/decoplanta.com\/pt-pt\/#organization"},"potentialAction":[{"@type":"SearchAction","target":{"@type":"EntryPoint","urlTemplate":"https:\/\/decoplanta.com\/pt-pt\/?s={search_term_string}"},"query-input":{"@type":"PropertyValueSpecification","valueRequired":true,"valueName":"search_term_string"}}],"inLanguage":"pt-PT"},{"@type":"Organization","@id":"https:\/\/decoplanta.com\/pt-pt\/#organization","name":"Plantas y \u00e1rboles artificiales de Alto Realismo","url":"https:\/\/decoplanta.com\/pt-pt\/","logo":{"@type":"ImageObject","inLanguage":"pt-PT","@id":"https:\/\/decoplanta.com\/pt-pt\/#\/schema\/logo\/image\/","url":"https:\/\/decoplanta.com\/wp-content\/uploads\/2021\/02\/decoplanta-logo2020.svg","contentUrl":"https:\/\/decoplanta.com\/wp-content\/uploads\/2021\/02\/decoplanta-logo2020.svg","width":500,"height":500,"caption":"Plantas y \u00e1rboles artificiales de Alto Realismo"},"image":{"@id":"https:\/\/decoplanta.com\/pt-pt\/#\/schema\/logo\/image\/"}}]}},"_links":{"self":[{"href":"https:\/\/decoplanta.com\/pt-pt\/wp-json\/wp\/v2\/product\/4934","targetHints":{"allow":["GET"]}}],"collection":[{"href":"https:\/\/decoplanta.com\/pt-pt\/wp-json\/wp\/v2\/product"}],"about":[{"href":"https:\/\/decoplanta.com\/pt-pt\/wp-json\/wp\/v2\/types\/product"}],"version-history":[{"count":0,"href":"https:\/\/decoplanta.com\/pt-pt\/wp-json\/wp\/v2\/product\/4934\/revisions"}],"wp:featuredmedia":[{"embeddable":true,"href":"https:\/\/decoplanta.com\/pt-pt\/wp-json\/wp\/v2\/media\/4438"}],"wp:attachment":[{"href":"https:\/\/decoplanta.com\/pt-pt\/wp-json\/wp\/v2\/media?parent=4934"}],"wp:term":[{"taxonomy":"product_brand","embeddable":true,"href":"https:\/\/decoplanta.com\/pt-pt\/wp-json\/wp\/v2\/product_brand?post=4934"},{"taxonomy":"product_cat","embeddable":true,"href":"https:\/\/decoplanta.com\/pt-pt\/wp-json\/wp\/v2\/product_cat?post=4934"},{"taxonomy":"product_tag","embeddable":true,"href":"https:\/\/decoplanta.com\/pt-pt\/wp-json\/wp\/v2\/product_tag?post=4934"}],"curies":[{"name":"wp","href":"https:\/\/api.w.org\/{rel}","templated":true}]}}