{"id":4937,"date":"2021-03-21T12:27:24","date_gmt":"2021-03-21T11:27:24","guid":{"rendered":"https:\/\/decoplanta.com\/sem%20categoria\/cacto-plano\/"},"modified":"2023-10-31T09:32:04","modified_gmt":"2023-10-31T08:32:04","slug":"cacto-plano-mini-artificial","status":"publish","type":"product","link":"https:\/\/decoplanta.com\/pt-pt\/mini-plantas-artificiais-de-interior\/cacto-plano-mini-artificial\/","title":{"rendered":"CACTO PLANO 20cm"},"content":{"rendered":"<p>CACTO PLANO artificial, 20 cm de altura, num belo vaso de cimento envelhecido. N\u00e3o requer manuten\u00e7\u00e3o. S\u00e3o vendidos em caixas indivis\u00edveis de 6 unidades. Pre\u00e7o por unidade no cat\u00e1logo.<\/p>\n<p>O <a href=\"http:\/\/www.consultaplantas.com\/index.php\/es\/plantas-por-nombre\/plantas-de-la-m-a-la-r\/1389-cuidados-de-la-planta-opuntia-santa-rita-o-duraznilla\" target=\"_blank\" rel=\"noopener\">CACTO PLANO MINI artificial<\/a> de interior difere de outras plantas pela sua simplicidade e eleg\u00e2ncia. Este cacto \u00e9 t\u00e3o escultural que, n\u00e3o importa onde o coloque, atrair\u00e1 facilmente a aten\u00e7\u00e3o. Um cacto artificial pode ser colocado em qualquer lugar, e acrescenta sempre um toque decorativo elegante.<\/p>\n<p>O <a href=\"https:\/\/decoplanta.com\/etiqueta-producto\/cactus-de-interior\/\" target=\"_blank\" rel=\"noopener\">cacto artificial de interior<\/a> \u00e9 uma boa alternativa decorativa para aqueles que procuram dar um toque original a um espa\u00e7o. Adapta-se facilmente a todos os tipos de ambientes e locais, uma vez que n\u00e3o requer qualquer cuidado.<\/p>\n<p>\u00c9 o complemento perfeito para os seus centros de mesa.<\/p>\n<h3>De que precisa para causar boa impress\u00e3o no seu neg\u00f3cio, com estilo e design?<\/h3>\n<p>As nossas pequenas plantas artificiais far\u00e3o a mudan\u00e7a de que necessita a um custo muito baixo. Al\u00e9m disso, as nossas pequenas plantas artificiais s\u00e3o da melhor qualidade e variedade e est\u00e3o \u00e0 sua disposi\u00e7\u00e3o.<\/p>\n<h3>Porque n\u00e3o diferenciar este cacto PLANO artificial do cacto natural?<\/h3>\n<p>A raz\u00e3o \u00e9 muito simples: este cacto \u00e9 cuidadosamente fabricado da forma mais aut\u00eantica poss\u00edvel, o que torna muito dif\u00edcil distinguir-se do natural. Na nossa selec\u00e7\u00e3o de cactos artificiais e suculentos pode encontrar algumas reprodu\u00e7\u00f5es muito interessantes. Pode plant\u00e1-los directamente no solo ou manter os belos vasos de cimento inclu\u00eddos. Tudo depende do espa\u00e7o que tem dispon\u00edvel e do efeito que pretende obter com esta decora\u00e7\u00e3o.<\/p>\n<p>O cacto \u00e9 a planta ideal para personalizar a decora\u00e7\u00e3o interior, mas \u00e9 importante ter em conta que o tamanho da planta deve ser proporcional ao lugar que ocupa. Convidamo-lo a descobrir qual \u00e9 o modelo perfeito para a sua decora\u00e7\u00e3o interior.<\/p>\n<p>Os cactos artificiais d\u00e3o um toque especial e ex\u00f3tico \u00e0 casa, tornando-os recursos perfeitos para decorar uma sala de estar, espa\u00e7o de trabalho ou pequeno terra\u00e7o.<\/p>\n","protected":false},"excerpt":{"rendered":"<p>CACTO PLANO artificial num belo vaso de cimento envalhecido. N\u00e3o requer manuten\u00e7\u00e3o.<\/p>\n<p>Pre\u00e7o por unidade no cat\u00e1logo.<\/p>\n<table>\n<tbody>\n<tr>\n<td><strong>REF<\/strong><\/td>\n<td><strong>ALTURA<\/strong><\/td>\n<\/tr>\n<tr>\n<td><strong>425430<\/strong><\/td>\n<td>20 cm<\/td>\n<\/tr>\n<\/tbody>\n<\/table>\n","protected":false},"featured_media":5917,"template":"","meta":{"_monsterinsights_skip_tracking":false,"_monsterinsights_sitenote_active":false,"_monsterinsights_sitenote_note":"","_monsterinsights_sitenote_category":0},"product_brand":[],"product_cat":[390],"product_tag":[405,421,422],"class_list":{"0":"post-4937","1":"product","2":"type-product","3":"status-publish","4":"has-post-thumbnail","6":"product_cat-mini-plantas-artificiais-de-interior","7":"product_tag-cacto-de-interior","8":"product_tag-planta-suculenta-artificial","9":"product_tag-planta-tropical","10":"","11":"woocommerce-text-align-center","12":"woocommerce-image-align-center","13":"do-quantity-buttons","15":"first","16":"instock","17":"taxable","18":"shipping-taxable","19":"purchasable","20":"product-type-simple"},"yoast_head":"<!-- This site is optimized with the Yoast SEO plugin v27.3 - https:\/\/yoast.com\/product\/yoast-seo-wordpress\/ -->\n<title>CACTO PLANO artificial \/ 20cm de altura num Vaso Vintage<\/title>\n<meta name=\"description\" content=\"CACTO PLANO artificial de 20 cm de altura em vaso de cimento envelhecido. Planta altamente realista e suculenta, decora qualquer interior\" \/>\n<meta name=\"robots\" content=\"index, follow, max-snippet:-1, max-image-preview:large, max-video-preview:-1\" \/>\n<link rel=\"canonical\" href=\"https:\/\/decoplanta.com\/pt-pt\/mini-plantas-artificiais-de-interior\/cacto-plano-mini-artificial\/\" \/>\n<meta property=\"og:locale\" content=\"pt_PT\" \/>\n<meta property=\"og:type\" content=\"article\" \/>\n<meta property=\"og:title\" content=\"CACTO PLANO artificial \/ 20cm de altura num Vaso Vintage\" \/>\n<meta property=\"og:description\" content=\"CACTO PLANO artificial de 20 cm de altura em vaso de cimento envelhecido. Planta altamente realista e suculenta, decora qualquer interior\" \/>\n<meta property=\"og:url\" content=\"https:\/\/decoplanta.com\/pt-pt\/mini-plantas-artificiais-de-interior\/cacto-plano-mini-artificial\/\" \/>\n<meta property=\"og:site_name\" content=\"Plantas y \u00e1rboles artificiales de Alto Realismo\" \/>\n<meta property=\"article:modified_time\" content=\"2023-10-31T08:32:04+00:00\" \/>\n<meta property=\"og:image\" content=\"https:\/\/decoplanta.com\/wp-content\/uploads\/2021\/03\/425430-CACTUS_PLANO-3.jpg\" \/>\n\t<meta property=\"og:image:width\" content=\"2048\" \/>\n\t<meta property=\"og:image:height\" content=\"2048\" \/>\n\t<meta property=\"og:image:type\" content=\"image\/jpeg\" \/>\n<meta name=\"twitter:card\" content=\"summary_large_image\" \/>\n<meta name=\"twitter:label1\" content=\"Tempo estimado de leitura\" \/>\n\t<meta name=\"twitter:data1\" content=\"2 minutos\" \/>\n<script type=\"application\/ld+json\" class=\"yoast-schema-graph\">{\"@context\":\"https:\\\/\\\/schema.org\",\"@graph\":[{\"@type\":\"WebPage\",\"@id\":\"https:\\\/\\\/decoplanta.com\\\/pt-pt\\\/mini-plantas-artificiais-de-interior\\\/cacto-plano-mini-artificial\\\/\",\"url\":\"https:\\\/\\\/decoplanta.com\\\/pt-pt\\\/mini-plantas-artificiais-de-interior\\\/cacto-plano-mini-artificial\\\/\",\"name\":\"CACTO PLANO artificial \\\/ 20cm de altura num Vaso Vintage\",\"isPartOf\":{\"@id\":\"https:\\\/\\\/decoplanta.com\\\/pt-pt\\\/#website\"},\"primaryImageOfPage\":{\"@id\":\"https:\\\/\\\/decoplanta.com\\\/pt-pt\\\/mini-plantas-artificiais-de-interior\\\/cacto-plano-mini-artificial\\\/#primaryimage\"},\"image\":{\"@id\":\"https:\\\/\\\/decoplanta.com\\\/pt-pt\\\/mini-plantas-artificiais-de-interior\\\/cacto-plano-mini-artificial\\\/#primaryimage\"},\"thumbnailUrl\":\"https:\\\/\\\/decoplanta.com\\\/wp-content\\\/uploads\\\/2021\\\/03\\\/425430-CACTUS_PLANO-3.jpg\",\"datePublished\":\"2021-03-21T11:27:24+00:00\",\"dateModified\":\"2023-10-31T08:32:04+00:00\",\"description\":\"CACTO PLANO artificial de 20 cm de altura em vaso de cimento envelhecido. Planta altamente realista e suculenta, decora qualquer interior\",\"breadcrumb\":{\"@id\":\"https:\\\/\\\/decoplanta.com\\\/pt-pt\\\/mini-plantas-artificiais-de-interior\\\/cacto-plano-mini-artificial\\\/#breadcrumb\"},\"inLanguage\":\"pt-PT\",\"potentialAction\":[{\"@type\":\"ReadAction\",\"target\":[\"https:\\\/\\\/decoplanta.com\\\/pt-pt\\\/mini-plantas-artificiais-de-interior\\\/cacto-plano-mini-artificial\\\/\"]}]},{\"@type\":\"ImageObject\",\"inLanguage\":\"pt-PT\",\"@id\":\"https:\\\/\\\/decoplanta.com\\\/pt-pt\\\/mini-plantas-artificiais-de-interior\\\/cacto-plano-mini-artificial\\\/#primaryimage\",\"url\":\"https:\\\/\\\/decoplanta.com\\\/wp-content\\\/uploads\\\/2021\\\/03\\\/425430-CACTUS_PLANO-3.jpg\",\"contentUrl\":\"https:\\\/\\\/decoplanta.com\\\/wp-content\\\/uploads\\\/2021\\\/03\\\/425430-CACTUS_PLANO-3.jpg\",\"width\":2048,\"height\":2048,\"caption\":\"Cactus Plano Mini de 20 cm de altura\"},{\"@type\":\"BreadcrumbList\",\"@id\":\"https:\\\/\\\/decoplanta.com\\\/pt-pt\\\/mini-plantas-artificiais-de-interior\\\/cacto-plano-mini-artificial\\\/#breadcrumb\",\"itemListElement\":[{\"@type\":\"ListItem\",\"position\":1,\"name\":\"Portada\",\"item\":\"https:\\\/\\\/decoplanta.com\\\/pt-pt\\\/\"},{\"@type\":\"ListItem\",\"position\":2,\"name\":\"Priv\u00e9\u00a0: Tienda\",\"item\":\"https:\\\/\\\/decoplanta.com\\\/?page_id=377\"},{\"@type\":\"ListItem\",\"position\":3,\"name\":\"CACTO PLANO 20cm\"}]},{\"@type\":\"WebSite\",\"@id\":\"https:\\\/\\\/decoplanta.com\\\/pt-pt\\\/#website\",\"url\":\"https:\\\/\\\/decoplanta.com\\\/pt-pt\\\/\",\"name\":\"Plantas y \u00e1rboles artificiales de Alto Realismo\",\"description\":\"Proveedor de Plantas artificiales para estudios de Arquitectura, Interiorismo, Paisajismo, Escenograf\u00eda, Tiendas de Decoraci\u00f3n Florister\u00edas y Mobiliario\",\"publisher\":{\"@id\":\"https:\\\/\\\/decoplanta.com\\\/pt-pt\\\/#organization\"},\"potentialAction\":[{\"@type\":\"SearchAction\",\"target\":{\"@type\":\"EntryPoint\",\"urlTemplate\":\"https:\\\/\\\/decoplanta.com\\\/pt-pt\\\/?s={search_term_string}\"},\"query-input\":{\"@type\":\"PropertyValueSpecification\",\"valueRequired\":true,\"valueName\":\"search_term_string\"}}],\"inLanguage\":\"pt-PT\"},{\"@type\":\"Organization\",\"@id\":\"https:\\\/\\\/decoplanta.com\\\/pt-pt\\\/#organization\",\"name\":\"Plantas y \u00e1rboles artificiales de Alto Realismo\",\"url\":\"https:\\\/\\\/decoplanta.com\\\/pt-pt\\\/\",\"logo\":{\"@type\":\"ImageObject\",\"inLanguage\":\"pt-PT\",\"@id\":\"https:\\\/\\\/decoplanta.com\\\/pt-pt\\\/#\\\/schema\\\/logo\\\/image\\\/\",\"url\":\"https:\\\/\\\/decoplanta.com\\\/wp-content\\\/uploads\\\/2021\\\/02\\\/decoplanta-logo2020.svg\",\"contentUrl\":\"https:\\\/\\\/decoplanta.com\\\/wp-content\\\/uploads\\\/2021\\\/02\\\/decoplanta-logo2020.svg\",\"width\":500,\"height\":500,\"caption\":\"Plantas y \u00e1rboles artificiales de Alto Realismo\"},\"image\":{\"@id\":\"https:\\\/\\\/decoplanta.com\\\/pt-pt\\\/#\\\/schema\\\/logo\\\/image\\\/\"}}]}<\/script>\n<!-- \/ Yoast SEO plugin. -->","yoast_head_json":{"title":"CACTO PLANO artificial \/ 20cm de altura num Vaso Vintage","description":"CACTO PLANO artificial de 20 cm de altura em vaso de cimento envelhecido. Planta altamente realista e suculenta, decora qualquer interior","robots":{"index":"index","follow":"follow","max-snippet":"max-snippet:-1","max-image-preview":"max-image-preview:large","max-video-preview":"max-video-preview:-1"},"canonical":"https:\/\/decoplanta.com\/pt-pt\/mini-plantas-artificiais-de-interior\/cacto-plano-mini-artificial\/","og_locale":"pt_PT","og_type":"article","og_title":"CACTO PLANO artificial \/ 20cm de altura num Vaso Vintage","og_description":"CACTO PLANO artificial de 20 cm de altura em vaso de cimento envelhecido. Planta altamente realista e suculenta, decora qualquer interior","og_url":"https:\/\/decoplanta.com\/pt-pt\/mini-plantas-artificiais-de-interior\/cacto-plano-mini-artificial\/","og_site_name":"Plantas y \u00e1rboles artificiales de Alto Realismo","article_modified_time":"2023-10-31T08:32:04+00:00","og_image":[{"width":2048,"height":2048,"url":"https:\/\/decoplanta.com\/wp-content\/uploads\/2021\/03\/425430-CACTUS_PLANO-3.jpg","type":"image\/jpeg"}],"twitter_card":"summary_large_image","twitter_misc":{"Tempo estimado de leitura":"2 minutos"},"schema":{"@context":"https:\/\/schema.org","@graph":[{"@type":"WebPage","@id":"https:\/\/decoplanta.com\/pt-pt\/mini-plantas-artificiais-de-interior\/cacto-plano-mini-artificial\/","url":"https:\/\/decoplanta.com\/pt-pt\/mini-plantas-artificiais-de-interior\/cacto-plano-mini-artificial\/","name":"CACTO PLANO artificial \/ 20cm de altura num Vaso Vintage","isPartOf":{"@id":"https:\/\/decoplanta.com\/pt-pt\/#website"},"primaryImageOfPage":{"@id":"https:\/\/decoplanta.com\/pt-pt\/mini-plantas-artificiais-de-interior\/cacto-plano-mini-artificial\/#primaryimage"},"image":{"@id":"https:\/\/decoplanta.com\/pt-pt\/mini-plantas-artificiais-de-interior\/cacto-plano-mini-artificial\/#primaryimage"},"thumbnailUrl":"https:\/\/decoplanta.com\/wp-content\/uploads\/2021\/03\/425430-CACTUS_PLANO-3.jpg","datePublished":"2021-03-21T11:27:24+00:00","dateModified":"2023-10-31T08:32:04+00:00","description":"CACTO PLANO artificial de 20 cm de altura em vaso de cimento envelhecido. Planta altamente realista e suculenta, decora qualquer interior","breadcrumb":{"@id":"https:\/\/decoplanta.com\/pt-pt\/mini-plantas-artificiais-de-interior\/cacto-plano-mini-artificial\/#breadcrumb"},"inLanguage":"pt-PT","potentialAction":[{"@type":"ReadAction","target":["https:\/\/decoplanta.com\/pt-pt\/mini-plantas-artificiais-de-interior\/cacto-plano-mini-artificial\/"]}]},{"@type":"ImageObject","inLanguage":"pt-PT","@id":"https:\/\/decoplanta.com\/pt-pt\/mini-plantas-artificiais-de-interior\/cacto-plano-mini-artificial\/#primaryimage","url":"https:\/\/decoplanta.com\/wp-content\/uploads\/2021\/03\/425430-CACTUS_PLANO-3.jpg","contentUrl":"https:\/\/decoplanta.com\/wp-content\/uploads\/2021\/03\/425430-CACTUS_PLANO-3.jpg","width":2048,"height":2048,"caption":"Cactus Plano Mini de 20 cm de altura"},{"@type":"BreadcrumbList","@id":"https:\/\/decoplanta.com\/pt-pt\/mini-plantas-artificiais-de-interior\/cacto-plano-mini-artificial\/#breadcrumb","itemListElement":[{"@type":"ListItem","position":1,"name":"Portada","item":"https:\/\/decoplanta.com\/pt-pt\/"},{"@type":"ListItem","position":2,"name":"Priv\u00e9\u00a0: Tienda","item":"https:\/\/decoplanta.com\/?page_id=377"},{"@type":"ListItem","position":3,"name":"CACTO PLANO 20cm"}]},{"@type":"WebSite","@id":"https:\/\/decoplanta.com\/pt-pt\/#website","url":"https:\/\/decoplanta.com\/pt-pt\/","name":"Plantas y \u00e1rboles artificiales de Alto Realismo","description":"Proveedor de Plantas artificiales para estudios de Arquitectura, Interiorismo, Paisajismo, Escenograf\u00eda, Tiendas de Decoraci\u00f3n Florister\u00edas y Mobiliario","publisher":{"@id":"https:\/\/decoplanta.com\/pt-pt\/#organization"},"potentialAction":[{"@type":"SearchAction","target":{"@type":"EntryPoint","urlTemplate":"https:\/\/decoplanta.com\/pt-pt\/?s={search_term_string}"},"query-input":{"@type":"PropertyValueSpecification","valueRequired":true,"valueName":"search_term_string"}}],"inLanguage":"pt-PT"},{"@type":"Organization","@id":"https:\/\/decoplanta.com\/pt-pt\/#organization","name":"Plantas y \u00e1rboles artificiales de Alto Realismo","url":"https:\/\/decoplanta.com\/pt-pt\/","logo":{"@type":"ImageObject","inLanguage":"pt-PT","@id":"https:\/\/decoplanta.com\/pt-pt\/#\/schema\/logo\/image\/","url":"https:\/\/decoplanta.com\/wp-content\/uploads\/2021\/02\/decoplanta-logo2020.svg","contentUrl":"https:\/\/decoplanta.com\/wp-content\/uploads\/2021\/02\/decoplanta-logo2020.svg","width":500,"height":500,"caption":"Plantas y \u00e1rboles artificiales de Alto Realismo"},"image":{"@id":"https:\/\/decoplanta.com\/pt-pt\/#\/schema\/logo\/image\/"}}]}},"_links":{"self":[{"href":"https:\/\/decoplanta.com\/pt-pt\/wp-json\/wp\/v2\/product\/4937","targetHints":{"allow":["GET"]}}],"collection":[{"href":"https:\/\/decoplanta.com\/pt-pt\/wp-json\/wp\/v2\/product"}],"about":[{"href":"https:\/\/decoplanta.com\/pt-pt\/wp-json\/wp\/v2\/types\/product"}],"version-history":[{"count":0,"href":"https:\/\/decoplanta.com\/pt-pt\/wp-json\/wp\/v2\/product\/4937\/revisions"}],"wp:featuredmedia":[{"embeddable":true,"href":"https:\/\/decoplanta.com\/pt-pt\/wp-json\/wp\/v2\/media\/5917"}],"wp:attachment":[{"href":"https:\/\/decoplanta.com\/pt-pt\/wp-json\/wp\/v2\/media?parent=4937"}],"wp:term":[{"taxonomy":"product_brand","embeddable":true,"href":"https:\/\/decoplanta.com\/pt-pt\/wp-json\/wp\/v2\/product_brand?post=4937"},{"taxonomy":"product_cat","embeddable":true,"href":"https:\/\/decoplanta.com\/pt-pt\/wp-json\/wp\/v2\/product_cat?post=4937"},{"taxonomy":"product_tag","embeddable":true,"href":"https:\/\/decoplanta.com\/pt-pt\/wp-json\/wp\/v2\/product_tag?post=4937"}],"curies":[{"name":"wp","href":"https:\/\/api.w.org\/{rel}","templated":true}]}}