{"id":4941,"date":"2022-04-22T17:00:28","date_gmt":"2022-09-22T11:29:35","guid":{"rendered":"https:\/\/decoplanta.com\/sem%20categoria\/arvore-colocasia\/"},"modified":"2022-09-22T16:08:11","modified_gmt":"2022-09-22T15:08:11","slug":"arvore-colocasia-artificial-195cm","status":"publish","type":"product","link":"https:\/\/decoplanta.com\/pt-pt\/plantas-de-interior-artificiais\/arvore-colocasia-artificial-195cm\/","title":{"rendered":"\u00c1rvore COLOCASIA"},"content":{"rendered":"<p>\u00c1rvore artificial COLOCASIA incrivelmente realista para decora\u00e7\u00e3o de interiores com um toque <a class=\"waffle-rich-text-link\" href=\"https:\/\/decoplanta.com\/etiqueta-producto\/planta-tropical\/\">tropical<\/a>. Vai adorar t\u00ea-lo em sua casa!<\/p>\n<p>O \u00c1rvore artificial COLOCASIA, comummente chamada taro, pituca ou malanga, \u00e9 uma esp\u00e9cie vegetal da fam\u00edlia das Araceae. Tamb\u00e9m pode ser considerada como uma <a class=\"waffle-rich-text-link\" href=\"https:\/\/decoplanta.com\/etiqueta-producto\/palmera-artificial\/\">palmeira de interior<\/a>. \u00c9 uma planta nativa da \u00cdndia, com folhas grandes, de forma oval e ondulada nas extremidades. Colocasia (g\u00e9nero Colocasia) s\u00e3o plantas muito comuns de \u00e1reas tropicais e subtropicais da \u00c1sia. A flora\u00e7\u00e3o \u00e9 t\u00edpica da araceae, com uma infloresc\u00eancia formada por um espadix e uma esp\u00e1tula.<\/p>\n<h3>O que \u00e9 o spadix e o spathe do \u00c1rvore artificial COLOCASIA?<\/h3>\n<p>Em primeiro lugar, a saliva \u00e9 o espig\u00e3o carnudo com flores sentadas, as f\u00eameas na base e o resto macho. Em segundo lugar, a esp\u00e1tula \u00e9 a br\u00e1ctea colorida t\u00edpica desta fam\u00edlia, que se parece com uma grande p\u00e9tala. A planta artificial <a class=\"waffle-rich-text-link\" href=\"https:\/\/es.wikipedia.org\/wiki\/Colocasia\">colocasia<\/a> tem geralmente um espadix branco e um spathe amarelo, aberto no lado masculino e com uma base verde formando uma bainha que protege as flores femininas. S\u00e3o todas plantas herb\u00e1ceas rizomatosas, com folhas em forma de cora\u00e7\u00e3o muito semelhantes \u00e0s das alocasias, o que tamb\u00e9m lhes d\u00e1 o nome comum de orelhas de elefante. S\u00e3o geralmente plantas pequenas, raramente com mais de um metro de altura.<\/p>\n<p>Normalmente n\u00e3o t\u00eam um caule a\u00e9reo, embora o seu rizoma, em muitas esp\u00e9cies reduzido a um cormo, por vezes emerge acima do solo. O que muitas vezes parece ser um caule \u00e9 na realidade o pseudostem formado pelas bainhas das folhas. Para reproduzirem, utilizam as sementes, estol\u00f5es e bolhas que aparecem presas ao rizoma. Em termos de colora\u00e7\u00e3o, as esp\u00e9cies selvagens s\u00e3o geralmente de cor escura ou verde claro, com veios muito marcados. Mas existem todos os tipos de cultivares de diferentes cores, que veremos mais adiante. As folhas t\u00eam geralmente um pec\u00edolo mais ou menos vertical e uma l\u00e2mina com a ponta a apontar para baixo.<\/p>\n<p>Conhe\u00e7a-a e desfrute dela na sua sala de estar tropical!<\/p>\n","protected":false},"excerpt":{"rendered":"<p>\u00c1rvore COLOC\u00c1SIA de 195 cm. Realismo incr\u00edvel para a decora\u00e7\u00e3o de interiores, com belos detalhes em diferentes cores nas folhas. Plantador b\u00e1sico inclu\u00eddo.<\/p>\n<table>\n<tbody>\n<tr>\n<td><strong>REF<\/strong><\/td>\n<td>Altura<\/td>\n<\/tr>\n<tr>\n<td><strong>428458<\/strong><\/td>\n<td>195 cm<\/td>\n<\/tr>\n<\/tbody>\n<\/table>\n","protected":false},"featured_media":4713,"template":"","meta":{"_monsterinsights_skip_tracking":false,"_monsterinsights_sitenote_active":false,"_monsterinsights_sitenote_note":"","_monsterinsights_sitenote_category":0},"product_brand":[],"product_cat":[395],"product_tag":[400,422],"class_list":{"0":"post-4941","1":"product","2":"type-product","3":"status-publish","4":"has-post-thumbnail","6":"product_cat-plantas-de-interior-artificiais","7":"product_tag-arvore-de-interior","8":"product_tag-planta-tropical","9":"","10":"woocommerce-text-align-center","11":"woocommerce-image-align-center","12":"do-quantity-buttons","14":"first","15":"instock","16":"taxable","17":"shipping-taxable","18":"purchasable","19":"product-type-simple"},"yoast_head":"<!-- This site is optimized with the Yoast SEO plugin v27.4 - https:\/\/yoast.com\/product\/yoast-seo-wordpress\/ -->\n<title>\u00c1rvore artificial COLOCASIA alto realismo para decora\u00e7\u00e3o tropical<\/title>\n<meta name=\"description\" content=\"\u00c1rvore artificial COLOCASIA - Realismo incr\u00edvel para decora\u00e7\u00e3o de interiores, com belos detalhes em diferentes cores nas folhas.\" \/>\n<meta name=\"robots\" content=\"index, follow, max-snippet:-1, max-image-preview:large, max-video-preview:-1\" \/>\n<link rel=\"canonical\" href=\"https:\/\/decoplanta.com\/pt-pt\/plantas-de-interior-artificiais\/arvore-colocasia-artificial-195cm\/\" \/>\n<meta property=\"og:locale\" content=\"pt_PT\" \/>\n<meta property=\"og:type\" content=\"article\" \/>\n<meta property=\"og:title\" content=\"\u00c1rvore artificial COLOCASIA alto realismo para decora\u00e7\u00e3o tropical\" \/>\n<meta property=\"og:description\" content=\"\u00c1rvore artificial COLOCASIA - Realismo incr\u00edvel para decora\u00e7\u00e3o de interiores, com belos detalhes em diferentes cores nas folhas.\" \/>\n<meta property=\"og:url\" content=\"https:\/\/decoplanta.com\/pt-pt\/plantas-de-interior-artificiais\/arvore-colocasia-artificial-195cm\/\" \/>\n<meta property=\"og:site_name\" content=\"Plantas y \u00e1rboles artificiales de Alto Realismo\" \/>\n<meta property=\"article:modified_time\" content=\"2022-09-22T15:08:11+00:00\" \/>\n<meta property=\"og:image\" content=\"https:\/\/decoplanta.com\/wp-content\/uploads\/2022\/04\/428458-arbol_COLOCASIA-195cm-2.jpg\" \/>\n\t<meta property=\"og:image:width\" content=\"2500\" \/>\n\t<meta property=\"og:image:height\" content=\"2500\" \/>\n\t<meta property=\"og:image:type\" content=\"image\/jpeg\" \/>\n<meta name=\"twitter:card\" content=\"summary_large_image\" \/>\n<meta name=\"twitter:label1\" content=\"Tempo estimado de leitura\" \/>\n\t<meta name=\"twitter:data1\" content=\"2 minutos\" \/>\n<script type=\"application\/ld+json\" class=\"yoast-schema-graph\">{\"@context\":\"https:\\\/\\\/schema.org\",\"@graph\":[{\"@type\":\"WebPage\",\"@id\":\"https:\\\/\\\/decoplanta.com\\\/pt-pt\\\/plantas-de-interior-artificiais\\\/arvore-colocasia-artificial-195cm\\\/\",\"url\":\"https:\\\/\\\/decoplanta.com\\\/pt-pt\\\/plantas-de-interior-artificiais\\\/arvore-colocasia-artificial-195cm\\\/\",\"name\":\"\u00c1rvore artificial COLOCASIA alto realismo para decora\u00e7\u00e3o tropical\",\"isPartOf\":{\"@id\":\"https:\\\/\\\/decoplanta.com\\\/pt-pt\\\/#website\"},\"primaryImageOfPage\":{\"@id\":\"https:\\\/\\\/decoplanta.com\\\/pt-pt\\\/plantas-de-interior-artificiais\\\/arvore-colocasia-artificial-195cm\\\/#primaryimage\"},\"image\":{\"@id\":\"https:\\\/\\\/decoplanta.com\\\/pt-pt\\\/plantas-de-interior-artificiais\\\/arvore-colocasia-artificial-195cm\\\/#primaryimage\"},\"thumbnailUrl\":\"https:\\\/\\\/decoplanta.com\\\/wp-content\\\/uploads\\\/2022\\\/04\\\/428458-arbol_COLOCASIA-195cm-2.jpg\",\"datePublished\":\"2022-09-22T11:29:35+00:00\",\"dateModified\":\"2022-09-22T15:08:11+00:00\",\"description\":\"\u00c1rvore artificial COLOCASIA - Realismo incr\u00edvel para decora\u00e7\u00e3o de interiores, com belos detalhes em diferentes cores nas folhas.\",\"breadcrumb\":{\"@id\":\"https:\\\/\\\/decoplanta.com\\\/pt-pt\\\/plantas-de-interior-artificiais\\\/arvore-colocasia-artificial-195cm\\\/#breadcrumb\"},\"inLanguage\":\"pt-PT\",\"potentialAction\":[{\"@type\":\"ReadAction\",\"target\":[\"https:\\\/\\\/decoplanta.com\\\/pt-pt\\\/plantas-de-interior-artificiais\\\/arvore-colocasia-artificial-195cm\\\/\"]}]},{\"@type\":\"ImageObject\",\"inLanguage\":\"pt-PT\",\"@id\":\"https:\\\/\\\/decoplanta.com\\\/pt-pt\\\/plantas-de-interior-artificiais\\\/arvore-colocasia-artificial-195cm\\\/#primaryimage\",\"url\":\"https:\\\/\\\/decoplanta.com\\\/wp-content\\\/uploads\\\/2022\\\/04\\\/428458-arbol_COLOCASIA-195cm-2.jpg\",\"contentUrl\":\"https:\\\/\\\/decoplanta.com\\\/wp-content\\\/uploads\\\/2022\\\/04\\\/428458-arbol_COLOCASIA-195cm-2.jpg\",\"width\":2500,\"height\":2500,\"caption\":\"\u00c1rvore artificial COLOCASIA\"},{\"@type\":\"BreadcrumbList\",\"@id\":\"https:\\\/\\\/decoplanta.com\\\/pt-pt\\\/plantas-de-interior-artificiais\\\/arvore-colocasia-artificial-195cm\\\/#breadcrumb\",\"itemListElement\":[{\"@type\":\"ListItem\",\"position\":1,\"name\":\"Portada\",\"item\":\"https:\\\/\\\/decoplanta.com\\\/pt-pt\\\/\"},{\"@type\":\"ListItem\",\"position\":2,\"name\":\"Priv\u00e9\u00a0: Tienda\",\"item\":\"https:\\\/\\\/decoplanta.com\\\/?page_id=377\"},{\"@type\":\"ListItem\",\"position\":3,\"name\":\"\u00c1rvore COLOCASIA\"}]},{\"@type\":\"WebSite\",\"@id\":\"https:\\\/\\\/decoplanta.com\\\/pt-pt\\\/#website\",\"url\":\"https:\\\/\\\/decoplanta.com\\\/pt-pt\\\/\",\"name\":\"Plantas y \u00e1rboles artificiales de Alto Realismo\",\"description\":\"Proveedor de Plantas artificiales para estudios de Arquitectura, Interiorismo, Paisajismo, Escenograf\u00eda, Tiendas de Decoraci\u00f3n Florister\u00edas y Mobiliario\",\"publisher\":{\"@id\":\"https:\\\/\\\/decoplanta.com\\\/pt-pt\\\/#organization\"},\"potentialAction\":[{\"@type\":\"SearchAction\",\"target\":{\"@type\":\"EntryPoint\",\"urlTemplate\":\"https:\\\/\\\/decoplanta.com\\\/pt-pt\\\/?s={search_term_string}\"},\"query-input\":{\"@type\":\"PropertyValueSpecification\",\"valueRequired\":true,\"valueName\":\"search_term_string\"}}],\"inLanguage\":\"pt-PT\"},{\"@type\":\"Organization\",\"@id\":\"https:\\\/\\\/decoplanta.com\\\/pt-pt\\\/#organization\",\"name\":\"Plantas y \u00e1rboles artificiales de Alto Realismo\",\"url\":\"https:\\\/\\\/decoplanta.com\\\/pt-pt\\\/\",\"logo\":{\"@type\":\"ImageObject\",\"inLanguage\":\"pt-PT\",\"@id\":\"https:\\\/\\\/decoplanta.com\\\/pt-pt\\\/#\\\/schema\\\/logo\\\/image\\\/\",\"url\":\"https:\\\/\\\/decoplanta.com\\\/wp-content\\\/uploads\\\/2021\\\/02\\\/decoplanta-logo2020.svg\",\"contentUrl\":\"https:\\\/\\\/decoplanta.com\\\/wp-content\\\/uploads\\\/2021\\\/02\\\/decoplanta-logo2020.svg\",\"width\":500,\"height\":500,\"caption\":\"Plantas y \u00e1rboles artificiales de Alto Realismo\"},\"image\":{\"@id\":\"https:\\\/\\\/decoplanta.com\\\/pt-pt\\\/#\\\/schema\\\/logo\\\/image\\\/\"}}]}<\/script>\n<!-- \/ Yoast SEO plugin. -->","yoast_head_json":{"title":"\u00c1rvore artificial COLOCASIA alto realismo para decora\u00e7\u00e3o tropical","description":"\u00c1rvore artificial COLOCASIA - Realismo incr\u00edvel para decora\u00e7\u00e3o de interiores, com belos detalhes em diferentes cores nas folhas.","robots":{"index":"index","follow":"follow","max-snippet":"max-snippet:-1","max-image-preview":"max-image-preview:large","max-video-preview":"max-video-preview:-1"},"canonical":"https:\/\/decoplanta.com\/pt-pt\/plantas-de-interior-artificiais\/arvore-colocasia-artificial-195cm\/","og_locale":"pt_PT","og_type":"article","og_title":"\u00c1rvore artificial COLOCASIA alto realismo para decora\u00e7\u00e3o tropical","og_description":"\u00c1rvore artificial COLOCASIA - Realismo incr\u00edvel para decora\u00e7\u00e3o de interiores, com belos detalhes em diferentes cores nas folhas.","og_url":"https:\/\/decoplanta.com\/pt-pt\/plantas-de-interior-artificiais\/arvore-colocasia-artificial-195cm\/","og_site_name":"Plantas y \u00e1rboles artificiales de Alto Realismo","article_modified_time":"2022-09-22T15:08:11+00:00","og_image":[{"width":2500,"height":2500,"url":"https:\/\/decoplanta.com\/wp-content\/uploads\/2022\/04\/428458-arbol_COLOCASIA-195cm-2.jpg","type":"image\/jpeg"}],"twitter_card":"summary_large_image","twitter_misc":{"Tempo estimado de leitura":"2 minutos"},"schema":{"@context":"https:\/\/schema.org","@graph":[{"@type":"WebPage","@id":"https:\/\/decoplanta.com\/pt-pt\/plantas-de-interior-artificiais\/arvore-colocasia-artificial-195cm\/","url":"https:\/\/decoplanta.com\/pt-pt\/plantas-de-interior-artificiais\/arvore-colocasia-artificial-195cm\/","name":"\u00c1rvore artificial COLOCASIA alto realismo para decora\u00e7\u00e3o tropical","isPartOf":{"@id":"https:\/\/decoplanta.com\/pt-pt\/#website"},"primaryImageOfPage":{"@id":"https:\/\/decoplanta.com\/pt-pt\/plantas-de-interior-artificiais\/arvore-colocasia-artificial-195cm\/#primaryimage"},"image":{"@id":"https:\/\/decoplanta.com\/pt-pt\/plantas-de-interior-artificiais\/arvore-colocasia-artificial-195cm\/#primaryimage"},"thumbnailUrl":"https:\/\/decoplanta.com\/wp-content\/uploads\/2022\/04\/428458-arbol_COLOCASIA-195cm-2.jpg","datePublished":"2022-09-22T11:29:35+00:00","dateModified":"2022-09-22T15:08:11+00:00","description":"\u00c1rvore artificial COLOCASIA - Realismo incr\u00edvel para decora\u00e7\u00e3o de interiores, com belos detalhes em diferentes cores nas folhas.","breadcrumb":{"@id":"https:\/\/decoplanta.com\/pt-pt\/plantas-de-interior-artificiais\/arvore-colocasia-artificial-195cm\/#breadcrumb"},"inLanguage":"pt-PT","potentialAction":[{"@type":"ReadAction","target":["https:\/\/decoplanta.com\/pt-pt\/plantas-de-interior-artificiais\/arvore-colocasia-artificial-195cm\/"]}]},{"@type":"ImageObject","inLanguage":"pt-PT","@id":"https:\/\/decoplanta.com\/pt-pt\/plantas-de-interior-artificiais\/arvore-colocasia-artificial-195cm\/#primaryimage","url":"https:\/\/decoplanta.com\/wp-content\/uploads\/2022\/04\/428458-arbol_COLOCASIA-195cm-2.jpg","contentUrl":"https:\/\/decoplanta.com\/wp-content\/uploads\/2022\/04\/428458-arbol_COLOCASIA-195cm-2.jpg","width":2500,"height":2500,"caption":"\u00c1rvore artificial COLOCASIA"},{"@type":"BreadcrumbList","@id":"https:\/\/decoplanta.com\/pt-pt\/plantas-de-interior-artificiais\/arvore-colocasia-artificial-195cm\/#breadcrumb","itemListElement":[{"@type":"ListItem","position":1,"name":"Portada","item":"https:\/\/decoplanta.com\/pt-pt\/"},{"@type":"ListItem","position":2,"name":"Priv\u00e9\u00a0: Tienda","item":"https:\/\/decoplanta.com\/?page_id=377"},{"@type":"ListItem","position":3,"name":"\u00c1rvore COLOCASIA"}]},{"@type":"WebSite","@id":"https:\/\/decoplanta.com\/pt-pt\/#website","url":"https:\/\/decoplanta.com\/pt-pt\/","name":"Plantas y \u00e1rboles artificiales de Alto Realismo","description":"Proveedor de Plantas artificiales para estudios de Arquitectura, Interiorismo, Paisajismo, Escenograf\u00eda, Tiendas de Decoraci\u00f3n Florister\u00edas y Mobiliario","publisher":{"@id":"https:\/\/decoplanta.com\/pt-pt\/#organization"},"potentialAction":[{"@type":"SearchAction","target":{"@type":"EntryPoint","urlTemplate":"https:\/\/decoplanta.com\/pt-pt\/?s={search_term_string}"},"query-input":{"@type":"PropertyValueSpecification","valueRequired":true,"valueName":"search_term_string"}}],"inLanguage":"pt-PT"},{"@type":"Organization","@id":"https:\/\/decoplanta.com\/pt-pt\/#organization","name":"Plantas y \u00e1rboles artificiales de Alto Realismo","url":"https:\/\/decoplanta.com\/pt-pt\/","logo":{"@type":"ImageObject","inLanguage":"pt-PT","@id":"https:\/\/decoplanta.com\/pt-pt\/#\/schema\/logo\/image\/","url":"https:\/\/decoplanta.com\/wp-content\/uploads\/2021\/02\/decoplanta-logo2020.svg","contentUrl":"https:\/\/decoplanta.com\/wp-content\/uploads\/2021\/02\/decoplanta-logo2020.svg","width":500,"height":500,"caption":"Plantas y \u00e1rboles artificiales de Alto Realismo"},"image":{"@id":"https:\/\/decoplanta.com\/pt-pt\/#\/schema\/logo\/image\/"}}]}},"_links":{"self":[{"href":"https:\/\/decoplanta.com\/pt-pt\/wp-json\/wp\/v2\/product\/4941","targetHints":{"allow":["GET"]}}],"collection":[{"href":"https:\/\/decoplanta.com\/pt-pt\/wp-json\/wp\/v2\/product"}],"about":[{"href":"https:\/\/decoplanta.com\/pt-pt\/wp-json\/wp\/v2\/types\/product"}],"version-history":[{"count":0,"href":"https:\/\/decoplanta.com\/pt-pt\/wp-json\/wp\/v2\/product\/4941\/revisions"}],"wp:featuredmedia":[{"embeddable":true,"href":"https:\/\/decoplanta.com\/pt-pt\/wp-json\/wp\/v2\/media\/4713"}],"wp:attachment":[{"href":"https:\/\/decoplanta.com\/pt-pt\/wp-json\/wp\/v2\/media?parent=4941"}],"wp:term":[{"taxonomy":"product_brand","embeddable":true,"href":"https:\/\/decoplanta.com\/pt-pt\/wp-json\/wp\/v2\/product_brand?post=4941"},{"taxonomy":"product_cat","embeddable":true,"href":"https:\/\/decoplanta.com\/pt-pt\/wp-json\/wp\/v2\/product_cat?post=4941"},{"taxonomy":"product_tag","embeddable":true,"href":"https:\/\/decoplanta.com\/pt-pt\/wp-json\/wp\/v2\/product_tag?post=4941"}],"curies":[{"name":"wp","href":"https:\/\/api.w.org\/{rel}","templated":true}]}}