{"id":4942,"date":"2022-04-22T17:00:42","date_gmt":"2022-09-22T11:29:36","guid":{"rendered":"https:\/\/decoplanta.com\/sem%20categoria\/arvore-eucalipto\/"},"modified":"2022-09-22T16:11:19","modified_gmt":"2022-09-22T15:11:19","slug":"arvore-eucalipto-artificial","status":"publish","type":"product","link":"https:\/\/decoplanta.com\/pt-pt\/plantas-de-interior-artificiais\/arvore-eucalipto-artificial\/","title":{"rendered":"\u00c1rvore EUCALIPTO"},"content":{"rendered":"<p>\u00c1rvore artificial EUCALIPTO para decora\u00e7\u00e3o de <a class=\"waffle-rich-text-link\" href=\"https:\/\/decoplanta.com\/plantas-de-interior-artificiales\/\">interiores<\/a>, n\u00e3o ter\u00e1 de se preocupar com os seus cuidados. Esta bela \u00e1rvore de origem australiana \u00e9 muito elegante com as suas folhas redondas densas e o seu tronco natural.<\/p>\n<p>Esta \u00e1rvore artificial ir\u00e1 complementar perfeitamente uma decora\u00e7\u00e3o em tons brancos e dar\u00e1 um grande brilho. \u00c9 livre de manuten\u00e7\u00e3o, pelo que n\u00e3o tem de se preocupar em reg\u00e1-lo. Est\u00e1 dispon\u00edvel em duas alturas, 120 cm e 180 cm. Plantador b\u00e1sico inclu\u00eddo. Esta \u00e1rvore artificial de eucalipto \u00e9 elegante e muito realista, bem como um detalhe moderno para a sua casa. Pode coloc\u00e1-lo em qualquer lugar dentro de casa ou num vaso de acordo com o seu estilo e poder\u00e1 desfrutar desta planta durante muito tempo. \u00c9 tamb\u00e9m bastante f\u00e1cil de manter, pois esta planta n\u00e3o necessita de \u00e1gua nem de cuidados. A planta do eucalipto \u00e9 geralmente uma \u00e1rvore de grande porte, atingindo alturas superiores a 30 metros na natureza.<\/p>\n<p>O eucalipto (Eucalyptus) geralmente n\u00e3o cresce mais de 1 m em quartos e pode ser cultivado como um arbusto ou como uma \u00e1rvore. \u00c9 elegante com rebentos rectos e folhas verdes e prateadas arredondadas.<\/p>\n<h3>A beleza da \u00e1rvore do eucalipto<\/h3>\n<p>Por outro lado, n\u00e3o se encontra entre os representantes das con\u00edferas e plantas de bons\u00e1i de interior, mais raro e mais valioso do que o eucalipto. \u00c9 uma verdadeira j\u00f3ia com uma coroa e folhas \u00fanicas. Al\u00e9m disso, o eucalipto \u00e9 uma planta luxuosa, elegante e nobre. Tem um tronco grosso, com casca lisa verde e acinzentada, e folhas que s\u00e3o prateadas quando jovens mas assumem uma tonalidade azul quando o esp\u00e9cime \u00e9 adulto. <a class=\"waffle-rich-text-link\" href=\"https:\/\/es.wikipedia.org\/wiki\/Eucalyptus\">O eucalipto<\/a> tem uma folhagem jovem, tanto em termos de cor como de forma. As folhas arredondadas s\u00e3o muito decorativas e s\u00e3o utilizadas em bouquets e outras composi\u00e7\u00f5es ornamentais. \u00c9 livre de manuten\u00e7\u00e3o, pelo que n\u00e3o tem de se preocupar em reg\u00e1-lo.<\/p>\n","protected":false},"excerpt":{"rendered":"<p>\u00c1rvore EUCALIPTO artificial com tronco sint\u00e9tico de alta defini\u00e7\u00e3o. Realismo incr\u00edvel para a decora\u00e7\u00e3o de interiores. \u00c9 elegante com rebentos rectos e folhas verdes e prateadas arredondadas, com folhagem jovem, devido \u00e0 tonalidade das suas folhas e \u00e0 sua forma. Plantador b\u00e1sico inclu\u00eddo. Dispon\u00edvel em duas alturas.<\/p>\n<table>\n<tbody>\n<tr>\n<td><strong>REF<\/strong><\/td>\n<td>Altura<\/td>\n<\/tr>\n<tr>\n<td><strong>425688<\/strong><\/td>\n<td>120 cm<\/td>\n<\/tr>\n<tr>\n<td><strong>425690<\/strong><\/td>\n<td>180 cm<\/td>\n<\/tr>\n<\/tbody>\n<\/table>\n","protected":false},"featured_media":4710,"template":"","meta":{"_monsterinsights_skip_tracking":false,"_monsterinsights_sitenote_active":false,"_monsterinsights_sitenote_note":"","_monsterinsights_sitenote_category":0},"product_brand":[],"product_cat":[395],"product_tag":[400],"class_list":{"0":"post-4942","1":"product","2":"type-product","3":"status-publish","4":"has-post-thumbnail","6":"product_cat-plantas-de-interior-artificiais","7":"product_tag-arvore-de-interior","8":"","9":"woocommerce-text-align-center","10":"woocommerce-image-align-center","11":"do-quantity-buttons","12":"wc-has-gallery","14":"first","15":"instock","16":"taxable","17":"shipping-taxable","18":"purchasable","19":"product-type-variable","20":"has-default-attributes"},"yoast_head":"<!-- This site is optimized with the Yoast SEO plugin v27.4 - https:\/\/yoast.com\/product\/yoast-seo-wordpress\/ -->\n<title>\u00c1rvore artificial EUCALIPTO para decora\u00e7\u00e3o Grande realismo<\/title>\n<meta name=\"description\" content=\"\u00c1rvore artificial EUCALIPTO altamente realista com tronco natural. Bonito para decorar interiores com eleg\u00e2ncia. N\u00e3o requere manuten\u00e7\u00e3o\" \/>\n<meta name=\"robots\" content=\"index, follow, max-snippet:-1, max-image-preview:large, max-video-preview:-1\" \/>\n<link rel=\"canonical\" href=\"https:\/\/decoplanta.com\/pt-pt\/plantas-de-interior-artificiais\/arvore-eucalipto-artificial\/\" \/>\n<meta property=\"og:locale\" content=\"pt_PT\" \/>\n<meta property=\"og:type\" content=\"article\" \/>\n<meta property=\"og:title\" content=\"\u00c1rvore artificial EUCALIPTO para decora\u00e7\u00e3o Grande realismo\" \/>\n<meta property=\"og:description\" content=\"\u00c1rvore artificial EUCALIPTO altamente realista com tronco natural. Bonito para decorar interiores com eleg\u00e2ncia. N\u00e3o requere manuten\u00e7\u00e3o\" \/>\n<meta property=\"og:url\" content=\"https:\/\/decoplanta.com\/pt-pt\/plantas-de-interior-artificiais\/arvore-eucalipto-artificial\/\" \/>\n<meta property=\"og:site_name\" content=\"Plantas y \u00e1rboles artificiales de Alto Realismo\" \/>\n<meta property=\"article:modified_time\" content=\"2022-09-22T15:11:19+00:00\" \/>\n<meta property=\"og:image\" content=\"https:\/\/decoplanta.com\/wp-content\/uploads\/2022\/04\/425690-arbol_EUCALYPTUS-180cm-2.jpg\" \/>\n\t<meta property=\"og:image:width\" content=\"2360\" \/>\n\t<meta property=\"og:image:height\" content=\"2360\" \/>\n\t<meta property=\"og:image:type\" content=\"image\/jpeg\" \/>\n<meta name=\"twitter:card\" content=\"summary_large_image\" \/>\n<meta name=\"twitter:label1\" content=\"Tempo estimado de leitura\" \/>\n\t<meta name=\"twitter:data1\" content=\"2 minutos\" \/>\n<script type=\"application\/ld+json\" class=\"yoast-schema-graph\">{\"@context\":\"https:\\\/\\\/schema.org\",\"@graph\":[{\"@type\":\"WebPage\",\"@id\":\"https:\\\/\\\/decoplanta.com\\\/pt-pt\\\/plantas-de-interior-artificiais\\\/arvore-eucalipto-artificial\\\/\",\"url\":\"https:\\\/\\\/decoplanta.com\\\/pt-pt\\\/plantas-de-interior-artificiais\\\/arvore-eucalipto-artificial\\\/\",\"name\":\"\u00c1rvore artificial EUCALIPTO para decora\u00e7\u00e3o Grande realismo\",\"isPartOf\":{\"@id\":\"https:\\\/\\\/decoplanta.com\\\/pt-pt\\\/#website\"},\"primaryImageOfPage\":{\"@id\":\"https:\\\/\\\/decoplanta.com\\\/pt-pt\\\/plantas-de-interior-artificiais\\\/arvore-eucalipto-artificial\\\/#primaryimage\"},\"image\":{\"@id\":\"https:\\\/\\\/decoplanta.com\\\/pt-pt\\\/plantas-de-interior-artificiais\\\/arvore-eucalipto-artificial\\\/#primaryimage\"},\"thumbnailUrl\":\"https:\\\/\\\/decoplanta.com\\\/wp-content\\\/uploads\\\/2022\\\/04\\\/425690-arbol_EUCALYPTUS-180cm-2.jpg\",\"datePublished\":\"2022-09-22T11:29:36+00:00\",\"dateModified\":\"2022-09-22T15:11:19+00:00\",\"description\":\"\u00c1rvore artificial EUCALIPTO altamente realista com tronco natural. Bonito para decorar interiores com eleg\u00e2ncia. N\u00e3o requere manuten\u00e7\u00e3o\",\"breadcrumb\":{\"@id\":\"https:\\\/\\\/decoplanta.com\\\/pt-pt\\\/plantas-de-interior-artificiais\\\/arvore-eucalipto-artificial\\\/#breadcrumb\"},\"inLanguage\":\"pt-PT\",\"potentialAction\":[{\"@type\":\"ReadAction\",\"target\":[\"https:\\\/\\\/decoplanta.com\\\/pt-pt\\\/plantas-de-interior-artificiais\\\/arvore-eucalipto-artificial\\\/\"]}]},{\"@type\":\"ImageObject\",\"inLanguage\":\"pt-PT\",\"@id\":\"https:\\\/\\\/decoplanta.com\\\/pt-pt\\\/plantas-de-interior-artificiais\\\/arvore-eucalipto-artificial\\\/#primaryimage\",\"url\":\"https:\\\/\\\/decoplanta.com\\\/wp-content\\\/uploads\\\/2022\\\/04\\\/425690-arbol_EUCALYPTUS-180cm-2.jpg\",\"contentUrl\":\"https:\\\/\\\/decoplanta.com\\\/wp-content\\\/uploads\\\/2022\\\/04\\\/425690-arbol_EUCALYPTUS-180cm-2.jpg\",\"width\":2360,\"height\":2360,\"caption\":\"\u00c1rvore artificial EUCALIPTO para decora\u00e7\u00e3o de interiores\"},{\"@type\":\"BreadcrumbList\",\"@id\":\"https:\\\/\\\/decoplanta.com\\\/pt-pt\\\/plantas-de-interior-artificiais\\\/arvore-eucalipto-artificial\\\/#breadcrumb\",\"itemListElement\":[{\"@type\":\"ListItem\",\"position\":1,\"name\":\"Portada\",\"item\":\"https:\\\/\\\/decoplanta.com\\\/pt-pt\\\/\"},{\"@type\":\"ListItem\",\"position\":2,\"name\":\"Priv\u00e9\u00a0: Tienda\",\"item\":\"https:\\\/\\\/decoplanta.com\\\/?page_id=377\"},{\"@type\":\"ListItem\",\"position\":3,\"name\":\"\u00c1rvore EUCALIPTO\"}]},{\"@type\":\"WebSite\",\"@id\":\"https:\\\/\\\/decoplanta.com\\\/pt-pt\\\/#website\",\"url\":\"https:\\\/\\\/decoplanta.com\\\/pt-pt\\\/\",\"name\":\"Plantas y \u00e1rboles artificiales de Alto Realismo\",\"description\":\"Proveedor de Plantas artificiales para estudios de Arquitectura, Interiorismo, Paisajismo, Escenograf\u00eda, Tiendas de Decoraci\u00f3n Florister\u00edas y Mobiliario\",\"publisher\":{\"@id\":\"https:\\\/\\\/decoplanta.com\\\/pt-pt\\\/#organization\"},\"potentialAction\":[{\"@type\":\"SearchAction\",\"target\":{\"@type\":\"EntryPoint\",\"urlTemplate\":\"https:\\\/\\\/decoplanta.com\\\/pt-pt\\\/?s={search_term_string}\"},\"query-input\":{\"@type\":\"PropertyValueSpecification\",\"valueRequired\":true,\"valueName\":\"search_term_string\"}}],\"inLanguage\":\"pt-PT\"},{\"@type\":\"Organization\",\"@id\":\"https:\\\/\\\/decoplanta.com\\\/pt-pt\\\/#organization\",\"name\":\"Plantas y \u00e1rboles artificiales de Alto Realismo\",\"url\":\"https:\\\/\\\/decoplanta.com\\\/pt-pt\\\/\",\"logo\":{\"@type\":\"ImageObject\",\"inLanguage\":\"pt-PT\",\"@id\":\"https:\\\/\\\/decoplanta.com\\\/pt-pt\\\/#\\\/schema\\\/logo\\\/image\\\/\",\"url\":\"https:\\\/\\\/decoplanta.com\\\/wp-content\\\/uploads\\\/2021\\\/02\\\/decoplanta-logo2020.svg\",\"contentUrl\":\"https:\\\/\\\/decoplanta.com\\\/wp-content\\\/uploads\\\/2021\\\/02\\\/decoplanta-logo2020.svg\",\"width\":500,\"height\":500,\"caption\":\"Plantas y \u00e1rboles artificiales de Alto Realismo\"},\"image\":{\"@id\":\"https:\\\/\\\/decoplanta.com\\\/pt-pt\\\/#\\\/schema\\\/logo\\\/image\\\/\"}}]}<\/script>\n<!-- \/ Yoast SEO plugin. -->","yoast_head_json":{"title":"\u00c1rvore artificial EUCALIPTO para decora\u00e7\u00e3o Grande realismo","description":"\u00c1rvore artificial EUCALIPTO altamente realista com tronco natural. Bonito para decorar interiores com eleg\u00e2ncia. N\u00e3o requere manuten\u00e7\u00e3o","robots":{"index":"index","follow":"follow","max-snippet":"max-snippet:-1","max-image-preview":"max-image-preview:large","max-video-preview":"max-video-preview:-1"},"canonical":"https:\/\/decoplanta.com\/pt-pt\/plantas-de-interior-artificiais\/arvore-eucalipto-artificial\/","og_locale":"pt_PT","og_type":"article","og_title":"\u00c1rvore artificial EUCALIPTO para decora\u00e7\u00e3o Grande realismo","og_description":"\u00c1rvore artificial EUCALIPTO altamente realista com tronco natural. Bonito para decorar interiores com eleg\u00e2ncia. N\u00e3o requere manuten\u00e7\u00e3o","og_url":"https:\/\/decoplanta.com\/pt-pt\/plantas-de-interior-artificiais\/arvore-eucalipto-artificial\/","og_site_name":"Plantas y \u00e1rboles artificiales de Alto Realismo","article_modified_time":"2022-09-22T15:11:19+00:00","og_image":[{"width":2360,"height":2360,"url":"https:\/\/decoplanta.com\/wp-content\/uploads\/2022\/04\/425690-arbol_EUCALYPTUS-180cm-2.jpg","type":"image\/jpeg"}],"twitter_card":"summary_large_image","twitter_misc":{"Tempo estimado de leitura":"2 minutos"},"schema":{"@context":"https:\/\/schema.org","@graph":[{"@type":"WebPage","@id":"https:\/\/decoplanta.com\/pt-pt\/plantas-de-interior-artificiais\/arvore-eucalipto-artificial\/","url":"https:\/\/decoplanta.com\/pt-pt\/plantas-de-interior-artificiais\/arvore-eucalipto-artificial\/","name":"\u00c1rvore artificial EUCALIPTO para decora\u00e7\u00e3o Grande realismo","isPartOf":{"@id":"https:\/\/decoplanta.com\/pt-pt\/#website"},"primaryImageOfPage":{"@id":"https:\/\/decoplanta.com\/pt-pt\/plantas-de-interior-artificiais\/arvore-eucalipto-artificial\/#primaryimage"},"image":{"@id":"https:\/\/decoplanta.com\/pt-pt\/plantas-de-interior-artificiais\/arvore-eucalipto-artificial\/#primaryimage"},"thumbnailUrl":"https:\/\/decoplanta.com\/wp-content\/uploads\/2022\/04\/425690-arbol_EUCALYPTUS-180cm-2.jpg","datePublished":"2022-09-22T11:29:36+00:00","dateModified":"2022-09-22T15:11:19+00:00","description":"\u00c1rvore artificial EUCALIPTO altamente realista com tronco natural. Bonito para decorar interiores com eleg\u00e2ncia. N\u00e3o requere manuten\u00e7\u00e3o","breadcrumb":{"@id":"https:\/\/decoplanta.com\/pt-pt\/plantas-de-interior-artificiais\/arvore-eucalipto-artificial\/#breadcrumb"},"inLanguage":"pt-PT","potentialAction":[{"@type":"ReadAction","target":["https:\/\/decoplanta.com\/pt-pt\/plantas-de-interior-artificiais\/arvore-eucalipto-artificial\/"]}]},{"@type":"ImageObject","inLanguage":"pt-PT","@id":"https:\/\/decoplanta.com\/pt-pt\/plantas-de-interior-artificiais\/arvore-eucalipto-artificial\/#primaryimage","url":"https:\/\/decoplanta.com\/wp-content\/uploads\/2022\/04\/425690-arbol_EUCALYPTUS-180cm-2.jpg","contentUrl":"https:\/\/decoplanta.com\/wp-content\/uploads\/2022\/04\/425690-arbol_EUCALYPTUS-180cm-2.jpg","width":2360,"height":2360,"caption":"\u00c1rvore artificial EUCALIPTO para decora\u00e7\u00e3o de interiores"},{"@type":"BreadcrumbList","@id":"https:\/\/decoplanta.com\/pt-pt\/plantas-de-interior-artificiais\/arvore-eucalipto-artificial\/#breadcrumb","itemListElement":[{"@type":"ListItem","position":1,"name":"Portada","item":"https:\/\/decoplanta.com\/pt-pt\/"},{"@type":"ListItem","position":2,"name":"Priv\u00e9\u00a0: Tienda","item":"https:\/\/decoplanta.com\/?page_id=377"},{"@type":"ListItem","position":3,"name":"\u00c1rvore EUCALIPTO"}]},{"@type":"WebSite","@id":"https:\/\/decoplanta.com\/pt-pt\/#website","url":"https:\/\/decoplanta.com\/pt-pt\/","name":"Plantas y \u00e1rboles artificiales de Alto Realismo","description":"Proveedor de Plantas artificiales para estudios de Arquitectura, Interiorismo, Paisajismo, Escenograf\u00eda, Tiendas de Decoraci\u00f3n Florister\u00edas y Mobiliario","publisher":{"@id":"https:\/\/decoplanta.com\/pt-pt\/#organization"},"potentialAction":[{"@type":"SearchAction","target":{"@type":"EntryPoint","urlTemplate":"https:\/\/decoplanta.com\/pt-pt\/?s={search_term_string}"},"query-input":{"@type":"PropertyValueSpecification","valueRequired":true,"valueName":"search_term_string"}}],"inLanguage":"pt-PT"},{"@type":"Organization","@id":"https:\/\/decoplanta.com\/pt-pt\/#organization","name":"Plantas y \u00e1rboles artificiales de Alto Realismo","url":"https:\/\/decoplanta.com\/pt-pt\/","logo":{"@type":"ImageObject","inLanguage":"pt-PT","@id":"https:\/\/decoplanta.com\/pt-pt\/#\/schema\/logo\/image\/","url":"https:\/\/decoplanta.com\/wp-content\/uploads\/2021\/02\/decoplanta-logo2020.svg","contentUrl":"https:\/\/decoplanta.com\/wp-content\/uploads\/2021\/02\/decoplanta-logo2020.svg","width":500,"height":500,"caption":"Plantas y \u00e1rboles artificiales de Alto Realismo"},"image":{"@id":"https:\/\/decoplanta.com\/pt-pt\/#\/schema\/logo\/image\/"}}]}},"_links":{"self":[{"href":"https:\/\/decoplanta.com\/pt-pt\/wp-json\/wp\/v2\/product\/4942","targetHints":{"allow":["GET"]}}],"collection":[{"href":"https:\/\/decoplanta.com\/pt-pt\/wp-json\/wp\/v2\/product"}],"about":[{"href":"https:\/\/decoplanta.com\/pt-pt\/wp-json\/wp\/v2\/types\/product"}],"version-history":[{"count":0,"href":"https:\/\/decoplanta.com\/pt-pt\/wp-json\/wp\/v2\/product\/4942\/revisions"}],"wp:featuredmedia":[{"embeddable":true,"href":"https:\/\/decoplanta.com\/pt-pt\/wp-json\/wp\/v2\/media\/4710"}],"wp:attachment":[{"href":"https:\/\/decoplanta.com\/pt-pt\/wp-json\/wp\/v2\/media?parent=4942"}],"wp:term":[{"taxonomy":"product_brand","embeddable":true,"href":"https:\/\/decoplanta.com\/pt-pt\/wp-json\/wp\/v2\/product_brand?post=4942"},{"taxonomy":"product_cat","embeddable":true,"href":"https:\/\/decoplanta.com\/pt-pt\/wp-json\/wp\/v2\/product_cat?post=4942"},{"taxonomy":"product_tag","embeddable":true,"href":"https:\/\/decoplanta.com\/pt-pt\/wp-json\/wp\/v2\/product_tag?post=4942"}],"curies":[{"name":"wp","href":"https:\/\/api.w.org\/{rel}","templated":true}]}}