{"id":4949,"date":"2022-04-22T17:00:12","date_gmt":"2022-09-22T11:29:38","guid":{"rendered":"https:\/\/decoplanta.com\/sem%20categoria\/arvore-strelitzia-nicolai\/"},"modified":"2022-09-22T16:03:48","modified_gmt":"2022-09-22T15:03:48","slug":"arvore-strelitzia-nicolai-artificial","status":"publish","type":"product","link":"https:\/\/decoplanta.com\/pt-pt\/plantas-de-interior-artificiais\/arvore-strelitzia-nicolai-artificial\/","title":{"rendered":"\u00c1rvore STRELITZIA NICOLAI"},"content":{"rendered":"<p>\u00c1rvore artificial STRELITZIA NICOLAI de alto valor ornamental. \u00c1rvore STRELITZIA NICOLAI artificial de incr\u00edvel realismo para decora\u00e7\u00e3o de interiores.<\/p>\n<p>O \u00c1rvore artificial STRELITZIA NICOLAI \u00e9 muito semelhante \u00e0 planta da bananeira e pertence ao mesmo g\u00e9nero que a chamada Ave do Para\u00edso. \u00c9 frequentemente utilizada na decora\u00e7\u00e3o de jardins e parques pela sua beleza ornamental. Strelitzia nicolai \u00e9 uma planta <a class=\"waffle-rich-text-link\" href=\"https:\/\/es.wikipedia.org\/wiki\/Angiospermae\">angiosperm\u00edfera<\/a> t\u00edpica das zonas <a class=\"waffle-rich-text-link\" href=\"https:\/\/decoplanta.com\/etiqueta-producto\/planta-tropical\/\">tropicais<\/a> e subtropicais, pertencente \u00e0 fam\u00edlia <a class=\"waffle-rich-text-link\" href=\"https:\/\/es.wikipedia.org\/wiki\/Strelitziaceae\">Strelitziaceae<\/a>. \u00c9 tamb\u00e9m utilizado em jardinagem como um \u00fanico esp\u00e9cime ou para formar grupos. Tamb\u00e9m pode ser plantado em vasos para p\u00e1tios, terra\u00e7os e varandas.<\/p>\n<p>Strelitzia \u00e9 sem d\u00favida uma das plantas mais ex\u00f3ticas que existem. \u00c9 uma planta f\u00e1cil de cuidar e de crescimento r\u00e1pido. Gra\u00e7as ao seu tamanho e estatura, com folhas grandes e ovais, tornou-se uma planta dom\u00e9stica altamente desej\u00e1vel. At\u00e9 d\u00e1 um aspecto tropical de que tanto gostamos. A forma particular das flores significa que, em condi\u00e7\u00f5es naturais, a poliniza\u00e7\u00e3o \u00e9 realizada por beija-flores.<\/p>\n<p>O nome do g\u00e9nero \u00e9 dedicado a Charlotte de Mecklembourg-Strelitz, esposa de George III de Inglaterra. Tem folhas em forma de feixe com longos pec\u00edolos, de cor verde-azulada, mais de 30 cm de comprimento e mais de 12 cm de largura. Br\u00e1cteas roxas, em forma de barbilh\u00e3o com flores brancas ou azuis no interior. T\u00eam tamb\u00e9m um sistema radicular composto por ra\u00edzes rizomatosas, que, al\u00e9m da sua fun\u00e7\u00e3o de sustento, s\u00e3o uma reserva alimentar. Mas a mais conhecida de todas \u00e9 a Strelitzia reginae ou ave do para\u00edso, que se destaca pelas suas enormes folhas e flores alaranjadas. Strelitzia augusta, por outro lado, tem uma bela tonalidade branca.<\/p>\n<h3>Quando \u00e9 que o \u00c1rvore artificial STRELITZIA NICOLAI floresce?<\/h3>\n<p>No Ver\u00e3o. As suas flores abrem em forma de leque, entre 20 e 30 cm, e assumem geralmente uma forma semelhante \u00e0 de uma ave ex\u00f3tica ou tropical, raz\u00e3o pela qual s\u00e3o conhecidas como a ave do para\u00edso. Em vasos e dentro de casa, as hip\u00f3teses de flora\u00e7\u00e3o s\u00e3o reduzidas. Uma vez terminada a flora\u00e7\u00e3o, d\u00e3o lugar a c\u00e1psulas de sementes. Plantador b\u00e1sico inclu\u00eddo.<\/p>\n","protected":false},"excerpt":{"rendered":"<p>O \u00c1rvore STRELITZIA NICOLAI artificial, uma planta muito semelhante \u00e0 bananeira e pertence ao mesmo g\u00e9nero que a chamada Ave do Para\u00edso. Realismo incr\u00edvel para a decora\u00e7\u00e3o de interiores. Plantador b\u00e1sico inclu\u00eddo. Dispon\u00edvel em duas alturas.<\/p>\n<table>\n<tbody>\n<tr>\n<td><strong>REF<\/strong><\/td>\n<td>Altura<\/td>\n<td>N\u00ba FOLHAS<\/td>\n<\/tr>\n<tr>\n<td><strong>426413<\/strong><\/td>\n<td>150 cm<\/td>\n<td>13<\/td>\n<\/tr>\n<tr>\n<td><strong>426414<\/strong><\/td>\n<td>180 cm<\/td>\n<td>13<\/td>\n<\/tr>\n<\/tbody>\n<\/table>\n","protected":false},"featured_media":4712,"template":"","meta":{"_monsterinsights_skip_tracking":false,"_monsterinsights_sitenote_active":false,"_monsterinsights_sitenote_note":"","_monsterinsights_sitenote_category":0},"product_brand":[],"product_cat":[395],"product_tag":[422],"class_list":{"0":"post-4949","1":"product","2":"type-product","3":"status-publish","4":"has-post-thumbnail","6":"product_cat-plantas-de-interior-artificiais","7":"product_tag-planta-tropical","8":"","9":"woocommerce-text-align-center","10":"woocommerce-image-align-center","11":"do-quantity-buttons","12":"wc-has-gallery","14":"first","15":"instock","16":"taxable","17":"shipping-taxable","18":"purchasable","19":"product-type-variable","20":"has-default-attributes"},"yoast_head":"<!-- This site is optimized with the Yoast SEO plugin v27.4 - https:\/\/yoast.com\/product\/yoast-seo-wordpress\/ -->\n<title>\u00c1rvore artificial STRELITZIA NICOLAI - Realismo tropical interior<\/title>\n<meta name=\"description\" content=\"\u00c1rvore artificial STRELITZIA NICOLAI de incr\u00edvel realismo para decora\u00e7\u00e3o de interiores em estilo tropical. Dispon\u00edvel em 150 e 180 cm de altura.\" \/>\n<meta name=\"robots\" content=\"index, follow, max-snippet:-1, max-image-preview:large, max-video-preview:-1\" \/>\n<link rel=\"canonical\" href=\"https:\/\/decoplanta.com\/pt-pt\/plantas-de-interior-artificiais\/arvore-strelitzia-nicolai-artificial\/\" \/>\n<meta property=\"og:locale\" content=\"pt_PT\" \/>\n<meta property=\"og:type\" content=\"article\" \/>\n<meta property=\"og:title\" content=\"\u00c1rvore artificial STRELITZIA NICOLAI - Realismo tropical interior\" \/>\n<meta property=\"og:description\" content=\"\u00c1rvore artificial STRELITZIA NICOLAI de incr\u00edvel realismo para decora\u00e7\u00e3o de interiores em estilo tropical. Dispon\u00edvel em 150 e 180 cm de altura.\" \/>\n<meta property=\"og:url\" content=\"https:\/\/decoplanta.com\/pt-pt\/plantas-de-interior-artificiais\/arvore-strelitzia-nicolai-artificial\/\" \/>\n<meta property=\"og:site_name\" content=\"Plantas y \u00e1rboles artificiales de Alto Realismo\" \/>\n<meta property=\"article:modified_time\" content=\"2022-09-22T15:03:48+00:00\" \/>\n<meta property=\"og:image\" content=\"https:\/\/decoplanta.com\/wp-content\/uploads\/2022\/04\/426414-arbol-STRELITZIA_NICOLAI-180cm-2.jpg\" \/>\n\t<meta property=\"og:image:width\" content=\"2230\" \/>\n\t<meta property=\"og:image:height\" content=\"2230\" \/>\n\t<meta property=\"og:image:type\" content=\"image\/jpeg\" \/>\n<meta name=\"twitter:card\" content=\"summary_large_image\" \/>\n<meta name=\"twitter:label1\" content=\"Tempo estimado de leitura\" \/>\n\t<meta name=\"twitter:data1\" content=\"2 minutos\" \/>\n<script type=\"application\/ld+json\" class=\"yoast-schema-graph\">{\"@context\":\"https:\\\/\\\/schema.org\",\"@graph\":[{\"@type\":\"WebPage\",\"@id\":\"https:\\\/\\\/decoplanta.com\\\/pt-pt\\\/plantas-de-interior-artificiais\\\/arvore-strelitzia-nicolai-artificial\\\/\",\"url\":\"https:\\\/\\\/decoplanta.com\\\/pt-pt\\\/plantas-de-interior-artificiais\\\/arvore-strelitzia-nicolai-artificial\\\/\",\"name\":\"\u00c1rvore artificial STRELITZIA NICOLAI - Realismo tropical interior\",\"isPartOf\":{\"@id\":\"https:\\\/\\\/decoplanta.com\\\/pt-pt\\\/#website\"},\"primaryImageOfPage\":{\"@id\":\"https:\\\/\\\/decoplanta.com\\\/pt-pt\\\/plantas-de-interior-artificiais\\\/arvore-strelitzia-nicolai-artificial\\\/#primaryimage\"},\"image\":{\"@id\":\"https:\\\/\\\/decoplanta.com\\\/pt-pt\\\/plantas-de-interior-artificiais\\\/arvore-strelitzia-nicolai-artificial\\\/#primaryimage\"},\"thumbnailUrl\":\"https:\\\/\\\/decoplanta.com\\\/wp-content\\\/uploads\\\/2022\\\/04\\\/426414-arbol-STRELITZIA_NICOLAI-180cm-2.jpg\",\"datePublished\":\"2022-09-22T11:29:38+00:00\",\"dateModified\":\"2022-09-22T15:03:48+00:00\",\"description\":\"\u00c1rvore artificial STRELITZIA NICOLAI de incr\u00edvel realismo para decora\u00e7\u00e3o de interiores em estilo tropical. Dispon\u00edvel em 150 e 180 cm de altura.\",\"breadcrumb\":{\"@id\":\"https:\\\/\\\/decoplanta.com\\\/pt-pt\\\/plantas-de-interior-artificiais\\\/arvore-strelitzia-nicolai-artificial\\\/#breadcrumb\"},\"inLanguage\":\"pt-PT\",\"potentialAction\":[{\"@type\":\"ReadAction\",\"target\":[\"https:\\\/\\\/decoplanta.com\\\/pt-pt\\\/plantas-de-interior-artificiais\\\/arvore-strelitzia-nicolai-artificial\\\/\"]}]},{\"@type\":\"ImageObject\",\"inLanguage\":\"pt-PT\",\"@id\":\"https:\\\/\\\/decoplanta.com\\\/pt-pt\\\/plantas-de-interior-artificiais\\\/arvore-strelitzia-nicolai-artificial\\\/#primaryimage\",\"url\":\"https:\\\/\\\/decoplanta.com\\\/wp-content\\\/uploads\\\/2022\\\/04\\\/426414-arbol-STRELITZIA_NICOLAI-180cm-2.jpg\",\"contentUrl\":\"https:\\\/\\\/decoplanta.com\\\/wp-content\\\/uploads\\\/2022\\\/04\\\/426414-arbol-STRELITZIA_NICOLAI-180cm-2.jpg\",\"width\":2230,\"height\":2230,\"caption\":\"\u00c1rvore STRELITZIA NICOLAI artificial\"},{\"@type\":\"BreadcrumbList\",\"@id\":\"https:\\\/\\\/decoplanta.com\\\/pt-pt\\\/plantas-de-interior-artificiais\\\/arvore-strelitzia-nicolai-artificial\\\/#breadcrumb\",\"itemListElement\":[{\"@type\":\"ListItem\",\"position\":1,\"name\":\"Portada\",\"item\":\"https:\\\/\\\/decoplanta.com\\\/pt-pt\\\/\"},{\"@type\":\"ListItem\",\"position\":2,\"name\":\"Priv\u00e9\u00a0: Tienda\",\"item\":\"https:\\\/\\\/decoplanta.com\\\/?page_id=377\"},{\"@type\":\"ListItem\",\"position\":3,\"name\":\"\u00c1rvore STRELITZIA NICOLAI\"}]},{\"@type\":\"WebSite\",\"@id\":\"https:\\\/\\\/decoplanta.com\\\/pt-pt\\\/#website\",\"url\":\"https:\\\/\\\/decoplanta.com\\\/pt-pt\\\/\",\"name\":\"Plantas y \u00e1rboles artificiales de Alto Realismo\",\"description\":\"Proveedor de Plantas artificiales para estudios de Arquitectura, Interiorismo, Paisajismo, Escenograf\u00eda, Tiendas de Decoraci\u00f3n Florister\u00edas y Mobiliario\",\"publisher\":{\"@id\":\"https:\\\/\\\/decoplanta.com\\\/pt-pt\\\/#organization\"},\"potentialAction\":[{\"@type\":\"SearchAction\",\"target\":{\"@type\":\"EntryPoint\",\"urlTemplate\":\"https:\\\/\\\/decoplanta.com\\\/pt-pt\\\/?s={search_term_string}\"},\"query-input\":{\"@type\":\"PropertyValueSpecification\",\"valueRequired\":true,\"valueName\":\"search_term_string\"}}],\"inLanguage\":\"pt-PT\"},{\"@type\":\"Organization\",\"@id\":\"https:\\\/\\\/decoplanta.com\\\/pt-pt\\\/#organization\",\"name\":\"Plantas y \u00e1rboles artificiales de Alto Realismo\",\"url\":\"https:\\\/\\\/decoplanta.com\\\/pt-pt\\\/\",\"logo\":{\"@type\":\"ImageObject\",\"inLanguage\":\"pt-PT\",\"@id\":\"https:\\\/\\\/decoplanta.com\\\/pt-pt\\\/#\\\/schema\\\/logo\\\/image\\\/\",\"url\":\"https:\\\/\\\/decoplanta.com\\\/wp-content\\\/uploads\\\/2021\\\/02\\\/decoplanta-logo2020.svg\",\"contentUrl\":\"https:\\\/\\\/decoplanta.com\\\/wp-content\\\/uploads\\\/2021\\\/02\\\/decoplanta-logo2020.svg\",\"width\":500,\"height\":500,\"caption\":\"Plantas y \u00e1rboles artificiales de Alto Realismo\"},\"image\":{\"@id\":\"https:\\\/\\\/decoplanta.com\\\/pt-pt\\\/#\\\/schema\\\/logo\\\/image\\\/\"}}]}<\/script>\n<!-- \/ Yoast SEO plugin. -->","yoast_head_json":{"title":"\u00c1rvore artificial STRELITZIA NICOLAI - Realismo tropical interior","description":"\u00c1rvore artificial STRELITZIA NICOLAI de incr\u00edvel realismo para decora\u00e7\u00e3o de interiores em estilo tropical. Dispon\u00edvel em 150 e 180 cm de altura.","robots":{"index":"index","follow":"follow","max-snippet":"max-snippet:-1","max-image-preview":"max-image-preview:large","max-video-preview":"max-video-preview:-1"},"canonical":"https:\/\/decoplanta.com\/pt-pt\/plantas-de-interior-artificiais\/arvore-strelitzia-nicolai-artificial\/","og_locale":"pt_PT","og_type":"article","og_title":"\u00c1rvore artificial STRELITZIA NICOLAI - Realismo tropical interior","og_description":"\u00c1rvore artificial STRELITZIA NICOLAI de incr\u00edvel realismo para decora\u00e7\u00e3o de interiores em estilo tropical. Dispon\u00edvel em 150 e 180 cm de altura.","og_url":"https:\/\/decoplanta.com\/pt-pt\/plantas-de-interior-artificiais\/arvore-strelitzia-nicolai-artificial\/","og_site_name":"Plantas y \u00e1rboles artificiales de Alto Realismo","article_modified_time":"2022-09-22T15:03:48+00:00","og_image":[{"width":2230,"height":2230,"url":"https:\/\/decoplanta.com\/wp-content\/uploads\/2022\/04\/426414-arbol-STRELITZIA_NICOLAI-180cm-2.jpg","type":"image\/jpeg"}],"twitter_card":"summary_large_image","twitter_misc":{"Tempo estimado de leitura":"2 minutos"},"schema":{"@context":"https:\/\/schema.org","@graph":[{"@type":"WebPage","@id":"https:\/\/decoplanta.com\/pt-pt\/plantas-de-interior-artificiais\/arvore-strelitzia-nicolai-artificial\/","url":"https:\/\/decoplanta.com\/pt-pt\/plantas-de-interior-artificiais\/arvore-strelitzia-nicolai-artificial\/","name":"\u00c1rvore artificial STRELITZIA NICOLAI - Realismo tropical interior","isPartOf":{"@id":"https:\/\/decoplanta.com\/pt-pt\/#website"},"primaryImageOfPage":{"@id":"https:\/\/decoplanta.com\/pt-pt\/plantas-de-interior-artificiais\/arvore-strelitzia-nicolai-artificial\/#primaryimage"},"image":{"@id":"https:\/\/decoplanta.com\/pt-pt\/plantas-de-interior-artificiais\/arvore-strelitzia-nicolai-artificial\/#primaryimage"},"thumbnailUrl":"https:\/\/decoplanta.com\/wp-content\/uploads\/2022\/04\/426414-arbol-STRELITZIA_NICOLAI-180cm-2.jpg","datePublished":"2022-09-22T11:29:38+00:00","dateModified":"2022-09-22T15:03:48+00:00","description":"\u00c1rvore artificial STRELITZIA NICOLAI de incr\u00edvel realismo para decora\u00e7\u00e3o de interiores em estilo tropical. Dispon\u00edvel em 150 e 180 cm de altura.","breadcrumb":{"@id":"https:\/\/decoplanta.com\/pt-pt\/plantas-de-interior-artificiais\/arvore-strelitzia-nicolai-artificial\/#breadcrumb"},"inLanguage":"pt-PT","potentialAction":[{"@type":"ReadAction","target":["https:\/\/decoplanta.com\/pt-pt\/plantas-de-interior-artificiais\/arvore-strelitzia-nicolai-artificial\/"]}]},{"@type":"ImageObject","inLanguage":"pt-PT","@id":"https:\/\/decoplanta.com\/pt-pt\/plantas-de-interior-artificiais\/arvore-strelitzia-nicolai-artificial\/#primaryimage","url":"https:\/\/decoplanta.com\/wp-content\/uploads\/2022\/04\/426414-arbol-STRELITZIA_NICOLAI-180cm-2.jpg","contentUrl":"https:\/\/decoplanta.com\/wp-content\/uploads\/2022\/04\/426414-arbol-STRELITZIA_NICOLAI-180cm-2.jpg","width":2230,"height":2230,"caption":"\u00c1rvore STRELITZIA NICOLAI artificial"},{"@type":"BreadcrumbList","@id":"https:\/\/decoplanta.com\/pt-pt\/plantas-de-interior-artificiais\/arvore-strelitzia-nicolai-artificial\/#breadcrumb","itemListElement":[{"@type":"ListItem","position":1,"name":"Portada","item":"https:\/\/decoplanta.com\/pt-pt\/"},{"@type":"ListItem","position":2,"name":"Priv\u00e9\u00a0: Tienda","item":"https:\/\/decoplanta.com\/?page_id=377"},{"@type":"ListItem","position":3,"name":"\u00c1rvore STRELITZIA NICOLAI"}]},{"@type":"WebSite","@id":"https:\/\/decoplanta.com\/pt-pt\/#website","url":"https:\/\/decoplanta.com\/pt-pt\/","name":"Plantas y \u00e1rboles artificiales de Alto Realismo","description":"Proveedor de Plantas artificiales para estudios de Arquitectura, Interiorismo, Paisajismo, Escenograf\u00eda, Tiendas de Decoraci\u00f3n Florister\u00edas y Mobiliario","publisher":{"@id":"https:\/\/decoplanta.com\/pt-pt\/#organization"},"potentialAction":[{"@type":"SearchAction","target":{"@type":"EntryPoint","urlTemplate":"https:\/\/decoplanta.com\/pt-pt\/?s={search_term_string}"},"query-input":{"@type":"PropertyValueSpecification","valueRequired":true,"valueName":"search_term_string"}}],"inLanguage":"pt-PT"},{"@type":"Organization","@id":"https:\/\/decoplanta.com\/pt-pt\/#organization","name":"Plantas y \u00e1rboles artificiales de Alto Realismo","url":"https:\/\/decoplanta.com\/pt-pt\/","logo":{"@type":"ImageObject","inLanguage":"pt-PT","@id":"https:\/\/decoplanta.com\/pt-pt\/#\/schema\/logo\/image\/","url":"https:\/\/decoplanta.com\/wp-content\/uploads\/2021\/02\/decoplanta-logo2020.svg","contentUrl":"https:\/\/decoplanta.com\/wp-content\/uploads\/2021\/02\/decoplanta-logo2020.svg","width":500,"height":500,"caption":"Plantas y \u00e1rboles artificiales de Alto Realismo"},"image":{"@id":"https:\/\/decoplanta.com\/pt-pt\/#\/schema\/logo\/image\/"}}]}},"_links":{"self":[{"href":"https:\/\/decoplanta.com\/pt-pt\/wp-json\/wp\/v2\/product\/4949","targetHints":{"allow":["GET"]}}],"collection":[{"href":"https:\/\/decoplanta.com\/pt-pt\/wp-json\/wp\/v2\/product"}],"about":[{"href":"https:\/\/decoplanta.com\/pt-pt\/wp-json\/wp\/v2\/types\/product"}],"version-history":[{"count":0,"href":"https:\/\/decoplanta.com\/pt-pt\/wp-json\/wp\/v2\/product\/4949\/revisions"}],"wp:featuredmedia":[{"embeddable":true,"href":"https:\/\/decoplanta.com\/pt-pt\/wp-json\/wp\/v2\/media\/4712"}],"wp:attachment":[{"href":"https:\/\/decoplanta.com\/pt-pt\/wp-json\/wp\/v2\/media?parent=4949"}],"wp:term":[{"taxonomy":"product_brand","embeddable":true,"href":"https:\/\/decoplanta.com\/pt-pt\/wp-json\/wp\/v2\/product_brand?post=4949"},{"taxonomy":"product_cat","embeddable":true,"href":"https:\/\/decoplanta.com\/pt-pt\/wp-json\/wp\/v2\/product_cat?post=4949"},{"taxonomy":"product_tag","embeddable":true,"href":"https:\/\/decoplanta.com\/pt-pt\/wp-json\/wp\/v2\/product_tag?post=4949"}],"curies":[{"name":"wp","href":"https:\/\/api.w.org\/{rel}","templated":true}]}}