{"id":5003,"date":"2022-06-15T16:29:45","date_gmt":"2022-09-23T08:09:47","guid":{"rendered":"https:\/\/decoplanta.com\/sem%20categoria\/folhas-de-videira\/"},"modified":"2023-11-02T11:08:17","modified_gmt":"2023-11-02T10:08:17","slug":"folhas-de-videira-artificiais-65cm","status":"publish","type":"product","link":"https:\/\/decoplanta.com\/pt-pt\/flores-e-vegetacao\/folhas-de-videira-artificiais-65cm\/","title":{"rendered":"Folhas de VIDEIRA"},"content":{"rendered":"<p>Folhas de VIDEIRA artificiais, com 90 cm de altura, para plantar em espuma floral ou terra. Trata-se de uma reprodu\u00e7\u00e3o exacta da videira, caracterizado pelas suas folhas de cor laranja.<\/p>\n<p>Este ramo do Folhas de VIDEIRA artificiais dificilmente difere visualmente do seu modelo natural. Excelentemente reproduzido e de muito boa qualidade. O ramo decorativo mant\u00e9m a sua forma e cor durante muitos anos. As Folhas de VIDEIRA artificiais \u00e9 adequado como decora\u00e7\u00e3o para o seu neg\u00f3cio, bem como numa casa.<\/p>\n<p>As cores intensas das folhas de aproximadamente 6 cm de largura s\u00e3o inspiradas pela videira. Feitos de tecido de alta qualidade, s\u00e3o id\u00eanticos na cor, forma, tamanho da folha e estampagem aos seus verdadeiros prot\u00f3tipos. Maple \u00e9 um g\u00e9nero da <a class=\"waffle-rich-text-link\" href=\"https:\/\/es.wikipedia.org\/wiki\/Familia_(biolog%C3%ADa)\">fam\u00edlia<\/a> <a class=\"waffle-rich-text-link\" href=\"https:\/\/es.wikipedia.org\/wiki\/Sapind%C3%A1ceas\">sapindaceae<\/a>. S\u00e3o geralmente conhecidos como maples, com cerca de 160 <a class=\"waffle-rich-text-link\" href=\"https:\/\/es.wikipedia.org\/wiki\/Especies\">esp\u00e9cies<\/a> aceites de entre quase 700 descritas.<\/p>\n<h2>Qual \u00e9 a diferen\u00e7a entre Folhas de VIDEIRA artificiais?<\/h2>\n<p>As videiras s\u00e3o facilmente distingu\u00edveis pelas suas folhas, embora tamb\u00e9m ocorram pinha\u00e7os compostos, pinha\u00e7os privados e pinha\u00e7os n\u00e3o-lobrados. As flores s\u00e3o regulares, pentamerosas e aparecem em cachos, corymbs ou umbelicais. Os seus frutos distintos nascem em pares conjuntos, chamados c\u00e2maras. \u00c0 medida que os frutos caem, eles giram ao vento, espalhando as sementes. Como resultado, s\u00e3o frequentemente referidas como &#8220;\u00e1rvores de helic\u00f3pteros&#8221;. As folhas da maioria das esp\u00e9cies s\u00e3o palm\u00e1ceas, venadas e lobadas. Com 3 a 9 veias cada uma orientada para um l\u00f3bulo, uma das quais \u00e9 a central.<\/p>\n<h3>V\u00e1rias esp\u00e9cies s\u00e3o trifoliadas<\/h3>\n<p>Acer griseum, Acer mandshuricum, Acer maximowiczianum e Acer triflorum. Acer negundo tem folhas compostas de pinnate, que podem ser simplesmente trifoliadas ou com 5 a 7 folhetos. Finalmente, Acer carpinifolium tem folhas simples de pinnate e veias que lembram os vigamentos de chifres. As ma\u00e7\u00e3s s\u00e3o amplamente cultivadas como ornamentais, para fazer xaropes e como madeira de constru\u00e7\u00e3o. Algumas esp\u00e9cies apresentam uma folhagem de Outono colorida. <a class=\"waffle-rich-text-link\" href=\"https:\/\/decoplanta.com\/pincha-y-decora\/\">Planta e decore<\/a> os seus plantadores com as nossas espectaculares plantas artificiais de incr\u00edvel realismo.<\/p>\n","protected":false},"excerpt":{"rendered":"<p>Folhas de VIDEIRA artificiais, 65 cm de altura, para plantar em espuma floral ou terra. As cores variadas das folhas imitam perfeitamente as da videira. N\u00e3o requer manuten\u00e7\u00e3o.<\/p>\n<p>Pre\u00e7o por unidade no nosso cat\u00e1logo.<\/p>\n<table>\n<tbody>\n<tr>\n<td><strong>REF<\/strong><\/td>\n<td>Altura<\/td>\n<\/tr>\n<tr>\n<td><strong>421571<\/strong><\/td>\n<td>65 cm<\/td>\n<\/tr>\n<\/tbody>\n<\/table>\n","protected":false},"featured_media":4731,"template":"","meta":{"_monsterinsights_skip_tracking":false,"_monsterinsights_sitenote_active":false,"_monsterinsights_sitenote_note":"","_monsterinsights_sitenote_category":0},"product_brand":[],"product_cat":[398],"product_tag":[400,406],"class_list":{"0":"post-5003","1":"product","2":"type-product","3":"status-publish","4":"has-post-thumbnail","6":"product_cat-flores-e-vegetacao","7":"product_tag-arvore-de-interior","8":"product_tag-centro-de-mesa","9":"","10":"woocommerce-text-align-center","11":"woocommerce-image-align-center","12":"do-quantity-buttons","14":"first","15":"instock","16":"taxable","17":"shipping-taxable","18":"purchasable","19":"product-type-simple"},"yoast_head":"<!-- This site is optimized with the Yoast SEO plugin v27.4 - https:\/\/yoast.com\/product\/yoast-seo-wordpress\/ -->\n<title>Folhas de VIDEIRA artificiais - Para Decora\u00e7\u00e3o de Interiores<\/title>\n<meta name=\"description\" content=\"Folhas de VIDEIRA artificiais com 65 cm de altura. Reprodu\u00e7\u00e3o exacta do ramo da videira. Alto realismo para a decora\u00e7\u00e3o em interior\" \/>\n<meta name=\"robots\" content=\"index, follow, max-snippet:-1, max-image-preview:large, max-video-preview:-1\" \/>\n<link rel=\"canonical\" href=\"https:\/\/decoplanta.com\/pt-pt\/flores-e-vegetacao\/folhas-de-videira-artificiais-65cm\/\" \/>\n<meta property=\"og:locale\" content=\"pt_PT\" \/>\n<meta property=\"og:type\" content=\"article\" \/>\n<meta property=\"og:title\" content=\"Folhas de VIDEIRA artificiais - Para Decora\u00e7\u00e3o de Interiores\" \/>\n<meta property=\"og:description\" content=\"Folhas de VIDEIRA artificiais com 65 cm de altura. Reprodu\u00e7\u00e3o exacta do ramo da videira. Alto realismo para a decora\u00e7\u00e3o em interior\" \/>\n<meta property=\"og:url\" content=\"https:\/\/decoplanta.com\/pt-pt\/flores-e-vegetacao\/folhas-de-videira-artificiais-65cm\/\" \/>\n<meta property=\"og:site_name\" content=\"Plantas y \u00e1rboles artificiales de Alto Realismo\" \/>\n<meta property=\"article:modified_time\" content=\"2023-11-02T10:08:17+00:00\" \/>\n<meta property=\"og:image\" content=\"https:\/\/decoplanta.com\/wp-content\/uploads\/2022\/06\/421571-Hojas-de-uva.jpg\" \/>\n\t<meta property=\"og:image:width\" content=\"1500\" \/>\n\t<meta property=\"og:image:height\" content=\"1500\" \/>\n\t<meta property=\"og:image:type\" content=\"image\/jpeg\" \/>\n<meta name=\"twitter:card\" content=\"summary_large_image\" \/>\n<meta name=\"twitter:label1\" content=\"Tempo estimado de leitura\" \/>\n\t<meta name=\"twitter:data1\" content=\"2 minutos\" \/>\n<script type=\"application\/ld+json\" class=\"yoast-schema-graph\">{\"@context\":\"https:\\\/\\\/schema.org\",\"@graph\":[{\"@type\":\"WebPage\",\"@id\":\"https:\\\/\\\/decoplanta.com\\\/pt-pt\\\/flores-e-vegetacao\\\/folhas-de-videira-artificiais-65cm\\\/\",\"url\":\"https:\\\/\\\/decoplanta.com\\\/pt-pt\\\/flores-e-vegetacao\\\/folhas-de-videira-artificiais-65cm\\\/\",\"name\":\"Folhas de VIDEIRA artificiais - Para Decora\u00e7\u00e3o de Interiores\",\"isPartOf\":{\"@id\":\"https:\\\/\\\/decoplanta.com\\\/pt-pt\\\/#website\"},\"primaryImageOfPage\":{\"@id\":\"https:\\\/\\\/decoplanta.com\\\/pt-pt\\\/flores-e-vegetacao\\\/folhas-de-videira-artificiais-65cm\\\/#primaryimage\"},\"image\":{\"@id\":\"https:\\\/\\\/decoplanta.com\\\/pt-pt\\\/flores-e-vegetacao\\\/folhas-de-videira-artificiais-65cm\\\/#primaryimage\"},\"thumbnailUrl\":\"https:\\\/\\\/decoplanta.com\\\/wp-content\\\/uploads\\\/2022\\\/06\\\/421571-Hojas-de-uva.jpg\",\"datePublished\":\"2022-09-23T08:09:47+00:00\",\"dateModified\":\"2023-11-02T10:08:17+00:00\",\"description\":\"Folhas de VIDEIRA artificiais com 65 cm de altura. Reprodu\u00e7\u00e3o exacta do ramo da videira. Alto realismo para a decora\u00e7\u00e3o em interior\",\"breadcrumb\":{\"@id\":\"https:\\\/\\\/decoplanta.com\\\/pt-pt\\\/flores-e-vegetacao\\\/folhas-de-videira-artificiais-65cm\\\/#breadcrumb\"},\"inLanguage\":\"pt-PT\",\"potentialAction\":[{\"@type\":\"ReadAction\",\"target\":[\"https:\\\/\\\/decoplanta.com\\\/pt-pt\\\/flores-e-vegetacao\\\/folhas-de-videira-artificiais-65cm\\\/\"]}]},{\"@type\":\"ImageObject\",\"inLanguage\":\"pt-PT\",\"@id\":\"https:\\\/\\\/decoplanta.com\\\/pt-pt\\\/flores-e-vegetacao\\\/folhas-de-videira-artificiais-65cm\\\/#primaryimage\",\"url\":\"https:\\\/\\\/decoplanta.com\\\/wp-content\\\/uploads\\\/2022\\\/06\\\/421571-Hojas-de-uva.jpg\",\"contentUrl\":\"https:\\\/\\\/decoplanta.com\\\/wp-content\\\/uploads\\\/2022\\\/06\\\/421571-Hojas-de-uva.jpg\",\"width\":1500,\"height\":1500,\"caption\":\"Folhas de VIDEIRA artificiais, com 90 cm de altura, para plantar em espuma floral ou terra\"},{\"@type\":\"BreadcrumbList\",\"@id\":\"https:\\\/\\\/decoplanta.com\\\/pt-pt\\\/flores-e-vegetacao\\\/folhas-de-videira-artificiais-65cm\\\/#breadcrumb\",\"itemListElement\":[{\"@type\":\"ListItem\",\"position\":1,\"name\":\"Portada\",\"item\":\"https:\\\/\\\/decoplanta.com\\\/pt-pt\\\/\"},{\"@type\":\"ListItem\",\"position\":2,\"name\":\"Priv\u00e9\u00a0: Tienda\",\"item\":\"https:\\\/\\\/decoplanta.com\\\/?page_id=377\"},{\"@type\":\"ListItem\",\"position\":3,\"name\":\"Folhas de VIDEIRA\"}]},{\"@type\":\"WebSite\",\"@id\":\"https:\\\/\\\/decoplanta.com\\\/pt-pt\\\/#website\",\"url\":\"https:\\\/\\\/decoplanta.com\\\/pt-pt\\\/\",\"name\":\"Plantas y \u00e1rboles artificiales de Alto Realismo\",\"description\":\"Proveedor de Plantas artificiales para estudios de Arquitectura, Interiorismo, Paisajismo, Escenograf\u00eda, Tiendas de Decoraci\u00f3n Florister\u00edas y Mobiliario\",\"publisher\":{\"@id\":\"https:\\\/\\\/decoplanta.com\\\/pt-pt\\\/#organization\"},\"potentialAction\":[{\"@type\":\"SearchAction\",\"target\":{\"@type\":\"EntryPoint\",\"urlTemplate\":\"https:\\\/\\\/decoplanta.com\\\/pt-pt\\\/?s={search_term_string}\"},\"query-input\":{\"@type\":\"PropertyValueSpecification\",\"valueRequired\":true,\"valueName\":\"search_term_string\"}}],\"inLanguage\":\"pt-PT\"},{\"@type\":\"Organization\",\"@id\":\"https:\\\/\\\/decoplanta.com\\\/pt-pt\\\/#organization\",\"name\":\"Plantas y \u00e1rboles artificiales de Alto Realismo\",\"url\":\"https:\\\/\\\/decoplanta.com\\\/pt-pt\\\/\",\"logo\":{\"@type\":\"ImageObject\",\"inLanguage\":\"pt-PT\",\"@id\":\"https:\\\/\\\/decoplanta.com\\\/pt-pt\\\/#\\\/schema\\\/logo\\\/image\\\/\",\"url\":\"https:\\\/\\\/decoplanta.com\\\/wp-content\\\/uploads\\\/2021\\\/02\\\/decoplanta-logo2020.svg\",\"contentUrl\":\"https:\\\/\\\/decoplanta.com\\\/wp-content\\\/uploads\\\/2021\\\/02\\\/decoplanta-logo2020.svg\",\"width\":500,\"height\":500,\"caption\":\"Plantas y \u00e1rboles artificiales de Alto Realismo\"},\"image\":{\"@id\":\"https:\\\/\\\/decoplanta.com\\\/pt-pt\\\/#\\\/schema\\\/logo\\\/image\\\/\"}}]}<\/script>\n<!-- \/ Yoast SEO plugin. -->","yoast_head_json":{"title":"Folhas de VIDEIRA artificiais - Para Decora\u00e7\u00e3o de Interiores","description":"Folhas de VIDEIRA artificiais com 65 cm de altura. Reprodu\u00e7\u00e3o exacta do ramo da videira. Alto realismo para a decora\u00e7\u00e3o em interior","robots":{"index":"index","follow":"follow","max-snippet":"max-snippet:-1","max-image-preview":"max-image-preview:large","max-video-preview":"max-video-preview:-1"},"canonical":"https:\/\/decoplanta.com\/pt-pt\/flores-e-vegetacao\/folhas-de-videira-artificiais-65cm\/","og_locale":"pt_PT","og_type":"article","og_title":"Folhas de VIDEIRA artificiais - Para Decora\u00e7\u00e3o de Interiores","og_description":"Folhas de VIDEIRA artificiais com 65 cm de altura. Reprodu\u00e7\u00e3o exacta do ramo da videira. Alto realismo para a decora\u00e7\u00e3o em interior","og_url":"https:\/\/decoplanta.com\/pt-pt\/flores-e-vegetacao\/folhas-de-videira-artificiais-65cm\/","og_site_name":"Plantas y \u00e1rboles artificiales de Alto Realismo","article_modified_time":"2023-11-02T10:08:17+00:00","og_image":[{"width":1500,"height":1500,"url":"https:\/\/decoplanta.com\/wp-content\/uploads\/2022\/06\/421571-Hojas-de-uva.jpg","type":"image\/jpeg"}],"twitter_card":"summary_large_image","twitter_misc":{"Tempo estimado de leitura":"2 minutos"},"schema":{"@context":"https:\/\/schema.org","@graph":[{"@type":"WebPage","@id":"https:\/\/decoplanta.com\/pt-pt\/flores-e-vegetacao\/folhas-de-videira-artificiais-65cm\/","url":"https:\/\/decoplanta.com\/pt-pt\/flores-e-vegetacao\/folhas-de-videira-artificiais-65cm\/","name":"Folhas de VIDEIRA artificiais - Para Decora\u00e7\u00e3o de Interiores","isPartOf":{"@id":"https:\/\/decoplanta.com\/pt-pt\/#website"},"primaryImageOfPage":{"@id":"https:\/\/decoplanta.com\/pt-pt\/flores-e-vegetacao\/folhas-de-videira-artificiais-65cm\/#primaryimage"},"image":{"@id":"https:\/\/decoplanta.com\/pt-pt\/flores-e-vegetacao\/folhas-de-videira-artificiais-65cm\/#primaryimage"},"thumbnailUrl":"https:\/\/decoplanta.com\/wp-content\/uploads\/2022\/06\/421571-Hojas-de-uva.jpg","datePublished":"2022-09-23T08:09:47+00:00","dateModified":"2023-11-02T10:08:17+00:00","description":"Folhas de VIDEIRA artificiais com 65 cm de altura. Reprodu\u00e7\u00e3o exacta do ramo da videira. Alto realismo para a decora\u00e7\u00e3o em interior","breadcrumb":{"@id":"https:\/\/decoplanta.com\/pt-pt\/flores-e-vegetacao\/folhas-de-videira-artificiais-65cm\/#breadcrumb"},"inLanguage":"pt-PT","potentialAction":[{"@type":"ReadAction","target":["https:\/\/decoplanta.com\/pt-pt\/flores-e-vegetacao\/folhas-de-videira-artificiais-65cm\/"]}]},{"@type":"ImageObject","inLanguage":"pt-PT","@id":"https:\/\/decoplanta.com\/pt-pt\/flores-e-vegetacao\/folhas-de-videira-artificiais-65cm\/#primaryimage","url":"https:\/\/decoplanta.com\/wp-content\/uploads\/2022\/06\/421571-Hojas-de-uva.jpg","contentUrl":"https:\/\/decoplanta.com\/wp-content\/uploads\/2022\/06\/421571-Hojas-de-uva.jpg","width":1500,"height":1500,"caption":"Folhas de VIDEIRA artificiais, com 90 cm de altura, para plantar em espuma floral ou terra"},{"@type":"BreadcrumbList","@id":"https:\/\/decoplanta.com\/pt-pt\/flores-e-vegetacao\/folhas-de-videira-artificiais-65cm\/#breadcrumb","itemListElement":[{"@type":"ListItem","position":1,"name":"Portada","item":"https:\/\/decoplanta.com\/pt-pt\/"},{"@type":"ListItem","position":2,"name":"Priv\u00e9\u00a0: Tienda","item":"https:\/\/decoplanta.com\/?page_id=377"},{"@type":"ListItem","position":3,"name":"Folhas de VIDEIRA"}]},{"@type":"WebSite","@id":"https:\/\/decoplanta.com\/pt-pt\/#website","url":"https:\/\/decoplanta.com\/pt-pt\/","name":"Plantas y \u00e1rboles artificiales de Alto Realismo","description":"Proveedor de Plantas artificiales para estudios de Arquitectura, Interiorismo, Paisajismo, Escenograf\u00eda, Tiendas de Decoraci\u00f3n Florister\u00edas y Mobiliario","publisher":{"@id":"https:\/\/decoplanta.com\/pt-pt\/#organization"},"potentialAction":[{"@type":"SearchAction","target":{"@type":"EntryPoint","urlTemplate":"https:\/\/decoplanta.com\/pt-pt\/?s={search_term_string}"},"query-input":{"@type":"PropertyValueSpecification","valueRequired":true,"valueName":"search_term_string"}}],"inLanguage":"pt-PT"},{"@type":"Organization","@id":"https:\/\/decoplanta.com\/pt-pt\/#organization","name":"Plantas y \u00e1rboles artificiales de Alto Realismo","url":"https:\/\/decoplanta.com\/pt-pt\/","logo":{"@type":"ImageObject","inLanguage":"pt-PT","@id":"https:\/\/decoplanta.com\/pt-pt\/#\/schema\/logo\/image\/","url":"https:\/\/decoplanta.com\/wp-content\/uploads\/2021\/02\/decoplanta-logo2020.svg","contentUrl":"https:\/\/decoplanta.com\/wp-content\/uploads\/2021\/02\/decoplanta-logo2020.svg","width":500,"height":500,"caption":"Plantas y \u00e1rboles artificiales de Alto Realismo"},"image":{"@id":"https:\/\/decoplanta.com\/pt-pt\/#\/schema\/logo\/image\/"}}]}},"_links":{"self":[{"href":"https:\/\/decoplanta.com\/pt-pt\/wp-json\/wp\/v2\/product\/5003","targetHints":{"allow":["GET"]}}],"collection":[{"href":"https:\/\/decoplanta.com\/pt-pt\/wp-json\/wp\/v2\/product"}],"about":[{"href":"https:\/\/decoplanta.com\/pt-pt\/wp-json\/wp\/v2\/types\/product"}],"version-history":[{"count":0,"href":"https:\/\/decoplanta.com\/pt-pt\/wp-json\/wp\/v2\/product\/5003\/revisions"}],"wp:featuredmedia":[{"embeddable":true,"href":"https:\/\/decoplanta.com\/pt-pt\/wp-json\/wp\/v2\/media\/4731"}],"wp:attachment":[{"href":"https:\/\/decoplanta.com\/pt-pt\/wp-json\/wp\/v2\/media?parent=5003"}],"wp:term":[{"taxonomy":"product_brand","embeddable":true,"href":"https:\/\/decoplanta.com\/pt-pt\/wp-json\/wp\/v2\/product_brand?post=5003"},{"taxonomy":"product_cat","embeddable":true,"href":"https:\/\/decoplanta.com\/pt-pt\/wp-json\/wp\/v2\/product_cat?post=5003"},{"taxonomy":"product_tag","embeddable":true,"href":"https:\/\/decoplanta.com\/pt-pt\/wp-json\/wp\/v2\/product_tag?post=5003"}],"curies":[{"name":"wp","href":"https:\/\/api.w.org\/{rel}","templated":true}]}}