{"id":5004,"date":"2022-04-22T17:00:59","date_gmt":"2022-09-23T08:26:47","guid":{"rendered":"https:\/\/decoplanta.com\/sem%20categoria\/ramo-de-sorgo-bege\/"},"modified":"2023-11-02T11:09:43","modified_gmt":"2023-11-02T10:09:43","slug":"ramo-de-sorgo-bege-artificial","status":"publish","type":"product","link":"https:\/\/decoplanta.com\/pt-pt\/flores-e-vegetacao\/ramo-de-sorgo-bege-artificial\/","title":{"rendered":"Ramo de SORGO BEGE"},"content":{"rendered":"<p>Ramo de SORGO BEGE artificial de 82 cm de altura, para plantar em espuma floral ou em terra. Este ramo de sorgo tem um alto valor ornamental e um grande realismo. Amplamente utilizado na decora\u00e7\u00e3o de casamentos, mesmo para bouquets de noivas. Esta erva de tonalidade ocre neutra \u00e9 perfeita para uma decora\u00e7\u00e3o de interiores minimalista. Tamb\u00e9m, para este tipo de decora\u00e7\u00e3o, pode ser colocado spray de cor ocre ao lado do Pampa. Por outro lado, tamb\u00e9m pode ser utilizado para baixar a intensidade da cor com outras plantas de cores vivas. Pelo contr\u00e1rio, podem ser colocados de forma independente. No entanto, tamb\u00e9m podem ser agrupados num vaso decorativo.<\/p>\n<h3>De onde \u00e9 origin\u00e1rio o sorgo?<\/h3>\n<p><a class=\"waffle-rich-text-link\" href=\"https:\/\/es.wikipedia.org\/wiki\/Sorghum\">O sorgo<\/a> \u00e9 um g\u00e9nero de gram\u00edneas nativas das regi\u00f5es tropicais e subtropicais da \u00c1frica Oriental. Da mesma forma, o sorgo pertence \u00e0 fam\u00edlia da erva. As esp\u00e9cies s\u00e3o Sorghum vulgare e Andropogum sorgum sudanensis.<\/p>\n<h3>Como \u00e9 que \u00e9 o Ramo de SORGO BEGE artificial?<\/h3>\n<p>Na realidade, o sorgo tem normalmente 1 a 2 m de altura. Tem infloresc\u00eancias de pan\u00edcula e sementes de 3 mm de comprimento, esf\u00e9ricas, oblongas, pretas, avermelhadas e amareladas. Tem um sistema radicular que pode atingir uma profundidade de 2 m em solos perme\u00e1veis. As flores t\u00eam estames e pistilos. O caule, tamb\u00e9m chamado cana, \u00e9 compacto, por vezes esponjoso, com n\u00f3s espessados. Pode dar origem a lavradores que s\u00e3o a unidade estrutural da maioria das esp\u00e9cies de gram\u00edneas. S\u00e3o formados a partir dos gomos axilares ou secund\u00e1rios do meristema basal do eixo principal. Mas a presen\u00e7a de lavradores \u00e9 varietal e \u00e9 influenciada pela fertilidade, condi\u00e7\u00f5es de \u00e1gua e densidade.<\/p>\n<p>As folhas desenvolvem-se normalmente entre 7 e 24, dependendo da variedade, alternadas, opostas, ou lanceoladas lineares. Assim, o pernil m\u00e9dio \u00e9 esbranqui\u00e7ado ou amarelo em sorgo de medula seca e verde em sorgo de medula suculenta. Tem uma ligula na maioria dos casos. A margem da folha tem dentes curvos e afiados e numerosas c\u00e9lulas motoras localizadas perto do meio do feixe, facilitando o enrolamento da l\u00e2mina durante os per\u00edodos de seca. Pode-se criar um conjunto de pulveriza\u00e7\u00f5es ou ramos de tons semelhantes, neste caso, com o <a class=\"waffle-rich-text-link\" href=\"https:\/\/decoplanta.com\/pincha-y-decora\/pampa-spray-ocre-artificial\">spray de pampa<\/a>.<\/p>\n<p>Por outro lado, pode preferir combin\u00e1-lo com outros ramos e pulverizadores de cores vivas, tais como o <a class=\"waffle-rich-text-link\" href=\"https:\/\/decoplanta.com\/pincha-y-decora\/arce-spray-naranja-artificial\">Spray de Bordo Laranja<\/a>, ou com o <a class=\"waffle-rich-text-link\" href=\"https:\/\/decoplanta.com\/pincha-y-decora\/tallo-hortensia-violeta-artificial\">Ramo de Hort\u00eansia Violeta.<\/a> Clique e decore os seus plantadores com as nossas espectaculares e incrivelmente realistas plantas artificiais.<\/p>\n","protected":false},"excerpt":{"rendered":"<p>Ramo de SORGO BEGE artificial, 82 cm de altura, para plantar em espuma floral ou em terra. Este ramo de sorgo tem um alto valor ornamental e um grande realismo. Amplamente utilizado em decora\u00e7\u00f5es de casamentos. Esta erva de tonalidade ocre neutra \u00e9 perfeita para uma decora\u00e7\u00e3o de interiores minimalista.<\/p>\n<p>N\u00e3o requer manuten\u00e7\u00e3o. Pre\u00e7o por unidade no nosso cat\u00e1logo.<\/p>\n<table>\n<tbody>\n<tr>\n<td><strong>REF<\/strong><\/td>\n<td>Altura<\/td>\n<\/tr>\n<tr>\n<td>428598<\/td>\n<td>82 cm<\/td>\n<\/tr>\n<\/tbody>\n<\/table>\n<p>&nbsp;<\/p>\n","protected":false},"featured_media":4717,"template":"","meta":{"_monsterinsights_skip_tracking":false,"_monsterinsights_sitenote_active":false,"_monsterinsights_sitenote_note":"","_monsterinsights_sitenote_category":0},"product_brand":[],"product_cat":[398],"product_tag":[406,415],"class_list":{"0":"post-5004","1":"product","2":"type-product","3":"status-publish","4":"has-post-thumbnail","6":"product_cat-flores-e-vegetacao","7":"product_tag-centro-de-mesa","8":"product_tag-erva-artificial","9":"","10":"woocommerce-text-align-center","11":"woocommerce-image-align-center","12":"do-quantity-buttons","14":"first","15":"instock","16":"taxable","17":"shipping-taxable","18":"purchasable","19":"product-type-simple"},"yoast_head":"<!-- This site is optimized with the Yoast SEO plugin v27.3 - https:\/\/yoast.com\/product\/yoast-seo-wordpress\/ -->\n<title>Ramo de SORGO BEGE artificial - Para Decora\u00e7\u00e3o de Interiores<\/title>\n<meta name=\"description\" content=\"Ramo de SORGO BEGE artificial de 82 cm de altura, para plantar em espuma floral ou em terra. Com um alto valor ornamental e grande realismo.\" \/>\n<meta name=\"robots\" content=\"index, follow, max-snippet:-1, max-image-preview:large, max-video-preview:-1\" \/>\n<link rel=\"canonical\" href=\"https:\/\/decoplanta.com\/pt-pt\/flores-e-vegetacao\/ramo-de-sorgo-bege-artificial\/\" \/>\n<meta property=\"og:locale\" content=\"pt_PT\" \/>\n<meta property=\"og:type\" content=\"article\" \/>\n<meta property=\"og:title\" content=\"Ramo de SORGO BEGE artificial - Para Decora\u00e7\u00e3o de Interiores\" \/>\n<meta property=\"og:description\" content=\"Ramo de SORGO BEGE artificial de 82 cm de altura, para plantar em espuma floral ou em terra. Com um alto valor ornamental e grande realismo.\" \/>\n<meta property=\"og:url\" content=\"https:\/\/decoplanta.com\/pt-pt\/flores-e-vegetacao\/ramo-de-sorgo-bege-artificial\/\" \/>\n<meta property=\"og:site_name\" content=\"Plantas y \u00e1rboles artificiales de Alto Realismo\" \/>\n<meta property=\"article:modified_time\" content=\"2023-11-02T10:09:43+00:00\" \/>\n<meta property=\"og:image\" content=\"https:\/\/decoplanta.com\/wp-content\/uploads\/2022\/04\/428598-RAMA_DE_SORGO-BEIGE-82cm-1.jpg\" \/>\n\t<meta property=\"og:image:width\" content=\"2500\" \/>\n\t<meta property=\"og:image:height\" content=\"2500\" \/>\n\t<meta property=\"og:image:type\" content=\"image\/jpeg\" \/>\n<meta name=\"twitter:card\" content=\"summary_large_image\" \/>\n<meta name=\"twitter:label1\" content=\"Tempo estimado de leitura\" \/>\n\t<meta name=\"twitter:data1\" content=\"2 minutos\" \/>\n<script type=\"application\/ld+json\" class=\"yoast-schema-graph\">{\"@context\":\"https:\\\/\\\/schema.org\",\"@graph\":[{\"@type\":\"WebPage\",\"@id\":\"https:\\\/\\\/decoplanta.com\\\/pt-pt\\\/flores-e-vegetacao\\\/ramo-de-sorgo-bege-artificial\\\/\",\"url\":\"https:\\\/\\\/decoplanta.com\\\/pt-pt\\\/flores-e-vegetacao\\\/ramo-de-sorgo-bege-artificial\\\/\",\"name\":\"Ramo de SORGO BEGE artificial - Para Decora\u00e7\u00e3o de Interiores\",\"isPartOf\":{\"@id\":\"https:\\\/\\\/decoplanta.com\\\/pt-pt\\\/#website\"},\"primaryImageOfPage\":{\"@id\":\"https:\\\/\\\/decoplanta.com\\\/pt-pt\\\/flores-e-vegetacao\\\/ramo-de-sorgo-bege-artificial\\\/#primaryimage\"},\"image\":{\"@id\":\"https:\\\/\\\/decoplanta.com\\\/pt-pt\\\/flores-e-vegetacao\\\/ramo-de-sorgo-bege-artificial\\\/#primaryimage\"},\"thumbnailUrl\":\"https:\\\/\\\/decoplanta.com\\\/wp-content\\\/uploads\\\/2022\\\/04\\\/428598-RAMA_DE_SORGO-BEIGE-82cm-1.jpg\",\"datePublished\":\"2022-09-23T08:26:47+00:00\",\"dateModified\":\"2023-11-02T10:09:43+00:00\",\"description\":\"Ramo de SORGO BEGE artificial de 82 cm de altura, para plantar em espuma floral ou em terra. Com um alto valor ornamental e grande realismo.\",\"breadcrumb\":{\"@id\":\"https:\\\/\\\/decoplanta.com\\\/pt-pt\\\/flores-e-vegetacao\\\/ramo-de-sorgo-bege-artificial\\\/#breadcrumb\"},\"inLanguage\":\"pt-PT\",\"potentialAction\":[{\"@type\":\"ReadAction\",\"target\":[\"https:\\\/\\\/decoplanta.com\\\/pt-pt\\\/flores-e-vegetacao\\\/ramo-de-sorgo-bege-artificial\\\/\"]}]},{\"@type\":\"ImageObject\",\"inLanguage\":\"pt-PT\",\"@id\":\"https:\\\/\\\/decoplanta.com\\\/pt-pt\\\/flores-e-vegetacao\\\/ramo-de-sorgo-bege-artificial\\\/#primaryimage\",\"url\":\"https:\\\/\\\/decoplanta.com\\\/wp-content\\\/uploads\\\/2022\\\/04\\\/428598-RAMA_DE_SORGO-BEIGE-82cm-1.jpg\",\"contentUrl\":\"https:\\\/\\\/decoplanta.com\\\/wp-content\\\/uploads\\\/2022\\\/04\\\/428598-RAMA_DE_SORGO-BEIGE-82cm-1.jpg\",\"width\":2500,\"height\":2500,\"caption\":\"Ramo de SORGO BEGE artificial de 82 cm de altura, para plantar em espuma floral ou em terra\"},{\"@type\":\"BreadcrumbList\",\"@id\":\"https:\\\/\\\/decoplanta.com\\\/pt-pt\\\/flores-e-vegetacao\\\/ramo-de-sorgo-bege-artificial\\\/#breadcrumb\",\"itemListElement\":[{\"@type\":\"ListItem\",\"position\":1,\"name\":\"Portada\",\"item\":\"https:\\\/\\\/decoplanta.com\\\/pt-pt\\\/\"},{\"@type\":\"ListItem\",\"position\":2,\"name\":\"Priv\u00e9\u00a0: Tienda\",\"item\":\"https:\\\/\\\/decoplanta.com\\\/?page_id=377\"},{\"@type\":\"ListItem\",\"position\":3,\"name\":\"Ramo de SORGO BEGE\"}]},{\"@type\":\"WebSite\",\"@id\":\"https:\\\/\\\/decoplanta.com\\\/pt-pt\\\/#website\",\"url\":\"https:\\\/\\\/decoplanta.com\\\/pt-pt\\\/\",\"name\":\"Plantas y \u00e1rboles artificiales de Alto Realismo\",\"description\":\"Proveedor de Plantas artificiales para estudios de Arquitectura, Interiorismo, Paisajismo, Escenograf\u00eda, Tiendas de Decoraci\u00f3n Florister\u00edas y Mobiliario\",\"publisher\":{\"@id\":\"https:\\\/\\\/decoplanta.com\\\/pt-pt\\\/#organization\"},\"potentialAction\":[{\"@type\":\"SearchAction\",\"target\":{\"@type\":\"EntryPoint\",\"urlTemplate\":\"https:\\\/\\\/decoplanta.com\\\/pt-pt\\\/?s={search_term_string}\"},\"query-input\":{\"@type\":\"PropertyValueSpecification\",\"valueRequired\":true,\"valueName\":\"search_term_string\"}}],\"inLanguage\":\"pt-PT\"},{\"@type\":\"Organization\",\"@id\":\"https:\\\/\\\/decoplanta.com\\\/pt-pt\\\/#organization\",\"name\":\"Plantas y \u00e1rboles artificiales de Alto Realismo\",\"url\":\"https:\\\/\\\/decoplanta.com\\\/pt-pt\\\/\",\"logo\":{\"@type\":\"ImageObject\",\"inLanguage\":\"pt-PT\",\"@id\":\"https:\\\/\\\/decoplanta.com\\\/pt-pt\\\/#\\\/schema\\\/logo\\\/image\\\/\",\"url\":\"https:\\\/\\\/decoplanta.com\\\/wp-content\\\/uploads\\\/2021\\\/02\\\/decoplanta-logo2020.svg\",\"contentUrl\":\"https:\\\/\\\/decoplanta.com\\\/wp-content\\\/uploads\\\/2021\\\/02\\\/decoplanta-logo2020.svg\",\"width\":500,\"height\":500,\"caption\":\"Plantas y \u00e1rboles artificiales de Alto Realismo\"},\"image\":{\"@id\":\"https:\\\/\\\/decoplanta.com\\\/pt-pt\\\/#\\\/schema\\\/logo\\\/image\\\/\"}}]}<\/script>\n<!-- \/ Yoast SEO plugin. -->","yoast_head_json":{"title":"Ramo de SORGO BEGE artificial - Para Decora\u00e7\u00e3o de Interiores","description":"Ramo de SORGO BEGE artificial de 82 cm de altura, para plantar em espuma floral ou em terra. Com um alto valor ornamental e grande realismo.","robots":{"index":"index","follow":"follow","max-snippet":"max-snippet:-1","max-image-preview":"max-image-preview:large","max-video-preview":"max-video-preview:-1"},"canonical":"https:\/\/decoplanta.com\/pt-pt\/flores-e-vegetacao\/ramo-de-sorgo-bege-artificial\/","og_locale":"pt_PT","og_type":"article","og_title":"Ramo de SORGO BEGE artificial - Para Decora\u00e7\u00e3o de Interiores","og_description":"Ramo de SORGO BEGE artificial de 82 cm de altura, para plantar em espuma floral ou em terra. Com um alto valor ornamental e grande realismo.","og_url":"https:\/\/decoplanta.com\/pt-pt\/flores-e-vegetacao\/ramo-de-sorgo-bege-artificial\/","og_site_name":"Plantas y \u00e1rboles artificiales de Alto Realismo","article_modified_time":"2023-11-02T10:09:43+00:00","og_image":[{"width":2500,"height":2500,"url":"https:\/\/decoplanta.com\/wp-content\/uploads\/2022\/04\/428598-RAMA_DE_SORGO-BEIGE-82cm-1.jpg","type":"image\/jpeg"}],"twitter_card":"summary_large_image","twitter_misc":{"Tempo estimado de leitura":"2 minutos"},"schema":{"@context":"https:\/\/schema.org","@graph":[{"@type":"WebPage","@id":"https:\/\/decoplanta.com\/pt-pt\/flores-e-vegetacao\/ramo-de-sorgo-bege-artificial\/","url":"https:\/\/decoplanta.com\/pt-pt\/flores-e-vegetacao\/ramo-de-sorgo-bege-artificial\/","name":"Ramo de SORGO BEGE artificial - Para Decora\u00e7\u00e3o de Interiores","isPartOf":{"@id":"https:\/\/decoplanta.com\/pt-pt\/#website"},"primaryImageOfPage":{"@id":"https:\/\/decoplanta.com\/pt-pt\/flores-e-vegetacao\/ramo-de-sorgo-bege-artificial\/#primaryimage"},"image":{"@id":"https:\/\/decoplanta.com\/pt-pt\/flores-e-vegetacao\/ramo-de-sorgo-bege-artificial\/#primaryimage"},"thumbnailUrl":"https:\/\/decoplanta.com\/wp-content\/uploads\/2022\/04\/428598-RAMA_DE_SORGO-BEIGE-82cm-1.jpg","datePublished":"2022-09-23T08:26:47+00:00","dateModified":"2023-11-02T10:09:43+00:00","description":"Ramo de SORGO BEGE artificial de 82 cm de altura, para plantar em espuma floral ou em terra. Com um alto valor ornamental e grande realismo.","breadcrumb":{"@id":"https:\/\/decoplanta.com\/pt-pt\/flores-e-vegetacao\/ramo-de-sorgo-bege-artificial\/#breadcrumb"},"inLanguage":"pt-PT","potentialAction":[{"@type":"ReadAction","target":["https:\/\/decoplanta.com\/pt-pt\/flores-e-vegetacao\/ramo-de-sorgo-bege-artificial\/"]}]},{"@type":"ImageObject","inLanguage":"pt-PT","@id":"https:\/\/decoplanta.com\/pt-pt\/flores-e-vegetacao\/ramo-de-sorgo-bege-artificial\/#primaryimage","url":"https:\/\/decoplanta.com\/wp-content\/uploads\/2022\/04\/428598-RAMA_DE_SORGO-BEIGE-82cm-1.jpg","contentUrl":"https:\/\/decoplanta.com\/wp-content\/uploads\/2022\/04\/428598-RAMA_DE_SORGO-BEIGE-82cm-1.jpg","width":2500,"height":2500,"caption":"Ramo de SORGO BEGE artificial de 82 cm de altura, para plantar em espuma floral ou em terra"},{"@type":"BreadcrumbList","@id":"https:\/\/decoplanta.com\/pt-pt\/flores-e-vegetacao\/ramo-de-sorgo-bege-artificial\/#breadcrumb","itemListElement":[{"@type":"ListItem","position":1,"name":"Portada","item":"https:\/\/decoplanta.com\/pt-pt\/"},{"@type":"ListItem","position":2,"name":"Priv\u00e9\u00a0: Tienda","item":"https:\/\/decoplanta.com\/?page_id=377"},{"@type":"ListItem","position":3,"name":"Ramo de SORGO BEGE"}]},{"@type":"WebSite","@id":"https:\/\/decoplanta.com\/pt-pt\/#website","url":"https:\/\/decoplanta.com\/pt-pt\/","name":"Plantas y \u00e1rboles artificiales de Alto Realismo","description":"Proveedor de Plantas artificiales para estudios de Arquitectura, Interiorismo, Paisajismo, Escenograf\u00eda, Tiendas de Decoraci\u00f3n Florister\u00edas y Mobiliario","publisher":{"@id":"https:\/\/decoplanta.com\/pt-pt\/#organization"},"potentialAction":[{"@type":"SearchAction","target":{"@type":"EntryPoint","urlTemplate":"https:\/\/decoplanta.com\/pt-pt\/?s={search_term_string}"},"query-input":{"@type":"PropertyValueSpecification","valueRequired":true,"valueName":"search_term_string"}}],"inLanguage":"pt-PT"},{"@type":"Organization","@id":"https:\/\/decoplanta.com\/pt-pt\/#organization","name":"Plantas y \u00e1rboles artificiales de Alto Realismo","url":"https:\/\/decoplanta.com\/pt-pt\/","logo":{"@type":"ImageObject","inLanguage":"pt-PT","@id":"https:\/\/decoplanta.com\/pt-pt\/#\/schema\/logo\/image\/","url":"https:\/\/decoplanta.com\/wp-content\/uploads\/2021\/02\/decoplanta-logo2020.svg","contentUrl":"https:\/\/decoplanta.com\/wp-content\/uploads\/2021\/02\/decoplanta-logo2020.svg","width":500,"height":500,"caption":"Plantas y \u00e1rboles artificiales de Alto Realismo"},"image":{"@id":"https:\/\/decoplanta.com\/pt-pt\/#\/schema\/logo\/image\/"}}]}},"_links":{"self":[{"href":"https:\/\/decoplanta.com\/pt-pt\/wp-json\/wp\/v2\/product\/5004","targetHints":{"allow":["GET"]}}],"collection":[{"href":"https:\/\/decoplanta.com\/pt-pt\/wp-json\/wp\/v2\/product"}],"about":[{"href":"https:\/\/decoplanta.com\/pt-pt\/wp-json\/wp\/v2\/types\/product"}],"version-history":[{"count":0,"href":"https:\/\/decoplanta.com\/pt-pt\/wp-json\/wp\/v2\/product\/5004\/revisions"}],"wp:featuredmedia":[{"embeddable":true,"href":"https:\/\/decoplanta.com\/pt-pt\/wp-json\/wp\/v2\/media\/4717"}],"wp:attachment":[{"href":"https:\/\/decoplanta.com\/pt-pt\/wp-json\/wp\/v2\/media?parent=5004"}],"wp:term":[{"taxonomy":"product_brand","embeddable":true,"href":"https:\/\/decoplanta.com\/pt-pt\/wp-json\/wp\/v2\/product_brand?post=5004"},{"taxonomy":"product_cat","embeddable":true,"href":"https:\/\/decoplanta.com\/pt-pt\/wp-json\/wp\/v2\/product_cat?post=5004"},{"taxonomy":"product_tag","embeddable":true,"href":"https:\/\/decoplanta.com\/pt-pt\/wp-json\/wp\/v2\/product_tag?post=5004"}],"curies":[{"name":"wp","href":"https:\/\/api.w.org\/{rel}","templated":true}]}}