{"id":5012,"date":"2021-07-06T12:03:49","date_gmt":"2022-09-23T13:26:21","guid":{"rendered":"https:\/\/decoplanta.com\/sem%20categoria\/tufo-de-oliveira\/"},"modified":"2023-11-02T11:40:18","modified_gmt":"2023-11-02T10:40:18","slug":"tufo-de-oliveira-100cm","status":"publish","type":"product","link":"https:\/\/decoplanta.com\/pt-pt\/flores-e-vegetacao\/tufo-de-oliveira-100cm\/","title":{"rendered":"Tufo de OLIVEIRA"},"content":{"rendered":"<p>Tufo de OLIVEIRA artificial, 100 cm de altura para plantar na terra ou espuma floral. N\u00e3o requer manuten\u00e7\u00e3o. S\u00e3o vendidos em caixas indivis\u00edveis de 6 unidades. Pre\u00e7o por unidade no nosso <a href=\"https:\/\/decoplanta.com\/catalogo\/TarifasDecoplanta-CatalogoDistribuidor-HR.pdf\" target=\"_blank\" rel=\"noopener\">cat\u00e1logo<\/a>.<\/p>\n<table dir=\"ltr\" border=\"1\" cellspacing=\"0\" cellpadding=\"0\">\n<colgroup>\n<col width=\"93\" \/>\n<col width=\"138\" \/>\n<col width=\"255\" \/>\n<col width=\"65\" \/>\n<col width=\"132\" \/><\/colgroup>\n<tbody>\n<tr>\n<td data-sheets-value=\"{\">\n<p class=\"p1\"><span class=\"s1\">426562<\/span><\/p>\n<\/td>\n<td data-sheets-value=\"{\">Tufo de OLIVEIRA artificial<\/td>\n<td data-sheets-value=\"{\" data-sheets-numberformat=\"{\">100 cm de altura total<\/td>\n<td data-sheets-value=\"{\" data-sheets-numberformat=\"{\"><\/td>\n<td data-sheets-value=\"{\">12<\/td>\n<\/tr>\n<\/tbody>\n<\/table>\n<p>O Tufo de OLIVEIRA artificial \u00e9 a \u00e1rvore de fruto da fam\u00edlia das ole\u00e1ceas que produz azeite, o sumo da azeitona que utilizamos para preparar as nossas refei\u00e7\u00f5es, para vestir saladas e para fazer uma grande variedade de produtos. Gra\u00e7as a todas estas utiliza\u00e7\u00f5es, a procura da oliveira continua a crescer a taxas exponenciais, sendo a <a href=\"https:\/\/arbolesfrutales.org\/arboles-frutales-autoctonos-de-espana-conoces-los-mas-caracteristicos\/\">Espanha<\/a> e a It\u00e1lia os principais produtores.<\/p>\n<p>A oliveira \u00e9 origin\u00e1ria da \u00c1sia Menor e tem sido cultivada em toda a bacia mediterr\u00e2nica desde os tempos antigos. A variedade selvagem \u00e9 conhecida como a oliveira de fronteira ou oliveira silvestre.<\/p>\n<h3>Estrutura da oliveira<\/h3>\n<p>\u00c9 uma \u00e1rvore sempre verde com a capacidade de viver e produzir durante centenas de anos. Tem um tamanho m\u00e9dio: tem entre 2 e 10 metros de altura.<\/p>\n<p><img fetchpriority=\"high\" decoding=\"async\" class=\"lazy lazy-hidden alignright size-medium wp-image-810\" src=\"https:\/\/arbolesfrutales.org\/wp-content\/plugins\/a3-lazy-load\/assets\/images\/lazy_placeholder.gif\" sizes=\"(max-width: 300px) 100vw, 300px\" srcset=\"\" alt=\"folha de oliveira\" width=\"300\" height=\"246\" data-lazy-type=\"image\" data-src=\"https:\/\/arbolesfrutales.org\/wp-content\/uploads\/2014\/11\/hoja-del-olivo-300x246.jpg\" data-srcset=\"https:\/\/arbolesfrutales.org\/wp-content\/uploads\/2014\/11\/hoja-del-olivo-300x246.jpg 300w, https:\/\/arbolesfrutales.org\/wp-content\/uploads\/2014\/11\/hoja-del-olivo.jpg 642w\" \/><\/p>\n<p>Segue uma estrutura vegetativa de corvos-marinhos, constitu\u00edda por: raiz, caule (tronco) e folhas. A raiz, no caso de \u00e1rvores nascidas de sementes, \u00e9 axonom\u00f3rfica e pivotal, ou seja, existe uma raiz principal que penetra no solo sem ramifica\u00e7\u00e3o. Quando a \u00e1rvore prov\u00e9m do enraizamento de estacas, por outro lado, forma-se um conjunto de ra\u00edzes secund\u00e1rias. Em ambos os casos, por\u00e9m, pequenas ra\u00edzes crescem continuamente, sendo estas as que mais facilmente absorvem nutrientes. A profundidade a que a raiz atinge depende da estrutura, fertilidade e humidade do solo.<\/p>\n<p>Apesar de ser um<a href=\"https:\/\/arbolesfrutales.org\/arboles-frutales-de-secano-la-solucion-a-la-escasez-de-agua\/\"><strong> \u00e1rvore muito robusta<\/strong><\/a>Apesar de ser uma \u00e1rvore muito resistente, uma redu\u00e7\u00e3o na \u00e1gua ou nos nutrientes minerais apenas semanas antes do per\u00edodo de flora\u00e7\u00e3o pode resultar em menos flora\u00e7\u00e3o e, consequentemente, em menos azeitonas.<\/p>\n<h2>Como \u00e9 que \u00e9 o Tufo de OLIVEIRA artificial?<\/h2>\n<p>A oliveira \u00e9 uma \u00e1rvore f\u00e1cil de cultivar que n\u00e3o tolera <strong>temperaturas inferiores a -10\u00b0C<\/strong>, mas \u00e9 bem adequada para combater as geadas de Inverno t\u00edpicas do clima <a href=\"https:\/\/arbolesfrutales.org\/arboles-frutales-de-clima-mediterraneo\/\">mediterr\u00e2nico<\/a> e as secas de Ver\u00e3o que se est\u00e3o a tornar cada vez mais longas. A componente clim\u00e1tica mais prejudicial para esta \u00e1rvore frut\u00edfera \u00e9 o vento.<\/p>\n<p>&nbsp;<\/p>\n<p>&nbsp;<\/p>\n<p>&nbsp;<\/p>\n","protected":false},"excerpt":{"rendered":"<p>Tufo de OLIVEIRA artificial de 100 cm de altura para plantar na terra ou espuma floral. Folhas altamente realistas e belas azeitonas. N\u00e3o requer manuten\u00e7\u00e3o.<\/p>\n<p>Pre\u00e7o por unidade no nosso cat\u00e1logo.<\/p>\n<table>\n<tbody>\n<tr>\n<td><strong>REF<\/strong><\/td>\n<td><strong>ALTURA<\/strong><\/td>\n<\/tr>\n<tr>\n<td>422073<\/td>\n<td>100 cm<\/td>\n<\/tr>\n<\/tbody>\n<\/table>\n","protected":false},"featured_media":4638,"template":"","meta":{"_monsterinsights_skip_tracking":false,"_monsterinsights_sitenote_active":false,"_monsterinsights_sitenote_note":"","_monsterinsights_sitenote_category":0},"product_brand":[],"product_cat":[398],"product_tag":[401],"class_list":{"0":"post-5012","1":"product","2":"type-product","3":"status-publish","4":"has-post-thumbnail","6":"product_cat-flores-e-vegetacao","7":"product_tag-arvore-de-fruto-artificial","8":"","9":"woocommerce-text-align-center","10":"woocommerce-image-align-center","11":"do-quantity-buttons","13":"first","14":"instock","15":"taxable","16":"shipping-taxable","17":"purchasable","18":"product-type-simple"},"yoast_head":"<!-- This site is optimized with the Yoast SEO plugin v27.5 - https:\/\/yoast.com\/product\/yoast-seo-wordpress\/ -->\n<title>Tufo de OLIVEIRA artificial - 100 cm para plantar en jardineiras<\/title>\n<meta name=\"description\" content=\"Tufo de OLIVEIRA artificial 100 cm de altura. Modelo altamente realista com azeitonas. Plante e decore os seus vasos com plantas artificiais.\" \/>\n<meta name=\"robots\" content=\"index, follow, max-snippet:-1, max-image-preview:large, max-video-preview:-1\" \/>\n<link rel=\"canonical\" href=\"https:\/\/decoplanta.com\/pt-pt\/flores-e-vegetacao\/tufo-de-oliveira-100cm\/\" \/>\n<meta property=\"og:locale\" content=\"pt_PT\" \/>\n<meta property=\"og:type\" content=\"article\" \/>\n<meta property=\"og:title\" content=\"Tufo de OLIVEIRA artificial - 100 cm para plantar en jardineiras\" \/>\n<meta property=\"og:description\" content=\"Tufo de OLIVEIRA artificial 100 cm de altura. Modelo altamente realista com azeitonas. Plante e decore os seus vasos com plantas artificiais.\" \/>\n<meta property=\"og:url\" content=\"https:\/\/decoplanta.com\/pt-pt\/flores-e-vegetacao\/tufo-de-oliveira-100cm\/\" \/>\n<meta property=\"og:site_name\" content=\"Plantas y \u00e1rboles artificiales de Alto Realismo\" \/>\n<meta property=\"article:modified_time\" content=\"2023-11-02T10:40:18+00:00\" \/>\n<meta property=\"og:image\" content=\"https:\/\/decoplanta.com\/wp-content\/uploads\/2021\/07\/422073-Olivo-100cm.jpg\" \/>\n\t<meta property=\"og:image:width\" content=\"2300\" \/>\n\t<meta property=\"og:image:height\" content=\"2300\" \/>\n\t<meta property=\"og:image:type\" content=\"image\/jpeg\" \/>\n<meta name=\"twitter:card\" content=\"summary_large_image\" \/>\n<meta name=\"twitter:label1\" content=\"Tempo estimado de leitura\" \/>\n\t<meta name=\"twitter:data1\" content=\"2 minutos\" \/>\n<script type=\"application\/ld+json\" class=\"yoast-schema-graph\">{\"@context\":\"https:\\\/\\\/schema.org\",\"@graph\":[{\"@type\":\"WebPage\",\"@id\":\"https:\\\/\\\/decoplanta.com\\\/pt-pt\\\/flores-e-vegetacao\\\/tufo-de-oliveira-100cm\\\/\",\"url\":\"https:\\\/\\\/decoplanta.com\\\/pt-pt\\\/flores-e-vegetacao\\\/tufo-de-oliveira-100cm\\\/\",\"name\":\"Tufo de OLIVEIRA artificial - 100 cm para plantar en jardineiras\",\"isPartOf\":{\"@id\":\"https:\\\/\\\/decoplanta.com\\\/pt-pt\\\/#website\"},\"primaryImageOfPage\":{\"@id\":\"https:\\\/\\\/decoplanta.com\\\/pt-pt\\\/flores-e-vegetacao\\\/tufo-de-oliveira-100cm\\\/#primaryimage\"},\"image\":{\"@id\":\"https:\\\/\\\/decoplanta.com\\\/pt-pt\\\/flores-e-vegetacao\\\/tufo-de-oliveira-100cm\\\/#primaryimage\"},\"thumbnailUrl\":\"https:\\\/\\\/decoplanta.com\\\/wp-content\\\/uploads\\\/2021\\\/07\\\/422073-Olivo-100cm.jpg\",\"datePublished\":\"2022-09-23T13:26:21+00:00\",\"dateModified\":\"2023-11-02T10:40:18+00:00\",\"description\":\"Tufo de OLIVEIRA artificial 100 cm de altura. Modelo altamente realista com azeitonas. Plante e decore os seus vasos com plantas artificiais.\",\"breadcrumb\":{\"@id\":\"https:\\\/\\\/decoplanta.com\\\/pt-pt\\\/flores-e-vegetacao\\\/tufo-de-oliveira-100cm\\\/#breadcrumb\"},\"inLanguage\":\"pt-PT\",\"potentialAction\":[{\"@type\":\"ReadAction\",\"target\":[\"https:\\\/\\\/decoplanta.com\\\/pt-pt\\\/flores-e-vegetacao\\\/tufo-de-oliveira-100cm\\\/\"]}]},{\"@type\":\"ImageObject\",\"inLanguage\":\"pt-PT\",\"@id\":\"https:\\\/\\\/decoplanta.com\\\/pt-pt\\\/flores-e-vegetacao\\\/tufo-de-oliveira-100cm\\\/#primaryimage\",\"url\":\"https:\\\/\\\/decoplanta.com\\\/wp-content\\\/uploads\\\/2021\\\/07\\\/422073-Olivo-100cm.jpg\",\"contentUrl\":\"https:\\\/\\\/decoplanta.com\\\/wp-content\\\/uploads\\\/2021\\\/07\\\/422073-Olivo-100cm.jpg\",\"width\":2300,\"height\":2300,\"caption\":\"Tufo de OLIVEIRA artificial, 100 cm de altura para plantar na terra ou espuma floral\"},{\"@type\":\"BreadcrumbList\",\"@id\":\"https:\\\/\\\/decoplanta.com\\\/pt-pt\\\/flores-e-vegetacao\\\/tufo-de-oliveira-100cm\\\/#breadcrumb\",\"itemListElement\":[{\"@type\":\"ListItem\",\"position\":1,\"name\":\"Portada\",\"item\":\"https:\\\/\\\/decoplanta.com\\\/pt-pt\\\/\"},{\"@type\":\"ListItem\",\"position\":2,\"name\":\"Priv\u00e9\u00a0: Tienda\",\"item\":\"https:\\\/\\\/decoplanta.com\\\/?page_id=377\"},{\"@type\":\"ListItem\",\"position\":3,\"name\":\"Tufo de OLIVEIRA\"}]},{\"@type\":\"WebSite\",\"@id\":\"https:\\\/\\\/decoplanta.com\\\/pt-pt\\\/#website\",\"url\":\"https:\\\/\\\/decoplanta.com\\\/pt-pt\\\/\",\"name\":\"Plantas y \u00e1rboles artificiales de Alto Realismo\",\"description\":\"Proveedor de Plantas artificiales para estudios de Arquitectura, Interiorismo, Paisajismo, Escenograf\u00eda, Tiendas de Decoraci\u00f3n Florister\u00edas y Mobiliario\",\"publisher\":{\"@id\":\"https:\\\/\\\/decoplanta.com\\\/pt-pt\\\/#organization\"},\"potentialAction\":[{\"@type\":\"SearchAction\",\"target\":{\"@type\":\"EntryPoint\",\"urlTemplate\":\"https:\\\/\\\/decoplanta.com\\\/pt-pt\\\/?s={search_term_string}\"},\"query-input\":{\"@type\":\"PropertyValueSpecification\",\"valueRequired\":true,\"valueName\":\"search_term_string\"}}],\"inLanguage\":\"pt-PT\"},{\"@type\":\"Organization\",\"@id\":\"https:\\\/\\\/decoplanta.com\\\/pt-pt\\\/#organization\",\"name\":\"Plantas y \u00e1rboles artificiales de Alto Realismo\",\"url\":\"https:\\\/\\\/decoplanta.com\\\/pt-pt\\\/\",\"logo\":{\"@type\":\"ImageObject\",\"inLanguage\":\"pt-PT\",\"@id\":\"https:\\\/\\\/decoplanta.com\\\/pt-pt\\\/#\\\/schema\\\/logo\\\/image\\\/\",\"url\":\"https:\\\/\\\/decoplanta.com\\\/wp-content\\\/uploads\\\/2021\\\/02\\\/decoplanta-logo2020.svg\",\"contentUrl\":\"https:\\\/\\\/decoplanta.com\\\/wp-content\\\/uploads\\\/2021\\\/02\\\/decoplanta-logo2020.svg\",\"width\":500,\"height\":500,\"caption\":\"Plantas y \u00e1rboles artificiales de Alto Realismo\"},\"image\":{\"@id\":\"https:\\\/\\\/decoplanta.com\\\/pt-pt\\\/#\\\/schema\\\/logo\\\/image\\\/\"}}]}<\/script>\n<!-- \/ Yoast SEO plugin. -->","yoast_head_json":{"title":"Tufo de OLIVEIRA artificial - 100 cm para plantar en jardineiras","description":"Tufo de OLIVEIRA artificial 100 cm de altura. Modelo altamente realista com azeitonas. Plante e decore os seus vasos com plantas artificiais.","robots":{"index":"index","follow":"follow","max-snippet":"max-snippet:-1","max-image-preview":"max-image-preview:large","max-video-preview":"max-video-preview:-1"},"canonical":"https:\/\/decoplanta.com\/pt-pt\/flores-e-vegetacao\/tufo-de-oliveira-100cm\/","og_locale":"pt_PT","og_type":"article","og_title":"Tufo de OLIVEIRA artificial - 100 cm para plantar en jardineiras","og_description":"Tufo de OLIVEIRA artificial 100 cm de altura. Modelo altamente realista com azeitonas. Plante e decore os seus vasos com plantas artificiais.","og_url":"https:\/\/decoplanta.com\/pt-pt\/flores-e-vegetacao\/tufo-de-oliveira-100cm\/","og_site_name":"Plantas y \u00e1rboles artificiales de Alto Realismo","article_modified_time":"2023-11-02T10:40:18+00:00","og_image":[{"width":2300,"height":2300,"url":"https:\/\/decoplanta.com\/wp-content\/uploads\/2021\/07\/422073-Olivo-100cm.jpg","type":"image\/jpeg"}],"twitter_card":"summary_large_image","twitter_misc":{"Tempo estimado de leitura":"2 minutos"},"schema":{"@context":"https:\/\/schema.org","@graph":[{"@type":"WebPage","@id":"https:\/\/decoplanta.com\/pt-pt\/flores-e-vegetacao\/tufo-de-oliveira-100cm\/","url":"https:\/\/decoplanta.com\/pt-pt\/flores-e-vegetacao\/tufo-de-oliveira-100cm\/","name":"Tufo de OLIVEIRA artificial - 100 cm para plantar en jardineiras","isPartOf":{"@id":"https:\/\/decoplanta.com\/pt-pt\/#website"},"primaryImageOfPage":{"@id":"https:\/\/decoplanta.com\/pt-pt\/flores-e-vegetacao\/tufo-de-oliveira-100cm\/#primaryimage"},"image":{"@id":"https:\/\/decoplanta.com\/pt-pt\/flores-e-vegetacao\/tufo-de-oliveira-100cm\/#primaryimage"},"thumbnailUrl":"https:\/\/decoplanta.com\/wp-content\/uploads\/2021\/07\/422073-Olivo-100cm.jpg","datePublished":"2022-09-23T13:26:21+00:00","dateModified":"2023-11-02T10:40:18+00:00","description":"Tufo de OLIVEIRA artificial 100 cm de altura. Modelo altamente realista com azeitonas. Plante e decore os seus vasos com plantas artificiais.","breadcrumb":{"@id":"https:\/\/decoplanta.com\/pt-pt\/flores-e-vegetacao\/tufo-de-oliveira-100cm\/#breadcrumb"},"inLanguage":"pt-PT","potentialAction":[{"@type":"ReadAction","target":["https:\/\/decoplanta.com\/pt-pt\/flores-e-vegetacao\/tufo-de-oliveira-100cm\/"]}]},{"@type":"ImageObject","inLanguage":"pt-PT","@id":"https:\/\/decoplanta.com\/pt-pt\/flores-e-vegetacao\/tufo-de-oliveira-100cm\/#primaryimage","url":"https:\/\/decoplanta.com\/wp-content\/uploads\/2021\/07\/422073-Olivo-100cm.jpg","contentUrl":"https:\/\/decoplanta.com\/wp-content\/uploads\/2021\/07\/422073-Olivo-100cm.jpg","width":2300,"height":2300,"caption":"Tufo de OLIVEIRA artificial, 100 cm de altura para plantar na terra ou espuma floral"},{"@type":"BreadcrumbList","@id":"https:\/\/decoplanta.com\/pt-pt\/flores-e-vegetacao\/tufo-de-oliveira-100cm\/#breadcrumb","itemListElement":[{"@type":"ListItem","position":1,"name":"Portada","item":"https:\/\/decoplanta.com\/pt-pt\/"},{"@type":"ListItem","position":2,"name":"Priv\u00e9\u00a0: Tienda","item":"https:\/\/decoplanta.com\/?page_id=377"},{"@type":"ListItem","position":3,"name":"Tufo de OLIVEIRA"}]},{"@type":"WebSite","@id":"https:\/\/decoplanta.com\/pt-pt\/#website","url":"https:\/\/decoplanta.com\/pt-pt\/","name":"Plantas y \u00e1rboles artificiales de Alto Realismo","description":"Proveedor de Plantas artificiales para estudios de Arquitectura, Interiorismo, Paisajismo, Escenograf\u00eda, Tiendas de Decoraci\u00f3n Florister\u00edas y Mobiliario","publisher":{"@id":"https:\/\/decoplanta.com\/pt-pt\/#organization"},"potentialAction":[{"@type":"SearchAction","target":{"@type":"EntryPoint","urlTemplate":"https:\/\/decoplanta.com\/pt-pt\/?s={search_term_string}"},"query-input":{"@type":"PropertyValueSpecification","valueRequired":true,"valueName":"search_term_string"}}],"inLanguage":"pt-PT"},{"@type":"Organization","@id":"https:\/\/decoplanta.com\/pt-pt\/#organization","name":"Plantas y \u00e1rboles artificiales de Alto Realismo","url":"https:\/\/decoplanta.com\/pt-pt\/","logo":{"@type":"ImageObject","inLanguage":"pt-PT","@id":"https:\/\/decoplanta.com\/pt-pt\/#\/schema\/logo\/image\/","url":"https:\/\/decoplanta.com\/wp-content\/uploads\/2021\/02\/decoplanta-logo2020.svg","contentUrl":"https:\/\/decoplanta.com\/wp-content\/uploads\/2021\/02\/decoplanta-logo2020.svg","width":500,"height":500,"caption":"Plantas y \u00e1rboles artificiales de Alto Realismo"},"image":{"@id":"https:\/\/decoplanta.com\/pt-pt\/#\/schema\/logo\/image\/"}}]}},"_links":{"self":[{"href":"https:\/\/decoplanta.com\/pt-pt\/wp-json\/wp\/v2\/product\/5012","targetHints":{"allow":["GET"]}}],"collection":[{"href":"https:\/\/decoplanta.com\/pt-pt\/wp-json\/wp\/v2\/product"}],"about":[{"href":"https:\/\/decoplanta.com\/pt-pt\/wp-json\/wp\/v2\/types\/product"}],"version-history":[{"count":0,"href":"https:\/\/decoplanta.com\/pt-pt\/wp-json\/wp\/v2\/product\/5012\/revisions"}],"wp:featuredmedia":[{"embeddable":true,"href":"https:\/\/decoplanta.com\/pt-pt\/wp-json\/wp\/v2\/media\/4638"}],"wp:attachment":[{"href":"https:\/\/decoplanta.com\/pt-pt\/wp-json\/wp\/v2\/media?parent=5012"}],"wp:term":[{"taxonomy":"product_brand","embeddable":true,"href":"https:\/\/decoplanta.com\/pt-pt\/wp-json\/wp\/v2\/product_brand?post=5012"},{"taxonomy":"product_cat","embeddable":true,"href":"https:\/\/decoplanta.com\/pt-pt\/wp-json\/wp\/v2\/product_cat?post=5012"},{"taxonomy":"product_tag","embeddable":true,"href":"https:\/\/decoplanta.com\/pt-pt\/wp-json\/wp\/v2\/product_tag?post=5012"}],"curies":[{"name":"wp","href":"https:\/\/api.w.org\/{rel}","templated":true}]}}