{"id":5017,"date":"2021-03-18T21:21:01","date_gmt":"2022-09-23T13:26:23","guid":{"rendered":"https:\/\/decoplanta.com\/sem%20categoria\/tufo-de-junco\/"},"modified":"2023-11-02T12:16:19","modified_gmt":"2023-11-02T11:16:19","slug":"tufo-de-junco-artificial-90cm","status":"publish","type":"product","link":"https:\/\/decoplanta.com\/pt-pt\/flores-e-vegetacao\/tufo-de-junco-artificial-90cm\/","title":{"rendered":"Tufo de JUNCO"},"content":{"rendered":"<p>Tufo de JUNCO artificial de incr\u00edvel realismo, com 90 cm de altura. Inclui tratamento UV espec\u00edfico para uso exterior. O sol e a \u00e1gua n\u00e3o ser\u00e3o um impedimento para o manter com t\u00e3o bom aspecto como no primeiro dia. Dispon\u00edvel com vaso b\u00e1sico ou sem vaso. S\u00e3o vendidos em caixas indivis\u00edveis de 6 unidades.<\/p>\n<h2>Como \u00e9 que \u00e9 a Tufo de JUNCO artificial ?<\/h2>\n<p>As plantas podem ser classificadas de muitas maneiras. Uma das classifica\u00e7\u00f5es mais frequentemente utilizadas \u00e9 pelo tamanho que atingem.<\/p>\n<p>Contudo, n\u00e3o \u00e9 invulgar ter d\u00favidas sobre o que \u00e9 uma erva, um arbusto e uma \u00e1rvore, uma vez que por vezes podem surgir defini\u00e7\u00f5es um pouco diferentes umas das outras.<\/p>\n<p>As ervas s\u00e3o as esp\u00e9cies vegetais com maior sucesso evolutivo. Podem ser encontrados em quase todo o planeta, e podem ser os grandes sobreviventes no caso de uma cat\u00e1strofe global. Mas como s\u00e3o os juncos? Tamb\u00e9m temos o mesmo arbusto com vaso e mais folhas no <a href=\"https:\/\/decoplanta.com\/plantas-de-exterior-artificiales\/arbusto-tipo-junco\/\" target=\"_blank\" rel=\"noopener\">nosso website<\/a>.<\/p>\n<p>O arbusto de <b>sedimento<\/b> pertence \u00e0 fam\u00edlia <a title=\"Juncaceae\" href=\"https:\/\/es.wikipedia.org\/wiki\/Juncaceae\">Juncaceae<\/a> (Juncaceae). Existem numerosas esp\u00e9cies de plantas <a class=\"mw-redirect\" title=\"\" href=\"https:\/\/es.wikipedia.org\/wiki\/Monocotiled%C3%B3neas\">monocotiled\u00f3neas<\/a> ligadas \u00e0 \u00e1gua ou a zonas h\u00famidas, com uma altura m\u00e9dia de 50 cm ou mais. S\u00e3o quase sempre portadoras de ra\u00edzes e <a title=\"Rizoma\" href=\"https:\/\/es.wikipedia.org\/wiki\/Rizoma\">rizomatosas<\/a>, com caules erectos ou ascendentes, cil\u00edndricos ou comprimidos. No entanto, est\u00e3o inclu\u00eddos em v\u00e1rios g\u00e9neros, principalmente nas fam\u00edlias <a title=\"Juncaceae\" href=\"https:\/\/es.wikipedia.org\/wiki\/Juncaceae\">Juncaceae<\/a> e <a title=\"Cyperaceae\" href=\"https:\/\/es.wikipedia.org\/wiki\/Cyperaceae\">Cyperaceae<\/a>.<\/p>\n<p>Os arbustos <a href=\"https:\/\/es.wikipedia.org\/wiki\/Junco\" target=\"_blank\" rel=\"noopener\">JUNCO<\/a> s\u00e3o plantas que n\u00e3o t\u00eam caules decididamente lenhosos. O verde \u00e9 a sua cor predominante, e quando d\u00e3o frutos produzem muitas sementes. Um espig\u00e3o \u00e9 um tipo de infloresc\u00eancia de racemose em que o eixo ou rachis \u00e9 alongado e as flores s\u00e3o s\u00e9sseis; as flores mais jovens est\u00e3o localizadas no \u00e1pice do espig\u00e3o.<\/p>\n<h2>Como decorar com JUNCO artificial ?<\/h2>\n<p>A cana \u00e9 normalmente usada como s\u00edmbolo da abund\u00e2ncia, ou do culto da deusa Ceres porque, segundo a mitologia, ela foi a inventora da forma de semear e colher trigo e cereais, em que teve Triptolemus como pupilo. Das primeiras, muitas medalhas mostram uma \u00fanica espiga de milho, como \u00e9 o caso das de Artaclia.<\/p>\n<p>O que conhecemos como <strong>juncos<\/strong> \u00e9 um grupo de plantas que s\u00e3o de grande import\u00e2ncia para a humanidade, pois h\u00e1 muitas esp\u00e9cies que t\u00eam alguma utilidade, por exemplo, no fabrico de cestos ou telhados.<\/p>\n<p><strong>S\u00e3o tamb\u00e9m excelentes como plantas de jardim ou de terra\u00e7o<\/strong>, pois embora n\u00e3o produzam normalmente flores muito vistosas, os seus caules e folhas t\u00eam uma eleg\u00e2ncia maravilhosa.<\/p>\n","protected":false},"excerpt":{"rendered":"<p>Tufo de JUNCO artificial de 90 cm incrivelmente realista para plantar na terra ou espuma floral. Arbusto incrivelmente realista com ramos em v\u00e1rias tonalidades de verde profundo. Inclui tratamento UV espec\u00edfico para uso exterior. O sol e a \u00e1gua n\u00e3o ser\u00e3o um impedimento para o manter com t\u00e3o bom aspecto como no primeiro dia. N\u00e3o requer manuten\u00e7\u00e3o.<\/p>\n<p>Pre\u00e7o por unidade no nosso cat\u00e1logo.<\/p>\n<table>\n<tbody>\n<tr>\n<td><strong>REF<\/strong><\/td>\n<td><strong>ALTURA<\/strong><\/td>\n<\/tr>\n<tr>\n<td>421421<\/td>\n<td>90 cm<\/td>\n<\/tr>\n<\/tbody>\n<\/table>\n","protected":false},"featured_media":4455,"template":"","meta":{"_monsterinsights_skip_tracking":false,"_monsterinsights_sitenote_active":false,"_monsterinsights_sitenote_note":"","_monsterinsights_sitenote_category":0},"product_brand":[],"product_cat":[394,398],"product_tag":[407,415],"class_list":{"0":"post-5017","1":"product","2":"type-product","3":"status-publish","4":"has-post-thumbnail","6":"product_cat-plantas-ao-ar-livre-artificiais","7":"product_cat-flores-e-vegetacao","8":"product_tag-planta-artificial-com-protecao-uv","9":"product_tag-erva-artificial","10":"","11":"woocommerce-text-align-center","12":"woocommerce-image-align-center","13":"do-quantity-buttons","15":"first","16":"instock","17":"taxable","18":"shipping-taxable","19":"purchasable","20":"product-type-simple"},"yoast_head":"<!-- This site is optimized with the Yoast SEO plugin v27.4 - https:\/\/yoast.com\/product\/yoast-seo-wordpress\/ -->\n<title>Tufo de JUNCO artificial com tratamento UV. Decora\u00e7\u00e3o ao ar livre<\/title>\n<meta name=\"description\" content=\"Tufo de JUNCO artificial de incr\u00edvel realismo. Inclui tratamento UV espec\u00edfico para uso exterior. Plante e decore as suas jardineiras e jardins.\" \/>\n<meta name=\"robots\" content=\"index, follow, max-snippet:-1, max-image-preview:large, max-video-preview:-1\" \/>\n<link rel=\"canonical\" href=\"https:\/\/decoplanta.com\/pt-pt\/flores-e-vegetacao\/tufo-de-junco-artificial-90cm\/\" \/>\n<meta property=\"og:locale\" content=\"pt_PT\" \/>\n<meta property=\"og:type\" content=\"article\" \/>\n<meta property=\"og:title\" content=\"Tufo de JUNCO artificial com tratamento UV. Decora\u00e7\u00e3o ao ar livre\" \/>\n<meta property=\"og:description\" content=\"Tufo de JUNCO artificial de incr\u00edvel realismo. Inclui tratamento UV espec\u00edfico para uso exterior. Plante e decore as suas jardineiras e jardins.\" \/>\n<meta property=\"og:url\" content=\"https:\/\/decoplanta.com\/pt-pt\/flores-e-vegetacao\/tufo-de-junco-artificial-90cm\/\" \/>\n<meta property=\"og:site_name\" content=\"Plantas y \u00e1rboles artificiales de Alto Realismo\" \/>\n<meta property=\"article:modified_time\" content=\"2023-11-02T11:16:19+00:00\" \/>\n<meta property=\"og:image\" content=\"https:\/\/decoplanta.com\/wp-content\/uploads\/2021\/03\/421421-arbusto-tipo-junco-90.jpg\" \/>\n\t<meta property=\"og:image:width\" content=\"2350\" \/>\n\t<meta property=\"og:image:height\" content=\"2350\" \/>\n\t<meta property=\"og:image:type\" content=\"image\/jpeg\" \/>\n<meta name=\"twitter:card\" content=\"summary_large_image\" \/>\n<meta name=\"twitter:label1\" content=\"Tempo estimado de leitura\" \/>\n\t<meta name=\"twitter:data1\" content=\"2 minutos\" \/>\n<script type=\"application\/ld+json\" class=\"yoast-schema-graph\">{\"@context\":\"https:\\\/\\\/schema.org\",\"@graph\":[{\"@type\":\"WebPage\",\"@id\":\"https:\\\/\\\/decoplanta.com\\\/pt-pt\\\/flores-e-vegetacao\\\/tufo-de-junco-artificial-90cm\\\/\",\"url\":\"https:\\\/\\\/decoplanta.com\\\/pt-pt\\\/flores-e-vegetacao\\\/tufo-de-junco-artificial-90cm\\\/\",\"name\":\"Tufo de JUNCO artificial com tratamento UV. Decora\u00e7\u00e3o ao ar livre\",\"isPartOf\":{\"@id\":\"https:\\\/\\\/decoplanta.com\\\/pt-pt\\\/#website\"},\"primaryImageOfPage\":{\"@id\":\"https:\\\/\\\/decoplanta.com\\\/pt-pt\\\/flores-e-vegetacao\\\/tufo-de-junco-artificial-90cm\\\/#primaryimage\"},\"image\":{\"@id\":\"https:\\\/\\\/decoplanta.com\\\/pt-pt\\\/flores-e-vegetacao\\\/tufo-de-junco-artificial-90cm\\\/#primaryimage\"},\"thumbnailUrl\":\"https:\\\/\\\/decoplanta.com\\\/wp-content\\\/uploads\\\/2021\\\/03\\\/421421-arbusto-tipo-junco-90.jpg\",\"datePublished\":\"2022-09-23T13:26:23+00:00\",\"dateModified\":\"2023-11-02T11:16:19+00:00\",\"description\":\"Tufo de JUNCO artificial de incr\u00edvel realismo. Inclui tratamento UV espec\u00edfico para uso exterior. Plante e decore as suas jardineiras e jardins.\",\"breadcrumb\":{\"@id\":\"https:\\\/\\\/decoplanta.com\\\/pt-pt\\\/flores-e-vegetacao\\\/tufo-de-junco-artificial-90cm\\\/#breadcrumb\"},\"inLanguage\":\"pt-PT\",\"potentialAction\":[{\"@type\":\"ReadAction\",\"target\":[\"https:\\\/\\\/decoplanta.com\\\/pt-pt\\\/flores-e-vegetacao\\\/tufo-de-junco-artificial-90cm\\\/\"]}]},{\"@type\":\"ImageObject\",\"inLanguage\":\"pt-PT\",\"@id\":\"https:\\\/\\\/decoplanta.com\\\/pt-pt\\\/flores-e-vegetacao\\\/tufo-de-junco-artificial-90cm\\\/#primaryimage\",\"url\":\"https:\\\/\\\/decoplanta.com\\\/wp-content\\\/uploads\\\/2021\\\/03\\\/421421-arbusto-tipo-junco-90.jpg\",\"contentUrl\":\"https:\\\/\\\/decoplanta.com\\\/wp-content\\\/uploads\\\/2021\\\/03\\\/421421-arbusto-tipo-junco-90.jpg\",\"width\":2350,\"height\":2350,\"caption\":\"Tufo de JUNCO artificial de incr\u00edvel realismo, com 90 cm de altura. Inclui tratamento UV espec\u00edfico para uso exterior\"},{\"@type\":\"BreadcrumbList\",\"@id\":\"https:\\\/\\\/decoplanta.com\\\/pt-pt\\\/flores-e-vegetacao\\\/tufo-de-junco-artificial-90cm\\\/#breadcrumb\",\"itemListElement\":[{\"@type\":\"ListItem\",\"position\":1,\"name\":\"Portada\",\"item\":\"https:\\\/\\\/decoplanta.com\\\/pt-pt\\\/\"},{\"@type\":\"ListItem\",\"position\":2,\"name\":\"Priv\u00e9\u00a0: Tienda\",\"item\":\"https:\\\/\\\/decoplanta.com\\\/?page_id=377\"},{\"@type\":\"ListItem\",\"position\":3,\"name\":\"Tufo de JUNCO\"}]},{\"@type\":\"WebSite\",\"@id\":\"https:\\\/\\\/decoplanta.com\\\/pt-pt\\\/#website\",\"url\":\"https:\\\/\\\/decoplanta.com\\\/pt-pt\\\/\",\"name\":\"Plantas y \u00e1rboles artificiales de Alto Realismo\",\"description\":\"Proveedor de Plantas artificiales para estudios de Arquitectura, Interiorismo, Paisajismo, Escenograf\u00eda, Tiendas de Decoraci\u00f3n Florister\u00edas y Mobiliario\",\"publisher\":{\"@id\":\"https:\\\/\\\/decoplanta.com\\\/pt-pt\\\/#organization\"},\"potentialAction\":[{\"@type\":\"SearchAction\",\"target\":{\"@type\":\"EntryPoint\",\"urlTemplate\":\"https:\\\/\\\/decoplanta.com\\\/pt-pt\\\/?s={search_term_string}\"},\"query-input\":{\"@type\":\"PropertyValueSpecification\",\"valueRequired\":true,\"valueName\":\"search_term_string\"}}],\"inLanguage\":\"pt-PT\"},{\"@type\":\"Organization\",\"@id\":\"https:\\\/\\\/decoplanta.com\\\/pt-pt\\\/#organization\",\"name\":\"Plantas y \u00e1rboles artificiales de Alto Realismo\",\"url\":\"https:\\\/\\\/decoplanta.com\\\/pt-pt\\\/\",\"logo\":{\"@type\":\"ImageObject\",\"inLanguage\":\"pt-PT\",\"@id\":\"https:\\\/\\\/decoplanta.com\\\/pt-pt\\\/#\\\/schema\\\/logo\\\/image\\\/\",\"url\":\"https:\\\/\\\/decoplanta.com\\\/wp-content\\\/uploads\\\/2021\\\/02\\\/decoplanta-logo2020.svg\",\"contentUrl\":\"https:\\\/\\\/decoplanta.com\\\/wp-content\\\/uploads\\\/2021\\\/02\\\/decoplanta-logo2020.svg\",\"width\":500,\"height\":500,\"caption\":\"Plantas y \u00e1rboles artificiales de Alto Realismo\"},\"image\":{\"@id\":\"https:\\\/\\\/decoplanta.com\\\/pt-pt\\\/#\\\/schema\\\/logo\\\/image\\\/\"}}]}<\/script>\n<!-- \/ Yoast SEO plugin. -->","yoast_head_json":{"title":"Tufo de JUNCO artificial com tratamento UV. Decora\u00e7\u00e3o ao ar livre","description":"Tufo de JUNCO artificial de incr\u00edvel realismo. Inclui tratamento UV espec\u00edfico para uso exterior. Plante e decore as suas jardineiras e jardins.","robots":{"index":"index","follow":"follow","max-snippet":"max-snippet:-1","max-image-preview":"max-image-preview:large","max-video-preview":"max-video-preview:-1"},"canonical":"https:\/\/decoplanta.com\/pt-pt\/flores-e-vegetacao\/tufo-de-junco-artificial-90cm\/","og_locale":"pt_PT","og_type":"article","og_title":"Tufo de JUNCO artificial com tratamento UV. Decora\u00e7\u00e3o ao ar livre","og_description":"Tufo de JUNCO artificial de incr\u00edvel realismo. Inclui tratamento UV espec\u00edfico para uso exterior. Plante e decore as suas jardineiras e jardins.","og_url":"https:\/\/decoplanta.com\/pt-pt\/flores-e-vegetacao\/tufo-de-junco-artificial-90cm\/","og_site_name":"Plantas y \u00e1rboles artificiales de Alto Realismo","article_modified_time":"2023-11-02T11:16:19+00:00","og_image":[{"width":2350,"height":2350,"url":"https:\/\/decoplanta.com\/wp-content\/uploads\/2021\/03\/421421-arbusto-tipo-junco-90.jpg","type":"image\/jpeg"}],"twitter_card":"summary_large_image","twitter_misc":{"Tempo estimado de leitura":"2 minutos"},"schema":{"@context":"https:\/\/schema.org","@graph":[{"@type":"WebPage","@id":"https:\/\/decoplanta.com\/pt-pt\/flores-e-vegetacao\/tufo-de-junco-artificial-90cm\/","url":"https:\/\/decoplanta.com\/pt-pt\/flores-e-vegetacao\/tufo-de-junco-artificial-90cm\/","name":"Tufo de JUNCO artificial com tratamento UV. Decora\u00e7\u00e3o ao ar livre","isPartOf":{"@id":"https:\/\/decoplanta.com\/pt-pt\/#website"},"primaryImageOfPage":{"@id":"https:\/\/decoplanta.com\/pt-pt\/flores-e-vegetacao\/tufo-de-junco-artificial-90cm\/#primaryimage"},"image":{"@id":"https:\/\/decoplanta.com\/pt-pt\/flores-e-vegetacao\/tufo-de-junco-artificial-90cm\/#primaryimage"},"thumbnailUrl":"https:\/\/decoplanta.com\/wp-content\/uploads\/2021\/03\/421421-arbusto-tipo-junco-90.jpg","datePublished":"2022-09-23T13:26:23+00:00","dateModified":"2023-11-02T11:16:19+00:00","description":"Tufo de JUNCO artificial de incr\u00edvel realismo. Inclui tratamento UV espec\u00edfico para uso exterior. Plante e decore as suas jardineiras e jardins.","breadcrumb":{"@id":"https:\/\/decoplanta.com\/pt-pt\/flores-e-vegetacao\/tufo-de-junco-artificial-90cm\/#breadcrumb"},"inLanguage":"pt-PT","potentialAction":[{"@type":"ReadAction","target":["https:\/\/decoplanta.com\/pt-pt\/flores-e-vegetacao\/tufo-de-junco-artificial-90cm\/"]}]},{"@type":"ImageObject","inLanguage":"pt-PT","@id":"https:\/\/decoplanta.com\/pt-pt\/flores-e-vegetacao\/tufo-de-junco-artificial-90cm\/#primaryimage","url":"https:\/\/decoplanta.com\/wp-content\/uploads\/2021\/03\/421421-arbusto-tipo-junco-90.jpg","contentUrl":"https:\/\/decoplanta.com\/wp-content\/uploads\/2021\/03\/421421-arbusto-tipo-junco-90.jpg","width":2350,"height":2350,"caption":"Tufo de JUNCO artificial de incr\u00edvel realismo, com 90 cm de altura. Inclui tratamento UV espec\u00edfico para uso exterior"},{"@type":"BreadcrumbList","@id":"https:\/\/decoplanta.com\/pt-pt\/flores-e-vegetacao\/tufo-de-junco-artificial-90cm\/#breadcrumb","itemListElement":[{"@type":"ListItem","position":1,"name":"Portada","item":"https:\/\/decoplanta.com\/pt-pt\/"},{"@type":"ListItem","position":2,"name":"Priv\u00e9\u00a0: Tienda","item":"https:\/\/decoplanta.com\/?page_id=377"},{"@type":"ListItem","position":3,"name":"Tufo de JUNCO"}]},{"@type":"WebSite","@id":"https:\/\/decoplanta.com\/pt-pt\/#website","url":"https:\/\/decoplanta.com\/pt-pt\/","name":"Plantas y \u00e1rboles artificiales de Alto Realismo","description":"Proveedor de Plantas artificiales para estudios de Arquitectura, Interiorismo, Paisajismo, Escenograf\u00eda, Tiendas de Decoraci\u00f3n Florister\u00edas y Mobiliario","publisher":{"@id":"https:\/\/decoplanta.com\/pt-pt\/#organization"},"potentialAction":[{"@type":"SearchAction","target":{"@type":"EntryPoint","urlTemplate":"https:\/\/decoplanta.com\/pt-pt\/?s={search_term_string}"},"query-input":{"@type":"PropertyValueSpecification","valueRequired":true,"valueName":"search_term_string"}}],"inLanguage":"pt-PT"},{"@type":"Organization","@id":"https:\/\/decoplanta.com\/pt-pt\/#organization","name":"Plantas y \u00e1rboles artificiales de Alto Realismo","url":"https:\/\/decoplanta.com\/pt-pt\/","logo":{"@type":"ImageObject","inLanguage":"pt-PT","@id":"https:\/\/decoplanta.com\/pt-pt\/#\/schema\/logo\/image\/","url":"https:\/\/decoplanta.com\/wp-content\/uploads\/2021\/02\/decoplanta-logo2020.svg","contentUrl":"https:\/\/decoplanta.com\/wp-content\/uploads\/2021\/02\/decoplanta-logo2020.svg","width":500,"height":500,"caption":"Plantas y \u00e1rboles artificiales de Alto Realismo"},"image":{"@id":"https:\/\/decoplanta.com\/pt-pt\/#\/schema\/logo\/image\/"}}]}},"_links":{"self":[{"href":"https:\/\/decoplanta.com\/pt-pt\/wp-json\/wp\/v2\/product\/5017","targetHints":{"allow":["GET"]}}],"collection":[{"href":"https:\/\/decoplanta.com\/pt-pt\/wp-json\/wp\/v2\/product"}],"about":[{"href":"https:\/\/decoplanta.com\/pt-pt\/wp-json\/wp\/v2\/types\/product"}],"version-history":[{"count":0,"href":"https:\/\/decoplanta.com\/pt-pt\/wp-json\/wp\/v2\/product\/5017\/revisions"}],"wp:featuredmedia":[{"embeddable":true,"href":"https:\/\/decoplanta.com\/pt-pt\/wp-json\/wp\/v2\/media\/4455"}],"wp:attachment":[{"href":"https:\/\/decoplanta.com\/pt-pt\/wp-json\/wp\/v2\/media?parent=5017"}],"wp:term":[{"taxonomy":"product_brand","embeddable":true,"href":"https:\/\/decoplanta.com\/pt-pt\/wp-json\/wp\/v2\/product_brand?post=5017"},{"taxonomy":"product_cat","embeddable":true,"href":"https:\/\/decoplanta.com\/pt-pt\/wp-json\/wp\/v2\/product_cat?post=5017"},{"taxonomy":"product_tag","embeddable":true,"href":"https:\/\/decoplanta.com\/pt-pt\/wp-json\/wp\/v2\/product_tag?post=5017"}],"curies":[{"name":"wp","href":"https:\/\/api.w.org\/{rel}","templated":true}]}}