{"id":5019,"date":"2021-07-01T13:06:29","date_gmt":"2022-09-23T13:26:24","guid":{"rendered":"https:\/\/decoplanta.com\/sem%20categoria\/tufo-de-flebodio\/"},"modified":"2023-11-02T11:47:33","modified_gmt":"2023-11-02T10:47:33","slug":"tufo-de-feto-flebodio-67cm","status":"publish","type":"product","link":"https:\/\/decoplanta.com\/pt-pt\/flores-e-vegetacao\/tufo-de-feto-flebodio-67cm\/","title":{"rendered":"Tufo de FLEBODIO"},"content":{"rendered":"<p>Tufo de FLEBODIO artificial de 67 cm de altura. Realismo incr\u00edvel para a decora\u00e7\u00e3o de <a href=\"https:\/\/decoplanta.com\/etiqueta-producto\/helecho-de-interior\/\" target=\"_blank\" rel=\"noopener\">interiores<\/a>. O<strong><a href=\"https:\/\/www.hogarmania.com\/jardineria\/fichas\/plantas\/flebodio-12136.html\" target=\"_blank\" rel=\"noopener\">flebodium<\/a><\/strong> \u00e9 um feto interessante, pois para al\u00e9m da sua atractividade, tem uma folhagem elegante. Vendido numa caixa de 12 unidades.<\/p>\n<p>As folhas deste feto de Phlebodio s\u00e3o cortadas com um corte brusco, e t\u00eam uma cor verde-azulada muito peculiar. Cresce at\u00e9 um tamanho grande, e se olharmos para a parte de tr\u00e1s das folhas, veremos que est\u00e3o cheias de pontos proeminentes onde a planta cria os esporos que utiliza para a reprodu\u00e7\u00e3o.<\/p>\n<p>As folhas do Tufo de FLEBODIO crescem a partir de uma base espessada por rizomas. Os rizomas s\u00e3o ra\u00edzes espessas que actuam como reservat\u00f3rio de \u00e1gua e nutrientes, o que torna este feto muito resistente. Os rizomas espalham-se pela superf\u00edcie da panela e cobrem-na completamente. Estes rizomas est\u00e3o cobertos de p\u00ealos.<\/p>\n","protected":false},"excerpt":{"rendered":"<p>Tufo de FLEBODIO artificial de 67 cm de altura para plantar na terra ou espuma floral. Realismo incr\u00edvel para a decora\u00e7\u00e3o de interiores. N\u00e3o requer manuten\u00e7\u00e3o.<\/p>\n<p>Pre\u00e7o por unidade no nosso cat\u00e1logo.<\/p>\n<table>\n<tbody>\n<tr>\n<td><strong>REF<\/strong><\/td>\n<td><strong>ALTURA<\/strong><\/td>\n<\/tr>\n<tr>\n<td>426572<\/td>\n<td>67 cm<\/td>\n<\/tr>\n<\/tbody>\n<\/table>\n","protected":false},"featured_media":5996,"template":"","meta":{"_monsterinsights_skip_tracking":false,"_monsterinsights_sitenote_active":false,"_monsterinsights_sitenote_note":"","_monsterinsights_sitenote_category":0},"product_brand":[],"product_cat":[398],"product_tag":[413],"class_list":{"0":"post-5019","1":"product","2":"type-product","3":"status-publish","4":"has-post-thumbnail","6":"product_cat-flores-e-vegetacao","7":"product_tag-feto-para-interior","8":"","9":"woocommerce-text-align-center","10":"woocommerce-image-align-center","11":"do-quantity-buttons","13":"first","14":"instock","15":"taxable","16":"shipping-taxable","17":"purchasable","18":"product-type-simple"},"yoast_head":"<!-- This site is optimized with the Yoast SEO plugin v27.4 - https:\/\/yoast.com\/product\/yoast-seo-wordpress\/ -->\n<title>Tufo de FLEBODIO artificial para plantar em jardineiras de interior<\/title>\n<meta name=\"description\" content=\"Tufo de FLEBODIO artificial, 67 cm de altura. Modelo incrivelmente realista. Plante e Decore as suas jardineiras. Complemento com plantas artificiais\" \/>\n<meta name=\"robots\" content=\"index, follow, max-snippet:-1, max-image-preview:large, max-video-preview:-1\" \/>\n<link rel=\"canonical\" href=\"https:\/\/decoplanta.com\/pt-pt\/flores-e-vegetacao\/tufo-de-feto-flebodio-67cm\/\" \/>\n<meta property=\"og:locale\" content=\"pt_PT\" \/>\n<meta property=\"og:type\" content=\"article\" \/>\n<meta property=\"og:title\" content=\"Tufo de FLEBODIO artificial para plantar em jardineiras de interior\" \/>\n<meta property=\"og:description\" content=\"Tufo de FLEBODIO artificial, 67 cm de altura. Modelo incrivelmente realista. Plante e Decore as suas jardineiras. Complemento com plantas artificiais\" \/>\n<meta property=\"og:url\" content=\"https:\/\/decoplanta.com\/pt-pt\/flores-e-vegetacao\/tufo-de-feto-flebodio-67cm\/\" \/>\n<meta property=\"og:site_name\" content=\"Plantas y \u00e1rboles artificiales de Alto Realismo\" \/>\n<meta property=\"article:modified_time\" content=\"2023-11-02T10:47:33+00:00\" \/>\n<meta property=\"og:image\" content=\"https:\/\/decoplanta.com\/wp-content\/uploads\/2021\/07\/426572-Arbusto-Helecho-FLEBODIO-67cm-1.jpg\" \/>\n\t<meta property=\"og:image:width\" content=\"2500\" \/>\n\t<meta property=\"og:image:height\" content=\"2500\" \/>\n\t<meta property=\"og:image:type\" content=\"image\/jpeg\" \/>\n<meta name=\"twitter:card\" content=\"summary_large_image\" \/>\n<meta name=\"twitter:label1\" content=\"Tempo estimado de leitura\" \/>\n\t<meta name=\"twitter:data1\" content=\"1 minuto\" \/>\n<script type=\"application\/ld+json\" class=\"yoast-schema-graph\">{\"@context\":\"https:\\\/\\\/schema.org\",\"@graph\":[{\"@type\":\"WebPage\",\"@id\":\"https:\\\/\\\/decoplanta.com\\\/pt-pt\\\/flores-e-vegetacao\\\/tufo-de-feto-flebodio-67cm\\\/\",\"url\":\"https:\\\/\\\/decoplanta.com\\\/pt-pt\\\/flores-e-vegetacao\\\/tufo-de-feto-flebodio-67cm\\\/\",\"name\":\"Tufo de FLEBODIO artificial para plantar em jardineiras de interior\",\"isPartOf\":{\"@id\":\"https:\\\/\\\/decoplanta.com\\\/pt-pt\\\/#website\"},\"primaryImageOfPage\":{\"@id\":\"https:\\\/\\\/decoplanta.com\\\/pt-pt\\\/flores-e-vegetacao\\\/tufo-de-feto-flebodio-67cm\\\/#primaryimage\"},\"image\":{\"@id\":\"https:\\\/\\\/decoplanta.com\\\/pt-pt\\\/flores-e-vegetacao\\\/tufo-de-feto-flebodio-67cm\\\/#primaryimage\"},\"thumbnailUrl\":\"https:\\\/\\\/decoplanta.com\\\/wp-content\\\/uploads\\\/2021\\\/07\\\/426572-Arbusto-Helecho-FLEBODIO-67cm-1.jpg\",\"datePublished\":\"2022-09-23T13:26:24+00:00\",\"dateModified\":\"2023-11-02T10:47:33+00:00\",\"description\":\"Tufo de FLEBODIO artificial, 67 cm de altura. Modelo incrivelmente realista. Plante e Decore as suas jardineiras. Complemento com plantas artificiais\",\"breadcrumb\":{\"@id\":\"https:\\\/\\\/decoplanta.com\\\/pt-pt\\\/flores-e-vegetacao\\\/tufo-de-feto-flebodio-67cm\\\/#breadcrumb\"},\"inLanguage\":\"pt-PT\",\"potentialAction\":[{\"@type\":\"ReadAction\",\"target\":[\"https:\\\/\\\/decoplanta.com\\\/pt-pt\\\/flores-e-vegetacao\\\/tufo-de-feto-flebodio-67cm\\\/\"]}]},{\"@type\":\"ImageObject\",\"inLanguage\":\"pt-PT\",\"@id\":\"https:\\\/\\\/decoplanta.com\\\/pt-pt\\\/flores-e-vegetacao\\\/tufo-de-feto-flebodio-67cm\\\/#primaryimage\",\"url\":\"https:\\\/\\\/decoplanta.com\\\/wp-content\\\/uploads\\\/2021\\\/07\\\/426572-Arbusto-Helecho-FLEBODIO-67cm-1.jpg\",\"contentUrl\":\"https:\\\/\\\/decoplanta.com\\\/wp-content\\\/uploads\\\/2021\\\/07\\\/426572-Arbusto-Helecho-FLEBODIO-67cm-1.jpg\",\"width\":2500,\"height\":2500,\"caption\":\"Arbusto Helecho Flebodio artificial\"},{\"@type\":\"BreadcrumbList\",\"@id\":\"https:\\\/\\\/decoplanta.com\\\/pt-pt\\\/flores-e-vegetacao\\\/tufo-de-feto-flebodio-67cm\\\/#breadcrumb\",\"itemListElement\":[{\"@type\":\"ListItem\",\"position\":1,\"name\":\"Portada\",\"item\":\"https:\\\/\\\/decoplanta.com\\\/pt-pt\\\/\"},{\"@type\":\"ListItem\",\"position\":2,\"name\":\"Priv\u00e9\u00a0: Tienda\",\"item\":\"https:\\\/\\\/decoplanta.com\\\/?page_id=377\"},{\"@type\":\"ListItem\",\"position\":3,\"name\":\"Tufo de FLEBODIO\"}]},{\"@type\":\"WebSite\",\"@id\":\"https:\\\/\\\/decoplanta.com\\\/pt-pt\\\/#website\",\"url\":\"https:\\\/\\\/decoplanta.com\\\/pt-pt\\\/\",\"name\":\"Plantas y \u00e1rboles artificiales de Alto Realismo\",\"description\":\"Proveedor de Plantas artificiales para estudios de Arquitectura, Interiorismo, Paisajismo, Escenograf\u00eda, Tiendas de Decoraci\u00f3n Florister\u00edas y Mobiliario\",\"publisher\":{\"@id\":\"https:\\\/\\\/decoplanta.com\\\/pt-pt\\\/#organization\"},\"potentialAction\":[{\"@type\":\"SearchAction\",\"target\":{\"@type\":\"EntryPoint\",\"urlTemplate\":\"https:\\\/\\\/decoplanta.com\\\/pt-pt\\\/?s={search_term_string}\"},\"query-input\":{\"@type\":\"PropertyValueSpecification\",\"valueRequired\":true,\"valueName\":\"search_term_string\"}}],\"inLanguage\":\"pt-PT\"},{\"@type\":\"Organization\",\"@id\":\"https:\\\/\\\/decoplanta.com\\\/pt-pt\\\/#organization\",\"name\":\"Plantas y \u00e1rboles artificiales de Alto Realismo\",\"url\":\"https:\\\/\\\/decoplanta.com\\\/pt-pt\\\/\",\"logo\":{\"@type\":\"ImageObject\",\"inLanguage\":\"pt-PT\",\"@id\":\"https:\\\/\\\/decoplanta.com\\\/pt-pt\\\/#\\\/schema\\\/logo\\\/image\\\/\",\"url\":\"https:\\\/\\\/decoplanta.com\\\/wp-content\\\/uploads\\\/2021\\\/02\\\/decoplanta-logo2020.svg\",\"contentUrl\":\"https:\\\/\\\/decoplanta.com\\\/wp-content\\\/uploads\\\/2021\\\/02\\\/decoplanta-logo2020.svg\",\"width\":500,\"height\":500,\"caption\":\"Plantas y \u00e1rboles artificiales de Alto Realismo\"},\"image\":{\"@id\":\"https:\\\/\\\/decoplanta.com\\\/pt-pt\\\/#\\\/schema\\\/logo\\\/image\\\/\"}}]}<\/script>\n<!-- \/ Yoast SEO plugin. -->","yoast_head_json":{"title":"Tufo de FLEBODIO artificial para plantar em jardineiras de interior","description":"Tufo de FLEBODIO artificial, 67 cm de altura. Modelo incrivelmente realista. Plante e Decore as suas jardineiras. Complemento com plantas artificiais","robots":{"index":"index","follow":"follow","max-snippet":"max-snippet:-1","max-image-preview":"max-image-preview:large","max-video-preview":"max-video-preview:-1"},"canonical":"https:\/\/decoplanta.com\/pt-pt\/flores-e-vegetacao\/tufo-de-feto-flebodio-67cm\/","og_locale":"pt_PT","og_type":"article","og_title":"Tufo de FLEBODIO artificial para plantar em jardineiras de interior","og_description":"Tufo de FLEBODIO artificial, 67 cm de altura. Modelo incrivelmente realista. Plante e Decore as suas jardineiras. Complemento com plantas artificiais","og_url":"https:\/\/decoplanta.com\/pt-pt\/flores-e-vegetacao\/tufo-de-feto-flebodio-67cm\/","og_site_name":"Plantas y \u00e1rboles artificiales de Alto Realismo","article_modified_time":"2023-11-02T10:47:33+00:00","og_image":[{"width":2500,"height":2500,"url":"https:\/\/decoplanta.com\/wp-content\/uploads\/2021\/07\/426572-Arbusto-Helecho-FLEBODIO-67cm-1.jpg","type":"image\/jpeg"}],"twitter_card":"summary_large_image","twitter_misc":{"Tempo estimado de leitura":"1 minuto"},"schema":{"@context":"https:\/\/schema.org","@graph":[{"@type":"WebPage","@id":"https:\/\/decoplanta.com\/pt-pt\/flores-e-vegetacao\/tufo-de-feto-flebodio-67cm\/","url":"https:\/\/decoplanta.com\/pt-pt\/flores-e-vegetacao\/tufo-de-feto-flebodio-67cm\/","name":"Tufo de FLEBODIO artificial para plantar em jardineiras de interior","isPartOf":{"@id":"https:\/\/decoplanta.com\/pt-pt\/#website"},"primaryImageOfPage":{"@id":"https:\/\/decoplanta.com\/pt-pt\/flores-e-vegetacao\/tufo-de-feto-flebodio-67cm\/#primaryimage"},"image":{"@id":"https:\/\/decoplanta.com\/pt-pt\/flores-e-vegetacao\/tufo-de-feto-flebodio-67cm\/#primaryimage"},"thumbnailUrl":"https:\/\/decoplanta.com\/wp-content\/uploads\/2021\/07\/426572-Arbusto-Helecho-FLEBODIO-67cm-1.jpg","datePublished":"2022-09-23T13:26:24+00:00","dateModified":"2023-11-02T10:47:33+00:00","description":"Tufo de FLEBODIO artificial, 67 cm de altura. Modelo incrivelmente realista. Plante e Decore as suas jardineiras. Complemento com plantas artificiais","breadcrumb":{"@id":"https:\/\/decoplanta.com\/pt-pt\/flores-e-vegetacao\/tufo-de-feto-flebodio-67cm\/#breadcrumb"},"inLanguage":"pt-PT","potentialAction":[{"@type":"ReadAction","target":["https:\/\/decoplanta.com\/pt-pt\/flores-e-vegetacao\/tufo-de-feto-flebodio-67cm\/"]}]},{"@type":"ImageObject","inLanguage":"pt-PT","@id":"https:\/\/decoplanta.com\/pt-pt\/flores-e-vegetacao\/tufo-de-feto-flebodio-67cm\/#primaryimage","url":"https:\/\/decoplanta.com\/wp-content\/uploads\/2021\/07\/426572-Arbusto-Helecho-FLEBODIO-67cm-1.jpg","contentUrl":"https:\/\/decoplanta.com\/wp-content\/uploads\/2021\/07\/426572-Arbusto-Helecho-FLEBODIO-67cm-1.jpg","width":2500,"height":2500,"caption":"Arbusto Helecho Flebodio artificial"},{"@type":"BreadcrumbList","@id":"https:\/\/decoplanta.com\/pt-pt\/flores-e-vegetacao\/tufo-de-feto-flebodio-67cm\/#breadcrumb","itemListElement":[{"@type":"ListItem","position":1,"name":"Portada","item":"https:\/\/decoplanta.com\/pt-pt\/"},{"@type":"ListItem","position":2,"name":"Priv\u00e9\u00a0: Tienda","item":"https:\/\/decoplanta.com\/?page_id=377"},{"@type":"ListItem","position":3,"name":"Tufo de FLEBODIO"}]},{"@type":"WebSite","@id":"https:\/\/decoplanta.com\/pt-pt\/#website","url":"https:\/\/decoplanta.com\/pt-pt\/","name":"Plantas y \u00e1rboles artificiales de Alto Realismo","description":"Proveedor de Plantas artificiales para estudios de Arquitectura, Interiorismo, Paisajismo, Escenograf\u00eda, Tiendas de Decoraci\u00f3n Florister\u00edas y Mobiliario","publisher":{"@id":"https:\/\/decoplanta.com\/pt-pt\/#organization"},"potentialAction":[{"@type":"SearchAction","target":{"@type":"EntryPoint","urlTemplate":"https:\/\/decoplanta.com\/pt-pt\/?s={search_term_string}"},"query-input":{"@type":"PropertyValueSpecification","valueRequired":true,"valueName":"search_term_string"}}],"inLanguage":"pt-PT"},{"@type":"Organization","@id":"https:\/\/decoplanta.com\/pt-pt\/#organization","name":"Plantas y \u00e1rboles artificiales de Alto Realismo","url":"https:\/\/decoplanta.com\/pt-pt\/","logo":{"@type":"ImageObject","inLanguage":"pt-PT","@id":"https:\/\/decoplanta.com\/pt-pt\/#\/schema\/logo\/image\/","url":"https:\/\/decoplanta.com\/wp-content\/uploads\/2021\/02\/decoplanta-logo2020.svg","contentUrl":"https:\/\/decoplanta.com\/wp-content\/uploads\/2021\/02\/decoplanta-logo2020.svg","width":500,"height":500,"caption":"Plantas y \u00e1rboles artificiales de Alto Realismo"},"image":{"@id":"https:\/\/decoplanta.com\/pt-pt\/#\/schema\/logo\/image\/"}}]}},"_links":{"self":[{"href":"https:\/\/decoplanta.com\/pt-pt\/wp-json\/wp\/v2\/product\/5019","targetHints":{"allow":["GET"]}}],"collection":[{"href":"https:\/\/decoplanta.com\/pt-pt\/wp-json\/wp\/v2\/product"}],"about":[{"href":"https:\/\/decoplanta.com\/pt-pt\/wp-json\/wp\/v2\/types\/product"}],"version-history":[{"count":0,"href":"https:\/\/decoplanta.com\/pt-pt\/wp-json\/wp\/v2\/product\/5019\/revisions"}],"wp:featuredmedia":[{"embeddable":true,"href":"https:\/\/decoplanta.com\/pt-pt\/wp-json\/wp\/v2\/media\/5996"}],"wp:attachment":[{"href":"https:\/\/decoplanta.com\/pt-pt\/wp-json\/wp\/v2\/media?parent=5019"}],"wp:term":[{"taxonomy":"product_brand","embeddable":true,"href":"https:\/\/decoplanta.com\/pt-pt\/wp-json\/wp\/v2\/product_brand?post=5019"},{"taxonomy":"product_cat","embeddable":true,"href":"https:\/\/decoplanta.com\/pt-pt\/wp-json\/wp\/v2\/product_cat?post=5019"},{"taxonomy":"product_tag","embeddable":true,"href":"https:\/\/decoplanta.com\/pt-pt\/wp-json\/wp\/v2\/product_tag?post=5019"}],"curies":[{"name":"wp","href":"https:\/\/api.w.org\/{rel}","templated":true}]}}