{"id":5134,"date":"2021-03-20T17:23:16","date_gmt":"2022-10-13T06:29:29","guid":{"rendered":"https:\/\/decoplanta.com\/sem%20categoria\/planta-suspensa-ficus-pumila-uv\/"},"modified":"2023-11-01T15:03:35","modified_gmt":"2023-11-01T14:03:35","slug":"planta-suspensa-ficus-pumila-uv","status":"publish","type":"product","link":"https:\/\/decoplanta.com\/pt-pt\/plantas-suspensas\/planta-suspensa-ficus-pumila-uv\/","title":{"rendered":"Planta suspensa FICUS PUMILA UV"},"content":{"rendered":"<p>Planta suspensa artificial FICUS PUMILA UV, 80 cm de comprimento. Com protec\u00e7\u00e3o UV exterior, n\u00e3o se desvanecer\u00e1, tornando-o o complemento perfeito para o seu jardim. Incrivelmente bonito, acrescenta cor e um toque natural a qualquer espa\u00e7o. Esta Planta suspensa artificial FICUS tem um espig\u00e3o para facilitar a sua coloca\u00e7\u00e3o. Com um longo rasto de delicadas folhas verdes de grande realismo. S\u00e3o perfeitos para cobrir uma treli\u00e7a ou para plantar num vaso pendurado. Vendido em caixas indivis\u00edveis de 12 unidades. Pre\u00e7o por unidade no cat\u00e1logo.<\/p>\n<p>Se j\u00e1 decidiu decorar o seu espa\u00e7o com\u00a0<b>Plantas Penduradas Artificiais<\/b> em <a href=\"https:\/\/decoplanta.com\/pt-pt\/plantas-suspensas-artificiais\/planta-suspensa-folha-de-videira\/\">decoplanta<\/a>\u00a0temos uma\u00a0<b>grande variedade<\/b>\u00a0que se adapta ao estilo que procura.\u00a0Al\u00e9m disso, s\u00e3o t\u00e3o\u00a0<b>realistas<\/b>\u00a0que o efeito que proporcionam \u00e9 compar\u00e1vel ao das plantas naturais.<\/p>\n<p>Al\u00e9m de n\u00e3o precisar de manuten\u00e7\u00e3o, voc\u00ea conhece as outras\u00a0<b>vantagens<\/b>\u00a0das <a href=\"https:\/\/casa.abril.com.br\/jardins-e-hortas\/12-melhores-plantas-suspensas-ter-em-casa\/\">Plantas Suspensas Artificiais<\/a>?<\/p>\n<ul>\n<li>Eles s\u00e3o\u00a0<b>perfeitos<\/b>\u00a0para todos os tipos de espa\u00e7os, incluindo\u00a0<b>espa\u00e7os pequenos<\/b>\u00a0, j\u00e1 que dificilmente ocupam espa\u00e7o.<\/li>\n<li>Eles s\u00e3o muito\u00a0<b>f\u00e1ceis de instalar<\/b>\u00a0.<\/li>\n<li>Voc\u00ea pode\u00a0<b>escolher a planta que mais gosta<\/b>\u00a0sem levar em considera\u00e7\u00e3o sua\u00a0<b>localiza\u00e7\u00e3o, cuidado, clima ou luz solar ideal<\/b>\u00a0.<\/li>\n<\/ul>\n<p>Em compara\u00e7\u00e3o com as plantas naturais,\u00a0<b>pesam muito menos<\/b>\u00a0porque n\u00e3o precisam de solo.<\/p>\n","protected":false},"excerpt":{"rendered":"<p>Planta suspensa artificial FICUS PUMILA, 80 cm de comprimento. Com protec\u00e7\u00e3o UV exterior, n\u00e3o se desvanecer\u00e1, tornando-o o complemento perfeito para o seu jardim. Incrivelmente bonito, acrescenta cor e um toque natural a qualquer espa\u00e7o. Esta Ficus Pumila suspensa artificial tem um espig\u00e3o para facilitar a sua coloca\u00e7\u00e3o. Com um longo rasto de delicadas folhas verdes de grande realismo. S\u00e3o perfeitos para cobrir uma treli\u00e7a ou para plantar num vaso pendurado.<\/p>\n<p>Pre\u00e7o por unidade no cat\u00e1logo.<\/p>\n<table>\n<tbody>\n<tr>\n<td><strong>REF<\/strong><\/td>\n<td><strong>ALTURA<\/strong><\/td>\n<\/tr>\n<tr>\n<td><strong>421434<\/strong><\/td>\n<td>80 cm<\/td>\n<\/tr>\n<\/tbody>\n<\/table>\n","protected":false},"featured_media":4495,"template":"","meta":{"_monsterinsights_skip_tracking":false,"_monsterinsights_sitenote_active":false,"_monsterinsights_sitenote_note":"","_monsterinsights_sitenote_category":0},"product_brand":[],"product_cat":[394,392],"product_tag":[407],"class_list":{"0":"post-5134","1":"product","2":"type-product","3":"status-publish","4":"has-post-thumbnail","6":"product_cat-plantas-ao-ar-livre-artificiais","7":"product_cat-plantas-suspensas","8":"product_tag-planta-artificial-com-protecao-uv","9":"","10":"woocommerce-text-align-center","11":"woocommerce-image-align-center","12":"do-quantity-buttons","14":"first","15":"instock","16":"taxable","17":"shipping-taxable","18":"purchasable","19":"product-type-simple"},"yoast_head":"<!-- This site is optimized with the Yoast SEO plugin v27.4 - https:\/\/yoast.com\/product\/yoast-seo-wordpress\/ -->\n<title>Planta suspensa artificial FICUS PUMILA UV para uso exterior<\/title>\n<meta name=\"description\" content=\"Planta suspensa artificial FICUS PUMILA UV 80 cm. Com protec\u00e7\u00e3o UV para utiliza\u00e7\u00e3o no exterior. Acrescenta cor e um toque natural a qualquer espa\u00e7o\" \/>\n<meta name=\"robots\" content=\"index, follow, max-snippet:-1, max-image-preview:large, max-video-preview:-1\" \/>\n<link rel=\"canonical\" href=\"https:\/\/decoplanta.com\/pt-pt\/plantas-suspensas\/planta-suspensa-ficus-pumila-uv\/\" \/>\n<meta property=\"og:locale\" content=\"pt_PT\" \/>\n<meta property=\"og:type\" content=\"article\" \/>\n<meta property=\"og:title\" content=\"Planta suspensa artificial FICUS PUMILA UV para uso exterior\" \/>\n<meta property=\"og:description\" content=\"Planta suspensa artificial FICUS PUMILA UV 80 cm. Com protec\u00e7\u00e3o UV para utiliza\u00e7\u00e3o no exterior. Acrescenta cor e um toque natural a qualquer espa\u00e7o\" \/>\n<meta property=\"og:url\" content=\"https:\/\/decoplanta.com\/pt-pt\/plantas-suspensas\/planta-suspensa-ficus-pumila-uv\/\" \/>\n<meta property=\"og:site_name\" content=\"Plantas y \u00e1rboles artificiales de Alto Realismo\" \/>\n<meta property=\"article:modified_time\" content=\"2023-11-01T14:03:35+00:00\" \/>\n<meta property=\"og:image\" content=\"https:\/\/decoplanta.com\/wp-content\/uploads\/2021\/03\/421434-Planta_Colgante-FICUS_PUMILA_UV.jpg\" \/>\n\t<meta property=\"og:image:width\" content=\"2300\" \/>\n\t<meta property=\"og:image:height\" content=\"2300\" \/>\n\t<meta property=\"og:image:type\" content=\"image\/jpeg\" \/>\n<meta name=\"twitter:card\" content=\"summary_large_image\" \/>\n<meta name=\"twitter:label1\" content=\"Tempo estimado de leitura\" \/>\n\t<meta name=\"twitter:data1\" content=\"1 minuto\" \/>\n<script type=\"application\/ld+json\" class=\"yoast-schema-graph\">{\"@context\":\"https:\\\/\\\/schema.org\",\"@graph\":[{\"@type\":\"WebPage\",\"@id\":\"https:\\\/\\\/decoplanta.com\\\/pt-pt\\\/plantas-suspensas\\\/planta-suspensa-ficus-pumila-uv\\\/\",\"url\":\"https:\\\/\\\/decoplanta.com\\\/pt-pt\\\/plantas-suspensas\\\/planta-suspensa-ficus-pumila-uv\\\/\",\"name\":\"Planta suspensa artificial FICUS PUMILA UV para uso exterior\",\"isPartOf\":{\"@id\":\"https:\\\/\\\/decoplanta.com\\\/pt-pt\\\/#website\"},\"primaryImageOfPage\":{\"@id\":\"https:\\\/\\\/decoplanta.com\\\/pt-pt\\\/plantas-suspensas\\\/planta-suspensa-ficus-pumila-uv\\\/#primaryimage\"},\"image\":{\"@id\":\"https:\\\/\\\/decoplanta.com\\\/pt-pt\\\/plantas-suspensas\\\/planta-suspensa-ficus-pumila-uv\\\/#primaryimage\"},\"thumbnailUrl\":\"https:\\\/\\\/decoplanta.com\\\/wp-content\\\/uploads\\\/2021\\\/03\\\/421434-Planta_Colgante-FICUS_PUMILA_UV.jpg\",\"datePublished\":\"2022-10-13T06:29:29+00:00\",\"dateModified\":\"2023-11-01T14:03:35+00:00\",\"description\":\"Planta suspensa artificial FICUS PUMILA UV 80 cm. Com protec\u00e7\u00e3o UV para utiliza\u00e7\u00e3o no exterior. Acrescenta cor e um toque natural a qualquer espa\u00e7o\",\"breadcrumb\":{\"@id\":\"https:\\\/\\\/decoplanta.com\\\/pt-pt\\\/plantas-suspensas\\\/planta-suspensa-ficus-pumila-uv\\\/#breadcrumb\"},\"inLanguage\":\"pt-PT\",\"potentialAction\":[{\"@type\":\"ReadAction\",\"target\":[\"https:\\\/\\\/decoplanta.com\\\/pt-pt\\\/plantas-suspensas\\\/planta-suspensa-ficus-pumila-uv\\\/\"]}]},{\"@type\":\"ImageObject\",\"inLanguage\":\"pt-PT\",\"@id\":\"https:\\\/\\\/decoplanta.com\\\/pt-pt\\\/plantas-suspensas\\\/planta-suspensa-ficus-pumila-uv\\\/#primaryimage\",\"url\":\"https:\\\/\\\/decoplanta.com\\\/wp-content\\\/uploads\\\/2021\\\/03\\\/421434-Planta_Colgante-FICUS_PUMILA_UV.jpg\",\"contentUrl\":\"https:\\\/\\\/decoplanta.com\\\/wp-content\\\/uploads\\\/2021\\\/03\\\/421434-Planta_Colgante-FICUS_PUMILA_UV.jpg\",\"width\":2300,\"height\":2300,\"caption\":\"Planta suspensa artificial FICUS UV PUMILA, 80 cm de comprimento\"},{\"@type\":\"BreadcrumbList\",\"@id\":\"https:\\\/\\\/decoplanta.com\\\/pt-pt\\\/plantas-suspensas\\\/planta-suspensa-ficus-pumila-uv\\\/#breadcrumb\",\"itemListElement\":[{\"@type\":\"ListItem\",\"position\":1,\"name\":\"Portada\",\"item\":\"https:\\\/\\\/decoplanta.com\\\/pt-pt\\\/\"},{\"@type\":\"ListItem\",\"position\":2,\"name\":\"Priv\u00e9\u00a0: Tienda\",\"item\":\"https:\\\/\\\/decoplanta.com\\\/?page_id=377\"},{\"@type\":\"ListItem\",\"position\":3,\"name\":\"Planta suspensa FICUS PUMILA UV\"}]},{\"@type\":\"WebSite\",\"@id\":\"https:\\\/\\\/decoplanta.com\\\/pt-pt\\\/#website\",\"url\":\"https:\\\/\\\/decoplanta.com\\\/pt-pt\\\/\",\"name\":\"Plantas y \u00e1rboles artificiales de Alto Realismo\",\"description\":\"Proveedor de Plantas artificiales para estudios de Arquitectura, Interiorismo, Paisajismo, Escenograf\u00eda, Tiendas de Decoraci\u00f3n Florister\u00edas y Mobiliario\",\"publisher\":{\"@id\":\"https:\\\/\\\/decoplanta.com\\\/pt-pt\\\/#organization\"},\"potentialAction\":[{\"@type\":\"SearchAction\",\"target\":{\"@type\":\"EntryPoint\",\"urlTemplate\":\"https:\\\/\\\/decoplanta.com\\\/pt-pt\\\/?s={search_term_string}\"},\"query-input\":{\"@type\":\"PropertyValueSpecification\",\"valueRequired\":true,\"valueName\":\"search_term_string\"}}],\"inLanguage\":\"pt-PT\"},{\"@type\":\"Organization\",\"@id\":\"https:\\\/\\\/decoplanta.com\\\/pt-pt\\\/#organization\",\"name\":\"Plantas y \u00e1rboles artificiales de Alto Realismo\",\"url\":\"https:\\\/\\\/decoplanta.com\\\/pt-pt\\\/\",\"logo\":{\"@type\":\"ImageObject\",\"inLanguage\":\"pt-PT\",\"@id\":\"https:\\\/\\\/decoplanta.com\\\/pt-pt\\\/#\\\/schema\\\/logo\\\/image\\\/\",\"url\":\"https:\\\/\\\/decoplanta.com\\\/wp-content\\\/uploads\\\/2021\\\/02\\\/decoplanta-logo2020.svg\",\"contentUrl\":\"https:\\\/\\\/decoplanta.com\\\/wp-content\\\/uploads\\\/2021\\\/02\\\/decoplanta-logo2020.svg\",\"width\":500,\"height\":500,\"caption\":\"Plantas y \u00e1rboles artificiales de Alto Realismo\"},\"image\":{\"@id\":\"https:\\\/\\\/decoplanta.com\\\/pt-pt\\\/#\\\/schema\\\/logo\\\/image\\\/\"}}]}<\/script>\n<!-- \/ Yoast SEO plugin. -->","yoast_head_json":{"title":"Planta suspensa artificial FICUS PUMILA UV para uso exterior","description":"Planta suspensa artificial FICUS PUMILA UV 80 cm. Com protec\u00e7\u00e3o UV para utiliza\u00e7\u00e3o no exterior. Acrescenta cor e um toque natural a qualquer espa\u00e7o","robots":{"index":"index","follow":"follow","max-snippet":"max-snippet:-1","max-image-preview":"max-image-preview:large","max-video-preview":"max-video-preview:-1"},"canonical":"https:\/\/decoplanta.com\/pt-pt\/plantas-suspensas\/planta-suspensa-ficus-pumila-uv\/","og_locale":"pt_PT","og_type":"article","og_title":"Planta suspensa artificial FICUS PUMILA UV para uso exterior","og_description":"Planta suspensa artificial FICUS PUMILA UV 80 cm. Com protec\u00e7\u00e3o UV para utiliza\u00e7\u00e3o no exterior. Acrescenta cor e um toque natural a qualquer espa\u00e7o","og_url":"https:\/\/decoplanta.com\/pt-pt\/plantas-suspensas\/planta-suspensa-ficus-pumila-uv\/","og_site_name":"Plantas y \u00e1rboles artificiales de Alto Realismo","article_modified_time":"2023-11-01T14:03:35+00:00","og_image":[{"width":2300,"height":2300,"url":"https:\/\/decoplanta.com\/wp-content\/uploads\/2021\/03\/421434-Planta_Colgante-FICUS_PUMILA_UV.jpg","type":"image\/jpeg"}],"twitter_card":"summary_large_image","twitter_misc":{"Tempo estimado de leitura":"1 minuto"},"schema":{"@context":"https:\/\/schema.org","@graph":[{"@type":"WebPage","@id":"https:\/\/decoplanta.com\/pt-pt\/plantas-suspensas\/planta-suspensa-ficus-pumila-uv\/","url":"https:\/\/decoplanta.com\/pt-pt\/plantas-suspensas\/planta-suspensa-ficus-pumila-uv\/","name":"Planta suspensa artificial FICUS PUMILA UV para uso exterior","isPartOf":{"@id":"https:\/\/decoplanta.com\/pt-pt\/#website"},"primaryImageOfPage":{"@id":"https:\/\/decoplanta.com\/pt-pt\/plantas-suspensas\/planta-suspensa-ficus-pumila-uv\/#primaryimage"},"image":{"@id":"https:\/\/decoplanta.com\/pt-pt\/plantas-suspensas\/planta-suspensa-ficus-pumila-uv\/#primaryimage"},"thumbnailUrl":"https:\/\/decoplanta.com\/wp-content\/uploads\/2021\/03\/421434-Planta_Colgante-FICUS_PUMILA_UV.jpg","datePublished":"2022-10-13T06:29:29+00:00","dateModified":"2023-11-01T14:03:35+00:00","description":"Planta suspensa artificial FICUS PUMILA UV 80 cm. Com protec\u00e7\u00e3o UV para utiliza\u00e7\u00e3o no exterior. Acrescenta cor e um toque natural a qualquer espa\u00e7o","breadcrumb":{"@id":"https:\/\/decoplanta.com\/pt-pt\/plantas-suspensas\/planta-suspensa-ficus-pumila-uv\/#breadcrumb"},"inLanguage":"pt-PT","potentialAction":[{"@type":"ReadAction","target":["https:\/\/decoplanta.com\/pt-pt\/plantas-suspensas\/planta-suspensa-ficus-pumila-uv\/"]}]},{"@type":"ImageObject","inLanguage":"pt-PT","@id":"https:\/\/decoplanta.com\/pt-pt\/plantas-suspensas\/planta-suspensa-ficus-pumila-uv\/#primaryimage","url":"https:\/\/decoplanta.com\/wp-content\/uploads\/2021\/03\/421434-Planta_Colgante-FICUS_PUMILA_UV.jpg","contentUrl":"https:\/\/decoplanta.com\/wp-content\/uploads\/2021\/03\/421434-Planta_Colgante-FICUS_PUMILA_UV.jpg","width":2300,"height":2300,"caption":"Planta suspensa artificial FICUS UV PUMILA, 80 cm de comprimento"},{"@type":"BreadcrumbList","@id":"https:\/\/decoplanta.com\/pt-pt\/plantas-suspensas\/planta-suspensa-ficus-pumila-uv\/#breadcrumb","itemListElement":[{"@type":"ListItem","position":1,"name":"Portada","item":"https:\/\/decoplanta.com\/pt-pt\/"},{"@type":"ListItem","position":2,"name":"Priv\u00e9\u00a0: Tienda","item":"https:\/\/decoplanta.com\/?page_id=377"},{"@type":"ListItem","position":3,"name":"Planta suspensa FICUS PUMILA UV"}]},{"@type":"WebSite","@id":"https:\/\/decoplanta.com\/pt-pt\/#website","url":"https:\/\/decoplanta.com\/pt-pt\/","name":"Plantas y \u00e1rboles artificiales de Alto Realismo","description":"Proveedor de Plantas artificiales para estudios de Arquitectura, Interiorismo, Paisajismo, Escenograf\u00eda, Tiendas de Decoraci\u00f3n Florister\u00edas y Mobiliario","publisher":{"@id":"https:\/\/decoplanta.com\/pt-pt\/#organization"},"potentialAction":[{"@type":"SearchAction","target":{"@type":"EntryPoint","urlTemplate":"https:\/\/decoplanta.com\/pt-pt\/?s={search_term_string}"},"query-input":{"@type":"PropertyValueSpecification","valueRequired":true,"valueName":"search_term_string"}}],"inLanguage":"pt-PT"},{"@type":"Organization","@id":"https:\/\/decoplanta.com\/pt-pt\/#organization","name":"Plantas y \u00e1rboles artificiales de Alto Realismo","url":"https:\/\/decoplanta.com\/pt-pt\/","logo":{"@type":"ImageObject","inLanguage":"pt-PT","@id":"https:\/\/decoplanta.com\/pt-pt\/#\/schema\/logo\/image\/","url":"https:\/\/decoplanta.com\/wp-content\/uploads\/2021\/02\/decoplanta-logo2020.svg","contentUrl":"https:\/\/decoplanta.com\/wp-content\/uploads\/2021\/02\/decoplanta-logo2020.svg","width":500,"height":500,"caption":"Plantas y \u00e1rboles artificiales de Alto Realismo"},"image":{"@id":"https:\/\/decoplanta.com\/pt-pt\/#\/schema\/logo\/image\/"}}]}},"_links":{"self":[{"href":"https:\/\/decoplanta.com\/pt-pt\/wp-json\/wp\/v2\/product\/5134","targetHints":{"allow":["GET"]}}],"collection":[{"href":"https:\/\/decoplanta.com\/pt-pt\/wp-json\/wp\/v2\/product"}],"about":[{"href":"https:\/\/decoplanta.com\/pt-pt\/wp-json\/wp\/v2\/types\/product"}],"version-history":[{"count":0,"href":"https:\/\/decoplanta.com\/pt-pt\/wp-json\/wp\/v2\/product\/5134\/revisions"}],"wp:featuredmedia":[{"embeddable":true,"href":"https:\/\/decoplanta.com\/pt-pt\/wp-json\/wp\/v2\/media\/4495"}],"wp:attachment":[{"href":"https:\/\/decoplanta.com\/pt-pt\/wp-json\/wp\/v2\/media?parent=5134"}],"wp:term":[{"taxonomy":"product_brand","embeddable":true,"href":"https:\/\/decoplanta.com\/pt-pt\/wp-json\/wp\/v2\/product_brand?post=5134"},{"taxonomy":"product_cat","embeddable":true,"href":"https:\/\/decoplanta.com\/pt-pt\/wp-json\/wp\/v2\/product_cat?post=5134"},{"taxonomy":"product_tag","embeddable":true,"href":"https:\/\/decoplanta.com\/pt-pt\/wp-json\/wp\/v2\/product_tag?post=5134"}],"curies":[{"name":"wp","href":"https:\/\/api.w.org\/{rel}","templated":true}]}}