{"id":5136,"date":"2021-03-20T17:05:37","date_gmt":"2022-10-13T06:29:31","guid":{"rendered":"https:\/\/decoplanta.com\/sem%20categoria\/planta-suspensa-feto-uv\/"},"modified":"2023-11-01T15:05:42","modified_gmt":"2023-11-01T14:05:42","slug":"planta-suspensa-feto-uv","status":"publish","type":"product","link":"https:\/\/decoplanta.com\/pt-pt\/plantas-suspensas\/planta-suspensa-feto-uv\/","title":{"rendered":"Planta suspensa FETO UV"},"content":{"rendered":"<p>Planta suspensa FETO UV artificial de 80 cm de comprimento. Com protec\u00e7\u00e3o UV, pode viver ao ar livre e n\u00e3o se desvanece, tornando-o o complemento perfeito para o seu jardim. Incrivelmente bonito, acrescenta cor e um toque natural a qualquer espa\u00e7o. Com um longo rasto de delicadas folhas verdes para adicionar alguma textura. S\u00e3o perfeitos para cobrir uma treli\u00e7a ou para plantar num vaso pendurado. Este feto artificial pendurado tem um espig\u00e3o para facilitar a sua fixa\u00e7\u00e3o. Vendido em caixas indivis\u00edveis.<\/p>\n<h2>Porqu\u00ea Planta suspensa FETO UV artificial?<\/h2>\n<p>Poucos fetos reais toleram locais quentes e ensolarados; no entanto, lutam para sobreviver na sombra profunda, tornando-os dif\u00edceis de cuidar.<\/p>\n<h3>Alguma hist\u00f3ria do feto:<\/h3>\n<p>A planta do feto apareceu pela primeira vez na Terra h\u00e1 cerca de 360 milh\u00f5es de anos. A maioria dos fetos modernos surgiu pela primeira vez durante a era dos dinossauros. Vendido em caixas indivis\u00edveis de 12 unidades. Pre\u00e7o por unidade no cat\u00e1logo.<\/p>\n","protected":false},"excerpt":{"rendered":"<p>Planta suspensa FETO UV artificial de 80 cm de comprimento. Com protec\u00e7\u00e3o UV, pode viver ao ar livre e n\u00e3o se desvanece, tornando-o o complemento perfeito para o seu jardim. Incrivelmente bonito, acrescenta cor e um toque natural a qualquer espa\u00e7o. Com um longo rasto de delicadas folhas verdes para adicionar alguma textura. S\u00e3o perfeitos para cobrir uma treli\u00e7a ou para plantar num vaso pendurado. Este feto artificial pendurado tem um espig\u00e3o para facilitar a sua fixa\u00e7\u00e3o.<\/p>\n<p>Pre\u00e7o por unidade no cat\u00e1logo.<\/p>\n<table>\n<tbody>\n<tr>\n<td><strong>REF<\/strong><\/td>\n<td><strong>ALTURA<\/strong><\/td>\n<\/tr>\n<tr>\n<td><strong>421432<\/strong><\/td>\n<td>80 cm<\/td>\n<\/tr>\n<\/tbody>\n<\/table>\n","protected":false},"featured_media":5986,"template":"","meta":{"_monsterinsights_skip_tracking":false,"_monsterinsights_sitenote_active":false,"_monsterinsights_sitenote_note":"","_monsterinsights_sitenote_category":0},"product_brand":[],"product_cat":[394,392],"product_tag":[407,412,413],"class_list":{"0":"post-5136","1":"product","2":"type-product","3":"status-publish","4":"has-post-thumbnail","6":"product_cat-plantas-ao-ar-livre-artificiais","7":"product_cat-plantas-suspensas","8":"product_tag-planta-artificial-com-protecao-uv","9":"product_tag-feto-artificial-ao-ar-livre","10":"product_tag-feto-para-interior","11":"","12":"woocommerce-text-align-center","13":"woocommerce-image-align-center","14":"do-quantity-buttons","16":"first","17":"instock","18":"taxable","19":"shipping-taxable","20":"purchasable","21":"product-type-simple"},"yoast_head":"<!-- This site is optimized with the Yoast SEO plugin v27.4 - https:\/\/yoast.com\/product\/yoast-seo-wordpress\/ -->\n<title>Planta suspensa FETO UV com alto realismo para o ar livre<\/title>\n<meta name=\"description\" content=\"Planta suspensa FETO UV artificial de 80 cm de comprimento. Protec\u00e7\u00e3o UV para utiliza\u00e7\u00e3o no exterior. \u00c9 o complemento perfeito para o seu jardim exterior\" \/>\n<meta name=\"robots\" content=\"index, follow, max-snippet:-1, max-image-preview:large, max-video-preview:-1\" \/>\n<link rel=\"canonical\" href=\"https:\/\/decoplanta.com\/pt-pt\/plantas-suspensas\/planta-suspensa-feto-uv\/\" \/>\n<meta property=\"og:locale\" content=\"pt_PT\" \/>\n<meta property=\"og:type\" content=\"article\" \/>\n<meta property=\"og:title\" content=\"Planta suspensa FETO UV com alto realismo para o ar livre\" \/>\n<meta property=\"og:description\" content=\"Planta suspensa FETO UV artificial de 80 cm de comprimento. Protec\u00e7\u00e3o UV para utiliza\u00e7\u00e3o no exterior. \u00c9 o complemento perfeito para o seu jardim exterior\" \/>\n<meta property=\"og:url\" content=\"https:\/\/decoplanta.com\/pt-pt\/plantas-suspensas\/planta-suspensa-feto-uv\/\" \/>\n<meta property=\"og:site_name\" content=\"Plantas y \u00e1rboles artificiales de Alto Realismo\" \/>\n<meta property=\"article:modified_time\" content=\"2023-11-01T14:05:42+00:00\" \/>\n<meta property=\"og:image\" content=\"https:\/\/decoplanta.com\/wp-content\/uploads\/2021\/03\/421432-Planta_Colgante-HELECHO_UV-3.jpg\" \/>\n\t<meta property=\"og:image:width\" content=\"2048\" \/>\n\t<meta property=\"og:image:height\" content=\"2048\" \/>\n\t<meta property=\"og:image:type\" content=\"image\/jpeg\" \/>\n<meta name=\"twitter:card\" content=\"summary_large_image\" \/>\n<meta name=\"twitter:label1\" content=\"Tempo estimado de leitura\" \/>\n\t<meta name=\"twitter:data1\" content=\"1 minuto\" \/>\n<script type=\"application\/ld+json\" class=\"yoast-schema-graph\">{\"@context\":\"https:\\\/\\\/schema.org\",\"@graph\":[{\"@type\":\"WebPage\",\"@id\":\"https:\\\/\\\/decoplanta.com\\\/pt-pt\\\/plantas-suspensas\\\/planta-suspensa-feto-uv\\\/\",\"url\":\"https:\\\/\\\/decoplanta.com\\\/pt-pt\\\/plantas-suspensas\\\/planta-suspensa-feto-uv\\\/\",\"name\":\"Planta suspensa FETO UV com alto realismo para o ar livre\",\"isPartOf\":{\"@id\":\"https:\\\/\\\/decoplanta.com\\\/pt-pt\\\/#website\"},\"primaryImageOfPage\":{\"@id\":\"https:\\\/\\\/decoplanta.com\\\/pt-pt\\\/plantas-suspensas\\\/planta-suspensa-feto-uv\\\/#primaryimage\"},\"image\":{\"@id\":\"https:\\\/\\\/decoplanta.com\\\/pt-pt\\\/plantas-suspensas\\\/planta-suspensa-feto-uv\\\/#primaryimage\"},\"thumbnailUrl\":\"https:\\\/\\\/decoplanta.com\\\/wp-content\\\/uploads\\\/2021\\\/03\\\/421432-Planta_Colgante-HELECHO_UV-3.jpg\",\"datePublished\":\"2022-10-13T06:29:31+00:00\",\"dateModified\":\"2023-11-01T14:05:42+00:00\",\"description\":\"Planta suspensa FETO UV artificial de 80 cm de comprimento. Protec\u00e7\u00e3o UV para utiliza\u00e7\u00e3o no exterior. \u00c9 o complemento perfeito para o seu jardim exterior\",\"breadcrumb\":{\"@id\":\"https:\\\/\\\/decoplanta.com\\\/pt-pt\\\/plantas-suspensas\\\/planta-suspensa-feto-uv\\\/#breadcrumb\"},\"inLanguage\":\"pt-PT\",\"potentialAction\":[{\"@type\":\"ReadAction\",\"target\":[\"https:\\\/\\\/decoplanta.com\\\/pt-pt\\\/plantas-suspensas\\\/planta-suspensa-feto-uv\\\/\"]}]},{\"@type\":\"ImageObject\",\"inLanguage\":\"pt-PT\",\"@id\":\"https:\\\/\\\/decoplanta.com\\\/pt-pt\\\/plantas-suspensas\\\/planta-suspensa-feto-uv\\\/#primaryimage\",\"url\":\"https:\\\/\\\/decoplanta.com\\\/wp-content\\\/uploads\\\/2021\\\/03\\\/421432-Planta_Colgante-HELECHO_UV-3.jpg\",\"contentUrl\":\"https:\\\/\\\/decoplanta.com\\\/wp-content\\\/uploads\\\/2021\\\/03\\\/421432-Planta_Colgante-HELECHO_UV-3.jpg\",\"width\":2048,\"height\":2048,\"caption\":\"Planta colgante de Helecho para exterior\"},{\"@type\":\"BreadcrumbList\",\"@id\":\"https:\\\/\\\/decoplanta.com\\\/pt-pt\\\/plantas-suspensas\\\/planta-suspensa-feto-uv\\\/#breadcrumb\",\"itemListElement\":[{\"@type\":\"ListItem\",\"position\":1,\"name\":\"Portada\",\"item\":\"https:\\\/\\\/decoplanta.com\\\/pt-pt\\\/\"},{\"@type\":\"ListItem\",\"position\":2,\"name\":\"Priv\u00e9\u00a0: Tienda\",\"item\":\"https:\\\/\\\/decoplanta.com\\\/?page_id=377\"},{\"@type\":\"ListItem\",\"position\":3,\"name\":\"Planta suspensa FETO UV\"}]},{\"@type\":\"WebSite\",\"@id\":\"https:\\\/\\\/decoplanta.com\\\/pt-pt\\\/#website\",\"url\":\"https:\\\/\\\/decoplanta.com\\\/pt-pt\\\/\",\"name\":\"Plantas y \u00e1rboles artificiales de Alto Realismo\",\"description\":\"Proveedor de Plantas artificiales para estudios de Arquitectura, Interiorismo, Paisajismo, Escenograf\u00eda, Tiendas de Decoraci\u00f3n Florister\u00edas y Mobiliario\",\"publisher\":{\"@id\":\"https:\\\/\\\/decoplanta.com\\\/pt-pt\\\/#organization\"},\"potentialAction\":[{\"@type\":\"SearchAction\",\"target\":{\"@type\":\"EntryPoint\",\"urlTemplate\":\"https:\\\/\\\/decoplanta.com\\\/pt-pt\\\/?s={search_term_string}\"},\"query-input\":{\"@type\":\"PropertyValueSpecification\",\"valueRequired\":true,\"valueName\":\"search_term_string\"}}],\"inLanguage\":\"pt-PT\"},{\"@type\":\"Organization\",\"@id\":\"https:\\\/\\\/decoplanta.com\\\/pt-pt\\\/#organization\",\"name\":\"Plantas y \u00e1rboles artificiales de Alto Realismo\",\"url\":\"https:\\\/\\\/decoplanta.com\\\/pt-pt\\\/\",\"logo\":{\"@type\":\"ImageObject\",\"inLanguage\":\"pt-PT\",\"@id\":\"https:\\\/\\\/decoplanta.com\\\/pt-pt\\\/#\\\/schema\\\/logo\\\/image\\\/\",\"url\":\"https:\\\/\\\/decoplanta.com\\\/wp-content\\\/uploads\\\/2021\\\/02\\\/decoplanta-logo2020.svg\",\"contentUrl\":\"https:\\\/\\\/decoplanta.com\\\/wp-content\\\/uploads\\\/2021\\\/02\\\/decoplanta-logo2020.svg\",\"width\":500,\"height\":500,\"caption\":\"Plantas y \u00e1rboles artificiales de Alto Realismo\"},\"image\":{\"@id\":\"https:\\\/\\\/decoplanta.com\\\/pt-pt\\\/#\\\/schema\\\/logo\\\/image\\\/\"}}]}<\/script>\n<!-- \/ Yoast SEO plugin. -->","yoast_head_json":{"title":"Planta suspensa FETO UV com alto realismo para o ar livre","description":"Planta suspensa FETO UV artificial de 80 cm de comprimento. Protec\u00e7\u00e3o UV para utiliza\u00e7\u00e3o no exterior. \u00c9 o complemento perfeito para o seu jardim exterior","robots":{"index":"index","follow":"follow","max-snippet":"max-snippet:-1","max-image-preview":"max-image-preview:large","max-video-preview":"max-video-preview:-1"},"canonical":"https:\/\/decoplanta.com\/pt-pt\/plantas-suspensas\/planta-suspensa-feto-uv\/","og_locale":"pt_PT","og_type":"article","og_title":"Planta suspensa FETO UV com alto realismo para o ar livre","og_description":"Planta suspensa FETO UV artificial de 80 cm de comprimento. Protec\u00e7\u00e3o UV para utiliza\u00e7\u00e3o no exterior. \u00c9 o complemento perfeito para o seu jardim exterior","og_url":"https:\/\/decoplanta.com\/pt-pt\/plantas-suspensas\/planta-suspensa-feto-uv\/","og_site_name":"Plantas y \u00e1rboles artificiales de Alto Realismo","article_modified_time":"2023-11-01T14:05:42+00:00","og_image":[{"width":2048,"height":2048,"url":"https:\/\/decoplanta.com\/wp-content\/uploads\/2021\/03\/421432-Planta_Colgante-HELECHO_UV-3.jpg","type":"image\/jpeg"}],"twitter_card":"summary_large_image","twitter_misc":{"Tempo estimado de leitura":"1 minuto"},"schema":{"@context":"https:\/\/schema.org","@graph":[{"@type":"WebPage","@id":"https:\/\/decoplanta.com\/pt-pt\/plantas-suspensas\/planta-suspensa-feto-uv\/","url":"https:\/\/decoplanta.com\/pt-pt\/plantas-suspensas\/planta-suspensa-feto-uv\/","name":"Planta suspensa FETO UV com alto realismo para o ar livre","isPartOf":{"@id":"https:\/\/decoplanta.com\/pt-pt\/#website"},"primaryImageOfPage":{"@id":"https:\/\/decoplanta.com\/pt-pt\/plantas-suspensas\/planta-suspensa-feto-uv\/#primaryimage"},"image":{"@id":"https:\/\/decoplanta.com\/pt-pt\/plantas-suspensas\/planta-suspensa-feto-uv\/#primaryimage"},"thumbnailUrl":"https:\/\/decoplanta.com\/wp-content\/uploads\/2021\/03\/421432-Planta_Colgante-HELECHO_UV-3.jpg","datePublished":"2022-10-13T06:29:31+00:00","dateModified":"2023-11-01T14:05:42+00:00","description":"Planta suspensa FETO UV artificial de 80 cm de comprimento. Protec\u00e7\u00e3o UV para utiliza\u00e7\u00e3o no exterior. \u00c9 o complemento perfeito para o seu jardim exterior","breadcrumb":{"@id":"https:\/\/decoplanta.com\/pt-pt\/plantas-suspensas\/planta-suspensa-feto-uv\/#breadcrumb"},"inLanguage":"pt-PT","potentialAction":[{"@type":"ReadAction","target":["https:\/\/decoplanta.com\/pt-pt\/plantas-suspensas\/planta-suspensa-feto-uv\/"]}]},{"@type":"ImageObject","inLanguage":"pt-PT","@id":"https:\/\/decoplanta.com\/pt-pt\/plantas-suspensas\/planta-suspensa-feto-uv\/#primaryimage","url":"https:\/\/decoplanta.com\/wp-content\/uploads\/2021\/03\/421432-Planta_Colgante-HELECHO_UV-3.jpg","contentUrl":"https:\/\/decoplanta.com\/wp-content\/uploads\/2021\/03\/421432-Planta_Colgante-HELECHO_UV-3.jpg","width":2048,"height":2048,"caption":"Planta colgante de Helecho para exterior"},{"@type":"BreadcrumbList","@id":"https:\/\/decoplanta.com\/pt-pt\/plantas-suspensas\/planta-suspensa-feto-uv\/#breadcrumb","itemListElement":[{"@type":"ListItem","position":1,"name":"Portada","item":"https:\/\/decoplanta.com\/pt-pt\/"},{"@type":"ListItem","position":2,"name":"Priv\u00e9\u00a0: Tienda","item":"https:\/\/decoplanta.com\/?page_id=377"},{"@type":"ListItem","position":3,"name":"Planta suspensa FETO UV"}]},{"@type":"WebSite","@id":"https:\/\/decoplanta.com\/pt-pt\/#website","url":"https:\/\/decoplanta.com\/pt-pt\/","name":"Plantas y \u00e1rboles artificiales de Alto Realismo","description":"Proveedor de Plantas artificiales para estudios de Arquitectura, Interiorismo, Paisajismo, Escenograf\u00eda, Tiendas de Decoraci\u00f3n Florister\u00edas y Mobiliario","publisher":{"@id":"https:\/\/decoplanta.com\/pt-pt\/#organization"},"potentialAction":[{"@type":"SearchAction","target":{"@type":"EntryPoint","urlTemplate":"https:\/\/decoplanta.com\/pt-pt\/?s={search_term_string}"},"query-input":{"@type":"PropertyValueSpecification","valueRequired":true,"valueName":"search_term_string"}}],"inLanguage":"pt-PT"},{"@type":"Organization","@id":"https:\/\/decoplanta.com\/pt-pt\/#organization","name":"Plantas y \u00e1rboles artificiales de Alto Realismo","url":"https:\/\/decoplanta.com\/pt-pt\/","logo":{"@type":"ImageObject","inLanguage":"pt-PT","@id":"https:\/\/decoplanta.com\/pt-pt\/#\/schema\/logo\/image\/","url":"https:\/\/decoplanta.com\/wp-content\/uploads\/2021\/02\/decoplanta-logo2020.svg","contentUrl":"https:\/\/decoplanta.com\/wp-content\/uploads\/2021\/02\/decoplanta-logo2020.svg","width":500,"height":500,"caption":"Plantas y \u00e1rboles artificiales de Alto Realismo"},"image":{"@id":"https:\/\/decoplanta.com\/pt-pt\/#\/schema\/logo\/image\/"}}]}},"_links":{"self":[{"href":"https:\/\/decoplanta.com\/pt-pt\/wp-json\/wp\/v2\/product\/5136","targetHints":{"allow":["GET"]}}],"collection":[{"href":"https:\/\/decoplanta.com\/pt-pt\/wp-json\/wp\/v2\/product"}],"about":[{"href":"https:\/\/decoplanta.com\/pt-pt\/wp-json\/wp\/v2\/types\/product"}],"version-history":[{"count":0,"href":"https:\/\/decoplanta.com\/pt-pt\/wp-json\/wp\/v2\/product\/5136\/revisions"}],"wp:featuredmedia":[{"embeddable":true,"href":"https:\/\/decoplanta.com\/pt-pt\/wp-json\/wp\/v2\/media\/5986"}],"wp:attachment":[{"href":"https:\/\/decoplanta.com\/pt-pt\/wp-json\/wp\/v2\/media?parent=5136"}],"wp:term":[{"taxonomy":"product_brand","embeddable":true,"href":"https:\/\/decoplanta.com\/pt-pt\/wp-json\/wp\/v2\/product_brand?post=5136"},{"taxonomy":"product_cat","embeddable":true,"href":"https:\/\/decoplanta.com\/pt-pt\/wp-json\/wp\/v2\/product_cat?post=5136"},{"taxonomy":"product_tag","embeddable":true,"href":"https:\/\/decoplanta.com\/pt-pt\/wp-json\/wp\/v2\/product_tag?post=5136"}],"curies":[{"name":"wp","href":"https:\/\/api.w.org\/{rel}","templated":true}]}}