{"id":5137,"date":"2021-03-20T16:49:01","date_gmt":"2022-10-13T06:29:31","guid":{"rendered":"https:\/\/decoplanta.com\/sem%20categoria\/arbusto-suspenso-hera-uv\/"},"modified":"2023-11-01T15:06:41","modified_gmt":"2023-11-01T14:06:41","slug":"arbusto-suspenso-hera-artificial-uv","status":"publish","type":"product","link":"https:\/\/decoplanta.com\/pt-pt\/plantas-suspensas\/arbusto-suspenso-hera-artificial-uv\/","title":{"rendered":"Arbusto suspenso HERA UV"},"content":{"rendered":"<p>Arbusto suspenso artificial de Hera UV, com 75 cm de comprimento, constitu\u00eddo por v\u00e1rios tendrilhos com folhas verdes com tons amarelos (variegados). \u00c9 resistente aos raios UV, pelo que a planta de hera pode ser colocada tanto em interiores como ao ar livre. A planta trepadeira \u00e9 um s\u00edmbolo de lealdade porque adere muito firmemente ao seu subsolo. Um simbolismo muito bonito, mas tamb\u00e9m uma grande desvantagem com uma planta de hera real, uma vez que as ra\u00edzes podem causar danos no bet\u00e3o ao cobrir as paredes. \u00c9 perfeito para pendurar em panelas ou pendurar directamente. Vendido em caixas indivis\u00edveis de 12 unidades. Pre\u00e7o por unidade no cat\u00e1logo.<\/p>\n","protected":false},"excerpt":{"rendered":"<p>Arbusto artificial HERA suspenso, com 75 cm de comprimento, constitu\u00eddo por v\u00e1rios tendrilhos com folhas verdes com tons amarelos (variegados). \u00c9 resistente aos raios UV, pelo que a planta de hera pode ser colocada tanto em interiores como ao ar livre. A planta trepadeira \u00e9 um s\u00edmbolo de lealdade porque adere muito firmemente ao seu subsolo. Um simbolismo muito bonito, mas tamb\u00e9m uma grande desvantagem com uma planta de hera real, uma vez que as ra\u00edzes podem causar danos no bet\u00e3o ao cobrir as paredes. \u00c9 perfeito para pendurar em panelas ou pendurar directamente.<\/p>\n<p>Pre\u00e7o por unidade no cat\u00e1logo.<\/p>\n<table>\n<tbody>\n<tr>\n<td><strong>REF<\/strong><\/td>\n<td><strong>ALTURA<\/strong><\/td>\n<\/tr>\n<tr>\n<td><strong>421431<\/strong><\/td>\n<td>75 cm<\/td>\n<\/tr>\n<\/tbody>\n<\/table>\n","protected":false},"featured_media":4492,"template":"","meta":{"_monsterinsights_skip_tracking":false,"_monsterinsights_sitenote_active":false,"_monsterinsights_sitenote_note":"","_monsterinsights_sitenote_category":0},"product_brand":[],"product_cat":[394,392],"product_tag":[407,414],"class_list":{"0":"post-5137","1":"product","2":"type-product","3":"status-publish","4":"has-post-thumbnail","6":"product_cat-plantas-ao-ar-livre-artificiais","7":"product_cat-plantas-suspensas","8":"product_tag-planta-artificial-com-protecao-uv","9":"product_tag-hera-para-decorar","10":"","11":"woocommerce-text-align-center","12":"woocommerce-image-align-center","13":"do-quantity-buttons","15":"first","16":"instock","17":"taxable","18":"shipping-taxable","19":"purchasable","20":"product-type-simple"},"yoast_head":"<!-- This site is optimized with the Yoast SEO plugin v27.3 - https:\/\/yoast.com\/product\/yoast-seo-wordpress\/ -->\n<title>Arbusto suspenso de HERA artificial uso exterior<\/title>\n<meta name=\"description\" content=\"Arbusto suspenso de HERA artificial com alto realismo. Inclui tratamento UV para que possa ser utilizado tanto em interiores como ao ar livre.\" \/>\n<meta name=\"robots\" content=\"index, follow, max-snippet:-1, max-image-preview:large, max-video-preview:-1\" \/>\n<link rel=\"canonical\" href=\"https:\/\/decoplanta.com\/pt-pt\/plantas-suspensas\/arbusto-suspenso-hera-artificial-uv\/\" \/>\n<meta property=\"og:locale\" content=\"pt_PT\" \/>\n<meta property=\"og:type\" content=\"article\" \/>\n<meta property=\"og:title\" content=\"Arbusto suspenso de HERA artificial uso exterior\" \/>\n<meta property=\"og:description\" content=\"Arbusto suspenso de HERA artificial com alto realismo. Inclui tratamento UV para que possa ser utilizado tanto em interiores como ao ar livre.\" \/>\n<meta property=\"og:url\" content=\"https:\/\/decoplanta.com\/pt-pt\/plantas-suspensas\/arbusto-suspenso-hera-artificial-uv\/\" \/>\n<meta property=\"og:site_name\" content=\"Plantas y \u00e1rboles artificiales de Alto Realismo\" \/>\n<meta property=\"article:modified_time\" content=\"2023-11-01T14:06:41+00:00\" \/>\n<meta property=\"og:image\" content=\"https:\/\/decoplanta.com\/wp-content\/uploads\/2021\/03\/421431-Planta_Colgante-HIEDRA_UV.jpg\" \/>\n\t<meta property=\"og:image:width\" content=\"2000\" \/>\n\t<meta property=\"og:image:height\" content=\"2000\" \/>\n\t<meta property=\"og:image:type\" content=\"image\/jpeg\" \/>\n<meta name=\"twitter:card\" content=\"summary_large_image\" \/>\n<meta name=\"twitter:label1\" content=\"Tempo estimado de leitura\" \/>\n\t<meta name=\"twitter:data1\" content=\"1 minuto\" \/>\n<script type=\"application\/ld+json\" class=\"yoast-schema-graph\">{\"@context\":\"https:\\\/\\\/schema.org\",\"@graph\":[{\"@type\":\"WebPage\",\"@id\":\"https:\\\/\\\/decoplanta.com\\\/pt-pt\\\/plantas-suspensas\\\/arbusto-suspenso-hera-artificial-uv\\\/\",\"url\":\"https:\\\/\\\/decoplanta.com\\\/pt-pt\\\/plantas-suspensas\\\/arbusto-suspenso-hera-artificial-uv\\\/\",\"name\":\"Arbusto suspenso de HERA artificial uso exterior\",\"isPartOf\":{\"@id\":\"https:\\\/\\\/decoplanta.com\\\/pt-pt\\\/#website\"},\"primaryImageOfPage\":{\"@id\":\"https:\\\/\\\/decoplanta.com\\\/pt-pt\\\/plantas-suspensas\\\/arbusto-suspenso-hera-artificial-uv\\\/#primaryimage\"},\"image\":{\"@id\":\"https:\\\/\\\/decoplanta.com\\\/pt-pt\\\/plantas-suspensas\\\/arbusto-suspenso-hera-artificial-uv\\\/#primaryimage\"},\"thumbnailUrl\":\"https:\\\/\\\/decoplanta.com\\\/wp-content\\\/uploads\\\/2021\\\/03\\\/421431-Planta_Colgante-HIEDRA_UV.jpg\",\"datePublished\":\"2022-10-13T06:29:31+00:00\",\"dateModified\":\"2023-11-01T14:06:41+00:00\",\"description\":\"Arbusto suspenso de HERA artificial com alto realismo. Inclui tratamento UV para que possa ser utilizado tanto em interiores como ao ar livre.\",\"breadcrumb\":{\"@id\":\"https:\\\/\\\/decoplanta.com\\\/pt-pt\\\/plantas-suspensas\\\/arbusto-suspenso-hera-artificial-uv\\\/#breadcrumb\"},\"inLanguage\":\"pt-PT\",\"potentialAction\":[{\"@type\":\"ReadAction\",\"target\":[\"https:\\\/\\\/decoplanta.com\\\/pt-pt\\\/plantas-suspensas\\\/arbusto-suspenso-hera-artificial-uv\\\/\"]}]},{\"@type\":\"ImageObject\",\"inLanguage\":\"pt-PT\",\"@id\":\"https:\\\/\\\/decoplanta.com\\\/pt-pt\\\/plantas-suspensas\\\/arbusto-suspenso-hera-artificial-uv\\\/#primaryimage\",\"url\":\"https:\\\/\\\/decoplanta.com\\\/wp-content\\\/uploads\\\/2021\\\/03\\\/421431-Planta_Colgante-HIEDRA_UV.jpg\",\"contentUrl\":\"https:\\\/\\\/decoplanta.com\\\/wp-content\\\/uploads\\\/2021\\\/03\\\/421431-Planta_Colgante-HIEDRA_UV.jpg\",\"width\":2000,\"height\":2000,\"caption\":\"Arbusto suspenso artificial de Hera UV\"},{\"@type\":\"BreadcrumbList\",\"@id\":\"https:\\\/\\\/decoplanta.com\\\/pt-pt\\\/plantas-suspensas\\\/arbusto-suspenso-hera-artificial-uv\\\/#breadcrumb\",\"itemListElement\":[{\"@type\":\"ListItem\",\"position\":1,\"name\":\"Portada\",\"item\":\"https:\\\/\\\/decoplanta.com\\\/pt-pt\\\/\"},{\"@type\":\"ListItem\",\"position\":2,\"name\":\"Priv\u00e9\u00a0: Tienda\",\"item\":\"https:\\\/\\\/decoplanta.com\\\/?page_id=377\"},{\"@type\":\"ListItem\",\"position\":3,\"name\":\"Arbusto suspenso HERA UV\"}]},{\"@type\":\"WebSite\",\"@id\":\"https:\\\/\\\/decoplanta.com\\\/pt-pt\\\/#website\",\"url\":\"https:\\\/\\\/decoplanta.com\\\/pt-pt\\\/\",\"name\":\"Plantas y \u00e1rboles artificiales de Alto Realismo\",\"description\":\"Proveedor de Plantas artificiales para estudios de Arquitectura, Interiorismo, Paisajismo, Escenograf\u00eda, Tiendas de Decoraci\u00f3n Florister\u00edas y Mobiliario\",\"publisher\":{\"@id\":\"https:\\\/\\\/decoplanta.com\\\/pt-pt\\\/#organization\"},\"potentialAction\":[{\"@type\":\"SearchAction\",\"target\":{\"@type\":\"EntryPoint\",\"urlTemplate\":\"https:\\\/\\\/decoplanta.com\\\/pt-pt\\\/?s={search_term_string}\"},\"query-input\":{\"@type\":\"PropertyValueSpecification\",\"valueRequired\":true,\"valueName\":\"search_term_string\"}}],\"inLanguage\":\"pt-PT\"},{\"@type\":\"Organization\",\"@id\":\"https:\\\/\\\/decoplanta.com\\\/pt-pt\\\/#organization\",\"name\":\"Plantas y \u00e1rboles artificiales de Alto Realismo\",\"url\":\"https:\\\/\\\/decoplanta.com\\\/pt-pt\\\/\",\"logo\":{\"@type\":\"ImageObject\",\"inLanguage\":\"pt-PT\",\"@id\":\"https:\\\/\\\/decoplanta.com\\\/pt-pt\\\/#\\\/schema\\\/logo\\\/image\\\/\",\"url\":\"https:\\\/\\\/decoplanta.com\\\/wp-content\\\/uploads\\\/2021\\\/02\\\/decoplanta-logo2020.svg\",\"contentUrl\":\"https:\\\/\\\/decoplanta.com\\\/wp-content\\\/uploads\\\/2021\\\/02\\\/decoplanta-logo2020.svg\",\"width\":500,\"height\":500,\"caption\":\"Plantas y \u00e1rboles artificiales de Alto Realismo\"},\"image\":{\"@id\":\"https:\\\/\\\/decoplanta.com\\\/pt-pt\\\/#\\\/schema\\\/logo\\\/image\\\/\"}}]}<\/script>\n<!-- \/ Yoast SEO plugin. -->","yoast_head_json":{"title":"Arbusto suspenso de HERA artificial uso exterior","description":"Arbusto suspenso de HERA artificial com alto realismo. Inclui tratamento UV para que possa ser utilizado tanto em interiores como ao ar livre.","robots":{"index":"index","follow":"follow","max-snippet":"max-snippet:-1","max-image-preview":"max-image-preview:large","max-video-preview":"max-video-preview:-1"},"canonical":"https:\/\/decoplanta.com\/pt-pt\/plantas-suspensas\/arbusto-suspenso-hera-artificial-uv\/","og_locale":"pt_PT","og_type":"article","og_title":"Arbusto suspenso de HERA artificial uso exterior","og_description":"Arbusto suspenso de HERA artificial com alto realismo. Inclui tratamento UV para que possa ser utilizado tanto em interiores como ao ar livre.","og_url":"https:\/\/decoplanta.com\/pt-pt\/plantas-suspensas\/arbusto-suspenso-hera-artificial-uv\/","og_site_name":"Plantas y \u00e1rboles artificiales de Alto Realismo","article_modified_time":"2023-11-01T14:06:41+00:00","og_image":[{"width":2000,"height":2000,"url":"https:\/\/decoplanta.com\/wp-content\/uploads\/2021\/03\/421431-Planta_Colgante-HIEDRA_UV.jpg","type":"image\/jpeg"}],"twitter_card":"summary_large_image","twitter_misc":{"Tempo estimado de leitura":"1 minuto"},"schema":{"@context":"https:\/\/schema.org","@graph":[{"@type":"WebPage","@id":"https:\/\/decoplanta.com\/pt-pt\/plantas-suspensas\/arbusto-suspenso-hera-artificial-uv\/","url":"https:\/\/decoplanta.com\/pt-pt\/plantas-suspensas\/arbusto-suspenso-hera-artificial-uv\/","name":"Arbusto suspenso de HERA artificial uso exterior","isPartOf":{"@id":"https:\/\/decoplanta.com\/pt-pt\/#website"},"primaryImageOfPage":{"@id":"https:\/\/decoplanta.com\/pt-pt\/plantas-suspensas\/arbusto-suspenso-hera-artificial-uv\/#primaryimage"},"image":{"@id":"https:\/\/decoplanta.com\/pt-pt\/plantas-suspensas\/arbusto-suspenso-hera-artificial-uv\/#primaryimage"},"thumbnailUrl":"https:\/\/decoplanta.com\/wp-content\/uploads\/2021\/03\/421431-Planta_Colgante-HIEDRA_UV.jpg","datePublished":"2022-10-13T06:29:31+00:00","dateModified":"2023-11-01T14:06:41+00:00","description":"Arbusto suspenso de HERA artificial com alto realismo. Inclui tratamento UV para que possa ser utilizado tanto em interiores como ao ar livre.","breadcrumb":{"@id":"https:\/\/decoplanta.com\/pt-pt\/plantas-suspensas\/arbusto-suspenso-hera-artificial-uv\/#breadcrumb"},"inLanguage":"pt-PT","potentialAction":[{"@type":"ReadAction","target":["https:\/\/decoplanta.com\/pt-pt\/plantas-suspensas\/arbusto-suspenso-hera-artificial-uv\/"]}]},{"@type":"ImageObject","inLanguage":"pt-PT","@id":"https:\/\/decoplanta.com\/pt-pt\/plantas-suspensas\/arbusto-suspenso-hera-artificial-uv\/#primaryimage","url":"https:\/\/decoplanta.com\/wp-content\/uploads\/2021\/03\/421431-Planta_Colgante-HIEDRA_UV.jpg","contentUrl":"https:\/\/decoplanta.com\/wp-content\/uploads\/2021\/03\/421431-Planta_Colgante-HIEDRA_UV.jpg","width":2000,"height":2000,"caption":"Arbusto suspenso artificial de Hera UV"},{"@type":"BreadcrumbList","@id":"https:\/\/decoplanta.com\/pt-pt\/plantas-suspensas\/arbusto-suspenso-hera-artificial-uv\/#breadcrumb","itemListElement":[{"@type":"ListItem","position":1,"name":"Portada","item":"https:\/\/decoplanta.com\/pt-pt\/"},{"@type":"ListItem","position":2,"name":"Priv\u00e9\u00a0: Tienda","item":"https:\/\/decoplanta.com\/?page_id=377"},{"@type":"ListItem","position":3,"name":"Arbusto suspenso HERA UV"}]},{"@type":"WebSite","@id":"https:\/\/decoplanta.com\/pt-pt\/#website","url":"https:\/\/decoplanta.com\/pt-pt\/","name":"Plantas y \u00e1rboles artificiales de Alto Realismo","description":"Proveedor de Plantas artificiales para estudios de Arquitectura, Interiorismo, Paisajismo, Escenograf\u00eda, Tiendas de Decoraci\u00f3n Florister\u00edas y Mobiliario","publisher":{"@id":"https:\/\/decoplanta.com\/pt-pt\/#organization"},"potentialAction":[{"@type":"SearchAction","target":{"@type":"EntryPoint","urlTemplate":"https:\/\/decoplanta.com\/pt-pt\/?s={search_term_string}"},"query-input":{"@type":"PropertyValueSpecification","valueRequired":true,"valueName":"search_term_string"}}],"inLanguage":"pt-PT"},{"@type":"Organization","@id":"https:\/\/decoplanta.com\/pt-pt\/#organization","name":"Plantas y \u00e1rboles artificiales de Alto Realismo","url":"https:\/\/decoplanta.com\/pt-pt\/","logo":{"@type":"ImageObject","inLanguage":"pt-PT","@id":"https:\/\/decoplanta.com\/pt-pt\/#\/schema\/logo\/image\/","url":"https:\/\/decoplanta.com\/wp-content\/uploads\/2021\/02\/decoplanta-logo2020.svg","contentUrl":"https:\/\/decoplanta.com\/wp-content\/uploads\/2021\/02\/decoplanta-logo2020.svg","width":500,"height":500,"caption":"Plantas y \u00e1rboles artificiales de Alto Realismo"},"image":{"@id":"https:\/\/decoplanta.com\/pt-pt\/#\/schema\/logo\/image\/"}}]}},"_links":{"self":[{"href":"https:\/\/decoplanta.com\/pt-pt\/wp-json\/wp\/v2\/product\/5137","targetHints":{"allow":["GET"]}}],"collection":[{"href":"https:\/\/decoplanta.com\/pt-pt\/wp-json\/wp\/v2\/product"}],"about":[{"href":"https:\/\/decoplanta.com\/pt-pt\/wp-json\/wp\/v2\/types\/product"}],"version-history":[{"count":0,"href":"https:\/\/decoplanta.com\/pt-pt\/wp-json\/wp\/v2\/product\/5137\/revisions"}],"wp:featuredmedia":[{"embeddable":true,"href":"https:\/\/decoplanta.com\/pt-pt\/wp-json\/wp\/v2\/media\/4492"}],"wp:attachment":[{"href":"https:\/\/decoplanta.com\/pt-pt\/wp-json\/wp\/v2\/media?parent=5137"}],"wp:term":[{"taxonomy":"product_brand","embeddable":true,"href":"https:\/\/decoplanta.com\/pt-pt\/wp-json\/wp\/v2\/product_brand?post=5137"},{"taxonomy":"product_cat","embeddable":true,"href":"https:\/\/decoplanta.com\/pt-pt\/wp-json\/wp\/v2\/product_cat?post=5137"},{"taxonomy":"product_tag","embeddable":true,"href":"https:\/\/decoplanta.com\/pt-pt\/wp-json\/wp\/v2\/product_tag?post=5137"}],"curies":[{"name":"wp","href":"https:\/\/api.w.org\/{rel}","templated":true}]}}