{"id":5139,"date":"2021-03-18T21:21:52","date_gmt":"2022-10-13T07:15:35","guid":{"rendered":"https:\/\/decoplanta.com\/sem%20categoria\/arbusto-tipo-junco\/"},"modified":"2025-02-02T10:11:48","modified_gmt":"2025-02-02T09:11:48","slug":"arbusto-tipo-junco-artificial","status":"publish","type":"product","link":"https:\/\/decoplanta.com\/pt-pt\/plantas-ao-ar-livre-artificiais\/arbusto-tipo-junco-artificial\/","title":{"rendered":"Arbusto de JUNCO em vaso"},"content":{"rendered":"<p>Arbusto artificial do tipo JUNCO de incr\u00edvel realismo. Inclui tratamento UV espec\u00edfico para uso exterior. O sol e a \u00e1gua n\u00e3o ser\u00e3o um impedimento para o manter com t\u00e3o bom aspecto como no primeiro dia. Dispon\u00edvel com vaso b\u00e1sico ou sem vaso. Vendido em caixas indivis\u00edveis de acordo com a refer\u00eancia. O mesmo arbusto tamb\u00e9m se encontra dispon\u00edvel para a repicagem e decora\u00e7\u00e3o no <a href=\"https:\/\/decoplanta.com\/pincha-y-decora\/arbusto-de-junco-90cm\/\" target=\"_blank\" rel=\"noopener\">nosso website<\/a>.<\/p>\n<h2>Como \u00e9 que \u00e9 o arbusto artificial tipo junco?<\/h2>\n<p>Os arbustos <a href=\"https:\/\/es.wikipedia.org\/wiki\/Junco\" target=\"_blank\" rel=\"noopener\">JUNCO<\/a> s\u00e3o plantas sem caules lenhosos. O verde \u00e9 a sua cor predominante, e quando d\u00e3o frutos produzem muitas sementes. T\u00eam um tipo de infloresc\u00eancia de racemose em que o eixo ou rachis \u00e9 alongado e as flores s\u00e3o s\u00e9sseis.<\/p>\n<p>Os sedimentos s\u00e3o a mais evolutivamente bem sucedida de todas as esp\u00e9cies vegetais. Podem ser encontrados em quase todo o planeta, e podem ser os grandes sobreviventes no caso de uma cat\u00e1strofe global. Mas como s\u00e3o os juncos?<\/p>\n<p>As plantas podem ser classificadas de muitas maneiras. Uma das classifica\u00e7\u00f5es mais frequentemente utilizadas \u00e9 pelo tamanho que atingem. Contudo, n\u00e3o \u00e9 invulgar ter d\u00favidas sobre o que \u00e9 uma erva, um arbusto e uma \u00e1rvore, uma vez que por vezes podem surgir defini\u00e7\u00f5es um pouco diferentes umas das outras.<\/p>\n<p>O arbusto <b>tipo junco<\/b> pertence \u00e0 fam\u00edlia <a title=\"Juncaceae\" href=\"https:\/\/es.wikipedia.org\/wiki\/Juncaceae\">Juncaceae<\/a> (Juncaceae). Existem numerosas esp\u00e9cies de plantas <a class=\"mw-redirect\" title=\"\" href=\"https:\/\/es.wikipedia.org\/wiki\/Monocotiled%C3%B3neas\">monocotiled\u00f3neas<\/a> ligadas \u00e0 \u00e1gua ou a zonas h\u00famidas, com uma altura m\u00e9dia de 50 cm ou mais. S\u00e3o quase sempre portadoras de ra\u00edzes e <a title=\"Rizoma\" href=\"https:\/\/es.wikipedia.org\/wiki\/Rizoma\">rizomatosas<\/a>, com caules erectos ou ascendentes, cil\u00edndricos ou comprimidos. No entanto, est\u00e3o inclu\u00eddos em v\u00e1rios g\u00e9neros, principalmente nas fam\u00edlias <a title=\"Juncaceae\" href=\"https:\/\/es.wikipedia.org\/wiki\/Juncaceae\">Juncaceae<\/a> e <a title=\"Cyperaceae\" href=\"https:\/\/es.wikipedia.org\/wiki\/Cyperaceae\">Cyperaceae<\/a>.<\/p>\n<h2>Como decorar com JUNCO artificial ?<\/h2>\n<p>A cana \u00e9 normalmente usada como s\u00edmbolo da abund\u00e2ncia, ou do culto da deusa Ceres porque, segundo a mitologia, ela foi a inventora da forma de semear e colher trigo e cereais, em que teve Triptolemus como pupilo. Das primeiras, muitas medalhas mostram uma \u00fanica espiga de milho, como \u00e9 o caso das de Artaclia.<\/p>\n<p><strong>S\u00e3o tamb\u00e9m excelentes como plantas de jardim ou de terra\u00e7o<\/strong>, pois embora n\u00e3o produzam normalmente flores muito vistosas, os seus caules e folhas t\u00eam uma eleg\u00e2ncia maravilhosa.<\/p>\n<p>O que conhecemos como <strong>juncos<\/strong> \u00e9 um grupo de plantas que s\u00e3o de grande import\u00e2ncia para a humanidade, pois h\u00e1 muitas esp\u00e9cies que t\u00eam alguma utilidade, por exemplo, no fabrico de cestos ou telhados.<\/p>\n<p>&nbsp;<\/p>\n","protected":false},"excerpt":{"rendered":"<p>Arbusto tipo JUNCO de incr\u00edvel realismo, com ramos em v\u00e1rias tonalidades de verde intenso. Inclui tratamento UV espec\u00edfico para uso exterior. O sol e a \u00e1gua n\u00e3o ser\u00e3o um impedimento para o manter com t\u00e3o bom aspecto como no primeiro dia. Entregado com pote b\u00e1sico.<\/p>\n<table>\n<tbody>\n<tr>\n<td><strong>REF<\/strong><\/td>\n<td><strong>ALTURA<\/strong><\/td>\n<\/tr>\n<tr>\n<td>421422<\/td>\n<td>90 cm<\/td>\n<\/tr>\n<tr>\n<td>421423<\/td>\n<td>115 cm<\/td>\n<\/tr>\n<\/tbody>\n<\/table>\n","protected":false},"featured_media":4459,"template":"","meta":{"_monsterinsights_skip_tracking":false,"_monsterinsights_sitenote_active":false,"_monsterinsights_sitenote_note":"","_monsterinsights_sitenote_category":0},"product_brand":[],"product_cat":[394],"product_tag":[407],"class_list":{"0":"post-5139","1":"product","2":"type-product","3":"status-publish","4":"has-post-thumbnail","6":"product_cat-plantas-ao-ar-livre-artificiais","7":"product_tag-planta-artificial-com-protecao-uv","8":"","9":"woocommerce-text-align-center","10":"woocommerce-image-align-center","11":"do-quantity-buttons","13":"first","14":"instock","15":"taxable","16":"shipping-taxable","17":"purchasable","18":"product-type-variable","19":"has-default-attributes"},"yoast_head":"<!-- This site is optimized with the Yoast SEO plugin v27.3 - https:\/\/yoast.com\/product\/yoast-seo-wordpress\/ -->\n<title>Arbusto artificial do tipo JUNCO com alto realismo e tratamento UV. Exterior<\/title>\n<meta name=\"description\" content=\"Arbusto artificial do tipo JUNCO de incr\u00edvel realismo. Inclui tratamento UV espec\u00edfico para uso exterior. Dispon\u00edvel em 3 alturas\" \/>\n<meta name=\"robots\" content=\"index, follow, max-snippet:-1, max-image-preview:large, max-video-preview:-1\" \/>\n<link rel=\"canonical\" href=\"https:\/\/decoplanta.com\/pt-pt\/plantas-ao-ar-livre-artificiais\/arbusto-tipo-junco-artificial\/\" \/>\n<meta property=\"og:locale\" content=\"pt_PT\" \/>\n<meta property=\"og:type\" content=\"article\" \/>\n<meta property=\"og:title\" content=\"Arbusto artificial do tipo JUNCO com alto realismo e tratamento UV. Exterior\" \/>\n<meta property=\"og:description\" content=\"Arbusto artificial do tipo JUNCO de incr\u00edvel realismo. Inclui tratamento UV espec\u00edfico para uso exterior. Dispon\u00edvel em 3 alturas\" \/>\n<meta property=\"og:url\" content=\"https:\/\/decoplanta.com\/pt-pt\/plantas-ao-ar-livre-artificiais\/arbusto-tipo-junco-artificial\/\" \/>\n<meta property=\"og:site_name\" content=\"Plantas y \u00e1rboles artificiales de Alto Realismo\" \/>\n<meta property=\"article:modified_time\" content=\"2025-02-02T09:11:48+00:00\" \/>\n<meta property=\"og:image\" content=\"https:\/\/decoplanta.com\/wp-content\/uploads\/2021\/03\/421423-arbusto-tipo-junco-115M.jpg\" \/>\n\t<meta property=\"og:image:width\" content=\"2250\" \/>\n\t<meta property=\"og:image:height\" content=\"2250\" \/>\n\t<meta property=\"og:image:type\" content=\"image\/jpeg\" \/>\n<meta name=\"twitter:card\" content=\"summary_large_image\" \/>\n<meta name=\"twitter:label1\" content=\"Tempo estimado de leitura\" \/>\n\t<meta name=\"twitter:data1\" content=\"2 minutos\" \/>\n<script type=\"application\/ld+json\" class=\"yoast-schema-graph\">{\"@context\":\"https:\\\/\\\/schema.org\",\"@graph\":[{\"@type\":\"WebPage\",\"@id\":\"https:\\\/\\\/decoplanta.com\\\/pt-pt\\\/plantas-ao-ar-livre-artificiais\\\/arbusto-tipo-junco-artificial\\\/\",\"url\":\"https:\\\/\\\/decoplanta.com\\\/pt-pt\\\/plantas-ao-ar-livre-artificiais\\\/arbusto-tipo-junco-artificial\\\/\",\"name\":\"Arbusto artificial do tipo JUNCO com alto realismo e tratamento UV. Exterior\",\"isPartOf\":{\"@id\":\"https:\\\/\\\/decoplanta.com\\\/pt-pt\\\/#website\"},\"primaryImageOfPage\":{\"@id\":\"https:\\\/\\\/decoplanta.com\\\/pt-pt\\\/plantas-ao-ar-livre-artificiais\\\/arbusto-tipo-junco-artificial\\\/#primaryimage\"},\"image\":{\"@id\":\"https:\\\/\\\/decoplanta.com\\\/pt-pt\\\/plantas-ao-ar-livre-artificiais\\\/arbusto-tipo-junco-artificial\\\/#primaryimage\"},\"thumbnailUrl\":\"https:\\\/\\\/decoplanta.com\\\/wp-content\\\/uploads\\\/2021\\\/03\\\/421423-arbusto-tipo-junco-115M.jpg\",\"datePublished\":\"2022-10-13T07:15:35+00:00\",\"dateModified\":\"2025-02-02T09:11:48+00:00\",\"description\":\"Arbusto artificial do tipo JUNCO de incr\u00edvel realismo. Inclui tratamento UV espec\u00edfico para uso exterior. Dispon\u00edvel em 3 alturas\",\"breadcrumb\":{\"@id\":\"https:\\\/\\\/decoplanta.com\\\/pt-pt\\\/plantas-ao-ar-livre-artificiais\\\/arbusto-tipo-junco-artificial\\\/#breadcrumb\"},\"inLanguage\":\"pt-PT\",\"potentialAction\":[{\"@type\":\"ReadAction\",\"target\":[\"https:\\\/\\\/decoplanta.com\\\/pt-pt\\\/plantas-ao-ar-livre-artificiais\\\/arbusto-tipo-junco-artificial\\\/\"]}]},{\"@type\":\"ImageObject\",\"inLanguage\":\"pt-PT\",\"@id\":\"https:\\\/\\\/decoplanta.com\\\/pt-pt\\\/plantas-ao-ar-livre-artificiais\\\/arbusto-tipo-junco-artificial\\\/#primaryimage\",\"url\":\"https:\\\/\\\/decoplanta.com\\\/wp-content\\\/uploads\\\/2021\\\/03\\\/421423-arbusto-tipo-junco-115M.jpg\",\"contentUrl\":\"https:\\\/\\\/decoplanta.com\\\/wp-content\\\/uploads\\\/2021\\\/03\\\/421423-arbusto-tipo-junco-115M.jpg\",\"width\":2250,\"height\":2250},{\"@type\":\"BreadcrumbList\",\"@id\":\"https:\\\/\\\/decoplanta.com\\\/pt-pt\\\/plantas-ao-ar-livre-artificiais\\\/arbusto-tipo-junco-artificial\\\/#breadcrumb\",\"itemListElement\":[{\"@type\":\"ListItem\",\"position\":1,\"name\":\"Portada\",\"item\":\"https:\\\/\\\/decoplanta.com\\\/pt-pt\\\/\"},{\"@type\":\"ListItem\",\"position\":2,\"name\":\"Priv\u00e9\u00a0: Tienda\",\"item\":\"https:\\\/\\\/decoplanta.com\\\/?page_id=377\"},{\"@type\":\"ListItem\",\"position\":3,\"name\":\"Arbusto de JUNCO em vaso\"}]},{\"@type\":\"WebSite\",\"@id\":\"https:\\\/\\\/decoplanta.com\\\/pt-pt\\\/#website\",\"url\":\"https:\\\/\\\/decoplanta.com\\\/pt-pt\\\/\",\"name\":\"Plantas y \u00e1rboles artificiales de Alto Realismo\",\"description\":\"Proveedor de Plantas artificiales para estudios de Arquitectura, Interiorismo, Paisajismo, Escenograf\u00eda, Tiendas de Decoraci\u00f3n Florister\u00edas y Mobiliario\",\"publisher\":{\"@id\":\"https:\\\/\\\/decoplanta.com\\\/pt-pt\\\/#organization\"},\"potentialAction\":[{\"@type\":\"SearchAction\",\"target\":{\"@type\":\"EntryPoint\",\"urlTemplate\":\"https:\\\/\\\/decoplanta.com\\\/pt-pt\\\/?s={search_term_string}\"},\"query-input\":{\"@type\":\"PropertyValueSpecification\",\"valueRequired\":true,\"valueName\":\"search_term_string\"}}],\"inLanguage\":\"pt-PT\"},{\"@type\":\"Organization\",\"@id\":\"https:\\\/\\\/decoplanta.com\\\/pt-pt\\\/#organization\",\"name\":\"Plantas y \u00e1rboles artificiales de Alto Realismo\",\"url\":\"https:\\\/\\\/decoplanta.com\\\/pt-pt\\\/\",\"logo\":{\"@type\":\"ImageObject\",\"inLanguage\":\"pt-PT\",\"@id\":\"https:\\\/\\\/decoplanta.com\\\/pt-pt\\\/#\\\/schema\\\/logo\\\/image\\\/\",\"url\":\"https:\\\/\\\/decoplanta.com\\\/wp-content\\\/uploads\\\/2021\\\/02\\\/decoplanta-logo2020.svg\",\"contentUrl\":\"https:\\\/\\\/decoplanta.com\\\/wp-content\\\/uploads\\\/2021\\\/02\\\/decoplanta-logo2020.svg\",\"width\":500,\"height\":500,\"caption\":\"Plantas y \u00e1rboles artificiales de Alto Realismo\"},\"image\":{\"@id\":\"https:\\\/\\\/decoplanta.com\\\/pt-pt\\\/#\\\/schema\\\/logo\\\/image\\\/\"}}]}<\/script>\n<!-- \/ Yoast SEO plugin. -->","yoast_head_json":{"title":"Arbusto artificial do tipo JUNCO com alto realismo e tratamento UV. Exterior","description":"Arbusto artificial do tipo JUNCO de incr\u00edvel realismo. Inclui tratamento UV espec\u00edfico para uso exterior. Dispon\u00edvel em 3 alturas","robots":{"index":"index","follow":"follow","max-snippet":"max-snippet:-1","max-image-preview":"max-image-preview:large","max-video-preview":"max-video-preview:-1"},"canonical":"https:\/\/decoplanta.com\/pt-pt\/plantas-ao-ar-livre-artificiais\/arbusto-tipo-junco-artificial\/","og_locale":"pt_PT","og_type":"article","og_title":"Arbusto artificial do tipo JUNCO com alto realismo e tratamento UV. Exterior","og_description":"Arbusto artificial do tipo JUNCO de incr\u00edvel realismo. Inclui tratamento UV espec\u00edfico para uso exterior. Dispon\u00edvel em 3 alturas","og_url":"https:\/\/decoplanta.com\/pt-pt\/plantas-ao-ar-livre-artificiais\/arbusto-tipo-junco-artificial\/","og_site_name":"Plantas y \u00e1rboles artificiales de Alto Realismo","article_modified_time":"2025-02-02T09:11:48+00:00","og_image":[{"width":2250,"height":2250,"url":"https:\/\/decoplanta.com\/wp-content\/uploads\/2021\/03\/421423-arbusto-tipo-junco-115M.jpg","type":"image\/jpeg"}],"twitter_card":"summary_large_image","twitter_misc":{"Tempo estimado de leitura":"2 minutos"},"schema":{"@context":"https:\/\/schema.org","@graph":[{"@type":"WebPage","@id":"https:\/\/decoplanta.com\/pt-pt\/plantas-ao-ar-livre-artificiais\/arbusto-tipo-junco-artificial\/","url":"https:\/\/decoplanta.com\/pt-pt\/plantas-ao-ar-livre-artificiais\/arbusto-tipo-junco-artificial\/","name":"Arbusto artificial do tipo JUNCO com alto realismo e tratamento UV. Exterior","isPartOf":{"@id":"https:\/\/decoplanta.com\/pt-pt\/#website"},"primaryImageOfPage":{"@id":"https:\/\/decoplanta.com\/pt-pt\/plantas-ao-ar-livre-artificiais\/arbusto-tipo-junco-artificial\/#primaryimage"},"image":{"@id":"https:\/\/decoplanta.com\/pt-pt\/plantas-ao-ar-livre-artificiais\/arbusto-tipo-junco-artificial\/#primaryimage"},"thumbnailUrl":"https:\/\/decoplanta.com\/wp-content\/uploads\/2021\/03\/421423-arbusto-tipo-junco-115M.jpg","datePublished":"2022-10-13T07:15:35+00:00","dateModified":"2025-02-02T09:11:48+00:00","description":"Arbusto artificial do tipo JUNCO de incr\u00edvel realismo. Inclui tratamento UV espec\u00edfico para uso exterior. Dispon\u00edvel em 3 alturas","breadcrumb":{"@id":"https:\/\/decoplanta.com\/pt-pt\/plantas-ao-ar-livre-artificiais\/arbusto-tipo-junco-artificial\/#breadcrumb"},"inLanguage":"pt-PT","potentialAction":[{"@type":"ReadAction","target":["https:\/\/decoplanta.com\/pt-pt\/plantas-ao-ar-livre-artificiais\/arbusto-tipo-junco-artificial\/"]}]},{"@type":"ImageObject","inLanguage":"pt-PT","@id":"https:\/\/decoplanta.com\/pt-pt\/plantas-ao-ar-livre-artificiais\/arbusto-tipo-junco-artificial\/#primaryimage","url":"https:\/\/decoplanta.com\/wp-content\/uploads\/2021\/03\/421423-arbusto-tipo-junco-115M.jpg","contentUrl":"https:\/\/decoplanta.com\/wp-content\/uploads\/2021\/03\/421423-arbusto-tipo-junco-115M.jpg","width":2250,"height":2250},{"@type":"BreadcrumbList","@id":"https:\/\/decoplanta.com\/pt-pt\/plantas-ao-ar-livre-artificiais\/arbusto-tipo-junco-artificial\/#breadcrumb","itemListElement":[{"@type":"ListItem","position":1,"name":"Portada","item":"https:\/\/decoplanta.com\/pt-pt\/"},{"@type":"ListItem","position":2,"name":"Priv\u00e9\u00a0: Tienda","item":"https:\/\/decoplanta.com\/?page_id=377"},{"@type":"ListItem","position":3,"name":"Arbusto de JUNCO em vaso"}]},{"@type":"WebSite","@id":"https:\/\/decoplanta.com\/pt-pt\/#website","url":"https:\/\/decoplanta.com\/pt-pt\/","name":"Plantas y \u00e1rboles artificiales de Alto Realismo","description":"Proveedor de Plantas artificiales para estudios de Arquitectura, Interiorismo, Paisajismo, Escenograf\u00eda, Tiendas de Decoraci\u00f3n Florister\u00edas y Mobiliario","publisher":{"@id":"https:\/\/decoplanta.com\/pt-pt\/#organization"},"potentialAction":[{"@type":"SearchAction","target":{"@type":"EntryPoint","urlTemplate":"https:\/\/decoplanta.com\/pt-pt\/?s={search_term_string}"},"query-input":{"@type":"PropertyValueSpecification","valueRequired":true,"valueName":"search_term_string"}}],"inLanguage":"pt-PT"},{"@type":"Organization","@id":"https:\/\/decoplanta.com\/pt-pt\/#organization","name":"Plantas y \u00e1rboles artificiales de Alto Realismo","url":"https:\/\/decoplanta.com\/pt-pt\/","logo":{"@type":"ImageObject","inLanguage":"pt-PT","@id":"https:\/\/decoplanta.com\/pt-pt\/#\/schema\/logo\/image\/","url":"https:\/\/decoplanta.com\/wp-content\/uploads\/2021\/02\/decoplanta-logo2020.svg","contentUrl":"https:\/\/decoplanta.com\/wp-content\/uploads\/2021\/02\/decoplanta-logo2020.svg","width":500,"height":500,"caption":"Plantas y \u00e1rboles artificiales de Alto Realismo"},"image":{"@id":"https:\/\/decoplanta.com\/pt-pt\/#\/schema\/logo\/image\/"}}]}},"_links":{"self":[{"href":"https:\/\/decoplanta.com\/pt-pt\/wp-json\/wp\/v2\/product\/5139","targetHints":{"allow":["GET"]}}],"collection":[{"href":"https:\/\/decoplanta.com\/pt-pt\/wp-json\/wp\/v2\/product"}],"about":[{"href":"https:\/\/decoplanta.com\/pt-pt\/wp-json\/wp\/v2\/types\/product"}],"version-history":[{"count":0,"href":"https:\/\/decoplanta.com\/pt-pt\/wp-json\/wp\/v2\/product\/5139\/revisions"}],"wp:featuredmedia":[{"embeddable":true,"href":"https:\/\/decoplanta.com\/pt-pt\/wp-json\/wp\/v2\/media\/4459"}],"wp:attachment":[{"href":"https:\/\/decoplanta.com\/pt-pt\/wp-json\/wp\/v2\/media?parent=5139"}],"wp:term":[{"taxonomy":"product_brand","embeddable":true,"href":"https:\/\/decoplanta.com\/pt-pt\/wp-json\/wp\/v2\/product_brand?post=5139"},{"taxonomy":"product_cat","embeddable":true,"href":"https:\/\/decoplanta.com\/pt-pt\/wp-json\/wp\/v2\/product_cat?post=5139"},{"taxonomy":"product_tag","embeddable":true,"href":"https:\/\/decoplanta.com\/pt-pt\/wp-json\/wp\/v2\/product_tag?post=5139"}],"curies":[{"name":"wp","href":"https:\/\/api.w.org\/{rel}","templated":true}]}}