{"id":5148,"date":"2021-03-18T20:44:45","date_gmt":"2022-10-13T07:44:16","guid":{"rendered":"https:\/\/decoplanta.com\/sem%20categoria\/sebe-de-buxo-l\/"},"modified":"2023-05-04T10:39:15","modified_gmt":"2023-05-04T09:39:15","slug":"sebe-de-buxo-l-artificial","status":"publish","type":"product","link":"https:\/\/decoplanta.com\/pt-pt\/plantas-ao-ar-livre-artificiais\/sebe-de-buxo-l-artificial\/","title":{"rendered":"Sebe de BUXO L"},"content":{"rendered":"<p>O Sebe BUXO artificial L \u00e9 uma planta decorativa, amplamente utilizada para organizar e estruturar espa\u00e7os tais como terra\u00e7os, corredores, etc. Projecta uma imagem de poda recente. Pode ser colocado num plantador ou adaptado a outros apoios. Inclui tratamento UV espec\u00edfico para uso exterior. O sol e a \u00e1gua n\u00e3o ser\u00e3o um impedimento para o manter com t\u00e3o bom aspecto como no primeiro dia. Medidas: 100 x 20 x 25 cm (C x L x L x A)<\/p>\n<h3>Onde pode incluir este Sebe BUXO artificial?<\/h3>\n<p>\u00c9 um tipo de arbusto ou \u00e1rvore que \u00e9 muito t\u00edpico em qualquer espa\u00e7o de restaura\u00e7\u00e3o, como nos restaurantes com esplanadas no distrito de Salamanca em Madrid (um ponto de refer\u00eancia nacional para o luxo e classe alta do pa\u00eds). Por exemplo, Loewe, Armani, Louis Vuitton, ou mesmo a prestigiada marca Prada, utilizam este tipo de \u00e1rvore decorativa nas fachadas das suas prestigiadas lojas de rua. \u00c9 verdade que isto \u00e9 comum neste tipo de estabelecimento, mas n\u00e3o diminui a eleg\u00e2ncia do design nem a imagem de marca.<\/p>\n<h3>Qual \u00e9 a finalidade deste sebe artificial de buxo?<\/h3>\n<p>O objectivo desta planta ou \u00e1rvore artificial de madeira em forma de sebe \u00e9 criar um estilo elegante, elegante e ao mesmo tempo convencional de desenho geral. Serve para separar espa\u00e7os de uma forma natural em jardins ou terra\u00e7os. Nunca sai de moda, mas \u00e9 percebida e mantida como uma imagem intr\u00ednseca da marca, e ser\u00e1 sempre um estilo v\u00e1lido em qualquer \u00e9poca.<\/p>\n","protected":false},"excerpt":{"rendered":"<p>O Sebe de BUXO L \u00e9 uma planta decorativa, amplamente utilizada para organizar e estruturar espa\u00e7os tais como terra\u00e7os, corredores, etc. Projecta uma imagem de poda recente. Pode ser colocado num plantador ou adaptado a outros apoios. Inclui tratamento UV espec\u00edfico para uso exterior. O sol e a \u00e1gua n\u00e3o ser\u00e3o um impedimento para o manter com t\u00e3o bom aspecto como no primeiro dia. Tamanhos: 100 x 20 x 25 cm<\/p>\n<table>\n<tbody>\n<tr>\n<td><strong>REF<\/strong><\/td>\n<td><strong>TAMANHOS<\/strong><\/td>\n<\/tr>\n<tr>\n<td><strong>428565<\/strong><\/td>\n<td>100 x 20 x 25 cm<\/td>\n<\/tr>\n<\/tbody>\n<\/table>\n","protected":false},"featured_media":4461,"template":"","meta":{"_monsterinsights_skip_tracking":false,"_monsterinsights_sitenote_active":false,"_monsterinsights_sitenote_note":"","_monsterinsights_sitenote_category":0},"product_brand":[],"product_cat":[394],"product_tag":[403,407],"class_list":{"0":"post-5148","1":"product","2":"type-product","3":"status-publish","4":"has-post-thumbnail","6":"product_cat-plantas-ao-ar-livre-artificiais","7":"product_tag-buxo-ao-ar-livre","8":"product_tag-planta-artificial-com-protecao-uv","9":"","10":"woocommerce-text-align-center","11":"woocommerce-image-align-center","12":"do-quantity-buttons","14":"first","15":"instock","16":"taxable","17":"shipping-taxable","18":"purchasable","19":"product-type-simple"},"yoast_head":"<!-- This site is optimized with the Yoast SEO plugin v27.5 - https:\/\/yoast.com\/product\/yoast-seo-wordpress\/ -->\n<title>Sebe BUXO artificial L - 25cm de altura. UV - Alto realismo exterior<\/title>\n<meta name=\"description\" content=\"Sebe BUXO artificial L Planta decorativa utilizada para organizar espa\u00e7os tais como terra\u00e7os. Alto realismo, tratamento UV para uso exterior\" \/>\n<meta name=\"robots\" content=\"index, follow, max-snippet:-1, max-image-preview:large, max-video-preview:-1\" \/>\n<link rel=\"canonical\" href=\"https:\/\/decoplanta.com\/pt-pt\/plantas-ao-ar-livre-artificiais\/sebe-de-buxo-l-artificial\/\" \/>\n<meta property=\"og:locale\" content=\"pt_PT\" \/>\n<meta property=\"og:type\" content=\"article\" \/>\n<meta property=\"og:title\" content=\"Sebe BUXO artificial L - 25cm de altura. UV - Alto realismo exterior\" \/>\n<meta property=\"og:description\" content=\"Sebe BUXO artificial L Planta decorativa utilizada para organizar espa\u00e7os tais como terra\u00e7os. Alto realismo, tratamento UV para uso exterior\" \/>\n<meta property=\"og:url\" content=\"https:\/\/decoplanta.com\/pt-pt\/plantas-ao-ar-livre-artificiais\/sebe-de-buxo-l-artificial\/\" \/>\n<meta property=\"og:site_name\" content=\"Plantas y \u00e1rboles artificiales de Alto Realismo\" \/>\n<meta property=\"article:modified_time\" content=\"2023-05-04T09:39:15+00:00\" \/>\n<meta property=\"og:image\" content=\"https:\/\/decoplanta.com\/wp-content\/uploads\/2021\/03\/422484-planta-valla-boj-L.jpg\" \/>\n\t<meta property=\"og:image:width\" content=\"1600\" \/>\n\t<meta property=\"og:image:height\" content=\"1600\" \/>\n\t<meta property=\"og:image:type\" content=\"image\/jpeg\" \/>\n<meta name=\"twitter:card\" content=\"summary_large_image\" \/>\n<meta name=\"twitter:label1\" content=\"Tempo estimado de leitura\" \/>\n\t<meta name=\"twitter:data1\" content=\"2 minutos\" \/>\n<script type=\"application\/ld+json\" class=\"yoast-schema-graph\">{\"@context\":\"https:\\\/\\\/schema.org\",\"@graph\":[{\"@type\":\"WebPage\",\"@id\":\"https:\\\/\\\/decoplanta.com\\\/pt-pt\\\/plantas-ao-ar-livre-artificiais\\\/sebe-de-buxo-l-artificial\\\/\",\"url\":\"https:\\\/\\\/decoplanta.com\\\/pt-pt\\\/plantas-ao-ar-livre-artificiais\\\/sebe-de-buxo-l-artificial\\\/\",\"name\":\"Sebe BUXO artificial L - 25cm de altura. UV - Alto realismo exterior\",\"isPartOf\":{\"@id\":\"https:\\\/\\\/decoplanta.com\\\/pt-pt\\\/#website\"},\"primaryImageOfPage\":{\"@id\":\"https:\\\/\\\/decoplanta.com\\\/pt-pt\\\/plantas-ao-ar-livre-artificiais\\\/sebe-de-buxo-l-artificial\\\/#primaryimage\"},\"image\":{\"@id\":\"https:\\\/\\\/decoplanta.com\\\/pt-pt\\\/plantas-ao-ar-livre-artificiais\\\/sebe-de-buxo-l-artificial\\\/#primaryimage\"},\"thumbnailUrl\":\"https:\\\/\\\/decoplanta.com\\\/wp-content\\\/uploads\\\/2021\\\/03\\\/422484-planta-valla-boj-L.jpg\",\"datePublished\":\"2022-10-13T07:44:16+00:00\",\"dateModified\":\"2023-05-04T09:39:15+00:00\",\"description\":\"Sebe BUXO artificial L Planta decorativa utilizada para organizar espa\u00e7os tais como terra\u00e7os. Alto realismo, tratamento UV para uso exterior\",\"breadcrumb\":{\"@id\":\"https:\\\/\\\/decoplanta.com\\\/pt-pt\\\/plantas-ao-ar-livre-artificiais\\\/sebe-de-buxo-l-artificial\\\/#breadcrumb\"},\"inLanguage\":\"pt-PT\",\"potentialAction\":[{\"@type\":\"ReadAction\",\"target\":[\"https:\\\/\\\/decoplanta.com\\\/pt-pt\\\/plantas-ao-ar-livre-artificiais\\\/sebe-de-buxo-l-artificial\\\/\"]}]},{\"@type\":\"ImageObject\",\"inLanguage\":\"pt-PT\",\"@id\":\"https:\\\/\\\/decoplanta.com\\\/pt-pt\\\/plantas-ao-ar-livre-artificiais\\\/sebe-de-buxo-l-artificial\\\/#primaryimage\",\"url\":\"https:\\\/\\\/decoplanta.com\\\/wp-content\\\/uploads\\\/2021\\\/03\\\/422484-planta-valla-boj-L.jpg\",\"contentUrl\":\"https:\\\/\\\/decoplanta.com\\\/wp-content\\\/uploads\\\/2021\\\/03\\\/422484-planta-valla-boj-L.jpg\",\"width\":1600,\"height\":1600},{\"@type\":\"BreadcrumbList\",\"@id\":\"https:\\\/\\\/decoplanta.com\\\/pt-pt\\\/plantas-ao-ar-livre-artificiais\\\/sebe-de-buxo-l-artificial\\\/#breadcrumb\",\"itemListElement\":[{\"@type\":\"ListItem\",\"position\":1,\"name\":\"Portada\",\"item\":\"https:\\\/\\\/decoplanta.com\\\/pt-pt\\\/\"},{\"@type\":\"ListItem\",\"position\":2,\"name\":\"Priv\u00e9\u00a0: Tienda\",\"item\":\"https:\\\/\\\/decoplanta.com\\\/?page_id=377\"},{\"@type\":\"ListItem\",\"position\":3,\"name\":\"Sebe de BUXO L\"}]},{\"@type\":\"WebSite\",\"@id\":\"https:\\\/\\\/decoplanta.com\\\/pt-pt\\\/#website\",\"url\":\"https:\\\/\\\/decoplanta.com\\\/pt-pt\\\/\",\"name\":\"Plantas y \u00e1rboles artificiales de Alto Realismo\",\"description\":\"Proveedor de Plantas artificiales para estudios de Arquitectura, Interiorismo, Paisajismo, Escenograf\u00eda, Tiendas de Decoraci\u00f3n Florister\u00edas y Mobiliario\",\"publisher\":{\"@id\":\"https:\\\/\\\/decoplanta.com\\\/pt-pt\\\/#organization\"},\"potentialAction\":[{\"@type\":\"SearchAction\",\"target\":{\"@type\":\"EntryPoint\",\"urlTemplate\":\"https:\\\/\\\/decoplanta.com\\\/pt-pt\\\/?s={search_term_string}\"},\"query-input\":{\"@type\":\"PropertyValueSpecification\",\"valueRequired\":true,\"valueName\":\"search_term_string\"}}],\"inLanguage\":\"pt-PT\"},{\"@type\":\"Organization\",\"@id\":\"https:\\\/\\\/decoplanta.com\\\/pt-pt\\\/#organization\",\"name\":\"Plantas y \u00e1rboles artificiales de Alto Realismo\",\"url\":\"https:\\\/\\\/decoplanta.com\\\/pt-pt\\\/\",\"logo\":{\"@type\":\"ImageObject\",\"inLanguage\":\"pt-PT\",\"@id\":\"https:\\\/\\\/decoplanta.com\\\/pt-pt\\\/#\\\/schema\\\/logo\\\/image\\\/\",\"url\":\"https:\\\/\\\/decoplanta.com\\\/wp-content\\\/uploads\\\/2021\\\/02\\\/decoplanta-logo2020.svg\",\"contentUrl\":\"https:\\\/\\\/decoplanta.com\\\/wp-content\\\/uploads\\\/2021\\\/02\\\/decoplanta-logo2020.svg\",\"width\":500,\"height\":500,\"caption\":\"Plantas y \u00e1rboles artificiales de Alto Realismo\"},\"image\":{\"@id\":\"https:\\\/\\\/decoplanta.com\\\/pt-pt\\\/#\\\/schema\\\/logo\\\/image\\\/\"}}]}<\/script>\n<!-- \/ Yoast SEO plugin. -->","yoast_head_json":{"title":"Sebe BUXO artificial L - 25cm de altura. UV - Alto realismo exterior","description":"Sebe BUXO artificial L Planta decorativa utilizada para organizar espa\u00e7os tais como terra\u00e7os. Alto realismo, tratamento UV para uso exterior","robots":{"index":"index","follow":"follow","max-snippet":"max-snippet:-1","max-image-preview":"max-image-preview:large","max-video-preview":"max-video-preview:-1"},"canonical":"https:\/\/decoplanta.com\/pt-pt\/plantas-ao-ar-livre-artificiais\/sebe-de-buxo-l-artificial\/","og_locale":"pt_PT","og_type":"article","og_title":"Sebe BUXO artificial L - 25cm de altura. UV - Alto realismo exterior","og_description":"Sebe BUXO artificial L Planta decorativa utilizada para organizar espa\u00e7os tais como terra\u00e7os. Alto realismo, tratamento UV para uso exterior","og_url":"https:\/\/decoplanta.com\/pt-pt\/plantas-ao-ar-livre-artificiais\/sebe-de-buxo-l-artificial\/","og_site_name":"Plantas y \u00e1rboles artificiales de Alto Realismo","article_modified_time":"2023-05-04T09:39:15+00:00","og_image":[{"width":1600,"height":1600,"url":"https:\/\/decoplanta.com\/wp-content\/uploads\/2021\/03\/422484-planta-valla-boj-L.jpg","type":"image\/jpeg"}],"twitter_card":"summary_large_image","twitter_misc":{"Tempo estimado de leitura":"2 minutos"},"schema":{"@context":"https:\/\/schema.org","@graph":[{"@type":"WebPage","@id":"https:\/\/decoplanta.com\/pt-pt\/plantas-ao-ar-livre-artificiais\/sebe-de-buxo-l-artificial\/","url":"https:\/\/decoplanta.com\/pt-pt\/plantas-ao-ar-livre-artificiais\/sebe-de-buxo-l-artificial\/","name":"Sebe BUXO artificial L - 25cm de altura. UV - Alto realismo exterior","isPartOf":{"@id":"https:\/\/decoplanta.com\/pt-pt\/#website"},"primaryImageOfPage":{"@id":"https:\/\/decoplanta.com\/pt-pt\/plantas-ao-ar-livre-artificiais\/sebe-de-buxo-l-artificial\/#primaryimage"},"image":{"@id":"https:\/\/decoplanta.com\/pt-pt\/plantas-ao-ar-livre-artificiais\/sebe-de-buxo-l-artificial\/#primaryimage"},"thumbnailUrl":"https:\/\/decoplanta.com\/wp-content\/uploads\/2021\/03\/422484-planta-valla-boj-L.jpg","datePublished":"2022-10-13T07:44:16+00:00","dateModified":"2023-05-04T09:39:15+00:00","description":"Sebe BUXO artificial L Planta decorativa utilizada para organizar espa\u00e7os tais como terra\u00e7os. Alto realismo, tratamento UV para uso exterior","breadcrumb":{"@id":"https:\/\/decoplanta.com\/pt-pt\/plantas-ao-ar-livre-artificiais\/sebe-de-buxo-l-artificial\/#breadcrumb"},"inLanguage":"pt-PT","potentialAction":[{"@type":"ReadAction","target":["https:\/\/decoplanta.com\/pt-pt\/plantas-ao-ar-livre-artificiais\/sebe-de-buxo-l-artificial\/"]}]},{"@type":"ImageObject","inLanguage":"pt-PT","@id":"https:\/\/decoplanta.com\/pt-pt\/plantas-ao-ar-livre-artificiais\/sebe-de-buxo-l-artificial\/#primaryimage","url":"https:\/\/decoplanta.com\/wp-content\/uploads\/2021\/03\/422484-planta-valla-boj-L.jpg","contentUrl":"https:\/\/decoplanta.com\/wp-content\/uploads\/2021\/03\/422484-planta-valla-boj-L.jpg","width":1600,"height":1600},{"@type":"BreadcrumbList","@id":"https:\/\/decoplanta.com\/pt-pt\/plantas-ao-ar-livre-artificiais\/sebe-de-buxo-l-artificial\/#breadcrumb","itemListElement":[{"@type":"ListItem","position":1,"name":"Portada","item":"https:\/\/decoplanta.com\/pt-pt\/"},{"@type":"ListItem","position":2,"name":"Priv\u00e9\u00a0: Tienda","item":"https:\/\/decoplanta.com\/?page_id=377"},{"@type":"ListItem","position":3,"name":"Sebe de BUXO L"}]},{"@type":"WebSite","@id":"https:\/\/decoplanta.com\/pt-pt\/#website","url":"https:\/\/decoplanta.com\/pt-pt\/","name":"Plantas y \u00e1rboles artificiales de Alto Realismo","description":"Proveedor de Plantas artificiales para estudios de Arquitectura, Interiorismo, Paisajismo, Escenograf\u00eda, Tiendas de Decoraci\u00f3n Florister\u00edas y Mobiliario","publisher":{"@id":"https:\/\/decoplanta.com\/pt-pt\/#organization"},"potentialAction":[{"@type":"SearchAction","target":{"@type":"EntryPoint","urlTemplate":"https:\/\/decoplanta.com\/pt-pt\/?s={search_term_string}"},"query-input":{"@type":"PropertyValueSpecification","valueRequired":true,"valueName":"search_term_string"}}],"inLanguage":"pt-PT"},{"@type":"Organization","@id":"https:\/\/decoplanta.com\/pt-pt\/#organization","name":"Plantas y \u00e1rboles artificiales de Alto Realismo","url":"https:\/\/decoplanta.com\/pt-pt\/","logo":{"@type":"ImageObject","inLanguage":"pt-PT","@id":"https:\/\/decoplanta.com\/pt-pt\/#\/schema\/logo\/image\/","url":"https:\/\/decoplanta.com\/wp-content\/uploads\/2021\/02\/decoplanta-logo2020.svg","contentUrl":"https:\/\/decoplanta.com\/wp-content\/uploads\/2021\/02\/decoplanta-logo2020.svg","width":500,"height":500,"caption":"Plantas y \u00e1rboles artificiales de Alto Realismo"},"image":{"@id":"https:\/\/decoplanta.com\/pt-pt\/#\/schema\/logo\/image\/"}}]}},"_links":{"self":[{"href":"https:\/\/decoplanta.com\/pt-pt\/wp-json\/wp\/v2\/product\/5148","targetHints":{"allow":["GET"]}}],"collection":[{"href":"https:\/\/decoplanta.com\/pt-pt\/wp-json\/wp\/v2\/product"}],"about":[{"href":"https:\/\/decoplanta.com\/pt-pt\/wp-json\/wp\/v2\/types\/product"}],"version-history":[{"count":0,"href":"https:\/\/decoplanta.com\/pt-pt\/wp-json\/wp\/v2\/product\/5148\/revisions"}],"wp:featuredmedia":[{"embeddable":true,"href":"https:\/\/decoplanta.com\/pt-pt\/wp-json\/wp\/v2\/media\/4461"}],"wp:attachment":[{"href":"https:\/\/decoplanta.com\/pt-pt\/wp-json\/wp\/v2\/media?parent=5148"}],"wp:term":[{"taxonomy":"product_brand","embeddable":true,"href":"https:\/\/decoplanta.com\/pt-pt\/wp-json\/wp\/v2\/product_brand?post=5148"},{"taxonomy":"product_cat","embeddable":true,"href":"https:\/\/decoplanta.com\/pt-pt\/wp-json\/wp\/v2\/product_cat?post=5148"},{"taxonomy":"product_tag","embeddable":true,"href":"https:\/\/decoplanta.com\/pt-pt\/wp-json\/wp\/v2\/product_tag?post=5148"}],"curies":[{"name":"wp","href":"https:\/\/api.w.org\/{rel}","templated":true}]}}