{"id":5150,"date":"2021-03-18T18:28:22","date_gmt":"2022-10-13T08:00:59","guid":{"rendered":"https:\/\/decoplanta.com\/sem%20categoria\/bola-de-buxo-em-vaso\/"},"modified":"2023-05-04T10:48:08","modified_gmt":"2023-05-04T09:48:08","slug":"bola-de-buxo-artificial-em-vaso","status":"publish","type":"product","link":"https:\/\/decoplanta.com\/pt-pt\/plantas-ao-ar-livre-artificiais\/bola-de-buxo-artificial-em-vaso\/","title":{"rendered":"BOLA de BUXO em vaso"},"content":{"rendered":"<p>BOLA de BUXO em vaso, com alto n\u00edvel de exuber\u00e2ncia para decorar espa\u00e7os interiores ou exteriores, em tr\u00eas di\u00e2metros dispon\u00edveis, incluindo plantadoras muito pr\u00e1ticas para plantar em plantadoras ou simplesmente como suporte e suporte. Inclui tratamento UV espec\u00edfico para uso exterior. O sol e a \u00e1gua n\u00e3o ser\u00e3o um impedimento para o manter com t\u00e3o bom aspecto como no primeiro dia.<\/p>\n<p>Caracter\u00edsticas desta esp\u00e9cie arbustiva s\u00e3o as suas folhas pequenas e ovais de alta qualidade em verde escuro e verde claro, que lhe conferem uma apar\u00eancia aut\u00eantica.<\/p>\n<h3>Como \u00e9 que entregamos a suo BOLA de BUXO em vaso?<\/h3>\n<p>Entregamos a planta num vaso preto decorativo. As medidas s\u00e3o: Altura aproximada 25 cm, di\u00e2metro superior 22 cm e di\u00e2metro inferior 14 cm.<\/p>\n<h3>Como mant\u00e9m a sua \u00e1rvore BOLA de BUXO em vaso?<\/h3>\n<p>Para uma maior longevidade da cor no exterior, recomenda-se um novo tratamento com spray de <a href=\"https:\/\/www.treelocate.com\/es\/uvsilx-uv-resistant-flowers-and-plants\/\" target=\"_blank\" rel=\"noopener\">protec\u00e7\u00e3o UV<\/a> a intervalos regulares. A frequ\u00eancia do tratamento depende da localiza\u00e7\u00e3o e das condi\u00e7\u00f5es ambientais.<\/p>\n<p>Arbusto ideal para a sua varanda, jardim, terra\u00e7o, entrada de lojas e muito mais.<\/p>\n<p>O tratamento UV exterior foi rigorosamente testado por laborat\u00f3rios oficiais. Este tratamento cumpriu a norma para m\u00faltiplas certifica\u00e7\u00f5es globais. As nossas plantas s\u00e3o as mais resistentes aos raios UV. S\u00e3o tamb\u00e9m preferidos por muitos decoradores, arquitectos paisagistas e arquitectos.<\/p>\n<p>Muitos modelos diferentes est\u00e3o dispon\u00edveis no <a href=\"https:\/\/decoplanta.com\/etiqueta-producto\/boj-para-exterior\/\" target=\"_blank\" rel=\"noopener\">nosso website<\/a>.<\/p>\n","protected":false},"excerpt":{"rendered":"<p>BOLA de BUXO em vaso e alto n\u00edvel de folhagem para decorar espa\u00e7os interiores ou exteriores. Inclui tratamento UV espec\u00edfico para uso exterior. O sol e a \u00e1gua n\u00e3o ser\u00e3o um impedimento para o manter com t\u00e3o bom aspecto como no primeiro dia.<\/p>\n<p>Est\u00e1 dispon\u00edvel em tr\u00eas alturas com di\u00e2metros diferentes. Incluem plantadores muito pr\u00e1ticos e bonitos em estilo vintage, em preto, que podem ser utilizados como elemento decorativo. Pode tamb\u00e9m ser plantada numa jardineira.<\/p>\n<table>\n<tbody>\n<tr>\n<td><strong>REF<\/strong><\/td>\n<td><strong>ALTURA<\/strong><\/td>\n<td><strong>\u00d8<\/strong><\/td>\n<\/tr>\n<tr>\n<td><strong>428555<\/strong><\/td>\n<td>42 cm<\/td>\n<td>30 cm<\/td>\n<\/tr>\n<tr>\n<td><strong>428556<\/strong><\/td>\n<td>53 cm<\/td>\n<td>40 cm<\/td>\n<\/tr>\n<tr>\n<td><strong>428557<\/strong><\/td>\n<td>68 cm<\/td>\n<td>50 cm<\/td>\n<\/tr>\n<\/tbody>\n<\/table>\n","protected":false},"featured_media":4452,"template":"","meta":{"_monsterinsights_skip_tracking":false,"_monsterinsights_sitenote_active":false,"_monsterinsights_sitenote_note":"","_monsterinsights_sitenote_category":0},"product_brand":[],"product_cat":[394],"product_tag":[403,407],"class_list":{"0":"post-5150","1":"product","2":"type-product","3":"status-publish","4":"has-post-thumbnail","6":"product_cat-plantas-ao-ar-livre-artificiais","7":"product_tag-buxo-ao-ar-livre","8":"product_tag-planta-artificial-com-protecao-uv","9":"","10":"woocommerce-text-align-center","11":"woocommerce-image-align-center","12":"do-quantity-buttons","14":"first","15":"instock","16":"taxable","17":"shipping-taxable","18":"purchasable","19":"product-type-variable","20":"has-default-attributes"},"yoast_head":"<!-- This site is optimized with the Yoast SEO plugin v27.4 - https:\/\/yoast.com\/product\/yoast-seo-wordpress\/ -->\n<title>BOLA de BUXO em vaso tratada com UV. Decora\u00e7\u00e3o<\/title>\n<meta name=\"description\" content=\"BOLA de BUXO artificial em vaso Alto realismo com tratamento UV para decora\u00e7\u00e3o exterior. Dispon\u00edvel em 3 alturas\" \/>\n<meta name=\"robots\" content=\"index, follow, max-snippet:-1, max-image-preview:large, max-video-preview:-1\" \/>\n<link rel=\"canonical\" href=\"https:\/\/decoplanta.com\/pt-pt\/plantas-ao-ar-livre-artificiais\/bola-de-buxo-artificial-em-vaso\/\" \/>\n<meta property=\"og:locale\" content=\"pt_PT\" \/>\n<meta property=\"og:type\" content=\"article\" \/>\n<meta property=\"og:title\" content=\"BOLA de BUXO em vaso tratada com UV. Decora\u00e7\u00e3o\" \/>\n<meta property=\"og:description\" content=\"BOLA de BUXO artificial em vaso Alto realismo com tratamento UV para decora\u00e7\u00e3o exterior. Dispon\u00edvel em 3 alturas\" \/>\n<meta property=\"og:url\" content=\"https:\/\/decoplanta.com\/pt-pt\/plantas-ao-ar-livre-artificiais\/bola-de-buxo-artificial-em-vaso\/\" \/>\n<meta property=\"og:site_name\" content=\"Plantas y \u00e1rboles artificiales de Alto Realismo\" \/>\n<meta property=\"article:modified_time\" content=\"2023-05-04T09:48:08+00:00\" \/>\n<meta property=\"og:image\" content=\"https:\/\/decoplanta.com\/wp-content\/uploads\/2021\/03\/417629-bola-boj-macetero-30M.jpg\" \/>\n\t<meta property=\"og:image:width\" content=\"1650\" \/>\n\t<meta property=\"og:image:height\" content=\"1650\" \/>\n\t<meta property=\"og:image:type\" content=\"image\/jpeg\" \/>\n<meta name=\"twitter:card\" content=\"summary_large_image\" \/>\n<meta name=\"twitter:label1\" content=\"Tempo estimado de leitura\" \/>\n\t<meta name=\"twitter:data1\" content=\"2 minutos\" \/>\n<script type=\"application\/ld+json\" class=\"yoast-schema-graph\">{\"@context\":\"https:\\\/\\\/schema.org\",\"@graph\":[{\"@type\":\"WebPage\",\"@id\":\"https:\\\/\\\/decoplanta.com\\\/pt-pt\\\/plantas-ao-ar-livre-artificiais\\\/bola-de-buxo-artificial-em-vaso\\\/\",\"url\":\"https:\\\/\\\/decoplanta.com\\\/pt-pt\\\/plantas-ao-ar-livre-artificiais\\\/bola-de-buxo-artificial-em-vaso\\\/\",\"name\":\"BOLA de BUXO em vaso tratada com UV. Decora\u00e7\u00e3o\",\"isPartOf\":{\"@id\":\"https:\\\/\\\/decoplanta.com\\\/pt-pt\\\/#website\"},\"primaryImageOfPage\":{\"@id\":\"https:\\\/\\\/decoplanta.com\\\/pt-pt\\\/plantas-ao-ar-livre-artificiais\\\/bola-de-buxo-artificial-em-vaso\\\/#primaryimage\"},\"image\":{\"@id\":\"https:\\\/\\\/decoplanta.com\\\/pt-pt\\\/plantas-ao-ar-livre-artificiais\\\/bola-de-buxo-artificial-em-vaso\\\/#primaryimage\"},\"thumbnailUrl\":\"https:\\\/\\\/decoplanta.com\\\/wp-content\\\/uploads\\\/2021\\\/03\\\/417629-bola-boj-macetero-30M.jpg\",\"datePublished\":\"2022-10-13T08:00:59+00:00\",\"dateModified\":\"2023-05-04T09:48:08+00:00\",\"description\":\"BOLA de BUXO artificial em vaso Alto realismo com tratamento UV para decora\u00e7\u00e3o exterior. Dispon\u00edvel em 3 alturas\",\"breadcrumb\":{\"@id\":\"https:\\\/\\\/decoplanta.com\\\/pt-pt\\\/plantas-ao-ar-livre-artificiais\\\/bola-de-buxo-artificial-em-vaso\\\/#breadcrumb\"},\"inLanguage\":\"pt-PT\",\"potentialAction\":[{\"@type\":\"ReadAction\",\"target\":[\"https:\\\/\\\/decoplanta.com\\\/pt-pt\\\/plantas-ao-ar-livre-artificiais\\\/bola-de-buxo-artificial-em-vaso\\\/\"]}]},{\"@type\":\"ImageObject\",\"inLanguage\":\"pt-PT\",\"@id\":\"https:\\\/\\\/decoplanta.com\\\/pt-pt\\\/plantas-ao-ar-livre-artificiais\\\/bola-de-buxo-artificial-em-vaso\\\/#primaryimage\",\"url\":\"https:\\\/\\\/decoplanta.com\\\/wp-content\\\/uploads\\\/2021\\\/03\\\/417629-bola-boj-macetero-30M.jpg\",\"contentUrl\":\"https:\\\/\\\/decoplanta.com\\\/wp-content\\\/uploads\\\/2021\\\/03\\\/417629-bola-boj-macetero-30M.jpg\",\"width\":1650,\"height\":1650,\"caption\":\"Esfera de BOJ artificial con macetero de 42 cm de altura y 30 cm de di\u00e1metro para exterior, con protecci\u00f3n UV\"},{\"@type\":\"BreadcrumbList\",\"@id\":\"https:\\\/\\\/decoplanta.com\\\/pt-pt\\\/plantas-ao-ar-livre-artificiais\\\/bola-de-buxo-artificial-em-vaso\\\/#breadcrumb\",\"itemListElement\":[{\"@type\":\"ListItem\",\"position\":1,\"name\":\"Portada\",\"item\":\"https:\\\/\\\/decoplanta.com\\\/pt-pt\\\/\"},{\"@type\":\"ListItem\",\"position\":2,\"name\":\"Priv\u00e9\u00a0: Tienda\",\"item\":\"https:\\\/\\\/decoplanta.com\\\/?page_id=377\"},{\"@type\":\"ListItem\",\"position\":3,\"name\":\"BOLA de BUXO em vaso\"}]},{\"@type\":\"WebSite\",\"@id\":\"https:\\\/\\\/decoplanta.com\\\/pt-pt\\\/#website\",\"url\":\"https:\\\/\\\/decoplanta.com\\\/pt-pt\\\/\",\"name\":\"Plantas y \u00e1rboles artificiales de Alto Realismo\",\"description\":\"Proveedor de Plantas artificiales para estudios de Arquitectura, Interiorismo, Paisajismo, Escenograf\u00eda, Tiendas de Decoraci\u00f3n Florister\u00edas y Mobiliario\",\"publisher\":{\"@id\":\"https:\\\/\\\/decoplanta.com\\\/pt-pt\\\/#organization\"},\"potentialAction\":[{\"@type\":\"SearchAction\",\"target\":{\"@type\":\"EntryPoint\",\"urlTemplate\":\"https:\\\/\\\/decoplanta.com\\\/pt-pt\\\/?s={search_term_string}\"},\"query-input\":{\"@type\":\"PropertyValueSpecification\",\"valueRequired\":true,\"valueName\":\"search_term_string\"}}],\"inLanguage\":\"pt-PT\"},{\"@type\":\"Organization\",\"@id\":\"https:\\\/\\\/decoplanta.com\\\/pt-pt\\\/#organization\",\"name\":\"Plantas y \u00e1rboles artificiales de Alto Realismo\",\"url\":\"https:\\\/\\\/decoplanta.com\\\/pt-pt\\\/\",\"logo\":{\"@type\":\"ImageObject\",\"inLanguage\":\"pt-PT\",\"@id\":\"https:\\\/\\\/decoplanta.com\\\/pt-pt\\\/#\\\/schema\\\/logo\\\/image\\\/\",\"url\":\"https:\\\/\\\/decoplanta.com\\\/wp-content\\\/uploads\\\/2021\\\/02\\\/decoplanta-logo2020.svg\",\"contentUrl\":\"https:\\\/\\\/decoplanta.com\\\/wp-content\\\/uploads\\\/2021\\\/02\\\/decoplanta-logo2020.svg\",\"width\":500,\"height\":500,\"caption\":\"Plantas y \u00e1rboles artificiales de Alto Realismo\"},\"image\":{\"@id\":\"https:\\\/\\\/decoplanta.com\\\/pt-pt\\\/#\\\/schema\\\/logo\\\/image\\\/\"}}]}<\/script>\n<!-- \/ Yoast SEO plugin. -->","yoast_head_json":{"title":"BOLA de BUXO em vaso tratada com UV. Decora\u00e7\u00e3o","description":"BOLA de BUXO artificial em vaso Alto realismo com tratamento UV para decora\u00e7\u00e3o exterior. Dispon\u00edvel em 3 alturas","robots":{"index":"index","follow":"follow","max-snippet":"max-snippet:-1","max-image-preview":"max-image-preview:large","max-video-preview":"max-video-preview:-1"},"canonical":"https:\/\/decoplanta.com\/pt-pt\/plantas-ao-ar-livre-artificiais\/bola-de-buxo-artificial-em-vaso\/","og_locale":"pt_PT","og_type":"article","og_title":"BOLA de BUXO em vaso tratada com UV. Decora\u00e7\u00e3o","og_description":"BOLA de BUXO artificial em vaso Alto realismo com tratamento UV para decora\u00e7\u00e3o exterior. Dispon\u00edvel em 3 alturas","og_url":"https:\/\/decoplanta.com\/pt-pt\/plantas-ao-ar-livre-artificiais\/bola-de-buxo-artificial-em-vaso\/","og_site_name":"Plantas y \u00e1rboles artificiales de Alto Realismo","article_modified_time":"2023-05-04T09:48:08+00:00","og_image":[{"width":1650,"height":1650,"url":"https:\/\/decoplanta.com\/wp-content\/uploads\/2021\/03\/417629-bola-boj-macetero-30M.jpg","type":"image\/jpeg"}],"twitter_card":"summary_large_image","twitter_misc":{"Tempo estimado de leitura":"2 minutos"},"schema":{"@context":"https:\/\/schema.org","@graph":[{"@type":"WebPage","@id":"https:\/\/decoplanta.com\/pt-pt\/plantas-ao-ar-livre-artificiais\/bola-de-buxo-artificial-em-vaso\/","url":"https:\/\/decoplanta.com\/pt-pt\/plantas-ao-ar-livre-artificiais\/bola-de-buxo-artificial-em-vaso\/","name":"BOLA de BUXO em vaso tratada com UV. Decora\u00e7\u00e3o","isPartOf":{"@id":"https:\/\/decoplanta.com\/pt-pt\/#website"},"primaryImageOfPage":{"@id":"https:\/\/decoplanta.com\/pt-pt\/plantas-ao-ar-livre-artificiais\/bola-de-buxo-artificial-em-vaso\/#primaryimage"},"image":{"@id":"https:\/\/decoplanta.com\/pt-pt\/plantas-ao-ar-livre-artificiais\/bola-de-buxo-artificial-em-vaso\/#primaryimage"},"thumbnailUrl":"https:\/\/decoplanta.com\/wp-content\/uploads\/2021\/03\/417629-bola-boj-macetero-30M.jpg","datePublished":"2022-10-13T08:00:59+00:00","dateModified":"2023-05-04T09:48:08+00:00","description":"BOLA de BUXO artificial em vaso Alto realismo com tratamento UV para decora\u00e7\u00e3o exterior. Dispon\u00edvel em 3 alturas","breadcrumb":{"@id":"https:\/\/decoplanta.com\/pt-pt\/plantas-ao-ar-livre-artificiais\/bola-de-buxo-artificial-em-vaso\/#breadcrumb"},"inLanguage":"pt-PT","potentialAction":[{"@type":"ReadAction","target":["https:\/\/decoplanta.com\/pt-pt\/plantas-ao-ar-livre-artificiais\/bola-de-buxo-artificial-em-vaso\/"]}]},{"@type":"ImageObject","inLanguage":"pt-PT","@id":"https:\/\/decoplanta.com\/pt-pt\/plantas-ao-ar-livre-artificiais\/bola-de-buxo-artificial-em-vaso\/#primaryimage","url":"https:\/\/decoplanta.com\/wp-content\/uploads\/2021\/03\/417629-bola-boj-macetero-30M.jpg","contentUrl":"https:\/\/decoplanta.com\/wp-content\/uploads\/2021\/03\/417629-bola-boj-macetero-30M.jpg","width":1650,"height":1650,"caption":"Esfera de BOJ artificial con macetero de 42 cm de altura y 30 cm de di\u00e1metro para exterior, con protecci\u00f3n UV"},{"@type":"BreadcrumbList","@id":"https:\/\/decoplanta.com\/pt-pt\/plantas-ao-ar-livre-artificiais\/bola-de-buxo-artificial-em-vaso\/#breadcrumb","itemListElement":[{"@type":"ListItem","position":1,"name":"Portada","item":"https:\/\/decoplanta.com\/pt-pt\/"},{"@type":"ListItem","position":2,"name":"Priv\u00e9\u00a0: Tienda","item":"https:\/\/decoplanta.com\/?page_id=377"},{"@type":"ListItem","position":3,"name":"BOLA de BUXO em vaso"}]},{"@type":"WebSite","@id":"https:\/\/decoplanta.com\/pt-pt\/#website","url":"https:\/\/decoplanta.com\/pt-pt\/","name":"Plantas y \u00e1rboles artificiales de Alto Realismo","description":"Proveedor de Plantas artificiales para estudios de Arquitectura, Interiorismo, Paisajismo, Escenograf\u00eda, Tiendas de Decoraci\u00f3n Florister\u00edas y Mobiliario","publisher":{"@id":"https:\/\/decoplanta.com\/pt-pt\/#organization"},"potentialAction":[{"@type":"SearchAction","target":{"@type":"EntryPoint","urlTemplate":"https:\/\/decoplanta.com\/pt-pt\/?s={search_term_string}"},"query-input":{"@type":"PropertyValueSpecification","valueRequired":true,"valueName":"search_term_string"}}],"inLanguage":"pt-PT"},{"@type":"Organization","@id":"https:\/\/decoplanta.com\/pt-pt\/#organization","name":"Plantas y \u00e1rboles artificiales de Alto Realismo","url":"https:\/\/decoplanta.com\/pt-pt\/","logo":{"@type":"ImageObject","inLanguage":"pt-PT","@id":"https:\/\/decoplanta.com\/pt-pt\/#\/schema\/logo\/image\/","url":"https:\/\/decoplanta.com\/wp-content\/uploads\/2021\/02\/decoplanta-logo2020.svg","contentUrl":"https:\/\/decoplanta.com\/wp-content\/uploads\/2021\/02\/decoplanta-logo2020.svg","width":500,"height":500,"caption":"Plantas y \u00e1rboles artificiales de Alto Realismo"},"image":{"@id":"https:\/\/decoplanta.com\/pt-pt\/#\/schema\/logo\/image\/"}}]}},"_links":{"self":[{"href":"https:\/\/decoplanta.com\/pt-pt\/wp-json\/wp\/v2\/product\/5150","targetHints":{"allow":["GET"]}}],"collection":[{"href":"https:\/\/decoplanta.com\/pt-pt\/wp-json\/wp\/v2\/product"}],"about":[{"href":"https:\/\/decoplanta.com\/pt-pt\/wp-json\/wp\/v2\/types\/product"}],"version-history":[{"count":0,"href":"https:\/\/decoplanta.com\/pt-pt\/wp-json\/wp\/v2\/product\/5150\/revisions"}],"wp:featuredmedia":[{"embeddable":true,"href":"https:\/\/decoplanta.com\/pt-pt\/wp-json\/wp\/v2\/media\/4452"}],"wp:attachment":[{"href":"https:\/\/decoplanta.com\/pt-pt\/wp-json\/wp\/v2\/media?parent=5150"}],"wp:term":[{"taxonomy":"product_brand","embeddable":true,"href":"https:\/\/decoplanta.com\/pt-pt\/wp-json\/wp\/v2\/product_brand?post=5150"},{"taxonomy":"product_cat","embeddable":true,"href":"https:\/\/decoplanta.com\/pt-pt\/wp-json\/wp\/v2\/product_cat?post=5150"},{"taxonomy":"product_tag","embeddable":true,"href":"https:\/\/decoplanta.com\/pt-pt\/wp-json\/wp\/v2\/product_tag?post=5150"}],"curies":[{"name":"wp","href":"https:\/\/api.w.org\/{rel}","templated":true}]}}