{"id":5159,"date":"2022-04-22T17:00:09","date_gmt":"2022-10-13T10:54:09","guid":{"rendered":"https:\/\/decoplanta.com\/sem%20categoria\/planta-suspensa-cineraria\/"},"modified":"2023-11-01T13:40:09","modified_gmt":"2023-11-01T12:40:09","slug":"planta-suspensa-cineraria-artificial","status":"publish","type":"product","link":"https:\/\/decoplanta.com\/pt-pt\/plantas-suspensas\/planta-suspensa-cineraria-artificial\/","title":{"rendered":"Planta suspensa CINER\u00c1RIA"},"content":{"rendered":"<p>Planta suspensa CINER\u00c1RIA artificial muito realista e ornamental planta de enforcamento. Esta planta \u00e9 uma reprodu\u00e7\u00e3o muito realista da Cineraria Maritima ou Jacobaea Maritima.<\/p>\n<p><a class=\"waffle-rich-text-link\" href=\"https:\/\/paramijardin.com\/plantas\/vivaces\/cineraria-maritima-senecio-cineraria\/\">A Ciner\u00e1ria<\/a> artificial \u00e9 uma planta herb\u00e1cea, pertencente \u00e0 fam\u00edlia Asteraceae e ao g\u00e9nero Jacobeae, e \u00e9 nativa da zona mediterr\u00e2nica. \u00c9 uma planta altamente ramificada que pode atingir cerca de um metro de altura durante a flora\u00e7\u00e3o. Se plantado directamente no solo do jardim, pode crescer entre sessenta cent\u00edmetros e um metro de altura quando em flor, embora em vasos n\u00e3o cres\u00e7a normalmente t\u00e3o alto. Os caules crescem erectos e s\u00e3o altamente ramificados a partir da base da planta. As folhas s\u00e3o muito originais, cinzentas prateadas, quase brancas na parte inferior das folhas. De facto, s\u00e3o lobados, altamente divididos e compostos por numerosos folhetos alongados, eles pr\u00f3prios divididos em partes irregulares. As folhas s\u00e3o cobertas com um fino esbranqui\u00e7ado para baixo, dando-lhe uma apar\u00eancia de pel\u00facia.<\/p>\n<h3>Como s\u00e3o as folhas da planta suspensa de Ciner\u00e1ria?<\/h3>\n<p>As folhas da Planta suspensa CINER\u00c1RIA artificial crescem alternadamente nos caules. As folhas dos novos rebentos s\u00e3o muito claras, prateadas e de cor quase branca. \u00c9 uma planta muito utilizada na jardinagem, a sua cor cinzenta prateada. Isto faz com que seja uma planta perfeita para criar contraste em composi\u00e7\u00f5es com outras plantas. Perfeito em canteiros juntamente com Gazanias e Pelargonium Zonale. Pode ser cultivado no jardim ou em vasos e jardineiras para decorar p\u00e1tios, varandas e terra\u00e7os. \u00c9 uma planta muito robusta e decorativa. Al\u00e9m disso, combina perfeitamente com plantas floridas de muitas cores diferentes, especialmente com Liliums cor-de-rosa e Liliums cor-de-rosa.<\/p>\n<p>\u00c9 amplamente utilizado em espa\u00e7os p\u00fablicos, devido \u00e0 sua rusticidade, resiste a temperaturas elevadas e ao vento. Por este motivo, pode ser cultivado em situa\u00e7\u00f5es costeiras. Uma vez estabelecido, pode resistir a per\u00edodos de seca. Pre\u00e7o por unidade no <a class=\"waffle-rich-text-link\" href=\"https:\/\/decoplanta.com\/catalogo\/TarifasDecoplanta-CatalogoDistribuidor-HR.pdf\">cat\u00e1logo<\/a>. Na sec\u00e7\u00e3o <a class=\"waffle-rich-text-link\" href=\"https:\/\/decoplanta.com\/pincha-y-decora\/\">plantar e decorar<\/a>, h\u00e1 tamb\u00e9m outro modelo de <a class=\"waffle-rich-text-link\" href=\"https:\/\/decoplanta.com\/pincha-y-decora\/arbusto-cineraria-42cm\/\">ciner\u00e1ria<\/a> para o colocar onde quiser num <a class=\"waffle-rich-text-link\" href=\"https:\/\/decoplanta.com\/jardineras-de-diseno\/jardinera-rectangular-maxideco\/\">vaso<\/a>.<\/p>\n","protected":false},"excerpt":{"rendered":"<p>Planta suspensa CINER\u00c1RIA, 75 cm de altura. As folhas lobadas s\u00e3o muito originais, cinzentas prateadas, quase brancas, e est\u00e3o cobertas com uma fina penugem esbranqui\u00e7ada que lhes d\u00e1 uma apar\u00eancia de pel\u00facia. Decore o seu interior com uma grande planta suspensa que n\u00e3o precisa de \u00e1gua e que se mant\u00e9m sempre bonita. Tem um desenho detalhado para um aspecto particularmente natural. Atrair\u00e1 a aten\u00e7\u00e3o em qualquer divis\u00e3o da casa ou do escrit\u00f3rio.<\/p>\n<p>Pre\u00e7o por unidade no nosso cat\u00e1logo.<\/p>\n<table>\n<tbody>\n<tr>\n<td><strong>REF<\/strong><\/td>\n<td>Altura<\/td>\n<\/tr>\n<tr>\n<td><strong>426565<\/strong><\/td>\n<td>75 cm<\/td>\n<\/tr>\n<\/tbody>\n<\/table>\n","protected":false},"featured_media":4708,"template":"","meta":{"_monsterinsights_skip_tracking":false,"_monsterinsights_sitenote_active":false,"_monsterinsights_sitenote_note":"","_monsterinsights_sitenote_category":0},"product_brand":[],"product_cat":[392],"product_tag":[],"class_list":{"0":"post-5159","1":"product","2":"type-product","3":"status-publish","4":"has-post-thumbnail","6":"product_cat-plantas-suspensas","7":"","8":"woocommerce-text-align-center","9":"woocommerce-image-align-center","10":"do-quantity-buttons","12":"first","13":"instock","14":"taxable","15":"shipping-taxable","16":"purchasable","17":"product-type-simple"},"yoast_head":"<!-- This site is optimized with the Yoast SEO plugin v27.4 - https:\/\/yoast.com\/product\/yoast-seo-wordpress\/ -->\n<title>Planta suspensa CINER\u00c1RIA artificial altamente realista<\/title>\n<meta name=\"description\" content=\"Planta suspensa CINER\u00c1RIA artificial com alto realismo e beleza. Decore o seu interior com uma planta suspensa que n\u00e3o precise de \u00e1gua\" \/>\n<meta name=\"robots\" content=\"index, follow, max-snippet:-1, max-image-preview:large, max-video-preview:-1\" \/>\n<link rel=\"canonical\" href=\"https:\/\/decoplanta.com\/pt-pt\/plantas-suspensas\/planta-suspensa-cineraria-artificial\/\" \/>\n<meta property=\"og:locale\" content=\"pt_PT\" \/>\n<meta property=\"og:type\" content=\"article\" \/>\n<meta property=\"og:title\" content=\"Planta suspensa CINER\u00c1RIA artificial altamente realista\" \/>\n<meta property=\"og:description\" content=\"Planta suspensa CINER\u00c1RIA artificial com alto realismo e beleza. Decore o seu interior com uma planta suspensa que n\u00e3o precise de \u00e1gua\" \/>\n<meta property=\"og:url\" content=\"https:\/\/decoplanta.com\/pt-pt\/plantas-suspensas\/planta-suspensa-cineraria-artificial\/\" \/>\n<meta property=\"og:site_name\" content=\"Plantas y \u00e1rboles artificiales de Alto Realismo\" \/>\n<meta property=\"article:modified_time\" content=\"2023-11-01T12:40:09+00:00\" \/>\n<meta property=\"og:image\" content=\"https:\/\/decoplanta.com\/wp-content\/uploads\/2022\/04\/426565-Planta_COLGANTE-CINERARIA-75cm-1.jpg\" \/>\n\t<meta property=\"og:image:width\" content=\"1828\" \/>\n\t<meta property=\"og:image:height\" content=\"1828\" \/>\n\t<meta property=\"og:image:type\" content=\"image\/jpeg\" \/>\n<meta name=\"twitter:card\" content=\"summary_large_image\" \/>\n<meta name=\"twitter:label1\" content=\"Tempo estimado de leitura\" \/>\n\t<meta name=\"twitter:data1\" content=\"2 minutos\" \/>\n<script type=\"application\/ld+json\" class=\"yoast-schema-graph\">{\"@context\":\"https:\\\/\\\/schema.org\",\"@graph\":[{\"@type\":\"WebPage\",\"@id\":\"https:\\\/\\\/decoplanta.com\\\/pt-pt\\\/plantas-suspensas\\\/planta-suspensa-cineraria-artificial\\\/\",\"url\":\"https:\\\/\\\/decoplanta.com\\\/pt-pt\\\/plantas-suspensas\\\/planta-suspensa-cineraria-artificial\\\/\",\"name\":\"Planta suspensa CINER\u00c1RIA artificial altamente realista\",\"isPartOf\":{\"@id\":\"https:\\\/\\\/decoplanta.com\\\/pt-pt\\\/#website\"},\"primaryImageOfPage\":{\"@id\":\"https:\\\/\\\/decoplanta.com\\\/pt-pt\\\/plantas-suspensas\\\/planta-suspensa-cineraria-artificial\\\/#primaryimage\"},\"image\":{\"@id\":\"https:\\\/\\\/decoplanta.com\\\/pt-pt\\\/plantas-suspensas\\\/planta-suspensa-cineraria-artificial\\\/#primaryimage\"},\"thumbnailUrl\":\"https:\\\/\\\/decoplanta.com\\\/wp-content\\\/uploads\\\/2022\\\/04\\\/426565-Planta_COLGANTE-CINERARIA-75cm-1.jpg\",\"datePublished\":\"2022-10-13T10:54:09+00:00\",\"dateModified\":\"2023-11-01T12:40:09+00:00\",\"description\":\"Planta suspensa CINER\u00c1RIA artificial com alto realismo e beleza. Decore o seu interior com uma planta suspensa que n\u00e3o precise de \u00e1gua\",\"breadcrumb\":{\"@id\":\"https:\\\/\\\/decoplanta.com\\\/pt-pt\\\/plantas-suspensas\\\/planta-suspensa-cineraria-artificial\\\/#breadcrumb\"},\"inLanguage\":\"pt-PT\",\"potentialAction\":[{\"@type\":\"ReadAction\",\"target\":[\"https:\\\/\\\/decoplanta.com\\\/pt-pt\\\/plantas-suspensas\\\/planta-suspensa-cineraria-artificial\\\/\"]}]},{\"@type\":\"ImageObject\",\"inLanguage\":\"pt-PT\",\"@id\":\"https:\\\/\\\/decoplanta.com\\\/pt-pt\\\/plantas-suspensas\\\/planta-suspensa-cineraria-artificial\\\/#primaryimage\",\"url\":\"https:\\\/\\\/decoplanta.com\\\/wp-content\\\/uploads\\\/2022\\\/04\\\/426565-Planta_COLGANTE-CINERARIA-75cm-1.jpg\",\"contentUrl\":\"https:\\\/\\\/decoplanta.com\\\/wp-content\\\/uploads\\\/2022\\\/04\\\/426565-Planta_COLGANTE-CINERARIA-75cm-1.jpg\",\"width\":1828,\"height\":1828,\"caption\":\"Planta suspensa CINER\u00c1RIA artificial\"},{\"@type\":\"BreadcrumbList\",\"@id\":\"https:\\\/\\\/decoplanta.com\\\/pt-pt\\\/plantas-suspensas\\\/planta-suspensa-cineraria-artificial\\\/#breadcrumb\",\"itemListElement\":[{\"@type\":\"ListItem\",\"position\":1,\"name\":\"Portada\",\"item\":\"https:\\\/\\\/decoplanta.com\\\/pt-pt\\\/\"},{\"@type\":\"ListItem\",\"position\":2,\"name\":\"Priv\u00e9\u00a0: Tienda\",\"item\":\"https:\\\/\\\/decoplanta.com\\\/?page_id=377\"},{\"@type\":\"ListItem\",\"position\":3,\"name\":\"Planta suspensa CINER\u00c1RIA\"}]},{\"@type\":\"WebSite\",\"@id\":\"https:\\\/\\\/decoplanta.com\\\/pt-pt\\\/#website\",\"url\":\"https:\\\/\\\/decoplanta.com\\\/pt-pt\\\/\",\"name\":\"Plantas y \u00e1rboles artificiales de Alto Realismo\",\"description\":\"Proveedor de Plantas artificiales para estudios de Arquitectura, Interiorismo, Paisajismo, Escenograf\u00eda, Tiendas de Decoraci\u00f3n Florister\u00edas y Mobiliario\",\"publisher\":{\"@id\":\"https:\\\/\\\/decoplanta.com\\\/pt-pt\\\/#organization\"},\"potentialAction\":[{\"@type\":\"SearchAction\",\"target\":{\"@type\":\"EntryPoint\",\"urlTemplate\":\"https:\\\/\\\/decoplanta.com\\\/pt-pt\\\/?s={search_term_string}\"},\"query-input\":{\"@type\":\"PropertyValueSpecification\",\"valueRequired\":true,\"valueName\":\"search_term_string\"}}],\"inLanguage\":\"pt-PT\"},{\"@type\":\"Organization\",\"@id\":\"https:\\\/\\\/decoplanta.com\\\/pt-pt\\\/#organization\",\"name\":\"Plantas y \u00e1rboles artificiales de Alto Realismo\",\"url\":\"https:\\\/\\\/decoplanta.com\\\/pt-pt\\\/\",\"logo\":{\"@type\":\"ImageObject\",\"inLanguage\":\"pt-PT\",\"@id\":\"https:\\\/\\\/decoplanta.com\\\/pt-pt\\\/#\\\/schema\\\/logo\\\/image\\\/\",\"url\":\"https:\\\/\\\/decoplanta.com\\\/wp-content\\\/uploads\\\/2021\\\/02\\\/decoplanta-logo2020.svg\",\"contentUrl\":\"https:\\\/\\\/decoplanta.com\\\/wp-content\\\/uploads\\\/2021\\\/02\\\/decoplanta-logo2020.svg\",\"width\":500,\"height\":500,\"caption\":\"Plantas y \u00e1rboles artificiales de Alto Realismo\"},\"image\":{\"@id\":\"https:\\\/\\\/decoplanta.com\\\/pt-pt\\\/#\\\/schema\\\/logo\\\/image\\\/\"}}]}<\/script>\n<!-- \/ Yoast SEO plugin. -->","yoast_head_json":{"title":"Planta suspensa CINER\u00c1RIA artificial altamente realista","description":"Planta suspensa CINER\u00c1RIA artificial com alto realismo e beleza. Decore o seu interior com uma planta suspensa que n\u00e3o precise de \u00e1gua","robots":{"index":"index","follow":"follow","max-snippet":"max-snippet:-1","max-image-preview":"max-image-preview:large","max-video-preview":"max-video-preview:-1"},"canonical":"https:\/\/decoplanta.com\/pt-pt\/plantas-suspensas\/planta-suspensa-cineraria-artificial\/","og_locale":"pt_PT","og_type":"article","og_title":"Planta suspensa CINER\u00c1RIA artificial altamente realista","og_description":"Planta suspensa CINER\u00c1RIA artificial com alto realismo e beleza. Decore o seu interior com uma planta suspensa que n\u00e3o precise de \u00e1gua","og_url":"https:\/\/decoplanta.com\/pt-pt\/plantas-suspensas\/planta-suspensa-cineraria-artificial\/","og_site_name":"Plantas y \u00e1rboles artificiales de Alto Realismo","article_modified_time":"2023-11-01T12:40:09+00:00","og_image":[{"width":1828,"height":1828,"url":"https:\/\/decoplanta.com\/wp-content\/uploads\/2022\/04\/426565-Planta_COLGANTE-CINERARIA-75cm-1.jpg","type":"image\/jpeg"}],"twitter_card":"summary_large_image","twitter_misc":{"Tempo estimado de leitura":"2 minutos"},"schema":{"@context":"https:\/\/schema.org","@graph":[{"@type":"WebPage","@id":"https:\/\/decoplanta.com\/pt-pt\/plantas-suspensas\/planta-suspensa-cineraria-artificial\/","url":"https:\/\/decoplanta.com\/pt-pt\/plantas-suspensas\/planta-suspensa-cineraria-artificial\/","name":"Planta suspensa CINER\u00c1RIA artificial altamente realista","isPartOf":{"@id":"https:\/\/decoplanta.com\/pt-pt\/#website"},"primaryImageOfPage":{"@id":"https:\/\/decoplanta.com\/pt-pt\/plantas-suspensas\/planta-suspensa-cineraria-artificial\/#primaryimage"},"image":{"@id":"https:\/\/decoplanta.com\/pt-pt\/plantas-suspensas\/planta-suspensa-cineraria-artificial\/#primaryimage"},"thumbnailUrl":"https:\/\/decoplanta.com\/wp-content\/uploads\/2022\/04\/426565-Planta_COLGANTE-CINERARIA-75cm-1.jpg","datePublished":"2022-10-13T10:54:09+00:00","dateModified":"2023-11-01T12:40:09+00:00","description":"Planta suspensa CINER\u00c1RIA artificial com alto realismo e beleza. Decore o seu interior com uma planta suspensa que n\u00e3o precise de \u00e1gua","breadcrumb":{"@id":"https:\/\/decoplanta.com\/pt-pt\/plantas-suspensas\/planta-suspensa-cineraria-artificial\/#breadcrumb"},"inLanguage":"pt-PT","potentialAction":[{"@type":"ReadAction","target":["https:\/\/decoplanta.com\/pt-pt\/plantas-suspensas\/planta-suspensa-cineraria-artificial\/"]}]},{"@type":"ImageObject","inLanguage":"pt-PT","@id":"https:\/\/decoplanta.com\/pt-pt\/plantas-suspensas\/planta-suspensa-cineraria-artificial\/#primaryimage","url":"https:\/\/decoplanta.com\/wp-content\/uploads\/2022\/04\/426565-Planta_COLGANTE-CINERARIA-75cm-1.jpg","contentUrl":"https:\/\/decoplanta.com\/wp-content\/uploads\/2022\/04\/426565-Planta_COLGANTE-CINERARIA-75cm-1.jpg","width":1828,"height":1828,"caption":"Planta suspensa CINER\u00c1RIA artificial"},{"@type":"BreadcrumbList","@id":"https:\/\/decoplanta.com\/pt-pt\/plantas-suspensas\/planta-suspensa-cineraria-artificial\/#breadcrumb","itemListElement":[{"@type":"ListItem","position":1,"name":"Portada","item":"https:\/\/decoplanta.com\/pt-pt\/"},{"@type":"ListItem","position":2,"name":"Priv\u00e9\u00a0: Tienda","item":"https:\/\/decoplanta.com\/?page_id=377"},{"@type":"ListItem","position":3,"name":"Planta suspensa CINER\u00c1RIA"}]},{"@type":"WebSite","@id":"https:\/\/decoplanta.com\/pt-pt\/#website","url":"https:\/\/decoplanta.com\/pt-pt\/","name":"Plantas y \u00e1rboles artificiales de Alto Realismo","description":"Proveedor de Plantas artificiales para estudios de Arquitectura, Interiorismo, Paisajismo, Escenograf\u00eda, Tiendas de Decoraci\u00f3n Florister\u00edas y Mobiliario","publisher":{"@id":"https:\/\/decoplanta.com\/pt-pt\/#organization"},"potentialAction":[{"@type":"SearchAction","target":{"@type":"EntryPoint","urlTemplate":"https:\/\/decoplanta.com\/pt-pt\/?s={search_term_string}"},"query-input":{"@type":"PropertyValueSpecification","valueRequired":true,"valueName":"search_term_string"}}],"inLanguage":"pt-PT"},{"@type":"Organization","@id":"https:\/\/decoplanta.com\/pt-pt\/#organization","name":"Plantas y \u00e1rboles artificiales de Alto Realismo","url":"https:\/\/decoplanta.com\/pt-pt\/","logo":{"@type":"ImageObject","inLanguage":"pt-PT","@id":"https:\/\/decoplanta.com\/pt-pt\/#\/schema\/logo\/image\/","url":"https:\/\/decoplanta.com\/wp-content\/uploads\/2021\/02\/decoplanta-logo2020.svg","contentUrl":"https:\/\/decoplanta.com\/wp-content\/uploads\/2021\/02\/decoplanta-logo2020.svg","width":500,"height":500,"caption":"Plantas y \u00e1rboles artificiales de Alto Realismo"},"image":{"@id":"https:\/\/decoplanta.com\/pt-pt\/#\/schema\/logo\/image\/"}}]}},"_links":{"self":[{"href":"https:\/\/decoplanta.com\/pt-pt\/wp-json\/wp\/v2\/product\/5159","targetHints":{"allow":["GET"]}}],"collection":[{"href":"https:\/\/decoplanta.com\/pt-pt\/wp-json\/wp\/v2\/product"}],"about":[{"href":"https:\/\/decoplanta.com\/pt-pt\/wp-json\/wp\/v2\/types\/product"}],"version-history":[{"count":0,"href":"https:\/\/decoplanta.com\/pt-pt\/wp-json\/wp\/v2\/product\/5159\/revisions"}],"wp:featuredmedia":[{"embeddable":true,"href":"https:\/\/decoplanta.com\/pt-pt\/wp-json\/wp\/v2\/media\/4708"}],"wp:attachment":[{"href":"https:\/\/decoplanta.com\/pt-pt\/wp-json\/wp\/v2\/media?parent=5159"}],"wp:term":[{"taxonomy":"product_brand","embeddable":true,"href":"https:\/\/decoplanta.com\/pt-pt\/wp-json\/wp\/v2\/product_brand?post=5159"},{"taxonomy":"product_cat","embeddable":true,"href":"https:\/\/decoplanta.com\/pt-pt\/wp-json\/wp\/v2\/product_cat?post=5159"},{"taxonomy":"product_tag","embeddable":true,"href":"https:\/\/decoplanta.com\/pt-pt\/wp-json\/wp\/v2\/product_tag?post=5159"}],"curies":[{"name":"wp","href":"https:\/\/api.w.org\/{rel}","templated":true}]}}