{"id":5166,"date":"2021-03-20T16:03:25","date_gmt":"2022-10-14T10:13:43","guid":{"rendered":"https:\/\/decoplanta.com\/sem%20categoria\/planta-suspensa-hoya\/"},"modified":"2023-11-01T15:08:26","modified_gmt":"2023-11-01T14:08:26","slug":"planta-suspensa-hoya-artificial","status":"publish","type":"product","link":"https:\/\/decoplanta.com\/pt-pt\/plantas-suspensas\/planta-suspensa-hoya-artificial\/","title":{"rendered":"Planta suspensa HOYA"},"content":{"rendered":"<p><a href=\"https:\/\/decoplanta.com\/etiqueta-producto\/planta-tropical\/\" target=\"_blank\" rel=\"noopener\">Planta tropical suspensa<\/a> HOYA LINEARIS artificial com 85 cm de comprimento. Tamb\u00e9m conhecida como &#8220;flor de cera&#8221; pelas suas flores em forma de porcelana, que s\u00e3o carregadas em cachos. A folhagem longa e esguia deste hoya cria um efeito de cascata ao longo dos caules. A Hoya Linearis \u00e9 nativa do Sul da \u00c1sia e cresce em pa\u00edses como o Nepal, China, \u00cdndia e Birm\u00e2nia.<\/p>\n<p><span style=\"font-weight: 400;\">Hoya linearis \u00e9 uma planta pendente com folhas espessas, brilhantes e verdes escuras.<\/span><\/p>\n<p>Pode ser cultivado num cesto suspenso, permitindo que os seus ramos arquem e cubram o cesto, ou pode ser colocado um guia para que os ramos arquem e cubram lentamente toda a estrutura.<\/p>\n<p><span style=\"font-weight: 400;\">A curvatura das suas folhas f\u00e1-las crescer em forma de espiral, dando-lhe um toque decorativo original. Na Primavera, pequenas flores emergem e libertam uma doce fragr\u00e2ncia. \u00c9 tamb\u00e9m comum que formem gotas de n\u00e9ctar pegajosas.<\/span><\/p>\n<p><span style=\"font-weight: 400;\">G\u00e9nero<\/span><a href=\"https:\/\/www.infojardineria.es\/cuidados-hoya-linearis\/\" target=\"_blank\" rel=\"noopener\"><b> Hoya<\/b><\/a><span style=\"font-weight: 400;\"> \u00e9 constitu\u00edda por uma grande variedade de plantas, devido ao facto de serem <\/span><b>perenes, sempre-verdes, trepadeiras, arbustivas ou rastejantes, mesmo algumas ep\u00edfitas.<\/b><span style=\"font-weight: 400;\">. A caracter\u00edstica que une todas estas plantas \u00e9 a <\/span><b>flores em forma de estrela<\/b><span style=\"font-weight: 400;\"> em infloresc\u00eancias nas axilas das folhas, estas s\u00e3o cerosas, perfumadas e muito<\/span><b> ceroso, perfumado, muito distinto e atractivo.<\/b><span style=\"font-weight: 400;\"> florescendo durante todo o Ver\u00e3o. A exist\u00eancia de<\/span> <b> 150 esp\u00e9cies<\/b><span style=\"font-weight: 400;\">mas os mais populares s\u00e3o: <\/span><b>hoya bella, hoya carnosa, hoya multiflora, hoya purp\u00farea fusca<\/b><span style=\"font-weight: 400;\">entre muitos outros.<\/span><\/p>\n<p>Esta esp\u00e9cie tem caules esguios e folhas verdes escuras, carnudas, longas, peludas e carnudas. Estas folhas s\u00e3o c\u00f4ncavas na parte superior e arredondadas na parte inferior.<br \/>\nA planta natural goza de flores intensamente perfumadas, algumas s\u00e3o mesmo um pouco enjoativas.<\/p>\n<p><span style=\"font-weight: 400;\">O Hoya linearis <\/span>pode ser colocado num pote suspenso onde ir\u00e1 mostrar grande beleza, ou colocado num adere\u00e7o para suportar os seus caules flex\u00edveis.<\/p>\n<p>Devido ao seu crescimento lento \u00e9 melhor plantar v\u00e1rias pl\u00e2ntulas no mesmo vaso.<\/p>\n<p>A planta suspensa artificial HOYA LINEARIS tropical \u00e9 vendida em caixas indivis\u00edveis de 6 unidades. Pode ver o pre\u00e7o por unidade no nosso cat\u00e1logo.<\/p>\n","protected":false},"excerpt":{"rendered":"<p>Planta tropical suspensa HOYA LINEARIS ou arbusto suspenso artificial de 85 cm de comprimento. Tamb\u00e9m conhecida como &#8220;flor de cera&#8221; pelas suas flores em forma de porcelana, que s\u00e3o carregadas em cachos. A folhagem longa e esguia deste hoya cria um efeito de cascata ao longo dos caules. A Hoya Linearis \u00e9 nativa do Sul da \u00c1sia e cresce em pa\u00edses como o Nepal, China, \u00cdndia e Birm\u00e2nia.<\/p>\n<p>Pre\u00e7o por unidade no cat\u00e1logo.<\/p>\n<table>\n<tbody>\n<tr>\n<td><strong>REF<\/strong><\/td>\n<td><strong>ALTURA<\/strong><\/td>\n<\/tr>\n<tr>\n<td><strong>424662<\/strong><\/td>\n<td>85 cm<\/td>\n<\/tr>\n<\/tbody>\n<\/table>\n","protected":false},"featured_media":4524,"template":"","meta":{"_monsterinsights_skip_tracking":false,"_monsterinsights_sitenote_active":false,"_monsterinsights_sitenote_note":"","_monsterinsights_sitenote_category":0},"product_brand":[],"product_cat":[392],"product_tag":[422],"class_list":{"0":"post-5166","1":"product","2":"type-product","3":"status-publish","4":"has-post-thumbnail","6":"product_cat-plantas-suspensas","7":"product_tag-planta-tropical","8":"","9":"woocommerce-text-align-center","10":"woocommerce-image-align-center","11":"do-quantity-buttons","13":"first","14":"instock","15":"taxable","16":"shipping-taxable","17":"purchasable","18":"product-type-simple"},"yoast_head":"<!-- This site is optimized with the Yoast SEO plugin v27.4 - https:\/\/yoast.com\/product\/yoast-seo-wordpress\/ -->\n<title>Planta tropical suspensa HOYA LINEARIS - Alto realismo<\/title>\n<meta name=\"description\" content=\"Planta tropical suspensaHOYA LINEARIS 85 cm para interior. Planta suspensa artificial altamente realista e livre de manuten\u00e7\u00e3o\" \/>\n<meta name=\"robots\" content=\"index, follow, max-snippet:-1, max-image-preview:large, max-video-preview:-1\" \/>\n<link rel=\"canonical\" href=\"https:\/\/decoplanta.com\/pt-pt\/plantas-suspensas\/planta-suspensa-hoya-artificial\/\" \/>\n<meta property=\"og:locale\" content=\"pt_PT\" \/>\n<meta property=\"og:type\" content=\"article\" \/>\n<meta property=\"og:title\" content=\"Planta tropical suspensa HOYA LINEARIS - Alto realismo\" \/>\n<meta property=\"og:description\" content=\"Planta tropical suspensaHOYA LINEARIS 85 cm para interior. Planta suspensa artificial altamente realista e livre de manuten\u00e7\u00e3o\" \/>\n<meta property=\"og:url\" content=\"https:\/\/decoplanta.com\/pt-pt\/plantas-suspensas\/planta-suspensa-hoya-artificial\/\" \/>\n<meta property=\"og:site_name\" content=\"Plantas y \u00e1rboles artificiales de Alto Realismo\" \/>\n<meta property=\"article:modified_time\" content=\"2023-11-01T14:08:26+00:00\" \/>\n<meta property=\"og:image\" content=\"https:\/\/decoplanta.com\/wp-content\/uploads\/2021\/03\/424662-Arbusto_Colgante-HOYA-85cm-1.jpg\" \/>\n\t<meta property=\"og:image:width\" content=\"2048\" \/>\n\t<meta property=\"og:image:height\" content=\"2048\" \/>\n\t<meta property=\"og:image:type\" content=\"image\/jpeg\" \/>\n<meta name=\"twitter:card\" content=\"summary_large_image\" \/>\n<meta name=\"twitter:label1\" content=\"Tempo estimado de leitura\" \/>\n\t<meta name=\"twitter:data1\" content=\"2 minutos\" \/>\n<script type=\"application\/ld+json\" class=\"yoast-schema-graph\">{\"@context\":\"https:\\\/\\\/schema.org\",\"@graph\":[{\"@type\":\"WebPage\",\"@id\":\"https:\\\/\\\/decoplanta.com\\\/pt-pt\\\/plantas-suspensas\\\/planta-suspensa-hoya-artificial\\\/\",\"url\":\"https:\\\/\\\/decoplanta.com\\\/pt-pt\\\/plantas-suspensas\\\/planta-suspensa-hoya-artificial\\\/\",\"name\":\"Planta tropical suspensa HOYA LINEARIS - Alto realismo\",\"isPartOf\":{\"@id\":\"https:\\\/\\\/decoplanta.com\\\/pt-pt\\\/#website\"},\"primaryImageOfPage\":{\"@id\":\"https:\\\/\\\/decoplanta.com\\\/pt-pt\\\/plantas-suspensas\\\/planta-suspensa-hoya-artificial\\\/#primaryimage\"},\"image\":{\"@id\":\"https:\\\/\\\/decoplanta.com\\\/pt-pt\\\/plantas-suspensas\\\/planta-suspensa-hoya-artificial\\\/#primaryimage\"},\"thumbnailUrl\":\"https:\\\/\\\/decoplanta.com\\\/wp-content\\\/uploads\\\/2021\\\/03\\\/424662-Arbusto_Colgante-HOYA-85cm-1.jpg\",\"datePublished\":\"2022-10-14T10:13:43+00:00\",\"dateModified\":\"2023-11-01T14:08:26+00:00\",\"description\":\"Planta tropical suspensaHOYA LINEARIS 85 cm para interior. Planta suspensa artificial altamente realista e livre de manuten\u00e7\u00e3o\",\"breadcrumb\":{\"@id\":\"https:\\\/\\\/decoplanta.com\\\/pt-pt\\\/plantas-suspensas\\\/planta-suspensa-hoya-artificial\\\/#breadcrumb\"},\"inLanguage\":\"pt-PT\",\"potentialAction\":[{\"@type\":\"ReadAction\",\"target\":[\"https:\\\/\\\/decoplanta.com\\\/pt-pt\\\/plantas-suspensas\\\/planta-suspensa-hoya-artificial\\\/\"]}]},{\"@type\":\"ImageObject\",\"inLanguage\":\"pt-PT\",\"@id\":\"https:\\\/\\\/decoplanta.com\\\/pt-pt\\\/plantas-suspensas\\\/planta-suspensa-hoya-artificial\\\/#primaryimage\",\"url\":\"https:\\\/\\\/decoplanta.com\\\/wp-content\\\/uploads\\\/2021\\\/03\\\/424662-Arbusto_Colgante-HOYA-85cm-1.jpg\",\"contentUrl\":\"https:\\\/\\\/decoplanta.com\\\/wp-content\\\/uploads\\\/2021\\\/03\\\/424662-Arbusto_Colgante-HOYA-85cm-1.jpg\",\"width\":2048,\"height\":2048,\"caption\":\"Planta tropical suspensa HOYA LINEARIS artificial com 85 cm de comprimento\"},{\"@type\":\"BreadcrumbList\",\"@id\":\"https:\\\/\\\/decoplanta.com\\\/pt-pt\\\/plantas-suspensas\\\/planta-suspensa-hoya-artificial\\\/#breadcrumb\",\"itemListElement\":[{\"@type\":\"ListItem\",\"position\":1,\"name\":\"Portada\",\"item\":\"https:\\\/\\\/decoplanta.com\\\/pt-pt\\\/\"},{\"@type\":\"ListItem\",\"position\":2,\"name\":\"Priv\u00e9\u00a0: Tienda\",\"item\":\"https:\\\/\\\/decoplanta.com\\\/?page_id=377\"},{\"@type\":\"ListItem\",\"position\":3,\"name\":\"Planta suspensa HOYA\"}]},{\"@type\":\"WebSite\",\"@id\":\"https:\\\/\\\/decoplanta.com\\\/pt-pt\\\/#website\",\"url\":\"https:\\\/\\\/decoplanta.com\\\/pt-pt\\\/\",\"name\":\"Plantas y \u00e1rboles artificiales de Alto Realismo\",\"description\":\"Proveedor de Plantas artificiales para estudios de Arquitectura, Interiorismo, Paisajismo, Escenograf\u00eda, Tiendas de Decoraci\u00f3n Florister\u00edas y Mobiliario\",\"publisher\":{\"@id\":\"https:\\\/\\\/decoplanta.com\\\/pt-pt\\\/#organization\"},\"potentialAction\":[{\"@type\":\"SearchAction\",\"target\":{\"@type\":\"EntryPoint\",\"urlTemplate\":\"https:\\\/\\\/decoplanta.com\\\/pt-pt\\\/?s={search_term_string}\"},\"query-input\":{\"@type\":\"PropertyValueSpecification\",\"valueRequired\":true,\"valueName\":\"search_term_string\"}}],\"inLanguage\":\"pt-PT\"},{\"@type\":\"Organization\",\"@id\":\"https:\\\/\\\/decoplanta.com\\\/pt-pt\\\/#organization\",\"name\":\"Plantas y \u00e1rboles artificiales de Alto Realismo\",\"url\":\"https:\\\/\\\/decoplanta.com\\\/pt-pt\\\/\",\"logo\":{\"@type\":\"ImageObject\",\"inLanguage\":\"pt-PT\",\"@id\":\"https:\\\/\\\/decoplanta.com\\\/pt-pt\\\/#\\\/schema\\\/logo\\\/image\\\/\",\"url\":\"https:\\\/\\\/decoplanta.com\\\/wp-content\\\/uploads\\\/2021\\\/02\\\/decoplanta-logo2020.svg\",\"contentUrl\":\"https:\\\/\\\/decoplanta.com\\\/wp-content\\\/uploads\\\/2021\\\/02\\\/decoplanta-logo2020.svg\",\"width\":500,\"height\":500,\"caption\":\"Plantas y \u00e1rboles artificiales de Alto Realismo\"},\"image\":{\"@id\":\"https:\\\/\\\/decoplanta.com\\\/pt-pt\\\/#\\\/schema\\\/logo\\\/image\\\/\"}}]}<\/script>\n<!-- \/ Yoast SEO plugin. -->","yoast_head_json":{"title":"Planta tropical suspensa HOYA LINEARIS - Alto realismo","description":"Planta tropical suspensaHOYA LINEARIS 85 cm para interior. Planta suspensa artificial altamente realista e livre de manuten\u00e7\u00e3o","robots":{"index":"index","follow":"follow","max-snippet":"max-snippet:-1","max-image-preview":"max-image-preview:large","max-video-preview":"max-video-preview:-1"},"canonical":"https:\/\/decoplanta.com\/pt-pt\/plantas-suspensas\/planta-suspensa-hoya-artificial\/","og_locale":"pt_PT","og_type":"article","og_title":"Planta tropical suspensa HOYA LINEARIS - Alto realismo","og_description":"Planta tropical suspensaHOYA LINEARIS 85 cm para interior. Planta suspensa artificial altamente realista e livre de manuten\u00e7\u00e3o","og_url":"https:\/\/decoplanta.com\/pt-pt\/plantas-suspensas\/planta-suspensa-hoya-artificial\/","og_site_name":"Plantas y \u00e1rboles artificiales de Alto Realismo","article_modified_time":"2023-11-01T14:08:26+00:00","og_image":[{"width":2048,"height":2048,"url":"https:\/\/decoplanta.com\/wp-content\/uploads\/2021\/03\/424662-Arbusto_Colgante-HOYA-85cm-1.jpg","type":"image\/jpeg"}],"twitter_card":"summary_large_image","twitter_misc":{"Tempo estimado de leitura":"2 minutos"},"schema":{"@context":"https:\/\/schema.org","@graph":[{"@type":"WebPage","@id":"https:\/\/decoplanta.com\/pt-pt\/plantas-suspensas\/planta-suspensa-hoya-artificial\/","url":"https:\/\/decoplanta.com\/pt-pt\/plantas-suspensas\/planta-suspensa-hoya-artificial\/","name":"Planta tropical suspensa HOYA LINEARIS - Alto realismo","isPartOf":{"@id":"https:\/\/decoplanta.com\/pt-pt\/#website"},"primaryImageOfPage":{"@id":"https:\/\/decoplanta.com\/pt-pt\/plantas-suspensas\/planta-suspensa-hoya-artificial\/#primaryimage"},"image":{"@id":"https:\/\/decoplanta.com\/pt-pt\/plantas-suspensas\/planta-suspensa-hoya-artificial\/#primaryimage"},"thumbnailUrl":"https:\/\/decoplanta.com\/wp-content\/uploads\/2021\/03\/424662-Arbusto_Colgante-HOYA-85cm-1.jpg","datePublished":"2022-10-14T10:13:43+00:00","dateModified":"2023-11-01T14:08:26+00:00","description":"Planta tropical suspensaHOYA LINEARIS 85 cm para interior. Planta suspensa artificial altamente realista e livre de manuten\u00e7\u00e3o","breadcrumb":{"@id":"https:\/\/decoplanta.com\/pt-pt\/plantas-suspensas\/planta-suspensa-hoya-artificial\/#breadcrumb"},"inLanguage":"pt-PT","potentialAction":[{"@type":"ReadAction","target":["https:\/\/decoplanta.com\/pt-pt\/plantas-suspensas\/planta-suspensa-hoya-artificial\/"]}]},{"@type":"ImageObject","inLanguage":"pt-PT","@id":"https:\/\/decoplanta.com\/pt-pt\/plantas-suspensas\/planta-suspensa-hoya-artificial\/#primaryimage","url":"https:\/\/decoplanta.com\/wp-content\/uploads\/2021\/03\/424662-Arbusto_Colgante-HOYA-85cm-1.jpg","contentUrl":"https:\/\/decoplanta.com\/wp-content\/uploads\/2021\/03\/424662-Arbusto_Colgante-HOYA-85cm-1.jpg","width":2048,"height":2048,"caption":"Planta tropical suspensa HOYA LINEARIS artificial com 85 cm de comprimento"},{"@type":"BreadcrumbList","@id":"https:\/\/decoplanta.com\/pt-pt\/plantas-suspensas\/planta-suspensa-hoya-artificial\/#breadcrumb","itemListElement":[{"@type":"ListItem","position":1,"name":"Portada","item":"https:\/\/decoplanta.com\/pt-pt\/"},{"@type":"ListItem","position":2,"name":"Priv\u00e9\u00a0: Tienda","item":"https:\/\/decoplanta.com\/?page_id=377"},{"@type":"ListItem","position":3,"name":"Planta suspensa HOYA"}]},{"@type":"WebSite","@id":"https:\/\/decoplanta.com\/pt-pt\/#website","url":"https:\/\/decoplanta.com\/pt-pt\/","name":"Plantas y \u00e1rboles artificiales de Alto Realismo","description":"Proveedor de Plantas artificiales para estudios de Arquitectura, Interiorismo, Paisajismo, Escenograf\u00eda, Tiendas de Decoraci\u00f3n Florister\u00edas y Mobiliario","publisher":{"@id":"https:\/\/decoplanta.com\/pt-pt\/#organization"},"potentialAction":[{"@type":"SearchAction","target":{"@type":"EntryPoint","urlTemplate":"https:\/\/decoplanta.com\/pt-pt\/?s={search_term_string}"},"query-input":{"@type":"PropertyValueSpecification","valueRequired":true,"valueName":"search_term_string"}}],"inLanguage":"pt-PT"},{"@type":"Organization","@id":"https:\/\/decoplanta.com\/pt-pt\/#organization","name":"Plantas y \u00e1rboles artificiales de Alto Realismo","url":"https:\/\/decoplanta.com\/pt-pt\/","logo":{"@type":"ImageObject","inLanguage":"pt-PT","@id":"https:\/\/decoplanta.com\/pt-pt\/#\/schema\/logo\/image\/","url":"https:\/\/decoplanta.com\/wp-content\/uploads\/2021\/02\/decoplanta-logo2020.svg","contentUrl":"https:\/\/decoplanta.com\/wp-content\/uploads\/2021\/02\/decoplanta-logo2020.svg","width":500,"height":500,"caption":"Plantas y \u00e1rboles artificiales de Alto Realismo"},"image":{"@id":"https:\/\/decoplanta.com\/pt-pt\/#\/schema\/logo\/image\/"}}]}},"_links":{"self":[{"href":"https:\/\/decoplanta.com\/pt-pt\/wp-json\/wp\/v2\/product\/5166","targetHints":{"allow":["GET"]}}],"collection":[{"href":"https:\/\/decoplanta.com\/pt-pt\/wp-json\/wp\/v2\/product"}],"about":[{"href":"https:\/\/decoplanta.com\/pt-pt\/wp-json\/wp\/v2\/types\/product"}],"version-history":[{"count":0,"href":"https:\/\/decoplanta.com\/pt-pt\/wp-json\/wp\/v2\/product\/5166\/revisions"}],"wp:featuredmedia":[{"embeddable":true,"href":"https:\/\/decoplanta.com\/pt-pt\/wp-json\/wp\/v2\/media\/4524"}],"wp:attachment":[{"href":"https:\/\/decoplanta.com\/pt-pt\/wp-json\/wp\/v2\/media?parent=5166"}],"wp:term":[{"taxonomy":"product_brand","embeddable":true,"href":"https:\/\/decoplanta.com\/pt-pt\/wp-json\/wp\/v2\/product_brand?post=5166"},{"taxonomy":"product_cat","embeddable":true,"href":"https:\/\/decoplanta.com\/pt-pt\/wp-json\/wp\/v2\/product_cat?post=5166"},{"taxonomy":"product_tag","embeddable":true,"href":"https:\/\/decoplanta.com\/pt-pt\/wp-json\/wp\/v2\/product_tag?post=5166"}],"curies":[{"name":"wp","href":"https:\/\/api.w.org\/{rel}","templated":true}]}}