{"id":5173,"date":"2021-03-20T15:38:25","date_gmt":"2022-10-17T06:07:39","guid":{"rendered":"https:\/\/decoplanta.com\/sem%20categoria\/planta-suspensa-buxo\/"},"modified":"2023-11-01T15:13:50","modified_gmt":"2023-11-01T14:13:50","slug":"planta-suspensa-buxo","status":"publish","type":"product","link":"https:\/\/decoplanta.com\/pt-pt\/plantas-suspensas\/planta-suspensa-buxo\/","title":{"rendered":"Planta suspensa BUXO"},"content":{"rendered":"<p>Planta suspensa BUXO artificial com 75 cm de comprimento e 6 ramos. Um prazer de olhar, n\u00e3o requer manuten\u00e7\u00e3o e mant\u00e9m-se bonito durante todo o ano. Pode coloc\u00e1-lo directamente sobre paredes e tectos, fix\u00e1-lo a jardineiros verticais ou combin\u00e1-lo com plantas naturais.<\/p>\n<p>A <a href=\"https:\/\/es.haenselblatt.com\/common-boxwood-varieties\" target=\"_blank\" rel=\"noopener\">planta DE BUXO<\/a> \u00e9 um dos arbustos ornamentais mais populares dispon\u00edveis. Destacam-se pelas suas formas compactas, facilidade de tratamento e adaptabilidade. Actualmente, existem mais de 200 tipos de madeira de caixotaria com pouco mais de 140 desses dispon\u00edveis comercialmente e uma s\u00e9rie de cultivares sem nome. As variedades americanas e inglesas Buxus s\u00e3o duas das esp\u00e9cies mais comuns vendidas no paisagismo, mas h\u00e1 muito mais op\u00e7\u00f5es para o jardineiro perspicaz. Escolha entre uma variedade de formas de folhas, formas de crescimento e gamas de velocidade e resist\u00eancia para um arbusto que melhor se adapte ao seu jardim.<\/p>\n<h2>Rara variedade de Planta suspensa BUXO artificial<\/h2>\n<p>Encontrar a planta ornamental perfeita para o jardim pode ser uma quest\u00e3o de gosto, de praticidade, de rusticidade e de n\u00edvel de manuten\u00e7\u00e3o. O BUXO, ou <em>Buxus<\/em>, \u00e9 um dos arbustos mais atractivos no mercado com uma vasta gama de utiliza\u00e7\u00f5es na paisagem. Os tipos de arbustos de madeira de caixa podem ser utilizados como bons\u00e1i, plantas de contentores, sebes e cabides.<\/p>\n<h2>A planta buxo para situa\u00e7\u00f5es \u00fanicas<\/h2>\n<p>Se quiser divertir-se a s\u00e9rio, d\u00ea uma vista de olhos a algumas das esp\u00e9cies e variedades menos frequentes <a href=\"https:\/\/decoplanta.com\/plantas-de-exterior-artificiales\/arbol-boj-esfera-con-macetero\/\" target=\"_blank\" rel=\"noopener\">de madeira de buxo<\/a>.<\/p>\n<p>No jardim vertical proporcionam interesse arquitect\u00f3nico e podem ainda resistir a cortes frequentes para manter a planta num h\u00e1bito que se adapte \u00e0s suas necessidades de jardim. Estes tipos de buxo fazem uma afirma\u00e7\u00e3o real e formam sebes limpas para privacidade e rastreio.<\/p>\n<p>Os tipos de buxo e an\u00e3 s\u00e3o arbustos confort\u00e1veis para a vegeta\u00e7\u00e3o instant\u00e2nea e preenchem em torno de sempre-verdes com pr\u00e1tica sempre-verdes.<\/p>\n<p>Alguns dos buxos maiores s\u00e3o perfeitos para telas de privacidade e sebes, mas h\u00e1 tamb\u00e9m arbustos de tamanho m\u00e9dio que t\u00eam uma textura interessante e uma dureza superior.<\/p>\n<p>S\u00e3o vendidos em caixas indivis\u00edveis de 6 unidades. Pre\u00e7o por unidade no cat\u00e1logo.<\/p>\n","protected":false},"excerpt":{"rendered":"<p>Planta suspensa BUXO artificial de 75 cm de comprimento com 6 ramos. Um prazer de olhar, n\u00e3o requer manuten\u00e7\u00e3o e mant\u00e9m-se bonito durante todo o ano. Pode coloc\u00e1-lo directamente sobre paredes e tectos, fix\u00e1-lo a jardineiros verticais ou combin\u00e1-lo com plantas naturais.<\/p>\n<p>Pre\u00e7o por unidade no cat\u00e1logo.<\/p>\n<table>\n<tbody>\n<tr>\n<td><strong>REF<\/strong><\/td>\n<td><strong>ALTURA<\/strong><\/td>\n<\/tr>\n<tr>\n<td><strong>419272<\/strong><\/td>\n<td>75 cm<\/td>\n<\/tr>\n<\/tbody>\n<\/table>\n","protected":false},"featured_media":4529,"template":"","meta":{"_monsterinsights_skip_tracking":false,"_monsterinsights_sitenote_active":false,"_monsterinsights_sitenote_note":"","_monsterinsights_sitenote_category":0},"product_brand":[],"product_cat":[392],"product_tag":[],"class_list":{"0":"post-5173","1":"product","2":"type-product","3":"status-publish","4":"has-post-thumbnail","6":"product_cat-plantas-suspensas","7":"","8":"woocommerce-text-align-center","9":"woocommerce-image-align-center","10":"do-quantity-buttons","12":"first","13":"instock","14":"taxable","15":"shipping-taxable","16":"purchasable","17":"product-type-simple"},"yoast_head":"<!-- This site is optimized with the Yoast SEO plugin v27.4 - https:\/\/yoast.com\/product\/yoast-seo-wordpress\/ -->\n<title>Planta suspensa BUXO artificial - Alto Realismo em decora\u00e7\u00e3o<\/title>\n<meta name=\"description\" content=\"Planta suspensa BUXO artificial com 75 cm de comprimento para decora\u00e7\u00e3o de interiores. Planta suspensa artificial altamente realista e livre de manuten\u00e7\u00e3o\" \/>\n<meta name=\"robots\" content=\"index, follow, max-snippet:-1, max-image-preview:large, max-video-preview:-1\" \/>\n<link rel=\"canonical\" href=\"https:\/\/decoplanta.com\/pt-pt\/plantas-suspensas\/planta-suspensa-buxo\/\" \/>\n<meta property=\"og:locale\" content=\"pt_PT\" \/>\n<meta property=\"og:type\" content=\"article\" \/>\n<meta property=\"og:title\" content=\"Planta suspensa BUXO artificial - Alto Realismo em decora\u00e7\u00e3o\" \/>\n<meta property=\"og:description\" content=\"Planta suspensa BUXO artificial com 75 cm de comprimento para decora\u00e7\u00e3o de interiores. Planta suspensa artificial altamente realista e livre de manuten\u00e7\u00e3o\" \/>\n<meta property=\"og:url\" content=\"https:\/\/decoplanta.com\/pt-pt\/plantas-suspensas\/planta-suspensa-buxo\/\" \/>\n<meta property=\"og:site_name\" content=\"Plantas y \u00e1rboles artificiales de Alto Realismo\" \/>\n<meta property=\"article:modified_time\" content=\"2023-11-01T14:13:50+00:00\" \/>\n<meta property=\"og:image\" content=\"https:\/\/decoplanta.com\/wp-content\/uploads\/2021\/03\/419272-Planta_Colgante-BOJ-1.jpg\" \/>\n\t<meta property=\"og:image:width\" content=\"2048\" \/>\n\t<meta property=\"og:image:height\" content=\"2048\" \/>\n\t<meta property=\"og:image:type\" content=\"image\/jpeg\" \/>\n<meta name=\"twitter:card\" content=\"summary_large_image\" \/>\n<meta name=\"twitter:label1\" content=\"Tempo estimado de leitura\" \/>\n\t<meta name=\"twitter:data1\" content=\"2 minutos\" \/>\n<script type=\"application\/ld+json\" class=\"yoast-schema-graph\">{\"@context\":\"https:\\\/\\\/schema.org\",\"@graph\":[{\"@type\":\"WebPage\",\"@id\":\"https:\\\/\\\/decoplanta.com\\\/pt-pt\\\/plantas-suspensas\\\/planta-suspensa-buxo\\\/\",\"url\":\"https:\\\/\\\/decoplanta.com\\\/pt-pt\\\/plantas-suspensas\\\/planta-suspensa-buxo\\\/\",\"name\":\"Planta suspensa BUXO artificial - Alto Realismo em decora\u00e7\u00e3o\",\"isPartOf\":{\"@id\":\"https:\\\/\\\/decoplanta.com\\\/pt-pt\\\/#website\"},\"primaryImageOfPage\":{\"@id\":\"https:\\\/\\\/decoplanta.com\\\/pt-pt\\\/plantas-suspensas\\\/planta-suspensa-buxo\\\/#primaryimage\"},\"image\":{\"@id\":\"https:\\\/\\\/decoplanta.com\\\/pt-pt\\\/plantas-suspensas\\\/planta-suspensa-buxo\\\/#primaryimage\"},\"thumbnailUrl\":\"https:\\\/\\\/decoplanta.com\\\/wp-content\\\/uploads\\\/2021\\\/03\\\/419272-Planta_Colgante-BOJ-1.jpg\",\"datePublished\":\"2022-10-17T06:07:39+00:00\",\"dateModified\":\"2023-11-01T14:13:50+00:00\",\"description\":\"Planta suspensa BUXO artificial com 75 cm de comprimento para decora\u00e7\u00e3o de interiores. Planta suspensa artificial altamente realista e livre de manuten\u00e7\u00e3o\",\"breadcrumb\":{\"@id\":\"https:\\\/\\\/decoplanta.com\\\/pt-pt\\\/plantas-suspensas\\\/planta-suspensa-buxo\\\/#breadcrumb\"},\"inLanguage\":\"pt-PT\",\"potentialAction\":[{\"@type\":\"ReadAction\",\"target\":[\"https:\\\/\\\/decoplanta.com\\\/pt-pt\\\/plantas-suspensas\\\/planta-suspensa-buxo\\\/\"]}]},{\"@type\":\"ImageObject\",\"inLanguage\":\"pt-PT\",\"@id\":\"https:\\\/\\\/decoplanta.com\\\/pt-pt\\\/plantas-suspensas\\\/planta-suspensa-buxo\\\/#primaryimage\",\"url\":\"https:\\\/\\\/decoplanta.com\\\/wp-content\\\/uploads\\\/2021\\\/03\\\/419272-Planta_Colgante-BOJ-1.jpg\",\"contentUrl\":\"https:\\\/\\\/decoplanta.com\\\/wp-content\\\/uploads\\\/2021\\\/03\\\/419272-Planta_Colgante-BOJ-1.jpg\",\"width\":2048,\"height\":2048,\"caption\":\"Planta suspensa BUXO artificial com 75 cm de comprimento e 6 ramos\"},{\"@type\":\"BreadcrumbList\",\"@id\":\"https:\\\/\\\/decoplanta.com\\\/pt-pt\\\/plantas-suspensas\\\/planta-suspensa-buxo\\\/#breadcrumb\",\"itemListElement\":[{\"@type\":\"ListItem\",\"position\":1,\"name\":\"Portada\",\"item\":\"https:\\\/\\\/decoplanta.com\\\/pt-pt\\\/\"},{\"@type\":\"ListItem\",\"position\":2,\"name\":\"Priv\u00e9\u00a0: Tienda\",\"item\":\"https:\\\/\\\/decoplanta.com\\\/?page_id=377\"},{\"@type\":\"ListItem\",\"position\":3,\"name\":\"Planta suspensa BUXO\"}]},{\"@type\":\"WebSite\",\"@id\":\"https:\\\/\\\/decoplanta.com\\\/pt-pt\\\/#website\",\"url\":\"https:\\\/\\\/decoplanta.com\\\/pt-pt\\\/\",\"name\":\"Plantas y \u00e1rboles artificiales de Alto Realismo\",\"description\":\"Proveedor de Plantas artificiales para estudios de Arquitectura, Interiorismo, Paisajismo, Escenograf\u00eda, Tiendas de Decoraci\u00f3n Florister\u00edas y Mobiliario\",\"publisher\":{\"@id\":\"https:\\\/\\\/decoplanta.com\\\/pt-pt\\\/#organization\"},\"potentialAction\":[{\"@type\":\"SearchAction\",\"target\":{\"@type\":\"EntryPoint\",\"urlTemplate\":\"https:\\\/\\\/decoplanta.com\\\/pt-pt\\\/?s={search_term_string}\"},\"query-input\":{\"@type\":\"PropertyValueSpecification\",\"valueRequired\":true,\"valueName\":\"search_term_string\"}}],\"inLanguage\":\"pt-PT\"},{\"@type\":\"Organization\",\"@id\":\"https:\\\/\\\/decoplanta.com\\\/pt-pt\\\/#organization\",\"name\":\"Plantas y \u00e1rboles artificiales de Alto Realismo\",\"url\":\"https:\\\/\\\/decoplanta.com\\\/pt-pt\\\/\",\"logo\":{\"@type\":\"ImageObject\",\"inLanguage\":\"pt-PT\",\"@id\":\"https:\\\/\\\/decoplanta.com\\\/pt-pt\\\/#\\\/schema\\\/logo\\\/image\\\/\",\"url\":\"https:\\\/\\\/decoplanta.com\\\/wp-content\\\/uploads\\\/2021\\\/02\\\/decoplanta-logo2020.svg\",\"contentUrl\":\"https:\\\/\\\/decoplanta.com\\\/wp-content\\\/uploads\\\/2021\\\/02\\\/decoplanta-logo2020.svg\",\"width\":500,\"height\":500,\"caption\":\"Plantas y \u00e1rboles artificiales de Alto Realismo\"},\"image\":{\"@id\":\"https:\\\/\\\/decoplanta.com\\\/pt-pt\\\/#\\\/schema\\\/logo\\\/image\\\/\"}}]}<\/script>\n<!-- \/ Yoast SEO plugin. -->","yoast_head_json":{"title":"Planta suspensa BUXO artificial - Alto Realismo em decora\u00e7\u00e3o","description":"Planta suspensa BUXO artificial com 75 cm de comprimento para decora\u00e7\u00e3o de interiores. Planta suspensa artificial altamente realista e livre de manuten\u00e7\u00e3o","robots":{"index":"index","follow":"follow","max-snippet":"max-snippet:-1","max-image-preview":"max-image-preview:large","max-video-preview":"max-video-preview:-1"},"canonical":"https:\/\/decoplanta.com\/pt-pt\/plantas-suspensas\/planta-suspensa-buxo\/","og_locale":"pt_PT","og_type":"article","og_title":"Planta suspensa BUXO artificial - Alto Realismo em decora\u00e7\u00e3o","og_description":"Planta suspensa BUXO artificial com 75 cm de comprimento para decora\u00e7\u00e3o de interiores. Planta suspensa artificial altamente realista e livre de manuten\u00e7\u00e3o","og_url":"https:\/\/decoplanta.com\/pt-pt\/plantas-suspensas\/planta-suspensa-buxo\/","og_site_name":"Plantas y \u00e1rboles artificiales de Alto Realismo","article_modified_time":"2023-11-01T14:13:50+00:00","og_image":[{"width":2048,"height":2048,"url":"https:\/\/decoplanta.com\/wp-content\/uploads\/2021\/03\/419272-Planta_Colgante-BOJ-1.jpg","type":"image\/jpeg"}],"twitter_card":"summary_large_image","twitter_misc":{"Tempo estimado de leitura":"2 minutos"},"schema":{"@context":"https:\/\/schema.org","@graph":[{"@type":"WebPage","@id":"https:\/\/decoplanta.com\/pt-pt\/plantas-suspensas\/planta-suspensa-buxo\/","url":"https:\/\/decoplanta.com\/pt-pt\/plantas-suspensas\/planta-suspensa-buxo\/","name":"Planta suspensa BUXO artificial - Alto Realismo em decora\u00e7\u00e3o","isPartOf":{"@id":"https:\/\/decoplanta.com\/pt-pt\/#website"},"primaryImageOfPage":{"@id":"https:\/\/decoplanta.com\/pt-pt\/plantas-suspensas\/planta-suspensa-buxo\/#primaryimage"},"image":{"@id":"https:\/\/decoplanta.com\/pt-pt\/plantas-suspensas\/planta-suspensa-buxo\/#primaryimage"},"thumbnailUrl":"https:\/\/decoplanta.com\/wp-content\/uploads\/2021\/03\/419272-Planta_Colgante-BOJ-1.jpg","datePublished":"2022-10-17T06:07:39+00:00","dateModified":"2023-11-01T14:13:50+00:00","description":"Planta suspensa BUXO artificial com 75 cm de comprimento para decora\u00e7\u00e3o de interiores. Planta suspensa artificial altamente realista e livre de manuten\u00e7\u00e3o","breadcrumb":{"@id":"https:\/\/decoplanta.com\/pt-pt\/plantas-suspensas\/planta-suspensa-buxo\/#breadcrumb"},"inLanguage":"pt-PT","potentialAction":[{"@type":"ReadAction","target":["https:\/\/decoplanta.com\/pt-pt\/plantas-suspensas\/planta-suspensa-buxo\/"]}]},{"@type":"ImageObject","inLanguage":"pt-PT","@id":"https:\/\/decoplanta.com\/pt-pt\/plantas-suspensas\/planta-suspensa-buxo\/#primaryimage","url":"https:\/\/decoplanta.com\/wp-content\/uploads\/2021\/03\/419272-Planta_Colgante-BOJ-1.jpg","contentUrl":"https:\/\/decoplanta.com\/wp-content\/uploads\/2021\/03\/419272-Planta_Colgante-BOJ-1.jpg","width":2048,"height":2048,"caption":"Planta suspensa BUXO artificial com 75 cm de comprimento e 6 ramos"},{"@type":"BreadcrumbList","@id":"https:\/\/decoplanta.com\/pt-pt\/plantas-suspensas\/planta-suspensa-buxo\/#breadcrumb","itemListElement":[{"@type":"ListItem","position":1,"name":"Portada","item":"https:\/\/decoplanta.com\/pt-pt\/"},{"@type":"ListItem","position":2,"name":"Priv\u00e9\u00a0: Tienda","item":"https:\/\/decoplanta.com\/?page_id=377"},{"@type":"ListItem","position":3,"name":"Planta suspensa BUXO"}]},{"@type":"WebSite","@id":"https:\/\/decoplanta.com\/pt-pt\/#website","url":"https:\/\/decoplanta.com\/pt-pt\/","name":"Plantas y \u00e1rboles artificiales de Alto Realismo","description":"Proveedor de Plantas artificiales para estudios de Arquitectura, Interiorismo, Paisajismo, Escenograf\u00eda, Tiendas de Decoraci\u00f3n Florister\u00edas y Mobiliario","publisher":{"@id":"https:\/\/decoplanta.com\/pt-pt\/#organization"},"potentialAction":[{"@type":"SearchAction","target":{"@type":"EntryPoint","urlTemplate":"https:\/\/decoplanta.com\/pt-pt\/?s={search_term_string}"},"query-input":{"@type":"PropertyValueSpecification","valueRequired":true,"valueName":"search_term_string"}}],"inLanguage":"pt-PT"},{"@type":"Organization","@id":"https:\/\/decoplanta.com\/pt-pt\/#organization","name":"Plantas y \u00e1rboles artificiales de Alto Realismo","url":"https:\/\/decoplanta.com\/pt-pt\/","logo":{"@type":"ImageObject","inLanguage":"pt-PT","@id":"https:\/\/decoplanta.com\/pt-pt\/#\/schema\/logo\/image\/","url":"https:\/\/decoplanta.com\/wp-content\/uploads\/2021\/02\/decoplanta-logo2020.svg","contentUrl":"https:\/\/decoplanta.com\/wp-content\/uploads\/2021\/02\/decoplanta-logo2020.svg","width":500,"height":500,"caption":"Plantas y \u00e1rboles artificiales de Alto Realismo"},"image":{"@id":"https:\/\/decoplanta.com\/pt-pt\/#\/schema\/logo\/image\/"}}]}},"_links":{"self":[{"href":"https:\/\/decoplanta.com\/pt-pt\/wp-json\/wp\/v2\/product\/5173","targetHints":{"allow":["GET"]}}],"collection":[{"href":"https:\/\/decoplanta.com\/pt-pt\/wp-json\/wp\/v2\/product"}],"about":[{"href":"https:\/\/decoplanta.com\/pt-pt\/wp-json\/wp\/v2\/types\/product"}],"version-history":[{"count":0,"href":"https:\/\/decoplanta.com\/pt-pt\/wp-json\/wp\/v2\/product\/5173\/revisions"}],"wp:featuredmedia":[{"embeddable":true,"href":"https:\/\/decoplanta.com\/pt-pt\/wp-json\/wp\/v2\/media\/4529"}],"wp:attachment":[{"href":"https:\/\/decoplanta.com\/pt-pt\/wp-json\/wp\/v2\/media?parent=5173"}],"wp:term":[{"taxonomy":"product_brand","embeddable":true,"href":"https:\/\/decoplanta.com\/pt-pt\/wp-json\/wp\/v2\/product_brand?post=5173"},{"taxonomy":"product_cat","embeddable":true,"href":"https:\/\/decoplanta.com\/pt-pt\/wp-json\/wp\/v2\/product_cat?post=5173"},{"taxonomy":"product_tag","embeddable":true,"href":"https:\/\/decoplanta.com\/pt-pt\/wp-json\/wp\/v2\/product_tag?post=5173"}],"curies":[{"name":"wp","href":"https:\/\/api.w.org\/{rel}","templated":true}]}}